{"id":4208,"date":"2025-09-19T22:38:44","date_gmt":"2025-09-19T20:38:44","guid":{"rendered":"https:\/\/kabinam.lt\/product\/vaivorykste-2\/"},"modified":"2026-01-19T02:01:00","modified_gmt":"2026-01-19T00:01:00","slug":"vikerkaar-pilve-varviline-noopnoel","status":"publish","type":"product","link":"https:\/\/kabinam.lt\/et\/product\/vaivorykste-su-debeseliu-spalvingas-pin\/","title":{"rendered":"Stiil Seg\u0117 | Vikerkaar valge pilvega \u2013 \u201eVikerkaarelootus\u201d"},"content":{"rendered":"<div class=\"kk-star-ratings kksr-auto kksr-align-left kksr-valign-top\"\n    data-payload='{&quot;align&quot;:&quot;left&quot;,&quot;id&quot;:&quot;4208&quot;,&quot;slug&quot;:&quot;default&quot;,&quot;valign&quot;:&quot;top&quot;,&quot;ignore&quot;:&quot;&quot;,&quot;reference&quot;:&quot;auto&quot;,&quot;class&quot;:&quot;&quot;,&quot;count&quot;:&quot;0&quot;,&quot;legendonly&quot;:&quot;&quot;,&quot;readonly&quot;:&quot;&quot;,&quot;score&quot;:&quot;0&quot;,&quot;starsonly&quot;:&quot;&quot;,&quot;best&quot;:&quot;5&quot;,&quot;gap&quot;:&quot;5&quot;,&quot;greet&quot;:&quot;Mums svarbus j\u016bs\u0173 \u012fvertinimas&quot;,&quot;legend&quot;:&quot;0\\\/5 - (0 votes)&quot;,&quot;size&quot;:&quot;24&quot;,&quot;title&quot;:&quot;Stiliaus Seg\u0117 | Vaivoryk\u0161t\u0117 su Baltu Debes\u0117liu \u2013 \\u0026quot;Rainbow Hope\\u0026quot;&quot;,&quot;width&quot;:&quot;0&quot;,&quot;_legend&quot;:&quot;{score}\\\/{best} - ({count} {votes})&quot;,&quot;font_factor&quot;:&quot;1.25&quot;}'>\n            \n<div class=\"kksr-stars\">\n    \n<div class=\"kksr-stars-inactive\">\n            <div class=\"kksr-star\" data-star=\"1\" style=\"padding-right: 5px\">\n            \n\n<div class=\"kksr-icon\" style=\"width: 24px; height: 24px;\"><\/div>\n        <\/div>\n            <div class=\"kksr-star\" data-star=\"2\" style=\"padding-right: 5px\">\n            \n\n<div class=\"kksr-icon\" style=\"width: 24px; height: 24px;\"><\/div>\n        <\/div>\n            <div class=\"kksr-star\" data-star=\"3\" style=\"padding-right: 5px\">\n            \n\n<div class=\"kksr-icon\" style=\"width: 24px; height: 24px;\"><\/div>\n        <\/div>\n            <div class=\"kksr-star\" data-star=\"4\" style=\"padding-right: 5px\">\n            \n\n<div class=\"kksr-icon\" style=\"width: 24px; height: 24px;\"><\/div>\n        <\/div>\n            <div class=\"kksr-star\" data-star=\"5\" style=\"padding-right: 5px\">\n            \n\n<div class=\"kksr-icon\" style=\"width: 24px; height: 24px;\"><\/div>\n        <\/div>\n    <\/div>\n    \n<div class=\"kksr-stars-active\" style=\"width: 0px;\">\n            <div class=\"kksr-star\" style=\"padding-right: 5px\">\n            \n\n<div class=\"kksr-icon\" style=\"width: 24px; height: 24px;\"><\/div>\n        <\/div>\n            <div class=\"kksr-star\" style=\"padding-right: 5px\">\n            \n\n<div class=\"kksr-icon\" style=\"width: 24px; height: 24px;\"><\/div>\n        <\/div>\n            <div class=\"kksr-star\" style=\"padding-right: 5px\">\n            \n\n<div class=\"kksr-icon\" style=\"width: 24px; height: 24px;\"><\/div>\n        <\/div>\n            <div class=\"kksr-star\" style=\"padding-right: 5px\">\n            \n\n<div class=\"kksr-icon\" style=\"width: 24px; height: 24px;\"><\/div>\n        <\/div>\n            <div class=\"kksr-star\" style=\"padding-right: 5px\">\n            \n\n<div class=\"kksr-icon\" style=\"width: 24px; height: 24px;\"><\/div>\n        <\/div>\n    <\/div>\n<\/div>\n                \n\n<div class=\"kksr-legend\" style=\"font-size: 19.2px;\">\n            <span class=\"kksr-muted\">Teie hinnang on meile oluline<\/span>\n    <\/div>\n    <\/div>\n<h1 data-path-to-node=\"13\">V\u00e4rvide maagia: Vikerkaar pilvedega \u2013 Sinu p\u00e4eva naeratus<\/h1>\n<p data-path-to-node=\"14\">See <b data-path-to-node=\"14\" data-index-in-node=\"3\">vikerkaar-emali pross<\/b> on t\u00f5eline optimismi ja unistuste s\u00fcmbol! See on ideaalne <b data-path-to-node=\"14\" data-index-in-node=\"83\">lisaseadmed<\/b> neile, kes naudivad <b data-path-to-node=\"14\" data-index-in-node=\"114\">m\u00e4nguline stiil<\/b>, hindab erksaid v\u00e4rve ja soovib oma riietusele positiivset energiat anda. M\u00e4rgil on kujutatud klassikaline vikerkaar, mis kerkib valgest, puhtast pilvest. See ei ole ainult <b data-path-to-node=\"14\" data-index-in-node=\"301\">emailitud pross<\/b> \u2013 v\u00e4ike meeldetuletus, et p\u00e4rast vihma paistab alati p\u00e4ike. Kui otsite aksenti, mis saab teie stiili \u201e\u00f5nnetoovaks talismaniks\u201c, siis see <b data-path-to-node=\"14\" data-index-in-node=\"450\">vikerkaar<\/b> on ideaalne valik.<\/p>\n<h2 data-path-to-node=\"15\">Ere palett ja elegantne kuldne kontuur<\/h2>\n<p data-path-to-node=\"16\">Vt <b data-path-to-node=\"16\" data-index-in-node=\"4\">emailipinss<\/b> Disain on rikkalike v\u00e4rvide ja harmoonilise paigutusega. Iga riba on kaetud k\u00f5rgeima kvaliteediga emailiga, v\u00e4rvid ulatuvad ereda roosast salap\u00e4rase lillani. Kuldset tooni metallraam lisab aksessuaarile luksusliku puudutuse ja tagab, et see j\u00e4\u00e4b n\u00e4htavaks isegi v\u00e4rvilistel kangastel. See <b data-path-to-node=\"16\" data-index-in-node=\"329\">vikerkaarekinnitus<\/b> Sobib ideaalselt suvekleitidele, teksajakidele v\u00f5i isegi v\u00e4rvilistele seljakottidele.<\/p>\n<ul data-path-to-node=\"17\">\n<li>\n<p data-path-to-node=\"17,0,0\"><b data-path-to-node=\"17,0,0\" data-index-in-node=\"0\">Stiil:<\/b> Ideaalne <i data-path-to-node=\"17,0,0\" data-index-in-node=\"23\">v\u00e4rvikas<\/i>, <i data-path-to-node=\"17,0,0\" data-index-in-node=\"33\">popkunst<\/i>, <i data-path-to-node=\"17,0,0\" data-index-in-node=\"42\">unistav<\/i> ja <b data-path-to-node=\"17,0,0\" data-index-in-node=\"52\">positiivne<\/b> stiili f\u00e4nnidele.<\/p>\n<\/li>\n<li>\n<p data-path-to-node=\"17,1,0\"><b data-path-to-node=\"17,1,0\" data-index-in-node=\"0\">Kvaliteet:<\/b> Meie <b data-path-to-node=\"17,1,0\" data-index-in-node=\"13\">emailitud prossid<\/b> valmistatud k\u00f5vast emailist, mis tagab erakordselt sileda pinna ja p\u00fcsivad v\u00e4rvid. Kuldne metallalus on tugev ja usaldusv\u00e4\u00e4rne, nii et saate oma prossi iga p\u00e4ev nautida. See <b data-path-to-node=\"17,1,0\" data-index-in-node=\"208\">kvaliteetne tihvt<\/b>, loodud r\u00f5\u00f5mu levitamiseks. Rohkem ideid stiilse kombinatsioonide jaoks leiate <a class=\"ng-star-inserted\" href=\"https:\/\/www.pinnpatch.lt\" target=\"_blank\" rel=\"noopener\" data-hveid=\"0\" data-ved=\"0CAAQ_4QMahgKEwi5pqKb08yRAxUAAAAAHQAAAAAQ-QM\">pinnpatch.lt<\/a>.<\/p>\n<\/li>\n<\/ul>\n<h2 data-path-to-node=\"18\">Kingitus, mis t\u00f5stab tuju<\/h2>\n<p data-path-to-node=\"19\"><b data-path-to-node=\"19\" data-index-in-node=\"0\">Vikerkaar pilve klambriga<\/b> on h\u00e4mmastav <b data-path-to-node=\"19\" data-index-in-node=\"47\">kingiidee<\/b> s\u00f5ber, kes vajab tuge, unistaja \u00f5de v\u00f5i laps, kes armastab v\u00e4rvide maailma. See on s\u00fcmboolne kingitus, mis tuletab alati meelde helgeid hetki. See aksessuaar sobib ideaalselt:<\/p>\n<ul data-path-to-node=\"20\">\n<li>\n<p data-path-to-node=\"20,0,0\"><b data-path-to-node=\"20,0,0\" data-index-in-node=\"0\">Kooli- v\u00f5i vaba aja seljakott:<\/b> See annab sellele isikup\u00e4rase ja m\u00e4ngulise tunde.<\/p>\n<\/li>\n<li>\n<p data-path-to-node=\"20,1,0\"><b data-path-to-node=\"20,1,0\" data-index-in-node=\"0\">S\u00e4rgi krae v\u00f5i d\u017eemper:<\/b> Muudab igap\u00e4evased riided millekski eriliseks.<\/p>\n<\/li>\n<\/ul>\n<p data-path-to-node=\"21\">Vaata meie t\u00e4ielikku <a class=\"ng-star-inserted\" href=\"https:\/\/kabinam.lt\/et\/tootekategooria\/rinnamargid-pins\/\" target=\"_blank\" rel=\"noopener\" data-hveid=\"0\" data-ved=\"0CAAQ_4QMahgKEwi5pqKb08yRAxUAAAAAHQAAAAAQ-gM\">valik v\u00e4rvikaid ja r\u00f5\u00f5msameelseid emaili-n\u00f5elakesi<\/a> ja leia oma isiklik vikerkaar.<\/p>\n<p data-path-to-node=\"22\"><b data-path-to-node=\"22\" data-index-in-node=\"0\">Lisa oma v\u00e4limusele veidi v\u00e4rvi!<\/b> Broneeri see <b data-path-to-node=\"22\" data-index-in-node=\"51\">vikerkaarekinnitus<\/b> n\u00fc\u00fcd.<\/p>","protected":false},"excerpt":{"rendered":"<p><b data-path-to-node=\"4,3,1,0\" data-index-in-node=\"0\">V\u00e4rvikas<\/b> ja <b data-path-to-node=\"4,3,1,0\" data-index-in-node=\"14\">positiivne<\/b> Emalikinnitus. Viis v\u00e4rvi. <b data-path-to-node=\"4,3,1,0\" data-index-in-node=\"53\">vikerkaar<\/b> kohevaga <b data-path-to-node=\"4,3,1,0\" data-index-in-node=\"74\">valge pilv<\/b> ja luksuslik <b data-path-to-node=\"4,3,1,0\" data-index-in-node=\"103\">kuldne kontuur<\/b> - t\u00e4iuslik <b data-path-to-node=\"4,3,1,0\" data-index-in-node=\"130\">lisaseadmed<\/b> Meeleolu t\u00f5stmiseks, unistajatele ja neile, kes hindavad elavaid detaile.<\/p>","protected":false},"featured_media":4207,"comment_status":"open","ping_status":"closed","template":"","meta":{"_uag_custom_page_level_css":"","site-sidebar-layout":"default","site-content-layout":"","ast-site-content-layout":"default","site-content-style":"default","site-sidebar-style":"default","ast-global-header-display":"","ast-banner-title-visibility":"","ast-main-header-display":"","ast-hfb-above-header-display":"","ast-hfb-below-header-display":"","ast-hfb-mobile-header-display":"","site-post-title":"","ast-breadcrumbs-content":"","ast-featured-img":"","footer-sml-layout":"","ast-disable-related-posts":"","theme-transparent-header-meta":"default","adv-header-id-meta":"","stick-header-meta":"","header-above-stick-meta":"","header-main-stick-meta":"","header-below-stick-meta":"","astra-migrate-meta-layouts":"set","ast-page-background-enabled":"default","ast-page-background-meta":{"desktop":{"background-color":"var(--ast-global-color-4)","background-image":"","background-repeat":"repeat","background-position":"center center","background-size":"auto","background-attachment":"scroll","background-type":"","background-media":"","overlay-type":"","overlay-color":"","overlay-opacity":"","overlay-gradient":""},"tablet":{"background-color":"","background-image":"","background-repeat":"repeat","background-position":"center center","background-size":"auto","background-attachment":"scroll","background-type":"","background-media":"","overlay-type":"","overlay-color":"","overlay-opacity":"","overlay-gradient":""},"mobile":{"background-color":"","background-image":"","background-repeat":"repeat","background-position":"center center","background-size":"auto","background-attachment":"scroll","background-type":"","background-media":"","overlay-type":"","overlay-color":"","overlay-opacity":"","overlay-gradient":""}},"ast-content-background-meta":{"desktop":{"background-color":"var(--ast-global-color-5)","background-image":"","background-repeat":"repeat","background-position":"center center","background-size":"auto","background-attachment":"scroll","background-type":"","background-media":"","overlay-type":"","overlay-color":"","overlay-opacity":"","overlay-gradient":""},"tablet":{"background-color":"var(--ast-global-color-5)","background-image":"","background-repeat":"repeat","background-position":"center center","background-size":"auto","background-attachment":"scroll","background-type":"","background-media":"","overlay-type":"","overlay-color":"","overlay-opacity":"","overlay-gradient":""},"mobile":{"background-color":"var(--ast-global-color-5)","background-image":"","background-repeat":"repeat","background-position":"center center","background-size":"auto","background-attachment":"scroll","background-type":"","background-media":"","overlay-type":"","overlay-color":"","overlay-opacity":"","overlay-gradient":""}}},"product_brand":[],"product_cat":[126,119],"product_tag":[],"class_list":{"0":"post-4208","1":"product","2":"type-product","3":"status-publish","4":"has-post-thumbnail","6":"product_cat-visi","7":"product_cat-smeigtukai-pins","8":"desktop-align-center","9":"tablet-align-left","10":"mobile-align-left","12":"first","13":"instock","14":"purchasable","15":"product-type-simple"},"yoast_head":"<!-- This site is optimized with the Yoast SEO plugin v27.1.1 - https:\/\/yoast.com\/product\/yoast-seo-wordpress\/ -->\n<title>Stiliaus Seg\u0117 | Vaivoryk\u0161t\u0117 su Baltu Debes\u0117liu \u2013 &quot;Rainbow Hope&quot;<\/title>\n<meta name=\"description\" content=\"Prid\u0117kite spalv\u0173 savo dienai! \u0160is vaivoryk\u0161t\u0117s su debes\u0117liu segtukas yra ry\u0161kus, kokybi\u0161kas ir stilingas aksesuaras, simbolizuojantis vilt\u012f ir d\u017eiaugsm\u0105.\" \/>\n<meta name=\"robots\" content=\"index, follow, max-snippet:-1, max-image-preview:large, max-video-preview:-1\" \/>\n<link rel=\"canonical\" href=\"https:\/\/kabinam.lt\/et\/toode\/vikerkaar-pilve-varviline-noopnoel\/\" \/>\n<meta property=\"og:locale\" content=\"et_EE\" \/>\n<meta property=\"og:type\" content=\"article\" \/>\n<meta property=\"og:title\" content=\"Stiliaus Seg\u0117 | Vaivoryk\u0161t\u0117 su Baltu Debes\u0117liu \u2013 &quot;Rainbow Hope&quot;\" \/>\n<meta property=\"og:description\" content=\"Prid\u0117kite spalv\u0173 savo dienai! \u0160is vaivoryk\u0161t\u0117s su debes\u0117liu segtukas yra ry\u0161kus, kokybi\u0161kas ir stilingas aksesuaras, simbolizuojantis vilt\u012f ir d\u017eiaugsm\u0105.\" \/>\n<meta property=\"og:url\" content=\"https:\/\/kabinam.lt\/et\/toode\/vikerkaar-pilve-varviline-noopnoel\/\" \/>\n<meta property=\"og:site_name\" content=\"kabinam.lt\" \/>\n<meta property=\"article:modified_time\" content=\"2026-01-19T00:01:00+00:00\" \/>\n<meta property=\"og:image\" content=\"https:\/\/kabinam.lt\/wp-content\/uploads\/2025\/09\/1000077563.jpg\" \/>\n\t<meta property=\"og:image:width\" content=\"557\" \/>\n\t<meta property=\"og:image:height\" content=\"550\" \/>\n\t<meta property=\"og:image:type\" content=\"image\/jpeg\" \/>\n<meta name=\"twitter:card\" content=\"summary_large_image\" \/>\n<meta name=\"twitter:label1\" content=\"Est. reading time\" \/>\n\t<meta name=\"twitter:data1\" content=\"2 minutit\" \/>\n<script type=\"application\/ld+json\" class=\"yoast-schema-graph\">{\"@context\":\"https:\/\/schema.org\",\"@graph\":[{\"@type\":[\"WebPage\",\"ItemPage\"],\"@id\":\"https:\/\/kabinam.lt\/eng\/product\/rainbow-with-cloud-colourful-pin\/\",\"url\":\"https:\/\/kabinam.lt\/eng\/product\/rainbow-with-cloud-colourful-pin\/\",\"name\":\"Stiliaus Seg\u0117 | Vaivoryk\u0161t\u0117 su Baltu Debes\u0117liu \u2013 \\\"Rainbow Hope\\\"\",\"isPartOf\":{\"@id\":\"https:\/\/kabinam.lt\/#website\"},\"primaryImageOfPage\":{\"@id\":\"https:\/\/kabinam.lt\/eng\/product\/rainbow-with-cloud-colourful-pin\/#primaryimage\"},\"image\":{\"@id\":\"https:\/\/kabinam.lt\/eng\/product\/rainbow-with-cloud-colourful-pin\/#primaryimage\"},\"thumbnailUrl\":\"https:\/\/kabinam.lt\/wp-content\/uploads\/2025\/09\/1000077563.jpg\",\"datePublished\":\"2025-09-19T20:38:44+00:00\",\"dateModified\":\"2026-01-19T00:01:00+00:00\",\"description\":\"Prid\u0117kite spalv\u0173 savo dienai! \u0160is vaivoryk\u0161t\u0117s su debes\u0117liu segtukas yra ry\u0161kus, kokybi\u0161kas ir stilingas aksesuaras, simbolizuojantis vilt\u012f ir d\u017eiaugsm\u0105.\",\"breadcrumb\":{\"@id\":\"https:\/\/kabinam.lt\/eng\/product\/rainbow-with-cloud-colourful-pin\/#breadcrumb\"},\"inLanguage\":\"et\",\"potentialAction\":[{\"@type\":\"ReadAction\",\"target\":[\"https:\/\/kabinam.lt\/eng\/product\/rainbow-with-cloud-colourful-pin\/\"]}]},{\"@type\":\"ImageObject\",\"inLanguage\":\"et\",\"@id\":\"https:\/\/kabinam.lt\/eng\/product\/rainbow-with-cloud-colourful-pin\/#primaryimage\",\"url\":\"https:\/\/kabinam.lt\/wp-content\/uploads\/2025\/09\/1000077563.jpg\",\"contentUrl\":\"https:\/\/kabinam.lt\/wp-content\/uploads\/2025\/09\/1000077563.jpg\",\"width\":557,\"height\":550,\"caption\":\"Spalvingos Vaivoryk\u0161t\u0117s ir Debes\u0117lio Emalio Segtukas\"},{\"@type\":\"BreadcrumbList\",\"@id\":\"https:\/\/kabinam.lt\/eng\/product\/rainbow-with-cloud-colourful-pin\/#breadcrumb\",\"itemListElement\":[{\"@type\":\"ListItem\",\"position\":1,\"name\":\"Home\",\"item\":\"https:\/\/kabinam.lt\/\"},{\"@type\":\"ListItem\",\"position\":2,\"name\":\"Visi Produktai\",\"item\":\"https:\/\/kabinam.lt\/visi-produktai\/\"},{\"@type\":\"ListItem\",\"position\":3,\"name\":\"Stiliaus Seg\u0117 | Vaivoryk\u0161t\u0117 su Baltu Debes\u0117liu \u2013 &#8222;Rainbow Hope&#8221;\"}]},{\"@type\":\"WebSite\",\"@id\":\"https:\/\/kabinam.lt\/#website\",\"url\":\"https:\/\/kabinam.lt\/\",\"name\":\"kabinam.lt\",\"description\":\"Kabinam.lt \u2013 raktu pakabukai ir aksesuarai\",\"publisher\":{\"@id\":\"https:\/\/kabinam.lt\/#organization\"},\"alternateName\":\"pakabukai lt\",\"potentialAction\":[{\"@type\":\"SearchAction\",\"target\":{\"@type\":\"EntryPoint\",\"urlTemplate\":\"https:\/\/kabinam.lt\/?s={search_term_string}\"},\"query-input\":{\"@type\":\"PropertyValueSpecification\",\"valueRequired\":true,\"valueName\":\"search_term_string\"}}],\"inLanguage\":\"et\"},{\"@type\":\"Organization\",\"@id\":\"https:\/\/kabinam.lt\/#organization\",\"name\":\"kabinam.lt\",\"alternateName\":\"kabinam\",\"url\":\"https:\/\/kabinam.lt\/\",\"logo\":{\"@type\":\"ImageObject\",\"inLanguage\":\"et\",\"@id\":\"https:\/\/kabinam.lt\/#\/schema\/logo\/image\/\",\"url\":\"https:\/\/kabinam.lt\/wp-content\/uploads\/2025\/05\/KABINAM_outer_glow.png\",\"contentUrl\":\"https:\/\/kabinam.lt\/wp-content\/uploads\/2025\/05\/KABINAM_outer_glow.png\",\"width\":474,\"height\":141,\"caption\":\"kabinam.lt\"},\"image\":{\"@id\":\"https:\/\/kabinam.lt\/#\/schema\/logo\/image\/\"}}]}<\/script>\n<!-- \/ Yoast SEO plugin. -->","yoast_head_json":{"title":"Stiil Seg\u0117 | Vikerkaar valge pilvega \u2013 \"Vikerkaarelootus\"","description":"Lisage oma p\u00e4evale veidi v\u00e4rvi! See vikerkaar ja pilv bro\u0161\u0161 on ere, kvaliteetne ja stiilne aksessuaar, mis s\u00fcmboliseerib lootust ja r\u00f5\u00f5mu.","robots":{"index":"index","follow":"follow","max-snippet":"max-snippet:-1","max-image-preview":"max-image-preview:large","max-video-preview":"max-video-preview:-1"},"canonical":"https:\/\/kabinam.lt\/et\/toode\/vikerkaar-pilve-varviline-noopnoel\/","og_locale":"et_EE","og_type":"article","og_title":"Stiliaus Seg\u0117 | Vaivoryk\u0161t\u0117 su Baltu Debes\u0117liu \u2013 \"Rainbow Hope\"","og_description":"Prid\u0117kite spalv\u0173 savo dienai! \u0160is vaivoryk\u0161t\u0117s su debes\u0117liu segtukas yra ry\u0161kus, kokybi\u0161kas ir stilingas aksesuaras, simbolizuojantis vilt\u012f ir d\u017eiaugsm\u0105.","og_url":"https:\/\/kabinam.lt\/et\/toode\/vikerkaar-pilve-varviline-noopnoel\/","og_site_name":"kabinam.lt","article_modified_time":"2026-01-19T00:01:00+00:00","og_image":[{"width":557,"height":550,"url":"https:\/\/kabinam.lt\/wp-content\/uploads\/2025\/09\/1000077563.jpg","type":"image\/jpeg"}],"twitter_card":"summary_large_image","twitter_misc":{"Est. reading time":"2 minutit"},"schema":{"@context":"https:\/\/schema.org","@graph":[{"@type":["WebPage","ItemPage"],"@id":"https:\/\/kabinam.lt\/eng\/product\/rainbow-with-cloud-colourful-pin\/","url":"https:\/\/kabinam.lt\/eng\/product\/rainbow-with-cloud-colourful-pin\/","name":"Stiil Seg\u0117 | Vikerkaar valge pilvega \u2013 \"Vikerkaarelootus\"","isPartOf":{"@id":"https:\/\/kabinam.lt\/#website"},"primaryImageOfPage":{"@id":"https:\/\/kabinam.lt\/eng\/product\/rainbow-with-cloud-colourful-pin\/#primaryimage"},"image":{"@id":"https:\/\/kabinam.lt\/eng\/product\/rainbow-with-cloud-colourful-pin\/#primaryimage"},"thumbnailUrl":"https:\/\/kabinam.lt\/wp-content\/uploads\/2025\/09\/1000077563.jpg","datePublished":"2025-09-19T20:38:44+00:00","dateModified":"2026-01-19T00:01:00+00:00","description":"Lisage oma p\u00e4evale veidi v\u00e4rvi! See vikerkaar ja pilv bro\u0161\u0161 on ere, kvaliteetne ja stiilne aksessuaar, mis s\u00fcmboliseerib lootust ja r\u00f5\u00f5mu.","breadcrumb":{"@id":"https:\/\/kabinam.lt\/eng\/product\/rainbow-with-cloud-colourful-pin\/#breadcrumb"},"inLanguage":"et","potentialAction":[{"@type":"ReadAction","target":["https:\/\/kabinam.lt\/eng\/product\/rainbow-with-cloud-colourful-pin\/"]}]},{"@type":"ImageObject","inLanguage":"et","@id":"https:\/\/kabinam.lt\/eng\/product\/rainbow-with-cloud-colourful-pin\/#primaryimage","url":"https:\/\/kabinam.lt\/wp-content\/uploads\/2025\/09\/1000077563.jpg","contentUrl":"https:\/\/kabinam.lt\/wp-content\/uploads\/2025\/09\/1000077563.jpg","width":557,"height":550,"caption":"Spalvingos Vaivoryk\u0161t\u0117s ir Debes\u0117lio Emalio Segtukas"},{"@type":"BreadcrumbList","@id":"https:\/\/kabinam.lt\/eng\/product\/rainbow-with-cloud-colourful-pin\/#breadcrumb","itemListElement":[{"@type":"ListItem","position":1,"name":"Home","item":"https:\/\/kabinam.lt\/"},{"@type":"ListItem","position":2,"name":"Visi Produktai","item":"https:\/\/kabinam.lt\/visi-produktai\/"},{"@type":"ListItem","position":3,"name":"Stiliaus Seg\u0117 | Vaivoryk\u0161t\u0117 su Baltu Debes\u0117liu \u2013 &#8222;Rainbow Hope&#8221;"}]},{"@type":"WebSite","@id":"https:\/\/kabinam.lt\/#website","url":"https:\/\/kabinam.lt\/","name":"kabinam.lt","description":"Kabinam.lt - v\u00f5tmehoidjad ja aksessuaarid","publisher":{"@id":"https:\/\/kabinam.lt\/#organization"},"alternateName":"pakabukai lt","potentialAction":[{"@type":"SearchAction","target":{"@type":"EntryPoint","urlTemplate":"https:\/\/kabinam.lt\/?s={search_term_string}"},"query-input":{"@type":"PropertyValueSpecification","valueRequired":true,"valueName":"search_term_string"}}],"inLanguage":"et"},{"@type":"Organization","@id":"https:\/\/kabinam.lt\/#organization","name":"kabinam.lt","alternateName":"kabinam","url":"https:\/\/kabinam.lt\/","logo":{"@type":"ImageObject","inLanguage":"et","@id":"https:\/\/kabinam.lt\/#\/schema\/logo\/image\/","url":"https:\/\/kabinam.lt\/wp-content\/uploads\/2025\/05\/KABINAM_outer_glow.png","contentUrl":"https:\/\/kabinam.lt\/wp-content\/uploads\/2025\/05\/KABINAM_outer_glow.png","width":474,"height":141,"caption":"kabinam.lt"},"image":{"@id":"https:\/\/kabinam.lt\/#\/schema\/logo\/image\/"}}]}},"uagb_featured_image_src":{"full":["https:\/\/kabinam.lt\/wp-content\/uploads\/2025\/09\/1000077563.jpg",557,550,false],"thumbnail":["https:\/\/kabinam.lt\/wp-content\/uploads\/2025\/09\/1000077563-150x150.jpg",150,150,true],"medium":["https:\/\/kabinam.lt\/wp-content\/uploads\/2025\/09\/1000077563-300x296.jpg",300,296,true],"medium_large":["https:\/\/kabinam.lt\/wp-content\/uploads\/2025\/09\/1000077563.jpg",557,550,false],"large":["https:\/\/kabinam.lt\/wp-content\/uploads\/2025\/09\/1000077563.jpg",557,550,false],"1536x1536":["https:\/\/kabinam.lt\/wp-content\/uploads\/2025\/09\/1000077563.jpg",557,550,false],"2048x2048":["https:\/\/kabinam.lt\/wp-content\/uploads\/2025\/09\/1000077563.jpg",557,550,false],"trp-custom-language-flag":["https:\/\/kabinam.lt\/wp-content\/uploads\/2025\/09\/1000077563-12x12.jpg",12,12,true],"woocommerce_thumbnail":["https:\/\/kabinam.lt\/wp-content\/uploads\/2025\/09\/1000077563-300x300.jpg",300,300,true],"woocommerce_single":["https:\/\/kabinam.lt\/wp-content\/uploads\/2025\/09\/1000077563.jpg",557,550,false],"woocommerce_gallery_thumbnail":["https:\/\/kabinam.lt\/wp-content\/uploads\/2025\/09\/1000077563-100x100.jpg",100,100,true]},"uagb_author_info":{"display_name":"kabinam.lt","author_link":"https:\/\/kabinam.lt\/et\/author\/"},"uagb_comment_info":0,"uagb_excerpt":"Spalvingas ir pozityvus emalio pin'as. Penki\u0173 spalv\u0173 vaivoryk\u0161t\u0117 su puriu baltu debes\u0117liu ir prabangiu auksiniu kont\u016bru \u2013 tobulas aksesuaras nuotaikai pakelti, svajotojams ir tiems, kurie vertina ry\u0161kias detales.","_links":{"self":[{"href":"https:\/\/kabinam.lt\/et\/wp-json\/wp\/v2\/product\/4208","targetHints":{"allow":["GET"]}}],"collection":[{"href":"https:\/\/kabinam.lt\/et\/wp-json\/wp\/v2\/product"}],"about":[{"href":"https:\/\/kabinam.lt\/et\/wp-json\/wp\/v2\/types\/product"}],"replies":[{"embeddable":true,"href":"https:\/\/kabinam.lt\/et\/wp-json\/wp\/v2\/comments?post=4208"}],"wp:featuredmedia":[{"embeddable":true,"href":"https:\/\/kabinam.lt\/et\/wp-json\/wp\/v2\/media\/4207"}],"wp:attachment":[{"href":"https:\/\/kabinam.lt\/et\/wp-json\/wp\/v2\/media?parent=4208"}],"wp:term":[{"taxonomy":"product_brand","embeddable":true,"href":"https:\/\/kabinam.lt\/et\/wp-json\/wp\/v2\/product_brand?post=4208"},{"taxonomy":"product_cat","embeddable":true,"href":"https:\/\/kabinam.lt\/et\/wp-json\/wp\/v2\/product_cat?post=4208"},{"taxonomy":"product_tag","embeddable":true,"href":"https:\/\/kabinam.lt\/et\/wp-json\/wp\/v2\/product_tag?post=4208"}],"curies":[{"name":"wp","href":"https:\/\/api.w.org\/{rel}","templated":true}]}}