{"id":4205,"date":"2025-09-19T22:35:54","date_gmt":"2025-09-19T20:35:54","guid":{"rendered":"https:\/\/kabinam.lt\/product\/vienaragis\/"},"modified":"2026-01-19T01:31:29","modified_gmt":"2026-01-18T23:31:29","slug":"piksli-ukssarvik-retro-piksli-kunsti-pin","status":"publish","type":"product","link":"https:\/\/kabinam.lt\/et\/product\/pikseliu-vienaragis-retro-pixel-art-pin\/","title":{"rendered":"Animal Blanket | Pixel Unicorn - Retro Pixel Email pross"},"content":{"rendered":"<div class=\"kk-star-ratings kksr-auto kksr-align-left kksr-valign-top\"\n    data-payload='{&quot;align&quot;:&quot;left&quot;,&quot;id&quot;:&quot;4205&quot;,&quot;slug&quot;:&quot;default&quot;,&quot;valign&quot;:&quot;top&quot;,&quot;ignore&quot;:&quot;&quot;,&quot;reference&quot;:&quot;auto&quot;,&quot;class&quot;:&quot;&quot;,&quot;count&quot;:&quot;0&quot;,&quot;legendonly&quot;:&quot;&quot;,&quot;readonly&quot;:&quot;&quot;,&quot;score&quot;:&quot;0&quot;,&quot;starsonly&quot;:&quot;&quot;,&quot;best&quot;:&quot;5&quot;,&quot;gap&quot;:&quot;5&quot;,&quot;greet&quot;:&quot;Mums svarbus j\u016bs\u0173 \u012fvertinimas&quot;,&quot;legend&quot;:&quot;0\\\/5 - (0 votes)&quot;,&quot;size&quot;:&quot;24&quot;,&quot;title&quot;:&quot;Gyv\u016bn\u0173 Seg\u0117 | Pikseli\u0173 Vienaragis \u2013 \\u0026quot;Retro Pixel\\u0026quot; Emalio Bro\u0161ka&quot;,&quot;width&quot;:&quot;0&quot;,&quot;_legend&quot;:&quot;{score}\\\/{best} - ({count} {votes})&quot;,&quot;font_factor&quot;:&quot;1.25&quot;}'>\n            \n<div class=\"kksr-stars\">\n    \n<div class=\"kksr-stars-inactive\">\n            <div class=\"kksr-star\" data-star=\"1\" style=\"padding-right: 5px\">\n            \n\n<div class=\"kksr-icon\" style=\"width: 24px; height: 24px;\"><\/div>\n        <\/div>\n            <div class=\"kksr-star\" data-star=\"2\" style=\"padding-right: 5px\">\n            \n\n<div class=\"kksr-icon\" style=\"width: 24px; height: 24px;\"><\/div>\n        <\/div>\n            <div class=\"kksr-star\" data-star=\"3\" style=\"padding-right: 5px\">\n            \n\n<div class=\"kksr-icon\" style=\"width: 24px; height: 24px;\"><\/div>\n        <\/div>\n            <div class=\"kksr-star\" data-star=\"4\" style=\"padding-right: 5px\">\n            \n\n<div class=\"kksr-icon\" style=\"width: 24px; height: 24px;\"><\/div>\n        <\/div>\n            <div class=\"kksr-star\" data-star=\"5\" style=\"padding-right: 5px\">\n            \n\n<div class=\"kksr-icon\" style=\"width: 24px; height: 24px;\"><\/div>\n        <\/div>\n    <\/div>\n    \n<div class=\"kksr-stars-active\" style=\"width: 0px;\">\n            <div class=\"kksr-star\" style=\"padding-right: 5px\">\n            \n\n<div class=\"kksr-icon\" style=\"width: 24px; height: 24px;\"><\/div>\n        <\/div>\n            <div class=\"kksr-star\" style=\"padding-right: 5px\">\n            \n\n<div class=\"kksr-icon\" style=\"width: 24px; height: 24px;\"><\/div>\n        <\/div>\n            <div class=\"kksr-star\" style=\"padding-right: 5px\">\n            \n\n<div class=\"kksr-icon\" style=\"width: 24px; height: 24px;\"><\/div>\n        <\/div>\n            <div class=\"kksr-star\" style=\"padding-right: 5px\">\n            \n\n<div class=\"kksr-icon\" style=\"width: 24px; height: 24px;\"><\/div>\n        <\/div>\n            <div class=\"kksr-star\" style=\"padding-right: 5px\">\n            \n\n<div class=\"kksr-icon\" style=\"width: 24px; height: 24px;\"><\/div>\n        <\/div>\n    <\/div>\n<\/div>\n                \n\n<div class=\"kksr-legend\" style=\"font-size: 19.2px;\">\n            <span class=\"kksr-muted\">Teie hinnang on meile oluline<\/span>\n    <\/div>\n    <\/div>\n<h1 data-path-to-node=\"13\">Digitaalne maagia: Pixel Unicorn - kaasaegsetele unistajatele<\/h1>\n<p data-path-to-node=\"14\">See <b data-path-to-node=\"14\" data-index-in-node=\"3\">\u00fckssarviku emailitud pross<\/b> on ainulaadne kombinatsioon 8-bit ajastu esteetikast ja maagilisest m\u00fctoloogiast! See on ideaalne <b data-path-to-node=\"14\" data-index-in-node=\"106\">lisaseadmed<\/b> neile, kes imetlevad <b data-path-to-node=\"14\" data-index-in-node=\"137\">pikslikunst<\/b>, armastad videom\u00e4nge v\u00f5i tahad lihtsalt lisada oma stiilile originaalsust. Prossil olev \u00fckssarvik n\u00e4eb v\u00e4lja nagu klassikalise arvutim\u00e4ngu ekraanilt v\u00e4lja kukkunud, kuid luksuslik kuldne \u00e4\u00e4ristus teeb sellest stiilse ja moodsa ehtekunsti. See ei ole lihtsalt <b data-path-to-node=\"14\" data-index-in-node=\"435\">emailitud pross<\/b> - teie loovuse ja armastuse v\u00e4ljendus retrokultuuri vastu.<\/p>\n<h2 data-path-to-node=\"15\">\u201ePixel Art Design ja kvaliteetne viimistlus<\/h2>\n<p data-path-to-node=\"16\">Vt <b data-path-to-node=\"16\" data-index-in-node=\"4\">emailipinss<\/b> Selle erip\u00e4raks on selle kuju, mis j\u00e4ljendab digitaalseid piksleid. Valge korpus, pehmed roosad aktsendid ja helekollane sarv moodustavad harmoonilise ja silmatorkava terviku. L\u00e4ikiv kullatooniga metall annab aksessuaarile tugeva ja elegantse raami. See <b data-path-to-node=\"16\" data-index-in-node=\"278\">\u00fckssarviku pin<\/b> Sobib suurep\u00e4raselt teksap\u00fckste, seljakottide v\u00f5i isegi m\u00fctside kaunistamiseks, lisades neile digitaalse glamuuri.<\/p>\n<ul data-path-to-node=\"17\">\n<li>\n<p data-path-to-node=\"17,0,0\"><b data-path-to-node=\"17,0,0\" data-index-in-node=\"0\">Stiil:<\/b> Ideaalne <i data-path-to-node=\"17,0,0\" data-index-in-node=\"23\">pikslikunst<\/i>, <i data-path-to-node=\"17,0,0\" data-index-in-node=\"34\">m\u00e4ngimine<\/i>, <i data-path-to-node=\"17,0,0\" data-index-in-node=\"42\">retroh\u00f5nguline atmosf\u00e4\u00e4r<\/i> ja <b data-path-to-node=\"17,0,0\" data-index-in-node=\"56\">kaasaegne<\/b> stiili f\u00e4nnidele.<\/p>\n<\/li>\n<li>\n<p data-path-to-node=\"17,1,0\"><b data-path-to-node=\"17,1,0\" data-index-in-node=\"0\">Kvaliteet:<\/b> Meie <b data-path-to-node=\"17,1,0\" data-index-in-node=\"13\">emailitud prossid<\/b> on valmistatud k\u00f5va emaili tehnoloogiat kasutades, mis tagab v\u00e4ga sileda pinna. Erksad v\u00e4rvid ja kuldne metall on ajale vastupidavad, mist\u00f5ttu on see <b data-path-to-node=\"17,1,0\" data-index-in-node=\"180\">kvaliteetne tihvt<\/b> r\u00f5\u00f5mustab teid pikka aega. Rohkem ideid, kuidas kombineerida unikaalseid aksessuaare, leiate aadressil <a class=\"ng-star-inserted\" href=\"https:\/\/www.pinnpatch.lt\" target=\"_blank\" rel=\"noopener\" data-hveid=\"0\" data-ved=\"0CAAQ_4QMahgKEwi5pqKb08yRAxUAAAAAHQAAAAAQvgQ\">pinnpatch.lt<\/a>.<\/p>\n<\/li>\n<\/ul>\n<h2 data-path-to-node=\"18\">Kingitus, mis \u00fcllatab iga geeki\u201e<\/h2>\n<p data-path-to-node=\"19\"><b data-path-to-node=\"19\" data-index-in-node=\"0\">Piksli \u00fckssarviku pin<\/b> on suurep\u00e4rane <b data-path-to-node=\"19\" data-index-in-node=\"39\">kingiidee<\/b> arvutim\u00e4ngude entusiastid, programmeerijad v\u00f5i lihtsalt maagiaf\u00e4nnid, kes otsivad midagi ebatavalist. \u00dckssarvik s\u00fcmboliseerib ainulaadsust ja pikslistiil annab sellele moodsa vindi. See aksessuaar on ideaalne aksessuaar:<\/p>\n<ul data-path-to-node=\"20\">\n<li>\n<p data-path-to-node=\"20,0,0\"><b data-path-to-node=\"20,0,0\" data-index-in-node=\"0\">S\u00fclearvuti kott:<\/b> R\u00f5hutab omaniku hobisid.<\/p>\n<\/li>\n<li>\n<p data-path-to-node=\"20,1,0\"><b data-path-to-node=\"20,1,0\" data-index-in-node=\"0\">Juhuslik kampsun v\u00f5i jakk:<\/b> Muudab lihtsa riietuse loominguliseks stiiliavalduseks.<\/p>\n<\/li>\n<\/ul>\n<p data-path-to-node=\"21\">Vaata meie t\u00e4ielikku <a class=\"ng-star-inserted\" href=\"https:\/\/kabinam.lt\/et\/tootekategooria\/rinnamargid-pins\/\" target=\"_blank\" rel=\"noopener\" data-hveid=\"0\" data-ved=\"0CAAQ_4QMahgKEwi5pqKb08yRAxUAAAAAHQAAAAAQvwQ\">m\u00e4nguliste ja digitaalselt kujundatud emailipinide kollektsioon<\/a> ja valige oma kangelane.<\/p>\n<p data-path-to-node=\"22\"><b data-path-to-node=\"22\" data-index-in-node=\"0\">Lase maagial saada osaks oma stiilist!<\/b> Broneeri see <b data-path-to-node=\"22\" data-index-in-node=\"61\">piksli \u00fckssarvik<\/b> t\u00e4na.<\/p>","protected":false},"excerpt":{"rendered":"<p><b data-path-to-node=\"4,3,1,0\" data-index-in-node=\"0\">M\u00e4nguline<\/b> ja <b data-path-to-node=\"4,3,1,0\" data-index-in-node=\"14\">kaasaegne<\/b> emalio pin. Valge <b data-path-to-node=\"4,3,1,0\" data-index-in-node=\"45\">Piksli \u00fckssarvik<\/b> kahvaturoosa mannekeeni ja kuldse sarvega - t\u00e4iuslik <b data-path-to-node=\"4,3,1,0\" data-index-in-node=\"133\">lisaseadmed<\/b> arvutim\u00e4ngude f\u00e4nnidele, unistajatele ja retrohuvilistele.<\/p>","protected":false},"featured_media":4204,"comment_status":"open","ping_status":"closed","template":"","meta":{"_uag_custom_page_level_css":"","site-sidebar-layout":"default","site-content-layout":"","ast-site-content-layout":"default","site-content-style":"default","site-sidebar-style":"default","ast-global-header-display":"","ast-banner-title-visibility":"","ast-main-header-display":"","ast-hfb-above-header-display":"","ast-hfb-below-header-display":"","ast-hfb-mobile-header-display":"","site-post-title":"","ast-breadcrumbs-content":"","ast-featured-img":"","footer-sml-layout":"","ast-disable-related-posts":"","theme-transparent-header-meta":"default","adv-header-id-meta":"","stick-header-meta":"","header-above-stick-meta":"","header-main-stick-meta":"","header-below-stick-meta":"","astra-migrate-meta-layouts":"set","ast-page-background-enabled":"default","ast-page-background-meta":{"desktop":{"background-color":"var(--ast-global-color-4)","background-image":"","background-repeat":"repeat","background-position":"center center","background-size":"auto","background-attachment":"scroll","background-type":"","background-media":"","overlay-type":"","overlay-color":"","overlay-opacity":"","overlay-gradient":""},"tablet":{"background-color":"","background-image":"","background-repeat":"repeat","background-position":"center center","background-size":"auto","background-attachment":"scroll","background-type":"","background-media":"","overlay-type":"","overlay-color":"","overlay-opacity":"","overlay-gradient":""},"mobile":{"background-color":"","background-image":"","background-repeat":"repeat","background-position":"center center","background-size":"auto","background-attachment":"scroll","background-type":"","background-media":"","overlay-type":"","overlay-color":"","overlay-opacity":"","overlay-gradient":""}},"ast-content-background-meta":{"desktop":{"background-color":"var(--ast-global-color-5)","background-image":"","background-repeat":"repeat","background-position":"center center","background-size":"auto","background-attachment":"scroll","background-type":"","background-media":"","overlay-type":"","overlay-color":"","overlay-opacity":"","overlay-gradient":""},"tablet":{"background-color":"var(--ast-global-color-5)","background-image":"","background-repeat":"repeat","background-position":"center center","background-size":"auto","background-attachment":"scroll","background-type":"","background-media":"","overlay-type":"","overlay-color":"","overlay-opacity":"","overlay-gradient":""},"mobile":{"background-color":"var(--ast-global-color-5)","background-image":"","background-repeat":"repeat","background-position":"center center","background-size":"auto","background-attachment":"scroll","background-type":"","background-media":"","overlay-type":"","overlay-color":"","overlay-opacity":"","overlay-gradient":""}}},"product_brand":[],"product_cat":[126,119],"product_tag":[],"class_list":{"0":"post-4205","1":"product","2":"type-product","3":"status-publish","4":"has-post-thumbnail","6":"product_cat-visi","7":"product_cat-smeigtukai-pins","8":"desktop-align-center","9":"tablet-align-left","10":"mobile-align-left","12":"first","13":"instock","14":"purchasable","15":"product-type-simple"},"yoast_head":"<!-- This site is optimized with the Yoast SEO plugin v27.1.1 - https:\/\/yoast.com\/product\/yoast-seo-wordpress\/ -->\n<title>Gyv\u016bn\u0173 Seg\u0117 | Pikseli\u0173 Vienaragis \u2013 &quot;Retro Pixel&quot; Emalio Bro\u0161ka - kabinam.lt<\/title>\n<meta name=\"description\" content=\"Perkelkite magij\u0105 \u012f realyb\u0119! \u0160is pikseli\u0173 vienaragio emalio segtukas yra unikalus, \u017eaismingas, jungiantis modern\u0173 dizain\u0105 bei pasak\u0173 magij\u0105.\" \/>\n<meta name=\"robots\" content=\"index, follow, max-snippet:-1, max-image-preview:large, max-video-preview:-1\" \/>\n<link rel=\"canonical\" href=\"https:\/\/kabinam.lt\/et\/toode\/piksli-ukssarvik-retro-piksli-kunsti-pin\/\" \/>\n<meta property=\"og:locale\" content=\"et_EE\" \/>\n<meta property=\"og:type\" content=\"article\" \/>\n<meta property=\"og:title\" content=\"Gyv\u016bn\u0173 Seg\u0117 | Pikseli\u0173 Vienaragis \u2013 &quot;Retro Pixel&quot; Emalio Bro\u0161ka - kabinam.lt\" \/>\n<meta property=\"og:description\" content=\"Perkelkite magij\u0105 \u012f realyb\u0119! \u0160is pikseli\u0173 vienaragio emalio segtukas yra unikalus, \u017eaismingas, jungiantis modern\u0173 dizain\u0105 bei pasak\u0173 magij\u0105.\" \/>\n<meta property=\"og:url\" content=\"https:\/\/kabinam.lt\/et\/toode\/piksli-ukssarvik-retro-piksli-kunsti-pin\/\" \/>\n<meta property=\"og:site_name\" content=\"kabinam.lt\" \/>\n<meta property=\"article:modified_time\" content=\"2026-01-18T23:31:29+00:00\" \/>\n<meta property=\"og:image\" content=\"https:\/\/kabinam.lt\/wp-content\/uploads\/2025\/09\/1000077561.jpg\" \/>\n\t<meta property=\"og:image:width\" content=\"550\" \/>\n\t<meta property=\"og:image:height\" content=\"550\" \/>\n\t<meta property=\"og:image:type\" content=\"image\/jpeg\" \/>\n<meta name=\"twitter:card\" content=\"summary_large_image\" \/>\n<meta name=\"twitter:label1\" content=\"Est. reading time\" \/>\n\t<meta name=\"twitter:data1\" content=\"2 minutit\" \/>\n<script type=\"application\/ld+json\" class=\"yoast-schema-graph\">{\"@context\":\"https:\/\/schema.org\",\"@graph\":[{\"@type\":[\"WebPage\",\"ItemPage\"],\"@id\":\"https:\/\/kabinam.lt\/eng\/product\/pixel-unicorn-retro-pixel-art-pin\/\",\"url\":\"https:\/\/kabinam.lt\/eng\/product\/pixel-unicorn-retro-pixel-art-pin\/\",\"name\":\"Gyv\u016bn\u0173 Seg\u0117 | Pikseli\u0173 Vienaragis \u2013 \\\"Retro Pixel\\\" Emalio Bro\u0161ka - kabinam.lt\",\"isPartOf\":{\"@id\":\"https:\/\/kabinam.lt\/#website\"},\"primaryImageOfPage\":{\"@id\":\"https:\/\/kabinam.lt\/eng\/product\/pixel-unicorn-retro-pixel-art-pin\/#primaryimage\"},\"image\":{\"@id\":\"https:\/\/kabinam.lt\/eng\/product\/pixel-unicorn-retro-pixel-art-pin\/#primaryimage\"},\"thumbnailUrl\":\"https:\/\/kabinam.lt\/wp-content\/uploads\/2025\/09\/1000077561.jpg\",\"datePublished\":\"2025-09-19T20:35:54+00:00\",\"dateModified\":\"2026-01-18T23:31:29+00:00\",\"description\":\"Perkelkite magij\u0105 \u012f realyb\u0119! \u0160is pikseli\u0173 vienaragio emalio segtukas yra unikalus, \u017eaismingas, jungiantis modern\u0173 dizain\u0105 bei pasak\u0173 magij\u0105.\",\"breadcrumb\":{\"@id\":\"https:\/\/kabinam.lt\/eng\/product\/pixel-unicorn-retro-pixel-art-pin\/#breadcrumb\"},\"inLanguage\":\"et\",\"potentialAction\":[{\"@type\":\"ReadAction\",\"target\":[\"https:\/\/kabinam.lt\/eng\/product\/pixel-unicorn-retro-pixel-art-pin\/\"]}]},{\"@type\":\"ImageObject\",\"inLanguage\":\"et\",\"@id\":\"https:\/\/kabinam.lt\/eng\/product\/pixel-unicorn-retro-pixel-art-pin\/#primaryimage\",\"url\":\"https:\/\/kabinam.lt\/wp-content\/uploads\/2025\/09\/1000077561.jpg\",\"contentUrl\":\"https:\/\/kabinam.lt\/wp-content\/uploads\/2025\/09\/1000077561.jpg\",\"width\":550,\"height\":550,\"caption\":\"Pikseli\u0173 Stiliaus Vienaragio Emalio Segtukas\"},{\"@type\":\"BreadcrumbList\",\"@id\":\"https:\/\/kabinam.lt\/eng\/product\/pixel-unicorn-retro-pixel-art-pin\/#breadcrumb\",\"itemListElement\":[{\"@type\":\"ListItem\",\"position\":1,\"name\":\"Home\",\"item\":\"https:\/\/kabinam.lt\/\"},{\"@type\":\"ListItem\",\"position\":2,\"name\":\"Visi Produktai\",\"item\":\"https:\/\/kabinam.lt\/visi-produktai\/\"},{\"@type\":\"ListItem\",\"position\":3,\"name\":\"Gyv\u016bn\u0173 Seg\u0117 | Pikseli\u0173 Vienaragis \u2013 &#8222;Retro Pixel&#8221; Emalio Bro\u0161ka\"}]},{\"@type\":\"WebSite\",\"@id\":\"https:\/\/kabinam.lt\/#website\",\"url\":\"https:\/\/kabinam.lt\/\",\"name\":\"kabinam.lt\",\"description\":\"Kabinam.lt \u2013 raktu pakabukai ir aksesuarai\",\"publisher\":{\"@id\":\"https:\/\/kabinam.lt\/#organization\"},\"alternateName\":\"pakabukai lt\",\"potentialAction\":[{\"@type\":\"SearchAction\",\"target\":{\"@type\":\"EntryPoint\",\"urlTemplate\":\"https:\/\/kabinam.lt\/?s={search_term_string}\"},\"query-input\":{\"@type\":\"PropertyValueSpecification\",\"valueRequired\":true,\"valueName\":\"search_term_string\"}}],\"inLanguage\":\"et\"},{\"@type\":\"Organization\",\"@id\":\"https:\/\/kabinam.lt\/#organization\",\"name\":\"kabinam.lt\",\"alternateName\":\"kabinam\",\"url\":\"https:\/\/kabinam.lt\/\",\"logo\":{\"@type\":\"ImageObject\",\"inLanguage\":\"et\",\"@id\":\"https:\/\/kabinam.lt\/#\/schema\/logo\/image\/\",\"url\":\"https:\/\/kabinam.lt\/wp-content\/uploads\/2025\/05\/KABINAM_outer_glow.png\",\"contentUrl\":\"https:\/\/kabinam.lt\/wp-content\/uploads\/2025\/05\/KABINAM_outer_glow.png\",\"width\":474,\"height\":141,\"caption\":\"kabinam.lt\"},\"image\":{\"@id\":\"https:\/\/kabinam.lt\/#\/schema\/logo\/image\/\"}}]}<\/script>\n<!-- \/ Yoast SEO plugin. -->","yoast_head_json":{"title":"Animal Blanket | Pixel Unicorn - Retro Pixel Email pross - kabinam.lt","description":"Tooge maagia reaalsuseks! See piksliline \u00fckssarviku emailipin on ainulaadne, m\u00e4nguline kombinatsioon moodsast disainist ja muinasjutu maagiast.","robots":{"index":"index","follow":"follow","max-snippet":"max-snippet:-1","max-image-preview":"max-image-preview:large","max-video-preview":"max-video-preview:-1"},"canonical":"https:\/\/kabinam.lt\/et\/toode\/piksli-ukssarvik-retro-piksli-kunsti-pin\/","og_locale":"et_EE","og_type":"article","og_title":"Gyv\u016bn\u0173 Seg\u0117 | Pikseli\u0173 Vienaragis \u2013 \"Retro Pixel\" Emalio Bro\u0161ka - kabinam.lt","og_description":"Perkelkite magij\u0105 \u012f realyb\u0119! \u0160is pikseli\u0173 vienaragio emalio segtukas yra unikalus, \u017eaismingas, jungiantis modern\u0173 dizain\u0105 bei pasak\u0173 magij\u0105.","og_url":"https:\/\/kabinam.lt\/et\/toode\/piksli-ukssarvik-retro-piksli-kunsti-pin\/","og_site_name":"kabinam.lt","article_modified_time":"2026-01-18T23:31:29+00:00","og_image":[{"width":550,"height":550,"url":"https:\/\/kabinam.lt\/wp-content\/uploads\/2025\/09\/1000077561.jpg","type":"image\/jpeg"}],"twitter_card":"summary_large_image","twitter_misc":{"Est. reading time":"2 minutit"},"schema":{"@context":"https:\/\/schema.org","@graph":[{"@type":["WebPage","ItemPage"],"@id":"https:\/\/kabinam.lt\/eng\/product\/pixel-unicorn-retro-pixel-art-pin\/","url":"https:\/\/kabinam.lt\/eng\/product\/pixel-unicorn-retro-pixel-art-pin\/","name":"Animal Blanket | Pixel Unicorn - Retro Pixel Email pross - kabinam.lt","isPartOf":{"@id":"https:\/\/kabinam.lt\/#website"},"primaryImageOfPage":{"@id":"https:\/\/kabinam.lt\/eng\/product\/pixel-unicorn-retro-pixel-art-pin\/#primaryimage"},"image":{"@id":"https:\/\/kabinam.lt\/eng\/product\/pixel-unicorn-retro-pixel-art-pin\/#primaryimage"},"thumbnailUrl":"https:\/\/kabinam.lt\/wp-content\/uploads\/2025\/09\/1000077561.jpg","datePublished":"2025-09-19T20:35:54+00:00","dateModified":"2026-01-18T23:31:29+00:00","description":"Tooge maagia reaalsuseks! See piksliline \u00fckssarviku emailipin on ainulaadne, m\u00e4nguline kombinatsioon moodsast disainist ja muinasjutu maagiast.","breadcrumb":{"@id":"https:\/\/kabinam.lt\/eng\/product\/pixel-unicorn-retro-pixel-art-pin\/#breadcrumb"},"inLanguage":"et","potentialAction":[{"@type":"ReadAction","target":["https:\/\/kabinam.lt\/eng\/product\/pixel-unicorn-retro-pixel-art-pin\/"]}]},{"@type":"ImageObject","inLanguage":"et","@id":"https:\/\/kabinam.lt\/eng\/product\/pixel-unicorn-retro-pixel-art-pin\/#primaryimage","url":"https:\/\/kabinam.lt\/wp-content\/uploads\/2025\/09\/1000077561.jpg","contentUrl":"https:\/\/kabinam.lt\/wp-content\/uploads\/2025\/09\/1000077561.jpg","width":550,"height":550,"caption":"Pikseli\u0173 Stiliaus Vienaragio Emalio Segtukas"},{"@type":"BreadcrumbList","@id":"https:\/\/kabinam.lt\/eng\/product\/pixel-unicorn-retro-pixel-art-pin\/#breadcrumb","itemListElement":[{"@type":"ListItem","position":1,"name":"Home","item":"https:\/\/kabinam.lt\/"},{"@type":"ListItem","position":2,"name":"Visi Produktai","item":"https:\/\/kabinam.lt\/visi-produktai\/"},{"@type":"ListItem","position":3,"name":"Gyv\u016bn\u0173 Seg\u0117 | Pikseli\u0173 Vienaragis \u2013 &#8222;Retro Pixel&#8221; Emalio Bro\u0161ka"}]},{"@type":"WebSite","@id":"https:\/\/kabinam.lt\/#website","url":"https:\/\/kabinam.lt\/","name":"kabinam.lt","description":"Kabinam.lt - v\u00f5tmehoidjad ja aksessuaarid","publisher":{"@id":"https:\/\/kabinam.lt\/#organization"},"alternateName":"pakabukai lt","potentialAction":[{"@type":"SearchAction","target":{"@type":"EntryPoint","urlTemplate":"https:\/\/kabinam.lt\/?s={search_term_string}"},"query-input":{"@type":"PropertyValueSpecification","valueRequired":true,"valueName":"search_term_string"}}],"inLanguage":"et"},{"@type":"Organization","@id":"https:\/\/kabinam.lt\/#organization","name":"kabinam.lt","alternateName":"kabinam","url":"https:\/\/kabinam.lt\/","logo":{"@type":"ImageObject","inLanguage":"et","@id":"https:\/\/kabinam.lt\/#\/schema\/logo\/image\/","url":"https:\/\/kabinam.lt\/wp-content\/uploads\/2025\/05\/KABINAM_outer_glow.png","contentUrl":"https:\/\/kabinam.lt\/wp-content\/uploads\/2025\/05\/KABINAM_outer_glow.png","width":474,"height":141,"caption":"kabinam.lt"},"image":{"@id":"https:\/\/kabinam.lt\/#\/schema\/logo\/image\/"}}]}},"uagb_featured_image_src":{"full":["https:\/\/kabinam.lt\/wp-content\/uploads\/2025\/09\/1000077561.jpg",550,550,false],"thumbnail":["https:\/\/kabinam.lt\/wp-content\/uploads\/2025\/09\/1000077561-150x150.jpg",150,150,true],"medium":["https:\/\/kabinam.lt\/wp-content\/uploads\/2025\/09\/1000077561-300x300.jpg",300,300,true],"medium_large":["https:\/\/kabinam.lt\/wp-content\/uploads\/2025\/09\/1000077561.jpg",550,550,false],"large":["https:\/\/kabinam.lt\/wp-content\/uploads\/2025\/09\/1000077561.jpg",550,550,false],"1536x1536":["https:\/\/kabinam.lt\/wp-content\/uploads\/2025\/09\/1000077561.jpg",550,550,false],"2048x2048":["https:\/\/kabinam.lt\/wp-content\/uploads\/2025\/09\/1000077561.jpg",550,550,false],"trp-custom-language-flag":["https:\/\/kabinam.lt\/wp-content\/uploads\/2025\/09\/1000077561-12x12.jpg",12,12,true],"woocommerce_thumbnail":["https:\/\/kabinam.lt\/wp-content\/uploads\/2025\/09\/1000077561-300x300.jpg",300,300,true],"woocommerce_single":["https:\/\/kabinam.lt\/wp-content\/uploads\/2025\/09\/1000077561.jpg",550,550,false],"woocommerce_gallery_thumbnail":["https:\/\/kabinam.lt\/wp-content\/uploads\/2025\/09\/1000077561-100x100.jpg",100,100,true]},"uagb_author_info":{"display_name":"kabinam.lt","author_link":"https:\/\/kabinam.lt\/et\/author\/"},"uagb_comment_info":0,"uagb_excerpt":"\u017daismingas ir modernus emalio pin'as. Baltas pikseli\u0173 stiliaus vienaragis su \u0161viesiai ro\u017einiais kar\u010diais bei auksiniu ragu \u2013 tobulas aksesuaras kompiuterini\u0173 \u017eaidim\u0173 gerb\u0117jams, svajotojams ir retro stiliaus m\u0117g\u0117jams.","_links":{"self":[{"href":"https:\/\/kabinam.lt\/et\/wp-json\/wp\/v2\/product\/4205","targetHints":{"allow":["GET"]}}],"collection":[{"href":"https:\/\/kabinam.lt\/et\/wp-json\/wp\/v2\/product"}],"about":[{"href":"https:\/\/kabinam.lt\/et\/wp-json\/wp\/v2\/types\/product"}],"replies":[{"embeddable":true,"href":"https:\/\/kabinam.lt\/et\/wp-json\/wp\/v2\/comments?post=4205"}],"wp:featuredmedia":[{"embeddable":true,"href":"https:\/\/kabinam.lt\/et\/wp-json\/wp\/v2\/media\/4204"}],"wp:attachment":[{"href":"https:\/\/kabinam.lt\/et\/wp-json\/wp\/v2\/media?parent=4205"}],"wp:term":[{"taxonomy":"product_brand","embeddable":true,"href":"https:\/\/kabinam.lt\/et\/wp-json\/wp\/v2\/product_brand?post=4205"},{"taxonomy":"product_cat","embeddable":true,"href":"https:\/\/kabinam.lt\/et\/wp-json\/wp\/v2\/product_cat?post=4205"},{"taxonomy":"product_tag","embeddable":true,"href":"https:\/\/kabinam.lt\/et\/wp-json\/wp\/v2\/product_tag?post=4205"}],"curies":[{"name":"wp","href":"https:\/\/api.w.org\/{rel}","templated":true}]}}