{"id":4070,"date":"2025-09-10T20:47:50","date_gmt":"2025-09-10T18:47:50","guid":{"rendered":"https:\/\/kabinam.lt\/product\/keturlapis-dobilas\/"},"modified":"2026-01-19T02:56:33","modified_gmt":"2026-01-19T00:56:33","slug":"keturlapio-dobilio-segtukas-sekmes-talismanas-pin","status":"publish","type":"product","link":"https:\/\/kabinam.lt\/et\/product\/keturlapio-dobilio-segtukas-sekmes-talismanas-pin\/","title":{"rendered":"\u00d5nne, Seg\u0117 | Klassikaline roheline neljaleheline ristik \u2013 \u201e\u00d5nneristik\u201c"},"content":{"rendered":"<div class=\"kk-star-ratings kksr-auto kksr-align-left kksr-valign-top\"\n    data-payload='{&quot;align&quot;:&quot;left&quot;,&quot;id&quot;:&quot;4070&quot;,&quot;slug&quot;:&quot;default&quot;,&quot;valign&quot;:&quot;top&quot;,&quot;ignore&quot;:&quot;&quot;,&quot;reference&quot;:&quot;auto&quot;,&quot;class&quot;:&quot;&quot;,&quot;count&quot;:&quot;0&quot;,&quot;legendonly&quot;:&quot;&quot;,&quot;readonly&quot;:&quot;&quot;,&quot;score&quot;:&quot;0&quot;,&quot;starsonly&quot;:&quot;&quot;,&quot;best&quot;:&quot;5&quot;,&quot;gap&quot;:&quot;5&quot;,&quot;greet&quot;:&quot;Mums svarbus j\u016bs\u0173 \u012fvertinimas&quot;,&quot;legend&quot;:&quot;0\\\/5 - (0 votes)&quot;,&quot;size&quot;:&quot;24&quot;,&quot;title&quot;:&quot;S\u0117km\u0117s Seg\u0117 | Klasikinis \u017ealias keturlapis dobilas \u2013 \u201eLucky Clover\u201c&quot;,&quot;width&quot;:&quot;0&quot;,&quot;_legend&quot;:&quot;{score}\\\/{best} - ({count} {votes})&quot;,&quot;font_factor&quot;:&quot;1.25&quot;}'>\n            \n<div class=\"kksr-stars\">\n    \n<div class=\"kksr-stars-inactive\">\n            <div class=\"kksr-star\" data-star=\"1\" style=\"padding-right: 5px\">\n            \n\n<div class=\"kksr-icon\" style=\"width: 24px; height: 24px;\"><\/div>\n        <\/div>\n            <div class=\"kksr-star\" data-star=\"2\" style=\"padding-right: 5px\">\n            \n\n<div class=\"kksr-icon\" style=\"width: 24px; height: 24px;\"><\/div>\n        <\/div>\n            <div class=\"kksr-star\" data-star=\"3\" style=\"padding-right: 5px\">\n            \n\n<div class=\"kksr-icon\" style=\"width: 24px; height: 24px;\"><\/div>\n        <\/div>\n            <div class=\"kksr-star\" data-star=\"4\" style=\"padding-right: 5px\">\n            \n\n<div class=\"kksr-icon\" style=\"width: 24px; height: 24px;\"><\/div>\n        <\/div>\n            <div class=\"kksr-star\" data-star=\"5\" style=\"padding-right: 5px\">\n            \n\n<div class=\"kksr-icon\" style=\"width: 24px; height: 24px;\"><\/div>\n        <\/div>\n    <\/div>\n    \n<div class=\"kksr-stars-active\" style=\"width: 0px;\">\n            <div class=\"kksr-star\" style=\"padding-right: 5px\">\n            \n\n<div class=\"kksr-icon\" style=\"width: 24px; height: 24px;\"><\/div>\n        <\/div>\n            <div class=\"kksr-star\" style=\"padding-right: 5px\">\n            \n\n<div class=\"kksr-icon\" style=\"width: 24px; height: 24px;\"><\/div>\n        <\/div>\n            <div class=\"kksr-star\" style=\"padding-right: 5px\">\n            \n\n<div class=\"kksr-icon\" style=\"width: 24px; height: 24px;\"><\/div>\n        <\/div>\n            <div class=\"kksr-star\" style=\"padding-right: 5px\">\n            \n\n<div class=\"kksr-icon\" style=\"width: 24px; height: 24px;\"><\/div>\n        <\/div>\n            <div class=\"kksr-star\" style=\"padding-right: 5px\">\n            \n\n<div class=\"kksr-icon\" style=\"width: 24px; height: 24px;\"><\/div>\n        <\/div>\n    <\/div>\n<\/div>\n                \n\n<div class=\"kksr-legend\" style=\"font-size: 19.2px;\">\n            <span class=\"kksr-muted\">Teie hinnang on meile oluline<\/span>\n    <\/div>\n    <\/div>\n<h1 data-path-to-node=\"13\">S\u0117km\u0117s Talismanas: Keturlapis Dobilas \u2013 J\u016bs\u0173 Kasdien\u0117 Laim\u0117<\/h1>\n<p data-path-to-node=\"14\">See <b data-path-to-node=\"14\" data-index-in-node=\"3\">keturlapio dobilio emalio seg\u0117<\/b> \u2013 tai nesenstantis simbolis, ne\u0161antis s\u0117km\u0119, tik\u0117jim\u0105, vilt\u012f ir meil\u0119! Tai idealus <b data-path-to-node=\"14\" data-index-in-node=\"117\">lisaseadmed<\/b> kiekvienam, norin\u010diam su savimi tur\u0117ti ma\u017e\u0105 s\u0117km\u0117s \u017eenkl\u0105 arba tiesiog papuo\u0161ti aprang\u0105 ry\u0161kiu gamtos akcentu. Klasikin\u0117 forma ir prabangus \u017ealia-auksas derinys paver\u010dia \u0161\u012f segtuk\u0105 universaliu papuo\u0161alu, tinkan\u010diu tiek prie laisvalaikio, tiek prie eleganti\u0161kesn\u0117s aprangos. Tai ne tik <b data-path-to-node=\"14\" data-index-in-node=\"413\">emailitud pross<\/b> \u2013 tai J\u016bs\u0173 asmeninis s\u0117km\u0117s magnetas.<\/p>\n<h2 data-path-to-node=\"15\">Eleganti\u0161kas Minimalizmas Ir Auk\u0161\u010diausia Kokyb\u0117<\/h2>\n<p data-path-to-node=\"16\">Vt <b data-path-to-node=\"16\" data-index-in-node=\"4\">emailipinss<\/b> dizainas pasi\u017eymi \u0161variomis linijomis ir auk\u0161tu kontrastingumu. Blizgus \u017ealias emalis puikiai dera su auksiniu metalo pagrindu, sukuriant prabang\u0173 ir i\u0161baigt\u0105 vaizd\u0105. \u0160is <b data-path-to-node=\"16\" data-index-in-node=\"190\">dobilio pin\u2019as<\/b> itin stilingai atrodo ant \u0161viesi\u0173 drabu\u017ei\u0173 (pavyzd\u017eiui, balto megztinio, kaip matoma nuotraukoje), ta\u010diau taip pat ry\u0161kiai spind\u0117s ant tamsaus \u0161varko atlapo ar kepur\u0117s.<\/p>\n<ul data-path-to-node=\"17\">\n<li>\n<p data-path-to-node=\"17,0,0\"><b data-path-to-node=\"17,0,0\" data-index-in-node=\"0\">Stiil:<\/b> Ideaalne <i data-path-to-node=\"17,0,0\" data-index-in-node=\"23\">nature aesthetic<\/i>, <i data-path-to-node=\"17,0,0\" data-index-in-node=\"41\">minimalist style<\/i>, <i data-path-to-node=\"17,0,0\" data-index-in-node=\"59\">luck &amp; charms fashion<\/i> ja <b data-path-to-node=\"17,0,0\" data-index-in-node=\"84\">eleganti\u0161kai<\/b> igap\u00e4evaseks kandmiseks.<\/p>\n<\/li>\n<li>\n<p data-path-to-node=\"17,1,0\"><b data-path-to-node=\"17,1,0\" data-index-in-node=\"0\">Kvaliteet:<\/b> Meie <b data-path-to-node=\"17,1,0\" data-index-in-node=\"13\">emailitud prossid<\/b> gaminamos naudojant auk\u0161\u010diausios kokyb\u0117s kietojo emalio technologij\u0105, kuri u\u017etikrina pavir\u0161iaus lygum\u0105 ir spalv\u0173 ilgaam\u017ei\u0161kum\u0105. Aukso atspalvio metalinis pagrindas garantuoja, kad \u0161is <b data-path-to-node=\"17,1,0\" data-index-in-node=\"210\">kvaliteetne tihvt<\/b> patikimai laikysis bet kokiame audinyje ir ilgai nepraras savo blizgesio. Daugiau s\u0117km\u0117s simboli\u0173 rasite <a class=\"ng-star-inserted\" href=\"https:\/\/www.pinnpatch.lt\" target=\"_blank\" rel=\"noopener\" data-hveid=\"0\" data-ved=\"0CAAQ_4QMahgKEwi5pqKb08yRAxUAAAAAHQAAAAAQ8hY\">pinnpatch.lt<\/a>.<\/p>\n<\/li>\n<\/ul>\n<h2 data-path-to-node=\"18\">Dovana Su Geriausiais Link\u0117jimais<\/h2>\n<p data-path-to-node=\"19\"><b data-path-to-node=\"19\" data-index-in-node=\"0\">Keturlapio dobilio segtukas<\/b> on \u00fcks populaarsemaid <b data-path-to-node=\"19\" data-index-in-node=\"53\">kingiideed<\/b>, kai norima palink\u0117ti s\u0117km\u0117s egzamin\u0173 metu, pradedant nauj\u0105 darb\u0105 ar tiesiog parodant d\u0117mes\u012f artimam \u017emogui. Tai universali dovana, turinti gili\u0105 prasm\u0119. \u0160is papuo\u0161alas puikiai papuo\u0161:<\/p>\n<ul data-path-to-node=\"20\">\n<li>\n<p data-path-to-node=\"20,0,0\"><b data-path-to-node=\"20,0,0\" data-index-in-node=\"0\">Jope v\u00f5i mantli v\u00f6\u00f6rihm:<\/b> Suteikia oficialiai aprangai \u017eaismingumo.<\/p>\n<\/li>\n<li>\n<p data-path-to-node=\"20,1,0\"><b data-path-to-node=\"20,1,0\" data-index-in-node=\"0\">Dienora\u0161\u010dio ar planuot\u0117s vir\u0161el\u012f:<\/b> Prideda \u012fkv\u0117pimo kasdieniams darbams.<\/p>\n<\/li>\n<\/ul>\n<p data-path-to-node=\"21\">Vaata meie t\u00e4ielikku <a class=\"ng-star-inserted\" href=\"https:\/\/kabinam.lt\/et\/tootekategooria\/rinnamargid-pins\/\" target=\"_blank\" rel=\"noopener\" data-hveid=\"0\" data-ved=\"0CAAQ_4QMahgKEwi5pqKb08yRAxUAAAAAHQAAAAAQ8xY\">gamtos ir simboli\u0173 emalio segtuk\u0173 kolekcij\u0105<\/a> ir raskite savo laim\u0117s simbol\u012f.<\/p>\n<p data-path-to-node=\"22\"><b data-path-to-node=\"22\" data-index-in-node=\"0\">Pasikvieskite s\u0117km\u0119 \u012f savo stili\u0173!<\/b> Broneeri see <b data-path-to-node=\"22\" data-index-in-node=\"51\">dobilio segtuk\u0105<\/b> n\u00fc\u00fcd.<\/p>","protected":false},"excerpt":{"rendered":"<p><b data-path-to-node=\"4,3,1,0\" data-index-in-node=\"0\">Helge<\/b> ja <b data-path-to-node=\"4,3,1,0\" data-index-in-node=\"10\">simbolinis<\/b> emalio pin\u2019as. Sodriai \u017ealias <b data-path-to-node=\"4,3,1,0\" data-index-in-node=\"51\">keturlapis dobilas<\/b> su auksiniais akcentais \u2013 idealus <b data-path-to-node=\"4,3,1,0\" data-index-in-node=\"104\">lisaseadmed<\/b> ie\u0161kantiems s\u0117km\u0117s talismano ir gamtos motyv\u0173.<\/p>","protected":false},"featured_media":4069,"comment_status":"open","ping_status":"closed","template":"","meta":{"_uag_custom_page_level_css":"","site-sidebar-layout":"default","site-content-layout":"","ast-site-content-layout":"default","site-content-style":"default","site-sidebar-style":"default","ast-global-header-display":"","ast-banner-title-visibility":"","ast-main-header-display":"","ast-hfb-above-header-display":"","ast-hfb-below-header-display":"","ast-hfb-mobile-header-display":"","site-post-title":"","ast-breadcrumbs-content":"","ast-featured-img":"","footer-sml-layout":"","ast-disable-related-posts":"","theme-transparent-header-meta":"default","adv-header-id-meta":"","stick-header-meta":"","header-above-stick-meta":"","header-main-stick-meta":"","header-below-stick-meta":"","astra-migrate-meta-layouts":"set","ast-page-background-enabled":"default","ast-page-background-meta":{"desktop":{"background-color":"var(--ast-global-color-4)","background-image":"","background-repeat":"repeat","background-position":"center center","background-size":"auto","background-attachment":"scroll","background-type":"","background-media":"","overlay-type":"","overlay-color":"","overlay-opacity":"","overlay-gradient":""},"tablet":{"background-color":"","background-image":"","background-repeat":"repeat","background-position":"center center","background-size":"auto","background-attachment":"scroll","background-type":"","background-media":"","overlay-type":"","overlay-color":"","overlay-opacity":"","overlay-gradient":""},"mobile":{"background-color":"","background-image":"","background-repeat":"repeat","background-position":"center center","background-size":"auto","background-attachment":"scroll","background-type":"","background-media":"","overlay-type":"","overlay-color":"","overlay-opacity":"","overlay-gradient":""}},"ast-content-background-meta":{"desktop":{"background-color":"var(--ast-global-color-5)","background-image":"","background-repeat":"repeat","background-position":"center center","background-size":"auto","background-attachment":"scroll","background-type":"","background-media":"","overlay-type":"","overlay-color":"","overlay-opacity":"","overlay-gradient":""},"tablet":{"background-color":"var(--ast-global-color-5)","background-image":"","background-repeat":"repeat","background-position":"center center","background-size":"auto","background-attachment":"scroll","background-type":"","background-media":"","overlay-type":"","overlay-color":"","overlay-opacity":"","overlay-gradient":""},"mobile":{"background-color":"var(--ast-global-color-5)","background-image":"","background-repeat":"repeat","background-position":"center center","background-size":"auto","background-attachment":"scroll","background-type":"","background-media":"","overlay-type":"","overlay-color":"","overlay-opacity":"","overlay-gradient":""}}},"product_brand":[],"product_cat":[126,119],"product_tag":[],"class_list":{"0":"post-4070","1":"product","2":"type-product","3":"status-publish","4":"has-post-thumbnail","6":"product_cat-visi","7":"product_cat-smeigtukai-pins","8":"desktop-align-center","9":"tablet-align-left","10":"mobile-align-left","12":"first","13":"instock","14":"purchasable","15":"product-type-simple"},"yoast_head":"<!-- This site is optimized with the Yoast SEO plugin v27.1.1 - https:\/\/yoast.com\/product\/yoast-seo-wordpress\/ -->\n<title>S\u0117km\u0117s Seg\u0117 | Klasikinis \u017ealias keturlapis dobilas \u2013 \u201eLucky Clover\u201c - kabinam.lt<\/title>\n<meta name=\"description\" content=\"Pasigaukite savo s\u0117km\u0119! \u0160is keturlapio dobilio segtukas eleganti\u0161kas ir simboli\u0161kas aksesuaras, suteikiantis J\u016bs\u0173 stiliui nat\u016bralios gaivos ir pozityvumo.\" \/>\n<meta name=\"robots\" content=\"index, follow, max-snippet:-1, max-image-preview:large, max-video-preview:-1\" \/>\n<link rel=\"canonical\" href=\"https:\/\/kabinam.lt\/et\/toode\/keturlapio-dobilio-segtukas-sekmes-talismanas-pin\/\" \/>\n<meta property=\"og:locale\" content=\"et_EE\" \/>\n<meta property=\"og:type\" content=\"article\" \/>\n<meta property=\"og:title\" content=\"S\u0117km\u0117s Seg\u0117 | Klasikinis \u017ealias keturlapis dobilas \u2013 \u201eLucky Clover\u201c - kabinam.lt\" \/>\n<meta property=\"og:description\" content=\"Pasigaukite savo s\u0117km\u0119! \u0160is keturlapio dobilio segtukas eleganti\u0161kas ir simboli\u0161kas aksesuaras, suteikiantis J\u016bs\u0173 stiliui nat\u016bralios gaivos ir pozityvumo.\" \/>\n<meta property=\"og:url\" content=\"https:\/\/kabinam.lt\/et\/toode\/keturlapio-dobilio-segtukas-sekmes-talismanas-pin\/\" \/>\n<meta property=\"og:site_name\" content=\"kabinam.lt\" \/>\n<meta property=\"article:modified_time\" content=\"2026-01-19T00:56:33+00:00\" \/>\n<meta property=\"og:image\" content=\"https:\/\/kabinam.lt\/wp-content\/uploads\/2025\/09\/1000077306.jpg\" \/>\n\t<meta property=\"og:image:width\" content=\"500\" \/>\n\t<meta property=\"og:image:height\" content=\"500\" \/>\n\t<meta property=\"og:image:type\" content=\"image\/jpeg\" \/>\n<meta name=\"twitter:card\" content=\"summary_large_image\" \/>\n<meta name=\"twitter:label1\" content=\"Est. reading time\" \/>\n\t<meta name=\"twitter:data1\" content=\"1 minut\" \/>\n<script type=\"application\/ld+json\" class=\"yoast-schema-graph\">{\"@context\":\"https:\/\/schema.org\",\"@graph\":[{\"@type\":[\"WebPage\",\"ItemPage\"],\"@id\":\"https:\/\/kabinam.lt\/eng\/product\/four-leaf-clover-pin-good-luck-charm-pin\/\",\"url\":\"https:\/\/kabinam.lt\/eng\/product\/four-leaf-clover-pin-good-luck-charm-pin\/\",\"name\":\"S\u0117km\u0117s Seg\u0117 | Klasikinis \u017ealias keturlapis dobilas \u2013 \u201eLucky Clover\u201c - kabinam.lt\",\"isPartOf\":{\"@id\":\"https:\/\/kabinam.lt\/#website\"},\"primaryImageOfPage\":{\"@id\":\"https:\/\/kabinam.lt\/eng\/product\/four-leaf-clover-pin-good-luck-charm-pin\/#primaryimage\"},\"image\":{\"@id\":\"https:\/\/kabinam.lt\/eng\/product\/four-leaf-clover-pin-good-luck-charm-pin\/#primaryimage\"},\"thumbnailUrl\":\"https:\/\/kabinam.lt\/wp-content\/uploads\/2025\/09\/1000077306.jpg\",\"datePublished\":\"2025-09-10T18:47:50+00:00\",\"dateModified\":\"2026-01-19T00:56:33+00:00\",\"description\":\"Pasigaukite savo s\u0117km\u0119! \u0160is keturlapio dobilio segtukas eleganti\u0161kas ir simboli\u0161kas aksesuaras, suteikiantis J\u016bs\u0173 stiliui nat\u016bralios gaivos ir pozityvumo.\",\"breadcrumb\":{\"@id\":\"https:\/\/kabinam.lt\/eng\/product\/four-leaf-clover-pin-good-luck-charm-pin\/#breadcrumb\"},\"inLanguage\":\"et\",\"potentialAction\":[{\"@type\":\"ReadAction\",\"target\":[\"https:\/\/kabinam.lt\/eng\/product\/four-leaf-clover-pin-good-luck-charm-pin\/\"]}]},{\"@type\":\"ImageObject\",\"inLanguage\":\"et\",\"@id\":\"https:\/\/kabinam.lt\/eng\/product\/four-leaf-clover-pin-good-luck-charm-pin\/#primaryimage\",\"url\":\"https:\/\/kabinam.lt\/wp-content\/uploads\/2025\/09\/1000077306.jpg\",\"contentUrl\":\"https:\/\/kabinam.lt\/wp-content\/uploads\/2025\/09\/1000077306.jpg\",\"width\":500,\"height\":500,\"caption\":\"Eleganti\u0161ko Keturlapio Dobilio Emalio Segtuko Dizainas\"},{\"@type\":\"BreadcrumbList\",\"@id\":\"https:\/\/kabinam.lt\/eng\/product\/four-leaf-clover-pin-good-luck-charm-pin\/#breadcrumb\",\"itemListElement\":[{\"@type\":\"ListItem\",\"position\":1,\"name\":\"Home\",\"item\":\"https:\/\/kabinam.lt\/\"},{\"@type\":\"ListItem\",\"position\":2,\"name\":\"Visi Produktai\",\"item\":\"https:\/\/kabinam.lt\/visi-produktai\/\"},{\"@type\":\"ListItem\",\"position\":3,\"name\":\"S\u0117km\u0117s Seg\u0117 | Klasikinis \u017ealias keturlapis dobilas \u2013 \u201eLucky Clover\u201c\"}]},{\"@type\":\"WebSite\",\"@id\":\"https:\/\/kabinam.lt\/#website\",\"url\":\"https:\/\/kabinam.lt\/\",\"name\":\"kabinam.lt\",\"description\":\"Kabinam.lt \u2013 raktu pakabukai ir aksesuarai\",\"publisher\":{\"@id\":\"https:\/\/kabinam.lt\/#organization\"},\"alternateName\":\"pakabukai lt\",\"potentialAction\":[{\"@type\":\"SearchAction\",\"target\":{\"@type\":\"EntryPoint\",\"urlTemplate\":\"https:\/\/kabinam.lt\/?s={search_term_string}\"},\"query-input\":{\"@type\":\"PropertyValueSpecification\",\"valueRequired\":true,\"valueName\":\"search_term_string\"}}],\"inLanguage\":\"et\"},{\"@type\":\"Organization\",\"@id\":\"https:\/\/kabinam.lt\/#organization\",\"name\":\"kabinam.lt\",\"alternateName\":\"kabinam\",\"url\":\"https:\/\/kabinam.lt\/\",\"logo\":{\"@type\":\"ImageObject\",\"inLanguage\":\"et\",\"@id\":\"https:\/\/kabinam.lt\/#\/schema\/logo\/image\/\",\"url\":\"https:\/\/kabinam.lt\/wp-content\/uploads\/2025\/05\/KABINAM_outer_glow.png\",\"contentUrl\":\"https:\/\/kabinam.lt\/wp-content\/uploads\/2025\/05\/KABINAM_outer_glow.png\",\"width\":474,\"height\":141,\"caption\":\"kabinam.lt\"},\"image\":{\"@id\":\"https:\/\/kabinam.lt\/#\/schema\/logo\/image\/\"}}]}<\/script>\n<!-- \/ Yoast SEO plugin. -->","yoast_head_json":{"title":"S\u0117km\u0117s Seg\u0117 | Klasikinis \u017ealias keturlapis dobilas \u2013 \u201eLucky Clover\u201c - kabinam.lt","description":"Saage endale \u00f5nne! See neljalehelise ristiku bro\u0161\u0161 on elegantne ja s\u00fcmboliline aksessuaar, mis annab teie stiilis looduslikku v\u00e4rskust ja positiivsust.","robots":{"index":"index","follow":"follow","max-snippet":"max-snippet:-1","max-image-preview":"max-image-preview:large","max-video-preview":"max-video-preview:-1"},"canonical":"https:\/\/kabinam.lt\/et\/toode\/keturlapio-dobilio-segtukas-sekmes-talismanas-pin\/","og_locale":"et_EE","og_type":"article","og_title":"S\u0117km\u0117s Seg\u0117 | Klasikinis \u017ealias keturlapis dobilas \u2013 \u201eLucky Clover\u201c - kabinam.lt","og_description":"Pasigaukite savo s\u0117km\u0119! \u0160is keturlapio dobilio segtukas eleganti\u0161kas ir simboli\u0161kas aksesuaras, suteikiantis J\u016bs\u0173 stiliui nat\u016bralios gaivos ir pozityvumo.","og_url":"https:\/\/kabinam.lt\/et\/toode\/keturlapio-dobilio-segtukas-sekmes-talismanas-pin\/","og_site_name":"kabinam.lt","article_modified_time":"2026-01-19T00:56:33+00:00","og_image":[{"width":500,"height":500,"url":"https:\/\/kabinam.lt\/wp-content\/uploads\/2025\/09\/1000077306.jpg","type":"image\/jpeg"}],"twitter_card":"summary_large_image","twitter_misc":{"Est. reading time":"1 minut"},"schema":{"@context":"https:\/\/schema.org","@graph":[{"@type":["WebPage","ItemPage"],"@id":"https:\/\/kabinam.lt\/eng\/product\/four-leaf-clover-pin-good-luck-charm-pin\/","url":"https:\/\/kabinam.lt\/eng\/product\/four-leaf-clover-pin-good-luck-charm-pin\/","name":"S\u0117km\u0117s Seg\u0117 | Klasikinis \u017ealias keturlapis dobilas \u2013 \u201eLucky Clover\u201c - kabinam.lt","isPartOf":{"@id":"https:\/\/kabinam.lt\/#website"},"primaryImageOfPage":{"@id":"https:\/\/kabinam.lt\/eng\/product\/four-leaf-clover-pin-good-luck-charm-pin\/#primaryimage"},"image":{"@id":"https:\/\/kabinam.lt\/eng\/product\/four-leaf-clover-pin-good-luck-charm-pin\/#primaryimage"},"thumbnailUrl":"https:\/\/kabinam.lt\/wp-content\/uploads\/2025\/09\/1000077306.jpg","datePublished":"2025-09-10T18:47:50+00:00","dateModified":"2026-01-19T00:56:33+00:00","description":"Saage endale \u00f5nne! See neljalehelise ristiku bro\u0161\u0161 on elegantne ja s\u00fcmboliline aksessuaar, mis annab teie stiilis looduslikku v\u00e4rskust ja positiivsust.","breadcrumb":{"@id":"https:\/\/kabinam.lt\/eng\/product\/four-leaf-clover-pin-good-luck-charm-pin\/#breadcrumb"},"inLanguage":"et","potentialAction":[{"@type":"ReadAction","target":["https:\/\/kabinam.lt\/eng\/product\/four-leaf-clover-pin-good-luck-charm-pin\/"]}]},{"@type":"ImageObject","inLanguage":"et","@id":"https:\/\/kabinam.lt\/eng\/product\/four-leaf-clover-pin-good-luck-charm-pin\/#primaryimage","url":"https:\/\/kabinam.lt\/wp-content\/uploads\/2025\/09\/1000077306.jpg","contentUrl":"https:\/\/kabinam.lt\/wp-content\/uploads\/2025\/09\/1000077306.jpg","width":500,"height":500,"caption":"Eleganti\u0161ko Keturlapio Dobilio Emalio Segtuko Dizainas"},{"@type":"BreadcrumbList","@id":"https:\/\/kabinam.lt\/eng\/product\/four-leaf-clover-pin-good-luck-charm-pin\/#breadcrumb","itemListElement":[{"@type":"ListItem","position":1,"name":"Home","item":"https:\/\/kabinam.lt\/"},{"@type":"ListItem","position":2,"name":"Visi Produktai","item":"https:\/\/kabinam.lt\/visi-produktai\/"},{"@type":"ListItem","position":3,"name":"S\u0117km\u0117s Seg\u0117 | Klasikinis \u017ealias keturlapis dobilas \u2013 \u201eLucky Clover\u201c"}]},{"@type":"WebSite","@id":"https:\/\/kabinam.lt\/#website","url":"https:\/\/kabinam.lt\/","name":"kabinam.lt","description":"Kabinam.lt - v\u00f5tmehoidjad ja aksessuaarid","publisher":{"@id":"https:\/\/kabinam.lt\/#organization"},"alternateName":"pakabukai lt","potentialAction":[{"@type":"SearchAction","target":{"@type":"EntryPoint","urlTemplate":"https:\/\/kabinam.lt\/?s={search_term_string}"},"query-input":{"@type":"PropertyValueSpecification","valueRequired":true,"valueName":"search_term_string"}}],"inLanguage":"et"},{"@type":"Organization","@id":"https:\/\/kabinam.lt\/#organization","name":"kabinam.lt","alternateName":"kabinam","url":"https:\/\/kabinam.lt\/","logo":{"@type":"ImageObject","inLanguage":"et","@id":"https:\/\/kabinam.lt\/#\/schema\/logo\/image\/","url":"https:\/\/kabinam.lt\/wp-content\/uploads\/2025\/05\/KABINAM_outer_glow.png","contentUrl":"https:\/\/kabinam.lt\/wp-content\/uploads\/2025\/05\/KABINAM_outer_glow.png","width":474,"height":141,"caption":"kabinam.lt"},"image":{"@id":"https:\/\/kabinam.lt\/#\/schema\/logo\/image\/"}}]}},"uagb_featured_image_src":{"full":["https:\/\/kabinam.lt\/wp-content\/uploads\/2025\/09\/1000077306.jpg",500,500,false],"thumbnail":["https:\/\/kabinam.lt\/wp-content\/uploads\/2025\/09\/1000077306-150x150.jpg",150,150,true],"medium":["https:\/\/kabinam.lt\/wp-content\/uploads\/2025\/09\/1000077306-300x300.jpg",300,300,true],"medium_large":["https:\/\/kabinam.lt\/wp-content\/uploads\/2025\/09\/1000077306.jpg",500,500,false],"large":["https:\/\/kabinam.lt\/wp-content\/uploads\/2025\/09\/1000077306.jpg",500,500,false],"1536x1536":["https:\/\/kabinam.lt\/wp-content\/uploads\/2025\/09\/1000077306.jpg",500,500,false],"2048x2048":["https:\/\/kabinam.lt\/wp-content\/uploads\/2025\/09\/1000077306.jpg",500,500,false],"trp-custom-language-flag":["https:\/\/kabinam.lt\/wp-content\/uploads\/2025\/09\/1000077306.jpg",12,12,false],"woocommerce_thumbnail":["https:\/\/kabinam.lt\/wp-content\/uploads\/2025\/09\/1000077306-300x300.jpg",300,300,true],"woocommerce_single":["https:\/\/kabinam.lt\/wp-content\/uploads\/2025\/09\/1000077306.jpg",500,500,false],"woocommerce_gallery_thumbnail":["https:\/\/kabinam.lt\/wp-content\/uploads\/2025\/09\/1000077306-100x100.jpg",100,100,true]},"uagb_author_info":{"display_name":"kabinam.lt","author_link":"https:\/\/kabinam.lt\/et\/author\/"},"uagb_comment_info":0,"uagb_excerpt":"Ry\u0161kus ir simbolinis emalio pin'as. Sodriai \u017ealias keturlapis dobilas su auksiniais akcentais \u2013 idealus aksesuaras ie\u0161kantiems s\u0117km\u0117s talismano ir gamtos motyv\u0173.","_links":{"self":[{"href":"https:\/\/kabinam.lt\/et\/wp-json\/wp\/v2\/product\/4070","targetHints":{"allow":["GET"]}}],"collection":[{"href":"https:\/\/kabinam.lt\/et\/wp-json\/wp\/v2\/product"}],"about":[{"href":"https:\/\/kabinam.lt\/et\/wp-json\/wp\/v2\/types\/product"}],"replies":[{"embeddable":true,"href":"https:\/\/kabinam.lt\/et\/wp-json\/wp\/v2\/comments?post=4070"}],"wp:featuredmedia":[{"embeddable":true,"href":"https:\/\/kabinam.lt\/et\/wp-json\/wp\/v2\/media\/4069"}],"wp:attachment":[{"href":"https:\/\/kabinam.lt\/et\/wp-json\/wp\/v2\/media?parent=4070"}],"wp:term":[{"taxonomy":"product_brand","embeddable":true,"href":"https:\/\/kabinam.lt\/et\/wp-json\/wp\/v2\/product_brand?post=4070"},{"taxonomy":"product_cat","embeddable":true,"href":"https:\/\/kabinam.lt\/et\/wp-json\/wp\/v2\/product_cat?post=4070"},{"taxonomy":"product_tag","embeddable":true,"href":"https:\/\/kabinam.lt\/et\/wp-json\/wp\/v2\/product_tag?post=4070"}],"curies":[{"name":"wp","href":"https:\/\/api.w.org\/{rel}","templated":true}]}}