{"id":3950,"date":"2025-07-14T21:28:33","date_gmt":"2025-07-14T19:28:33","guid":{"rendered":"https:\/\/kabinam.lt\/?post_type=product&#038;p=3950"},"modified":"2026-01-19T01:57:48","modified_gmt":"2026-01-18T23:57:48","slug":"korgiu-myletojai-zenkliukas-fun-size","status":"publish","type":"product","link":"https:\/\/kabinam.lt\/et\/product\/korgiu-myletojai-zenkliukas-fun-size\/","title":{"rendered":"Corgi-armastajad - m\u00e4rk \u201eMa ei ole l\u00fchike, ma olen l\u00f5busalt suur!\u201c"},"content":{"rendered":"<div class=\"kk-star-ratings kksr-auto kksr-align-left kksr-valign-top\"\n    data-payload='{&quot;align&quot;:&quot;left&quot;,&quot;id&quot;:&quot;3950&quot;,&quot;slug&quot;:&quot;default&quot;,&quot;valign&quot;:&quot;top&quot;,&quot;ignore&quot;:&quot;&quot;,&quot;reference&quot;:&quot;auto&quot;,&quot;class&quot;:&quot;&quot;,&quot;count&quot;:&quot;0&quot;,&quot;legendonly&quot;:&quot;&quot;,&quot;readonly&quot;:&quot;&quot;,&quot;score&quot;:&quot;0&quot;,&quot;starsonly&quot;:&quot;&quot;,&quot;best&quot;:&quot;5&quot;,&quot;gap&quot;:&quot;5&quot;,&quot;greet&quot;:&quot;Mums svarbus j\u016bs\u0173 \u012fvertinimas&quot;,&quot;legend&quot;:&quot;0\\\/5 - (0 votes)&quot;,&quot;size&quot;:&quot;24&quot;,&quot;title&quot;:&quot;Korgi\u0173 myl\u0117tojai \u2013 \u017eenkliukas su u\u017era\u0161u \u201eI\\u0026#039;m not short, I\\u0026#039;m fun-size!\u201c&quot;,&quot;width&quot;:&quot;0&quot;,&quot;_legend&quot;:&quot;{score}\\\/{best} - ({count} {votes})&quot;,&quot;font_factor&quot;:&quot;1.25&quot;}'>\n            \n<div class=\"kksr-stars\">\n    \n<div class=\"kksr-stars-inactive\">\n            <div class=\"kksr-star\" data-star=\"1\" style=\"padding-right: 5px\">\n            \n\n<div class=\"kksr-icon\" style=\"width: 24px; height: 24px;\"><\/div>\n        <\/div>\n            <div class=\"kksr-star\" data-star=\"2\" style=\"padding-right: 5px\">\n            \n\n<div class=\"kksr-icon\" style=\"width: 24px; height: 24px;\"><\/div>\n        <\/div>\n            <div class=\"kksr-star\" data-star=\"3\" style=\"padding-right: 5px\">\n            \n\n<div class=\"kksr-icon\" style=\"width: 24px; height: 24px;\"><\/div>\n        <\/div>\n            <div class=\"kksr-star\" data-star=\"4\" style=\"padding-right: 5px\">\n            \n\n<div class=\"kksr-icon\" style=\"width: 24px; height: 24px;\"><\/div>\n        <\/div>\n            <div class=\"kksr-star\" data-star=\"5\" style=\"padding-right: 5px\">\n            \n\n<div class=\"kksr-icon\" style=\"width: 24px; height: 24px;\"><\/div>\n        <\/div>\n    <\/div>\n    \n<div class=\"kksr-stars-active\" style=\"width: 0px;\">\n            <div class=\"kksr-star\" style=\"padding-right: 5px\">\n            \n\n<div class=\"kksr-icon\" style=\"width: 24px; height: 24px;\"><\/div>\n        <\/div>\n            <div class=\"kksr-star\" style=\"padding-right: 5px\">\n            \n\n<div class=\"kksr-icon\" style=\"width: 24px; height: 24px;\"><\/div>\n        <\/div>\n            <div class=\"kksr-star\" style=\"padding-right: 5px\">\n            \n\n<div class=\"kksr-icon\" style=\"width: 24px; height: 24px;\"><\/div>\n        <\/div>\n            <div class=\"kksr-star\" style=\"padding-right: 5px\">\n            \n\n<div class=\"kksr-icon\" style=\"width: 24px; height: 24px;\"><\/div>\n        <\/div>\n            <div class=\"kksr-star\" style=\"padding-right: 5px\">\n            \n\n<div class=\"kksr-icon\" style=\"width: 24px; height: 24px;\"><\/div>\n        <\/div>\n    <\/div>\n<\/div>\n                \n\n<div class=\"kksr-legend\" style=\"font-size: 19.2px;\">\n            <span class=\"kksr-muted\">Teie hinnang on meile oluline<\/span>\n    <\/div>\n    <\/div>\n<h1>Corgi-armastajad - m\u00e4rk \u201eMa ei ole l\u00fchike, ma olen l\u00f5busalt suur!\u201c<\/h1>\n<p>\u0160is \u017eaismingas \u017eenkliukas su korgiuku ir u\u017era\u0161u \u201eI\u2019m not short, I\u2019m fun-size!\u201c yra skirtas visiems <strong>korgi\u0173 myl\u0117tojai<\/strong> bendruomenei. Tai ne tik stilingas aksesuaras, bet ir linksm\u0105 \u017einut\u0119 perduodanti detal\u0117, kuri\u0105 \u012fvertins visi, pa\u017e\u012fstantys \u0161ios \u0161un\u0173 veisl\u0117s i\u0161skirtinum\u0105. Ma\u017eas, bet galingas \u2013 tai \u017einut\u0117, kuri\u0105 \u0161is korgis perteikia kiekvien\u0105 kart\u0105, kai tik pa\u017evelgsite \u012f j\u012f.<\/p>\n<h2>Korgi\u0173 myl\u0117tojai renkasi unikalius akcentus<\/h2>\n<p><strong>Korgi\u0173 myl\u0117tojai<\/strong> \u017eino, kad korgiai n\u0117ra tik \u0161unys \u2013 jie charizmati\u0161ki, saviti ir visuomet pasireng\u0119 nuotykiams. \u0160is \u017eenkliukas puikiai tinka tiems, kurie vertina humoro jausm\u0105, pozityvum\u0105 ir nori subtiliai i\u0161reik\u0161ti savo meil\u0119 augintiniams. U\u017era\u0161as \u201eI\u2019m not short, I\u2019m fun-size!\u201c \u0161maik\u0161\u010diai perteikia korgi\u0173 fizines savybes, o tuo pa\u010diu \u2013 ir j\u0173 vidin\u0119 j\u0117g\u0105 bei energij\u0105.<\/p>\n<h2>Stilingas dizainas \u2013 auk\u0161ta kokyb\u0117<\/h2>\n<p>\u017denkliukas pagamintas i\u0161 tvirto metalo su spalvotais da\u017eais, kurie i\u0161ry\u0161kina korgio fig\u016br\u0105 ir i\u0161skirtin\u012f u\u017era\u0161\u0105. Matinis pavir\u0161ius suteikia subtil\u0173, bet ak\u012f traukiant\u012f efekt\u0105, o saugus u\u017esegimas leid\u017eia \u0161\u012f aksesuar\u0105 tvirtai pritvirtinti prie kuprin\u0117s, \u0161varko ar net skryb\u0117l\u0117s. Jis ne tik papildo aprang\u0105, bet ir atskleid\u017eia asmenyb\u0119.<\/p>\n<h3>Kam tinka \u0161is \u017eenkliukas?<\/h3>\n<ul>\n<li>Gyv\u016bn\u0173 myl\u0117tojams, ypa\u010d \u2013 korgi\u0173 fanams<\/li>\n<li>Ie\u0161kantiems smagios ir asmenin\u0117s dovanos<\/li>\n<li>Norintiems i\u0161siskirti savo aksesuarais<\/li>\n<li>Vertinantiems \u0161maik\u0161\u010dius pasisakymus<\/li>\n<\/ul>\n<h2>Korgiai \u2013 trumpi, bet svarb\u016bs!<\/h2>\n<p>Korgiai neretai vadinami karali\u0161kais \u0161unimis, nes b\u016btent \u0161ios veisl\u0117s augintinius ilgus metus laik\u0117 Brit\u0173 karalien\u0117 El\u017ebieta II. Ta\u010diau korgiai n\u0117ra tik istoriniai simboliai \u2013 jie tapo modernios popkult\u016bros dalimi, ypa\u010d tarp jaunimo. \u0160is \u017eenkliukas \u2013 tai \u017eaismingas b\u016bdas prisijungti prie \u0161ios unikalios kult\u016bros.<\/p>\n<h2>Ie\u0161kai daugiau korgi\u0161k\u0173 id\u0117j\u0173?<\/h2>\n<p>U\u017esukite \u012f m\u016bs\u0173 \u017eenkliuk\u0173 kolekcij\u0105 <a href=\"https:\/\/kabinam.lt\/et\/tootekategooria\/rinnamargid-pins\/\">siin<\/a> ir atraskite daugiau smagi\u0173 aksesuar\u0173, skirt\u0173 \u0161un\u0173 ir ypa\u010d korgi\u0173 gerb\u0117jams. M\u016bs\u0173 kolekcijoje \u2013 \u012fvairi\u0173 form\u0173, spalv\u0173 ir nuotaik\u0173 \u017eenkliukai, leid\u017eiantys kiekvienam susikurti unikal\u0173 stili\u0173. Taip pat rekomenduojame apsilankyti svetain\u0117je <a class=\"\" href=\"https:\/\/www.corgilife.com\" target=\"_new\" rel=\"noopener\" data-start=\"2287\" data-end=\"2329\">corgilife.com<\/a> \u2013 \u010dia rasite dar daugiau \u012fkv\u0117pimo korgi\u0173 gerb\u0117jams.<\/p>","protected":false},"excerpt":{"rendered":"<p>Spalvingas \u017eenkliukas su mielu korgiuku ir \u0161maik\u0161\u010diu u\u017era\u0161u \u2013 puikus pasirinkimas visiems korgi\u0173 myl\u0117tojams ir tiems, kurie vertina humor\u0105.<\/p>","protected":false},"featured_media":3951,"comment_status":"open","ping_status":"closed","template":"","meta":{"_uag_custom_page_level_css":"","site-sidebar-layout":"default","site-content-layout":"","ast-site-content-layout":"default","site-content-style":"default","site-sidebar-style":"default","ast-global-header-display":"","ast-banner-title-visibility":"","ast-main-header-display":"","ast-hfb-above-header-display":"","ast-hfb-below-header-display":"","ast-hfb-mobile-header-display":"","site-post-title":"","ast-breadcrumbs-content":"","ast-featured-img":"","footer-sml-layout":"","ast-disable-related-posts":"","theme-transparent-header-meta":"default","adv-header-id-meta":"","stick-header-meta":"","header-above-stick-meta":"","header-main-stick-meta":"","header-below-stick-meta":"","astra-migrate-meta-layouts":"set","ast-page-background-enabled":"default","ast-page-background-meta":{"desktop":{"background-color":"var(--ast-global-color-4)","background-image":"","background-repeat":"repeat","background-position":"center center","background-size":"auto","background-attachment":"scroll","background-type":"","background-media":"","overlay-type":"","overlay-color":"","overlay-opacity":"","overlay-gradient":""},"tablet":{"background-color":"","background-image":"","background-repeat":"repeat","background-position":"center center","background-size":"auto","background-attachment":"scroll","background-type":"","background-media":"","overlay-type":"","overlay-color":"","overlay-opacity":"","overlay-gradient":""},"mobile":{"background-color":"","background-image":"","background-repeat":"repeat","background-position":"center center","background-size":"auto","background-attachment":"scroll","background-type":"","background-media":"","overlay-type":"","overlay-color":"","overlay-opacity":"","overlay-gradient":""}},"ast-content-background-meta":{"desktop":{"background-color":"var(--ast-global-color-5)","background-image":"","background-repeat":"repeat","background-position":"center center","background-size":"auto","background-attachment":"scroll","background-type":"","background-media":"","overlay-type":"","overlay-color":"","overlay-opacity":"","overlay-gradient":""},"tablet":{"background-color":"var(--ast-global-color-5)","background-image":"","background-repeat":"repeat","background-position":"center center","background-size":"auto","background-attachment":"scroll","background-type":"","background-media":"","overlay-type":"","overlay-color":"","overlay-opacity":"","overlay-gradient":""},"mobile":{"background-color":"var(--ast-global-color-5)","background-image":"","background-repeat":"repeat","background-position":"center center","background-size":"auto","background-attachment":"scroll","background-type":"","background-media":"","overlay-type":"","overlay-color":"","overlay-opacity":"","overlay-gradient":""}}},"product_brand":[],"product_cat":[126,119,92],"product_tag":[],"class_list":{"0":"post-3950","1":"product","2":"type-product","3":"status-publish","4":"has-post-thumbnail","6":"product_cat-visi","7":"product_cat-smeigtukai-pins","8":"product_cat-populiariausiu-produktu-kategorija","9":"desktop-align-center","10":"tablet-align-left","11":"mobile-align-left","13":"first","14":"instock","15":"shipping-taxable","16":"purchasable","17":"product-type-simple"},"yoast_head":"<!-- This site is optimized with the Yoast SEO plugin v27.1.1 - https:\/\/yoast.com\/product\/yoast-seo-wordpress\/ -->\n<title>Korgi\u0173 myl\u0117tojai \u2013 \u017eenkliukas su u\u017era\u0161u \u201eI&#039;m not short, I&#039;m fun-size!\u201c - kabinam.lt<\/title>\n<meta name=\"description\" content=\"\u017denkliukas su korgiu ir u\u017era\u0161u \u201eI&#039;m not short, I&#039;m fun-size!\u201c \u2013 i\u0161skirtinis aksesuaras visiems korgi\u0173 myl\u0117tojams.\" \/>\n<meta name=\"robots\" content=\"index, follow, max-snippet:-1, max-image-preview:large, max-video-preview:-1\" \/>\n<link rel=\"canonical\" href=\"https:\/\/kabinam.lt\/et\/toode\/korgiu-myletojai-zenkliukas-fun-size\/\" \/>\n<meta property=\"og:locale\" content=\"et_EE\" \/>\n<meta property=\"og:type\" content=\"article\" \/>\n<meta property=\"og:title\" content=\"Korgi\u0173 myl\u0117tojai \u2013 \u017eenkliukas su u\u017era\u0161u \u201eI&#039;m not short, I&#039;m fun-size!\u201c - kabinam.lt\" \/>\n<meta property=\"og:description\" content=\"\u017denkliukas su korgiu ir u\u017era\u0161u \u201eI&#039;m not short, I&#039;m fun-size!\u201c \u2013 i\u0161skirtinis aksesuaras visiems korgi\u0173 myl\u0117tojams.\" \/>\n<meta property=\"og:url\" content=\"https:\/\/kabinam.lt\/et\/toode\/korgiu-myletojai-zenkliukas-fun-size\/\" \/>\n<meta property=\"og:site_name\" content=\"kabinam.lt\" \/>\n<meta property=\"article:modified_time\" content=\"2026-01-18T23:57:48+00:00\" \/>\n<meta property=\"og:image\" content=\"https:\/\/kabinam.lt\/wp-content\/uploads\/2025\/07\/main-image-10.jpeg\" \/>\n\t<meta property=\"og:image:width\" content=\"800\" \/>\n\t<meta property=\"og:image:height\" content=\"800\" \/>\n\t<meta property=\"og:image:type\" content=\"image\/jpeg\" \/>\n<meta name=\"twitter:card\" content=\"summary_large_image\" \/>\n<meta name=\"twitter:label1\" content=\"Est. reading time\" \/>\n\t<meta name=\"twitter:data1\" content=\"2 minutit\" \/>\n<script type=\"application\/ld+json\" class=\"yoast-schema-graph\">{\"@context\":\"https:\/\/schema.org\",\"@graph\":[{\"@type\":[\"WebPage\",\"ItemPage\"],\"@id\":\"https:\/\/kabinam.lt\/eng\/product\/corgi-lovers-badge-fun-size\/\",\"url\":\"https:\/\/kabinam.lt\/eng\/product\/corgi-lovers-badge-fun-size\/\",\"name\":\"Korgi\u0173 myl\u0117tojai \u2013 \u017eenkliukas su u\u017era\u0161u \u201eI'm not short, I'm fun-size!\u201c - kabinam.lt\",\"isPartOf\":{\"@id\":\"https:\/\/kabinam.lt\/#website\"},\"primaryImageOfPage\":{\"@id\":\"https:\/\/kabinam.lt\/eng\/product\/corgi-lovers-badge-fun-size\/#primaryimage\"},\"image\":{\"@id\":\"https:\/\/kabinam.lt\/eng\/product\/corgi-lovers-badge-fun-size\/#primaryimage\"},\"thumbnailUrl\":\"https:\/\/kabinam.lt\/wp-content\/uploads\/2025\/07\/main-image-10.jpeg\",\"datePublished\":\"2025-07-14T19:28:33+00:00\",\"dateModified\":\"2026-01-18T23:57:48+00:00\",\"description\":\"\u017denkliukas su korgiu ir u\u017era\u0161u \u201eI'm not short, I'm fun-size!\u201c \u2013 i\u0161skirtinis aksesuaras visiems korgi\u0173 myl\u0117tojams.\",\"breadcrumb\":{\"@id\":\"https:\/\/kabinam.lt\/eng\/product\/corgi-lovers-badge-fun-size\/#breadcrumb\"},\"inLanguage\":\"et\",\"potentialAction\":[{\"@type\":\"ReadAction\",\"target\":[\"https:\/\/kabinam.lt\/eng\/product\/corgi-lovers-badge-fun-size\/\"]}]},{\"@type\":\"ImageObject\",\"inLanguage\":\"et\",\"@id\":\"https:\/\/kabinam.lt\/eng\/product\/corgi-lovers-badge-fun-size\/#primaryimage\",\"url\":\"https:\/\/kabinam.lt\/wp-content\/uploads\/2025\/07\/main-image-10.jpeg\",\"contentUrl\":\"https:\/\/kabinam.lt\/wp-content\/uploads\/2025\/07\/main-image-10.jpeg\",\"width\":800,\"height\":800,\"caption\":\"\u017daismingas \u017eenkliukas su korgiu ir \u0161maik\u0161\u010diu u\u017era\u0161u\"},{\"@type\":\"BreadcrumbList\",\"@id\":\"https:\/\/kabinam.lt\/eng\/product\/corgi-lovers-badge-fun-size\/#breadcrumb\",\"itemListElement\":[{\"@type\":\"ListItem\",\"position\":1,\"name\":\"Home\",\"item\":\"https:\/\/kabinam.lt\/\"},{\"@type\":\"ListItem\",\"position\":2,\"name\":\"Visi Produktai\",\"item\":\"https:\/\/kabinam.lt\/visi-produktai\/\"},{\"@type\":\"ListItem\",\"position\":3,\"name\":\"Korgi\u0173 myl\u0117tojai \u2013 \u017eenkliukas su u\u017era\u0161u \u201eI&#8217;m not short, I&#8217;m fun-size!\u201c\"}]},{\"@type\":\"WebSite\",\"@id\":\"https:\/\/kabinam.lt\/#website\",\"url\":\"https:\/\/kabinam.lt\/\",\"name\":\"kabinam.lt\",\"description\":\"Kabinam.lt \u2013 raktu pakabukai ir aksesuarai\",\"publisher\":{\"@id\":\"https:\/\/kabinam.lt\/#organization\"},\"alternateName\":\"pakabukai lt\",\"potentialAction\":[{\"@type\":\"SearchAction\",\"target\":{\"@type\":\"EntryPoint\",\"urlTemplate\":\"https:\/\/kabinam.lt\/?s={search_term_string}\"},\"query-input\":{\"@type\":\"PropertyValueSpecification\",\"valueRequired\":true,\"valueName\":\"search_term_string\"}}],\"inLanguage\":\"et\"},{\"@type\":\"Organization\",\"@id\":\"https:\/\/kabinam.lt\/#organization\",\"name\":\"kabinam.lt\",\"alternateName\":\"kabinam\",\"url\":\"https:\/\/kabinam.lt\/\",\"logo\":{\"@type\":\"ImageObject\",\"inLanguage\":\"et\",\"@id\":\"https:\/\/kabinam.lt\/#\/schema\/logo\/image\/\",\"url\":\"https:\/\/kabinam.lt\/wp-content\/uploads\/2025\/05\/KABINAM_outer_glow.png\",\"contentUrl\":\"https:\/\/kabinam.lt\/wp-content\/uploads\/2025\/05\/KABINAM_outer_glow.png\",\"width\":474,\"height\":141,\"caption\":\"kabinam.lt\"},\"image\":{\"@id\":\"https:\/\/kabinam.lt\/#\/schema\/logo\/image\/\"}}]}<\/script>\n<!-- \/ Yoast SEO plugin. -->","yoast_head_json":{"title":"Korgi\u0173 myl\u0117tojai \u2013 \u017eenkliukas su u\u017era\u0161u \u201eI'm not short, I'm fun-size!\u201c - kabinam.lt","description":"\u017denkliukas su korgiu ir u\u017era\u0161u \u201eI'm not short, I'm fun-size!\u201c \u2013 i\u0161skirtinis aksesuaras visiems korgi\u0173 myl\u0117tojams.","robots":{"index":"index","follow":"follow","max-snippet":"max-snippet:-1","max-image-preview":"max-image-preview:large","max-video-preview":"max-video-preview:-1"},"canonical":"https:\/\/kabinam.lt\/et\/toode\/korgiu-myletojai-zenkliukas-fun-size\/","og_locale":"et_EE","og_type":"article","og_title":"Korgi\u0173 myl\u0117tojai \u2013 \u017eenkliukas su u\u017era\u0161u \u201eI'm not short, I'm fun-size!\u201c - kabinam.lt","og_description":"\u017denkliukas su korgiu ir u\u017era\u0161u \u201eI'm not short, I'm fun-size!\u201c \u2013 i\u0161skirtinis aksesuaras visiems korgi\u0173 myl\u0117tojams.","og_url":"https:\/\/kabinam.lt\/et\/toode\/korgiu-myletojai-zenkliukas-fun-size\/","og_site_name":"kabinam.lt","article_modified_time":"2026-01-18T23:57:48+00:00","og_image":[{"width":800,"height":800,"url":"https:\/\/kabinam.lt\/wp-content\/uploads\/2025\/07\/main-image-10.jpeg","type":"image\/jpeg"}],"twitter_card":"summary_large_image","twitter_misc":{"Est. reading time":"2 minutit"},"schema":{"@context":"https:\/\/schema.org","@graph":[{"@type":["WebPage","ItemPage"],"@id":"https:\/\/kabinam.lt\/eng\/product\/corgi-lovers-badge-fun-size\/","url":"https:\/\/kabinam.lt\/eng\/product\/corgi-lovers-badge-fun-size\/","name":"Korgi\u0173 myl\u0117tojai \u2013 \u017eenkliukas su u\u017era\u0161u \u201eI'm not short, I'm fun-size!\u201c - kabinam.lt","isPartOf":{"@id":"https:\/\/kabinam.lt\/#website"},"primaryImageOfPage":{"@id":"https:\/\/kabinam.lt\/eng\/product\/corgi-lovers-badge-fun-size\/#primaryimage"},"image":{"@id":"https:\/\/kabinam.lt\/eng\/product\/corgi-lovers-badge-fun-size\/#primaryimage"},"thumbnailUrl":"https:\/\/kabinam.lt\/wp-content\/uploads\/2025\/07\/main-image-10.jpeg","datePublished":"2025-07-14T19:28:33+00:00","dateModified":"2026-01-18T23:57:48+00:00","description":"\u017denkliukas su korgiu ir u\u017era\u0161u \u201eI'm not short, I'm fun-size!\u201c \u2013 i\u0161skirtinis aksesuaras visiems korgi\u0173 myl\u0117tojams.","breadcrumb":{"@id":"https:\/\/kabinam.lt\/eng\/product\/corgi-lovers-badge-fun-size\/#breadcrumb"},"inLanguage":"et","potentialAction":[{"@type":"ReadAction","target":["https:\/\/kabinam.lt\/eng\/product\/corgi-lovers-badge-fun-size\/"]}]},{"@type":"ImageObject","inLanguage":"et","@id":"https:\/\/kabinam.lt\/eng\/product\/corgi-lovers-badge-fun-size\/#primaryimage","url":"https:\/\/kabinam.lt\/wp-content\/uploads\/2025\/07\/main-image-10.jpeg","contentUrl":"https:\/\/kabinam.lt\/wp-content\/uploads\/2025\/07\/main-image-10.jpeg","width":800,"height":800,"caption":"\u017daismingas \u017eenkliukas su korgiu ir \u0161maik\u0161\u010diu u\u017era\u0161u"},{"@type":"BreadcrumbList","@id":"https:\/\/kabinam.lt\/eng\/product\/corgi-lovers-badge-fun-size\/#breadcrumb","itemListElement":[{"@type":"ListItem","position":1,"name":"Home","item":"https:\/\/kabinam.lt\/"},{"@type":"ListItem","position":2,"name":"Visi Produktai","item":"https:\/\/kabinam.lt\/visi-produktai\/"},{"@type":"ListItem","position":3,"name":"Korgi\u0173 myl\u0117tojai \u2013 \u017eenkliukas su u\u017era\u0161u \u201eI&#8217;m not short, I&#8217;m fun-size!\u201c"}]},{"@type":"WebSite","@id":"https:\/\/kabinam.lt\/#website","url":"https:\/\/kabinam.lt\/","name":"kabinam.lt","description":"Kabinam.lt - v\u00f5tmehoidjad ja aksessuaarid","publisher":{"@id":"https:\/\/kabinam.lt\/#organization"},"alternateName":"pakabukai lt","potentialAction":[{"@type":"SearchAction","target":{"@type":"EntryPoint","urlTemplate":"https:\/\/kabinam.lt\/?s={search_term_string}"},"query-input":{"@type":"PropertyValueSpecification","valueRequired":true,"valueName":"search_term_string"}}],"inLanguage":"et"},{"@type":"Organization","@id":"https:\/\/kabinam.lt\/#organization","name":"kabinam.lt","alternateName":"kabinam","url":"https:\/\/kabinam.lt\/","logo":{"@type":"ImageObject","inLanguage":"et","@id":"https:\/\/kabinam.lt\/#\/schema\/logo\/image\/","url":"https:\/\/kabinam.lt\/wp-content\/uploads\/2025\/05\/KABINAM_outer_glow.png","contentUrl":"https:\/\/kabinam.lt\/wp-content\/uploads\/2025\/05\/KABINAM_outer_glow.png","width":474,"height":141,"caption":"kabinam.lt"},"image":{"@id":"https:\/\/kabinam.lt\/#\/schema\/logo\/image\/"}}]}},"uagb_featured_image_src":{"full":["https:\/\/kabinam.lt\/wp-content\/uploads\/2025\/07\/main-image-10.jpeg",800,800,false],"thumbnail":["https:\/\/kabinam.lt\/wp-content\/uploads\/2025\/07\/main-image-10-150x150.jpeg",150,150,true],"medium":["https:\/\/kabinam.lt\/wp-content\/uploads\/2025\/07\/main-image-10-300x300.jpeg",300,300,true],"medium_large":["https:\/\/kabinam.lt\/wp-content\/uploads\/2025\/07\/main-image-10-768x768.jpeg",768,768,true],"large":["https:\/\/kabinam.lt\/wp-content\/uploads\/2025\/07\/main-image-10.jpeg",800,800,false],"1536x1536":["https:\/\/kabinam.lt\/wp-content\/uploads\/2025\/07\/main-image-10.jpeg",800,800,false],"2048x2048":["https:\/\/kabinam.lt\/wp-content\/uploads\/2025\/07\/main-image-10.jpeg",800,800,false],"trp-custom-language-flag":["https:\/\/kabinam.lt\/wp-content\/uploads\/2025\/07\/main-image-10.jpeg",12,12,false],"woocommerce_thumbnail":["https:\/\/kabinam.lt\/wp-content\/uploads\/2025\/07\/main-image-10-300x300.jpeg",300,300,true],"woocommerce_single":["https:\/\/kabinam.lt\/wp-content\/uploads\/2025\/07\/main-image-10-600x600.jpeg",600,600,true],"woocommerce_gallery_thumbnail":["https:\/\/kabinam.lt\/wp-content\/uploads\/2025\/07\/main-image-10-100x100.jpeg",100,100,true]},"uagb_author_info":{"display_name":"kabinam.lt","author_link":"https:\/\/kabinam.lt\/et\/author\/"},"uagb_comment_info":0,"uagb_excerpt":"Spalvingas \u017eenkliukas su mielu korgiuku ir \u0161maik\u0161\u010diu u\u017era\u0161u \u2013 puikus pasirinkimas visiems korgi\u0173 myl\u0117tojams ir tiems, kurie vertina humor\u0105.","_links":{"self":[{"href":"https:\/\/kabinam.lt\/et\/wp-json\/wp\/v2\/product\/3950","targetHints":{"allow":["GET"]}}],"collection":[{"href":"https:\/\/kabinam.lt\/et\/wp-json\/wp\/v2\/product"}],"about":[{"href":"https:\/\/kabinam.lt\/et\/wp-json\/wp\/v2\/types\/product"}],"replies":[{"embeddable":true,"href":"https:\/\/kabinam.lt\/et\/wp-json\/wp\/v2\/comments?post=3950"}],"wp:featuredmedia":[{"embeddable":true,"href":"https:\/\/kabinam.lt\/et\/wp-json\/wp\/v2\/media\/3951"}],"wp:attachment":[{"href":"https:\/\/kabinam.lt\/et\/wp-json\/wp\/v2\/media?parent=3950"}],"wp:term":[{"taxonomy":"product_brand","embeddable":true,"href":"https:\/\/kabinam.lt\/et\/wp-json\/wp\/v2\/product_brand?post=3950"},{"taxonomy":"product_cat","embeddable":true,"href":"https:\/\/kabinam.lt\/et\/wp-json\/wp\/v2\/product_cat?post=3950"},{"taxonomy":"product_tag","embeddable":true,"href":"https:\/\/kabinam.lt\/et\/wp-json\/wp\/v2\/product_tag?post=3950"}],"curies":[{"name":"wp","href":"https:\/\/api.w.org\/{rel}","templated":true}]}}