{"id":3825,"date":"2025-06-08T21:22:33","date_gmt":"2025-06-08T19:22:33","guid":{"rendered":"https:\/\/kabinam.lt\/?post_type=product&#038;p=3825"},"modified":"2026-01-19T02:30:26","modified_gmt":"2026-01-19T00:30:26","slug":"ananassikujuline-rinnamark","status":"publish","type":"product","link":"https:\/\/kabinam.lt\/et\/product\/ananaso-formos-zenkliukas\/","title":{"rendered":"Ananassi m\u00e4rk"},"content":{"rendered":"<div class=\"kk-star-ratings kksr-auto kksr-align-left kksr-valign-top\"\n    data-payload='{&quot;align&quot;:&quot;left&quot;,&quot;id&quot;:&quot;3825&quot;,&quot;slug&quot;:&quot;default&quot;,&quot;valign&quot;:&quot;top&quot;,&quot;ignore&quot;:&quot;&quot;,&quot;reference&quot;:&quot;auto&quot;,&quot;class&quot;:&quot;&quot;,&quot;count&quot;:&quot;0&quot;,&quot;legendonly&quot;:&quot;&quot;,&quot;readonly&quot;:&quot;&quot;,&quot;score&quot;:&quot;0&quot;,&quot;starsonly&quot;:&quot;&quot;,&quot;best&quot;:&quot;5&quot;,&quot;gap&quot;:&quot;5&quot;,&quot;greet&quot;:&quot;Mums svarbus j\u016bs\u0173 \u012fvertinimas&quot;,&quot;legend&quot;:&quot;0\\\/5 - (0 votes)&quot;,&quot;size&quot;:&quot;24&quot;,&quot;title&quot;:&quot;Ananaso formos \u017eenkliukas&quot;,&quot;width&quot;:&quot;0&quot;,&quot;_legend&quot;:&quot;{score}\\\/{best} - ({count} {votes})&quot;,&quot;font_factor&quot;:&quot;1.25&quot;}'>\n            \n<div class=\"kksr-stars\">\n    \n<div class=\"kksr-stars-inactive\">\n            <div class=\"kksr-star\" data-star=\"1\" style=\"padding-right: 5px\">\n            \n\n<div class=\"kksr-icon\" style=\"width: 24px; height: 24px;\"><\/div>\n        <\/div>\n            <div class=\"kksr-star\" data-star=\"2\" style=\"padding-right: 5px\">\n            \n\n<div class=\"kksr-icon\" style=\"width: 24px; height: 24px;\"><\/div>\n        <\/div>\n            <div class=\"kksr-star\" data-star=\"3\" style=\"padding-right: 5px\">\n            \n\n<div class=\"kksr-icon\" style=\"width: 24px; height: 24px;\"><\/div>\n        <\/div>\n            <div class=\"kksr-star\" data-star=\"4\" style=\"padding-right: 5px\">\n            \n\n<div class=\"kksr-icon\" style=\"width: 24px; height: 24px;\"><\/div>\n        <\/div>\n            <div class=\"kksr-star\" data-star=\"5\" style=\"padding-right: 5px\">\n            \n\n<div class=\"kksr-icon\" style=\"width: 24px; height: 24px;\"><\/div>\n        <\/div>\n    <\/div>\n    \n<div class=\"kksr-stars-active\" style=\"width: 0px;\">\n            <div class=\"kksr-star\" style=\"padding-right: 5px\">\n            \n\n<div class=\"kksr-icon\" style=\"width: 24px; height: 24px;\"><\/div>\n        <\/div>\n            <div class=\"kksr-star\" style=\"padding-right: 5px\">\n            \n\n<div class=\"kksr-icon\" style=\"width: 24px; height: 24px;\"><\/div>\n        <\/div>\n            <div class=\"kksr-star\" style=\"padding-right: 5px\">\n            \n\n<div class=\"kksr-icon\" style=\"width: 24px; height: 24px;\"><\/div>\n        <\/div>\n            <div class=\"kksr-star\" style=\"padding-right: 5px\">\n            \n\n<div class=\"kksr-icon\" style=\"width: 24px; height: 24px;\"><\/div>\n        <\/div>\n            <div class=\"kksr-star\" style=\"padding-right: 5px\">\n            \n\n<div class=\"kksr-icon\" style=\"width: 24px; height: 24px;\"><\/div>\n        <\/div>\n    <\/div>\n<\/div>\n                \n\n<div class=\"kksr-legend\" style=\"font-size: 19.2px;\">\n            <span class=\"kksr-muted\">Teie hinnang on meile oluline<\/span>\n    <\/div>\n    <\/div>\n<h1>Ananassi m\u00e4rk<\/h1>\n<h2>Ry\u0161kus ananaso aksesuaras \u2013 vaisinis akcentas tavo stiliui<\/h2>\n<p>Ananaso formos \u017eenkliukas \u2013 tai emalinis, spalvingas ir stilingas aksesuaras, kuris suteikia tavo aprangai \u017eaismingumo bei tropin\u012f nuotaikos prisilietim\u0105. \u0160is subtilus, bet i\u0161rai\u0161kingas elementas puikiai tinka tiems, kurie nori i\u0161siskirti, parodyti meil\u0119 vasarai arba tiesiog m\u0117gsta vaisinius motyvus. Tropinio vaisiaus dizainas su ry\u0161kiai geltonais ir \u017ealiais atspalviais suteikia dinamikos tiek laisvalaikio, tiek miesto stiliui.<\/p>\n<p>Pirmojoje pastraipoje pavartotas focus keyphrase ananaso formos \u017eenkliukas.<\/p>\n<h2>Vaisinis simbolis kaip tavo aprangos puo\u0161mena<\/h2>\n<p>Pagamintas i\u0161 tvirto metalo lydinio ir padengtas blizgiu, spalvotu emaliu, \u0161is segamas pinas traukia ak\u012f savo kruop\u0161\u010diai atkurtu ananaso siluetu. Detal\u0117s \u2013 nuo \u017eali\u0173 lapeli\u0173 iki gelton\u0173 vaisiaus segment\u0173 \u2013 sukurtos su kruop\u0161tumu ir tikslumu, tad tai ne tik smagi detal\u0117, bet ir esteti\u0161kai i\u0161baigtas aksesuaras.<\/p>\n<p>\u0160is \u017eaismingas simbolis turi gilesn\u0119 reik\u0161m\u0119: ananasas nuo seno laikomas svetingumo, draugi\u0161kumo ir gyvybingumo simboliu. Tok\u012f \u017eenkl\u0105 seg\u0117damas, skleidi pozityvi\u0105 \u017einut\u0119 aplinkiniams \u2013 esi atviras, \u0161iltas ir gyveni su \u0161ypsena.<\/p>\n<h3>Kur seg\u0117ti tok\u012f smeigtuk\u0105?<\/h3>\n<p>Ant d\u017einsinio \u0161varko ar bomberio;<\/p>\n<p>Prie kuprin\u0117s ar rankin\u0117s;<\/p>\n<p>Ant kepur\u0117s, \u0161aliko ar net bat\u0173 rai\u0161teli\u0173;<\/p>\n<p>Prie megztinio, mar\u0161kin\u0117li\u0173 ar \u0161varko atlapo;<\/p>\n<p>Kaip kolekcin\u012f aksesuar\u0105 pin\u0173 kolekcijoje.<\/p>\n<p>\u0160is embleminis aksesuaras itin m\u0117gstamas tiek tarp jaunimo, tiek tarp vyresni\u0173 stiliaus entuziast\u0173. Jis taip pat populiarus tarp \u201epin\u201c kolekcionieri\u0173 \u2013 norint sukurti temin\u0119 kolekcij\u0105, tokie vaisiniai akcentai da\u017enai tampa vienu i\u0161 centrini\u0173 eksponat\u0173.<\/p>\n<h2>Kokyb\u0117, kuri matoma ir jau\u010diama<\/h2>\n<p>\u0160io pin\u2019o pagrindas \u2013 tvirtas, ta\u010diau lengvas metalas, u\u017etikrinantis, kad aksesuaras laikysis tvirtai, bet nesulau\u017eys ar nei\u0161temps audinio. U\u017esegimo mechanizmas \u2013 klasikinis, patikimas ir lengvai naudojamas, tod\u0117l \u017eenkliuk\u0105 galima greitai prisegti ar nuimti, kada tik prireikia. Emalio spalvos \u2013 sodrios, blizgios ir atsparios i\u0161blukimui, tod\u0117l aksesuaras ilgai i\u0161liks ry\u0161kus net intensyviai ne\u0161iojant.<\/p>\n<p>\u0160io \u017eenkliuko dizainas \u2013 tai tobula stilistikos ir linksmybi\u0173 pusiausvyra. Tinka ir kaip vasaros akcentas, ir kaip kasdienyb\u0117s praskaidrintojas bet kuriuo met\u0173 laiku.<\/p>\n<h2>Daugiau nei tik papuo\u0161alas<\/h2>\n<p>Tokie pinai (arba segami aksesuarai, \u017eenkliukai, atlapo \u017eymekliai, metaliniai embleminiai \u017eenklai, emalio segtukai, lapeliai, prisegamos dekoracijos, \u017eenkliukai smeigtukai, kolekciniai pinai) tampa vis svarbesne i\u0161rai\u0161kos forma tiek mados, tiek asmenyb\u0117s prasme.<\/p>\n<p>Ne\u0161iodami teminius pinus, \u017emon\u0117s komunikuoja apie savo pom\u0117gius, nuotaikas, simbolines vertybes. Tropinis ananasas \u0161iame kontekste \u2013 tarsi kvietimas gyventi su pol\u0117kiu, b\u016bti atviru naujiems potyriams ir nesibaiminti parodyti savo unikalumo.<\/p>\n<p data-start=\"3007\" data-end=\"3221\">Jei ie\u0161kai daugiau stiling\u0173 simbolini\u0173 aksesuar\u0173, b\u016btinai u\u017esuk \u012f m\u016bs\u0173 <a class=\"\" href=\"https:\/\/kabinam.lt\/et\/tootekategooria\/rinnamargid-pins\/\" target=\"_new\" rel=\"noopener\" data-start=\"3078\" data-end=\"3162\">smeigtuk\u0173 ir pin\u0173 kategorij\u0105<\/a>, kur rasi gausyb\u0119 emalini\u0173 \u017eenkliuk\u0173 \u012fvairiausiam skoniui.<\/p>\n<p data-start=\"3223\" data-end=\"3489\">Tiems, kurie domisi tarptautin\u0117mis dizaino tendencijomis, rekomenduojame straipsn\u012f apie vaisini\u0173 motyv\u0173 sugr\u012f\u017eim\u0105 \u012f mad\u0105 portale <a class=\"cursor-pointer\" target=\"_new\" rel=\"noopener\" data-start=\"3352\" data-end=\"3435\">designboom.com<\/a>, kuriame aptariami naujausi aksesuar\u0173 mados akcentai.<\/p>","protected":false},"excerpt":{"rendered":"<p data-start=\"4372\" data-end=\"4480\">Spalvingas ananaso formos emalinis pinas \u2013 \u017eaismingas akcentas tavo stiliui.<\/p>","protected":false},"featured_media":3826,"comment_status":"open","ping_status":"closed","template":"","meta":{"_uag_custom_page_level_css":"","site-sidebar-layout":"default","site-content-layout":"","ast-site-content-layout":"default","site-content-style":"default","site-sidebar-style":"default","ast-global-header-display":"","ast-banner-title-visibility":"","ast-main-header-display":"","ast-hfb-above-header-display":"","ast-hfb-below-header-display":"","ast-hfb-mobile-header-display":"","site-post-title":"","ast-breadcrumbs-content":"","ast-featured-img":"","footer-sml-layout":"","ast-disable-related-posts":"","theme-transparent-header-meta":"default","adv-header-id-meta":"","stick-header-meta":"","header-above-stick-meta":"","header-main-stick-meta":"","header-below-stick-meta":"","astra-migrate-meta-layouts":"set","ast-page-background-enabled":"default","ast-page-background-meta":{"desktop":{"background-color":"var(--ast-global-color-4)","background-image":"","background-repeat":"repeat","background-position":"center center","background-size":"auto","background-attachment":"scroll","background-type":"","background-media":"","overlay-type":"","overlay-color":"","overlay-opacity":"","overlay-gradient":""},"tablet":{"background-color":"","background-image":"","background-repeat":"repeat","background-position":"center center","background-size":"auto","background-attachment":"scroll","background-type":"","background-media":"","overlay-type":"","overlay-color":"","overlay-opacity":"","overlay-gradient":""},"mobile":{"background-color":"","background-image":"","background-repeat":"repeat","background-position":"center center","background-size":"auto","background-attachment":"scroll","background-type":"","background-media":"","overlay-type":"","overlay-color":"","overlay-opacity":"","overlay-gradient":""}},"ast-content-background-meta":{"desktop":{"background-color":"var(--ast-global-color-5)","background-image":"","background-repeat":"repeat","background-position":"center center","background-size":"auto","background-attachment":"scroll","background-type":"","background-media":"","overlay-type":"","overlay-color":"","overlay-opacity":"","overlay-gradient":""},"tablet":{"background-color":"var(--ast-global-color-5)","background-image":"","background-repeat":"repeat","background-position":"center center","background-size":"auto","background-attachment":"scroll","background-type":"","background-media":"","overlay-type":"","overlay-color":"","overlay-opacity":"","overlay-gradient":""},"mobile":{"background-color":"var(--ast-global-color-5)","background-image":"","background-repeat":"repeat","background-position":"center center","background-size":"auto","background-attachment":"scroll","background-type":"","background-media":"","overlay-type":"","overlay-color":"","overlay-opacity":"","overlay-gradient":""}}},"product_brand":[],"product_cat":[125,126,119],"product_tag":[],"class_list":{"0":"post-3825","1":"product","2":"type-product","3":"status-publish","4":"has-post-thumbnail","6":"product_cat-halloween","7":"product_cat-visi","8":"product_cat-smeigtukai-pins","9":"desktop-align-center","10":"tablet-align-left","11":"mobile-align-left","13":"first","14":"instock","15":"shipping-taxable","16":"purchasable","17":"product-type-simple"},"yoast_head":"<!-- This site is optimized with the Yoast SEO plugin v27.1.1 - https:\/\/yoast.com\/product\/yoast-seo-wordpress\/ -->\n<title>Ananaso formos \u017eenkliukas - kabinam.lt<\/title>\n<meta name=\"description\" content=\"Ananaso formos \u017eenkliukas \u2013 spalvingas emalinis aksesuaras, suteikiantis aprangai tropin\u012f nuotaikos prisilietim\u0105.\" \/>\n<meta name=\"robots\" content=\"index, follow, max-snippet:-1, max-image-preview:large, max-video-preview:-1\" \/>\n<link rel=\"canonical\" href=\"https:\/\/kabinam.lt\/et\/toode\/ananassikujuline-rinnamark\/\" \/>\n<meta property=\"og:locale\" content=\"et_EE\" \/>\n<meta property=\"og:type\" content=\"article\" \/>\n<meta property=\"og:title\" content=\"Ananaso formos \u017eenkliukas - kabinam.lt\" \/>\n<meta property=\"og:description\" content=\"Ananaso formos \u017eenkliukas \u2013 spalvingas emalinis aksesuaras, suteikiantis aprangai tropin\u012f nuotaikos prisilietim\u0105.\" \/>\n<meta property=\"og:url\" content=\"https:\/\/kabinam.lt\/et\/toode\/ananassikujuline-rinnamark\/\" \/>\n<meta property=\"og:site_name\" content=\"kabinam.lt\" \/>\n<meta property=\"article:modified_time\" content=\"2026-01-19T00:30:26+00:00\" \/>\n<meta property=\"og:image\" content=\"https:\/\/kabinam.lt\/wp-content\/uploads\/2025\/06\/il_680x540.6216135912_2ung.webp\" \/>\n\t<meta property=\"og:image:width\" content=\"680\" \/>\n\t<meta property=\"og:image:height\" content=\"540\" \/>\n\t<meta property=\"og:image:type\" content=\"image\/webp\" \/>\n<meta name=\"twitter:card\" content=\"summary_large_image\" \/>\n<meta name=\"twitter:label1\" content=\"Est. reading time\" \/>\n\t<meta name=\"twitter:data1\" content=\"3 minutit\" \/>\n<script type=\"application\/ld+json\" class=\"yoast-schema-graph\">{\"@context\":\"https:\/\/schema.org\",\"@graph\":[{\"@type\":[\"WebPage\",\"ItemPage\"],\"@id\":\"https:\/\/kabinam.lt\/eng\/product\/pineapple-shaped-pin\/\",\"url\":\"https:\/\/kabinam.lt\/eng\/product\/pineapple-shaped-pin\/\",\"name\":\"Ananaso formos \u017eenkliukas - kabinam.lt\",\"isPartOf\":{\"@id\":\"https:\/\/kabinam.lt\/#website\"},\"primaryImageOfPage\":{\"@id\":\"https:\/\/kabinam.lt\/eng\/product\/pineapple-shaped-pin\/#primaryimage\"},\"image\":{\"@id\":\"https:\/\/kabinam.lt\/eng\/product\/pineapple-shaped-pin\/#primaryimage\"},\"thumbnailUrl\":\"https:\/\/kabinam.lt\/wp-content\/uploads\/2025\/06\/il_680x540.6216135912_2ung.webp\",\"datePublished\":\"2025-06-08T19:22:33+00:00\",\"dateModified\":\"2026-01-19T00:30:26+00:00\",\"description\":\"Ananaso formos \u017eenkliukas \u2013 spalvingas emalinis aksesuaras, suteikiantis aprangai tropin\u012f nuotaikos prisilietim\u0105.\",\"breadcrumb\":{\"@id\":\"https:\/\/kabinam.lt\/eng\/product\/pineapple-shaped-pin\/#breadcrumb\"},\"inLanguage\":\"et\",\"potentialAction\":[{\"@type\":\"ReadAction\",\"target\":[\"https:\/\/kabinam.lt\/eng\/product\/pineapple-shaped-pin\/\"]}]},{\"@type\":\"ImageObject\",\"inLanguage\":\"et\",\"@id\":\"https:\/\/kabinam.lt\/eng\/product\/pineapple-shaped-pin\/#primaryimage\",\"url\":\"https:\/\/kabinam.lt\/wp-content\/uploads\/2025\/06\/il_680x540.6216135912_2ung.webp\",\"contentUrl\":\"https:\/\/kabinam.lt\/wp-content\/uploads\/2025\/06\/il_680x540.6216135912_2ung.webp\",\"width\":680,\"height\":540,\"caption\":\"Ry\u0161kus emalinis \u017eenkliukas su ananaso motyvu\"},{\"@type\":\"BreadcrumbList\",\"@id\":\"https:\/\/kabinam.lt\/eng\/product\/pineapple-shaped-pin\/#breadcrumb\",\"itemListElement\":[{\"@type\":\"ListItem\",\"position\":1,\"name\":\"Home\",\"item\":\"https:\/\/kabinam.lt\/\"},{\"@type\":\"ListItem\",\"position\":2,\"name\":\"Visi Produktai\",\"item\":\"https:\/\/kabinam.lt\/visi-produktai\/\"},{\"@type\":\"ListItem\",\"position\":3,\"name\":\"Ananaso formos \u017eenkliukas\"}]},{\"@type\":\"WebSite\",\"@id\":\"https:\/\/kabinam.lt\/#website\",\"url\":\"https:\/\/kabinam.lt\/\",\"name\":\"kabinam.lt\",\"description\":\"Kabinam.lt \u2013 raktu pakabukai ir aksesuarai\",\"publisher\":{\"@id\":\"https:\/\/kabinam.lt\/#organization\"},\"alternateName\":\"pakabukai lt\",\"potentialAction\":[{\"@type\":\"SearchAction\",\"target\":{\"@type\":\"EntryPoint\",\"urlTemplate\":\"https:\/\/kabinam.lt\/?s={search_term_string}\"},\"query-input\":{\"@type\":\"PropertyValueSpecification\",\"valueRequired\":true,\"valueName\":\"search_term_string\"}}],\"inLanguage\":\"et\"},{\"@type\":\"Organization\",\"@id\":\"https:\/\/kabinam.lt\/#organization\",\"name\":\"kabinam.lt\",\"alternateName\":\"kabinam\",\"url\":\"https:\/\/kabinam.lt\/\",\"logo\":{\"@type\":\"ImageObject\",\"inLanguage\":\"et\",\"@id\":\"https:\/\/kabinam.lt\/#\/schema\/logo\/image\/\",\"url\":\"https:\/\/kabinam.lt\/wp-content\/uploads\/2025\/05\/KABINAM_outer_glow.png\",\"contentUrl\":\"https:\/\/kabinam.lt\/wp-content\/uploads\/2025\/05\/KABINAM_outer_glow.png\",\"width\":474,\"height\":141,\"caption\":\"kabinam.lt\"},\"image\":{\"@id\":\"https:\/\/kabinam.lt\/#\/schema\/logo\/image\/\"}}]}<\/script>\n<!-- \/ Yoast SEO plugin. -->","yoast_head_json":{"title":"Ananassi kuju m\u00e4rk - kabinam.lt","description":"Ananassi kujuline emalist silt \u2013 v\u00e4rvikas emaline aksessuaar, mis annab r\u00f5ivast troopilise nalja puudutuse.","robots":{"index":"index","follow":"follow","max-snippet":"max-snippet:-1","max-image-preview":"max-image-preview:large","max-video-preview":"max-video-preview:-1"},"canonical":"https:\/\/kabinam.lt\/et\/toode\/ananassikujuline-rinnamark\/","og_locale":"et_EE","og_type":"article","og_title":"Ananaso formos \u017eenkliukas - kabinam.lt","og_description":"Ananaso formos \u017eenkliukas \u2013 spalvingas emalinis aksesuaras, suteikiantis aprangai tropin\u012f nuotaikos prisilietim\u0105.","og_url":"https:\/\/kabinam.lt\/et\/toode\/ananassikujuline-rinnamark\/","og_site_name":"kabinam.lt","article_modified_time":"2026-01-19T00:30:26+00:00","og_image":[{"width":680,"height":540,"url":"https:\/\/kabinam.lt\/wp-content\/uploads\/2025\/06\/il_680x540.6216135912_2ung.webp","type":"image\/webp"}],"twitter_card":"summary_large_image","twitter_misc":{"Est. reading time":"3 minutit"},"schema":{"@context":"https:\/\/schema.org","@graph":[{"@type":["WebPage","ItemPage"],"@id":"https:\/\/kabinam.lt\/eng\/product\/pineapple-shaped-pin\/","url":"https:\/\/kabinam.lt\/eng\/product\/pineapple-shaped-pin\/","name":"Ananassi kuju m\u00e4rk - kabinam.lt","isPartOf":{"@id":"https:\/\/kabinam.lt\/#website"},"primaryImageOfPage":{"@id":"https:\/\/kabinam.lt\/eng\/product\/pineapple-shaped-pin\/#primaryimage"},"image":{"@id":"https:\/\/kabinam.lt\/eng\/product\/pineapple-shaped-pin\/#primaryimage"},"thumbnailUrl":"https:\/\/kabinam.lt\/wp-content\/uploads\/2025\/06\/il_680x540.6216135912_2ung.webp","datePublished":"2025-06-08T19:22:33+00:00","dateModified":"2026-01-19T00:30:26+00:00","description":"Ananassi kujuline emalist silt \u2013 v\u00e4rvikas emaline aksessuaar, mis annab r\u00f5ivast troopilise nalja puudutuse.","breadcrumb":{"@id":"https:\/\/kabinam.lt\/eng\/product\/pineapple-shaped-pin\/#breadcrumb"},"inLanguage":"et","potentialAction":[{"@type":"ReadAction","target":["https:\/\/kabinam.lt\/eng\/product\/pineapple-shaped-pin\/"]}]},{"@type":"ImageObject","inLanguage":"et","@id":"https:\/\/kabinam.lt\/eng\/product\/pineapple-shaped-pin\/#primaryimage","url":"https:\/\/kabinam.lt\/wp-content\/uploads\/2025\/06\/il_680x540.6216135912_2ung.webp","contentUrl":"https:\/\/kabinam.lt\/wp-content\/uploads\/2025\/06\/il_680x540.6216135912_2ung.webp","width":680,"height":540,"caption":"Ry\u0161kus emalinis \u017eenkliukas su ananaso motyvu"},{"@type":"BreadcrumbList","@id":"https:\/\/kabinam.lt\/eng\/product\/pineapple-shaped-pin\/#breadcrumb","itemListElement":[{"@type":"ListItem","position":1,"name":"Home","item":"https:\/\/kabinam.lt\/"},{"@type":"ListItem","position":2,"name":"Visi Produktai","item":"https:\/\/kabinam.lt\/visi-produktai\/"},{"@type":"ListItem","position":3,"name":"Ananaso formos \u017eenkliukas"}]},{"@type":"WebSite","@id":"https:\/\/kabinam.lt\/#website","url":"https:\/\/kabinam.lt\/","name":"kabinam.lt","description":"Kabinam.lt - v\u00f5tmehoidjad ja aksessuaarid","publisher":{"@id":"https:\/\/kabinam.lt\/#organization"},"alternateName":"pakabukai lt","potentialAction":[{"@type":"SearchAction","target":{"@type":"EntryPoint","urlTemplate":"https:\/\/kabinam.lt\/?s={search_term_string}"},"query-input":{"@type":"PropertyValueSpecification","valueRequired":true,"valueName":"search_term_string"}}],"inLanguage":"et"},{"@type":"Organization","@id":"https:\/\/kabinam.lt\/#organization","name":"kabinam.lt","alternateName":"kabinam","url":"https:\/\/kabinam.lt\/","logo":{"@type":"ImageObject","inLanguage":"et","@id":"https:\/\/kabinam.lt\/#\/schema\/logo\/image\/","url":"https:\/\/kabinam.lt\/wp-content\/uploads\/2025\/05\/KABINAM_outer_glow.png","contentUrl":"https:\/\/kabinam.lt\/wp-content\/uploads\/2025\/05\/KABINAM_outer_glow.png","width":474,"height":141,"caption":"kabinam.lt"},"image":{"@id":"https:\/\/kabinam.lt\/#\/schema\/logo\/image\/"}}]}},"uagb_featured_image_src":{"full":["https:\/\/kabinam.lt\/wp-content\/uploads\/2025\/06\/il_680x540.6216135912_2ung.webp",680,540,false],"thumbnail":["https:\/\/kabinam.lt\/wp-content\/uploads\/2025\/06\/il_680x540.6216135912_2ung-150x150.webp",150,150,true],"medium":["https:\/\/kabinam.lt\/wp-content\/uploads\/2025\/06\/il_680x540.6216135912_2ung-300x238.webp",300,238,true],"medium_large":["https:\/\/kabinam.lt\/wp-content\/uploads\/2025\/06\/il_680x540.6216135912_2ung.webp",680,540,false],"large":["https:\/\/kabinam.lt\/wp-content\/uploads\/2025\/06\/il_680x540.6216135912_2ung.webp",680,540,false],"1536x1536":["https:\/\/kabinam.lt\/wp-content\/uploads\/2025\/06\/il_680x540.6216135912_2ung.webp",680,540,false],"2048x2048":["https:\/\/kabinam.lt\/wp-content\/uploads\/2025\/06\/il_680x540.6216135912_2ung.webp",680,540,false],"trp-custom-language-flag":["https:\/\/kabinam.lt\/wp-content\/uploads\/2025\/06\/il_680x540.6216135912_2ung.webp",15,12,false],"woocommerce_thumbnail":["https:\/\/kabinam.lt\/wp-content\/uploads\/2025\/06\/il_680x540.6216135912_2ung-300x300.webp",300,300,true],"woocommerce_single":["https:\/\/kabinam.lt\/wp-content\/uploads\/2025\/06\/il_680x540.6216135912_2ung-600x476.webp",600,476,true],"woocommerce_gallery_thumbnail":["https:\/\/kabinam.lt\/wp-content\/uploads\/2025\/06\/il_680x540.6216135912_2ung-100x100.webp",100,100,true]},"uagb_author_info":{"display_name":"kabinam.lt","author_link":"https:\/\/kabinam.lt\/et\/author\/"},"uagb_comment_info":0,"uagb_excerpt":"Spalvingas ananaso formos emalinis pinas \u2013 \u017eaismingas akcentas tavo stiliui.","_links":{"self":[{"href":"https:\/\/kabinam.lt\/et\/wp-json\/wp\/v2\/product\/3825","targetHints":{"allow":["GET"]}}],"collection":[{"href":"https:\/\/kabinam.lt\/et\/wp-json\/wp\/v2\/product"}],"about":[{"href":"https:\/\/kabinam.lt\/et\/wp-json\/wp\/v2\/types\/product"}],"replies":[{"embeddable":true,"href":"https:\/\/kabinam.lt\/et\/wp-json\/wp\/v2\/comments?post=3825"}],"wp:featuredmedia":[{"embeddable":true,"href":"https:\/\/kabinam.lt\/et\/wp-json\/wp\/v2\/media\/3826"}],"wp:attachment":[{"href":"https:\/\/kabinam.lt\/et\/wp-json\/wp\/v2\/media?parent=3825"}],"wp:term":[{"taxonomy":"product_brand","embeddable":true,"href":"https:\/\/kabinam.lt\/et\/wp-json\/wp\/v2\/product_brand?post=3825"},{"taxonomy":"product_cat","embeddable":true,"href":"https:\/\/kabinam.lt\/et\/wp-json\/wp\/v2\/product_cat?post=3825"},{"taxonomy":"product_tag","embeddable":true,"href":"https:\/\/kabinam.lt\/et\/wp-json\/wp\/v2\/product_tag?post=3825"}],"curies":[{"name":"wp","href":"https:\/\/api.w.org\/{rel}","templated":true}]}}