{"id":3820,"date":"2025-06-08T20:49:57","date_gmt":"2025-06-08T18:49:57","guid":{"rendered":"https:\/\/kabinam.lt\/?post_type=product&#038;p=3820"},"modified":"2026-01-19T02:37:21","modified_gmt":"2026-01-19T00:37:21","slug":"raudonas-raketos-zenkliukas","status":"publish","type":"product","link":"https:\/\/kabinam.lt\/et\/product\/raudonas-raketos-zenkliukas\/","title":{"rendered":"Punane raketi m\u00e4rk"},"content":{"rendered":"<div class=\"kk-star-ratings kksr-auto kksr-align-left kksr-valign-top\"\n    data-payload='{&quot;align&quot;:&quot;left&quot;,&quot;id&quot;:&quot;3820&quot;,&quot;slug&quot;:&quot;default&quot;,&quot;valign&quot;:&quot;top&quot;,&quot;ignore&quot;:&quot;&quot;,&quot;reference&quot;:&quot;auto&quot;,&quot;class&quot;:&quot;&quot;,&quot;count&quot;:&quot;0&quot;,&quot;legendonly&quot;:&quot;&quot;,&quot;readonly&quot;:&quot;&quot;,&quot;score&quot;:&quot;0&quot;,&quot;starsonly&quot;:&quot;&quot;,&quot;best&quot;:&quot;5&quot;,&quot;gap&quot;:&quot;5&quot;,&quot;greet&quot;:&quot;Mums svarbus j\u016bs\u0173 \u012fvertinimas&quot;,&quot;legend&quot;:&quot;0\\\/5 - (0 votes)&quot;,&quot;size&quot;:&quot;24&quot;,&quot;title&quot;:&quot;Raudonas raketos \u017eenkliukas&quot;,&quot;width&quot;:&quot;0&quot;,&quot;_legend&quot;:&quot;{score}\\\/{best} - ({count} {votes})&quot;,&quot;font_factor&quot;:&quot;1.25&quot;}'>\n            \n<div class=\"kksr-stars\">\n    \n<div class=\"kksr-stars-inactive\">\n            <div class=\"kksr-star\" data-star=\"1\" style=\"padding-right: 5px\">\n            \n\n<div class=\"kksr-icon\" style=\"width: 24px; height: 24px;\"><\/div>\n        <\/div>\n            <div class=\"kksr-star\" data-star=\"2\" style=\"padding-right: 5px\">\n            \n\n<div class=\"kksr-icon\" style=\"width: 24px; height: 24px;\"><\/div>\n        <\/div>\n            <div class=\"kksr-star\" data-star=\"3\" style=\"padding-right: 5px\">\n            \n\n<div class=\"kksr-icon\" style=\"width: 24px; height: 24px;\"><\/div>\n        <\/div>\n            <div class=\"kksr-star\" data-star=\"4\" style=\"padding-right: 5px\">\n            \n\n<div class=\"kksr-icon\" style=\"width: 24px; height: 24px;\"><\/div>\n        <\/div>\n            <div class=\"kksr-star\" data-star=\"5\" style=\"padding-right: 5px\">\n            \n\n<div class=\"kksr-icon\" style=\"width: 24px; height: 24px;\"><\/div>\n        <\/div>\n    <\/div>\n    \n<div class=\"kksr-stars-active\" style=\"width: 0px;\">\n            <div class=\"kksr-star\" style=\"padding-right: 5px\">\n            \n\n<div class=\"kksr-icon\" style=\"width: 24px; height: 24px;\"><\/div>\n        <\/div>\n            <div class=\"kksr-star\" style=\"padding-right: 5px\">\n            \n\n<div class=\"kksr-icon\" style=\"width: 24px; height: 24px;\"><\/div>\n        <\/div>\n            <div class=\"kksr-star\" style=\"padding-right: 5px\">\n            \n\n<div class=\"kksr-icon\" style=\"width: 24px; height: 24px;\"><\/div>\n        <\/div>\n            <div class=\"kksr-star\" style=\"padding-right: 5px\">\n            \n\n<div class=\"kksr-icon\" style=\"width: 24px; height: 24px;\"><\/div>\n        <\/div>\n            <div class=\"kksr-star\" style=\"padding-right: 5px\">\n            \n\n<div class=\"kksr-icon\" style=\"width: 24px; height: 24px;\"><\/div>\n        <\/div>\n    <\/div>\n<\/div>\n                \n\n<div class=\"kksr-legend\" style=\"font-size: 19.2px;\">\n            <span class=\"kksr-muted\">Teie hinnang on meile oluline<\/span>\n    <\/div>\n    <\/div>\n<h1>Punane raketi m\u00e4rk<\/h1>\n<h2>Spalvingas raketos formos segamas embleminis aksesuaras tavo stiliaus i\u0161rai\u0161kai<\/h2>\n<p>Raudonas raketos \u017eenkliukas \u2013 tai originalus, \u017eaismingas emalinis aksesuaras, skirtas tiems, kurie m\u0117gsta kosmin\u0119 tematik\u0105, i\u0161skirtin\u012f stili\u0173 ir ie\u0161ko subtilaus b\u016bdo i\u0161siskirti. \u0160is spalvingas simbolinis akcentas puikiai dera prie \u012fvairi\u0173 drabu\u017ei\u0173, kuprini\u0173 ar aksesuar\u0173, suteikdamas jiems \u017eaismingumo ir charakterio. \u0160iuolaikin\u0117je madoje tokie elementai tapo neatsiejama stiliaus dalimi, nes leid\u017eia asmeni\u0161kai papasakoti savo istorij\u0105 per smulkmenas.<\/p>\n<p>Pirmojoje pastraipoje panaudotas focus keyphrase raudonas raketos \u017eenkliukas.<\/p>\n<h2>Kosminis aksesuaras \u2013 i\u0161rai\u0161kingas ir prakti\u0161kas<\/h2>\n<p>\u0160is segamas emalinis pinas pagamintas i\u0161 auk\u0161tos kokyb\u0117s metalo lydinio ir padengtas ry\u0161kiais, ilgai neblunkan\u010diais emalio da\u017eais. Detalizuota raudonos raketos forma su i\u0161siskleidusiais ugnies lie\u017euviais simbolizuoja energij\u0105, jud\u0117jim\u0105 \u012f priek\u012f ir neribot\u0105 k\u016brybingum\u0105. Jis skirtas tiems, kurie nenori prarasti \u017eaismingumo, m\u0117gsta kosmines temas ir vertina stilingus smulkius aksesuarus.<\/p>\n<p>Tai ne tik \u017eenkliukas ar smeigtukas \u2013 tai stiliaus deklaracija. Pasirinkus tok\u012f aksesuar\u0105, galima subtiliai parodyti savo pom\u0117gius ir i\u0161siskirti i\u0161 minios.<\/p>\n<h3>Kur pritaikyti \u0161\u012f i\u0161skirtin\u012f pin\u0105?<\/h3>\n<p>\u0160is raketos formos embleminis segtukas puikiai dera su:<\/p>\n<p>Kuprin\u0117mis ir rankin\u0117mis \u2013 ypa\u010d kelioni\u0173 entuziastams;<\/p>\n<p>D\u017einsiniais ar bomber tipo \u0161varkais;<\/p>\n<p>Megztiniais, mar\u0161kiniais ar kepur\u0117mis;<\/p>\n<p>Skaromis ir \u0161alikais \u2013 kaip dekoratyvinis segtukas;<\/p>\n<p>Kolekcij\u0173 albumais arba dovan\u0173 d\u0117\u017eut\u0117mis.<\/p>\n<p>D\u0117l universalaus dizaino ir kokybi\u0161kos gamybos \u0161is pinas \u2013 tinkamas tiek vaikams, tiek suaugusiesiems. Jis taps puikiu aksesuaru tiek kasdieniam ne\u0161iojimui, tiek ypatingoms progoms ar \u0161ven\u010di\u0173 atributikai.<\/p>\n<h2>Spausdintas emalis \u2013 ilgaam\u017ei\u0161kumas ir estetika<\/h2>\n<p>\u0160io \u017eenkliuko pavir\u0161ius dengtas spalvotu emaliu, kuris ne tik suteikia gyvybing\u0105 i\u0161vaizd\u0105, bet ir apsaugo nuo \u012fbr\u0117\u017eim\u0173. Spalvos \u2013 ry\u0161kios, bet harmoningos: sodri raudona kartu su geltonu ugnies efektu ir juodais kont\u016brais sukuria dinami\u0161k\u0105 vaizdin\u012f. Pinas i\u0161lieka kokybi\u0161kas net ir d\u0117vint j\u012f kasdien, o jo u\u017esegimo mechanizmas u\u017etikrina saug\u0173 pritvirtinim\u0105.<\/p>\n<p>\u0160is embleminis smeigtukas (dar vadinamas \u201epin\u201c, \u201esegamas \u017eenkliukas\u201c, \u201eaksesuarinis spaustukas\u201c, \u201emetalinis akcentas\u201c, \u201emados badge\u2019as\u201c) yra daugiau nei tik puo\u0161mena \u2013 tai tavo asmenyb\u0117s detal\u0117.<\/p>\n<h3>Kod\u0117l verta rinktis \u0161\u012f \u017eenkliuk\u0105?<\/h3>\n<ul>\n<li data-start=\"2615\" data-end=\"2654\">\n<p data-start=\"2617\" data-end=\"2654\">Unikalus kosmin\u0117s tematikos dizainas;<\/p>\n<\/li>\n<li data-start=\"2655\" data-end=\"2696\">\n<p data-start=\"2657\" data-end=\"2696\">Pagamintas i\u0161 patvaraus metalo lydinio;<\/p>\n<\/li>\n<li data-start=\"2697\" data-end=\"2734\">\n<p data-start=\"2699\" data-end=\"2734\">Ry\u0161kios, ilgalaik\u0117s emalio spalvos;<\/p>\n<\/li>\n<li data-start=\"2735\" data-end=\"2765\">\n<p data-start=\"2737\" data-end=\"2765\">Saugus ir tvirtas u\u017esegimas;<\/p>\n<\/li>\n<li data-start=\"2766\" data-end=\"2828\">\n<p data-start=\"2768\" data-end=\"2828\">Puiki dovana kolekcionieriams, stiliaus m\u0117g\u0117jams ir vaikams.<\/p>\n<\/li>\n<\/ul>\n<p>Jei nori dar daugiau pana\u0161i\u0173 aksesuar\u0173, rekomenduojame per\u017evelgti vis\u0105 m\u016bs\u0173 <a class=\"\" href=\"https:\/\/kabinam.lt\/et\/tootekategooria\/rinnamargid-pins\/\" target=\"_new\" rel=\"noopener\" data-start=\"2906\" data-end=\"2996\">\u017eenkliuk\u0173 ir smeigtuk\u0173 asortiment\u0105<\/a>, kuriame rasi \u012fvairi\u0173 tem\u0173 \u2013 nuo gamtos iki popkult\u016bros motyv\u0173.<\/p>\n<h2>Embleminiai pinai \u2013 nuo simbolikos iki stiliaus deklaracijos<\/h2>\n<p data-start=\"3133\" data-end=\"3400\">Aksesuarai, tokie kaip \u0161is raketos pinas, da\u017enai tampa ne tik mados dalimi, bet ir emociniu simboliu \u2013 jie leid\u017eia i\u0161reik\u0161ti save net tada, kai \u017eod\u017ei\u0173 nereikia. Neatsitiktinai tokie smeigtukai vis da\u017eniau naudojami ir \u0161iuolaikin\u0117je menin\u0117je bei socialin\u0117je kult\u016broje.<\/p>\n<p data-start=\"3402\" data-end=\"3615\">Pana\u0161\u016bs \u017eenkliukai sulaukia d\u0117mesio ir tarptautiniu mastu \u2013 apie simbolini\u0173 pin\u0173 tendencijas daugiau gali su\u017einoti <a class=\"\" href=\"https:\/\/www.pintrill.com\" target=\"_new\" rel=\"noopener\" data-start=\"3517\" data-end=\"3566\">Pintrill tinklalapyje<\/a>, kur pristatomos naujausios stilistikos kryptys.<\/p>","protected":false},"excerpt":{"rendered":"<p>Spalvingas emalinis raketos formos \u017eenkliukas \u2013 stilingas akcentas tavo drabu\u017eiams ar kuprinei.<\/p>","protected":false},"featured_media":3821,"comment_status":"open","ping_status":"closed","template":"","meta":{"_uag_custom_page_level_css":"","site-sidebar-layout":"default","site-content-layout":"","ast-site-content-layout":"default","site-content-style":"default","site-sidebar-style":"default","ast-global-header-display":"","ast-banner-title-visibility":"","ast-main-header-display":"","ast-hfb-above-header-display":"","ast-hfb-below-header-display":"","ast-hfb-mobile-header-display":"","site-post-title":"","ast-breadcrumbs-content":"","ast-featured-img":"","footer-sml-layout":"","ast-disable-related-posts":"","theme-transparent-header-meta":"default","adv-header-id-meta":"","stick-header-meta":"","header-above-stick-meta":"","header-main-stick-meta":"","header-below-stick-meta":"","astra-migrate-meta-layouts":"set","ast-page-background-enabled":"default","ast-page-background-meta":{"desktop":{"background-color":"var(--ast-global-color-4)","background-image":"","background-repeat":"repeat","background-position":"center center","background-size":"auto","background-attachment":"scroll","background-type":"","background-media":"","overlay-type":"","overlay-color":"","overlay-opacity":"","overlay-gradient":""},"tablet":{"background-color":"","background-image":"","background-repeat":"repeat","background-position":"center center","background-size":"auto","background-attachment":"scroll","background-type":"","background-media":"","overlay-type":"","overlay-color":"","overlay-opacity":"","overlay-gradient":""},"mobile":{"background-color":"","background-image":"","background-repeat":"repeat","background-position":"center center","background-size":"auto","background-attachment":"scroll","background-type":"","background-media":"","overlay-type":"","overlay-color":"","overlay-opacity":"","overlay-gradient":""}},"ast-content-background-meta":{"desktop":{"background-color":"var(--ast-global-color-5)","background-image":"","background-repeat":"repeat","background-position":"center center","background-size":"auto","background-attachment":"scroll","background-type":"","background-media":"","overlay-type":"","overlay-color":"","overlay-opacity":"","overlay-gradient":""},"tablet":{"background-color":"var(--ast-global-color-5)","background-image":"","background-repeat":"repeat","background-position":"center center","background-size":"auto","background-attachment":"scroll","background-type":"","background-media":"","overlay-type":"","overlay-color":"","overlay-opacity":"","overlay-gradient":""},"mobile":{"background-color":"var(--ast-global-color-5)","background-image":"","background-repeat":"repeat","background-position":"center center","background-size":"auto","background-attachment":"scroll","background-type":"","background-media":"","overlay-type":"","overlay-color":"","overlay-opacity":"","overlay-gradient":""}}},"product_brand":[],"product_cat":[125,126,119,92],"product_tag":[],"class_list":{"0":"post-3820","1":"product","2":"type-product","3":"status-publish","4":"has-post-thumbnail","6":"product_cat-halloween","7":"product_cat-visi","8":"product_cat-smeigtukai-pins","9":"product_cat-populiariausiu-produktu-kategorija","10":"desktop-align-center","11":"tablet-align-left","12":"mobile-align-left","14":"first","15":"outofstock","16":"shipping-taxable","17":"purchasable","18":"product-type-simple"},"yoast_head":"<!-- This site is optimized with the Yoast SEO plugin v27.1.1 - https:\/\/yoast.com\/product\/yoast-seo-wordpress\/ -->\n<title>Raudonas raketos \u017eenkliukas<\/title>\n<meta name=\"description\" content=\"Raudonas raketos \u017eenkliukas \u2013 emalinis aksesuaras su kosmine simbolika tavo stiliui ir i\u0161skirtinumui.\" \/>\n<meta name=\"robots\" content=\"index, follow, max-snippet:-1, max-image-preview:large, max-video-preview:-1\" \/>\n<link rel=\"canonical\" href=\"https:\/\/kabinam.lt\/et\/toode\/raudonas-raketos-zenkliukas\/\" \/>\n<meta property=\"og:locale\" content=\"et_EE\" \/>\n<meta property=\"og:type\" content=\"article\" \/>\n<meta property=\"og:title\" content=\"Raudonas raketos \u017eenkliukas\" \/>\n<meta property=\"og:description\" content=\"Raudonas raketos \u017eenkliukas \u2013 emalinis aksesuaras su kosmine simbolika tavo stiliui ir i\u0161skirtinumui.\" \/>\n<meta property=\"og:url\" content=\"https:\/\/kabinam.lt\/et\/toode\/raudonas-raketos-zenkliukas\/\" \/>\n<meta property=\"og:site_name\" content=\"kabinam.lt\" \/>\n<meta property=\"article:modified_time\" content=\"2026-01-19T00:37:21+00:00\" \/>\n<meta property=\"og:image\" content=\"https:\/\/kabinam.lt\/wp-content\/uploads\/2024\/06\/1243ecc030b6aa38b22d50f8e5502672-edited.jpg\" \/>\n\t<meta property=\"og:image:width\" content=\"736\" \/>\n\t<meta property=\"og:image:height\" content=\"552\" \/>\n\t<meta property=\"og:image:type\" content=\"image\/jpeg\" \/>\n<meta name=\"twitter:card\" content=\"summary_large_image\" \/>\n<meta name=\"twitter:label1\" content=\"Est. reading time\" \/>\n\t<meta name=\"twitter:data1\" content=\"3 minutit\" \/>\n<script type=\"application\/ld+json\" class=\"yoast-schema-graph\">{\"@context\":\"https:\/\/schema.org\",\"@graph\":[{\"@type\":[\"WebPage\",\"ItemPage\"],\"@id\":\"https:\/\/kabinam.lt\/eng\/product\/red-rocket-badge\/\",\"url\":\"https:\/\/kabinam.lt\/eng\/product\/red-rocket-badge\/\",\"name\":\"Raudonas raketos \u017eenkliukas\",\"isPartOf\":{\"@id\":\"https:\/\/kabinam.lt\/#website\"},\"primaryImageOfPage\":{\"@id\":\"https:\/\/kabinam.lt\/eng\/product\/red-rocket-badge\/#primaryimage\"},\"image\":{\"@id\":\"https:\/\/kabinam.lt\/eng\/product\/red-rocket-badge\/#primaryimage\"},\"thumbnailUrl\":\"https:\/\/kabinam.lt\/wp-content\/uploads\/2025\/06\/H34d5c10262ac4edab75e9bd7fd878181T.jpg_220x220q75.jpg_.avif\",\"datePublished\":\"2025-06-08T18:49:57+00:00\",\"dateModified\":\"2026-01-19T00:37:21+00:00\",\"description\":\"Raudonas raketos \u017eenkliukas \u2013 emalinis aksesuaras su kosmine simbolika tavo stiliui ir i\u0161skirtinumui.\",\"breadcrumb\":{\"@id\":\"https:\/\/kabinam.lt\/eng\/product\/red-rocket-badge\/#breadcrumb\"},\"inLanguage\":\"et\",\"potentialAction\":[{\"@type\":\"ReadAction\",\"target\":[\"https:\/\/kabinam.lt\/eng\/product\/red-rocket-badge\/\"]}]},{\"@type\":\"ImageObject\",\"inLanguage\":\"et\",\"@id\":\"https:\/\/kabinam.lt\/eng\/product\/red-rocket-badge\/#primaryimage\",\"url\":\"https:\/\/kabinam.lt\/wp-content\/uploads\/2025\/06\/H34d5c10262ac4edab75e9bd7fd878181T.jpg_220x220q75.jpg_.avif\",\"contentUrl\":\"https:\/\/kabinam.lt\/wp-content\/uploads\/2025\/06\/H34d5c10262ac4edab75e9bd7fd878181T.jpg_220x220q75.jpg_.avif\",\"width\":220,\"height\":220,\"caption\":\"Ry\u0161kus emalinis \u017eenkliukas raketos formos dizainu\"},{\"@type\":\"BreadcrumbList\",\"@id\":\"https:\/\/kabinam.lt\/eng\/product\/red-rocket-badge\/#breadcrumb\",\"itemListElement\":[{\"@type\":\"ListItem\",\"position\":1,\"name\":\"Home\",\"item\":\"https:\/\/kabinam.lt\/\"},{\"@type\":\"ListItem\",\"position\":2,\"name\":\"Visi Produktai\",\"item\":\"https:\/\/kabinam.lt\/visi-produktai\/\"},{\"@type\":\"ListItem\",\"position\":3,\"name\":\"Raudonas raketos \u017eenkliukas\"}]},{\"@type\":\"WebSite\",\"@id\":\"https:\/\/kabinam.lt\/#website\",\"url\":\"https:\/\/kabinam.lt\/\",\"name\":\"kabinam.lt\",\"description\":\"Kabinam.lt \u2013 raktu pakabukai ir aksesuarai\",\"publisher\":{\"@id\":\"https:\/\/kabinam.lt\/#organization\"},\"alternateName\":\"pakabukai lt\",\"potentialAction\":[{\"@type\":\"SearchAction\",\"target\":{\"@type\":\"EntryPoint\",\"urlTemplate\":\"https:\/\/kabinam.lt\/?s={search_term_string}\"},\"query-input\":{\"@type\":\"PropertyValueSpecification\",\"valueRequired\":true,\"valueName\":\"search_term_string\"}}],\"inLanguage\":\"et\"},{\"@type\":\"Organization\",\"@id\":\"https:\/\/kabinam.lt\/#organization\",\"name\":\"kabinam.lt\",\"alternateName\":\"kabinam\",\"url\":\"https:\/\/kabinam.lt\/\",\"logo\":{\"@type\":\"ImageObject\",\"inLanguage\":\"et\",\"@id\":\"https:\/\/kabinam.lt\/#\/schema\/logo\/image\/\",\"url\":\"https:\/\/kabinam.lt\/wp-content\/uploads\/2025\/05\/KABINAM_outer_glow.png\",\"contentUrl\":\"https:\/\/kabinam.lt\/wp-content\/uploads\/2025\/05\/KABINAM_outer_glow.png\",\"width\":474,\"height\":141,\"caption\":\"kabinam.lt\"},\"image\":{\"@id\":\"https:\/\/kabinam.lt\/#\/schema\/logo\/image\/\"}}]}<\/script>\n<!-- \/ Yoast SEO plugin. -->","yoast_head_json":{"title":"Punane raketi m\u00e4rk","description":"Raudonas raketos \u017eenkliukas \u2013 emalinis aksesuaras su kosmine simbolika tavo stiliui ir i\u0161skirtinumui.","robots":{"index":"index","follow":"follow","max-snippet":"max-snippet:-1","max-image-preview":"max-image-preview:large","max-video-preview":"max-video-preview:-1"},"canonical":"https:\/\/kabinam.lt\/et\/toode\/raudonas-raketos-zenkliukas\/","og_locale":"et_EE","og_type":"article","og_title":"Raudonas raketos \u017eenkliukas","og_description":"Raudonas raketos \u017eenkliukas \u2013 emalinis aksesuaras su kosmine simbolika tavo stiliui ir i\u0161skirtinumui.","og_url":"https:\/\/kabinam.lt\/et\/toode\/raudonas-raketos-zenkliukas\/","og_site_name":"kabinam.lt","article_modified_time":"2026-01-19T00:37:21+00:00","og_image":[{"width":736,"height":552,"url":"https:\/\/kabinam.lt\/wp-content\/uploads\/2024\/06\/1243ecc030b6aa38b22d50f8e5502672-edited.jpg","type":"image\/jpeg"}],"twitter_card":"summary_large_image","twitter_misc":{"Est. reading time":"3 minutit"},"schema":{"@context":"https:\/\/schema.org","@graph":[{"@type":["WebPage","ItemPage"],"@id":"https:\/\/kabinam.lt\/eng\/product\/red-rocket-badge\/","url":"https:\/\/kabinam.lt\/eng\/product\/red-rocket-badge\/","name":"Punane raketi m\u00e4rk","isPartOf":{"@id":"https:\/\/kabinam.lt\/#website"},"primaryImageOfPage":{"@id":"https:\/\/kabinam.lt\/eng\/product\/red-rocket-badge\/#primaryimage"},"image":{"@id":"https:\/\/kabinam.lt\/eng\/product\/red-rocket-badge\/#primaryimage"},"thumbnailUrl":"https:\/\/kabinam.lt\/wp-content\/uploads\/2025\/06\/H34d5c10262ac4edab75e9bd7fd878181T.jpg_220x220q75.jpg_.avif","datePublished":"2025-06-08T18:49:57+00:00","dateModified":"2026-01-19T00:37:21+00:00","description":"Raudonas raketos \u017eenkliukas \u2013 emalinis aksesuaras su kosmine simbolika tavo stiliui ir i\u0161skirtinumui.","breadcrumb":{"@id":"https:\/\/kabinam.lt\/eng\/product\/red-rocket-badge\/#breadcrumb"},"inLanguage":"et","potentialAction":[{"@type":"ReadAction","target":["https:\/\/kabinam.lt\/eng\/product\/red-rocket-badge\/"]}]},{"@type":"ImageObject","inLanguage":"et","@id":"https:\/\/kabinam.lt\/eng\/product\/red-rocket-badge\/#primaryimage","url":"https:\/\/kabinam.lt\/wp-content\/uploads\/2025\/06\/H34d5c10262ac4edab75e9bd7fd878181T.jpg_220x220q75.jpg_.avif","contentUrl":"https:\/\/kabinam.lt\/wp-content\/uploads\/2025\/06\/H34d5c10262ac4edab75e9bd7fd878181T.jpg_220x220q75.jpg_.avif","width":220,"height":220,"caption":"Ry\u0161kus emalinis \u017eenkliukas raketos formos dizainu"},{"@type":"BreadcrumbList","@id":"https:\/\/kabinam.lt\/eng\/product\/red-rocket-badge\/#breadcrumb","itemListElement":[{"@type":"ListItem","position":1,"name":"Home","item":"https:\/\/kabinam.lt\/"},{"@type":"ListItem","position":2,"name":"Visi Produktai","item":"https:\/\/kabinam.lt\/visi-produktai\/"},{"@type":"ListItem","position":3,"name":"Raudonas raketos \u017eenkliukas"}]},{"@type":"WebSite","@id":"https:\/\/kabinam.lt\/#website","url":"https:\/\/kabinam.lt\/","name":"kabinam.lt","description":"Kabinam.lt - v\u00f5tmehoidjad ja aksessuaarid","publisher":{"@id":"https:\/\/kabinam.lt\/#organization"},"alternateName":"pakabukai lt","potentialAction":[{"@type":"SearchAction","target":{"@type":"EntryPoint","urlTemplate":"https:\/\/kabinam.lt\/?s={search_term_string}"},"query-input":{"@type":"PropertyValueSpecification","valueRequired":true,"valueName":"search_term_string"}}],"inLanguage":"et"},{"@type":"Organization","@id":"https:\/\/kabinam.lt\/#organization","name":"kabinam.lt","alternateName":"kabinam","url":"https:\/\/kabinam.lt\/","logo":{"@type":"ImageObject","inLanguage":"et","@id":"https:\/\/kabinam.lt\/#\/schema\/logo\/image\/","url":"https:\/\/kabinam.lt\/wp-content\/uploads\/2025\/05\/KABINAM_outer_glow.png","contentUrl":"https:\/\/kabinam.lt\/wp-content\/uploads\/2025\/05\/KABINAM_outer_glow.png","width":474,"height":141,"caption":"kabinam.lt"},"image":{"@id":"https:\/\/kabinam.lt\/#\/schema\/logo\/image\/"}}]}},"uagb_featured_image_src":{"full":["https:\/\/kabinam.lt\/wp-content\/uploads\/2025\/06\/H34d5c10262ac4edab75e9bd7fd878181T.jpg_220x220q75.jpg_.avif",220,220,false],"thumbnail":["https:\/\/kabinam.lt\/wp-content\/uploads\/2025\/06\/H34d5c10262ac4edab75e9bd7fd878181T.jpg_220x220q75.jpg_-150x150.avif",150,150,true],"medium":["https:\/\/kabinam.lt\/wp-content\/uploads\/2025\/06\/H34d5c10262ac4edab75e9bd7fd878181T.jpg_220x220q75.jpg_.avif",220,220,false],"medium_large":["https:\/\/kabinam.lt\/wp-content\/uploads\/2025\/06\/H34d5c10262ac4edab75e9bd7fd878181T.jpg_220x220q75.jpg_.avif",220,220,false],"large":["https:\/\/kabinam.lt\/wp-content\/uploads\/2025\/06\/H34d5c10262ac4edab75e9bd7fd878181T.jpg_220x220q75.jpg_.avif",220,220,false],"1536x1536":["https:\/\/kabinam.lt\/wp-content\/uploads\/2025\/06\/H34d5c10262ac4edab75e9bd7fd878181T.jpg_220x220q75.jpg_.avif",220,220,false],"2048x2048":["https:\/\/kabinam.lt\/wp-content\/uploads\/2025\/06\/H34d5c10262ac4edab75e9bd7fd878181T.jpg_220x220q75.jpg_.avif",220,220,false],"trp-custom-language-flag":["https:\/\/kabinam.lt\/wp-content\/uploads\/2025\/06\/H34d5c10262ac4edab75e9bd7fd878181T.jpg_220x220q75.jpg_.avif",12,12,false],"woocommerce_thumbnail":["https:\/\/kabinam.lt\/wp-content\/uploads\/2025\/06\/H34d5c10262ac4edab75e9bd7fd878181T.jpg_220x220q75.jpg_.avif",220,220,false],"woocommerce_single":["https:\/\/kabinam.lt\/wp-content\/uploads\/2025\/06\/H34d5c10262ac4edab75e9bd7fd878181T.jpg_220x220q75.jpg_.avif",220,220,false],"woocommerce_gallery_thumbnail":["https:\/\/kabinam.lt\/wp-content\/uploads\/2025\/06\/H34d5c10262ac4edab75e9bd7fd878181T.jpg_220x220q75.jpg_-100x100.avif",100,100,true]},"uagb_author_info":{"display_name":"kabinam.lt","author_link":"https:\/\/kabinam.lt\/et\/author\/"},"uagb_comment_info":0,"uagb_excerpt":"Spalvingas emalinis raketos formos \u017eenkliukas \u2013 stilingas akcentas tavo drabu\u017eiams ar kuprinei.","_links":{"self":[{"href":"https:\/\/kabinam.lt\/et\/wp-json\/wp\/v2\/product\/3820","targetHints":{"allow":["GET"]}}],"collection":[{"href":"https:\/\/kabinam.lt\/et\/wp-json\/wp\/v2\/product"}],"about":[{"href":"https:\/\/kabinam.lt\/et\/wp-json\/wp\/v2\/types\/product"}],"replies":[{"embeddable":true,"href":"https:\/\/kabinam.lt\/et\/wp-json\/wp\/v2\/comments?post=3820"}],"wp:featuredmedia":[{"embeddable":true,"href":"https:\/\/kabinam.lt\/et\/wp-json\/wp\/v2\/media\/3821"}],"wp:attachment":[{"href":"https:\/\/kabinam.lt\/et\/wp-json\/wp\/v2\/media?parent=3820"}],"wp:term":[{"taxonomy":"product_brand","embeddable":true,"href":"https:\/\/kabinam.lt\/et\/wp-json\/wp\/v2\/product_brand?post=3820"},{"taxonomy":"product_cat","embeddable":true,"href":"https:\/\/kabinam.lt\/et\/wp-json\/wp\/v2\/product_cat?post=3820"},{"taxonomy":"product_tag","embeddable":true,"href":"https:\/\/kabinam.lt\/et\/wp-json\/wp\/v2\/product_tag?post=3820"}],"curies":[{"name":"wp","href":"https:\/\/api.w.org\/{rel}","templated":true}]}}