{"id":3813,"date":"2025-06-08T20:29:12","date_gmt":"2025-06-08T18:29:12","guid":{"rendered":"https:\/\/kabinam.lt\/?post_type=product&#038;p=3813"},"modified":"2026-01-19T02:26:50","modified_gmt":"2026-01-19T00:26:50","slug":"super-mario-grybuko-zenkliukas","status":"publish","type":"product","link":"https:\/\/kabinam.lt\/et\/product\/super-mario-grybuko-zenkliukas\/","title":{"rendered":"Super Mario Mushroomi m\u00e4rk m\u00e4nguf\u00e4nnidele"},"content":{"rendered":"<div class=\"kk-star-ratings kksr-auto kksr-align-left kksr-valign-top\"\n    data-payload='{&quot;align&quot;:&quot;left&quot;,&quot;id&quot;:&quot;3813&quot;,&quot;slug&quot;:&quot;default&quot;,&quot;valign&quot;:&quot;top&quot;,&quot;ignore&quot;:&quot;&quot;,&quot;reference&quot;:&quot;auto&quot;,&quot;class&quot;:&quot;&quot;,&quot;count&quot;:&quot;0&quot;,&quot;legendonly&quot;:&quot;&quot;,&quot;readonly&quot;:&quot;&quot;,&quot;score&quot;:&quot;0&quot;,&quot;starsonly&quot;:&quot;&quot;,&quot;best&quot;:&quot;5&quot;,&quot;gap&quot;:&quot;5&quot;,&quot;greet&quot;:&quot;Mums svarbus j\u016bs\u0173 \u012fvertinimas&quot;,&quot;legend&quot;:&quot;0\\\/5 - (0 votes)&quot;,&quot;size&quot;:&quot;24&quot;,&quot;title&quot;:&quot;Super Mario grybuko \u017eenkliukas \u2013 \u017eaidim\u0173 fanams&quot;,&quot;width&quot;:&quot;0&quot;,&quot;_legend&quot;:&quot;{score}\\\/{best} - ({count} {votes})&quot;,&quot;font_factor&quot;:&quot;1.25&quot;}'>\n            \n<div class=\"kksr-stars\">\n    \n<div class=\"kksr-stars-inactive\">\n            <div class=\"kksr-star\" data-star=\"1\" style=\"padding-right: 5px\">\n            \n\n<div class=\"kksr-icon\" style=\"width: 24px; height: 24px;\"><\/div>\n        <\/div>\n            <div class=\"kksr-star\" data-star=\"2\" style=\"padding-right: 5px\">\n            \n\n<div class=\"kksr-icon\" style=\"width: 24px; height: 24px;\"><\/div>\n        <\/div>\n            <div class=\"kksr-star\" data-star=\"3\" style=\"padding-right: 5px\">\n            \n\n<div class=\"kksr-icon\" style=\"width: 24px; height: 24px;\"><\/div>\n        <\/div>\n            <div class=\"kksr-star\" data-star=\"4\" style=\"padding-right: 5px\">\n            \n\n<div class=\"kksr-icon\" style=\"width: 24px; height: 24px;\"><\/div>\n        <\/div>\n            <div class=\"kksr-star\" data-star=\"5\" style=\"padding-right: 5px\">\n            \n\n<div class=\"kksr-icon\" style=\"width: 24px; height: 24px;\"><\/div>\n        <\/div>\n    <\/div>\n    \n<div class=\"kksr-stars-active\" style=\"width: 0px;\">\n            <div class=\"kksr-star\" style=\"padding-right: 5px\">\n            \n\n<div class=\"kksr-icon\" style=\"width: 24px; height: 24px;\"><\/div>\n        <\/div>\n            <div class=\"kksr-star\" style=\"padding-right: 5px\">\n            \n\n<div class=\"kksr-icon\" style=\"width: 24px; height: 24px;\"><\/div>\n        <\/div>\n            <div class=\"kksr-star\" style=\"padding-right: 5px\">\n            \n\n<div class=\"kksr-icon\" style=\"width: 24px; height: 24px;\"><\/div>\n        <\/div>\n            <div class=\"kksr-star\" style=\"padding-right: 5px\">\n            \n\n<div class=\"kksr-icon\" style=\"width: 24px; height: 24px;\"><\/div>\n        <\/div>\n            <div class=\"kksr-star\" style=\"padding-right: 5px\">\n            \n\n<div class=\"kksr-icon\" style=\"width: 24px; height: 24px;\"><\/div>\n        <\/div>\n    <\/div>\n<\/div>\n                \n\n<div class=\"kksr-legend\" style=\"font-size: 19.2px;\">\n            <span class=\"kksr-muted\">Teie hinnang on meile oluline<\/span>\n    <\/div>\n    <\/div>\n<h1>Super Mario grybuko \u017eenkliukas \u2013 oran\u017einis turbo akcentas \u017eaidim\u0173 fanams<\/h1>\n<p><strong>Super Mario grybuko \u017eenkliukas<\/strong> \u2013 tai ry\u0161kus ir stilingas aksesuaras, kuris i\u0161kart atpa\u017e\u012fstamas visiems \u201eNintendo\u201c ir <em>Super Mario World<\/em> gerb\u0117jams. \u0160is emalinis segtukas vaizduoja klasikin\u012f turbo grybuk\u0105, kuris \u017eaidime suteikia greit\u012f, o realyb\u0117je \u2013 i\u0161skirtinumo tavo aprangai ar kuprinei. Ry\u0161kiai oran\u017ein\u0117 spalva bei grybuko forma tampa i\u0161kart atpa\u017e\u012fstamu \u017eaidim\u0173 simboliu.<\/p>\n<h2>\u017daidim\u0173 tematika paremtas emalinis \u017eenkliukas<\/h2>\n<p>Pagamintas i\u0161 kokybi\u0161ko metalo lydinio ir padengtas spalvotu emaliu, \u0161is <strong>\u017eaidim\u0173 tematikos segtukas<\/strong> yra tvirtas ir ilgai i\u0161liekantis. Jo dizainas primena turbo grei\u010dio grybuk\u0105 i\u0161 Mario Kart serijos, tod\u0117l jis puikiai tiks tiems, kurie vertina nostalgij\u0105 ir \u017eaidim\u0173 istorij\u0105. Puikiai dera su striuk\u0117mis, kuprin\u0117mis, skryb\u0117l\u0117mis ar net kolekcij\u0173 lentynose.<\/p>\n<h3>Kur pritaikyti \u0161\u012f ikonin\u012f aksesuar\u0105?<\/h3>\n<ul>\n<li>Ant \u0161varko atlapo ar d\u017einsinio \u0161varko rankov\u0117s<\/li>\n<li>Prie kuprin\u0117s ar kompiuterio d\u0117klo<\/li>\n<li>Kaip detal\u0117 kepurei ar skarele<\/li>\n<li>Kaip dovana \u017eaidim\u0173 entuziastui ar kolekcininkui<\/li>\n<\/ul>\n<h2>Legend\u00e4\u00e4rne Mario maailma atribuud oma stiilis<\/h2>\n<p>See m\u00e4ngulis <a href=\"https:\/\/kabinam.lt\/et\/tootekategooria\/rinnamargid-pins\/\">m\u00e4ngude seguketas<\/a> \u2013 rohkem kui lihtsalt ehe. See on s\u00fcmbol, mis peegeldab kiirust, energiat ja Mario maailma kultuuri. Selline kantav aksessuaar aitab n\u00e4idata oma huvisid peidetult, kuid ometi m\u00e4rkimisv\u00e4\u00e4rselt.<\/p>\n<p>Otsijate rohkem sarnaseid geek kultuuri aksessuaare \u2013 soovitame seda <a href=\"https:\/\/www.redbubble.com\/shop\/mario+kart+pins\">Redbubble Mario Kart pinude kataloogi<\/a>, kus leiate t\u00e4iendavaid inspiratsiooni kogumiseks v\u00f5i kingituseks.<\/p>","protected":false},"excerpt":{"rendered":"<p>Oran\u017einis Super Mario turbo grybuko \u017eenkliukas \u2013 \u017eaidim\u0173 fan\u0173 stiliaus akcentas.<\/p>","protected":false},"featured_media":3814,"comment_status":"open","ping_status":"closed","template":"","meta":{"_uag_custom_page_level_css":"","site-sidebar-layout":"default","site-content-layout":"","ast-site-content-layout":"default","site-content-style":"default","site-sidebar-style":"default","ast-global-header-display":"","ast-banner-title-visibility":"","ast-main-header-display":"","ast-hfb-above-header-display":"","ast-hfb-below-header-display":"","ast-hfb-mobile-header-display":"","site-post-title":"","ast-breadcrumbs-content":"","ast-featured-img":"","footer-sml-layout":"","ast-disable-related-posts":"","theme-transparent-header-meta":"default","adv-header-id-meta":"","stick-header-meta":"","header-above-stick-meta":"","header-main-stick-meta":"","header-below-stick-meta":"","astra-migrate-meta-layouts":"set","ast-page-background-enabled":"default","ast-page-background-meta":{"desktop":{"background-color":"var(--ast-global-color-4)","background-image":"","background-repeat":"repeat","background-position":"center center","background-size":"auto","background-attachment":"scroll","background-type":"","background-media":"","overlay-type":"","overlay-color":"","overlay-opacity":"","overlay-gradient":""},"tablet":{"background-color":"","background-image":"","background-repeat":"repeat","background-position":"center center","background-size":"auto","background-attachment":"scroll","background-type":"","background-media":"","overlay-type":"","overlay-color":"","overlay-opacity":"","overlay-gradient":""},"mobile":{"background-color":"","background-image":"","background-repeat":"repeat","background-position":"center center","background-size":"auto","background-attachment":"scroll","background-type":"","background-media":"","overlay-type":"","overlay-color":"","overlay-opacity":"","overlay-gradient":""}},"ast-content-background-meta":{"desktop":{"background-color":"var(--ast-global-color-5)","background-image":"","background-repeat":"repeat","background-position":"center center","background-size":"auto","background-attachment":"scroll","background-type":"","background-media":"","overlay-type":"","overlay-color":"","overlay-opacity":"","overlay-gradient":""},"tablet":{"background-color":"var(--ast-global-color-5)","background-image":"","background-repeat":"repeat","background-position":"center center","background-size":"auto","background-attachment":"scroll","background-type":"","background-media":"","overlay-type":"","overlay-color":"","overlay-opacity":"","overlay-gradient":""},"mobile":{"background-color":"var(--ast-global-color-5)","background-image":"","background-repeat":"repeat","background-position":"center center","background-size":"auto","background-attachment":"scroll","background-type":"","background-media":"","overlay-type":"","overlay-color":"","overlay-opacity":"","overlay-gradient":""}}},"product_brand":[],"product_cat":[125,126,119,92],"product_tag":[],"class_list":{"0":"post-3813","1":"product","2":"type-product","3":"status-publish","4":"has-post-thumbnail","6":"product_cat-halloween","7":"product_cat-visi","8":"product_cat-smeigtukai-pins","9":"product_cat-populiariausiu-produktu-kategorija","10":"desktop-align-center","11":"tablet-align-left","12":"mobile-align-left","14":"first","15":"instock","16":"shipping-taxable","17":"purchasable","18":"product-type-simple"},"yoast_head":"<!-- This site is optimized with the Yoast SEO plugin v27.1.1 - https:\/\/yoast.com\/product\/yoast-seo-wordpress\/ -->\n<title>Super Mario grybuko \u017eenkliukas \u2013 \u017eaidim\u0173 fanams<\/title>\n<meta name=\"description\" content=\"Super Mario grybuko \u017eenkliukas \u2013 oran\u017einis emalinis segtukas \u017eaidim\u0173 m\u0117g\u0117jams. I\u0161skirtinis Mario pasaulio turbo simbolis.\" \/>\n<meta name=\"robots\" content=\"index, follow, max-snippet:-1, max-image-preview:large, max-video-preview:-1\" \/>\n<link rel=\"canonical\" href=\"https:\/\/kabinam.lt\/et\/toode\/super-mario-grybuko-zenkliukas\/\" \/>\n<meta property=\"og:locale\" content=\"et_EE\" \/>\n<meta property=\"og:type\" content=\"article\" \/>\n<meta property=\"og:title\" content=\"Super Mario grybuko \u017eenkliukas \u2013 \u017eaidim\u0173 fanams\" \/>\n<meta property=\"og:description\" content=\"Super Mario grybuko \u017eenkliukas \u2013 oran\u017einis emalinis segtukas \u017eaidim\u0173 m\u0117g\u0117jams. I\u0161skirtinis Mario pasaulio turbo simbolis.\" \/>\n<meta property=\"og:url\" content=\"https:\/\/kabinam.lt\/et\/toode\/super-mario-grybuko-zenkliukas\/\" \/>\n<meta property=\"og:site_name\" content=\"kabinam.lt\" \/>\n<meta property=\"article:modified_time\" content=\"2026-01-19T00:26:50+00:00\" \/>\n<meta property=\"og:image\" content=\"https:\/\/kabinam.lt\/wp-content\/uploads\/2025\/06\/71KzUMqB8L._AC_SY535_.jpg\" \/>\n\t<meta property=\"og:image:width\" content=\"535\" \/>\n\t<meta property=\"og:image:height\" content=\"535\" \/>\n\t<meta property=\"og:image:type\" content=\"image\/jpeg\" \/>\n<meta name=\"twitter:card\" content=\"summary_large_image\" \/>\n<meta name=\"twitter:label1\" content=\"Est. reading time\" \/>\n\t<meta name=\"twitter:data1\" content=\"2 minutit\" \/>\n<script type=\"application\/ld+json\" class=\"yoast-schema-graph\">{\"@context\":\"https:\/\/schema.org\",\"@graph\":[{\"@type\":[\"WebPage\",\"ItemPage\"],\"@id\":\"https:\/\/kabinam.lt\/de\/produkt\/super-mario-pilz-abzeichen\/\",\"url\":\"https:\/\/kabinam.lt\/de\/produkt\/super-mario-pilz-abzeichen\/\",\"name\":\"Super Mario grybuko \u017eenkliukas \u2013 \u017eaidim\u0173 fanams\",\"isPartOf\":{\"@id\":\"https:\/\/kabinam.lt\/#website\"},\"primaryImageOfPage\":{\"@id\":\"https:\/\/kabinam.lt\/de\/produkt\/super-mario-pilz-abzeichen\/#primaryimage\"},\"image\":{\"@id\":\"https:\/\/kabinam.lt\/de\/produkt\/super-mario-pilz-abzeichen\/#primaryimage\"},\"thumbnailUrl\":\"https:\/\/kabinam.lt\/wp-content\/uploads\/2025\/06\/71KzUMqB8L._AC_SY535_.jpg\",\"datePublished\":\"2025-06-08T18:29:12+00:00\",\"dateModified\":\"2026-01-19T00:26:50+00:00\",\"description\":\"Super Mario grybuko \u017eenkliukas \u2013 oran\u017einis emalinis segtukas \u017eaidim\u0173 m\u0117g\u0117jams. I\u0161skirtinis Mario pasaulio turbo simbolis.\",\"breadcrumb\":{\"@id\":\"https:\/\/kabinam.lt\/de\/produkt\/super-mario-pilz-abzeichen\/#breadcrumb\"},\"inLanguage\":\"et\",\"potentialAction\":[{\"@type\":\"ReadAction\",\"target\":[\"https:\/\/kabinam.lt\/de\/produkt\/super-mario-pilz-abzeichen\/\"]}]},{\"@type\":\"ImageObject\",\"inLanguage\":\"et\",\"@id\":\"https:\/\/kabinam.lt\/de\/produkt\/super-mario-pilz-abzeichen\/#primaryimage\",\"url\":\"https:\/\/kabinam.lt\/wp-content\/uploads\/2025\/06\/71KzUMqB8L._AC_SY535_.jpg\",\"contentUrl\":\"https:\/\/kabinam.lt\/wp-content\/uploads\/2025\/06\/71KzUMqB8L._AC_SY535_.jpg\",\"width\":535,\"height\":535,\"caption\":\"Super Mario grybuko segtukas \u2013 stilingas \u017eaidim\u0173 fan\u0173 aksesuaras\"},{\"@type\":\"BreadcrumbList\",\"@id\":\"https:\/\/kabinam.lt\/de\/produkt\/super-mario-pilz-abzeichen\/#breadcrumb\",\"itemListElement\":[{\"@type\":\"ListItem\",\"position\":1,\"name\":\"Home\",\"item\":\"https:\/\/kabinam.lt\/\"},{\"@type\":\"ListItem\",\"position\":2,\"name\":\"Visi Produktai\",\"item\":\"https:\/\/kabinam.lt\/visi-produktai\/\"},{\"@type\":\"ListItem\",\"position\":3,\"name\":\"Super Mario grybuko \u017eenkliukas \u2013 \u017eaidim\u0173 fanams\"}]},{\"@type\":\"WebSite\",\"@id\":\"https:\/\/kabinam.lt\/#website\",\"url\":\"https:\/\/kabinam.lt\/\",\"name\":\"kabinam.lt\",\"description\":\"Kabinam.lt \u2013 raktu pakabukai ir aksesuarai\",\"publisher\":{\"@id\":\"https:\/\/kabinam.lt\/#organization\"},\"alternateName\":\"pakabukai lt\",\"potentialAction\":[{\"@type\":\"SearchAction\",\"target\":{\"@type\":\"EntryPoint\",\"urlTemplate\":\"https:\/\/kabinam.lt\/?s={search_term_string}\"},\"query-input\":{\"@type\":\"PropertyValueSpecification\",\"valueRequired\":true,\"valueName\":\"search_term_string\"}}],\"inLanguage\":\"et\"},{\"@type\":\"Organization\",\"@id\":\"https:\/\/kabinam.lt\/#organization\",\"name\":\"kabinam.lt\",\"alternateName\":\"kabinam\",\"url\":\"https:\/\/kabinam.lt\/\",\"logo\":{\"@type\":\"ImageObject\",\"inLanguage\":\"et\",\"@id\":\"https:\/\/kabinam.lt\/#\/schema\/logo\/image\/\",\"url\":\"https:\/\/kabinam.lt\/wp-content\/uploads\/2025\/05\/KABINAM_outer_glow.png\",\"contentUrl\":\"https:\/\/kabinam.lt\/wp-content\/uploads\/2025\/05\/KABINAM_outer_glow.png\",\"width\":474,\"height\":141,\"caption\":\"kabinam.lt\"},\"image\":{\"@id\":\"https:\/\/kabinam.lt\/#\/schema\/logo\/image\/\"}}]}<\/script>\n<!-- \/ Yoast SEO plugin. -->","yoast_head_json":{"title":"Super Mario Mushroomi m\u00e4rk m\u00e4nguf\u00e4nnidele","description":"Super Mario sammuke s\u00fcmbolitorn \u2013 oran\u017eine emailist ripats m\u00e4nguritele. Eris\u00fcmbol Mario maailma turbo s\u00fcmbol.","robots":{"index":"index","follow":"follow","max-snippet":"max-snippet:-1","max-image-preview":"max-image-preview:large","max-video-preview":"max-video-preview:-1"},"canonical":"https:\/\/kabinam.lt\/et\/toode\/super-mario-grybuko-zenkliukas\/","og_locale":"et_EE","og_type":"article","og_title":"Super Mario grybuko \u017eenkliukas \u2013 \u017eaidim\u0173 fanams","og_description":"Super Mario grybuko \u017eenkliukas \u2013 oran\u017einis emalinis segtukas \u017eaidim\u0173 m\u0117g\u0117jams. I\u0161skirtinis Mario pasaulio turbo simbolis.","og_url":"https:\/\/kabinam.lt\/et\/toode\/super-mario-grybuko-zenkliukas\/","og_site_name":"kabinam.lt","article_modified_time":"2026-01-19T00:26:50+00:00","og_image":[{"width":535,"height":535,"url":"https:\/\/kabinam.lt\/wp-content\/uploads\/2025\/06\/71KzUMqB8L._AC_SY535_.jpg","type":"image\/jpeg"}],"twitter_card":"summary_large_image","twitter_misc":{"Est. reading time":"2 minutit"},"schema":{"@context":"https:\/\/schema.org","@graph":[{"@type":["WebPage","ItemPage"],"@id":"https:\/\/kabinam.lt\/de\/produkt\/super-mario-pilz-abzeichen\/","url":"https:\/\/kabinam.lt\/de\/produkt\/super-mario-pilz-abzeichen\/","name":"Super Mario Mushroomi m\u00e4rk m\u00e4nguf\u00e4nnidele","isPartOf":{"@id":"https:\/\/kabinam.lt\/#website"},"primaryImageOfPage":{"@id":"https:\/\/kabinam.lt\/de\/produkt\/super-mario-pilz-abzeichen\/#primaryimage"},"image":{"@id":"https:\/\/kabinam.lt\/de\/produkt\/super-mario-pilz-abzeichen\/#primaryimage"},"thumbnailUrl":"https:\/\/kabinam.lt\/wp-content\/uploads\/2025\/06\/71KzUMqB8L._AC_SY535_.jpg","datePublished":"2025-06-08T18:29:12+00:00","dateModified":"2026-01-19T00:26:50+00:00","description":"Super Mario sammuke s\u00fcmbolitorn \u2013 oran\u017eine emailist ripats m\u00e4nguritele. Eris\u00fcmbol Mario maailma turbo s\u00fcmbol.","breadcrumb":{"@id":"https:\/\/kabinam.lt\/de\/produkt\/super-mario-pilz-abzeichen\/#breadcrumb"},"inLanguage":"et","potentialAction":[{"@type":"ReadAction","target":["https:\/\/kabinam.lt\/de\/produkt\/super-mario-pilz-abzeichen\/"]}]},{"@type":"ImageObject","inLanguage":"et","@id":"https:\/\/kabinam.lt\/de\/produkt\/super-mario-pilz-abzeichen\/#primaryimage","url":"https:\/\/kabinam.lt\/wp-content\/uploads\/2025\/06\/71KzUMqB8L._AC_SY535_.jpg","contentUrl":"https:\/\/kabinam.lt\/wp-content\/uploads\/2025\/06\/71KzUMqB8L._AC_SY535_.jpg","width":535,"height":535,"caption":"Super Mario grybuko segtukas \u2013 stilingas \u017eaidim\u0173 fan\u0173 aksesuaras"},{"@type":"BreadcrumbList","@id":"https:\/\/kabinam.lt\/de\/produkt\/super-mario-pilz-abzeichen\/#breadcrumb","itemListElement":[{"@type":"ListItem","position":1,"name":"Home","item":"https:\/\/kabinam.lt\/"},{"@type":"ListItem","position":2,"name":"Visi Produktai","item":"https:\/\/kabinam.lt\/visi-produktai\/"},{"@type":"ListItem","position":3,"name":"Super Mario grybuko \u017eenkliukas \u2013 \u017eaidim\u0173 fanams"}]},{"@type":"WebSite","@id":"https:\/\/kabinam.lt\/#website","url":"https:\/\/kabinam.lt\/","name":"kabinam.lt","description":"Kabinam.lt - v\u00f5tmehoidjad ja aksessuaarid","publisher":{"@id":"https:\/\/kabinam.lt\/#organization"},"alternateName":"pakabukai lt","potentialAction":[{"@type":"SearchAction","target":{"@type":"EntryPoint","urlTemplate":"https:\/\/kabinam.lt\/?s={search_term_string}"},"query-input":{"@type":"PropertyValueSpecification","valueRequired":true,"valueName":"search_term_string"}}],"inLanguage":"et"},{"@type":"Organization","@id":"https:\/\/kabinam.lt\/#organization","name":"kabinam.lt","alternateName":"kabinam","url":"https:\/\/kabinam.lt\/","logo":{"@type":"ImageObject","inLanguage":"et","@id":"https:\/\/kabinam.lt\/#\/schema\/logo\/image\/","url":"https:\/\/kabinam.lt\/wp-content\/uploads\/2025\/05\/KABINAM_outer_glow.png","contentUrl":"https:\/\/kabinam.lt\/wp-content\/uploads\/2025\/05\/KABINAM_outer_glow.png","width":474,"height":141,"caption":"kabinam.lt"},"image":{"@id":"https:\/\/kabinam.lt\/#\/schema\/logo\/image\/"}}]}},"uagb_featured_image_src":{"full":["https:\/\/kabinam.lt\/wp-content\/uploads\/2025\/06\/71KzUMqB8L._AC_SY535_.jpg",535,535,false],"thumbnail":["https:\/\/kabinam.lt\/wp-content\/uploads\/2025\/06\/71KzUMqB8L._AC_SY535_-150x150.jpg",150,150,true],"medium":["https:\/\/kabinam.lt\/wp-content\/uploads\/2025\/06\/71KzUMqB8L._AC_SY535_-300x300.jpg",300,300,true],"medium_large":["https:\/\/kabinam.lt\/wp-content\/uploads\/2025\/06\/71KzUMqB8L._AC_SY535_.jpg",535,535,false],"large":["https:\/\/kabinam.lt\/wp-content\/uploads\/2025\/06\/71KzUMqB8L._AC_SY535_.jpg",535,535,false],"1536x1536":["https:\/\/kabinam.lt\/wp-content\/uploads\/2025\/06\/71KzUMqB8L._AC_SY535_.jpg",535,535,false],"2048x2048":["https:\/\/kabinam.lt\/wp-content\/uploads\/2025\/06\/71KzUMqB8L._AC_SY535_.jpg",535,535,false],"trp-custom-language-flag":["https:\/\/kabinam.lt\/wp-content\/uploads\/2025\/06\/71KzUMqB8L._AC_SY535_.jpg",12,12,false],"woocommerce_thumbnail":["https:\/\/kabinam.lt\/wp-content\/uploads\/2025\/06\/71KzUMqB8L._AC_SY535_-300x300.jpg",300,300,true],"woocommerce_single":["https:\/\/kabinam.lt\/wp-content\/uploads\/2025\/06\/71KzUMqB8L._AC_SY535_.jpg",535,535,false],"woocommerce_gallery_thumbnail":["https:\/\/kabinam.lt\/wp-content\/uploads\/2025\/06\/71KzUMqB8L._AC_SY535_-100x100.jpg",100,100,true]},"uagb_author_info":{"display_name":"kabinam.lt","author_link":"https:\/\/kabinam.lt\/et\/author\/"},"uagb_comment_info":0,"uagb_excerpt":"Oran\u017einis Super Mario turbo grybuko \u017eenkliukas \u2013 \u017eaidim\u0173 fan\u0173 stiliaus akcentas.","_links":{"self":[{"href":"https:\/\/kabinam.lt\/et\/wp-json\/wp\/v2\/product\/3813","targetHints":{"allow":["GET"]}}],"collection":[{"href":"https:\/\/kabinam.lt\/et\/wp-json\/wp\/v2\/product"}],"about":[{"href":"https:\/\/kabinam.lt\/et\/wp-json\/wp\/v2\/types\/product"}],"replies":[{"embeddable":true,"href":"https:\/\/kabinam.lt\/et\/wp-json\/wp\/v2\/comments?post=3813"}],"wp:featuredmedia":[{"embeddable":true,"href":"https:\/\/kabinam.lt\/et\/wp-json\/wp\/v2\/media\/3814"}],"wp:attachment":[{"href":"https:\/\/kabinam.lt\/et\/wp-json\/wp\/v2\/media?parent=3813"}],"wp:term":[{"taxonomy":"product_brand","embeddable":true,"href":"https:\/\/kabinam.lt\/et\/wp-json\/wp\/v2\/product_brand?post=3813"},{"taxonomy":"product_cat","embeddable":true,"href":"https:\/\/kabinam.lt\/et\/wp-json\/wp\/v2\/product_cat?post=3813"},{"taxonomy":"product_tag","embeddable":true,"href":"https:\/\/kabinam.lt\/et\/wp-json\/wp\/v2\/product_tag?post=3813"}],"curies":[{"name":"wp","href":"https:\/\/api.w.org\/{rel}","templated":true}]}}