{"id":3799,"date":"2025-06-08T20:05:36","date_gmt":"2025-06-08T18:05:36","guid":{"rendered":"https:\/\/kabinam.lt\/?post_type=product&#038;p=3799"},"modified":"2026-01-19T01:35:25","modified_gmt":"2026-01-18T23:35:25","slug":"smeigtukas-lotoso-ziedas","status":"publish","type":"product","link":"https:\/\/kabinam.lt\/et\/product\/smeigtukas-lotoso-ziedas\/","title":{"rendered":"Pin lootose lill"},"content":{"rendered":"<div class=\"kk-star-ratings kksr-auto kksr-align-left kksr-valign-top\"\n    data-payload='{&quot;align&quot;:&quot;left&quot;,&quot;id&quot;:&quot;3799&quot;,&quot;slug&quot;:&quot;default&quot;,&quot;valign&quot;:&quot;top&quot;,&quot;ignore&quot;:&quot;&quot;,&quot;reference&quot;:&quot;auto&quot;,&quot;class&quot;:&quot;&quot;,&quot;count&quot;:&quot;0&quot;,&quot;legendonly&quot;:&quot;&quot;,&quot;readonly&quot;:&quot;&quot;,&quot;score&quot;:&quot;0&quot;,&quot;starsonly&quot;:&quot;&quot;,&quot;best&quot;:&quot;5&quot;,&quot;gap&quot;:&quot;5&quot;,&quot;greet&quot;:&quot;Mums svarbus j\u016bs\u0173 \u012fvertinimas&quot;,&quot;legend&quot;:&quot;0\\\/5 - (0 votes)&quot;,&quot;size&quot;:&quot;24&quot;,&quot;title&quot;:&quot;Smeigtukas lotoso \u017eiedas&quot;,&quot;width&quot;:&quot;0&quot;,&quot;_legend&quot;:&quot;{score}\\\/{best} - ({count} {votes})&quot;,&quot;font_factor&quot;:&quot;1.25&quot;}'>\n            \n<div class=\"kksr-stars\">\n    \n<div class=\"kksr-stars-inactive\">\n            <div class=\"kksr-star\" data-star=\"1\" style=\"padding-right: 5px\">\n            \n\n<div class=\"kksr-icon\" style=\"width: 24px; height: 24px;\"><\/div>\n        <\/div>\n            <div class=\"kksr-star\" data-star=\"2\" style=\"padding-right: 5px\">\n            \n\n<div class=\"kksr-icon\" style=\"width: 24px; height: 24px;\"><\/div>\n        <\/div>\n            <div class=\"kksr-star\" data-star=\"3\" style=\"padding-right: 5px\">\n            \n\n<div class=\"kksr-icon\" style=\"width: 24px; height: 24px;\"><\/div>\n        <\/div>\n            <div class=\"kksr-star\" data-star=\"4\" style=\"padding-right: 5px\">\n            \n\n<div class=\"kksr-icon\" style=\"width: 24px; height: 24px;\"><\/div>\n        <\/div>\n            <div class=\"kksr-star\" data-star=\"5\" style=\"padding-right: 5px\">\n            \n\n<div class=\"kksr-icon\" style=\"width: 24px; height: 24px;\"><\/div>\n        <\/div>\n    <\/div>\n    \n<div class=\"kksr-stars-active\" style=\"width: 0px;\">\n            <div class=\"kksr-star\" style=\"padding-right: 5px\">\n            \n\n<div class=\"kksr-icon\" style=\"width: 24px; height: 24px;\"><\/div>\n        <\/div>\n            <div class=\"kksr-star\" style=\"padding-right: 5px\">\n            \n\n<div class=\"kksr-icon\" style=\"width: 24px; height: 24px;\"><\/div>\n        <\/div>\n            <div class=\"kksr-star\" style=\"padding-right: 5px\">\n            \n\n<div class=\"kksr-icon\" style=\"width: 24px; height: 24px;\"><\/div>\n        <\/div>\n            <div class=\"kksr-star\" style=\"padding-right: 5px\">\n            \n\n<div class=\"kksr-icon\" style=\"width: 24px; height: 24px;\"><\/div>\n        <\/div>\n            <div class=\"kksr-star\" style=\"padding-right: 5px\">\n            \n\n<div class=\"kksr-icon\" style=\"width: 24px; height: 24px;\"><\/div>\n        <\/div>\n    <\/div>\n<\/div>\n                \n\n<div class=\"kksr-legend\" style=\"font-size: 19.2px;\">\n            <span class=\"kksr-muted\">Teie hinnang on meile oluline<\/span>\n    <\/div>\n    <\/div>\n<h1>Smeigtukas lotoso \u017eiedas \u2013 eleganti\u0161kas aksesuaras drabu\u017eiams<\/h1>\n<p>\u0160is stilingas <strong>smeigtukas lotoso \u017eiedas<\/strong> yra ne tik subtilus aksesuaras, bet ir prasmingas stiliaus simbolis. Puikiai tinka tiek \u0161alikams, tiek skryb\u0117l\u0117ms ar \u0161varko atlapams \u2013 \u017eiedas simbolizuoja ramyb\u0119 ir pusiausvyr\u0105. Lotoso motyvas subtiliai atspindi rytieti\u0161k\u0105 estetik\u0105, tod\u0117l smeigtukas tampa universaliu akcentu, tinkamu kasdienai ir ypatingoms progoms.<\/p>\n<h2>Unikalus dizainas ir kokyb\u0117<\/h2>\n<p>Lotoso formos \u017eenkliukas i\u0161siskiria precizi\u0161kai i\u0161graviruotomis detal\u0117mis ir spindin\u010dia emale. Metalinis pagrindas padengtas sidabro atspalvio danga, kuri suteikia blizgesio ir elegancijos. Tvirtas smeigtuko segtukas garantuoja saug\u0173 laikym\u0105si prie audini\u0173 \u2013 net ir intensyviai judant jis nenukris.<\/p>\n<h3>Simbolikos galia kasdienyb\u0117je<\/h3>\n<p>Lotoso \u017eiedas simbolizuoja atgimim\u0105, tyrum\u0105 ir vidin\u0119 harmonij\u0105. D\u0117l \u0161ios prie\u017easties \u0161is <strong>drabu\u017ei\u0173 \u017eenkliukas<\/strong> puikiai tinka kaip dovana \u017emogui, vertinan\u010diam prasmingus aksesuarus. Jo universalumas leid\u017eia derinti j\u012f tiek prie minimalistini\u0173 drabu\u017ei\u0173, tiek prie spalvingesni\u0173 stili\u0173.<\/p>\n<h2>Pritaikymas: nuo skarel\u0117s iki kuprin\u0117s<\/h2>\n<p>\u0160is emaliuotas pinas puikiai tinka prie:<\/p>\n<ul>\n<li>Skareli\u0173 ir \u0161alik\u0173<\/li>\n<li>Kepuri\u0173 ir skryb\u0117li\u0173<\/li>\n<li>Rankini\u0173, kuprini\u0173 ar pirkini\u0173 krep\u0161i\u0173<\/li>\n<li>\u0160varko atlap\u0173, megztini\u0173 ar \u0161vark\u0173<\/li>\n<\/ul>\n<h3>Kokybi\u0161kas aksesuaras i\u0161 patikim\u0173 med\u017eiag\u0173<\/h3>\n<p>Pinas pagamintas i\u0161 atsparaus metalo lydinio, padengtas blizgiu emaliu, u\u017etikrinan\u010diu ilgaam\u017ei\u0161kum\u0105 ir spalvos i\u0161laikym\u0105 net d\u0117vint da\u017enai. Segmentas su u\u017era\u0161u i\u0161graviruotas, o u\u017esegimas u\u017etikrina patog\u0173 ir saug\u0173 tvirtinim\u0105.<\/p>\n<p>Daugiau \u012fvairi\u0173 stiling\u0173 smeigtuk\u0173 ir \u017eenkliuk\u0173 rasi m\u016bs\u0173 <a href=\"https:\/\/kabinam.lt\/et\/tootekategooria\/rinnamargid-pins\/\">kabinam.lt kategoorias \u201en\u00f5elad\u201d<\/a>.<\/p>\n<p>Jei ie\u0161kai \u012fkv\u0117pimo ar simbolini\u0173 aksesuar\u0173 id\u0117j\u0173, rekomenduojame pasi\u017evalgyti ir po <a href=\"https:\/\/www.etsy.com\/market\/lotus_flower_pin\">Lotus Flower Pin<\/a> id\u0117j\u0173 \u201eEtsy\u201c platformoje.<\/p>","protected":false},"excerpt":{"rendered":"<p>Eleganti\u0161kas smeigtukas lotoso forma \u2013 puo\u0161nus aksesuaras drabu\u017eiams ar aksesuarams.<\/p>","protected":false},"featured_media":3800,"comment_status":"open","ping_status":"closed","template":"","meta":{"_uag_custom_page_level_css":"","site-sidebar-layout":"default","site-content-layout":"","ast-site-content-layout":"default","site-content-style":"default","site-sidebar-style":"default","ast-global-header-display":"","ast-banner-title-visibility":"","ast-main-header-display":"","ast-hfb-above-header-display":"","ast-hfb-below-header-display":"","ast-hfb-mobile-header-display":"","site-post-title":"","ast-breadcrumbs-content":"","ast-featured-img":"","footer-sml-layout":"","ast-disable-related-posts":"","theme-transparent-header-meta":"default","adv-header-id-meta":"","stick-header-meta":"","header-above-stick-meta":"","header-main-stick-meta":"","header-below-stick-meta":"","astra-migrate-meta-layouts":"set","ast-page-background-enabled":"default","ast-page-background-meta":{"desktop":{"background-color":"var(--ast-global-color-4)","background-image":"","background-repeat":"repeat","background-position":"center center","background-size":"auto","background-attachment":"scroll","background-type":"","background-media":"","overlay-type":"","overlay-color":"","overlay-opacity":"","overlay-gradient":""},"tablet":{"background-color":"","background-image":"","background-repeat":"repeat","background-position":"center center","background-size":"auto","background-attachment":"scroll","background-type":"","background-media":"","overlay-type":"","overlay-color":"","overlay-opacity":"","overlay-gradient":""},"mobile":{"background-color":"","background-image":"","background-repeat":"repeat","background-position":"center center","background-size":"auto","background-attachment":"scroll","background-type":"","background-media":"","overlay-type":"","overlay-color":"","overlay-opacity":"","overlay-gradient":""}},"ast-content-background-meta":{"desktop":{"background-color":"var(--ast-global-color-5)","background-image":"","background-repeat":"repeat","background-position":"center center","background-size":"auto","background-attachment":"scroll","background-type":"","background-media":"","overlay-type":"","overlay-color":"","overlay-opacity":"","overlay-gradient":""},"tablet":{"background-color":"var(--ast-global-color-5)","background-image":"","background-repeat":"repeat","background-position":"center center","background-size":"auto","background-attachment":"scroll","background-type":"","background-media":"","overlay-type":"","overlay-color":"","overlay-opacity":"","overlay-gradient":""},"mobile":{"background-color":"var(--ast-global-color-5)","background-image":"","background-repeat":"repeat","background-position":"center center","background-size":"auto","background-attachment":"scroll","background-type":"","background-media":"","overlay-type":"","overlay-color":"","overlay-opacity":"","overlay-gradient":""}}},"product_brand":[],"product_cat":[126,119,92],"product_tag":[],"class_list":{"0":"post-3799","1":"product","2":"type-product","3":"status-publish","4":"has-post-thumbnail","6":"product_cat-visi","7":"product_cat-smeigtukai-pins","8":"product_cat-populiariausiu-produktu-kategorija","9":"desktop-align-center","10":"tablet-align-left","11":"mobile-align-left","13":"first","14":"instock","15":"shipping-taxable","16":"purchasable","17":"product-type-simple"},"yoast_head":"<!-- This site is optimized with the Yoast SEO plugin v27.1.1 - https:\/\/yoast.com\/product\/yoast-seo-wordpress\/ -->\n<title>Smeigtukas lotoso \u017eiedas<\/title>\n<meta name=\"description\" content=\"Emaliuotas smeigtukas lotoso \u017eiedas \u2013 eleganti\u0161kas aksesuaras, tinkantis \u0161alikams, skryb\u0117l\u0117ms ar \u0161varkams.\" \/>\n<meta name=\"robots\" content=\"index, follow, max-snippet:-1, max-image-preview:large, max-video-preview:-1\" \/>\n<link rel=\"canonical\" href=\"https:\/\/kabinam.lt\/et\/toode\/smeigtukas-lotoso-ziedas\/\" \/>\n<meta property=\"og:locale\" content=\"et_EE\" \/>\n<meta property=\"og:type\" content=\"article\" \/>\n<meta property=\"og:title\" content=\"Smeigtukas lotoso \u017eiedas\" \/>\n<meta property=\"og:description\" content=\"Emaliuotas smeigtukas lotoso \u017eiedas \u2013 eleganti\u0161kas aksesuaras, tinkantis \u0161alikams, skryb\u0117l\u0117ms ar \u0161varkams.\" \/>\n<meta property=\"og:url\" content=\"https:\/\/kabinam.lt\/et\/toode\/smeigtukas-lotoso-ziedas\/\" \/>\n<meta property=\"og:site_name\" content=\"kabinam.lt\" \/>\n<meta property=\"article:modified_time\" content=\"2026-01-18T23:35:25+00:00\" \/>\n<meta property=\"og:image\" content=\"https:\/\/kabinam.lt\/wp-content\/uploads\/2025\/06\/f739210e-d25e-43e9-a84f-d96e32b60055.jpg\" \/>\n\t<meta property=\"og:image:width\" content=\"800\" \/>\n\t<meta property=\"og:image:height\" content=\"800\" \/>\n\t<meta property=\"og:image:type\" content=\"image\/jpeg\" \/>\n<meta name=\"twitter:card\" content=\"summary_large_image\" \/>\n<meta name=\"twitter:label1\" content=\"Est. reading time\" \/>\n\t<meta name=\"twitter:data1\" content=\"2 minutit\" \/>\n<script type=\"application\/ld+json\" class=\"yoast-schema-graph\">{\"@context\":\"https:\/\/schema.org\",\"@graph\":[{\"@type\":[\"WebPage\",\"ItemPage\"],\"@id\":\"https:\/\/kabinam.lt\/eng\/product\/pin-lotus-flower\/\",\"url\":\"https:\/\/kabinam.lt\/eng\/product\/pin-lotus-flower\/\",\"name\":\"Smeigtukas lotoso \u017eiedas\",\"isPartOf\":{\"@id\":\"https:\/\/kabinam.lt\/#website\"},\"primaryImageOfPage\":{\"@id\":\"https:\/\/kabinam.lt\/eng\/product\/pin-lotus-flower\/#primaryimage\"},\"image\":{\"@id\":\"https:\/\/kabinam.lt\/eng\/product\/pin-lotus-flower\/#primaryimage\"},\"thumbnailUrl\":\"https:\/\/kabinam.lt\/wp-content\/uploads\/2025\/06\/f739210e-d25e-43e9-a84f-d96e32b60055.jpg\",\"datePublished\":\"2025-06-08T18:05:36+00:00\",\"dateModified\":\"2026-01-18T23:35:25+00:00\",\"description\":\"Emaliuotas smeigtukas lotoso \u017eiedas \u2013 eleganti\u0161kas aksesuaras, tinkantis \u0161alikams, skryb\u0117l\u0117ms ar \u0161varkams.\",\"breadcrumb\":{\"@id\":\"https:\/\/kabinam.lt\/eng\/product\/pin-lotus-flower\/#breadcrumb\"},\"inLanguage\":\"et\",\"potentialAction\":[{\"@type\":\"ReadAction\",\"target\":[\"https:\/\/kabinam.lt\/eng\/product\/pin-lotus-flower\/\"]}]},{\"@type\":\"ImageObject\",\"inLanguage\":\"et\",\"@id\":\"https:\/\/kabinam.lt\/eng\/product\/pin-lotus-flower\/#primaryimage\",\"url\":\"https:\/\/kabinam.lt\/wp-content\/uploads\/2025\/06\/f739210e-d25e-43e9-a84f-d96e32b60055.jpg\",\"contentUrl\":\"https:\/\/kabinam.lt\/wp-content\/uploads\/2025\/06\/f739210e-d25e-43e9-a84f-d96e32b60055.jpg\",\"width\":800,\"height\":800,\"caption\":\"Emaliuotas smeigtukas su lotoso motyvu\"},{\"@type\":\"BreadcrumbList\",\"@id\":\"https:\/\/kabinam.lt\/eng\/product\/pin-lotus-flower\/#breadcrumb\",\"itemListElement\":[{\"@type\":\"ListItem\",\"position\":1,\"name\":\"Home\",\"item\":\"https:\/\/kabinam.lt\/\"},{\"@type\":\"ListItem\",\"position\":2,\"name\":\"Visi Produktai\",\"item\":\"https:\/\/kabinam.lt\/visi-produktai\/\"},{\"@type\":\"ListItem\",\"position\":3,\"name\":\"Smeigtukas lotoso \u017eiedas\"}]},{\"@type\":\"WebSite\",\"@id\":\"https:\/\/kabinam.lt\/#website\",\"url\":\"https:\/\/kabinam.lt\/\",\"name\":\"kabinam.lt\",\"description\":\"Kabinam.lt \u2013 raktu pakabukai ir aksesuarai\",\"publisher\":{\"@id\":\"https:\/\/kabinam.lt\/#organization\"},\"alternateName\":\"pakabukai lt\",\"potentialAction\":[{\"@type\":\"SearchAction\",\"target\":{\"@type\":\"EntryPoint\",\"urlTemplate\":\"https:\/\/kabinam.lt\/?s={search_term_string}\"},\"query-input\":{\"@type\":\"PropertyValueSpecification\",\"valueRequired\":true,\"valueName\":\"search_term_string\"}}],\"inLanguage\":\"et\"},{\"@type\":\"Organization\",\"@id\":\"https:\/\/kabinam.lt\/#organization\",\"name\":\"kabinam.lt\",\"alternateName\":\"kabinam\",\"url\":\"https:\/\/kabinam.lt\/\",\"logo\":{\"@type\":\"ImageObject\",\"inLanguage\":\"et\",\"@id\":\"https:\/\/kabinam.lt\/#\/schema\/logo\/image\/\",\"url\":\"https:\/\/kabinam.lt\/wp-content\/uploads\/2025\/05\/KABINAM_outer_glow.png\",\"contentUrl\":\"https:\/\/kabinam.lt\/wp-content\/uploads\/2025\/05\/KABINAM_outer_glow.png\",\"width\":474,\"height\":141,\"caption\":\"kabinam.lt\"},\"image\":{\"@id\":\"https:\/\/kabinam.lt\/#\/schema\/logo\/image\/\"}}]}<\/script>\n<!-- \/ Yoast SEO plugin. -->","yoast_head_json":{"title":"Pin lootose lill","description":"Emaliuotas smeigtukas lotoso \u017eiedas \u2013 eleganti\u0161kas aksesuaras, tinkantis \u0161alikams, skryb\u0117l\u0117ms ar \u0161varkams.","robots":{"index":"index","follow":"follow","max-snippet":"max-snippet:-1","max-image-preview":"max-image-preview:large","max-video-preview":"max-video-preview:-1"},"canonical":"https:\/\/kabinam.lt\/et\/toode\/smeigtukas-lotoso-ziedas\/","og_locale":"et_EE","og_type":"article","og_title":"Smeigtukas lotoso \u017eiedas","og_description":"Emaliuotas smeigtukas lotoso \u017eiedas \u2013 eleganti\u0161kas aksesuaras, tinkantis \u0161alikams, skryb\u0117l\u0117ms ar \u0161varkams.","og_url":"https:\/\/kabinam.lt\/et\/toode\/smeigtukas-lotoso-ziedas\/","og_site_name":"kabinam.lt","article_modified_time":"2026-01-18T23:35:25+00:00","og_image":[{"width":800,"height":800,"url":"https:\/\/kabinam.lt\/wp-content\/uploads\/2025\/06\/f739210e-d25e-43e9-a84f-d96e32b60055.jpg","type":"image\/jpeg"}],"twitter_card":"summary_large_image","twitter_misc":{"Est. reading time":"2 minutit"},"schema":{"@context":"https:\/\/schema.org","@graph":[{"@type":["WebPage","ItemPage"],"@id":"https:\/\/kabinam.lt\/eng\/product\/pin-lotus-flower\/","url":"https:\/\/kabinam.lt\/eng\/product\/pin-lotus-flower\/","name":"Pin lootose lill","isPartOf":{"@id":"https:\/\/kabinam.lt\/#website"},"primaryImageOfPage":{"@id":"https:\/\/kabinam.lt\/eng\/product\/pin-lotus-flower\/#primaryimage"},"image":{"@id":"https:\/\/kabinam.lt\/eng\/product\/pin-lotus-flower\/#primaryimage"},"thumbnailUrl":"https:\/\/kabinam.lt\/wp-content\/uploads\/2025\/06\/f739210e-d25e-43e9-a84f-d96e32b60055.jpg","datePublished":"2025-06-08T18:05:36+00:00","dateModified":"2026-01-18T23:35:25+00:00","description":"Emaliuotas smeigtukas lotoso \u017eiedas \u2013 eleganti\u0161kas aksesuaras, tinkantis \u0161alikams, skryb\u0117l\u0117ms ar \u0161varkams.","breadcrumb":{"@id":"https:\/\/kabinam.lt\/eng\/product\/pin-lotus-flower\/#breadcrumb"},"inLanguage":"et","potentialAction":[{"@type":"ReadAction","target":["https:\/\/kabinam.lt\/eng\/product\/pin-lotus-flower\/"]}]},{"@type":"ImageObject","inLanguage":"et","@id":"https:\/\/kabinam.lt\/eng\/product\/pin-lotus-flower\/#primaryimage","url":"https:\/\/kabinam.lt\/wp-content\/uploads\/2025\/06\/f739210e-d25e-43e9-a84f-d96e32b60055.jpg","contentUrl":"https:\/\/kabinam.lt\/wp-content\/uploads\/2025\/06\/f739210e-d25e-43e9-a84f-d96e32b60055.jpg","width":800,"height":800,"caption":"Emaliuotas smeigtukas su lotoso motyvu"},{"@type":"BreadcrumbList","@id":"https:\/\/kabinam.lt\/eng\/product\/pin-lotus-flower\/#breadcrumb","itemListElement":[{"@type":"ListItem","position":1,"name":"Home","item":"https:\/\/kabinam.lt\/"},{"@type":"ListItem","position":2,"name":"Visi Produktai","item":"https:\/\/kabinam.lt\/visi-produktai\/"},{"@type":"ListItem","position":3,"name":"Smeigtukas lotoso \u017eiedas"}]},{"@type":"WebSite","@id":"https:\/\/kabinam.lt\/#website","url":"https:\/\/kabinam.lt\/","name":"kabinam.lt","description":"Kabinam.lt - v\u00f5tmehoidjad ja aksessuaarid","publisher":{"@id":"https:\/\/kabinam.lt\/#organization"},"alternateName":"pakabukai lt","potentialAction":[{"@type":"SearchAction","target":{"@type":"EntryPoint","urlTemplate":"https:\/\/kabinam.lt\/?s={search_term_string}"},"query-input":{"@type":"PropertyValueSpecification","valueRequired":true,"valueName":"search_term_string"}}],"inLanguage":"et"},{"@type":"Organization","@id":"https:\/\/kabinam.lt\/#organization","name":"kabinam.lt","alternateName":"kabinam","url":"https:\/\/kabinam.lt\/","logo":{"@type":"ImageObject","inLanguage":"et","@id":"https:\/\/kabinam.lt\/#\/schema\/logo\/image\/","url":"https:\/\/kabinam.lt\/wp-content\/uploads\/2025\/05\/KABINAM_outer_glow.png","contentUrl":"https:\/\/kabinam.lt\/wp-content\/uploads\/2025\/05\/KABINAM_outer_glow.png","width":474,"height":141,"caption":"kabinam.lt"},"image":{"@id":"https:\/\/kabinam.lt\/#\/schema\/logo\/image\/"}}]}},"uagb_featured_image_src":{"full":["https:\/\/kabinam.lt\/wp-content\/uploads\/2025\/06\/f739210e-d25e-43e9-a84f-d96e32b60055.jpg",800,800,false],"thumbnail":["https:\/\/kabinam.lt\/wp-content\/uploads\/2025\/06\/f739210e-d25e-43e9-a84f-d96e32b60055-150x150.jpg",150,150,true],"medium":["https:\/\/kabinam.lt\/wp-content\/uploads\/2025\/06\/f739210e-d25e-43e9-a84f-d96e32b60055-300x300.jpg",300,300,true],"medium_large":["https:\/\/kabinam.lt\/wp-content\/uploads\/2025\/06\/f739210e-d25e-43e9-a84f-d96e32b60055-768x768.jpg",768,768,true],"large":["https:\/\/kabinam.lt\/wp-content\/uploads\/2025\/06\/f739210e-d25e-43e9-a84f-d96e32b60055.jpg",800,800,false],"1536x1536":["https:\/\/kabinam.lt\/wp-content\/uploads\/2025\/06\/f739210e-d25e-43e9-a84f-d96e32b60055.jpg",800,800,false],"2048x2048":["https:\/\/kabinam.lt\/wp-content\/uploads\/2025\/06\/f739210e-d25e-43e9-a84f-d96e32b60055.jpg",800,800,false],"trp-custom-language-flag":["https:\/\/kabinam.lt\/wp-content\/uploads\/2025\/06\/f739210e-d25e-43e9-a84f-d96e32b60055.jpg",12,12,false],"woocommerce_thumbnail":["https:\/\/kabinam.lt\/wp-content\/uploads\/2025\/06\/f739210e-d25e-43e9-a84f-d96e32b60055-300x300.jpg",300,300,true],"woocommerce_single":["https:\/\/kabinam.lt\/wp-content\/uploads\/2025\/06\/f739210e-d25e-43e9-a84f-d96e32b60055-600x600.jpg",600,600,true],"woocommerce_gallery_thumbnail":["https:\/\/kabinam.lt\/wp-content\/uploads\/2025\/06\/f739210e-d25e-43e9-a84f-d96e32b60055-100x100.jpg",100,100,true]},"uagb_author_info":{"display_name":"kabinam.lt","author_link":"https:\/\/kabinam.lt\/et\/author\/"},"uagb_comment_info":0,"uagb_excerpt":"Eleganti\u0161kas smeigtukas lotoso forma \u2013 puo\u0161nus aksesuaras drabu\u017eiams ar aksesuarams.","_links":{"self":[{"href":"https:\/\/kabinam.lt\/et\/wp-json\/wp\/v2\/product\/3799","targetHints":{"allow":["GET"]}}],"collection":[{"href":"https:\/\/kabinam.lt\/et\/wp-json\/wp\/v2\/product"}],"about":[{"href":"https:\/\/kabinam.lt\/et\/wp-json\/wp\/v2\/types\/product"}],"replies":[{"embeddable":true,"href":"https:\/\/kabinam.lt\/et\/wp-json\/wp\/v2\/comments?post=3799"}],"wp:featuredmedia":[{"embeddable":true,"href":"https:\/\/kabinam.lt\/et\/wp-json\/wp\/v2\/media\/3800"}],"wp:attachment":[{"href":"https:\/\/kabinam.lt\/et\/wp-json\/wp\/v2\/media?parent=3799"}],"wp:term":[{"taxonomy":"product_brand","embeddable":true,"href":"https:\/\/kabinam.lt\/et\/wp-json\/wp\/v2\/product_brand?post=3799"},{"taxonomy":"product_cat","embeddable":true,"href":"https:\/\/kabinam.lt\/et\/wp-json\/wp\/v2\/product_cat?post=3799"},{"taxonomy":"product_tag","embeddable":true,"href":"https:\/\/kabinam.lt\/et\/wp-json\/wp\/v2\/product_tag?post=3799"}],"curies":[{"name":"wp","href":"https:\/\/api.w.org\/{rel}","templated":true}]}}