{"id":3448,"date":"2025-04-17T22:12:53","date_gmt":"2025-04-17T20:12:53","guid":{"rendered":"https:\/\/kabinam.lt\/?post_type=product&#038;p=3448"},"modified":"2026-01-18T15:22:38","modified_gmt":"2026-01-18T13:22:38","slug":"votmehoidja-youre-my-favorite-person","status":"publish","type":"product","link":"https:\/\/kabinam.lt\/et\/product\/raktu-pakabukas-youre-my-favorite-person\/","title":{"rendered":"You're My Favourite Person v\u00f5tmehoidja - peen kingitus mehele"},"content":{"rendered":"<div class=\"kk-star-ratings kksr-auto kksr-align-left kksr-valign-top\"\n    data-payload='{&quot;align&quot;:&quot;left&quot;,&quot;id&quot;:&quot;3448&quot;,&quot;slug&quot;:&quot;default&quot;,&quot;valign&quot;:&quot;top&quot;,&quot;ignore&quot;:&quot;&quot;,&quot;reference&quot;:&quot;auto&quot;,&quot;class&quot;:&quot;&quot;,&quot;count&quot;:&quot;0&quot;,&quot;legendonly&quot;:&quot;&quot;,&quot;readonly&quot;:&quot;&quot;,&quot;score&quot;:&quot;0&quot;,&quot;starsonly&quot;:&quot;&quot;,&quot;best&quot;:&quot;5&quot;,&quot;gap&quot;:&quot;5&quot;,&quot;greet&quot;:&quot;Mums svarbus j\u016bs\u0173 \u012fvertinimas&quot;,&quot;legend&quot;:&quot;0\\\/5 - (0 votes)&quot;,&quot;size&quot;:&quot;24&quot;,&quot;title&quot;:&quot;Rakt\u0173 pakabukas You\\u0026#039;re My Favorite Person \u2013 subtili dovana vyrui&quot;,&quot;width&quot;:&quot;0&quot;,&quot;_legend&quot;:&quot;{score}\\\/{best} - ({count} {votes})&quot;,&quot;font_factor&quot;:&quot;1.25&quot;}'>\n            \n<div class=\"kksr-stars\">\n    \n<div class=\"kksr-stars-inactive\">\n            <div class=\"kksr-star\" data-star=\"1\" style=\"padding-right: 5px\">\n            \n\n<div class=\"kksr-icon\" style=\"width: 24px; height: 24px;\"><\/div>\n        <\/div>\n            <div class=\"kksr-star\" data-star=\"2\" style=\"padding-right: 5px\">\n            \n\n<div class=\"kksr-icon\" style=\"width: 24px; height: 24px;\"><\/div>\n        <\/div>\n            <div class=\"kksr-star\" data-star=\"3\" style=\"padding-right: 5px\">\n            \n\n<div class=\"kksr-icon\" style=\"width: 24px; height: 24px;\"><\/div>\n        <\/div>\n            <div class=\"kksr-star\" data-star=\"4\" style=\"padding-right: 5px\">\n            \n\n<div class=\"kksr-icon\" style=\"width: 24px; height: 24px;\"><\/div>\n        <\/div>\n            <div class=\"kksr-star\" data-star=\"5\" style=\"padding-right: 5px\">\n            \n\n<div class=\"kksr-icon\" style=\"width: 24px; height: 24px;\"><\/div>\n        <\/div>\n    <\/div>\n    \n<div class=\"kksr-stars-active\" style=\"width: 0px;\">\n            <div class=\"kksr-star\" style=\"padding-right: 5px\">\n            \n\n<div class=\"kksr-icon\" style=\"width: 24px; height: 24px;\"><\/div>\n        <\/div>\n            <div class=\"kksr-star\" style=\"padding-right: 5px\">\n            \n\n<div class=\"kksr-icon\" style=\"width: 24px; height: 24px;\"><\/div>\n        <\/div>\n            <div class=\"kksr-star\" style=\"padding-right: 5px\">\n            \n\n<div class=\"kksr-icon\" style=\"width: 24px; height: 24px;\"><\/div>\n        <\/div>\n            <div class=\"kksr-star\" style=\"padding-right: 5px\">\n            \n\n<div class=\"kksr-icon\" style=\"width: 24px; height: 24px;\"><\/div>\n        <\/div>\n            <div class=\"kksr-star\" style=\"padding-right: 5px\">\n            \n\n<div class=\"kksr-icon\" style=\"width: 24px; height: 24px;\"><\/div>\n        <\/div>\n    <\/div>\n<\/div>\n                \n\n<div class=\"kksr-legend\" style=\"font-size: 19.2px;\">\n            <span class=\"kksr-muted\">Teie hinnang on meile oluline<\/span>\n    <\/div>\n    <\/div>\n<h4 class=\"\" data-start=\"168\" data-end=\"208\">Isiklik ja t\u00e4hendusrikas kingitus oma abikaasale<\/h4>\n<p class=\"\" data-start=\"210\" data-end=\"565\"><strong data-start=\"210\" data-end=\"255\">V\u00f5tmehoidja Sa oled minu lemmik inimene<\/strong> - See on erakordne valik neile, kes soovivad v\u00e4ljendada oma tundeid mitte liiga pompoossel, vaid siiral moel. Graveeritud kiri \u201eSa oled minu lemmik inimene\u201c annab edasi lihtsa, kuid j\u00f5ulise s\u00f5numi: \u201eSa oled minu lemmik inimene\u201c. Selline v\u00e4ike asi v\u00f5ib olla soe meeldetuletus, et keegi hindab ja armastab sind.<\/p>\n<p class=\"\" data-start=\"567\" data-end=\"794\">See ripats on valmistatud roostevabast terasest, mis muudab selle tugevaks ja vastupidavaks ning s\u00e4ilitab oma s\u00e4ra ka p\u00e4rast pikka kasutamist. Elegantne disain sobib ideaalselt teie v\u00f5tmehoidja, seljakoti v\u00f5i autov\u00f5tmete juurde.<\/p>\n<hr class=\"\" data-start=\"796\" data-end=\"799\" \/>\n<h4 class=\"\" data-start=\"801\" data-end=\"829\">Sobib igaks juhuks<\/h4>\n<p class=\"\" data-start=\"831\" data-end=\"1114\">Otsid oma abikaasale kingiideed? See <strong data-start=\"863\" data-end=\"908\">Sa oled minu lemmik inimene v\u00f5tmehoidja<\/strong> - ideaalne valik s\u00fcnnip\u00e4evadeks, s\u00f5brap\u00e4evaks, t\u00e4htp\u00e4evadeks v\u00f5i muudeks erilisteks s\u00fcndmusteks. T\u00e4nu mitmek\u00fclgsele disainile sobib see ideaalselt poiss-s\u00f5brale, abikaasale, vennale v\u00f5i isegi parimale s\u00f5brale.<\/p>\n<p class=\"\" data-start=\"1116\" data-end=\"1303\">Selle ripatsi peen v\u00e4limus muudab selle sobivaks ka neile, kellele tavaliselt ei meeldi eredad aksessuaarid. See on elegantne, kuid samas tagasihoidlik valik - just selline ripats, mis teeb k\u00f5iki \u00f5nnelikuks.<\/p>\n<hr class=\"\" data-start=\"1305\" data-end=\"1308\" \/>\n<h4 class=\"\" data-start=\"1310\" data-end=\"1351\">Erakordne kvaliteet ja emotsioonid \u00fches<\/h4>\n<p class=\"\" data-start=\"1353\" data-end=\"1616\">See ripats ei ole mitte ainult emotsionaalse v\u00e4\u00e4rtusega, vaid ka kvaliteetne. Roostevabast terasest materjal tagab korrosioonikindluse ja lasergraveeritud tekst ei tuhmu aja jooksul. See on ideaalne valik neile, kes otsivad kingitust, mis on nii s\u00fcmboolne kui ka praktiline.<\/p>\n<p class=\"\" data-start=\"1618\" data-end=\"1941\">Kutsume teid \u00fcles vaatama teisi <a target=\"_new\" rel=\"noopener\" data-start=\"1648\" data-end=\"1736\">unikaalsed ripatsid<\/a> meie e-poes. Kui otsite veel rohkem kingiideid meestele, siis soovitame vaadata ka <a target=\"_new\" rel=\"noopener\" data-start=\"1837\" data-end=\"1885\">Firebox<\/a> Veebisait on t\u00e4is huvitavaid ja originaalseid lahendusi.<\/p>","protected":false},"excerpt":{"rendered":"<p>Elegantne roostevabast terasest ripats, millel on \u00f5rn graveeritud kiri - ideaalne kingitus teie abikaasale v\u00f5i kallimale.<\/p>","protected":false},"featured_media":3449,"comment_status":"closed","ping_status":"closed","template":"","meta":{"_uag_custom_page_level_css":"","site-sidebar-layout":"default","site-content-layout":"","ast-site-content-layout":"default","site-content-style":"default","site-sidebar-style":"default","ast-global-header-display":"","ast-banner-title-visibility":"","ast-main-header-display":"","ast-hfb-above-header-display":"","ast-hfb-below-header-display":"","ast-hfb-mobile-header-display":"","site-post-title":"","ast-breadcrumbs-content":"","ast-featured-img":"","footer-sml-layout":"","ast-disable-related-posts":"","theme-transparent-header-meta":"default","adv-header-id-meta":"","stick-header-meta":"","header-above-stick-meta":"","header-main-stick-meta":"","header-below-stick-meta":"","astra-migrate-meta-layouts":"set","ast-page-background-enabled":"default","ast-page-background-meta":{"desktop":{"background-color":"var(--ast-global-color-4)","background-image":"","background-repeat":"repeat","background-position":"center center","background-size":"auto","background-attachment":"scroll","background-type":"","background-media":"","overlay-type":"","overlay-color":"","overlay-opacity":"","overlay-gradient":""},"tablet":{"background-color":"","background-image":"","background-repeat":"repeat","background-position":"center center","background-size":"auto","background-attachment":"scroll","background-type":"","background-media":"","overlay-type":"","overlay-color":"","overlay-opacity":"","overlay-gradient":""},"mobile":{"background-color":"","background-image":"","background-repeat":"repeat","background-position":"center center","background-size":"auto","background-attachment":"scroll","background-type":"","background-media":"","overlay-type":"","overlay-color":"","overlay-opacity":"","overlay-gradient":""}},"ast-content-background-meta":{"desktop":{"background-color":"var(--ast-global-color-5)","background-image":"","background-repeat":"repeat","background-position":"center center","background-size":"auto","background-attachment":"scroll","background-type":"","background-media":"","overlay-type":"","overlay-color":"","overlay-opacity":"","overlay-gradient":""},"tablet":{"background-color":"var(--ast-global-color-5)","background-image":"","background-repeat":"repeat","background-position":"center center","background-size":"auto","background-attachment":"scroll","background-type":"","background-media":"","overlay-type":"","overlay-color":"","overlay-opacity":"","overlay-gradient":""},"mobile":{"background-color":"var(--ast-global-color-5)","background-image":"","background-repeat":"repeat","background-position":"center center","background-size":"auto","background-attachment":"scroll","background-type":"","background-media":"","overlay-type":"","overlay-color":"","overlay-opacity":"","overlay-gradient":""}}},"product_brand":[],"product_cat":[126,117,116,95,118],"product_tag":[],"class_list":{"0":"post-3448","1":"product","2":"type-product","3":"status-publish","4":"has-post-thumbnail","6":"product_cat-visi","7":"product_cat-graviruoti-raktu-pakabukai","8":"product_cat-metaliniai-raktu-pakabukai","9":"product_cat-unikalus-raktu-pakabukai","10":"product_cat-dovana-teciui","11":"desktop-align-center","12":"tablet-align-left","13":"mobile-align-left","15":"first","16":"instock","17":"shipping-taxable","18":"purchasable","19":"product-type-simple"},"yoast_head":"<!-- This site is optimized with the Yoast SEO plugin v27.1.1 - https:\/\/yoast.com\/product\/yoast-seo-wordpress\/ -->\n<title>Rakt\u0173 pakabukas You&#039;re My Favorite Person \u2013 subtili dovana vyrui - kabinam.lt<\/title>\n<meta name=\"description\" content=\"Eleganti\u0161kas rakt\u0173 pakabukas su u\u017era\u0161u \u201eYou&#039;re My Favorite Person\u201c \u2013 ideali dovana vyrui ar artimam \u017emogui.\" \/>\n<meta name=\"robots\" content=\"index, follow, max-snippet:-1, max-image-preview:large, max-video-preview:-1\" \/>\n<link rel=\"canonical\" href=\"https:\/\/kabinam.lt\/et\/toode\/votmehoidja-youre-my-favorite-person\/\" \/>\n<meta property=\"og:locale\" content=\"et_EE\" \/>\n<meta property=\"og:type\" content=\"article\" \/>\n<meta property=\"og:title\" content=\"Rakt\u0173 pakabukas You&#039;re My Favorite Person \u2013 subtili dovana vyrui - kabinam.lt\" \/>\n<meta property=\"og:description\" content=\"Eleganti\u0161kas rakt\u0173 pakabukas su u\u017era\u0161u \u201eYou&#039;re My Favorite Person\u201c \u2013 ideali dovana vyrui ar artimam \u017emogui.\" \/>\n<meta property=\"og:url\" content=\"https:\/\/kabinam.lt\/et\/toode\/votmehoidja-youre-my-favorite-person\/\" \/>\n<meta property=\"og:site_name\" content=\"kabinam.lt\" \/>\n<meta property=\"article:modified_time\" content=\"2026-01-18T13:22:38+00:00\" \/>\n<meta property=\"og:image\" content=\"https:\/\/kabinam.lt\/wp-content\/uploads\/2025\/04\/f750a514-ceeb-4c6c-9403-a548d4715888.jpg\" \/>\n\t<meta property=\"og:image:width\" content=\"1000\" \/>\n\t<meta property=\"og:image:height\" content=\"1000\" \/>\n\t<meta property=\"og:image:type\" content=\"image\/jpeg\" \/>\n<meta name=\"twitter:card\" content=\"summary_large_image\" \/>\n<meta name=\"twitter:label1\" content=\"Est. reading time\" \/>\n\t<meta name=\"twitter:data1\" content=\"2 minutit\" \/>\n<script type=\"application\/ld+json\" class=\"yoast-schema-graph\">{\"@context\":\"https:\/\/schema.org\",\"@graph\":[{\"@type\":[\"WebPage\",\"ItemPage\"],\"@id\":\"https:\/\/kabinam.lt\/eng\/product\/raktu-pakabukas-youre-my-favorite-person\/\",\"url\":\"https:\/\/kabinam.lt\/eng\/product\/raktu-pakabukas-youre-my-favorite-person\/\",\"name\":\"Rakt\u0173 pakabukas You're My Favorite Person \u2013 subtili dovana vyrui - kabinam.lt\",\"isPartOf\":{\"@id\":\"https:\/\/kabinam.lt\/#website\"},\"primaryImageOfPage\":{\"@id\":\"https:\/\/kabinam.lt\/eng\/product\/raktu-pakabukas-youre-my-favorite-person\/#primaryimage\"},\"image\":{\"@id\":\"https:\/\/kabinam.lt\/eng\/product\/raktu-pakabukas-youre-my-favorite-person\/#primaryimage\"},\"thumbnailUrl\":\"https:\/\/kabinam.lt\/wp-content\/uploads\/2025\/04\/f750a514-ceeb-4c6c-9403-a548d4715888.jpg\",\"datePublished\":\"2025-04-17T20:12:53+00:00\",\"dateModified\":\"2026-01-18T13:22:38+00:00\",\"description\":\"Eleganti\u0161kas rakt\u0173 pakabukas su u\u017era\u0161u \u201eYou're My Favorite Person\u201c \u2013 ideali dovana vyrui ar artimam \u017emogui.\",\"breadcrumb\":{\"@id\":\"https:\/\/kabinam.lt\/eng\/product\/raktu-pakabukas-youre-my-favorite-person\/#breadcrumb\"},\"inLanguage\":\"et\",\"potentialAction\":[{\"@type\":\"ReadAction\",\"target\":[\"https:\/\/kabinam.lt\/eng\/product\/raktu-pakabukas-youre-my-favorite-person\/\"]}]},{\"@type\":\"ImageObject\",\"inLanguage\":\"et\",\"@id\":\"https:\/\/kabinam.lt\/eng\/product\/raktu-pakabukas-youre-my-favorite-person\/#primaryimage\",\"url\":\"https:\/\/kabinam.lt\/wp-content\/uploads\/2025\/04\/f750a514-ceeb-4c6c-9403-a548d4715888.jpg\",\"contentUrl\":\"https:\/\/kabinam.lt\/wp-content\/uploads\/2025\/04\/f750a514-ceeb-4c6c-9403-a548d4715888.jpg\",\"width\":1000,\"height\":1000,\"caption\":\"Graviruotas rakt\u0173 pakabukas vyrui\"},{\"@type\":\"BreadcrumbList\",\"@id\":\"https:\/\/kabinam.lt\/eng\/product\/raktu-pakabukas-youre-my-favorite-person\/#breadcrumb\",\"itemListElement\":[{\"@type\":\"ListItem\",\"position\":1,\"name\":\"Home\",\"item\":\"https:\/\/kabinam.lt\/\"},{\"@type\":\"ListItem\",\"position\":2,\"name\":\"Visi Produktai\",\"item\":\"https:\/\/kabinam.lt\/visi-produktai\/\"},{\"@type\":\"ListItem\",\"position\":3,\"name\":\"Rakt\u0173 pakabukas You&#8217;re My Favorite Person \u2013 subtili dovana vyrui\"}]},{\"@type\":\"WebSite\",\"@id\":\"https:\/\/kabinam.lt\/#website\",\"url\":\"https:\/\/kabinam.lt\/\",\"name\":\"kabinam.lt\",\"description\":\"Kabinam.lt \u2013 raktu pakabukai ir aksesuarai\",\"publisher\":{\"@id\":\"https:\/\/kabinam.lt\/#organization\"},\"alternateName\":\"pakabukai lt\",\"potentialAction\":[{\"@type\":\"SearchAction\",\"target\":{\"@type\":\"EntryPoint\",\"urlTemplate\":\"https:\/\/kabinam.lt\/?s={search_term_string}\"},\"query-input\":{\"@type\":\"PropertyValueSpecification\",\"valueRequired\":true,\"valueName\":\"search_term_string\"}}],\"inLanguage\":\"et\"},{\"@type\":\"Organization\",\"@id\":\"https:\/\/kabinam.lt\/#organization\",\"name\":\"kabinam.lt\",\"alternateName\":\"kabinam\",\"url\":\"https:\/\/kabinam.lt\/\",\"logo\":{\"@type\":\"ImageObject\",\"inLanguage\":\"et\",\"@id\":\"https:\/\/kabinam.lt\/#\/schema\/logo\/image\/\",\"url\":\"https:\/\/kabinam.lt\/wp-content\/uploads\/2025\/05\/KABINAM_outer_glow.png\",\"contentUrl\":\"https:\/\/kabinam.lt\/wp-content\/uploads\/2025\/05\/KABINAM_outer_glow.png\",\"width\":474,\"height\":141,\"caption\":\"kabinam.lt\"},\"image\":{\"@id\":\"https:\/\/kabinam.lt\/#\/schema\/logo\/image\/\"}}]}<\/script>\n<!-- \/ Yoast SEO plugin. -->","yoast_head_json":{"title":"V\u00f5tmehoidja You're My Favorite Person \u2013 peen kingitus mehele - kabinam.lt","description":"Elegantne v\u00f5tmehoidja kirjaga \u201eYou're My Favorite Person\u201c \u2013 parim kingitus mehele v\u00f5i l\u00e4heasele inimesele.","robots":{"index":"index","follow":"follow","max-snippet":"max-snippet:-1","max-image-preview":"max-image-preview:large","max-video-preview":"max-video-preview:-1"},"canonical":"https:\/\/kabinam.lt\/et\/toode\/votmehoidja-youre-my-favorite-person\/","og_locale":"et_EE","og_type":"article","og_title":"Rakt\u0173 pakabukas You're My Favorite Person \u2013 subtili dovana vyrui - kabinam.lt","og_description":"Eleganti\u0161kas rakt\u0173 pakabukas su u\u017era\u0161u \u201eYou're My Favorite Person\u201c \u2013 ideali dovana vyrui ar artimam \u017emogui.","og_url":"https:\/\/kabinam.lt\/et\/toode\/votmehoidja-youre-my-favorite-person\/","og_site_name":"kabinam.lt","article_modified_time":"2026-01-18T13:22:38+00:00","og_image":[{"width":1000,"height":1000,"url":"https:\/\/kabinam.lt\/wp-content\/uploads\/2025\/04\/f750a514-ceeb-4c6c-9403-a548d4715888.jpg","type":"image\/jpeg"}],"twitter_card":"summary_large_image","twitter_misc":{"Est. reading time":"2 minutit"},"schema":{"@context":"https:\/\/schema.org","@graph":[{"@type":["WebPage","ItemPage"],"@id":"https:\/\/kabinam.lt\/eng\/product\/raktu-pakabukas-youre-my-favorite-person\/","url":"https:\/\/kabinam.lt\/eng\/product\/raktu-pakabukas-youre-my-favorite-person\/","name":"V\u00f5tmehoidja You're My Favorite Person \u2013 peen kingitus mehele - kabinam.lt","isPartOf":{"@id":"https:\/\/kabinam.lt\/#website"},"primaryImageOfPage":{"@id":"https:\/\/kabinam.lt\/eng\/product\/raktu-pakabukas-youre-my-favorite-person\/#primaryimage"},"image":{"@id":"https:\/\/kabinam.lt\/eng\/product\/raktu-pakabukas-youre-my-favorite-person\/#primaryimage"},"thumbnailUrl":"https:\/\/kabinam.lt\/wp-content\/uploads\/2025\/04\/f750a514-ceeb-4c6c-9403-a548d4715888.jpg","datePublished":"2025-04-17T20:12:53+00:00","dateModified":"2026-01-18T13:22:38+00:00","description":"Elegantne v\u00f5tmehoidja kirjaga \u201eYou're My Favorite Person\u201c \u2013 parim kingitus mehele v\u00f5i l\u00e4heasele inimesele.","breadcrumb":{"@id":"https:\/\/kabinam.lt\/eng\/product\/raktu-pakabukas-youre-my-favorite-person\/#breadcrumb"},"inLanguage":"et","potentialAction":[{"@type":"ReadAction","target":["https:\/\/kabinam.lt\/eng\/product\/raktu-pakabukas-youre-my-favorite-person\/"]}]},{"@type":"ImageObject","inLanguage":"et","@id":"https:\/\/kabinam.lt\/eng\/product\/raktu-pakabukas-youre-my-favorite-person\/#primaryimage","url":"https:\/\/kabinam.lt\/wp-content\/uploads\/2025\/04\/f750a514-ceeb-4c6c-9403-a548d4715888.jpg","contentUrl":"https:\/\/kabinam.lt\/wp-content\/uploads\/2025\/04\/f750a514-ceeb-4c6c-9403-a548d4715888.jpg","width":1000,"height":1000,"caption":"Graviruotas rakt\u0173 pakabukas vyrui"},{"@type":"BreadcrumbList","@id":"https:\/\/kabinam.lt\/eng\/product\/raktu-pakabukas-youre-my-favorite-person\/#breadcrumb","itemListElement":[{"@type":"ListItem","position":1,"name":"Home","item":"https:\/\/kabinam.lt\/"},{"@type":"ListItem","position":2,"name":"Visi Produktai","item":"https:\/\/kabinam.lt\/visi-produktai\/"},{"@type":"ListItem","position":3,"name":"Rakt\u0173 pakabukas You&#8217;re My Favorite Person \u2013 subtili dovana vyrui"}]},{"@type":"WebSite","@id":"https:\/\/kabinam.lt\/#website","url":"https:\/\/kabinam.lt\/","name":"kabinam.lt","description":"Kabinam.lt - v\u00f5tmehoidjad ja aksessuaarid","publisher":{"@id":"https:\/\/kabinam.lt\/#organization"},"alternateName":"pakabukai lt","potentialAction":[{"@type":"SearchAction","target":{"@type":"EntryPoint","urlTemplate":"https:\/\/kabinam.lt\/?s={search_term_string}"},"query-input":{"@type":"PropertyValueSpecification","valueRequired":true,"valueName":"search_term_string"}}],"inLanguage":"et"},{"@type":"Organization","@id":"https:\/\/kabinam.lt\/#organization","name":"kabinam.lt","alternateName":"kabinam","url":"https:\/\/kabinam.lt\/","logo":{"@type":"ImageObject","inLanguage":"et","@id":"https:\/\/kabinam.lt\/#\/schema\/logo\/image\/","url":"https:\/\/kabinam.lt\/wp-content\/uploads\/2025\/05\/KABINAM_outer_glow.png","contentUrl":"https:\/\/kabinam.lt\/wp-content\/uploads\/2025\/05\/KABINAM_outer_glow.png","width":474,"height":141,"caption":"kabinam.lt"},"image":{"@id":"https:\/\/kabinam.lt\/#\/schema\/logo\/image\/"}}]}},"uagb_featured_image_src":{"full":["https:\/\/kabinam.lt\/wp-content\/uploads\/2025\/04\/f750a514-ceeb-4c6c-9403-a548d4715888.jpg",1000,1000,false],"thumbnail":["https:\/\/kabinam.lt\/wp-content\/uploads\/2025\/04\/f750a514-ceeb-4c6c-9403-a548d4715888-150x150.jpg",150,150,true],"medium":["https:\/\/kabinam.lt\/wp-content\/uploads\/2025\/04\/f750a514-ceeb-4c6c-9403-a548d4715888-300x300.jpg",300,300,true],"medium_large":["https:\/\/kabinam.lt\/wp-content\/uploads\/2025\/04\/f750a514-ceeb-4c6c-9403-a548d4715888-768x768.jpg",768,768,true],"large":["https:\/\/kabinam.lt\/wp-content\/uploads\/2025\/04\/f750a514-ceeb-4c6c-9403-a548d4715888.jpg",1000,1000,false],"1536x1536":["https:\/\/kabinam.lt\/wp-content\/uploads\/2025\/04\/f750a514-ceeb-4c6c-9403-a548d4715888.jpg",1000,1000,false],"2048x2048":["https:\/\/kabinam.lt\/wp-content\/uploads\/2025\/04\/f750a514-ceeb-4c6c-9403-a548d4715888.jpg",1000,1000,false],"trp-custom-language-flag":["https:\/\/kabinam.lt\/wp-content\/uploads\/2025\/04\/f750a514-ceeb-4c6c-9403-a548d4715888.jpg",12,12,false],"woocommerce_thumbnail":["https:\/\/kabinam.lt\/wp-content\/uploads\/2025\/04\/f750a514-ceeb-4c6c-9403-a548d4715888-300x300.jpg",300,300,true],"woocommerce_single":["https:\/\/kabinam.lt\/wp-content\/uploads\/2025\/04\/f750a514-ceeb-4c6c-9403-a548d4715888-600x600.jpg",600,600,true],"woocommerce_gallery_thumbnail":["https:\/\/kabinam.lt\/wp-content\/uploads\/2025\/04\/f750a514-ceeb-4c6c-9403-a548d4715888-100x100.jpg",100,100,true]},"uagb_author_info":{"display_name":"kabinam.lt","author_link":"https:\/\/kabinam.lt\/et\/author\/"},"uagb_comment_info":0,"uagb_excerpt":"Eleganti\u0161kas ner\u016bdijan\u010dio plieno pakabukas su jautriu graviruotu u\u017era\u0161u \u2013 puiki dovana vyrui ar artimam \u017emogui.","_links":{"self":[{"href":"https:\/\/kabinam.lt\/et\/wp-json\/wp\/v2\/product\/3448","targetHints":{"allow":["GET"]}}],"collection":[{"href":"https:\/\/kabinam.lt\/et\/wp-json\/wp\/v2\/product"}],"about":[{"href":"https:\/\/kabinam.lt\/et\/wp-json\/wp\/v2\/types\/product"}],"replies":[{"embeddable":true,"href":"https:\/\/kabinam.lt\/et\/wp-json\/wp\/v2\/comments?post=3448"}],"wp:featuredmedia":[{"embeddable":true,"href":"https:\/\/kabinam.lt\/et\/wp-json\/wp\/v2\/media\/3449"}],"wp:attachment":[{"href":"https:\/\/kabinam.lt\/et\/wp-json\/wp\/v2\/media?parent=3448"}],"wp:term":[{"taxonomy":"product_brand","embeddable":true,"href":"https:\/\/kabinam.lt\/et\/wp-json\/wp\/v2\/product_brand?post=3448"},{"taxonomy":"product_cat","embeddable":true,"href":"https:\/\/kabinam.lt\/et\/wp-json\/wp\/v2\/product_cat?post=3448"},{"taxonomy":"product_tag","embeddable":true,"href":"https:\/\/kabinam.lt\/et\/wp-json\/wp\/v2\/product_tag?post=3448"}],"curies":[{"name":"wp","href":"https:\/\/api.w.org\/{rel}","templated":true}]}}