{"id":3441,"date":"2025-04-17T21:20:04","date_gmt":"2025-04-17T19:20:04","guid":{"rendered":"https:\/\/kabinam.lt\/?post_type=product&#038;p=3441"},"modified":"2026-01-03T18:47:23","modified_gmt":"2026-01-03T16:47:23","slug":"raktu-pakabukas-drive-safe","status":"publish","type":"product","link":"https:\/\/kabinam.lt\/et\/product\/raktu-pakabukas-drive-safe\/","title":{"rendered":"Drive Safe v\u00f5tmehoidja - parim valik paaridele"},"content":{"rendered":"<div class=\"kk-star-ratings kksr-auto kksr-align-left kksr-valign-top\"\n    data-payload='{&quot;align&quot;:&quot;left&quot;,&quot;id&quot;:&quot;3441&quot;,&quot;slug&quot;:&quot;default&quot;,&quot;valign&quot;:&quot;top&quot;,&quot;ignore&quot;:&quot;&quot;,&quot;reference&quot;:&quot;auto&quot;,&quot;class&quot;:&quot;&quot;,&quot;count&quot;:&quot;0&quot;,&quot;legendonly&quot;:&quot;&quot;,&quot;readonly&quot;:&quot;&quot;,&quot;score&quot;:&quot;0&quot;,&quot;starsonly&quot;:&quot;&quot;,&quot;best&quot;:&quot;5&quot;,&quot;gap&quot;:&quot;5&quot;,&quot;greet&quot;:&quot;Mums svarbus j\u016bs\u0173 \u012fvertinimas&quot;,&quot;legend&quot;:&quot;0\\\/5 - (0 votes)&quot;,&quot;size&quot;:&quot;24&quot;,&quot;title&quot;:&quot;Rakt\u0173 pakabukas Drive Safe \u2013 i\u0161skirtinis pasirinkimas poroms&quot;,&quot;width&quot;:&quot;0&quot;,&quot;_legend&quot;:&quot;{score}\\\/{best} - ({count} {votes})&quot;,&quot;font_factor&quot;:&quot;1.25&quot;}'>\n            \n<div class=\"kksr-stars\">\n    \n<div class=\"kksr-stars-inactive\">\n            <div class=\"kksr-star\" data-star=\"1\" style=\"padding-right: 5px\">\n            \n\n<div class=\"kksr-icon\" style=\"width: 24px; height: 24px;\"><\/div>\n        <\/div>\n            <div class=\"kksr-star\" data-star=\"2\" style=\"padding-right: 5px\">\n            \n\n<div class=\"kksr-icon\" style=\"width: 24px; height: 24px;\"><\/div>\n        <\/div>\n            <div class=\"kksr-star\" data-star=\"3\" style=\"padding-right: 5px\">\n            \n\n<div class=\"kksr-icon\" style=\"width: 24px; height: 24px;\"><\/div>\n        <\/div>\n            <div class=\"kksr-star\" data-star=\"4\" style=\"padding-right: 5px\">\n            \n\n<div class=\"kksr-icon\" style=\"width: 24px; height: 24px;\"><\/div>\n        <\/div>\n            <div class=\"kksr-star\" data-star=\"5\" style=\"padding-right: 5px\">\n            \n\n<div class=\"kksr-icon\" style=\"width: 24px; height: 24px;\"><\/div>\n        <\/div>\n    <\/div>\n    \n<div class=\"kksr-stars-active\" style=\"width: 0px;\">\n            <div class=\"kksr-star\" style=\"padding-right: 5px\">\n            \n\n<div class=\"kksr-icon\" style=\"width: 24px; height: 24px;\"><\/div>\n        <\/div>\n            <div class=\"kksr-star\" style=\"padding-right: 5px\">\n            \n\n<div class=\"kksr-icon\" style=\"width: 24px; height: 24px;\"><\/div>\n        <\/div>\n            <div class=\"kksr-star\" style=\"padding-right: 5px\">\n            \n\n<div class=\"kksr-icon\" style=\"width: 24px; height: 24px;\"><\/div>\n        <\/div>\n            <div class=\"kksr-star\" style=\"padding-right: 5px\">\n            \n\n<div class=\"kksr-icon\" style=\"width: 24px; height: 24px;\"><\/div>\n        <\/div>\n            <div class=\"kksr-star\" style=\"padding-right: 5px\">\n            \n\n<div class=\"kksr-icon\" style=\"width: 24px; height: 24px;\"><\/div>\n        <\/div>\n    <\/div>\n<\/div>\n                \n\n<div class=\"kksr-legend\" style=\"font-size: 19.2px;\">\n            <span class=\"kksr-muted\">Teie hinnang on meile oluline<\/span>\n    <\/div>\n    <\/div>\n<h4 class=\"\" data-start=\"518\" data-end=\"569\">Kod\u0117l verta rinktis rakt\u0173 pakabuk\u0105 Drive Safe?<\/h4>\n<p class=\"\" data-start=\"571\" data-end=\"929\"><strong data-start=\"571\" data-end=\"601\">Rakt\u0173 pakabukas Drive Safe<\/strong> \u2013 tai ne tik aksesuaras, bet ir \u017einut\u0117, kuri\u0105 ne\u0161ioji kasdien. Jo \u0161maik\u0161tus, ta\u010diau prasmingas u\u017era\u0161as <em data-start=\"705\" data-end=\"750\">\u201eDrive Safe \u2013 no one else will tolerate me\u201c<\/em> patiks tiems, kurie vertina humoro jausm\u0105, bet taip pat r\u016bpinasi artimaisiais. Tai ypa\u010d populiarus pasirinkimas tarp por\u0173 \u2013 kaip simbolin\u0117 dovana antrajai pusei ar geram draugui.<\/p>\n<p class=\"\" data-start=\"931\" data-end=\"1107\">\u0160is pakabukas yra idealus ne tik motociklo ar automobilio raktams, bet ir kuprinei, lagaminui ar net sporto krep\u0161iui. Jo minimalistinis stilius tiks tiek vyrams, tiek moterims.<\/p>\n<hr class=\"\" data-start=\"1109\" data-end=\"1112\" \/>\n<h4 class=\"\" data-start=\"1114\" data-end=\"1156\">Praktinis ir emocinis derinys viename<\/h4>\n<p class=\"\" data-start=\"1158\" data-end=\"1570\">\u0160io tipo <strong data-start=\"1167\" data-end=\"1193\">rakt\u0173 pakabukas drive safe poroms<\/strong> vis labiau populiar\u0117ja. Tai tarsi nedidel\u0117, bet prasminga kasdien\u0117 dovana, kuri nuolat primena apie r\u016bpest\u012f. Tokie aksesuarai tampa neatsiejama santyki\u0173 simbolika. Kaip ra\u0161oma <a target=\"_new\" rel=\"noopener\" data-start=\"1370\" data-end=\"1514\">Psychology Today straipsnyje apie simbolines dovanas<\/a>, daiktai su emocine \u017einute sustiprina ry\u0161\u012f tarp \u017emoni\u0173.<\/p>\n<hr class=\"\" data-start=\"1572\" data-end=\"1575\" \/>\n<h4 class=\"\" data-start=\"1577\" data-end=\"1604\">Kokyb\u0117, kuri nenuvilia<\/h4>\n<p class=\"\" data-start=\"1606\" data-end=\"1911\">Pagamintas i\u0161 atsparaus siuvin\u0117to poliesterio, \u0161is pakabukas yra ilgaam\u017eis ir tinkamas kasdieniam naudojimui. Jis atsparus trin\u010diai, lengvas, o u\u017era\u0161as i\u0161lieka ry\u0161kus net po ilgo ne\u0161iojimo. Be to, jis puikiai tinka motociklo entuziastams ar vairuotojams, kurie vertina ne tik funkcionalum\u0105, bet ir stili\u0173.<\/p>\n<hr class=\"\" data-start=\"1913\" data-end=\"1916\" \/>\n<h4 class=\"\" data-start=\"1918\" data-end=\"1952\">Daugiau rakt\u0173 pakabuk\u0173 poroms<\/h4>\n<p class=\"\" data-start=\"1954\" data-end=\"2219\">Otsid veel rohkem erilisi variante? S\u00f5ida meie juurde k\u00f5ik meie kaelakeed \u2013 sa kindlasti leiad endale sobivaima. <a target=\"_new\" rel=\"noopener\" data-start=\"2008\" data-end=\"2108\">mootorratta v\u00f5tmehoidjate kollektsioon<\/a> v\u00f5i heita pilk <a target=\"_new\" rel=\"noopener\" data-start=\"2123\" data-end=\"2181\">k\u00f5ik meie kaelakeed<\/a> \u2013 sa kindlasti leiad endale sobivaima.<\/p>","protected":false},"excerpt":{"rendered":"<p>Siuvin\u0117tas rakt\u0173 pakabukas Drive Safe \u2013 funkcionalus aksesuaras su \u0161maik\u0161\u010dia ir r\u016bpestinga \u017einute draugui ar artimajam.<\/p>","protected":false},"featured_media":3442,"comment_status":"closed","ping_status":"closed","template":"","meta":{"_uag_custom_page_level_css":"","site-sidebar-layout":"default","site-content-layout":"","ast-site-content-layout":"default","site-content-style":"default","site-sidebar-style":"default","ast-global-header-display":"","ast-banner-title-visibility":"","ast-main-header-display":"","ast-hfb-above-header-display":"","ast-hfb-below-header-display":"","ast-hfb-mobile-header-display":"","site-post-title":"","ast-breadcrumbs-content":"","ast-featured-img":"","footer-sml-layout":"","ast-disable-related-posts":"","theme-transparent-header-meta":"default","adv-header-id-meta":"","stick-header-meta":"","header-above-stick-meta":"","header-main-stick-meta":"","header-below-stick-meta":"","astra-migrate-meta-layouts":"set","ast-page-background-enabled":"default","ast-page-background-meta":{"desktop":{"background-color":"var(--ast-global-color-4)","background-image":"","background-repeat":"repeat","background-position":"center center","background-size":"auto","background-attachment":"scroll","background-type":"","background-media":"","overlay-type":"","overlay-color":"","overlay-opacity":"","overlay-gradient":""},"tablet":{"background-color":"","background-image":"","background-repeat":"repeat","background-position":"center center","background-size":"auto","background-attachment":"scroll","background-type":"","background-media":"","overlay-type":"","overlay-color":"","overlay-opacity":"","overlay-gradient":""},"mobile":{"background-color":"","background-image":"","background-repeat":"repeat","background-position":"center center","background-size":"auto","background-attachment":"scroll","background-type":"","background-media":"","overlay-type":"","overlay-color":"","overlay-opacity":"","overlay-gradient":""}},"ast-content-background-meta":{"desktop":{"background-color":"var(--ast-global-color-5)","background-image":"","background-repeat":"repeat","background-position":"center center","background-size":"auto","background-attachment":"scroll","background-type":"","background-media":"","overlay-type":"","overlay-color":"","overlay-opacity":"","overlay-gradient":""},"tablet":{"background-color":"var(--ast-global-color-5)","background-image":"","background-repeat":"repeat","background-position":"center center","background-size":"auto","background-attachment":"scroll","background-type":"","background-media":"","overlay-type":"","overlay-color":"","overlay-opacity":"","overlay-gradient":""},"mobile":{"background-color":"var(--ast-global-color-5)","background-image":"","background-repeat":"repeat","background-position":"center center","background-size":"auto","background-attachment":"scroll","background-type":"","background-media":"","overlay-type":"","overlay-color":"","overlay-opacity":"","overlay-gradient":""}}},"product_brand":[],"product_cat":[126,91,118],"product_tag":[],"class_list":{"0":"post-3441","1":"product","2":"type-product","3":"status-publish","4":"has-post-thumbnail","6":"product_cat-visi","7":"product_cat-motociklo-raktu-pakabukai","8":"product_cat-dovana-teciui","9":"desktop-align-center","10":"tablet-align-left","11":"mobile-align-left","13":"first","14":"instock","15":"shipping-taxable","16":"purchasable","17":"product-type-simple"},"yoast_head":"<!-- This site is optimized with the Yoast SEO plugin v27.1.1 - https:\/\/yoast.com\/product\/yoast-seo-wordpress\/ -->\n<title>Rakt\u0173 pakabukas Drive Safe \u2013 i\u0161skirtinis pasirinkimas poroms<\/title>\n<meta name=\"description\" content=\"Rakt\u0173 pakabukas Drive Safe \u2013 prakti\u0161ka ir \u0161maik\u0161ti dovana motocikl\u0173, automobili\u0173 ar kuprini\u0173 myl\u0117tojams.\" \/>\n<meta name=\"robots\" content=\"index, follow, max-snippet:-1, max-image-preview:large, max-video-preview:-1\" \/>\n<link rel=\"canonical\" href=\"https:\/\/kabinam.lt\/et\/toode\/raktu-pakabukas-drive-safe\/\" \/>\n<meta property=\"og:locale\" content=\"et_EE\" \/>\n<meta property=\"og:type\" content=\"article\" \/>\n<meta property=\"og:title\" content=\"Rakt\u0173 pakabukas Drive Safe \u2013 i\u0161skirtinis pasirinkimas poroms\" \/>\n<meta property=\"og:description\" content=\"Rakt\u0173 pakabukas Drive Safe \u2013 prakti\u0161ka ir \u0161maik\u0161ti dovana motocikl\u0173, automobili\u0173 ar kuprini\u0173 myl\u0117tojams.\" \/>\n<meta property=\"og:url\" content=\"https:\/\/kabinam.lt\/et\/toode\/raktu-pakabukas-drive-safe\/\" \/>\n<meta property=\"og:site_name\" content=\"kabinam.lt\" \/>\n<meta property=\"article:modified_time\" content=\"2026-01-03T16:47:23+00:00\" \/>\n<meta property=\"og:image\" content=\"https:\/\/kabinam.lt\/wp-content\/uploads\/2025\/04\/e9e36f43612e4c88ac3861a4eaa22ca2-goods.jpeg\" \/>\n\t<meta property=\"og:image:width\" content=\"1200\" \/>\n\t<meta property=\"og:image:height\" content=\"1200\" \/>\n\t<meta property=\"og:image:type\" content=\"image\/jpeg\" \/>\n<meta name=\"twitter:card\" content=\"summary_large_image\" \/>\n<meta name=\"twitter:label1\" content=\"Est. reading time\" \/>\n\t<meta name=\"twitter:data1\" content=\"2 minutit\" \/>\n<script type=\"application\/ld+json\" class=\"yoast-schema-graph\">{\"@context\":\"https:\/\/schema.org\",\"@graph\":[{\"@type\":[\"WebPage\",\"ItemPage\"],\"@id\":\"https:\/\/kabinam.lt\/et\/toode\/raktu-pakabukas-drive-safe\/\",\"url\":\"https:\/\/kabinam.lt\/et\/toode\/raktu-pakabukas-drive-safe\/\",\"name\":\"Rakt\u0173 pakabukas Drive Safe \u2013 i\u0161skirtinis pasirinkimas poroms\",\"isPartOf\":{\"@id\":\"https:\/\/kabinam.lt\/#website\"},\"primaryImageOfPage\":{\"@id\":\"https:\/\/kabinam.lt\/et\/toode\/raktu-pakabukas-drive-safe\/#primaryimage\"},\"image\":{\"@id\":\"https:\/\/kabinam.lt\/et\/toode\/raktu-pakabukas-drive-safe\/#primaryimage\"},\"thumbnailUrl\":\"https:\/\/kabinam.lt\/wp-content\/uploads\/2025\/04\/e9e36f43612e4c88ac3861a4eaa22ca2-goods.jpeg\",\"datePublished\":\"2025-04-17T19:20:04+00:00\",\"dateModified\":\"2026-01-03T16:47:23+00:00\",\"description\":\"Rakt\u0173 pakabukas Drive Safe \u2013 prakti\u0161ka ir \u0161maik\u0161ti dovana motocikl\u0173, automobili\u0173 ar kuprini\u0173 myl\u0117tojams.\",\"breadcrumb\":{\"@id\":\"https:\/\/kabinam.lt\/et\/toode\/raktu-pakabukas-drive-safe\/#breadcrumb\"},\"inLanguage\":\"et\",\"potentialAction\":[{\"@type\":\"ReadAction\",\"target\":[\"https:\/\/kabinam.lt\/et\/toode\/raktu-pakabukas-drive-safe\/\"]}]},{\"@type\":\"ImageObject\",\"inLanguage\":\"et\",\"@id\":\"https:\/\/kabinam.lt\/et\/toode\/raktu-pakabukas-drive-safe\/#primaryimage\",\"url\":\"https:\/\/kabinam.lt\/wp-content\/uploads\/2025\/04\/e9e36f43612e4c88ac3861a4eaa22ca2-goods.jpeg\",\"contentUrl\":\"https:\/\/kabinam.lt\/wp-content\/uploads\/2025\/04\/e9e36f43612e4c88ac3861a4eaa22ca2-goods.jpeg\",\"width\":1200,\"height\":1200,\"caption\":\"Siuvin\u0117tas pakabukas su u\u017era\u0161u Drive Safe\"},{\"@type\":\"BreadcrumbList\",\"@id\":\"https:\/\/kabinam.lt\/et\/toode\/raktu-pakabukas-drive-safe\/#breadcrumb\",\"itemListElement\":[{\"@type\":\"ListItem\",\"position\":1,\"name\":\"Home\",\"item\":\"https:\/\/kabinam.lt\/\"},{\"@type\":\"ListItem\",\"position\":2,\"name\":\"Visi Produktai\",\"item\":\"https:\/\/kabinam.lt\/visi-produktai\/\"},{\"@type\":\"ListItem\",\"position\":3,\"name\":\"Rakt\u0173 pakabukas Drive Safe \u2013 i\u0161skirtinis pasirinkimas poroms\"}]},{\"@type\":\"WebSite\",\"@id\":\"https:\/\/kabinam.lt\/#website\",\"url\":\"https:\/\/kabinam.lt\/\",\"name\":\"kabinam.lt\",\"description\":\"Kabinam.lt \u2013 raktu pakabukai ir aksesuarai\",\"publisher\":{\"@id\":\"https:\/\/kabinam.lt\/#organization\"},\"alternateName\":\"pakabukai lt\",\"potentialAction\":[{\"@type\":\"SearchAction\",\"target\":{\"@type\":\"EntryPoint\",\"urlTemplate\":\"https:\/\/kabinam.lt\/?s={search_term_string}\"},\"query-input\":{\"@type\":\"PropertyValueSpecification\",\"valueRequired\":true,\"valueName\":\"search_term_string\"}}],\"inLanguage\":\"et\"},{\"@type\":\"Organization\",\"@id\":\"https:\/\/kabinam.lt\/#organization\",\"name\":\"kabinam.lt\",\"alternateName\":\"kabinam\",\"url\":\"https:\/\/kabinam.lt\/\",\"logo\":{\"@type\":\"ImageObject\",\"inLanguage\":\"et\",\"@id\":\"https:\/\/kabinam.lt\/#\/schema\/logo\/image\/\",\"url\":\"https:\/\/kabinam.lt\/wp-content\/uploads\/2025\/05\/KABINAM_outer_glow.png\",\"contentUrl\":\"https:\/\/kabinam.lt\/wp-content\/uploads\/2025\/05\/KABINAM_outer_glow.png\",\"width\":474,\"height\":141,\"caption\":\"kabinam.lt\"},\"image\":{\"@id\":\"https:\/\/kabinam.lt\/#\/schema\/logo\/image\/\"}}]}<\/script>\n<!-- \/ Yoast SEO plugin. -->","yoast_head_json":{"title":"Drive Safe v\u00f5tmehoidja - parim valik paaridele","description":"V\u00f5tmehoidja Drive Safe \u2013 praktiline ja naljakas kingitus mootorratturite, autode v\u00f5i k\u00e4rude armastajatele.","robots":{"index":"index","follow":"follow","max-snippet":"max-snippet:-1","max-image-preview":"max-image-preview:large","max-video-preview":"max-video-preview:-1"},"canonical":"https:\/\/kabinam.lt\/et\/toode\/raktu-pakabukas-drive-safe\/","og_locale":"et_EE","og_type":"article","og_title":"Rakt\u0173 pakabukas Drive Safe \u2013 i\u0161skirtinis pasirinkimas poroms","og_description":"Rakt\u0173 pakabukas Drive Safe \u2013 prakti\u0161ka ir \u0161maik\u0161ti dovana motocikl\u0173, automobili\u0173 ar kuprini\u0173 myl\u0117tojams.","og_url":"https:\/\/kabinam.lt\/et\/toode\/raktu-pakabukas-drive-safe\/","og_site_name":"kabinam.lt","article_modified_time":"2026-01-03T16:47:23+00:00","og_image":[{"width":1200,"height":1200,"url":"https:\/\/kabinam.lt\/wp-content\/uploads\/2025\/04\/e9e36f43612e4c88ac3861a4eaa22ca2-goods.jpeg","type":"image\/jpeg"}],"twitter_card":"summary_large_image","twitter_misc":{"Est. reading time":"2 minutit"},"schema":{"@context":"https:\/\/schema.org","@graph":[{"@type":["WebPage","ItemPage"],"@id":"https:\/\/kabinam.lt\/et\/toode\/raktu-pakabukas-drive-safe\/","url":"https:\/\/kabinam.lt\/et\/toode\/raktu-pakabukas-drive-safe\/","name":"Drive Safe v\u00f5tmehoidja - parim valik paaridele","isPartOf":{"@id":"https:\/\/kabinam.lt\/#website"},"primaryImageOfPage":{"@id":"https:\/\/kabinam.lt\/et\/toode\/raktu-pakabukas-drive-safe\/#primaryimage"},"image":{"@id":"https:\/\/kabinam.lt\/et\/toode\/raktu-pakabukas-drive-safe\/#primaryimage"},"thumbnailUrl":"https:\/\/kabinam.lt\/wp-content\/uploads\/2025\/04\/e9e36f43612e4c88ac3861a4eaa22ca2-goods.jpeg","datePublished":"2025-04-17T19:20:04+00:00","dateModified":"2026-01-03T16:47:23+00:00","description":"V\u00f5tmehoidja Drive Safe \u2013 praktiline ja naljakas kingitus mootorratturite, autode v\u00f5i k\u00e4rude armastajatele.","breadcrumb":{"@id":"https:\/\/kabinam.lt\/et\/toode\/raktu-pakabukas-drive-safe\/#breadcrumb"},"inLanguage":"et","potentialAction":[{"@type":"ReadAction","target":["https:\/\/kabinam.lt\/et\/toode\/raktu-pakabukas-drive-safe\/"]}]},{"@type":"ImageObject","inLanguage":"et","@id":"https:\/\/kabinam.lt\/et\/toode\/raktu-pakabukas-drive-safe\/#primaryimage","url":"https:\/\/kabinam.lt\/wp-content\/uploads\/2025\/04\/e9e36f43612e4c88ac3861a4eaa22ca2-goods.jpeg","contentUrl":"https:\/\/kabinam.lt\/wp-content\/uploads\/2025\/04\/e9e36f43612e4c88ac3861a4eaa22ca2-goods.jpeg","width":1200,"height":1200,"caption":"Siuvin\u0117tas pakabukas su u\u017era\u0161u Drive Safe"},{"@type":"BreadcrumbList","@id":"https:\/\/kabinam.lt\/et\/toode\/raktu-pakabukas-drive-safe\/#breadcrumb","itemListElement":[{"@type":"ListItem","position":1,"name":"Home","item":"https:\/\/kabinam.lt\/"},{"@type":"ListItem","position":2,"name":"Visi Produktai","item":"https:\/\/kabinam.lt\/visi-produktai\/"},{"@type":"ListItem","position":3,"name":"Rakt\u0173 pakabukas Drive Safe \u2013 i\u0161skirtinis pasirinkimas poroms"}]},{"@type":"WebSite","@id":"https:\/\/kabinam.lt\/#website","url":"https:\/\/kabinam.lt\/","name":"kabinam.lt","description":"Kabinam.lt - v\u00f5tmehoidjad ja aksessuaarid","publisher":{"@id":"https:\/\/kabinam.lt\/#organization"},"alternateName":"pakabukai lt","potentialAction":[{"@type":"SearchAction","target":{"@type":"EntryPoint","urlTemplate":"https:\/\/kabinam.lt\/?s={search_term_string}"},"query-input":{"@type":"PropertyValueSpecification","valueRequired":true,"valueName":"search_term_string"}}],"inLanguage":"et"},{"@type":"Organization","@id":"https:\/\/kabinam.lt\/#organization","name":"kabinam.lt","alternateName":"kabinam","url":"https:\/\/kabinam.lt\/","logo":{"@type":"ImageObject","inLanguage":"et","@id":"https:\/\/kabinam.lt\/#\/schema\/logo\/image\/","url":"https:\/\/kabinam.lt\/wp-content\/uploads\/2025\/05\/KABINAM_outer_glow.png","contentUrl":"https:\/\/kabinam.lt\/wp-content\/uploads\/2025\/05\/KABINAM_outer_glow.png","width":474,"height":141,"caption":"kabinam.lt"},"image":{"@id":"https:\/\/kabinam.lt\/#\/schema\/logo\/image\/"}}]}},"uagb_featured_image_src":{"full":["https:\/\/kabinam.lt\/wp-content\/uploads\/2025\/04\/e9e36f43612e4c88ac3861a4eaa22ca2-goods.jpeg",1200,1200,false],"thumbnail":["https:\/\/kabinam.lt\/wp-content\/uploads\/2025\/04\/e9e36f43612e4c88ac3861a4eaa22ca2-goods-150x150.jpeg",150,150,true],"medium":["https:\/\/kabinam.lt\/wp-content\/uploads\/2025\/04\/e9e36f43612e4c88ac3861a4eaa22ca2-goods-300x300.jpeg",300,300,true],"medium_large":["https:\/\/kabinam.lt\/wp-content\/uploads\/2025\/04\/e9e36f43612e4c88ac3861a4eaa22ca2-goods-768x768.jpeg",768,768,true],"large":["https:\/\/kabinam.lt\/wp-content\/uploads\/2025\/04\/e9e36f43612e4c88ac3861a4eaa22ca2-goods-1024x1024.jpeg",1024,1024,true],"1536x1536":["https:\/\/kabinam.lt\/wp-content\/uploads\/2025\/04\/e9e36f43612e4c88ac3861a4eaa22ca2-goods.jpeg",1200,1200,false],"2048x2048":["https:\/\/kabinam.lt\/wp-content\/uploads\/2025\/04\/e9e36f43612e4c88ac3861a4eaa22ca2-goods.jpeg",1200,1200,false],"trp-custom-language-flag":["https:\/\/kabinam.lt\/wp-content\/uploads\/2025\/04\/e9e36f43612e4c88ac3861a4eaa22ca2-goods.jpeg",12,12,false],"woocommerce_thumbnail":["https:\/\/kabinam.lt\/wp-content\/uploads\/2025\/04\/e9e36f43612e4c88ac3861a4eaa22ca2-goods-300x300.jpeg",300,300,true],"woocommerce_single":["https:\/\/kabinam.lt\/wp-content\/uploads\/2025\/04\/e9e36f43612e4c88ac3861a4eaa22ca2-goods-600x600.jpeg",600,600,true],"woocommerce_gallery_thumbnail":["https:\/\/kabinam.lt\/wp-content\/uploads\/2025\/04\/e9e36f43612e4c88ac3861a4eaa22ca2-goods-100x100.jpeg",100,100,true]},"uagb_author_info":{"display_name":"kabinam.lt","author_link":"https:\/\/kabinam.lt\/et\/author\/"},"uagb_comment_info":0,"uagb_excerpt":"Siuvin\u0117tas rakt\u0173 pakabukas Drive Safe \u2013 funkcionalus aksesuaras su \u0161maik\u0161\u010dia ir r\u016bpestinga \u017einute draugui ar artimajam.","_links":{"self":[{"href":"https:\/\/kabinam.lt\/et\/wp-json\/wp\/v2\/product\/3441","targetHints":{"allow":["GET"]}}],"collection":[{"href":"https:\/\/kabinam.lt\/et\/wp-json\/wp\/v2\/product"}],"about":[{"href":"https:\/\/kabinam.lt\/et\/wp-json\/wp\/v2\/types\/product"}],"replies":[{"embeddable":true,"href":"https:\/\/kabinam.lt\/et\/wp-json\/wp\/v2\/comments?post=3441"}],"wp:featuredmedia":[{"embeddable":true,"href":"https:\/\/kabinam.lt\/et\/wp-json\/wp\/v2\/media\/3442"}],"wp:attachment":[{"href":"https:\/\/kabinam.lt\/et\/wp-json\/wp\/v2\/media?parent=3441"}],"wp:term":[{"taxonomy":"product_brand","embeddable":true,"href":"https:\/\/kabinam.lt\/et\/wp-json\/wp\/v2\/product_brand?post=3441"},{"taxonomy":"product_cat","embeddable":true,"href":"https:\/\/kabinam.lt\/et\/wp-json\/wp\/v2\/product_cat?post=3441"},{"taxonomy":"product_tag","embeddable":true,"href":"https:\/\/kabinam.lt\/et\/wp-json\/wp\/v2\/product_tag?post=3441"}],"curies":[{"name":"wp","href":"https:\/\/api.w.org\/{rel}","templated":true}]}}