{"id":3056,"date":"2024-10-06T09:09:24","date_gmt":"2024-10-06T06:09:24","guid":{"rendered":"https:\/\/kabinam.lt\/?post_type=product&#038;p=3056"},"modified":"2026-01-03T18:48:06","modified_gmt":"2026-01-03T16:48:06","slug":"votme-kett-olu-klaas","status":"publish","type":"product","link":"https:\/\/kabinam.lt\/et\/product\/raktu-pakabukas-alaus-bokalas\/","title":{"rendered":"\u00d5llekannu v\u00f5tmehoidja - aksessuaar \u00f5lles\u00f5pradele"},"content":{"rendered":"\n\n<div class=\"kk-star-ratings kksr-auto kksr-align-left kksr-valign-top\"\n    data-payload='{&quot;align&quot;:&quot;left&quot;,&quot;id&quot;:&quot;3056&quot;,&quot;slug&quot;:&quot;default&quot;,&quot;valign&quot;:&quot;top&quot;,&quot;ignore&quot;:&quot;&quot;,&quot;reference&quot;:&quot;auto&quot;,&quot;class&quot;:&quot;&quot;,&quot;count&quot;:&quot;0&quot;,&quot;legendonly&quot;:&quot;&quot;,&quot;readonly&quot;:&quot;&quot;,&quot;score&quot;:&quot;0&quot;,&quot;starsonly&quot;:&quot;&quot;,&quot;best&quot;:&quot;5&quot;,&quot;gap&quot;:&quot;5&quot;,&quot;greet&quot;:&quot;Mums svarbus j\u016bs\u0173 \u012fvertinimas&quot;,&quot;legend&quot;:&quot;0\\\/5 - (0 votes)&quot;,&quot;size&quot;:&quot;24&quot;,&quot;title&quot;:&quot;Rakt\u0173 pakabukas alaus bokalas \u2013 aksesuaras alaus m\u0117g\u0117jams&quot;,&quot;width&quot;:&quot;0&quot;,&quot;_legend&quot;:&quot;{score}\\\/{best} - ({count} {votes})&quot;,&quot;font_factor&quot;:&quot;1.25&quot;}'>\n            \n<div class=\"kksr-stars\">\n    \n<div class=\"kksr-stars-inactive\">\n            <div class=\"kksr-star\" data-star=\"1\" style=\"padding-right: 5px\">\n            \n\n<div class=\"kksr-icon\" style=\"width: 24px; height: 24px;\"><\/div>\n        <\/div>\n            <div class=\"kksr-star\" data-star=\"2\" style=\"padding-right: 5px\">\n            \n\n<div class=\"kksr-icon\" style=\"width: 24px; height: 24px;\"><\/div>\n        <\/div>\n            <div class=\"kksr-star\" data-star=\"3\" style=\"padding-right: 5px\">\n            \n\n<div class=\"kksr-icon\" style=\"width: 24px; height: 24px;\"><\/div>\n        <\/div>\n            <div class=\"kksr-star\" data-star=\"4\" style=\"padding-right: 5px\">\n            \n\n<div class=\"kksr-icon\" style=\"width: 24px; height: 24px;\"><\/div>\n        <\/div>\n            <div class=\"kksr-star\" data-star=\"5\" style=\"padding-right: 5px\">\n            \n\n<div class=\"kksr-icon\" style=\"width: 24px; height: 24px;\"><\/div>\n        <\/div>\n    <\/div>\n    \n<div class=\"kksr-stars-active\" style=\"width: 0px;\">\n            <div class=\"kksr-star\" style=\"padding-right: 5px\">\n            \n\n<div class=\"kksr-icon\" style=\"width: 24px; height: 24px;\"><\/div>\n        <\/div>\n            <div class=\"kksr-star\" style=\"padding-right: 5px\">\n            \n\n<div class=\"kksr-icon\" style=\"width: 24px; height: 24px;\"><\/div>\n        <\/div>\n            <div class=\"kksr-star\" style=\"padding-right: 5px\">\n            \n\n<div class=\"kksr-icon\" style=\"width: 24px; height: 24px;\"><\/div>\n        <\/div>\n            <div class=\"kksr-star\" style=\"padding-right: 5px\">\n            \n\n<div class=\"kksr-icon\" style=\"width: 24px; height: 24px;\"><\/div>\n        <\/div>\n            <div class=\"kksr-star\" style=\"padding-right: 5px\">\n            \n\n<div class=\"kksr-icon\" style=\"width: 24px; height: 24px;\"><\/div>\n        <\/div>\n    <\/div>\n<\/div>\n                \n\n<div class=\"kksr-legend\" style=\"font-size: 19.2px;\">\n            <span class=\"kksr-muted\">Mums svarbus j\u016bs\u0173 \u012fvertinimas<\/span>\n    <\/div>\n    <\/div>\n<h2 data-start=\"119\" data-end=\"190\">Rakt\u0173 pakabukas nealkoholinio alaus bokalas \u2013 \u017eaismingas aksesuaras alaus m\u0117g\u0117jams<\/h2>\n<p data-start=\"192\" data-end=\"348\"><span class=\"relative -mx-px my-[-0.2rem] rounded px-px py-[0.2rem] transition-colors duration-100 ease-in-out\">Ie\u0161kote originalaus ir linksm\u0105 nuotaik\u0105 kurian\u010dio rakt\u0173 pakabuko?<\/span> <span class=\"relative -mx-px my-[-0.2rem] rounded px-px py-[0.2rem] transition-colors duration-100 ease-in-out\"><strong data-start=\"0\" data-end=\"33\" data-is-only-node=\"\">Rakt\u0173 pakabukas bokalas<\/strong> \u2013 tai puikus pasirinkimas tiems, kurie vertina ne tik funkcionalum\u0105, bet ir i\u0161skirtin\u012f dizain\u0105.<\/span> <span class=\"relative -mx-px my-[-0.2rem] rounded px-px py-[0.2rem] transition-colors duration-100 ease-in-out\">\u0160is plastikinis pakabukas, atkuriantis alaus bokalo form\u0105, taps ne tik prakti\u0161ku rakt\u0173 laikikliu, bet ir smagiu pokalbio prad\u017eios ta\u0161ku.<\/span><\/p>\n<hr data-start=\"350\" data-end=\"353\" \/>\n<h3 data-start=\"355\" data-end=\"404\">Realisti\u0161kas dizainas ir kokybi\u0161kos med\u017eiagos<\/h3>\n<p data-start=\"406\" data-end=\"564\"><span class=\"relative -mx-px my-[-0.2rem] rounded px-px py-[0.2rem] transition-colors duration-100 ease-in-out\">Pakabukas pagamintas i\u0161 auk\u0161tos kokyb\u0117s plastiko, kuris u\u017etikrina ilgaam\u017ei\u0161kum\u0105 ir atsparum\u0105 kasdieniam naudojimui.<\/span> <span class=\"relative -mx-px my-[-0.2rem] rounded px-px py-[0.2rem] transition-colors duration-100 ease-in-out\">Jo dizainas kruop\u0161\u010diai atkartoja tikro alaus bokalo form\u0105, suteikdamas jam autenti\u0161kumo ir \u017eavesio.<\/span> <span class=\"relative -mx-px my-[-0.2rem] rounded px-px py-[0.2rem] transition-colors duration-100 ease-in-out\">Kompakti\u0161ki matmenys leid\u017eia lengvai pritvirtinti prie rakt\u0173, kuprin\u0117s ar rankin\u0117s, tod\u0117l \u0161is pakabukas visada bus su jumis.<\/span><\/p>\n<hr data-start=\"566\" data-end=\"569\" \/>\n<h3 data-start=\"571\" data-end=\"605\">Puiki dovana \u012fvairioms progoms<\/h3>\n<p data-start=\"607\" data-end=\"685\"><span class=\"relative -mx-px my-[-0.2rem] rounded px-px py-[0.2rem] transition-colors duration-100 ease-in-out\">\u0160is rakt\u0173 pakabukas alaus bokalas \u2013 tai ne tik prakti\u0161kas aksesuaras, bet ir puiki dovana:<\/span><\/p>\n<ul data-start=\"687\" data-end=\"893\">\n<li data-start=\"687\" data-end=\"728\">\n<p data-start=\"689\" data-end=\"728\"><span class=\"relative -mx-px my-[-0.2rem] rounded px-px py-[0.2rem] transition-colors duration-100 ease-in-out\"><strong data-start=\"0\" data-end=\"28\" data-is-only-node=\"\">Draugams ir artimiesiems<\/strong> \u2013 nustebinkite juos originaliu ir linksmu suvenyru.<\/span><\/p>\n<\/li>\n<li data-start=\"729\" data-end=\"770\">\n<p data-start=\"731\" data-end=\"770\"><span class=\"relative -mx-px my-[-0.2rem] rounded px-px py-[0.2rem] transition-colors duration-100 ease-in-out\"><strong data-start=\"0\" data-end=\"18\" data-is-only-node=\"\">Alaus m\u0117g\u0117jams<\/strong> \u2013 parodykite d\u0117mes\u012f j\u0173 pom\u0117giams.<\/span><\/p>\n<\/li>\n<li data-start=\"771\" data-end=\"812\">\n<p data-start=\"773\" data-end=\"812\"><span class=\"relative -mx-px my-[-0.2rem] rounded px-px py-[0.2rem] transition-colors duration-100 ease-in-out\"><strong data-start=\"0\" data-end=\"21\" data-is-only-node=\"\">\u012emoni\u0173 renginiams<\/strong> \u2013 kaip smagi ir nebrangi verslo dovana.<\/span><\/p>\n<\/li>\n<li data-start=\"813\" data-end=\"893\">\n<p data-start=\"815\" data-end=\"893\"><span class=\"relative -mx-px my-[-0.2rem] rounded px-px py-[0.2rem] transition-colors duration-100 ease-in-out\"><strong data-start=\"0\" data-end=\"25\" data-is-only-node=\"\">Teminiams vakar\u0117liams<\/strong> \u2013 puikus akcentas, papildantis \u0161ventin\u0119 atmosfer\u0105.<\/span><span class=\"ms-1 inline-flex max-w-full items-center relative top-[-0.094rem] animate-[show_150ms_ease-in]\"><a class=\"flex h-4.5 overflow-hidden rounded-xl px-2 text-[0.5625em] font-medium text-token-text-secondary! bg-[#F4F4F4]! dark:bg-[#303030]! transition-colors duration-150 ease-in-out\" href=\"https:\/\/alausbokalai.lt\/?utm_source=chatgpt.com\" target=\"_blank\" rel=\"noopener\"><span class=\"relative start-0 bottom-0 flex h-full w-full items-center\"><span class=\"flex h-4 w-full items-center justify-between absolute\"><span class=\"max-w-full grow truncate overflow-hidden text-center\">Alus live &#8211; Aludaris.lt<\/span><span class=\"-me-1 flex h-full items-center rounded-full px-1 text-[#8F8F8F]\">+2<\/span><\/span><span class=\"flex h-4 w-full items-center justify-between\"><span class=\"max-w-full grow truncate overflow-hidden text-center\">Alaus Bokalai<\/span><span class=\"-me-1 flex h-full items-center rounded-full px-1 text-[#8F8F8F]\">+2<\/span><\/span><span class=\"flex h-4 w-full items-center justify-between absolute\"><span class=\"max-w-full grow truncate overflow-hidden text-center\">Alus live &#8211; Aludaris.lt<\/span><span class=\"-me-1 flex h-full items-center rounded-full px-1 text-[#8F8F8F]\">+2<\/span><\/span><\/span><\/a><\/span><\/p>\n<\/li>\n<\/ul>\n<p data-start=\"895\" data-end=\"973\"><span class=\"relative -mx-px my-[-0.2rem] rounded px-px py-[0.2rem] transition-colors duration-100 ease-in-out\">D\u0117l savo universalumo ir \u017eaismingumo, \u0161is pakabukas tinka \u012fvairioms progoms ir \u017emon\u0117ms.<\/span><\/p>\n<hr data-start=\"975\" data-end=\"978\" \/>\n<h3 data-start=\"980\" data-end=\"1020\">Stilingas ir funkcionalus aksesuaras<\/h3>\n<p data-start=\"1022\" data-end=\"1140\"><span class=\"relative -mx-px my-[-0.2rem] rounded px-px py-[0.2rem] transition-colors duration-100 ease-in-out\">Be savo i\u0161skirtinio dizaino, \u0161is pakabukas yra ir prakti\u0161kas \u2013 tvirtas \u017eiedas leid\u017eia saugiai laikyti raktus, o lengvas svoris u\u017etikrina patog\u0173 ne\u0161iojim\u0105.<\/span> <span class=\"relative -mx-px my-[-0.2rem] rounded px-px py-[0.2rem] transition-colors duration-100 ease-in-out\">Tai ne tik aksesuaras, bet ir b\u016bdas i\u0161reik\u0161ti savo asmenyb\u0119 bei pom\u0117gius.<\/span><\/p>\n","protected":false},"excerpt":{"rendered":"<p>Plastikinis rakt\u0173 pakabukas, atkuriantis alaus bokalo form\u0105 \u2013 \u017eaismingas ir prakti\u0161kas aksesuaras, puikiai tinkantis alaus m\u0117g\u0117jams bei originali\u0173 dovan\u0173 ie\u0161kantiems \u017emon\u0117ms.<\/p>","protected":false},"featured_media":3058,"comment_status":"closed","ping_status":"closed","template":"","meta":{"_uag_custom_page_level_css":"","site-sidebar-layout":"default","site-content-layout":"","ast-site-content-layout":"default","site-content-style":"default","site-sidebar-style":"default","ast-global-header-display":"","ast-banner-title-visibility":"","ast-main-header-display":"","ast-hfb-above-header-display":"","ast-hfb-below-header-display":"","ast-hfb-mobile-header-display":"","site-post-title":"","ast-breadcrumbs-content":"","ast-featured-img":"","footer-sml-layout":"","ast-disable-related-posts":"","theme-transparent-header-meta":"default","adv-header-id-meta":"","stick-header-meta":"","header-above-stick-meta":"","header-main-stick-meta":"","header-below-stick-meta":"","astra-migrate-meta-layouts":"set","ast-page-background-enabled":"default","ast-page-background-meta":{"desktop":{"background-color":"var(--ast-global-color-4)","background-image":"","background-repeat":"repeat","background-position":"center center","background-size":"auto","background-attachment":"scroll","background-type":"","background-media":"","overlay-type":"","overlay-color":"","overlay-opacity":"","overlay-gradient":""},"tablet":{"background-color":"","background-image":"","background-repeat":"repeat","background-position":"center center","background-size":"auto","background-attachment":"scroll","background-type":"","background-media":"","overlay-type":"","overlay-color":"","overlay-opacity":"","overlay-gradient":""},"mobile":{"background-color":"","background-image":"","background-repeat":"repeat","background-position":"center center","background-size":"auto","background-attachment":"scroll","background-type":"","background-media":"","overlay-type":"","overlay-color":"","overlay-opacity":"","overlay-gradient":""}},"ast-content-background-meta":{"desktop":{"background-color":"var(--ast-global-color-5)","background-image":"","background-repeat":"repeat","background-position":"center center","background-size":"auto","background-attachment":"scroll","background-type":"","background-media":"","overlay-type":"","overlay-color":"","overlay-opacity":"","overlay-gradient":""},"tablet":{"background-color":"var(--ast-global-color-5)","background-image":"","background-repeat":"repeat","background-position":"center center","background-size":"auto","background-attachment":"scroll","background-type":"","background-media":"","overlay-type":"","overlay-color":"","overlay-opacity":"","overlay-gradient":""},"mobile":{"background-color":"var(--ast-global-color-5)","background-image":"","background-repeat":"repeat","background-position":"center center","background-size":"auto","background-attachment":"scroll","background-type":"","background-media":"","overlay-type":"","overlay-color":"","overlay-opacity":"","overlay-gradient":""}}},"product_brand":[],"product_cat":[125,126,95,118],"product_tag":[],"class_list":{"0":"post-3056","1":"product","2":"type-product","3":"status-publish","4":"has-post-thumbnail","6":"product_cat-halloween","7":"product_cat-visi","8":"product_cat-unikalus-raktu-pakabukai","9":"product_cat-dovana-teciui","10":"desktop-align-center","11":"tablet-align-left","12":"mobile-align-left","14":"first","15":"instock","16":"shipping-taxable","17":"purchasable","18":"product-type-simple"},"yoast_head":"<!-- This site is optimized with the Yoast SEO plugin v27.1.1 - https:\/\/yoast.com\/product\/yoast-seo-wordpress\/ -->\n<title>Rakt\u0173 pakabukas alaus bokalas \u2013 aksesuaras alaus m\u0117g\u0117jams<\/title>\n<meta name=\"description\" content=\"Rakt\u0173 pakabukas alaus bokalas \u2013 \u017eaismingas ir funkcionalus aksesuaras, puikiai tinkantis alaus m\u0117g\u0117jams bei originali\u0173 dovan\u0173 ie\u0161kantiems \u017emon\u0117ms.\" \/>\n<meta name=\"robots\" content=\"index, follow, max-snippet:-1, max-image-preview:large, max-video-preview:-1\" \/>\n<link rel=\"canonical\" href=\"https:\/\/kabinam.lt\/et\/toode\/votme-kett-olu-klaas\/\" \/>\n<meta property=\"og:locale\" content=\"et_EE\" \/>\n<meta property=\"og:type\" content=\"article\" \/>\n<meta property=\"og:title\" content=\"Rakt\u0173 pakabukas alaus bokalas \u2013 aksesuaras alaus m\u0117g\u0117jams\" \/>\n<meta property=\"og:description\" content=\"Rakt\u0173 pakabukas alaus bokalas \u2013 \u017eaismingas ir funkcionalus aksesuaras, puikiai tinkantis alaus m\u0117g\u0117jams bei originali\u0173 dovan\u0173 ie\u0161kantiems \u017emon\u0117ms.\" \/>\n<meta property=\"og:url\" content=\"https:\/\/kabinam.lt\/et\/toode\/votme-kett-olu-klaas\/\" \/>\n<meta property=\"og:site_name\" content=\"kabinam.lt\" \/>\n<meta property=\"article:modified_time\" content=\"2026-01-03T16:48:06+00:00\" \/>\n<meta property=\"og:image\" content=\"https:\/\/kabinam.lt\/wp-content\/uploads\/2024\/10\/c5d613f5742c95724a9bbdab373d829b.jpg\" \/>\n\t<meta property=\"og:image:width\" content=\"1080\" \/>\n\t<meta property=\"og:image:height\" content=\"1080\" \/>\n\t<meta property=\"og:image:type\" content=\"image\/jpeg\" \/>\n<meta name=\"twitter:card\" content=\"summary_large_image\" \/>\n<meta name=\"twitter:label1\" content=\"Est. reading time\" \/>\n\t<meta name=\"twitter:data1\" content=\"2 minutit\" \/>\n<script type=\"application\/ld+json\" class=\"yoast-schema-graph\">{\"@context\":\"https:\/\/schema.org\",\"@graph\":[{\"@type\":[\"WebPage\",\"ItemPage\"],\"@id\":\"https:\/\/kabinam.lt\/eng\/product\/key-pendant-beer-glass\/\",\"url\":\"https:\/\/kabinam.lt\/eng\/product\/key-pendant-beer-glass\/\",\"name\":\"Rakt\u0173 pakabukas alaus bokalas \u2013 aksesuaras alaus m\u0117g\u0117jams\",\"isPartOf\":{\"@id\":\"https:\/\/kabinam.lt\/#website\"},\"primaryImageOfPage\":{\"@id\":\"https:\/\/kabinam.lt\/eng\/product\/key-pendant-beer-glass\/#primaryimage\"},\"image\":{\"@id\":\"https:\/\/kabinam.lt\/eng\/product\/key-pendant-beer-glass\/#primaryimage\"},\"thumbnailUrl\":\"https:\/\/kabinam.lt\/wp-content\/uploads\/2024\/10\/c5d613f5742c95724a9bbdab373d829b.jpg\",\"datePublished\":\"2024-10-06T06:09:24+00:00\",\"dateModified\":\"2026-01-03T16:48:06+00:00\",\"description\":\"Rakt\u0173 pakabukas alaus bokalas \u2013 \u017eaismingas ir funkcionalus aksesuaras, puikiai tinkantis alaus m\u0117g\u0117jams bei originali\u0173 dovan\u0173 ie\u0161kantiems \u017emon\u0117ms.\",\"breadcrumb\":{\"@id\":\"https:\/\/kabinam.lt\/eng\/product\/key-pendant-beer-glass\/#breadcrumb\"},\"inLanguage\":\"et\",\"potentialAction\":[{\"@type\":\"ReadAction\",\"target\":[\"https:\/\/kabinam.lt\/eng\/product\/key-pendant-beer-glass\/\"]}]},{\"@type\":\"ImageObject\",\"inLanguage\":\"et\",\"@id\":\"https:\/\/kabinam.lt\/eng\/product\/key-pendant-beer-glass\/#primaryimage\",\"url\":\"https:\/\/kabinam.lt\/wp-content\/uploads\/2024\/10\/c5d613f5742c95724a9bbdab373d829b.jpg\",\"contentUrl\":\"https:\/\/kabinam.lt\/wp-content\/uploads\/2024\/10\/c5d613f5742c95724a9bbdab373d829b.jpg\",\"width\":1080,\"height\":1080,\"caption\":\"Rakt\u0173 pakabukas alaus bokalas \u2013 stilingas ir funkcionalus pasirinkimas\"},{\"@type\":\"BreadcrumbList\",\"@id\":\"https:\/\/kabinam.lt\/eng\/product\/key-pendant-beer-glass\/#breadcrumb\",\"itemListElement\":[{\"@type\":\"ListItem\",\"position\":1,\"name\":\"Home\",\"item\":\"https:\/\/kabinam.lt\/\"},{\"@type\":\"ListItem\",\"position\":2,\"name\":\"Visi Produktai\",\"item\":\"https:\/\/kabinam.lt\/visi-produktai\/\"},{\"@type\":\"ListItem\",\"position\":3,\"name\":\"Rakt\u0173 pakabukas alaus bokalas \u2013 aksesuaras alaus m\u0117g\u0117jams\"}]},{\"@type\":\"WebSite\",\"@id\":\"https:\/\/kabinam.lt\/#website\",\"url\":\"https:\/\/kabinam.lt\/\",\"name\":\"kabinam.lt\",\"description\":\"Kabinam.lt \u2013 raktu pakabukai ir aksesuarai\",\"publisher\":{\"@id\":\"https:\/\/kabinam.lt\/#organization\"},\"alternateName\":\"pakabukai lt\",\"potentialAction\":[{\"@type\":\"SearchAction\",\"target\":{\"@type\":\"EntryPoint\",\"urlTemplate\":\"https:\/\/kabinam.lt\/?s={search_term_string}\"},\"query-input\":{\"@type\":\"PropertyValueSpecification\",\"valueRequired\":true,\"valueName\":\"search_term_string\"}}],\"inLanguage\":\"et\"},{\"@type\":\"Organization\",\"@id\":\"https:\/\/kabinam.lt\/#organization\",\"name\":\"kabinam.lt\",\"alternateName\":\"kabinam\",\"url\":\"https:\/\/kabinam.lt\/\",\"logo\":{\"@type\":\"ImageObject\",\"inLanguage\":\"et\",\"@id\":\"https:\/\/kabinam.lt\/#\/schema\/logo\/image\/\",\"url\":\"https:\/\/kabinam.lt\/wp-content\/uploads\/2025\/05\/KABINAM_outer_glow.png\",\"contentUrl\":\"https:\/\/kabinam.lt\/wp-content\/uploads\/2025\/05\/KABINAM_outer_glow.png\",\"width\":474,\"height\":141,\"caption\":\"kabinam.lt\"},\"image\":{\"@id\":\"https:\/\/kabinam.lt\/#\/schema\/logo\/image\/\"}}]}<\/script>\n<!-- \/ Yoast SEO plugin. -->","yoast_head_json":{"title":"\u00d5llekannu v\u00f5tmehoidja - aksessuaar \u00f5lles\u00f5pradele","description":"V\u00f5tmehoidiv piimaklaas \u2013 naljakas ja funktsionaalne aksessuaar, mis sobib h\u00e4sti \u00f5llearmastajatele ja otsijatele originaalse kingituste j\u00e4rei.","robots":{"index":"index","follow":"follow","max-snippet":"max-snippet:-1","max-image-preview":"max-image-preview:large","max-video-preview":"max-video-preview:-1"},"canonical":"https:\/\/kabinam.lt\/et\/toode\/votme-kett-olu-klaas\/","og_locale":"et_EE","og_type":"article","og_title":"Rakt\u0173 pakabukas alaus bokalas \u2013 aksesuaras alaus m\u0117g\u0117jams","og_description":"Rakt\u0173 pakabukas alaus bokalas \u2013 \u017eaismingas ir funkcionalus aksesuaras, puikiai tinkantis alaus m\u0117g\u0117jams bei originali\u0173 dovan\u0173 ie\u0161kantiems \u017emon\u0117ms.","og_url":"https:\/\/kabinam.lt\/et\/toode\/votme-kett-olu-klaas\/","og_site_name":"kabinam.lt","article_modified_time":"2026-01-03T16:48:06+00:00","og_image":[{"width":1080,"height":1080,"url":"https:\/\/kabinam.lt\/wp-content\/uploads\/2024\/10\/c5d613f5742c95724a9bbdab373d829b.jpg","type":"image\/jpeg"}],"twitter_card":"summary_large_image","twitter_misc":{"Est. reading time":"2 minutit"},"schema":{"@context":"https:\/\/schema.org","@graph":[{"@type":["WebPage","ItemPage"],"@id":"https:\/\/kabinam.lt\/eng\/product\/key-pendant-beer-glass\/","url":"https:\/\/kabinam.lt\/eng\/product\/key-pendant-beer-glass\/","name":"\u00d5llekannu v\u00f5tmehoidja - aksessuaar \u00f5lles\u00f5pradele","isPartOf":{"@id":"https:\/\/kabinam.lt\/#website"},"primaryImageOfPage":{"@id":"https:\/\/kabinam.lt\/eng\/product\/key-pendant-beer-glass\/#primaryimage"},"image":{"@id":"https:\/\/kabinam.lt\/eng\/product\/key-pendant-beer-glass\/#primaryimage"},"thumbnailUrl":"https:\/\/kabinam.lt\/wp-content\/uploads\/2024\/10\/c5d613f5742c95724a9bbdab373d829b.jpg","datePublished":"2024-10-06T06:09:24+00:00","dateModified":"2026-01-03T16:48:06+00:00","description":"V\u00f5tmehoidiv piimaklaas \u2013 naljakas ja funktsionaalne aksessuaar, mis sobib h\u00e4sti \u00f5llearmastajatele ja otsijatele originaalse kingituste j\u00e4rei.","breadcrumb":{"@id":"https:\/\/kabinam.lt\/eng\/product\/key-pendant-beer-glass\/#breadcrumb"},"inLanguage":"et","potentialAction":[{"@type":"ReadAction","target":["https:\/\/kabinam.lt\/eng\/product\/key-pendant-beer-glass\/"]}]},{"@type":"ImageObject","inLanguage":"et","@id":"https:\/\/kabinam.lt\/eng\/product\/key-pendant-beer-glass\/#primaryimage","url":"https:\/\/kabinam.lt\/wp-content\/uploads\/2024\/10\/c5d613f5742c95724a9bbdab373d829b.jpg","contentUrl":"https:\/\/kabinam.lt\/wp-content\/uploads\/2024\/10\/c5d613f5742c95724a9bbdab373d829b.jpg","width":1080,"height":1080,"caption":"Rakt\u0173 pakabukas alaus bokalas \u2013 stilingas ir funkcionalus pasirinkimas"},{"@type":"BreadcrumbList","@id":"https:\/\/kabinam.lt\/eng\/product\/key-pendant-beer-glass\/#breadcrumb","itemListElement":[{"@type":"ListItem","position":1,"name":"Home","item":"https:\/\/kabinam.lt\/"},{"@type":"ListItem","position":2,"name":"Visi Produktai","item":"https:\/\/kabinam.lt\/visi-produktai\/"},{"@type":"ListItem","position":3,"name":"Rakt\u0173 pakabukas alaus bokalas \u2013 aksesuaras alaus m\u0117g\u0117jams"}]},{"@type":"WebSite","@id":"https:\/\/kabinam.lt\/#website","url":"https:\/\/kabinam.lt\/","name":"kabinam.lt","description":"Kabinam.lt - v\u00f5tmehoidjad ja aksessuaarid","publisher":{"@id":"https:\/\/kabinam.lt\/#organization"},"alternateName":"pakabukai lt","potentialAction":[{"@type":"SearchAction","target":{"@type":"EntryPoint","urlTemplate":"https:\/\/kabinam.lt\/?s={search_term_string}"},"query-input":{"@type":"PropertyValueSpecification","valueRequired":true,"valueName":"search_term_string"}}],"inLanguage":"et"},{"@type":"Organization","@id":"https:\/\/kabinam.lt\/#organization","name":"kabinam.lt","alternateName":"kabinam","url":"https:\/\/kabinam.lt\/","logo":{"@type":"ImageObject","inLanguage":"et","@id":"https:\/\/kabinam.lt\/#\/schema\/logo\/image\/","url":"https:\/\/kabinam.lt\/wp-content\/uploads\/2025\/05\/KABINAM_outer_glow.png","contentUrl":"https:\/\/kabinam.lt\/wp-content\/uploads\/2025\/05\/KABINAM_outer_glow.png","width":474,"height":141,"caption":"kabinam.lt"},"image":{"@id":"https:\/\/kabinam.lt\/#\/schema\/logo\/image\/"}}]}},"uagb_featured_image_src":{"full":["https:\/\/kabinam.lt\/wp-content\/uploads\/2024\/10\/c5d613f5742c95724a9bbdab373d829b.jpg",1080,1080,false],"thumbnail":["https:\/\/kabinam.lt\/wp-content\/uploads\/2024\/10\/c5d613f5742c95724a9bbdab373d829b-150x150.jpg",150,150,true],"medium":["https:\/\/kabinam.lt\/wp-content\/uploads\/2024\/10\/c5d613f5742c95724a9bbdab373d829b-300x300.jpg",300,300,true],"medium_large":["https:\/\/kabinam.lt\/wp-content\/uploads\/2024\/10\/c5d613f5742c95724a9bbdab373d829b-768x768.jpg",768,768,true],"large":["https:\/\/kabinam.lt\/wp-content\/uploads\/2024\/10\/c5d613f5742c95724a9bbdab373d829b-1024x1024.jpg",1024,1024,true],"1536x1536":["https:\/\/kabinam.lt\/wp-content\/uploads\/2024\/10\/c5d613f5742c95724a9bbdab373d829b.jpg",1080,1080,false],"2048x2048":["https:\/\/kabinam.lt\/wp-content\/uploads\/2024\/10\/c5d613f5742c95724a9bbdab373d829b.jpg",1080,1080,false],"trp-custom-language-flag":["https:\/\/kabinam.lt\/wp-content\/uploads\/2024\/10\/c5d613f5742c95724a9bbdab373d829b.jpg",12,12,false],"woocommerce_thumbnail":["https:\/\/kabinam.lt\/wp-content\/uploads\/2024\/10\/c5d613f5742c95724a9bbdab373d829b-300x300.jpg",300,300,true],"woocommerce_single":["https:\/\/kabinam.lt\/wp-content\/uploads\/2024\/10\/c5d613f5742c95724a9bbdab373d829b-600x600.jpg",600,600,true],"woocommerce_gallery_thumbnail":["https:\/\/kabinam.lt\/wp-content\/uploads\/2024\/10\/c5d613f5742c95724a9bbdab373d829b-100x100.jpg",100,100,true]},"uagb_author_info":{"display_name":"kabinam.lt","author_link":"https:\/\/kabinam.lt\/et\/author\/"},"uagb_comment_info":0,"uagb_excerpt":"Plastikinis rakt\u0173 pakabukas, atkuriantis alaus bokalo form\u0105 \u2013 \u017eaismingas ir prakti\u0161kas aksesuaras, puikiai tinkantis alaus m\u0117g\u0117jams bei originali\u0173 dovan\u0173 ie\u0161kantiems \u017emon\u0117ms.","_links":{"self":[{"href":"https:\/\/kabinam.lt\/et\/wp-json\/wp\/v2\/product\/3056","targetHints":{"allow":["GET"]}}],"collection":[{"href":"https:\/\/kabinam.lt\/et\/wp-json\/wp\/v2\/product"}],"about":[{"href":"https:\/\/kabinam.lt\/et\/wp-json\/wp\/v2\/types\/product"}],"replies":[{"embeddable":true,"href":"https:\/\/kabinam.lt\/et\/wp-json\/wp\/v2\/comments?post=3056"}],"wp:featuredmedia":[{"embeddable":true,"href":"https:\/\/kabinam.lt\/et\/wp-json\/wp\/v2\/media\/3058"}],"wp:attachment":[{"href":"https:\/\/kabinam.lt\/et\/wp-json\/wp\/v2\/media?parent=3056"}],"wp:term":[{"taxonomy":"product_brand","embeddable":true,"href":"https:\/\/kabinam.lt\/et\/wp-json\/wp\/v2\/product_brand?post=3056"},{"taxonomy":"product_cat","embeddable":true,"href":"https:\/\/kabinam.lt\/et\/wp-json\/wp\/v2\/product_cat?post=3056"},{"taxonomy":"product_tag","embeddable":true,"href":"https:\/\/kabinam.lt\/et\/wp-json\/wp\/v2\/product_tag?post=3056"}],"curies":[{"name":"wp","href":"https:\/\/api.w.org\/{rel}","templated":true}]}}