{"id":3039,"date":"2024-09-24T19:24:20","date_gmt":"2024-09-24T16:24:20","guid":{"rendered":"https:\/\/kabinam.lt\/?post_type=product&#038;p=3039"},"modified":"2026-01-03T18:48:06","modified_gmt":"2026-01-03T16:48:06","slug":"pannkoogi-votmehoidja","status":"publish","type":"product","link":"https:\/\/kabinam.lt\/et\/product\/raktu-pakabukas-blynas\/","title":{"rendered":"Pannkoogi v\u00f5tmehoidja - aksessuaar spordis\u00f5pradele"},"content":{"rendered":"<div class=\"kk-star-ratings kksr-auto kksr-align-left kksr-valign-top\"\n    data-payload='{&quot;align&quot;:&quot;left&quot;,&quot;id&quot;:&quot;3039&quot;,&quot;slug&quot;:&quot;default&quot;,&quot;valign&quot;:&quot;top&quot;,&quot;ignore&quot;:&quot;&quot;,&quot;reference&quot;:&quot;auto&quot;,&quot;class&quot;:&quot;&quot;,&quot;count&quot;:&quot;0&quot;,&quot;legendonly&quot;:&quot;&quot;,&quot;readonly&quot;:&quot;&quot;,&quot;score&quot;:&quot;0&quot;,&quot;starsonly&quot;:&quot;&quot;,&quot;best&quot;:&quot;5&quot;,&quot;gap&quot;:&quot;5&quot;,&quot;greet&quot;:&quot;Mums svarbus j\u016bs\u0173 \u012fvertinimas&quot;,&quot;legend&quot;:&quot;0\\\/5 - (0 votes)&quot;,&quot;size&quot;:&quot;24&quot;,&quot;title&quot;:&quot;Rakt\u0173 pakabukas Blynas \u2013 sporto m\u0117g\u0117j\u0173 aksesuaras&quot;,&quot;width&quot;:&quot;0&quot;,&quot;_legend&quot;:&quot;{score}\\\/{best} - ({count} {votes})&quot;,&quot;font_factor&quot;:&quot;1.25&quot;}'>\n            \n<div class=\"kksr-stars\">\n    \n<div class=\"kksr-stars-inactive\">\n            <div class=\"kksr-star\" data-star=\"1\" style=\"padding-right: 5px\">\n            \n\n<div class=\"kksr-icon\" style=\"width: 24px; height: 24px;\"><\/div>\n        <\/div>\n            <div class=\"kksr-star\" data-star=\"2\" style=\"padding-right: 5px\">\n            \n\n<div class=\"kksr-icon\" style=\"width: 24px; height: 24px;\"><\/div>\n        <\/div>\n            <div class=\"kksr-star\" data-star=\"3\" style=\"padding-right: 5px\">\n            \n\n<div class=\"kksr-icon\" style=\"width: 24px; height: 24px;\"><\/div>\n        <\/div>\n            <div class=\"kksr-star\" data-star=\"4\" style=\"padding-right: 5px\">\n            \n\n<div class=\"kksr-icon\" style=\"width: 24px; height: 24px;\"><\/div>\n        <\/div>\n            <div class=\"kksr-star\" data-star=\"5\" style=\"padding-right: 5px\">\n            \n\n<div class=\"kksr-icon\" style=\"width: 24px; height: 24px;\"><\/div>\n        <\/div>\n    <\/div>\n    \n<div class=\"kksr-stars-active\" style=\"width: 0px;\">\n            <div class=\"kksr-star\" style=\"padding-right: 5px\">\n            \n\n<div class=\"kksr-icon\" style=\"width: 24px; height: 24px;\"><\/div>\n        <\/div>\n            <div class=\"kksr-star\" style=\"padding-right: 5px\">\n            \n\n<div class=\"kksr-icon\" style=\"width: 24px; height: 24px;\"><\/div>\n        <\/div>\n            <div class=\"kksr-star\" style=\"padding-right: 5px\">\n            \n\n<div class=\"kksr-icon\" style=\"width: 24px; height: 24px;\"><\/div>\n        <\/div>\n            <div class=\"kksr-star\" style=\"padding-right: 5px\">\n            \n\n<div class=\"kksr-icon\" style=\"width: 24px; height: 24px;\"><\/div>\n        <\/div>\n            <div class=\"kksr-star\" style=\"padding-right: 5px\">\n            \n\n<div class=\"kksr-icon\" style=\"width: 24px; height: 24px;\"><\/div>\n        <\/div>\n    <\/div>\n<\/div>\n                \n\n<div class=\"kksr-legend\" style=\"font-size: 19.2px;\">\n            <span class=\"kksr-muted\">Teie hinnang on meile oluline<\/span>\n    <\/div>\n    <\/div>\n<p class=\"\" data-start=\"293\" data-end=\"595\"><strong data-start=\"293\" data-end=\"319\">Pannkoogi v\u00f5tmehoidja<\/strong> - See ei ole mitte ainult originaalne aksessuaar, vaid ka inspireeriv detail spordihuvilistele. See miniatuurne raskus j\u00e4ljendab klassikalise j\u00f5usaali pannkoogi kuju ja on ideaalne s\u00fcmbol neile, kes armastavad j\u00f5utreeninguid, raskuste t\u00f5stmist v\u00f5i lihtsalt aktiivset eluviisi.<\/p>\n<p class=\"\" data-start=\"597\" data-end=\"858\">See metallist valmistatud ripats on tugev ja vastupidav. T\u00e4nu oma kompaktsele suurusele sobib see ideaalselt v\u00f5tmete, spordikoti v\u00f5i seljakoti jaoks. Seda saab riputada nii praktilise aksessuaarina kui ka originaalse aktsendina, et n\u00e4idata oma kirge spordi vastu.<\/p>\n<h3 class=\"\" data-start=\"860\" data-end=\"894\">J\u00f5usaalist inspireeritud disain<\/h3>\n<p class=\"\" data-start=\"896\" data-end=\"1274\">Ripatsi kuju - v\u00e4ike \u00fcmmargune raskus - peegeldab selgelt j\u00f5utreeningute maailma. See on ideaalne v\u00f5tmehoidja neile, kes t\u00f5usevad iga p\u00e4ev varakult \u00fcles, et minna j\u00f5usaali, ja kes soovivad oma eesm\u00e4rke s\u00fcmboolse meeldetuletusena endaga kaasas kanda. Iga pilk sellele ripatsile v\u00f5ib motiveerida teid j\u00e4tkama, p\u00fc\u00fcdlema tulemuste poole ja kasvatama mitte ainult oma lihaseid, vaid ka tahet.<\/p>\n<h3 class=\"\" data-start=\"1276\" data-end=\"1309\">Kingitus sportlikule s\u00f5brale<\/h3>\n<p class=\"\" data-start=\"1311\" data-end=\"1536\">Otsid kingitust s\u00f5brale, kes armastab raskuste t\u00f5stmist v\u00f5i armastab j\u00f5usaalis elamise kultuuri? <strong data-start=\"1398\" data-end=\"1424\">Pannkoogi v\u00f5tmehoidja<\/strong> - originaalne ja t\u00e4hendusrikas kingitus. See annab edasi spordivaimu ja v\u00f5imaldab n\u00e4idata, et te hindate inimeste hobisid.<\/p>\n<p class=\"\" data-start=\"1538\" data-end=\"1767\">See aksessuaar on ideaalne v\u00e4ike ese, mis t\u00e4iendab suuremat kingitust v\u00f5i lihtsalt s\u00fcmboolne \u017eest, millega toetate oma l\u00e4hedast. Iga kord, kui v\u00f5tmed k\u00e4tte v\u00f5tate, on see meeldetuletus teie treeningust ja edusammudest.<\/p>\n<h3 class=\"\" data-start=\"1769\" data-end=\"1800\">Aktsent igap\u00e4evase stiili jaoks<\/h3>\n<p class=\"\" data-start=\"1802\" data-end=\"2056\">Kuigi tegemist on sporditeemalise aksessuaariga, sobib see h\u00e4sti ka linnastiili. Must metalne viimistlus on minimalistlik, kuid v\u00e4ljendusrikas. See ripats sobib teksade, tossude v\u00f5i seljakotiga, hoides v\u00e4limuse sportlikuna ja modernsena.<\/p>\n<p class=\"\" data-start=\"2058\" data-end=\"2502\">Uurige edasi ja leidke rohkem <a target=\"_new\" rel=\"noopener\" data-start=\"2088\" data-end=\"2171\">metallist aktsentidega ripatsid<\/a> ja <a target=\"_new\" rel=\"noopener\" data-start=\"2176\" data-end=\"2263\">unikaalsed tarvikud<\/a>, mis r\u00e4\u00e4givad teie elustiilist. Ja kui otsite, kuidas aksessuaarid v\u00f5ivad t\u00e4iendada teie isikup\u00e4ra, soovitab Vogue lugeda <a target=\"_new\" rel=\"noopener\" data-start=\"2386\" data-end=\"2501\">artikkel aksessuaaride t\u00e4htsusest igap\u00e4evaelus<\/a>.<\/p>\n<p>\ud83d\udd39 <strong>Materjal:<\/strong> Metall<br \/>\n\ud83d\udd39 <strong>V\u00e4rv:<\/strong> Must<br \/>\n\ud83d\udd39 <strong>Disain:<\/strong> \u201ePannkoogi\u201c kaal<br \/>\n\ud83d\udd39 <strong>Kasutamine:<\/strong> V\u00f5tmete, seljakoti jaoks, kingituseks spordiarmastajatele<\/p>","protected":false},"excerpt":{"rendered":"<p>Metallist v\u00f5tmehoidja \u201ePancake\u201c on ideaalne valik spordihuvilistele ja j\u00f5utreeningute harrastajatele.<\/p>","protected":false},"featured_media":3041,"comment_status":"closed","ping_status":"closed","template":"","meta":{"_uag_custom_page_level_css":"","site-sidebar-layout":"default","site-content-layout":"","ast-site-content-layout":"default","site-content-style":"default","site-sidebar-style":"default","ast-global-header-display":"","ast-banner-title-visibility":"","ast-main-header-display":"","ast-hfb-above-header-display":"","ast-hfb-below-header-display":"","ast-hfb-mobile-header-display":"","site-post-title":"","ast-breadcrumbs-content":"","ast-featured-img":"","footer-sml-layout":"","ast-disable-related-posts":"","theme-transparent-header-meta":"default","adv-header-id-meta":"","stick-header-meta":"","header-above-stick-meta":"","header-main-stick-meta":"","header-below-stick-meta":"","astra-migrate-meta-layouts":"set","ast-page-background-enabled":"default","ast-page-background-meta":{"desktop":{"background-color":"var(--ast-global-color-4)","background-image":"","background-repeat":"repeat","background-position":"center center","background-size":"auto","background-attachment":"scroll","background-type":"","background-media":"","overlay-type":"","overlay-color":"","overlay-opacity":"","overlay-gradient":""},"tablet":{"background-color":"","background-image":"","background-repeat":"repeat","background-position":"center center","background-size":"auto","background-attachment":"scroll","background-type":"","background-media":"","overlay-type":"","overlay-color":"","overlay-opacity":"","overlay-gradient":""},"mobile":{"background-color":"","background-image":"","background-repeat":"repeat","background-position":"center center","background-size":"auto","background-attachment":"scroll","background-type":"","background-media":"","overlay-type":"","overlay-color":"","overlay-opacity":"","overlay-gradient":""}},"ast-content-background-meta":{"desktop":{"background-color":"var(--ast-global-color-5)","background-image":"","background-repeat":"repeat","background-position":"center center","background-size":"auto","background-attachment":"scroll","background-type":"","background-media":"","overlay-type":"","overlay-color":"","overlay-opacity":"","overlay-gradient":""},"tablet":{"background-color":"var(--ast-global-color-5)","background-image":"","background-repeat":"repeat","background-position":"center center","background-size":"auto","background-attachment":"scroll","background-type":"","background-media":"","overlay-type":"","overlay-color":"","overlay-opacity":"","overlay-gradient":""},"mobile":{"background-color":"var(--ast-global-color-5)","background-image":"","background-repeat":"repeat","background-position":"center center","background-size":"auto","background-attachment":"scroll","background-type":"","background-media":"","overlay-type":"","overlay-color":"","overlay-opacity":"","overlay-gradient":""}}},"product_brand":[],"product_cat":[125,126,116,95,118],"product_tag":[],"class_list":{"0":"post-3039","1":"product","2":"type-product","3":"status-publish","4":"has-post-thumbnail","6":"product_cat-halloween","7":"product_cat-visi","8":"product_cat-metaliniai-raktu-pakabukai","9":"product_cat-unikalus-raktu-pakabukai","10":"product_cat-dovana-teciui","11":"desktop-align-center","12":"tablet-align-left","13":"mobile-align-left","15":"first","16":"outofstock","17":"shipping-taxable","18":"purchasable","19":"product-type-simple"},"yoast_head":"<!-- This site is optimized with the Yoast SEO plugin v27.1.1 - https:\/\/yoast.com\/product\/yoast-seo-wordpress\/ -->\n<title>Rakt\u0173 pakabukas Blynas \u2013 sporto m\u0117g\u0117j\u0173 aksesuaras - kabinam.lt<\/title>\n<meta name=\"description\" content=\"Rakt\u0173 pakabukas Blynas \u2013 metalinis mini svoris sporto gerb\u0117jams. Unikalus, stilingas ir funkcionalus aksesuaras.\" \/>\n<meta name=\"robots\" content=\"index, follow, max-snippet:-1, max-image-preview:large, max-video-preview:-1\" \/>\n<link rel=\"canonical\" href=\"https:\/\/kabinam.lt\/et\/toode\/pannkoogi-votmehoidja\/\" \/>\n<meta property=\"og:locale\" content=\"et_EE\" \/>\n<meta property=\"og:type\" content=\"article\" \/>\n<meta property=\"og:title\" content=\"Rakt\u0173 pakabukas Blynas \u2013 sporto m\u0117g\u0117j\u0173 aksesuaras - kabinam.lt\" \/>\n<meta property=\"og:description\" content=\"Rakt\u0173 pakabukas Blynas \u2013 metalinis mini svoris sporto gerb\u0117jams. Unikalus, stilingas ir funkcionalus aksesuaras.\" \/>\n<meta property=\"og:url\" content=\"https:\/\/kabinam.lt\/et\/toode\/pannkoogi-votmehoidja\/\" \/>\n<meta property=\"og:site_name\" content=\"kabinam.lt\" \/>\n<meta property=\"article:modified_time\" content=\"2026-01-03T16:48:06+00:00\" \/>\n<meta property=\"og:image\" content=\"https:\/\/kabinam.lt\/wp-content\/uploads\/2024\/09\/64929000-a4b7-4d34-a9de-2befa73a9e21.jpg\" \/>\n\t<meta property=\"og:image:width\" content=\"1340\" \/>\n\t<meta property=\"og:image:height\" content=\"1340\" \/>\n\t<meta property=\"og:image:type\" content=\"image\/jpeg\" \/>\n<meta name=\"twitter:card\" content=\"summary_large_image\" \/>\n<meta name=\"twitter:label1\" content=\"Est. reading time\" \/>\n\t<meta name=\"twitter:data1\" content=\"2 minutit\" \/>\n<script type=\"application\/ld+json\" class=\"yoast-schema-graph\">{\"@context\":\"https:\/\/schema.org\",\"@graph\":[{\"@type\":[\"WebPage\",\"ItemPage\"],\"@id\":\"https:\/\/kabinam.lt\/eng\/product\/raktu-pakabukas-blynas\/\",\"url\":\"https:\/\/kabinam.lt\/eng\/product\/raktu-pakabukas-blynas\/\",\"name\":\"Rakt\u0173 pakabukas Blynas \u2013 sporto m\u0117g\u0117j\u0173 aksesuaras - kabinam.lt\",\"isPartOf\":{\"@id\":\"https:\/\/kabinam.lt\/#website\"},\"primaryImageOfPage\":{\"@id\":\"https:\/\/kabinam.lt\/eng\/product\/raktu-pakabukas-blynas\/#primaryimage\"},\"image\":{\"@id\":\"https:\/\/kabinam.lt\/eng\/product\/raktu-pakabukas-blynas\/#primaryimage\"},\"thumbnailUrl\":\"https:\/\/kabinam.lt\/wp-content\/uploads\/2024\/09\/64929000-a4b7-4d34-a9de-2befa73a9e21.jpg\",\"datePublished\":\"2024-09-24T16:24:20+00:00\",\"dateModified\":\"2026-01-03T16:48:06+00:00\",\"description\":\"Rakt\u0173 pakabukas Blynas \u2013 metalinis mini svoris sporto gerb\u0117jams. Unikalus, stilingas ir funkcionalus aksesuaras.\",\"breadcrumb\":{\"@id\":\"https:\/\/kabinam.lt\/eng\/product\/raktu-pakabukas-blynas\/#breadcrumb\"},\"inLanguage\":\"et\",\"potentialAction\":[{\"@type\":\"ReadAction\",\"target\":[\"https:\/\/kabinam.lt\/eng\/product\/raktu-pakabukas-blynas\/\"]}]},{\"@type\":\"ImageObject\",\"inLanguage\":\"et\",\"@id\":\"https:\/\/kabinam.lt\/eng\/product\/raktu-pakabukas-blynas\/#primaryimage\",\"url\":\"https:\/\/kabinam.lt\/wp-content\/uploads\/2024\/09\/64929000-a4b7-4d34-a9de-2befa73a9e21.jpg\",\"contentUrl\":\"https:\/\/kabinam.lt\/wp-content\/uploads\/2024\/09\/64929000-a4b7-4d34-a9de-2befa73a9e21.jpg\",\"width\":1340,\"height\":1340,\"caption\":\"Rakt\u0173 pakabukas \u201eBlynas\u201c juodas svoris\"},{\"@type\":\"BreadcrumbList\",\"@id\":\"https:\/\/kabinam.lt\/eng\/product\/raktu-pakabukas-blynas\/#breadcrumb\",\"itemListElement\":[{\"@type\":\"ListItem\",\"position\":1,\"name\":\"Home\",\"item\":\"https:\/\/kabinam.lt\/\"},{\"@type\":\"ListItem\",\"position\":2,\"name\":\"Visi Produktai\",\"item\":\"https:\/\/kabinam.lt\/visi-produktai\/\"},{\"@type\":\"ListItem\",\"position\":3,\"name\":\"Rakt\u0173 pakabukas Blynas \u2013 sporto m\u0117g\u0117j\u0173 aksesuaras\"}]},{\"@type\":\"WebSite\",\"@id\":\"https:\/\/kabinam.lt\/#website\",\"url\":\"https:\/\/kabinam.lt\/\",\"name\":\"kabinam.lt\",\"description\":\"Kabinam.lt \u2013 raktu pakabukai ir aksesuarai\",\"publisher\":{\"@id\":\"https:\/\/kabinam.lt\/#organization\"},\"alternateName\":\"pakabukai lt\",\"potentialAction\":[{\"@type\":\"SearchAction\",\"target\":{\"@type\":\"EntryPoint\",\"urlTemplate\":\"https:\/\/kabinam.lt\/?s={search_term_string}\"},\"query-input\":{\"@type\":\"PropertyValueSpecification\",\"valueRequired\":true,\"valueName\":\"search_term_string\"}}],\"inLanguage\":\"et\"},{\"@type\":\"Organization\",\"@id\":\"https:\/\/kabinam.lt\/#organization\",\"name\":\"kabinam.lt\",\"alternateName\":\"kabinam\",\"url\":\"https:\/\/kabinam.lt\/\",\"logo\":{\"@type\":\"ImageObject\",\"inLanguage\":\"et\",\"@id\":\"https:\/\/kabinam.lt\/#\/schema\/logo\/image\/\",\"url\":\"https:\/\/kabinam.lt\/wp-content\/uploads\/2025\/05\/KABINAM_outer_glow.png\",\"contentUrl\":\"https:\/\/kabinam.lt\/wp-content\/uploads\/2025\/05\/KABINAM_outer_glow.png\",\"width\":474,\"height\":141,\"caption\":\"kabinam.lt\"},\"image\":{\"@id\":\"https:\/\/kabinam.lt\/#\/schema\/logo\/image\/\"}}]}<\/script>\n<!-- \/ Yoast SEO plugin. -->","yoast_head_json":{"title":"V\u00f5tmehoidja Pancake - aksessuaarid spordihuvilistele - kabinam.lt","description":"Pannkoogi v\u00f5tmehoidja - metallist minikaal spordif\u00e4nnidele. Unikaalne, stiilne ja funktsionaalne aksessuaar.","robots":{"index":"index","follow":"follow","max-snippet":"max-snippet:-1","max-image-preview":"max-image-preview:large","max-video-preview":"max-video-preview:-1"},"canonical":"https:\/\/kabinam.lt\/et\/toode\/pannkoogi-votmehoidja\/","og_locale":"et_EE","og_type":"article","og_title":"Rakt\u0173 pakabukas Blynas \u2013 sporto m\u0117g\u0117j\u0173 aksesuaras - kabinam.lt","og_description":"Rakt\u0173 pakabukas Blynas \u2013 metalinis mini svoris sporto gerb\u0117jams. Unikalus, stilingas ir funkcionalus aksesuaras.","og_url":"https:\/\/kabinam.lt\/et\/toode\/pannkoogi-votmehoidja\/","og_site_name":"kabinam.lt","article_modified_time":"2026-01-03T16:48:06+00:00","og_image":[{"width":1340,"height":1340,"url":"https:\/\/kabinam.lt\/wp-content\/uploads\/2024\/09\/64929000-a4b7-4d34-a9de-2befa73a9e21.jpg","type":"image\/jpeg"}],"twitter_card":"summary_large_image","twitter_misc":{"Est. reading time":"2 minutit"},"schema":{"@context":"https:\/\/schema.org","@graph":[{"@type":["WebPage","ItemPage"],"@id":"https:\/\/kabinam.lt\/eng\/product\/raktu-pakabukas-blynas\/","url":"https:\/\/kabinam.lt\/eng\/product\/raktu-pakabukas-blynas\/","name":"V\u00f5tmehoidja Pancake - aksessuaarid spordihuvilistele - kabinam.lt","isPartOf":{"@id":"https:\/\/kabinam.lt\/#website"},"primaryImageOfPage":{"@id":"https:\/\/kabinam.lt\/eng\/product\/raktu-pakabukas-blynas\/#primaryimage"},"image":{"@id":"https:\/\/kabinam.lt\/eng\/product\/raktu-pakabukas-blynas\/#primaryimage"},"thumbnailUrl":"https:\/\/kabinam.lt\/wp-content\/uploads\/2024\/09\/64929000-a4b7-4d34-a9de-2befa73a9e21.jpg","datePublished":"2024-09-24T16:24:20+00:00","dateModified":"2026-01-03T16:48:06+00:00","description":"Pannkoogi v\u00f5tmehoidja - metallist minikaal spordif\u00e4nnidele. Unikaalne, stiilne ja funktsionaalne aksessuaar.","breadcrumb":{"@id":"https:\/\/kabinam.lt\/eng\/product\/raktu-pakabukas-blynas\/#breadcrumb"},"inLanguage":"et","potentialAction":[{"@type":"ReadAction","target":["https:\/\/kabinam.lt\/eng\/product\/raktu-pakabukas-blynas\/"]}]},{"@type":"ImageObject","inLanguage":"et","@id":"https:\/\/kabinam.lt\/eng\/product\/raktu-pakabukas-blynas\/#primaryimage","url":"https:\/\/kabinam.lt\/wp-content\/uploads\/2024\/09\/64929000-a4b7-4d34-a9de-2befa73a9e21.jpg","contentUrl":"https:\/\/kabinam.lt\/wp-content\/uploads\/2024\/09\/64929000-a4b7-4d34-a9de-2befa73a9e21.jpg","width":1340,"height":1340,"caption":"Rakt\u0173 pakabukas \u201eBlynas\u201c juodas svoris"},{"@type":"BreadcrumbList","@id":"https:\/\/kabinam.lt\/eng\/product\/raktu-pakabukas-blynas\/#breadcrumb","itemListElement":[{"@type":"ListItem","position":1,"name":"Home","item":"https:\/\/kabinam.lt\/"},{"@type":"ListItem","position":2,"name":"Visi Produktai","item":"https:\/\/kabinam.lt\/visi-produktai\/"},{"@type":"ListItem","position":3,"name":"Rakt\u0173 pakabukas Blynas \u2013 sporto m\u0117g\u0117j\u0173 aksesuaras"}]},{"@type":"WebSite","@id":"https:\/\/kabinam.lt\/#website","url":"https:\/\/kabinam.lt\/","name":"kabinam.lt","description":"Kabinam.lt - v\u00f5tmehoidjad ja aksessuaarid","publisher":{"@id":"https:\/\/kabinam.lt\/#organization"},"alternateName":"pakabukai lt","potentialAction":[{"@type":"SearchAction","target":{"@type":"EntryPoint","urlTemplate":"https:\/\/kabinam.lt\/?s={search_term_string}"},"query-input":{"@type":"PropertyValueSpecification","valueRequired":true,"valueName":"search_term_string"}}],"inLanguage":"et"},{"@type":"Organization","@id":"https:\/\/kabinam.lt\/#organization","name":"kabinam.lt","alternateName":"kabinam","url":"https:\/\/kabinam.lt\/","logo":{"@type":"ImageObject","inLanguage":"et","@id":"https:\/\/kabinam.lt\/#\/schema\/logo\/image\/","url":"https:\/\/kabinam.lt\/wp-content\/uploads\/2025\/05\/KABINAM_outer_glow.png","contentUrl":"https:\/\/kabinam.lt\/wp-content\/uploads\/2025\/05\/KABINAM_outer_glow.png","width":474,"height":141,"caption":"kabinam.lt"},"image":{"@id":"https:\/\/kabinam.lt\/#\/schema\/logo\/image\/"}}]}},"uagb_featured_image_src":{"full":["https:\/\/kabinam.lt\/wp-content\/uploads\/2024\/09\/64929000-a4b7-4d34-a9de-2befa73a9e21.jpg",1340,1340,false],"thumbnail":["https:\/\/kabinam.lt\/wp-content\/uploads\/2024\/09\/64929000-a4b7-4d34-a9de-2befa73a9e21-150x150.jpg",150,150,true],"medium":["https:\/\/kabinam.lt\/wp-content\/uploads\/2024\/09\/64929000-a4b7-4d34-a9de-2befa73a9e21-300x300.jpg",300,300,true],"medium_large":["https:\/\/kabinam.lt\/wp-content\/uploads\/2024\/09\/64929000-a4b7-4d34-a9de-2befa73a9e21-768x768.jpg",768,768,true],"large":["https:\/\/kabinam.lt\/wp-content\/uploads\/2024\/09\/64929000-a4b7-4d34-a9de-2befa73a9e21-1024x1024.jpg",1024,1024,true],"1536x1536":["https:\/\/kabinam.lt\/wp-content\/uploads\/2024\/09\/64929000-a4b7-4d34-a9de-2befa73a9e21.jpg",1340,1340,false],"2048x2048":["https:\/\/kabinam.lt\/wp-content\/uploads\/2024\/09\/64929000-a4b7-4d34-a9de-2befa73a9e21.jpg",1340,1340,false],"trp-custom-language-flag":["https:\/\/kabinam.lt\/wp-content\/uploads\/2024\/09\/64929000-a4b7-4d34-a9de-2befa73a9e21.jpg",12,12,false],"woocommerce_thumbnail":["https:\/\/kabinam.lt\/wp-content\/uploads\/2024\/09\/64929000-a4b7-4d34-a9de-2befa73a9e21-300x300.jpg",300,300,true],"woocommerce_single":["https:\/\/kabinam.lt\/wp-content\/uploads\/2024\/09\/64929000-a4b7-4d34-a9de-2befa73a9e21-600x600.jpg",600,600,true],"woocommerce_gallery_thumbnail":["https:\/\/kabinam.lt\/wp-content\/uploads\/2024\/09\/64929000-a4b7-4d34-a9de-2befa73a9e21-100x100.jpg",100,100,true]},"uagb_author_info":{"display_name":"kabinam.lt","author_link":"https:\/\/kabinam.lt\/et\/author\/"},"uagb_comment_info":0,"uagb_excerpt":"Metalinis rakt\u0173 pakabukas \u201eBlynas\u201c \u2013 puikus pasirinkimas sporto entuziastams ir j\u0117gos treniruo\u010di\u0173 m\u0117g\u0117jams.","_links":{"self":[{"href":"https:\/\/kabinam.lt\/et\/wp-json\/wp\/v2\/product\/3039","targetHints":{"allow":["GET"]}}],"collection":[{"href":"https:\/\/kabinam.lt\/et\/wp-json\/wp\/v2\/product"}],"about":[{"href":"https:\/\/kabinam.lt\/et\/wp-json\/wp\/v2\/types\/product"}],"replies":[{"embeddable":true,"href":"https:\/\/kabinam.lt\/et\/wp-json\/wp\/v2\/comments?post=3039"}],"wp:featuredmedia":[{"embeddable":true,"href":"https:\/\/kabinam.lt\/et\/wp-json\/wp\/v2\/media\/3041"}],"wp:attachment":[{"href":"https:\/\/kabinam.lt\/et\/wp-json\/wp\/v2\/media?parent=3039"}],"wp:term":[{"taxonomy":"product_brand","embeddable":true,"href":"https:\/\/kabinam.lt\/et\/wp-json\/wp\/v2\/product_brand?post=3039"},{"taxonomy":"product_cat","embeddable":true,"href":"https:\/\/kabinam.lt\/et\/wp-json\/wp\/v2\/product_cat?post=3039"},{"taxonomy":"product_tag","embeddable":true,"href":"https:\/\/kabinam.lt\/et\/wp-json\/wp\/v2\/product_tag?post=3039"}],"curies":[{"name":"wp","href":"https:\/\/api.w.org\/{rel}","templated":true}]}}