{"id":2813,"date":"2024-08-18T10:04:21","date_gmt":"2024-08-18T07:04:21","guid":{"rendered":"https:\/\/kabinam.lt\/?post_type=product&#038;p=2813"},"modified":"2026-01-03T18:50:41","modified_gmt":"2026-01-03T16:50:41","slug":"raktu-pakabukas-it-is-too-peopley-outside","status":"publish","type":"product","link":"https:\/\/kabinam.lt\/et\/product\/raktu-pakabukas-it-is-too-peopley-outside\/","title":{"rendered":"See on liiga inimlik v\u00e4ljaspool"},"content":{"rendered":"<div class=\"kk-star-ratings kksr-auto kksr-align-left kksr-valign-top\"\n    data-payload='{&quot;align&quot;:&quot;left&quot;,&quot;id&quot;:&quot;2813&quot;,&quot;slug&quot;:&quot;default&quot;,&quot;valign&quot;:&quot;top&quot;,&quot;ignore&quot;:&quot;&quot;,&quot;reference&quot;:&quot;auto&quot;,&quot;class&quot;:&quot;&quot;,&quot;count&quot;:&quot;0&quot;,&quot;legendonly&quot;:&quot;&quot;,&quot;readonly&quot;:&quot;&quot;,&quot;score&quot;:&quot;0&quot;,&quot;starsonly&quot;:&quot;&quot;,&quot;best&quot;:&quot;5&quot;,&quot;gap&quot;:&quot;5&quot;,&quot;greet&quot;:&quot;Mums svarbus j\u016bs\u0173 \u012fvertinimas&quot;,&quot;legend&quot;:&quot;0\\\/5 - (0 votes)&quot;,&quot;size&quot;:&quot;24&quot;,&quot;title&quot;:&quot;It is too peopley outside&quot;,&quot;width&quot;:&quot;0&quot;,&quot;_legend&quot;:&quot;{score}\\\/{best} - ({count} {votes})&quot;,&quot;font_factor&quot;:&quot;1.25&quot;}'>\n            \n<div class=\"kksr-stars\">\n    \n<div class=\"kksr-stars-inactive\">\n            <div class=\"kksr-star\" data-star=\"1\" style=\"padding-right: 5px\">\n            \n\n<div class=\"kksr-icon\" style=\"width: 24px; height: 24px;\"><\/div>\n        <\/div>\n            <div class=\"kksr-star\" data-star=\"2\" style=\"padding-right: 5px\">\n            \n\n<div class=\"kksr-icon\" style=\"width: 24px; height: 24px;\"><\/div>\n        <\/div>\n            <div class=\"kksr-star\" data-star=\"3\" style=\"padding-right: 5px\">\n            \n\n<div class=\"kksr-icon\" style=\"width: 24px; height: 24px;\"><\/div>\n        <\/div>\n            <div class=\"kksr-star\" data-star=\"4\" style=\"padding-right: 5px\">\n            \n\n<div class=\"kksr-icon\" style=\"width: 24px; height: 24px;\"><\/div>\n        <\/div>\n            <div class=\"kksr-star\" data-star=\"5\" style=\"padding-right: 5px\">\n            \n\n<div class=\"kksr-icon\" style=\"width: 24px; height: 24px;\"><\/div>\n        <\/div>\n    <\/div>\n    \n<div class=\"kksr-stars-active\" style=\"width: 0px;\">\n            <div class=\"kksr-star\" style=\"padding-right: 5px\">\n            \n\n<div class=\"kksr-icon\" style=\"width: 24px; height: 24px;\"><\/div>\n        <\/div>\n            <div class=\"kksr-star\" style=\"padding-right: 5px\">\n            \n\n<div class=\"kksr-icon\" style=\"width: 24px; height: 24px;\"><\/div>\n        <\/div>\n            <div class=\"kksr-star\" style=\"padding-right: 5px\">\n            \n\n<div class=\"kksr-icon\" style=\"width: 24px; height: 24px;\"><\/div>\n        <\/div>\n            <div class=\"kksr-star\" style=\"padding-right: 5px\">\n            \n\n<div class=\"kksr-icon\" style=\"width: 24px; height: 24px;\"><\/div>\n        <\/div>\n            <div class=\"kksr-star\" style=\"padding-right: 5px\">\n            \n\n<div class=\"kksr-icon\" style=\"width: 24px; height: 24px;\"><\/div>\n        <\/div>\n    <\/div>\n<\/div>\n                \n\n<div class=\"kksr-legend\" style=\"font-size: 19.2px;\">\n            <span class=\"kksr-muted\">Teie hinnang on meile oluline<\/span>\n    <\/div>\n    <\/div>\n<h4 data-start=\"73\" data-end=\"97\"><strong data-start=\"78\" data-end=\"95\">Toote kohta<\/strong><\/h4>\n<p data-start=\"98\" data-end=\"909\">Rakt\u0173 pakabukas IT IS TOO PEOPLEY OUTSIDE yra originalus aksesuaras. Jis pagamintas i\u0161 auk\u0161tos kokyb\u0117s med\u017eiagos. Pakabuko pagrindas yra juoda med\u017eiaga su geltonais kra\u0161tais. Ant jo i\u0161siuv\u0117tas tekstas skelbia \u201eIT IS TOO PEOPLEY OUTSIDE\u201c. Tekstas perteikia humoristin\u0119 ir artim\u0105 \u017einut\u0119. Produktas sukuria modern\u0173, i\u0161skirtin\u012f akcent\u0105 j\u016bs\u0173 raktams. Aksesuaras tinka automobili\u0173, motocikl\u0173 ir nam\u0173 raktams. Kiekviena detal\u0117 yra kruop\u0161\u010diai apdorota. Jo dizainas pabr\u0117\u017eia asmenin\u012f stili\u0173. \u0160is pakabukas paver\u010dia kasdienyb\u0119 \u012f unikali\u0105 patirt\u012f. Jis padeda saugiai laikyti raktus. Tvirtas tvirtinimo mechanizmas u\u017etikrina, kad raktai visada liks pritvirtinti. Produkto konstrukcija yra patvari ir atspari nusid\u0117v\u0117jimui. Jo dizainas derina funkcionalum\u0105 su estetika. Aksesuaras perteikia smagius posakius ir i\u0161skirtinum\u0105.<\/p>\n<p data-start=\"911\" data-end=\"1172\">Nor\u0117dami su\u017einoti daugiau apie naujausias aksesuar\u0173 tendencijas, apsilankykite <a target=\"_new\" rel=\"noopener\" data-start=\"990\" data-end=\"1051\">V\u00e4lised ressursid<\/a>. Taip pat galite per\u017ei\u016br\u0117ti m\u016bs\u0173 <a href=\"https:\/\/www.example.com\/products\" target=\"_new\" rel=\"noopener\" data-start=\"1085\" data-end=\"1138\">tootekataloog<\/a> d\u0117l daugiau originali\u0173 sprendim\u0173.<\/p>\n<h4 data-start=\"1174\" data-end=\"1213\"><strong data-start=\"1179\" data-end=\"1211\">Funktsionaalsus ja kasutamine<\/strong><\/h4>\n<p data-start=\"1214\" data-end=\"1592\">\u0160is pakabukas saugo j\u016bs\u0173 raktus patikimai. Jis yra lengvas ir kompakti\u0161kas. Tvirtas \u017eiedelis u\u017etikrina saug\u0173 pritvirtinim\u0105. Integruotas karabinas leid\u017eia greitai pritvirtinti j\u012f prie kuprin\u0117s, dir\u017eo ar kito aksesuar\u0173. Naudojimas yra intuityvus ir paprastas. Produktas tinka tiek intensyviam, tiek lengvam kasdieniam naudojimui. Jis padeda i\u0161laikyti tvark\u0105 j\u016bs\u0173 rakt\u0173 rinkinyje.<\/p>\n<h4 data-start=\"1594\" data-end=\"1623\"><strong data-start=\"1599\" data-end=\"1621\">Disain ja kvaliteet<\/strong><\/h4>\n<p data-start=\"1624\" data-end=\"2028\">Dizainas yra minimalistinis ir \u012fsp\u016bdingas. Geltoni kra\u0161tai suteikia ry\u0161k\u0173 kontrast\u0105. Juoda med\u017eiaga suteikia elegancijos ir tvirtumo. I\u0161siuv\u0117tas u\u017era\u0161as yra ai\u0161kus ir gerai matomas. Kiekviena detal\u0117 atitinka auk\u0161tus kokyb\u0117s standartus. Aksesuaras yra atsparus nusid\u0117v\u0117jimui. Jo patvari konstrukcija u\u017etikrina ilgaam\u017ei\u0161kum\u0105. \u0160is pakabukas yra sukurtas tiems, kurie vertina originalum\u0105 ir smagius posakius.<\/p>\n<h4 data-start=\"2030\" data-end=\"2061\"><strong data-start=\"2035\" data-end=\"2059\">Miks valida?<\/strong><\/h4>\n<p data-start=\"2062\" data-end=\"2484\">Investuokite \u012f \u0161\u012f pakabuk\u0105, jei norite, kad j\u016bs\u0173 raktai b\u016bt\u0173 i\u0161skirtini. Produktas sukuria stiling\u0105 ir humoristin\u012f akcent\u0105. Jis saugo raktus ir prideda asmenin\u012f stili\u0173. Unikalus u\u017era\u0161as padeda i\u0161siskirti. Jei ie\u0161kote praktinio ir originalaus sprendimo, \u0161is aksesuaras atitiks j\u016bs\u0173 l\u016bkes\u010dius. Jis yra patvarus, lengvas ir lengvai naudojamas. Rakt\u0173 pakabukas IT IS TOO PEOPLEY OUTSIDE suteikia j\u016bs\u0173 kasdienybei nauj\u0105 \u017eaves\u012f.<\/p>","protected":false},"excerpt":{"rendered":"<p>Rakt\u0173 pakabukas it is too peopley outside \u2013 originalus aksesuaras su geltonais kra\u0161tais ir i\u0161siuv\u0117tu humoristiniu u\u017era\u0161u, skirtas tiems, kurie vertina i\u0161skirtinum\u0105.<\/p>","protected":false},"featured_media":2814,"comment_status":"closed","ping_status":"closed","template":"","meta":{"_uag_custom_page_level_css":"","site-sidebar-layout":"default","site-content-layout":"","ast-site-content-layout":"default","site-content-style":"default","site-sidebar-style":"default","ast-global-header-display":"","ast-banner-title-visibility":"","ast-main-header-display":"","ast-hfb-above-header-display":"","ast-hfb-below-header-display":"","ast-hfb-mobile-header-display":"","site-post-title":"","ast-breadcrumbs-content":"","ast-featured-img":"","footer-sml-layout":"","ast-disable-related-posts":"","theme-transparent-header-meta":"default","adv-header-id-meta":"","stick-header-meta":"","header-above-stick-meta":"","header-main-stick-meta":"","header-below-stick-meta":"","astra-migrate-meta-layouts":"set","ast-page-background-enabled":"default","ast-page-background-meta":{"desktop":{"background-color":"var(--ast-global-color-4)","background-image":"","background-repeat":"repeat","background-position":"center center","background-size":"auto","background-attachment":"scroll","background-type":"","background-media":"","overlay-type":"","overlay-color":"","overlay-opacity":"","overlay-gradient":""},"tablet":{"background-color":"","background-image":"","background-repeat":"repeat","background-position":"center center","background-size":"auto","background-attachment":"scroll","background-type":"","background-media":"","overlay-type":"","overlay-color":"","overlay-opacity":"","overlay-gradient":""},"mobile":{"background-color":"","background-image":"","background-repeat":"repeat","background-position":"center center","background-size":"auto","background-attachment":"scroll","background-type":"","background-media":"","overlay-type":"","overlay-color":"","overlay-opacity":"","overlay-gradient":""}},"ast-content-background-meta":{"desktop":{"background-color":"var(--ast-global-color-5)","background-image":"","background-repeat":"repeat","background-position":"center center","background-size":"auto","background-attachment":"scroll","background-type":"","background-media":"","overlay-type":"","overlay-color":"","overlay-opacity":"","overlay-gradient":""},"tablet":{"background-color":"var(--ast-global-color-5)","background-image":"","background-repeat":"repeat","background-position":"center center","background-size":"auto","background-attachment":"scroll","background-type":"","background-media":"","overlay-type":"","overlay-color":"","overlay-opacity":"","overlay-gradient":""},"mobile":{"background-color":"var(--ast-global-color-5)","background-image":"","background-repeat":"repeat","background-position":"center center","background-size":"auto","background-attachment":"scroll","background-type":"","background-media":"","overlay-type":"","overlay-color":"","overlay-opacity":"","overlay-gradient":""}}},"product_brand":[],"product_cat":[126,91],"product_tag":[],"class_list":{"0":"post-2813","1":"product","2":"type-product","3":"status-publish","4":"has-post-thumbnail","6":"product_cat-visi","7":"product_cat-motociklo-raktu-pakabukai","8":"desktop-align-center","9":"tablet-align-left","10":"mobile-align-left","12":"first","13":"instock","14":"shipping-taxable","15":"purchasable","16":"product-type-simple"},"yoast_head":"<!-- This site is optimized with the Yoast SEO plugin v27.1.1 - https:\/\/yoast.com\/product\/yoast-seo-wordpress\/ -->\n<title>It is too peopley outside - kabinam.lt<\/title>\n<meta name=\"description\" content=\"Pakabukas it is too peopley outside \u2013 unikalus juodos med\u017eiagos aksesuaras su geltonais kra\u0161tais ir humoristiniu u\u017era\u0161u. Tvirtas ir stilingas pasirinkimas!\" \/>\n<meta name=\"robots\" content=\"index, follow, max-snippet:-1, max-image-preview:large, max-video-preview:-1\" \/>\n<link rel=\"canonical\" href=\"https:\/\/kabinam.lt\/et\/toode\/raktu-pakabukas-it-is-too-peopley-outside\/\" \/>\n<meta property=\"og:locale\" content=\"et_EE\" \/>\n<meta property=\"og:type\" content=\"article\" \/>\n<meta property=\"og:title\" content=\"It is too peopley outside - kabinam.lt\" \/>\n<meta property=\"og:description\" content=\"Pakabukas it is too peopley outside \u2013 unikalus juodos med\u017eiagos aksesuaras su geltonais kra\u0161tais ir humoristiniu u\u017era\u0161u. Tvirtas ir stilingas pasirinkimas!\" \/>\n<meta property=\"og:url\" content=\"https:\/\/kabinam.lt\/et\/toode\/raktu-pakabukas-it-is-too-peopley-outside\/\" \/>\n<meta property=\"og:site_name\" content=\"kabinam.lt\" \/>\n<meta property=\"article:modified_time\" content=\"2026-01-03T16:50:41+00:00\" \/>\n<meta property=\"og:image\" content=\"https:\/\/kabinam.lt\/wp-content\/uploads\/2024\/08\/1685010048471-e67a207694fa408db536847ba1b86da3-goods.jpeg\" \/>\n\t<meta property=\"og:image:width\" content=\"1200\" \/>\n\t<meta property=\"og:image:height\" content=\"1200\" \/>\n\t<meta property=\"og:image:type\" content=\"image\/jpeg\" \/>\n<meta name=\"twitter:card\" content=\"summary_large_image\" \/>\n<meta name=\"twitter:label1\" content=\"Est. reading time\" \/>\n\t<meta name=\"twitter:data1\" content=\"2 minutit\" \/>\n<script type=\"application\/ld+json\" class=\"yoast-schema-graph\">{\"@context\":\"https:\/\/schema.org\",\"@graph\":[{\"@type\":[\"WebPage\",\"ItemPage\"],\"@id\":\"https:\/\/kabinam.lt\/eng\/product\/key-fob-it-is-too-peopley-outside\/\",\"url\":\"https:\/\/kabinam.lt\/eng\/product\/key-fob-it-is-too-peopley-outside\/\",\"name\":\"It is too peopley outside - kabinam.lt\",\"isPartOf\":{\"@id\":\"https:\/\/kabinam.lt\/#website\"},\"primaryImageOfPage\":{\"@id\":\"https:\/\/kabinam.lt\/eng\/product\/key-fob-it-is-too-peopley-outside\/#primaryimage\"},\"image\":{\"@id\":\"https:\/\/kabinam.lt\/eng\/product\/key-fob-it-is-too-peopley-outside\/#primaryimage\"},\"thumbnailUrl\":\"https:\/\/kabinam.lt\/wp-content\/uploads\/2024\/08\/1685010048471-e67a207694fa408db536847ba1b86da3-goods.jpeg\",\"datePublished\":\"2024-08-18T07:04:21+00:00\",\"dateModified\":\"2026-01-03T16:50:41+00:00\",\"description\":\"Pakabukas it is too peopley outside \u2013 unikalus juodos med\u017eiagos aksesuaras su geltonais kra\u0161tais ir humoristiniu u\u017era\u0161u. Tvirtas ir stilingas pasirinkimas!\",\"breadcrumb\":{\"@id\":\"https:\/\/kabinam.lt\/eng\/product\/key-fob-it-is-too-peopley-outside\/#breadcrumb\"},\"inLanguage\":\"et\",\"potentialAction\":[{\"@type\":\"ReadAction\",\"target\":[\"https:\/\/kabinam.lt\/eng\/product\/key-fob-it-is-too-peopley-outside\/\"]}]},{\"@type\":\"ImageObject\",\"inLanguage\":\"et\",\"@id\":\"https:\/\/kabinam.lt\/eng\/product\/key-fob-it-is-too-peopley-outside\/#primaryimage\",\"url\":\"https:\/\/kabinam.lt\/wp-content\/uploads\/2024\/08\/1685010048471-e67a207694fa408db536847ba1b86da3-goods.jpeg\",\"contentUrl\":\"https:\/\/kabinam.lt\/wp-content\/uploads\/2024\/08\/1685010048471-e67a207694fa408db536847ba1b86da3-goods.jpeg\",\"width\":1200,\"height\":1200,\"caption\":\"Rakt\u0173 pakabukas IT IS TOO PEOPLEY OUTSIDE \u2013 Unikalus aksesuaras\"},{\"@type\":\"BreadcrumbList\",\"@id\":\"https:\/\/kabinam.lt\/eng\/product\/key-fob-it-is-too-peopley-outside\/#breadcrumb\",\"itemListElement\":[{\"@type\":\"ListItem\",\"position\":1,\"name\":\"Home\",\"item\":\"https:\/\/kabinam.lt\/\"},{\"@type\":\"ListItem\",\"position\":2,\"name\":\"Visi Produktai\",\"item\":\"https:\/\/kabinam.lt\/visi-produktai\/\"},{\"@type\":\"ListItem\",\"position\":3,\"name\":\"It is too peopley outside\"}]},{\"@type\":\"WebSite\",\"@id\":\"https:\/\/kabinam.lt\/#website\",\"url\":\"https:\/\/kabinam.lt\/\",\"name\":\"kabinam.lt\",\"description\":\"Kabinam.lt \u2013 raktu pakabukai ir aksesuarai\",\"publisher\":{\"@id\":\"https:\/\/kabinam.lt\/#organization\"},\"alternateName\":\"pakabukai lt\",\"potentialAction\":[{\"@type\":\"SearchAction\",\"target\":{\"@type\":\"EntryPoint\",\"urlTemplate\":\"https:\/\/kabinam.lt\/?s={search_term_string}\"},\"query-input\":{\"@type\":\"PropertyValueSpecification\",\"valueRequired\":true,\"valueName\":\"search_term_string\"}}],\"inLanguage\":\"et\"},{\"@type\":\"Organization\",\"@id\":\"https:\/\/kabinam.lt\/#organization\",\"name\":\"kabinam.lt\",\"alternateName\":\"kabinam\",\"url\":\"https:\/\/kabinam.lt\/\",\"logo\":{\"@type\":\"ImageObject\",\"inLanguage\":\"et\",\"@id\":\"https:\/\/kabinam.lt\/#\/schema\/logo\/image\/\",\"url\":\"https:\/\/kabinam.lt\/wp-content\/uploads\/2025\/05\/KABINAM_outer_glow.png\",\"contentUrl\":\"https:\/\/kabinam.lt\/wp-content\/uploads\/2025\/05\/KABINAM_outer_glow.png\",\"width\":474,\"height\":141,\"caption\":\"kabinam.lt\"},\"image\":{\"@id\":\"https:\/\/kabinam.lt\/#\/schema\/logo\/image\/\"}}]}<\/script>\n<!-- \/ Yoast SEO plugin. -->","yoast_head_json":{"title":"V\u00e4ljal on liiga palju inimesi - kabinam.lt","description":"Pakabukas V\u00e4ljal on liiga palju inimesi \u2013 unikalne musta materjali aksessuaar kollaste \u00e4\u00e4rtega ja naljakate kirjadega. Tugev ja stiilne valik!","robots":{"index":"index","follow":"follow","max-snippet":"max-snippet:-1","max-image-preview":"max-image-preview:large","max-video-preview":"max-video-preview:-1"},"canonical":"https:\/\/kabinam.lt\/et\/toode\/raktu-pakabukas-it-is-too-peopley-outside\/","og_locale":"et_EE","og_type":"article","og_title":"It is too peopley outside - kabinam.lt","og_description":"Pakabukas it is too peopley outside \u2013 unikalus juodos med\u017eiagos aksesuaras su geltonais kra\u0161tais ir humoristiniu u\u017era\u0161u. Tvirtas ir stilingas pasirinkimas!","og_url":"https:\/\/kabinam.lt\/et\/toode\/raktu-pakabukas-it-is-too-peopley-outside\/","og_site_name":"kabinam.lt","article_modified_time":"2026-01-03T16:50:41+00:00","og_image":[{"width":1200,"height":1200,"url":"https:\/\/kabinam.lt\/wp-content\/uploads\/2024\/08\/1685010048471-e67a207694fa408db536847ba1b86da3-goods.jpeg","type":"image\/jpeg"}],"twitter_card":"summary_large_image","twitter_misc":{"Est. reading time":"2 minutit"},"schema":{"@context":"https:\/\/schema.org","@graph":[{"@type":["WebPage","ItemPage"],"@id":"https:\/\/kabinam.lt\/eng\/product\/key-fob-it-is-too-peopley-outside\/","url":"https:\/\/kabinam.lt\/eng\/product\/key-fob-it-is-too-peopley-outside\/","name":"V\u00e4ljal on liiga palju inimesi - kabinam.lt","isPartOf":{"@id":"https:\/\/kabinam.lt\/#website"},"primaryImageOfPage":{"@id":"https:\/\/kabinam.lt\/eng\/product\/key-fob-it-is-too-peopley-outside\/#primaryimage"},"image":{"@id":"https:\/\/kabinam.lt\/eng\/product\/key-fob-it-is-too-peopley-outside\/#primaryimage"},"thumbnailUrl":"https:\/\/kabinam.lt\/wp-content\/uploads\/2024\/08\/1685010048471-e67a207694fa408db536847ba1b86da3-goods.jpeg","datePublished":"2024-08-18T07:04:21+00:00","dateModified":"2026-01-03T16:50:41+00:00","description":"Pakabukas V\u00e4ljal on liiga palju inimesi \u2013 unikalne musta materjali aksessuaar kollaste \u00e4\u00e4rtega ja naljakate kirjadega. Tugev ja stiilne valik!","breadcrumb":{"@id":"https:\/\/kabinam.lt\/eng\/product\/key-fob-it-is-too-peopley-outside\/#breadcrumb"},"inLanguage":"et","potentialAction":[{"@type":"ReadAction","target":["https:\/\/kabinam.lt\/eng\/product\/key-fob-it-is-too-peopley-outside\/"]}]},{"@type":"ImageObject","inLanguage":"et","@id":"https:\/\/kabinam.lt\/eng\/product\/key-fob-it-is-too-peopley-outside\/#primaryimage","url":"https:\/\/kabinam.lt\/wp-content\/uploads\/2024\/08\/1685010048471-e67a207694fa408db536847ba1b86da3-goods.jpeg","contentUrl":"https:\/\/kabinam.lt\/wp-content\/uploads\/2024\/08\/1685010048471-e67a207694fa408db536847ba1b86da3-goods.jpeg","width":1200,"height":1200,"caption":"Rakt\u0173 pakabukas IT IS TOO PEOPLEY OUTSIDE \u2013 Unikalus aksesuaras"},{"@type":"BreadcrumbList","@id":"https:\/\/kabinam.lt\/eng\/product\/key-fob-it-is-too-peopley-outside\/#breadcrumb","itemListElement":[{"@type":"ListItem","position":1,"name":"Home","item":"https:\/\/kabinam.lt\/"},{"@type":"ListItem","position":2,"name":"Visi Produktai","item":"https:\/\/kabinam.lt\/visi-produktai\/"},{"@type":"ListItem","position":3,"name":"It is too peopley outside"}]},{"@type":"WebSite","@id":"https:\/\/kabinam.lt\/#website","url":"https:\/\/kabinam.lt\/","name":"kabinam.lt","description":"Kabinam.lt - v\u00f5tmehoidjad ja aksessuaarid","publisher":{"@id":"https:\/\/kabinam.lt\/#organization"},"alternateName":"pakabukai lt","potentialAction":[{"@type":"SearchAction","target":{"@type":"EntryPoint","urlTemplate":"https:\/\/kabinam.lt\/?s={search_term_string}"},"query-input":{"@type":"PropertyValueSpecification","valueRequired":true,"valueName":"search_term_string"}}],"inLanguage":"et"},{"@type":"Organization","@id":"https:\/\/kabinam.lt\/#organization","name":"kabinam.lt","alternateName":"kabinam","url":"https:\/\/kabinam.lt\/","logo":{"@type":"ImageObject","inLanguage":"et","@id":"https:\/\/kabinam.lt\/#\/schema\/logo\/image\/","url":"https:\/\/kabinam.lt\/wp-content\/uploads\/2025\/05\/KABINAM_outer_glow.png","contentUrl":"https:\/\/kabinam.lt\/wp-content\/uploads\/2025\/05\/KABINAM_outer_glow.png","width":474,"height":141,"caption":"kabinam.lt"},"image":{"@id":"https:\/\/kabinam.lt\/#\/schema\/logo\/image\/"}}]}},"uagb_featured_image_src":{"full":["https:\/\/kabinam.lt\/wp-content\/uploads\/2024\/08\/1685010048471-e67a207694fa408db536847ba1b86da3-goods.jpeg",1200,1200,false],"thumbnail":["https:\/\/kabinam.lt\/wp-content\/uploads\/2024\/08\/1685010048471-e67a207694fa408db536847ba1b86da3-goods-150x150.jpeg",150,150,true],"medium":["https:\/\/kabinam.lt\/wp-content\/uploads\/2024\/08\/1685010048471-e67a207694fa408db536847ba1b86da3-goods-300x300.jpeg",300,300,true],"medium_large":["https:\/\/kabinam.lt\/wp-content\/uploads\/2024\/08\/1685010048471-e67a207694fa408db536847ba1b86da3-goods-768x768.jpeg",768,768,true],"large":["https:\/\/kabinam.lt\/wp-content\/uploads\/2024\/08\/1685010048471-e67a207694fa408db536847ba1b86da3-goods-1024x1024.jpeg",1024,1024,true],"1536x1536":["https:\/\/kabinam.lt\/wp-content\/uploads\/2024\/08\/1685010048471-e67a207694fa408db536847ba1b86da3-goods.jpeg",1200,1200,false],"2048x2048":["https:\/\/kabinam.lt\/wp-content\/uploads\/2024\/08\/1685010048471-e67a207694fa408db536847ba1b86da3-goods.jpeg",1200,1200,false],"trp-custom-language-flag":["https:\/\/kabinam.lt\/wp-content\/uploads\/2024\/08\/1685010048471-e67a207694fa408db536847ba1b86da3-goods.jpeg",12,12,false],"woocommerce_thumbnail":["https:\/\/kabinam.lt\/wp-content\/uploads\/2024\/08\/1685010048471-e67a207694fa408db536847ba1b86da3-goods-300x300.jpeg",300,300,true],"woocommerce_single":["https:\/\/kabinam.lt\/wp-content\/uploads\/2024\/08\/1685010048471-e67a207694fa408db536847ba1b86da3-goods-600x600.jpeg",600,600,true],"woocommerce_gallery_thumbnail":["https:\/\/kabinam.lt\/wp-content\/uploads\/2024\/08\/1685010048471-e67a207694fa408db536847ba1b86da3-goods-100x100.jpeg",100,100,true]},"uagb_author_info":{"display_name":"kabinam.lt","author_link":"https:\/\/kabinam.lt\/et\/author\/"},"uagb_comment_info":0,"uagb_excerpt":"Rakt\u0173 pakabukas it is too peopley outside \u2013 originalus aksesuaras su geltonais kra\u0161tais ir i\u0161siuv\u0117tu humoristiniu u\u017era\u0161u, skirtas tiems, kurie vertina i\u0161skirtinum\u0105.","_links":{"self":[{"href":"https:\/\/kabinam.lt\/et\/wp-json\/wp\/v2\/product\/2813","targetHints":{"allow":["GET"]}}],"collection":[{"href":"https:\/\/kabinam.lt\/et\/wp-json\/wp\/v2\/product"}],"about":[{"href":"https:\/\/kabinam.lt\/et\/wp-json\/wp\/v2\/types\/product"}],"replies":[{"embeddable":true,"href":"https:\/\/kabinam.lt\/et\/wp-json\/wp\/v2\/comments?post=2813"}],"wp:featuredmedia":[{"embeddable":true,"href":"https:\/\/kabinam.lt\/et\/wp-json\/wp\/v2\/media\/2814"}],"wp:attachment":[{"href":"https:\/\/kabinam.lt\/et\/wp-json\/wp\/v2\/media?parent=2813"}],"wp:term":[{"taxonomy":"product_brand","embeddable":true,"href":"https:\/\/kabinam.lt\/et\/wp-json\/wp\/v2\/product_brand?post=2813"},{"taxonomy":"product_cat","embeddable":true,"href":"https:\/\/kabinam.lt\/et\/wp-json\/wp\/v2\/product_cat?post=2813"},{"taxonomy":"product_tag","embeddable":true,"href":"https:\/\/kabinam.lt\/et\/wp-json\/wp\/v2\/product_tag?post=2813"}],"curies":[{"name":"wp","href":"https:\/\/api.w.org\/{rel}","templated":true}]}}