{"id":2800,"date":"2024-08-17T13:14:40","date_gmt":"2024-08-17T10:14:40","guid":{"rendered":"https:\/\/kabinam.lt\/?post_type=product&#038;p=2800"},"modified":"2026-01-23T19:22:09","modified_gmt":"2026-01-23T17:22:09","slug":"pakabukas-eat-sleep-ride-repeat","status":"publish","type":"product","link":"https:\/\/kabinam.lt\/et\/product\/pakabukas-eat-sleep-ride-repeat\/","title":{"rendered":"S\u00fc\u00fca magada s\u00f5ita korrata"},"content":{"rendered":"<div class=\"kk-star-ratings kksr-auto kksr-align-left kksr-valign-top\"\n    data-payload='{&quot;align&quot;:&quot;left&quot;,&quot;id&quot;:&quot;2800&quot;,&quot;slug&quot;:&quot;default&quot;,&quot;valign&quot;:&quot;top&quot;,&quot;ignore&quot;:&quot;&quot;,&quot;reference&quot;:&quot;auto&quot;,&quot;class&quot;:&quot;&quot;,&quot;count&quot;:&quot;0&quot;,&quot;legendonly&quot;:&quot;&quot;,&quot;readonly&quot;:&quot;&quot;,&quot;score&quot;:&quot;0&quot;,&quot;starsonly&quot;:&quot;&quot;,&quot;best&quot;:&quot;5&quot;,&quot;gap&quot;:&quot;5&quot;,&quot;greet&quot;:&quot;Mums svarbus j\u016bs\u0173 \u012fvertinimas&quot;,&quot;legend&quot;:&quot;0\\\/5 - (0 votes)&quot;,&quot;size&quot;:&quot;24&quot;,&quot;title&quot;:&quot;Eat sleep ride repeat&quot;,&quot;width&quot;:&quot;0&quot;,&quot;_legend&quot;:&quot;{score}\\\/{best} - ({count} {votes})&quot;,&quot;font_factor&quot;:&quot;1.25&quot;}'>\n            \n<div class=\"kksr-stars\">\n    \n<div class=\"kksr-stars-inactive\">\n            <div class=\"kksr-star\" data-star=\"1\" style=\"padding-right: 5px\">\n            \n\n<div class=\"kksr-icon\" style=\"width: 24px; height: 24px;\"><\/div>\n        <\/div>\n            <div class=\"kksr-star\" data-star=\"2\" style=\"padding-right: 5px\">\n            \n\n<div class=\"kksr-icon\" style=\"width: 24px; height: 24px;\"><\/div>\n        <\/div>\n            <div class=\"kksr-star\" data-star=\"3\" style=\"padding-right: 5px\">\n            \n\n<div class=\"kksr-icon\" style=\"width: 24px; height: 24px;\"><\/div>\n        <\/div>\n            <div class=\"kksr-star\" data-star=\"4\" style=\"padding-right: 5px\">\n            \n\n<div class=\"kksr-icon\" style=\"width: 24px; height: 24px;\"><\/div>\n        <\/div>\n            <div class=\"kksr-star\" data-star=\"5\" style=\"padding-right: 5px\">\n            \n\n<div class=\"kksr-icon\" style=\"width: 24px; height: 24px;\"><\/div>\n        <\/div>\n    <\/div>\n    \n<div class=\"kksr-stars-active\" style=\"width: 0px;\">\n            <div class=\"kksr-star\" style=\"padding-right: 5px\">\n            \n\n<div class=\"kksr-icon\" style=\"width: 24px; height: 24px;\"><\/div>\n        <\/div>\n            <div class=\"kksr-star\" style=\"padding-right: 5px\">\n            \n\n<div class=\"kksr-icon\" style=\"width: 24px; height: 24px;\"><\/div>\n        <\/div>\n            <div class=\"kksr-star\" style=\"padding-right: 5px\">\n            \n\n<div class=\"kksr-icon\" style=\"width: 24px; height: 24px;\"><\/div>\n        <\/div>\n            <div class=\"kksr-star\" style=\"padding-right: 5px\">\n            \n\n<div class=\"kksr-icon\" style=\"width: 24px; height: 24px;\"><\/div>\n        <\/div>\n            <div class=\"kksr-star\" style=\"padding-right: 5px\">\n            \n\n<div class=\"kksr-icon\" style=\"width: 24px; height: 24px;\"><\/div>\n        <\/div>\n    <\/div>\n<\/div>\n                \n\n<div class=\"kksr-legend\" style=\"font-size: 19.2px;\">\n            <span class=\"kksr-muted\">Teie hinnang on meile oluline<\/span>\n    <\/div>\n    <\/div>\n<h4 data-start=\"63\" data-end=\"87\"><strong data-start=\"68\" data-end=\"85\">Toote kohta<\/strong><\/h4>\n<p data-start=\"88\" data-end=\"1420\">Pakabukas Eat Sleep Ride Repeat \u2013 tai i\u0161skirtinis med\u017eiaginis rakt\u0173 aksesuaras, sukurtas tiems, kurie nori parodyti savo gyvenimo b\u016bd\u0105 ir aistr\u0105 motociklams. \u0160is produktas pagamintas i\u0161 auk\u0161tos kokyb\u0117s tvirtos med\u017eiagos, kurios pagrindas \u2013 juoda, su keturiais i\u0161ry\u0161kintais baltais piktogram\u0173 elementais. Keturios piktogramos simbolizuoja pagrindinius \u0161\u016bkio etapus: valgym\u0105, mieg\u0105, va\u017eiavim\u0105 ir kartojim\u0105. I\u0161siuv\u0117tas tekstas \u201eEAT SLEEP RIDE REPEAT\u201c ai\u0161kiai perteikia motyvuojan\u010di\u0105 \u017einut\u0119, skatinan\u010di\u0105 nuosekl\u0173 ir energing\u0105 gyvenimo b\u016bd\u0105.<br data-start=\"624\" data-end=\"627\" \/>\u0160is pakabukas yra sukurtas specialiai motocikl\u0173 entuziastams, ta\u010diau puikiai tinka ir automobili\u0173 ar nam\u0173 raktams. Unikalus dizainas padeda i\u0161siskirti ir suteikia raktams ne tik funkcionalumo, bet ir asmeni\u0161kumo. Produktas u\u017etikrina, kad raktai b\u016bt\u0173 saugiai pritvirtinti, o jo kompakti\u0161ka konstrukcija leid\u017eia j\u012f ne\u0161iotis kasdien, nepriklausomai nuo j\u016bs\u0173 gyvenimo b\u016bdo. Kiekviena detal\u0117 yra kruop\u0161\u010diai apdorota, siekiant i\u0161laikyti estetin\u012f efektyvum\u0105 ir patvarum\u0105 net po intensyvaus naudojimo.<br data-start=\"1120\" data-end=\"1123\" \/>Jeigu norite su\u017einoti daugiau apie inovatyvius motocikl\u0173 aksesuarus, apsilankykite <a target=\"_new\" rel=\"noopener\" data-start=\"1206\" data-end=\"1273\">V\u00e4lised ressursid<\/a>. Taip pat, m\u016bs\u0173 <a href=\"https:\/\/www.example.com\/products\" target=\"_new\" rel=\"noopener\" data-start=\"1290\" data-end=\"1343\">tootekataloog<\/a> rasite dar daugiau originali\u0173 sprendim\u0173, pritaikyt\u0173 j\u016bs\u0173 asmeniniam stiliui.<\/p>\n<h4 data-start=\"1422\" data-end=\"1461\"><strong data-start=\"1427\" data-end=\"1459\">Funktsionaalsus ja kasutamine<\/strong><\/h4>\n<p data-start=\"1462\" data-end=\"2079\">Pakabukas Eat Sleep Ride Repeat ne tik suteikia stiling\u0105 akcent\u0105, bet ir efektyviai saugo j\u016bs\u0173 raktus. Tvirtas metalinis \u017eiedelis bei integruotas karabinas u\u017etikrina, kad j\u016bs\u0173 rakt\u0173 rinkinys liks saugiai pritvirtintas prie pakabuko. Universalus dydis leid\u017eia \u0161\u012f aksesuar\u0105 naudoti tiek su ma\u017eais, tiek su didesniais rakt\u0173 rinkiniais. Naudojimo procesas yra intuityvus: pakabukas lengvai pritvirtinamas prie kuprin\u0117s, dir\u017eo ar kit\u0173 daikt\u0173, u\u017etikrinant, kad raktai visada b\u016bt\u0173 pasiekiami ir tvarkingi. \u0160is produktas puikiai tinka kasdieniam naudojimui, o jo dizainas \u012fne\u0161a dinami\u0161k\u0105 ir energing\u0105 akcent\u0105 \u012f j\u016bs\u0173 gyvenim\u0105.<\/p>\n<h4 data-start=\"2081\" data-end=\"2110\"><strong data-start=\"2086\" data-end=\"2108\">Disain ja kvaliteet<\/strong><\/h4>\n<p data-start=\"2111\" data-end=\"2728\">Dizainas yra minimalistinis, bet i\u0161skirtinis. Juoda med\u017eiaga su keturiais baltais piktogram\u0173 elementais sukuria ry\u0161k\u0173 kontrast\u0105 ir vizualin\u012f patrauklum\u0105. I\u0161siuv\u0117tas u\u017era\u0161as \u201eEAT SLEEP RIDE REPEAT\u201c atliktas moderniu \u0161riftu, kuris suteikia produktui dr\u0105s\u0173 ir motyvuojant\u012f akcent\u0105. Auk\u0161tos kokyb\u0117s med\u017eiaga u\u017etikrina, kad pakabukas i\u0161liks naujas ir gra\u017eus net po ilgo intensyvaus naudojimo. Kiekviena detal\u0117 yra tiksliai i\u0161dirbta, o tvirtas karabinas garantuoja patikim\u0105 pritvirtinim\u0105. Produktas atitinka \u0161iuolaikini\u0173 aksesuar\u0173 reikalavimus ir yra skirtas tiems, kurie vertina original\u0173 dizain\u0105 bei auk\u0161t\u0105 funkcionalum\u0105.<\/p>\n<h4 data-start=\"2730\" data-end=\"2761\"><strong data-start=\"2735\" data-end=\"2759\">Miks valida?<\/strong><\/h4>\n<p data-start=\"2762\" data-end=\"3278\">Pasirinkus pakabuk\u0105 Eat Sleep Ride Repeat, j\u016bs investuojate \u012f originalum\u0105, kokyb\u0119 ir funkcionalum\u0105. \u0160is aksesuaras saugo j\u016bs\u0173 raktus ir suteikia jiems stiling\u0105 akcent\u0105, atspindint stipri\u0105 gyvenimo b\u016bdo \u017einut\u0119. Jei siekiate, kad j\u016bs\u0173 rakt\u0173 rinkinys b\u016bt\u0173 ne tik saugus, bet ir papildyt\u0173 j\u016bs\u0173 asmenin\u012f stili\u0173, \u0161is pakabukas bus puikus pasirinkimas. Jo dizainas skatina nuosekl\u0173, energing\u0105 ir motyvuojant\u012f po\u017ei\u016br\u012f \u012f gyvenim\u0105. Investuokite \u012f \u0161\u012f produkt\u0105, kad j\u016bs\u0173 raktai spind\u0117t\u0173 unikalumu ir prakti\u0161kumu kiekvien\u0105 dien\u0105.<\/p>","protected":false},"excerpt":{"rendered":"<p>Pakabukas Eat Sleep Ride Repeat \u2013 originalus med\u017eiaginis aksesuaras su u\u017era\u0161u \u201eEAT SLEEP RIDE REPEAT\u201d, juoda spalva su keturiais baltais piktogram\u0173 elementais, puikus pasirinkimas motociklo raktams.<\/p>","protected":false},"featured_media":2802,"comment_status":"closed","ping_status":"closed","template":"","meta":{"_uag_custom_page_level_css":"","site-sidebar-layout":"default","site-content-layout":"","ast-site-content-layout":"default","site-content-style":"default","site-sidebar-style":"default","ast-global-header-display":"","ast-banner-title-visibility":"","ast-main-header-display":"","ast-hfb-above-header-display":"","ast-hfb-below-header-display":"","ast-hfb-mobile-header-display":"","site-post-title":"","ast-breadcrumbs-content":"","ast-featured-img":"","footer-sml-layout":"","ast-disable-related-posts":"","theme-transparent-header-meta":"default","adv-header-id-meta":"","stick-header-meta":"","header-above-stick-meta":"","header-main-stick-meta":"","header-below-stick-meta":"","astra-migrate-meta-layouts":"set","ast-page-background-enabled":"default","ast-page-background-meta":{"desktop":{"background-color":"var(--ast-global-color-4)","background-image":"","background-repeat":"repeat","background-position":"center center","background-size":"auto","background-attachment":"scroll","background-type":"","background-media":"","overlay-type":"","overlay-color":"","overlay-opacity":"","overlay-gradient":""},"tablet":{"background-color":"","background-image":"","background-repeat":"repeat","background-position":"center center","background-size":"auto","background-attachment":"scroll","background-type":"","background-media":"","overlay-type":"","overlay-color":"","overlay-opacity":"","overlay-gradient":""},"mobile":{"background-color":"","background-image":"","background-repeat":"repeat","background-position":"center center","background-size":"auto","background-attachment":"scroll","background-type":"","background-media":"","overlay-type":"","overlay-color":"","overlay-opacity":"","overlay-gradient":""}},"ast-content-background-meta":{"desktop":{"background-color":"var(--ast-global-color-5)","background-image":"","background-repeat":"repeat","background-position":"center center","background-size":"auto","background-attachment":"scroll","background-type":"","background-media":"","overlay-type":"","overlay-color":"","overlay-opacity":"","overlay-gradient":""},"tablet":{"background-color":"var(--ast-global-color-5)","background-image":"","background-repeat":"repeat","background-position":"center center","background-size":"auto","background-attachment":"scroll","background-type":"","background-media":"","overlay-type":"","overlay-color":"","overlay-opacity":"","overlay-gradient":""},"mobile":{"background-color":"var(--ast-global-color-5)","background-image":"","background-repeat":"repeat","background-position":"center center","background-size":"auto","background-attachment":"scroll","background-type":"","background-media":"","overlay-type":"","overlay-color":"","overlay-opacity":"","overlay-gradient":""}}},"product_brand":[],"product_cat":[125,126,91,118],"product_tag":[],"class_list":{"0":"post-2800","1":"product","2":"type-product","3":"status-publish","4":"has-post-thumbnail","6":"product_cat-halloween","7":"product_cat-visi","8":"product_cat-motociklo-raktu-pakabukai","9":"product_cat-dovana-teciui","10":"desktop-align-center","11":"tablet-align-left","12":"mobile-align-left","14":"first","15":"instock","16":"shipping-taxable","17":"purchasable","18":"product-type-simple"},"yoast_head":"<!-- This site is optimized with the Yoast SEO plugin v27.1.1 - https:\/\/yoast.com\/product\/yoast-seo-wordpress\/ -->\n<title>Eat sleep ride repeat - kabinam.lt<\/title>\n<meta name=\"description\" content=\"Pakabukas Eat Sleep Ride Repeat \u2013 unikalus med\u017eiaginis aksesuaras su keturiais baltais piktogramomis ir u\u017era\u0161u, perteikiantis gyvenimo b\u016bdo \u0161\u016bk\u012f. Tvirtas ir stilingas pasirinkimas!\" \/>\n<meta name=\"robots\" content=\"index, follow, max-snippet:-1, max-image-preview:large, max-video-preview:-1\" \/>\n<link rel=\"canonical\" href=\"https:\/\/kabinam.lt\/et\/toode\/pakabukas-eat-sleep-ride-repeat\/\" \/>\n<meta property=\"og:locale\" content=\"et_EE\" \/>\n<meta property=\"og:type\" content=\"article\" \/>\n<meta property=\"og:title\" content=\"Eat sleep ride repeat - kabinam.lt\" \/>\n<meta property=\"og:description\" content=\"Pakabukas Eat Sleep Ride Repeat \u2013 unikalus med\u017eiaginis aksesuaras su keturiais baltais piktogramomis ir u\u017era\u0161u, perteikiantis gyvenimo b\u016bdo \u0161\u016bk\u012f. Tvirtas ir stilingas pasirinkimas!\" \/>\n<meta property=\"og:url\" content=\"https:\/\/kabinam.lt\/et\/toode\/pakabukas-eat-sleep-ride-repeat\/\" \/>\n<meta property=\"og:site_name\" content=\"kabinam.lt\" \/>\n<meta property=\"article:modified_time\" content=\"2026-01-23T17:22:09+00:00\" \/>\n<meta property=\"og:image\" content=\"https:\/\/kabinam.lt\/wp-content\/uploads\/2024\/08\/a67a0997eef5786f2752849cc409e472.jpg\" \/>\n\t<meta property=\"og:image:width\" content=\"800\" \/>\n\t<meta property=\"og:image:height\" content=\"800\" \/>\n\t<meta property=\"og:image:type\" content=\"image\/jpeg\" \/>\n<meta name=\"twitter:card\" content=\"summary_large_image\" \/>\n<meta name=\"twitter:label1\" content=\"Est. reading time\" \/>\n\t<meta name=\"twitter:data1\" content=\"3 minutit\" \/>\n<script type=\"application\/ld+json\" class=\"yoast-schema-graph\">{\"@context\":\"https:\/\/schema.org\",\"@graph\":[{\"@type\":[\"WebPage\",\"ItemPage\"],\"@id\":\"https:\/\/kabinam.lt\/eng\/product\/pakabukas-eat-sleep-ride-repeat\/\",\"url\":\"https:\/\/kabinam.lt\/eng\/product\/pakabukas-eat-sleep-ride-repeat\/\",\"name\":\"Eat sleep ride repeat - kabinam.lt\",\"isPartOf\":{\"@id\":\"https:\/\/kabinam.lt\/#website\"},\"primaryImageOfPage\":{\"@id\":\"https:\/\/kabinam.lt\/eng\/product\/pakabukas-eat-sleep-ride-repeat\/#primaryimage\"},\"image\":{\"@id\":\"https:\/\/kabinam.lt\/eng\/product\/pakabukas-eat-sleep-ride-repeat\/#primaryimage\"},\"thumbnailUrl\":\"https:\/\/kabinam.lt\/wp-content\/uploads\/2024\/08\/a67a0997eef5786f2752849cc409e472.jpg\",\"datePublished\":\"2024-08-17T10:14:40+00:00\",\"dateModified\":\"2026-01-23T17:22:09+00:00\",\"description\":\"Pakabukas Eat Sleep Ride Repeat \u2013 unikalus med\u017eiaginis aksesuaras su keturiais baltais piktogramomis ir u\u017era\u0161u, perteikiantis gyvenimo b\u016bdo \u0161\u016bk\u012f. Tvirtas ir stilingas pasirinkimas!\",\"breadcrumb\":{\"@id\":\"https:\/\/kabinam.lt\/eng\/product\/pakabukas-eat-sleep-ride-repeat\/#breadcrumb\"},\"inLanguage\":\"et\",\"potentialAction\":[{\"@type\":\"ReadAction\",\"target\":[\"https:\/\/kabinam.lt\/eng\/product\/pakabukas-eat-sleep-ride-repeat\/\"]}]},{\"@type\":\"ImageObject\",\"inLanguage\":\"et\",\"@id\":\"https:\/\/kabinam.lt\/eng\/product\/pakabukas-eat-sleep-ride-repeat\/#primaryimage\",\"url\":\"https:\/\/kabinam.lt\/wp-content\/uploads\/2024\/08\/a67a0997eef5786f2752849cc409e472.jpg\",\"contentUrl\":\"https:\/\/kabinam.lt\/wp-content\/uploads\/2024\/08\/a67a0997eef5786f2752849cc409e472.jpg\",\"width\":800,\"height\":800,\"caption\":\"Pakabukas Eat Sleep Ride Repeat \u2013 Gyvenimo B\u016bdo \u0160\u016bkIS\"},{\"@type\":\"BreadcrumbList\",\"@id\":\"https:\/\/kabinam.lt\/eng\/product\/pakabukas-eat-sleep-ride-repeat\/#breadcrumb\",\"itemListElement\":[{\"@type\":\"ListItem\",\"position\":1,\"name\":\"Home\",\"item\":\"https:\/\/kabinam.lt\/\"},{\"@type\":\"ListItem\",\"position\":2,\"name\":\"Visi Produktai\",\"item\":\"https:\/\/kabinam.lt\/visi-produktai\/\"},{\"@type\":\"ListItem\",\"position\":3,\"name\":\"Eat sleep ride repeat\"}]},{\"@type\":\"WebSite\",\"@id\":\"https:\/\/kabinam.lt\/#website\",\"url\":\"https:\/\/kabinam.lt\/\",\"name\":\"kabinam.lt\",\"description\":\"Kabinam.lt \u2013 raktu pakabukai ir aksesuarai\",\"publisher\":{\"@id\":\"https:\/\/kabinam.lt\/#organization\"},\"alternateName\":\"pakabukai lt\",\"potentialAction\":[{\"@type\":\"SearchAction\",\"target\":{\"@type\":\"EntryPoint\",\"urlTemplate\":\"https:\/\/kabinam.lt\/?s={search_term_string}\"},\"query-input\":{\"@type\":\"PropertyValueSpecification\",\"valueRequired\":true,\"valueName\":\"search_term_string\"}}],\"inLanguage\":\"et\"},{\"@type\":\"Organization\",\"@id\":\"https:\/\/kabinam.lt\/#organization\",\"name\":\"kabinam.lt\",\"alternateName\":\"kabinam\",\"url\":\"https:\/\/kabinam.lt\/\",\"logo\":{\"@type\":\"ImageObject\",\"inLanguage\":\"et\",\"@id\":\"https:\/\/kabinam.lt\/#\/schema\/logo\/image\/\",\"url\":\"https:\/\/kabinam.lt\/wp-content\/uploads\/2025\/05\/KABINAM_outer_glow.png\",\"contentUrl\":\"https:\/\/kabinam.lt\/wp-content\/uploads\/2025\/05\/KABINAM_outer_glow.png\",\"width\":474,\"height\":141,\"caption\":\"kabinam.lt\"},\"image\":{\"@id\":\"https:\/\/kabinam.lt\/#\/schema\/logo\/image\/\"}}]}<\/script>\n<!-- \/ Yoast SEO plugin. -->","yoast_head_json":{"title":"S\u00fc\u00f6\u00f6, maga, s\u00f5ida, korda - kabinam.lt","description":"Ripats Eat Sleep Ride Repeat \u2013 unikalne materjalne aksessuaar nelja valge ikooniga ja kirjaga, mis edastab elustiili loosungi. Tugev ja stiilne valik!","robots":{"index":"index","follow":"follow","max-snippet":"max-snippet:-1","max-image-preview":"max-image-preview:large","max-video-preview":"max-video-preview:-1"},"canonical":"https:\/\/kabinam.lt\/et\/toode\/pakabukas-eat-sleep-ride-repeat\/","og_locale":"et_EE","og_type":"article","og_title":"Eat sleep ride repeat - kabinam.lt","og_description":"Pakabukas Eat Sleep Ride Repeat \u2013 unikalus med\u017eiaginis aksesuaras su keturiais baltais piktogramomis ir u\u017era\u0161u, perteikiantis gyvenimo b\u016bdo \u0161\u016bk\u012f. Tvirtas ir stilingas pasirinkimas!","og_url":"https:\/\/kabinam.lt\/et\/toode\/pakabukas-eat-sleep-ride-repeat\/","og_site_name":"kabinam.lt","article_modified_time":"2026-01-23T17:22:09+00:00","og_image":[{"width":800,"height":800,"url":"https:\/\/kabinam.lt\/wp-content\/uploads\/2024\/08\/a67a0997eef5786f2752849cc409e472.jpg","type":"image\/jpeg"}],"twitter_card":"summary_large_image","twitter_misc":{"Est. reading time":"3 minutit"},"schema":{"@context":"https:\/\/schema.org","@graph":[{"@type":["WebPage","ItemPage"],"@id":"https:\/\/kabinam.lt\/eng\/product\/pakabukas-eat-sleep-ride-repeat\/","url":"https:\/\/kabinam.lt\/eng\/product\/pakabukas-eat-sleep-ride-repeat\/","name":"S\u00fc\u00f6\u00f6, maga, s\u00f5ida, korda - kabinam.lt","isPartOf":{"@id":"https:\/\/kabinam.lt\/#website"},"primaryImageOfPage":{"@id":"https:\/\/kabinam.lt\/eng\/product\/pakabukas-eat-sleep-ride-repeat\/#primaryimage"},"image":{"@id":"https:\/\/kabinam.lt\/eng\/product\/pakabukas-eat-sleep-ride-repeat\/#primaryimage"},"thumbnailUrl":"https:\/\/kabinam.lt\/wp-content\/uploads\/2024\/08\/a67a0997eef5786f2752849cc409e472.jpg","datePublished":"2024-08-17T10:14:40+00:00","dateModified":"2026-01-23T17:22:09+00:00","description":"Ripats Eat Sleep Ride Repeat \u2013 unikalne materjalne aksessuaar nelja valge ikooniga ja kirjaga, mis edastab elustiili loosungi. Tugev ja stiilne valik!","breadcrumb":{"@id":"https:\/\/kabinam.lt\/eng\/product\/pakabukas-eat-sleep-ride-repeat\/#breadcrumb"},"inLanguage":"et","potentialAction":[{"@type":"ReadAction","target":["https:\/\/kabinam.lt\/eng\/product\/pakabukas-eat-sleep-ride-repeat\/"]}]},{"@type":"ImageObject","inLanguage":"et","@id":"https:\/\/kabinam.lt\/eng\/product\/pakabukas-eat-sleep-ride-repeat\/#primaryimage","url":"https:\/\/kabinam.lt\/wp-content\/uploads\/2024\/08\/a67a0997eef5786f2752849cc409e472.jpg","contentUrl":"https:\/\/kabinam.lt\/wp-content\/uploads\/2024\/08\/a67a0997eef5786f2752849cc409e472.jpg","width":800,"height":800,"caption":"Pakabukas Eat Sleep Ride Repeat \u2013 Gyvenimo B\u016bdo \u0160\u016bkIS"},{"@type":"BreadcrumbList","@id":"https:\/\/kabinam.lt\/eng\/product\/pakabukas-eat-sleep-ride-repeat\/#breadcrumb","itemListElement":[{"@type":"ListItem","position":1,"name":"Home","item":"https:\/\/kabinam.lt\/"},{"@type":"ListItem","position":2,"name":"Visi Produktai","item":"https:\/\/kabinam.lt\/visi-produktai\/"},{"@type":"ListItem","position":3,"name":"Eat sleep ride repeat"}]},{"@type":"WebSite","@id":"https:\/\/kabinam.lt\/#website","url":"https:\/\/kabinam.lt\/","name":"kabinam.lt","description":"Kabinam.lt - v\u00f5tmehoidjad ja aksessuaarid","publisher":{"@id":"https:\/\/kabinam.lt\/#organization"},"alternateName":"pakabukai lt","potentialAction":[{"@type":"SearchAction","target":{"@type":"EntryPoint","urlTemplate":"https:\/\/kabinam.lt\/?s={search_term_string}"},"query-input":{"@type":"PropertyValueSpecification","valueRequired":true,"valueName":"search_term_string"}}],"inLanguage":"et"},{"@type":"Organization","@id":"https:\/\/kabinam.lt\/#organization","name":"kabinam.lt","alternateName":"kabinam","url":"https:\/\/kabinam.lt\/","logo":{"@type":"ImageObject","inLanguage":"et","@id":"https:\/\/kabinam.lt\/#\/schema\/logo\/image\/","url":"https:\/\/kabinam.lt\/wp-content\/uploads\/2025\/05\/KABINAM_outer_glow.png","contentUrl":"https:\/\/kabinam.lt\/wp-content\/uploads\/2025\/05\/KABINAM_outer_glow.png","width":474,"height":141,"caption":"kabinam.lt"},"image":{"@id":"https:\/\/kabinam.lt\/#\/schema\/logo\/image\/"}}]}},"uagb_featured_image_src":{"full":["https:\/\/kabinam.lt\/wp-content\/uploads\/2024\/08\/a67a0997eef5786f2752849cc409e472.jpg",800,800,false],"thumbnail":["https:\/\/kabinam.lt\/wp-content\/uploads\/2024\/08\/a67a0997eef5786f2752849cc409e472-150x150.jpg",150,150,true],"medium":["https:\/\/kabinam.lt\/wp-content\/uploads\/2024\/08\/a67a0997eef5786f2752849cc409e472-300x300.jpg",300,300,true],"medium_large":["https:\/\/kabinam.lt\/wp-content\/uploads\/2024\/08\/a67a0997eef5786f2752849cc409e472-768x768.jpg",768,768,true],"large":["https:\/\/kabinam.lt\/wp-content\/uploads\/2024\/08\/a67a0997eef5786f2752849cc409e472.jpg",800,800,false],"1536x1536":["https:\/\/kabinam.lt\/wp-content\/uploads\/2024\/08\/a67a0997eef5786f2752849cc409e472.jpg",800,800,false],"2048x2048":["https:\/\/kabinam.lt\/wp-content\/uploads\/2024\/08\/a67a0997eef5786f2752849cc409e472.jpg",800,800,false],"trp-custom-language-flag":["https:\/\/kabinam.lt\/wp-content\/uploads\/2024\/08\/a67a0997eef5786f2752849cc409e472.jpg",12,12,false],"woocommerce_thumbnail":["https:\/\/kabinam.lt\/wp-content\/uploads\/2024\/08\/a67a0997eef5786f2752849cc409e472-300x300.jpg",300,300,true],"woocommerce_single":["https:\/\/kabinam.lt\/wp-content\/uploads\/2024\/08\/a67a0997eef5786f2752849cc409e472-600x600.jpg",600,600,true],"woocommerce_gallery_thumbnail":["https:\/\/kabinam.lt\/wp-content\/uploads\/2024\/08\/a67a0997eef5786f2752849cc409e472-100x100.jpg",100,100,true]},"uagb_author_info":{"display_name":"kabinam.lt","author_link":"https:\/\/kabinam.lt\/et\/author\/"},"uagb_comment_info":0,"uagb_excerpt":"Pakabukas Eat Sleep Ride Repeat \u2013 originalus med\u017eiaginis aksesuaras su u\u017era\u0161u \"EAT SLEEP RIDE REPEAT\", juoda spalva su keturiais baltais piktogram\u0173 elementais, puikus pasirinkimas motociklo raktams.","_links":{"self":[{"href":"https:\/\/kabinam.lt\/et\/wp-json\/wp\/v2\/product\/2800","targetHints":{"allow":["GET"]}}],"collection":[{"href":"https:\/\/kabinam.lt\/et\/wp-json\/wp\/v2\/product"}],"about":[{"href":"https:\/\/kabinam.lt\/et\/wp-json\/wp\/v2\/types\/product"}],"replies":[{"embeddable":true,"href":"https:\/\/kabinam.lt\/et\/wp-json\/wp\/v2\/comments?post=2800"}],"wp:featuredmedia":[{"embeddable":true,"href":"https:\/\/kabinam.lt\/et\/wp-json\/wp\/v2\/media\/2802"}],"wp:attachment":[{"href":"https:\/\/kabinam.lt\/et\/wp-json\/wp\/v2\/media?parent=2800"}],"wp:term":[{"taxonomy":"product_brand","embeddable":true,"href":"https:\/\/kabinam.lt\/et\/wp-json\/wp\/v2\/product_brand?post=2800"},{"taxonomy":"product_cat","embeddable":true,"href":"https:\/\/kabinam.lt\/et\/wp-json\/wp\/v2\/product_cat?post=2800"},{"taxonomy":"product_tag","embeddable":true,"href":"https:\/\/kabinam.lt\/et\/wp-json\/wp\/v2\/product_tag?post=2800"}],"curies":[{"name":"wp","href":"https:\/\/api.w.org\/{rel}","templated":true}]}}