{"id":2787,"date":"2024-08-17T13:05:41","date_gmt":"2024-08-17T10:05:41","guid":{"rendered":"https:\/\/kabinam.lt\/?post_type=product&#038;p=2787"},"modified":"2026-01-18T15:38:21","modified_gmt":"2026-01-18T13:38:21","slug":"moto-voti-kett-freedom-key","status":"publish","type":"product","link":"https:\/\/kabinam.lt\/et\/product\/moto-raktu-pakabukas-freedom-key\/","title":{"rendered":"Moto v\u00f5tmehoidja Freedom Key - lisatarvik v\u00f5tmetele"},"content":{"rendered":"<div class=\"kk-star-ratings kksr-auto kksr-align-left kksr-valign-top\"\n    data-payload='{&quot;align&quot;:&quot;left&quot;,&quot;id&quot;:&quot;2787&quot;,&quot;slug&quot;:&quot;default&quot;,&quot;valign&quot;:&quot;top&quot;,&quot;ignore&quot;:&quot;&quot;,&quot;reference&quot;:&quot;auto&quot;,&quot;class&quot;:&quot;&quot;,&quot;count&quot;:&quot;0&quot;,&quot;legendonly&quot;:&quot;&quot;,&quot;readonly&quot;:&quot;&quot;,&quot;score&quot;:&quot;0&quot;,&quot;starsonly&quot;:&quot;&quot;,&quot;best&quot;:&quot;5&quot;,&quot;gap&quot;:&quot;5&quot;,&quot;greet&quot;:&quot;Mums svarbus j\u016bs\u0173 \u012fvertinimas&quot;,&quot;legend&quot;:&quot;0\\\/5 - (0 votes)&quot;,&quot;size&quot;:&quot;24&quot;,&quot;title&quot;:&quot;Moto rakt\u0173 pakabukas Freedom Key \u2013 Aksesuaras J\u016bs\u0173 Raktams&quot;,&quot;width&quot;:&quot;0&quot;,&quot;_legend&quot;:&quot;{score}\\\/{best} - ({count} {votes})&quot;,&quot;font_factor&quot;:&quot;1.25&quot;}'>\n            \n<div class=\"kksr-stars\">\n    \n<div class=\"kksr-stars-inactive\">\n            <div class=\"kksr-star\" data-star=\"1\" style=\"padding-right: 5px\">\n            \n\n<div class=\"kksr-icon\" style=\"width: 24px; height: 24px;\"><\/div>\n        <\/div>\n            <div class=\"kksr-star\" data-star=\"2\" style=\"padding-right: 5px\">\n            \n\n<div class=\"kksr-icon\" style=\"width: 24px; height: 24px;\"><\/div>\n        <\/div>\n            <div class=\"kksr-star\" data-star=\"3\" style=\"padding-right: 5px\">\n            \n\n<div class=\"kksr-icon\" style=\"width: 24px; height: 24px;\"><\/div>\n        <\/div>\n            <div class=\"kksr-star\" data-star=\"4\" style=\"padding-right: 5px\">\n            \n\n<div class=\"kksr-icon\" style=\"width: 24px; height: 24px;\"><\/div>\n        <\/div>\n            <div class=\"kksr-star\" data-star=\"5\" style=\"padding-right: 5px\">\n            \n\n<div class=\"kksr-icon\" style=\"width: 24px; height: 24px;\"><\/div>\n        <\/div>\n    <\/div>\n    \n<div class=\"kksr-stars-active\" style=\"width: 0px;\">\n            <div class=\"kksr-star\" style=\"padding-right: 5px\">\n            \n\n<div class=\"kksr-icon\" style=\"width: 24px; height: 24px;\"><\/div>\n        <\/div>\n            <div class=\"kksr-star\" style=\"padding-right: 5px\">\n            \n\n<div class=\"kksr-icon\" style=\"width: 24px; height: 24px;\"><\/div>\n        <\/div>\n            <div class=\"kksr-star\" style=\"padding-right: 5px\">\n            \n\n<div class=\"kksr-icon\" style=\"width: 24px; height: 24px;\"><\/div>\n        <\/div>\n            <div class=\"kksr-star\" style=\"padding-right: 5px\">\n            \n\n<div class=\"kksr-icon\" style=\"width: 24px; height: 24px;\"><\/div>\n        <\/div>\n            <div class=\"kksr-star\" style=\"padding-right: 5px\">\n            \n\n<div class=\"kksr-icon\" style=\"width: 24px; height: 24px;\"><\/div>\n        <\/div>\n    <\/div>\n<\/div>\n                \n\n<div class=\"kksr-legend\" style=\"font-size: 19.2px;\">\n            <span class=\"kksr-muted\">Teie hinnang on meile oluline<\/span>\n    <\/div>\n    <\/div>\n<h4 class=\"\" data-start=\"80\" data-end=\"104\"><strong data-start=\"85\" data-end=\"102\">Toote kohta<\/strong><\/h4>\n<p class=\"\" data-start=\"105\" data-end=\"725\">Moto rakt\u0173 pakabukas Freedom Key yra originalus aksesuaras, sukurtas motocikl\u0173 entuziastams, kurie vertina laisv\u0117s ir nepriklausomyb\u0117s jausm\u0105. \u0160is pakabukas pagamintas i\u0161 auk\u0161tos kokyb\u0117s med\u017eiag\u0173, u\u017etikrinan\u010di\u0173 ilgaam\u017ei\u0161kum\u0105 ir patikimum\u0105 net po intensyvaus kasdienio naudojimo. Pagrindin\u0117 med\u017eiaga yra tvirta juoda, kuri suteikia aksesuarui modern\u0173 ir eleganti\u0161k\u0105 \u012fvaizd\u012f. Ant pakabuko ai\u0161kiai matomas u\u017era\u0161as \u201eFREEDOM KEY\u201c yra i\u0161graviruotas baltu \u0161riftu, kuris kontrastuojasi su tamsiu fonu. Fokusin\u0117 fraz\u0117 \u2013 <strong data-start=\"616\" data-end=\"652\">moto rakt\u0173 pakabukas freedom key<\/strong> \u2013 yra \u012ftraukta \u012f produkt\u0105, atspindinti laisv\u0117s id\u0117j\u0105 ir asmenin\u012f stili\u0173.<\/p>\n<p class=\"\" data-start=\"727\" data-end=\"1094\">\u0160is aksesuaras yra sukurtas siekiant ne tik apsaugoti j\u016bs\u0173 raktus, bet ir pabr\u0117\u017eti j\u016bs\u0173 aistr\u0105 motociklams bei laisvei. Produkto dizainas yra minimalistinis, ta\u010diau i\u0161skirtinis, ir puikiai dera tiek su motocikl\u0173, tiek su automobili\u0173 ar nam\u0173 rakt\u0173 rinkiniais. Moto rakt\u0173 pakabukas Freedom Key tinka ir kaip dovanos variantas tiems, kurie vertina kokyb\u0119 ir originalum\u0105.<\/p>\n<h4 class=\"\" data-start=\"1096\" data-end=\"1135\"><strong data-start=\"1101\" data-end=\"1133\">Funktsionaalsus ja kasutamine<\/strong><\/h4>\n<p class=\"\" data-start=\"1136\" data-end=\"1584\">Moto rakt\u0173 pakabukas Freedom Key saugo j\u016bs\u0173 raktus patikimai. Tvirtas metalinis \u017eiedelis u\u017etikrina, kad raktai bus saugiai pritvirtinti prie pakabuko. Integruotas karabinas leid\u017eia greitai ir patogiai pritvirtinti aksesuar\u0105 prie kuprin\u0117s, dir\u017eo ar kito asmens daikto. Universalus dizainas tinka \u012fvairaus dyd\u017eio rakt\u0173 komplektams. Naudojimo procesas yra intuityvus, o pakabukas i\u0161laiko savo form\u0105 ir kontrast\u0105 net po intensyvaus kasdienio naudojimo.<\/p>\n<h4 class=\"\" data-start=\"1586\" data-end=\"1615\"><strong data-start=\"1591\" data-end=\"1613\">Disain ja kvaliteet<\/strong><\/h4>\n<p class=\"\" data-start=\"1616\" data-end=\"2171\">Dizainas yra modernus ir subtilus. Juoda med\u017eiaga kartu su baltu i\u0161graviruotu u\u017era\u0161u suteikia aksesuarui elegancijos. Pakabukas Freedom Key pasi\u017eymi itin tiksliu graviravimu, kuris u\u017etikrina, kad tekstas i\u0161liks ai\u0161kus ir matomas ilg\u0105 laik\u0105. Minimalistinis dizainas pabr\u0117\u017eia laisv\u0117s tem\u0105, o tvirtas tvirtinimo mechanizmas \u2013 metalinis \u017eiedelis ir karabinas \u2013 garantuoja, kad pakabukas neatsiskleis net po ilgo naudojimo. Auk\u0161tos kokyb\u0117s med\u017eiagos u\u017etikrina, kad produktas atsparus nusid\u0117v\u0117jimui ir i\u0161laiko savo i\u0161vaizd\u0105 net intensyviai naudojant.<\/p>\n<h4 class=\"\" data-start=\"2173\" data-end=\"2204\"><strong data-start=\"2178\" data-end=\"2202\">Miks valida?<\/strong><\/h4>\n<p class=\"\" data-start=\"2205\" data-end=\"2776\">Investuodami \u012f moto rakt\u0173 pakabuk\u0105 Freedom Key, j\u016bs pasirenkate funkcionalum\u0105, originalum\u0105 ir stili\u0173. \u0160is <strong data-start=\"2311\" data-end=\"2347\">moto rakt\u0173 pakabukas<\/strong>\u00a0ne tik saugo j\u016bs\u0173 raktus, bet ir perteikia id\u0117j\u0105 apie laisv\u0119 bei nepriklausomyb\u0119. Jo i\u0161skirtinis dizainas ir tvirtas konstruktas u\u017etikrina, kad aksesuaras tarnaus ilgai. Jei norite, kad j\u016bs\u0173 raktai spind\u0117t\u0173 stiliumi ir i\u0161skirtiniu akcentu, Freedom Key yra puikus pasirinkimas. Jis tinka tiek kasdieniam naudojimui, tiek kaip dovana motocikl\u0173 entuziastui. Pasirinkite \u0161\u012f produkt\u0105 ir parodykite savo meil\u0119 laisvei bei motociklams.<\/p>\n<p class=\"\" data-start=\"2778\" data-end=\"2999\">Et rohkem teada viimastest v\u00f5tmehoidlahendustest, k\u00fclastage <a target=\"_new\" rel=\"noopener\" data-start=\"2860\" data-end=\"2921\">V\u00e4lised ressursid<\/a> v\u00f5i vaadake meie <a class=\"\" href=\"https:\/\/www.example.com\/products\" target=\"_new\" rel=\"noopener\" data-start=\"2945\" data-end=\"2998\">tootekataloog<\/a>.<\/p>","protected":false},"excerpt":{"rendered":"<p>Moto rakt\u0173 pakabukas Freedom Key \u2013 originalus aksesuaras su juoda med\u017eiaga ir baltu u\u017era\u0161u, pabr\u0117\u017eiantis laisv\u0117s ir nepriklausomyb\u0117s id\u0117j\u0105.<\/p>","protected":false},"featured_media":2790,"comment_status":"closed","ping_status":"closed","template":"","meta":{"_uag_custom_page_level_css":"","site-sidebar-layout":"default","site-content-layout":"","ast-site-content-layout":"default","site-content-style":"default","site-sidebar-style":"default","ast-global-header-display":"","ast-banner-title-visibility":"","ast-main-header-display":"","ast-hfb-above-header-display":"","ast-hfb-below-header-display":"","ast-hfb-mobile-header-display":"","site-post-title":"","ast-breadcrumbs-content":"","ast-featured-img":"","footer-sml-layout":"","ast-disable-related-posts":"","theme-transparent-header-meta":"default","adv-header-id-meta":"","stick-header-meta":"","header-above-stick-meta":"","header-main-stick-meta":"","header-below-stick-meta":"","astra-migrate-meta-layouts":"set","ast-page-background-enabled":"default","ast-page-background-meta":{"desktop":{"background-color":"var(--ast-global-color-4)","background-image":"","background-repeat":"repeat","background-position":"center center","background-size":"auto","background-attachment":"scroll","background-type":"","background-media":"","overlay-type":"","overlay-color":"","overlay-opacity":"","overlay-gradient":""},"tablet":{"background-color":"","background-image":"","background-repeat":"repeat","background-position":"center center","background-size":"auto","background-attachment":"scroll","background-type":"","background-media":"","overlay-type":"","overlay-color":"","overlay-opacity":"","overlay-gradient":""},"mobile":{"background-color":"","background-image":"","background-repeat":"repeat","background-position":"center center","background-size":"auto","background-attachment":"scroll","background-type":"","background-media":"","overlay-type":"","overlay-color":"","overlay-opacity":"","overlay-gradient":""}},"ast-content-background-meta":{"desktop":{"background-color":"var(--ast-global-color-5)","background-image":"","background-repeat":"repeat","background-position":"center center","background-size":"auto","background-attachment":"scroll","background-type":"","background-media":"","overlay-type":"","overlay-color":"","overlay-opacity":"","overlay-gradient":""},"tablet":{"background-color":"var(--ast-global-color-5)","background-image":"","background-repeat":"repeat","background-position":"center center","background-size":"auto","background-attachment":"scroll","background-type":"","background-media":"","overlay-type":"","overlay-color":"","overlay-opacity":"","overlay-gradient":""},"mobile":{"background-color":"var(--ast-global-color-5)","background-image":"","background-repeat":"repeat","background-position":"center center","background-size":"auto","background-attachment":"scroll","background-type":"","background-media":"","overlay-type":"","overlay-color":"","overlay-opacity":"","overlay-gradient":""}}},"product_brand":[],"product_cat":[125,126,91,118],"product_tag":[],"class_list":{"0":"post-2787","1":"product","2":"type-product","3":"status-publish","4":"has-post-thumbnail","6":"product_cat-halloween","7":"product_cat-visi","8":"product_cat-motociklo-raktu-pakabukai","9":"product_cat-dovana-teciui","10":"desktop-align-center","11":"tablet-align-left","12":"mobile-align-left","14":"first","15":"instock","16":"shipping-taxable","17":"purchasable","18":"product-type-variable"},"yoast_head":"<!-- This site is optimized with the Yoast SEO plugin v27.1.1 - https:\/\/yoast.com\/product\/yoast-seo-wordpress\/ -->\n<title>Moto rakt\u0173 pakabukas Freedom Key \u2013 Aksesuaras J\u016bs\u0173 Raktams<\/title>\n<meta name=\"description\" content=\"Moto rakt\u0173 pakabukas Freedom Key \u2013 modernus ir tvirtas aksesuaras su baltu u\u017era\u0161u &quot;FREEDOM KEY&quot;. Puikus pasirinkimas raktams!\" \/>\n<meta name=\"robots\" content=\"index, follow, max-snippet:-1, max-image-preview:large, max-video-preview:-1\" \/>\n<link rel=\"canonical\" href=\"https:\/\/kabinam.lt\/et\/toode\/moto-voti-kett-freedom-key\/\" \/>\n<meta property=\"og:locale\" content=\"et_EE\" \/>\n<meta property=\"og:type\" content=\"article\" \/>\n<meta property=\"og:title\" content=\"Moto rakt\u0173 pakabukas Freedom Key \u2013 Aksesuaras J\u016bs\u0173 Raktams\" \/>\n<meta property=\"og:description\" content=\"Moto rakt\u0173 pakabukas Freedom Key \u2013 modernus ir tvirtas aksesuaras su baltu u\u017era\u0161u &quot;FREEDOM KEY&quot;. Puikus pasirinkimas raktams!\" \/>\n<meta property=\"og:url\" content=\"https:\/\/kabinam.lt\/et\/toode\/moto-voti-kett-freedom-key\/\" \/>\n<meta property=\"og:site_name\" content=\"kabinam.lt\" \/>\n<meta property=\"article:modified_time\" content=\"2026-01-18T13:38:21+00:00\" \/>\n<meta property=\"og:image\" content=\"https:\/\/kabinam.lt\/wp-content\/uploads\/2024\/08\/80f5dd70-d6fb-47ae-b77c-b71c8deb5faa-e1723889208210.jpg\" \/>\n\t<meta property=\"og:image:width\" content=\"800\" \/>\n\t<meta property=\"og:image:height\" content=\"713\" \/>\n\t<meta property=\"og:image:type\" content=\"image\/jpeg\" \/>\n<meta name=\"twitter:card\" content=\"summary_large_image\" \/>\n<meta name=\"twitter:label1\" content=\"Est. reading time\" \/>\n\t<meta name=\"twitter:data1\" content=\"3 minutit\" \/>\n<script type=\"application\/ld+json\" class=\"yoast-schema-graph\">{\"@context\":\"https:\/\/schema.org\",\"@graph\":[{\"@type\":[\"WebPage\",\"ItemPage\"],\"@id\":\"https:\/\/kabinam.lt\/eng\/product\/moto-key-pendant-freedom-key\/\",\"url\":\"https:\/\/kabinam.lt\/eng\/product\/moto-key-pendant-freedom-key\/\",\"name\":\"Moto rakt\u0173 pakabukas Freedom Key \u2013 Aksesuaras J\u016bs\u0173 Raktams\",\"isPartOf\":{\"@id\":\"https:\/\/kabinam.lt\/#website\"},\"primaryImageOfPage\":{\"@id\":\"https:\/\/kabinam.lt\/eng\/product\/moto-key-pendant-freedom-key\/#primaryimage\"},\"image\":{\"@id\":\"https:\/\/kabinam.lt\/eng\/product\/moto-key-pendant-freedom-key\/#primaryimage\"},\"thumbnailUrl\":\"https:\/\/kabinam.lt\/wp-content\/uploads\/2024\/08\/80f5dd70-d6fb-47ae-b77c-b71c8deb5faa-e1723889208210.jpg\",\"datePublished\":\"2024-08-17T10:05:41+00:00\",\"dateModified\":\"2026-01-18T13:38:21+00:00\",\"description\":\"Moto rakt\u0173 pakabukas Freedom Key \u2013 modernus ir tvirtas aksesuaras su baltu u\u017era\u0161u \\\"FREEDOM KEY\\\". Puikus pasirinkimas raktams!\",\"breadcrumb\":{\"@id\":\"https:\/\/kabinam.lt\/eng\/product\/moto-key-pendant-freedom-key\/#breadcrumb\"},\"inLanguage\":\"et\",\"potentialAction\":[{\"@type\":\"ReadAction\",\"target\":[\"https:\/\/kabinam.lt\/eng\/product\/moto-key-pendant-freedom-key\/\"]}]},{\"@type\":\"ImageObject\",\"inLanguage\":\"et\",\"@id\":\"https:\/\/kabinam.lt\/eng\/product\/moto-key-pendant-freedom-key\/#primaryimage\",\"url\":\"https:\/\/kabinam.lt\/wp-content\/uploads\/2024\/08\/80f5dd70-d6fb-47ae-b77c-b71c8deb5faa-e1723889208210.jpg\",\"contentUrl\":\"https:\/\/kabinam.lt\/wp-content\/uploads\/2024\/08\/80f5dd70-d6fb-47ae-b77c-b71c8deb5faa-e1723889208210.jpg\",\"width\":800,\"height\":713,\"caption\":\"Moto rakt\u0173 pakabukas Freedom Key \u2013 Dr\u0105sus ir Modernus Aksesuaras\"},{\"@type\":\"BreadcrumbList\",\"@id\":\"https:\/\/kabinam.lt\/eng\/product\/moto-key-pendant-freedom-key\/#breadcrumb\",\"itemListElement\":[{\"@type\":\"ListItem\",\"position\":1,\"name\":\"Home\",\"item\":\"https:\/\/kabinam.lt\/\"},{\"@type\":\"ListItem\",\"position\":2,\"name\":\"Visi Produktai\",\"item\":\"https:\/\/kabinam.lt\/visi-produktai\/\"},{\"@type\":\"ListItem\",\"position\":3,\"name\":\"Moto rakt\u0173 pakabukas Freedom Key \u2013 Aksesuaras J\u016bs\u0173 Raktams\"}]},{\"@type\":\"WebSite\",\"@id\":\"https:\/\/kabinam.lt\/#website\",\"url\":\"https:\/\/kabinam.lt\/\",\"name\":\"kabinam.lt\",\"description\":\"Kabinam.lt \u2013 raktu pakabukai ir aksesuarai\",\"publisher\":{\"@id\":\"https:\/\/kabinam.lt\/#organization\"},\"alternateName\":\"pakabukai lt\",\"potentialAction\":[{\"@type\":\"SearchAction\",\"target\":{\"@type\":\"EntryPoint\",\"urlTemplate\":\"https:\/\/kabinam.lt\/?s={search_term_string}\"},\"query-input\":{\"@type\":\"PropertyValueSpecification\",\"valueRequired\":true,\"valueName\":\"search_term_string\"}}],\"inLanguage\":\"et\"},{\"@type\":\"Organization\",\"@id\":\"https:\/\/kabinam.lt\/#organization\",\"name\":\"kabinam.lt\",\"alternateName\":\"kabinam\",\"url\":\"https:\/\/kabinam.lt\/\",\"logo\":{\"@type\":\"ImageObject\",\"inLanguage\":\"et\",\"@id\":\"https:\/\/kabinam.lt\/#\/schema\/logo\/image\/\",\"url\":\"https:\/\/kabinam.lt\/wp-content\/uploads\/2025\/05\/KABINAM_outer_glow.png\",\"contentUrl\":\"https:\/\/kabinam.lt\/wp-content\/uploads\/2025\/05\/KABINAM_outer_glow.png\",\"width\":474,\"height\":141,\"caption\":\"kabinam.lt\"},\"image\":{\"@id\":\"https:\/\/kabinam.lt\/#\/schema\/logo\/image\/\"}}]}<\/script>\n<!-- \/ Yoast SEO plugin. -->","yoast_head_json":{"title":"Moto v\u00f5tmehoidja Freedom Key - lisatarvik v\u00f5tmetele","description":"Moto v\u00f5tmehoidja Freedom Key \u2013 modernne ja vastupidane aksessuaar valge kirjega \"FREEDOM KEY\". Suurep\u00e4rane valik v\u00f5tmetele!","robots":{"index":"index","follow":"follow","max-snippet":"max-snippet:-1","max-image-preview":"max-image-preview:large","max-video-preview":"max-video-preview:-1"},"canonical":"https:\/\/kabinam.lt\/et\/toode\/moto-voti-kett-freedom-key\/","og_locale":"et_EE","og_type":"article","og_title":"Moto rakt\u0173 pakabukas Freedom Key \u2013 Aksesuaras J\u016bs\u0173 Raktams","og_description":"Moto rakt\u0173 pakabukas Freedom Key \u2013 modernus ir tvirtas aksesuaras su baltu u\u017era\u0161u \"FREEDOM KEY\". Puikus pasirinkimas raktams!","og_url":"https:\/\/kabinam.lt\/et\/toode\/moto-voti-kett-freedom-key\/","og_site_name":"kabinam.lt","article_modified_time":"2026-01-18T13:38:21+00:00","og_image":[{"width":800,"height":713,"url":"https:\/\/kabinam.lt\/wp-content\/uploads\/2024\/08\/80f5dd70-d6fb-47ae-b77c-b71c8deb5faa-e1723889208210.jpg","type":"image\/jpeg"}],"twitter_card":"summary_large_image","twitter_misc":{"Est. reading time":"3 minutit"},"schema":{"@context":"https:\/\/schema.org","@graph":[{"@type":["WebPage","ItemPage"],"@id":"https:\/\/kabinam.lt\/eng\/product\/moto-key-pendant-freedom-key\/","url":"https:\/\/kabinam.lt\/eng\/product\/moto-key-pendant-freedom-key\/","name":"Moto v\u00f5tmehoidja Freedom Key - lisatarvik v\u00f5tmetele","isPartOf":{"@id":"https:\/\/kabinam.lt\/#website"},"primaryImageOfPage":{"@id":"https:\/\/kabinam.lt\/eng\/product\/moto-key-pendant-freedom-key\/#primaryimage"},"image":{"@id":"https:\/\/kabinam.lt\/eng\/product\/moto-key-pendant-freedom-key\/#primaryimage"},"thumbnailUrl":"https:\/\/kabinam.lt\/wp-content\/uploads\/2024\/08\/80f5dd70-d6fb-47ae-b77c-b71c8deb5faa-e1723889208210.jpg","datePublished":"2024-08-17T10:05:41+00:00","dateModified":"2026-01-18T13:38:21+00:00","description":"Moto v\u00f5tmehoidja Freedom Key \u2013 modernne ja vastupidane aksessuaar valge kirjega \"FREEDOM KEY\". Suurep\u00e4rane valik v\u00f5tmetele!","breadcrumb":{"@id":"https:\/\/kabinam.lt\/eng\/product\/moto-key-pendant-freedom-key\/#breadcrumb"},"inLanguage":"et","potentialAction":[{"@type":"ReadAction","target":["https:\/\/kabinam.lt\/eng\/product\/moto-key-pendant-freedom-key\/"]}]},{"@type":"ImageObject","inLanguage":"et","@id":"https:\/\/kabinam.lt\/eng\/product\/moto-key-pendant-freedom-key\/#primaryimage","url":"https:\/\/kabinam.lt\/wp-content\/uploads\/2024\/08\/80f5dd70-d6fb-47ae-b77c-b71c8deb5faa-e1723889208210.jpg","contentUrl":"https:\/\/kabinam.lt\/wp-content\/uploads\/2024\/08\/80f5dd70-d6fb-47ae-b77c-b71c8deb5faa-e1723889208210.jpg","width":800,"height":713,"caption":"Moto rakt\u0173 pakabukas Freedom Key \u2013 Dr\u0105sus ir Modernus Aksesuaras"},{"@type":"BreadcrumbList","@id":"https:\/\/kabinam.lt\/eng\/product\/moto-key-pendant-freedom-key\/#breadcrumb","itemListElement":[{"@type":"ListItem","position":1,"name":"Home","item":"https:\/\/kabinam.lt\/"},{"@type":"ListItem","position":2,"name":"Visi Produktai","item":"https:\/\/kabinam.lt\/visi-produktai\/"},{"@type":"ListItem","position":3,"name":"Moto rakt\u0173 pakabukas Freedom Key \u2013 Aksesuaras J\u016bs\u0173 Raktams"}]},{"@type":"WebSite","@id":"https:\/\/kabinam.lt\/#website","url":"https:\/\/kabinam.lt\/","name":"kabinam.lt","description":"Kabinam.lt - v\u00f5tmehoidjad ja aksessuaarid","publisher":{"@id":"https:\/\/kabinam.lt\/#organization"},"alternateName":"pakabukai lt","potentialAction":[{"@type":"SearchAction","target":{"@type":"EntryPoint","urlTemplate":"https:\/\/kabinam.lt\/?s={search_term_string}"},"query-input":{"@type":"PropertyValueSpecification","valueRequired":true,"valueName":"search_term_string"}}],"inLanguage":"et"},{"@type":"Organization","@id":"https:\/\/kabinam.lt\/#organization","name":"kabinam.lt","alternateName":"kabinam","url":"https:\/\/kabinam.lt\/","logo":{"@type":"ImageObject","inLanguage":"et","@id":"https:\/\/kabinam.lt\/#\/schema\/logo\/image\/","url":"https:\/\/kabinam.lt\/wp-content\/uploads\/2025\/05\/KABINAM_outer_glow.png","contentUrl":"https:\/\/kabinam.lt\/wp-content\/uploads\/2025\/05\/KABINAM_outer_glow.png","width":474,"height":141,"caption":"kabinam.lt"},"image":{"@id":"https:\/\/kabinam.lt\/#\/schema\/logo\/image\/"}}]}},"uagb_featured_image_src":{"full":["https:\/\/kabinam.lt\/wp-content\/uploads\/2024\/08\/80f5dd70-d6fb-47ae-b77c-b71c8deb5faa-e1723889208210.jpg",800,713,false],"thumbnail":["https:\/\/kabinam.lt\/wp-content\/uploads\/2024\/08\/80f5dd70-d6fb-47ae-b77c-b71c8deb5faa-e1723889208210-150x150.jpg",150,150,true],"medium":["https:\/\/kabinam.lt\/wp-content\/uploads\/2024\/08\/80f5dd70-d6fb-47ae-b77c-b71c8deb5faa-e1723889208210-300x267.jpg",300,267,true],"medium_large":["https:\/\/kabinam.lt\/wp-content\/uploads\/2024\/08\/80f5dd70-d6fb-47ae-b77c-b71c8deb5faa-e1723889208210-768x684.jpg",768,684,true],"large":["https:\/\/kabinam.lt\/wp-content\/uploads\/2024\/08\/80f5dd70-d6fb-47ae-b77c-b71c8deb5faa-e1723889208210.jpg",800,713,false],"1536x1536":["https:\/\/kabinam.lt\/wp-content\/uploads\/2024\/08\/80f5dd70-d6fb-47ae-b77c-b71c8deb5faa-e1723889208210.jpg",800,713,false],"2048x2048":["https:\/\/kabinam.lt\/wp-content\/uploads\/2024\/08\/80f5dd70-d6fb-47ae-b77c-b71c8deb5faa-e1723889208210.jpg",800,713,false],"trp-custom-language-flag":["https:\/\/kabinam.lt\/wp-content\/uploads\/2024\/08\/80f5dd70-d6fb-47ae-b77c-b71c8deb5faa-e1723889208210.jpg",13,12,false],"woocommerce_thumbnail":["https:\/\/kabinam.lt\/wp-content\/uploads\/2024\/08\/80f5dd70-d6fb-47ae-b77c-b71c8deb5faa-e1723889208210-300x300.jpg",300,300,true],"woocommerce_single":["https:\/\/kabinam.lt\/wp-content\/uploads\/2024\/08\/80f5dd70-d6fb-47ae-b77c-b71c8deb5faa-e1723889208210-600x535.jpg",600,535,true],"woocommerce_gallery_thumbnail":["https:\/\/kabinam.lt\/wp-content\/uploads\/2024\/08\/80f5dd70-d6fb-47ae-b77c-b71c8deb5faa-e1723889208210-100x100.jpg",100,100,true]},"uagb_author_info":{"display_name":"kabinam.lt","author_link":"https:\/\/kabinam.lt\/et\/author\/"},"uagb_comment_info":0,"uagb_excerpt":"Moto rakt\u0173 pakabukas Freedom Key \u2013 originalus aksesuaras su juoda med\u017eiaga ir baltu u\u017era\u0161u, pabr\u0117\u017eiantis laisv\u0117s ir nepriklausomyb\u0117s id\u0117j\u0105.","_links":{"self":[{"href":"https:\/\/kabinam.lt\/et\/wp-json\/wp\/v2\/product\/2787","targetHints":{"allow":["GET"]}}],"collection":[{"href":"https:\/\/kabinam.lt\/et\/wp-json\/wp\/v2\/product"}],"about":[{"href":"https:\/\/kabinam.lt\/et\/wp-json\/wp\/v2\/types\/product"}],"replies":[{"embeddable":true,"href":"https:\/\/kabinam.lt\/et\/wp-json\/wp\/v2\/comments?post=2787"}],"wp:featuredmedia":[{"embeddable":true,"href":"https:\/\/kabinam.lt\/et\/wp-json\/wp\/v2\/media\/2790"}],"wp:attachment":[{"href":"https:\/\/kabinam.lt\/et\/wp-json\/wp\/v2\/media?parent=2787"}],"wp:term":[{"taxonomy":"product_brand","embeddable":true,"href":"https:\/\/kabinam.lt\/et\/wp-json\/wp\/v2\/product_brand?post=2787"},{"taxonomy":"product_cat","embeddable":true,"href":"https:\/\/kabinam.lt\/et\/wp-json\/wp\/v2\/product_cat?post=2787"},{"taxonomy":"product_tag","embeddable":true,"href":"https:\/\/kabinam.lt\/et\/wp-json\/wp\/v2\/product_tag?post=2787"}],"curies":[{"name":"wp","href":"https:\/\/api.w.org\/{rel}","templated":true}]}}