{"id":2700,"date":"2024-08-17T11:27:55","date_gmt":"2024-08-17T08:27:55","guid":{"rendered":"https:\/\/kabinam.lt\/?post_type=product&#038;p=2700"},"modified":"2026-01-18T16:21:35","modified_gmt":"2026-01-18T14:21:35","slug":"teniso-raketes-pakabukas","status":"publish","type":"product","link":"https:\/\/kabinam.lt\/et\/product\/teniso-raketes-pakabukas\/","title":{"rendered":"Tennisem\u00e4ngu ripats - ideaalne valik spordis\u00f5pradele"},"content":{"rendered":"<div class=\"kk-star-ratings kksr-auto kksr-align-left kksr-valign-top\"\n    data-payload='{&quot;align&quot;:&quot;left&quot;,&quot;id&quot;:&quot;2700&quot;,&quot;slug&quot;:&quot;default&quot;,&quot;valign&quot;:&quot;top&quot;,&quot;ignore&quot;:&quot;&quot;,&quot;reference&quot;:&quot;auto&quot;,&quot;class&quot;:&quot;&quot;,&quot;count&quot;:&quot;0&quot;,&quot;legendonly&quot;:&quot;&quot;,&quot;readonly&quot;:&quot;&quot;,&quot;score&quot;:&quot;0&quot;,&quot;starsonly&quot;:&quot;&quot;,&quot;best&quot;:&quot;5&quot;,&quot;gap&quot;:&quot;5&quot;,&quot;greet&quot;:&quot;Mums svarbus j\u016bs\u0173 \u012fvertinimas&quot;,&quot;legend&quot;:&quot;0\\\/5 - (0 votes)&quot;,&quot;size&quot;:&quot;24&quot;,&quot;title&quot;:&quot;Teniso raket\u0117s pakabukas \u2013 puikus pasirinkimas sporto m\u0117g\u0117jams&quot;,&quot;width&quot;:&quot;0&quot;,&quot;_legend&quot;:&quot;{score}\\\/{best} - ({count} {votes})&quot;,&quot;font_factor&quot;:&quot;1.25&quot;}'>\n            \n<div class=\"kksr-stars\">\n    \n<div class=\"kksr-stars-inactive\">\n            <div class=\"kksr-star\" data-star=\"1\" style=\"padding-right: 5px\">\n            \n\n<div class=\"kksr-icon\" style=\"width: 24px; height: 24px;\"><\/div>\n        <\/div>\n            <div class=\"kksr-star\" data-star=\"2\" style=\"padding-right: 5px\">\n            \n\n<div class=\"kksr-icon\" style=\"width: 24px; height: 24px;\"><\/div>\n        <\/div>\n            <div class=\"kksr-star\" data-star=\"3\" style=\"padding-right: 5px\">\n            \n\n<div class=\"kksr-icon\" style=\"width: 24px; height: 24px;\"><\/div>\n        <\/div>\n            <div class=\"kksr-star\" data-star=\"4\" style=\"padding-right: 5px\">\n            \n\n<div class=\"kksr-icon\" style=\"width: 24px; height: 24px;\"><\/div>\n        <\/div>\n            <div class=\"kksr-star\" data-star=\"5\" style=\"padding-right: 5px\">\n            \n\n<div class=\"kksr-icon\" style=\"width: 24px; height: 24px;\"><\/div>\n        <\/div>\n    <\/div>\n    \n<div class=\"kksr-stars-active\" style=\"width: 0px;\">\n            <div class=\"kksr-star\" style=\"padding-right: 5px\">\n            \n\n<div class=\"kksr-icon\" style=\"width: 24px; height: 24px;\"><\/div>\n        <\/div>\n            <div class=\"kksr-star\" style=\"padding-right: 5px\">\n            \n\n<div class=\"kksr-icon\" style=\"width: 24px; height: 24px;\"><\/div>\n        <\/div>\n            <div class=\"kksr-star\" style=\"padding-right: 5px\">\n            \n\n<div class=\"kksr-icon\" style=\"width: 24px; height: 24px;\"><\/div>\n        <\/div>\n            <div class=\"kksr-star\" style=\"padding-right: 5px\">\n            \n\n<div class=\"kksr-icon\" style=\"width: 24px; height: 24px;\"><\/div>\n        <\/div>\n            <div class=\"kksr-star\" style=\"padding-right: 5px\">\n            \n\n<div class=\"kksr-icon\" style=\"width: 24px; height: 24px;\"><\/div>\n        <\/div>\n    <\/div>\n<\/div>\n                \n\n<div class=\"kksr-legend\" style=\"font-size: 19.2px;\">\n            <span class=\"kksr-muted\">Teie hinnang on meile oluline<\/span>\n    <\/div>\n    <\/div>\n<p class=\"\" data-start=\"215\" data-end=\"710\"><strong data-start=\"215\" data-end=\"243\">Teniso raket\u0117s pakabukas<\/strong> yra puikus pasirinkimas tiek aktyviems \u017eaid\u0117jams, tiek tiems, kurie m\u0117gsta \u0161\u012f sport\u0105 steb\u0117ti. Pagamintas i\u0161 auk\u0161tos kokyb\u0117s metalo, \u0161is stilingas aksesuaras puikiai papuo\u0161 j\u016bs\u0173 raktus, kuprin\u0119 ar rankin\u0119. Jo dizainas, \u012fkv\u0117ptas tikros teniso raket\u0117s formos ir teniso kamuoliuko, suteikia jam unikalumo ir \u017eaismingumo. Tai puikus b\u016bdas parodyti savo meil\u0119 \u0161iam sportui, ne tik naudoti j\u012f kaip paprast\u0105 rakt\u0173 pakabuk\u0105, bet ir kaip stiling\u0105 detali\u0105 kasdieniame gyvenime.<\/p>\n<h3 class=\"\" data-start=\"712\" data-end=\"752\">Stilingas dizainas ir ilgaam\u017ei\u0161kumas<\/h3>\n<p class=\"\" data-start=\"754\" data-end=\"1160\">See <strong data-start=\"758\" data-end=\"786\">teniso raket\u0117s pakabukas<\/strong> yra tvirtas ir ilgaam\u017eis, tod\u0117l jis tikrai tarnaus ilgai, net jei j\u012f nuolat ne\u0161iosite kartu su savo rakt\u0173 ry\u0161uliu. Puikiai tinka tiek vyrams, tiek moterims, ie\u0161kantiems originali\u0173 ir prakti\u0161k\u0173 aksesuar\u0173. Be to, jis gali b\u016bti puiki dovana bet kuriam teniso gerb\u0117jui \u2013 tai ne tik prakti\u0161kas, bet ir emocionalus gestas, kuris puikiai atspindi j\u016bs\u0173 r\u016bpest\u012f ir meil\u0119 tam \u017emogui.<\/p>\n<p class=\"\" data-start=\"1162\" data-end=\"1198\"><strong data-start=\"1162\" data-end=\"1198\">Dovana sporto m\u0117g\u0117jams ir ne tik<\/strong><\/p>\n<p class=\"\" data-start=\"1200\" data-end=\"1582\">Teniso raket\u0117s pakabukas taip pat yra nuostabi dovana \u012fvairiomis progomis. Gimtadieniai, Kal\u0117dos, ar tiesiog noras nustebinti artim\u0105 \u017emog\u0173 \u2013 \u0161i detal\u0117 tikrai nepraeis nepasteb\u0117ta. Jei turite draug\u0173, kurie u\u017esiima tenisu arba tiesiog \u017ei\u016bri \u0161\u012f sport\u0105, \u0161i dovana tikrai bus \u012fvertinta. Tai ne tik daiktas, bet ir simbolis, kuris nuolat primins apie sporto entuziazm\u0105 ir aistr\u0105 \u017eaidimui.<\/p>\n<p class=\"\" data-start=\"1584\" data-end=\"1816\">\u0160is aksesuaras gali b\u016bti naudojamas ir kaip simbolis j\u016bs\u0173 dalyvavimui \u012fvairiuose teniso turnyruose ar kaip \u0161ventin\u0117 dovana j\u016bs\u0173 m\u0117gstam\u0173 \u017eaid\u0117j\u0173 fanams. Tai paprasta, ta\u010diau efektyvi priemon\u0117 parodyti, kiek jums svarbus \u0161is sportas.<\/p>\n<p class=\"\" data-start=\"1818\" data-end=\"1866\"><strong data-start=\"1818\" data-end=\"1866\">Kod\u0117l verta rinktis teniso raket\u0117s pakabuk\u0105?<\/strong><\/p>\n<ul data-start=\"1868\" data-end=\"2158\">\n<li class=\"\" data-start=\"1868\" data-end=\"1937\">\n<p class=\"\" data-start=\"1870\" data-end=\"1937\">Stilingas dizainas, atkartojantis tikr\u0105 teniso raket\u0119 ir kamuoliuk\u0105<\/p>\n<\/li>\n<li class=\"\" data-start=\"1938\" data-end=\"1999\">\n<p class=\"\" data-start=\"1940\" data-end=\"1999\">Auk\u0161tos kokyb\u0117s metalo lydinys, u\u017etikrinantis ilgaam\u017ei\u0161kum\u0105<\/p>\n<\/li>\n<li class=\"\" data-start=\"2000\" data-end=\"2066\">\n<p class=\"\" data-start=\"2002\" data-end=\"2066\">Puikiai tinka kaip kasdienis aksesuaras ar kaip simbolin\u0117 dovana<\/p>\n<\/li>\n<li class=\"\" data-start=\"2067\" data-end=\"2114\">\n<p class=\"\" data-start=\"2069\" data-end=\"2114\">Universalus \u2013 tiks tiek vyrams, tiek moterims<\/p>\n<\/li>\n<li class=\"\" data-start=\"2115\" data-end=\"2158\">\n<p class=\"\" data-start=\"2117\" data-end=\"2158\">Lengvas, kompakti\u0161kas ir patogus ne\u0161iotis<\/p>\n<\/li>\n<\/ul>\n<p class=\"\" data-start=\"2160\" data-end=\"2393\"><strong data-start=\"2160\" data-end=\"2188\">Teniso raket\u0117s pakabukas<\/strong> puikiai tiks bet kuriai situacijai, nesvarbu, ar tai bus kasdienis stiliaus akcentas, ar unikali dovana sporto entuziastui. Tai paprasta, bet prasminga detal\u0117, kuri visada primins apie tavo meil\u0119 tenisui.<\/p>","protected":false},"excerpt":{"rendered":"<p>Metalinis teniso raket\u0117s rakt\u0173 pakabukas su kamuoliuku \u2013 aksesuaras, skirtas sporto m\u0117g\u0117jams ir originali\u0173 dovan\u0173 ie\u0161kotojams.<\/p>","protected":false},"featured_media":2706,"comment_status":"closed","ping_status":"closed","template":"","meta":{"_uag_custom_page_level_css":"","site-sidebar-layout":"default","site-content-layout":"","ast-site-content-layout":"default","site-content-style":"default","site-sidebar-style":"default","ast-global-header-display":"","ast-banner-title-visibility":"","ast-main-header-display":"","ast-hfb-above-header-display":"","ast-hfb-below-header-display":"","ast-hfb-mobile-header-display":"","site-post-title":"","ast-breadcrumbs-content":"","ast-featured-img":"","footer-sml-layout":"","ast-disable-related-posts":"","theme-transparent-header-meta":"default","adv-header-id-meta":"","stick-header-meta":"","header-above-stick-meta":"","header-main-stick-meta":"","header-below-stick-meta":"","astra-migrate-meta-layouts":"set","ast-page-background-enabled":"default","ast-page-background-meta":{"desktop":{"background-color":"var(--ast-global-color-4)","background-image":"","background-repeat":"repeat","background-position":"center center","background-size":"auto","background-attachment":"scroll","background-type":"","background-media":"","overlay-type":"","overlay-color":"","overlay-opacity":"","overlay-gradient":""},"tablet":{"background-color":"","background-image":"","background-repeat":"repeat","background-position":"center center","background-size":"auto","background-attachment":"scroll","background-type":"","background-media":"","overlay-type":"","overlay-color":"","overlay-opacity":"","overlay-gradient":""},"mobile":{"background-color":"","background-image":"","background-repeat":"repeat","background-position":"center center","background-size":"auto","background-attachment":"scroll","background-type":"","background-media":"","overlay-type":"","overlay-color":"","overlay-opacity":"","overlay-gradient":""}},"ast-content-background-meta":{"desktop":{"background-color":"var(--ast-global-color-5)","background-image":"","background-repeat":"repeat","background-position":"center center","background-size":"auto","background-attachment":"scroll","background-type":"","background-media":"","overlay-type":"","overlay-color":"","overlay-opacity":"","overlay-gradient":""},"tablet":{"background-color":"var(--ast-global-color-5)","background-image":"","background-repeat":"repeat","background-position":"center center","background-size":"auto","background-attachment":"scroll","background-type":"","background-media":"","overlay-type":"","overlay-color":"","overlay-opacity":"","overlay-gradient":""},"mobile":{"background-color":"var(--ast-global-color-5)","background-image":"","background-repeat":"repeat","background-position":"center center","background-size":"auto","background-attachment":"scroll","background-type":"","background-media":"","overlay-type":"","overlay-color":"","overlay-opacity":"","overlay-gradient":""}}},"product_brand":[],"product_cat":[125,126,95,118,92],"product_tag":[],"class_list":{"0":"post-2700","1":"product","2":"type-product","3":"status-publish","4":"has-post-thumbnail","6":"product_cat-halloween","7":"product_cat-visi","8":"product_cat-unikalus-raktu-pakabukai","9":"product_cat-dovana-teciui","10":"product_cat-populiariausiu-produktu-kategorija","11":"desktop-align-center","12":"tablet-align-left","13":"mobile-align-left","15":"first","16":"instock","17":"shipping-taxable","18":"purchasable","19":"product-type-variable"},"yoast_head":"<!-- This site is optimized with the Yoast SEO plugin v27.1.1 - https:\/\/yoast.com\/product\/yoast-seo-wordpress\/ -->\n<title>Teniso raket\u0117s pakabukas \u2013 puikus pasirinkimas sporto m\u0117g\u0117jams - kabinam.lt<\/title>\n<meta name=\"description\" content=\"Teniso raket\u0117s pakabukas \u2013 puikus aksesuaras sporto m\u0117g\u0117jams. Metalinis pakabukas su teniso raket\u0117s ir kamuoliuko dizainu.\" \/>\n<meta name=\"robots\" content=\"index, follow, max-snippet:-1, max-image-preview:large, max-video-preview:-1\" \/>\n<link rel=\"canonical\" href=\"https:\/\/kabinam.lt\/et\/toode\/teniso-raketes-pakabukas\/\" \/>\n<meta property=\"og:locale\" content=\"et_EE\" \/>\n<meta property=\"og:type\" content=\"article\" \/>\n<meta property=\"og:title\" content=\"Teniso raket\u0117s pakabukas \u2013 puikus pasirinkimas sporto m\u0117g\u0117jams - kabinam.lt\" \/>\n<meta property=\"og:description\" content=\"Teniso raket\u0117s pakabukas \u2013 puikus aksesuaras sporto m\u0117g\u0117jams. Metalinis pakabukas su teniso raket\u0117s ir kamuoliuko dizainu.\" \/>\n<meta property=\"og:url\" content=\"https:\/\/kabinam.lt\/et\/toode\/teniso-raketes-pakabukas\/\" \/>\n<meta property=\"og:site_name\" content=\"kabinam.lt\" \/>\n<meta property=\"article:modified_time\" content=\"2026-01-18T14:21:35+00:00\" \/>\n<meta property=\"og:image\" content=\"https:\/\/kabinam.lt\/wp-content\/uploads\/2024\/08\/1694345167332-3450f71716a049c7a72b79fa5232a4d1-goods.jpeg\" \/>\n\t<meta property=\"og:image:width\" content=\"800\" \/>\n\t<meta property=\"og:image:height\" content=\"800\" \/>\n\t<meta property=\"og:image:type\" content=\"image\/jpeg\" \/>\n<meta name=\"twitter:card\" content=\"summary_large_image\" \/>\n<meta name=\"twitter:label1\" content=\"Est. reading time\" \/>\n\t<meta name=\"twitter:data1\" content=\"2 minutit\" \/>\n<script type=\"application\/ld+json\" class=\"yoast-schema-graph\">{\"@context\":\"https:\/\/schema.org\",\"@graph\":[{\"@type\":[\"WebPage\",\"ItemPage\"],\"@id\":\"https:\/\/kabinam.lt\/eng\/product\/teniso-raketes-pakabukas\/\",\"url\":\"https:\/\/kabinam.lt\/eng\/product\/teniso-raketes-pakabukas\/\",\"name\":\"Teniso raket\u0117s pakabukas \u2013 puikus pasirinkimas sporto m\u0117g\u0117jams - kabinam.lt\",\"isPartOf\":{\"@id\":\"https:\/\/kabinam.lt\/#website\"},\"primaryImageOfPage\":{\"@id\":\"https:\/\/kabinam.lt\/eng\/product\/teniso-raketes-pakabukas\/#primaryimage\"},\"image\":{\"@id\":\"https:\/\/kabinam.lt\/eng\/product\/teniso-raketes-pakabukas\/#primaryimage\"},\"thumbnailUrl\":\"https:\/\/kabinam.lt\/wp-content\/uploads\/2024\/08\/1694345167332-3450f71716a049c7a72b79fa5232a4d1-goods.jpeg\",\"datePublished\":\"2024-08-17T08:27:55+00:00\",\"dateModified\":\"2026-01-18T14:21:35+00:00\",\"description\":\"Teniso raket\u0117s pakabukas \u2013 puikus aksesuaras sporto m\u0117g\u0117jams. Metalinis pakabukas su teniso raket\u0117s ir kamuoliuko dizainu.\",\"breadcrumb\":{\"@id\":\"https:\/\/kabinam.lt\/eng\/product\/teniso-raketes-pakabukas\/#breadcrumb\"},\"inLanguage\":\"et\",\"potentialAction\":[{\"@type\":\"ReadAction\",\"target\":[\"https:\/\/kabinam.lt\/eng\/product\/teniso-raketes-pakabukas\/\"]}]},{\"@type\":\"ImageObject\",\"inLanguage\":\"et\",\"@id\":\"https:\/\/kabinam.lt\/eng\/product\/teniso-raketes-pakabukas\/#primaryimage\",\"url\":\"https:\/\/kabinam.lt\/wp-content\/uploads\/2024\/08\/1694345167332-3450f71716a049c7a72b79fa5232a4d1-goods.jpeg\",\"contentUrl\":\"https:\/\/kabinam.lt\/wp-content\/uploads\/2024\/08\/1694345167332-3450f71716a049c7a72b79fa5232a4d1-goods.jpeg\",\"width\":800,\"height\":800,\"caption\":\"Metalinis teniso raket\u0117s rakt\u0173 pakabukas\"},{\"@type\":\"BreadcrumbList\",\"@id\":\"https:\/\/kabinam.lt\/eng\/product\/teniso-raketes-pakabukas\/#breadcrumb\",\"itemListElement\":[{\"@type\":\"ListItem\",\"position\":1,\"name\":\"Home\",\"item\":\"https:\/\/kabinam.lt\/\"},{\"@type\":\"ListItem\",\"position\":2,\"name\":\"Visi Produktai\",\"item\":\"https:\/\/kabinam.lt\/visi-produktai\/\"},{\"@type\":\"ListItem\",\"position\":3,\"name\":\"Teniso raket\u0117s pakabukas \u2013 puikus pasirinkimas sporto m\u0117g\u0117jams\"}]},{\"@type\":\"WebSite\",\"@id\":\"https:\/\/kabinam.lt\/#website\",\"url\":\"https:\/\/kabinam.lt\/\",\"name\":\"kabinam.lt\",\"description\":\"Kabinam.lt \u2013 raktu pakabukai ir aksesuarai\",\"publisher\":{\"@id\":\"https:\/\/kabinam.lt\/#organization\"},\"alternateName\":\"pakabukai lt\",\"potentialAction\":[{\"@type\":\"SearchAction\",\"target\":{\"@type\":\"EntryPoint\",\"urlTemplate\":\"https:\/\/kabinam.lt\/?s={search_term_string}\"},\"query-input\":{\"@type\":\"PropertyValueSpecification\",\"valueRequired\":true,\"valueName\":\"search_term_string\"}}],\"inLanguage\":\"et\"},{\"@type\":\"Organization\",\"@id\":\"https:\/\/kabinam.lt\/#organization\",\"name\":\"kabinam.lt\",\"alternateName\":\"kabinam\",\"url\":\"https:\/\/kabinam.lt\/\",\"logo\":{\"@type\":\"ImageObject\",\"inLanguage\":\"et\",\"@id\":\"https:\/\/kabinam.lt\/#\/schema\/logo\/image\/\",\"url\":\"https:\/\/kabinam.lt\/wp-content\/uploads\/2025\/05\/KABINAM_outer_glow.png\",\"contentUrl\":\"https:\/\/kabinam.lt\/wp-content\/uploads\/2025\/05\/KABINAM_outer_glow.png\",\"width\":474,\"height\":141,\"caption\":\"kabinam.lt\"},\"image\":{\"@id\":\"https:\/\/kabinam.lt\/#\/schema\/logo\/image\/\"}}]}<\/script>\n<!-- \/ Yoast SEO plugin. -->","yoast_head_json":{"title":"Teniso raket\u0117s pakabukas \u2013 puikus pasirinkimas sporto m\u0117g\u0117jams - kabinam.lt","description":"Teniso raket\u0117s pakabukas \u2013 puikus aksesuaras sporto m\u0117g\u0117jams. Metalinis pakabukas su teniso raket\u0117s ir kamuoliuko dizainu.","robots":{"index":"index","follow":"follow","max-snippet":"max-snippet:-1","max-image-preview":"max-image-preview:large","max-video-preview":"max-video-preview:-1"},"canonical":"https:\/\/kabinam.lt\/et\/toode\/teniso-raketes-pakabukas\/","og_locale":"et_EE","og_type":"article","og_title":"Teniso raket\u0117s pakabukas \u2013 puikus pasirinkimas sporto m\u0117g\u0117jams - kabinam.lt","og_description":"Teniso raket\u0117s pakabukas \u2013 puikus aksesuaras sporto m\u0117g\u0117jams. Metalinis pakabukas su teniso raket\u0117s ir kamuoliuko dizainu.","og_url":"https:\/\/kabinam.lt\/et\/toode\/teniso-raketes-pakabukas\/","og_site_name":"kabinam.lt","article_modified_time":"2026-01-18T14:21:35+00:00","og_image":[{"width":800,"height":800,"url":"https:\/\/kabinam.lt\/wp-content\/uploads\/2024\/08\/1694345167332-3450f71716a049c7a72b79fa5232a4d1-goods.jpeg","type":"image\/jpeg"}],"twitter_card":"summary_large_image","twitter_misc":{"Est. reading time":"2 minutit"},"schema":{"@context":"https:\/\/schema.org","@graph":[{"@type":["WebPage","ItemPage"],"@id":"https:\/\/kabinam.lt\/eng\/product\/teniso-raketes-pakabukas\/","url":"https:\/\/kabinam.lt\/eng\/product\/teniso-raketes-pakabukas\/","name":"Teniso raket\u0117s pakabukas \u2013 puikus pasirinkimas sporto m\u0117g\u0117jams - kabinam.lt","isPartOf":{"@id":"https:\/\/kabinam.lt\/#website"},"primaryImageOfPage":{"@id":"https:\/\/kabinam.lt\/eng\/product\/teniso-raketes-pakabukas\/#primaryimage"},"image":{"@id":"https:\/\/kabinam.lt\/eng\/product\/teniso-raketes-pakabukas\/#primaryimage"},"thumbnailUrl":"https:\/\/kabinam.lt\/wp-content\/uploads\/2024\/08\/1694345167332-3450f71716a049c7a72b79fa5232a4d1-goods.jpeg","datePublished":"2024-08-17T08:27:55+00:00","dateModified":"2026-01-18T14:21:35+00:00","description":"Teniso raket\u0117s pakabukas \u2013 puikus aksesuaras sporto m\u0117g\u0117jams. Metalinis pakabukas su teniso raket\u0117s ir kamuoliuko dizainu.","breadcrumb":{"@id":"https:\/\/kabinam.lt\/eng\/product\/teniso-raketes-pakabukas\/#breadcrumb"},"inLanguage":"et","potentialAction":[{"@type":"ReadAction","target":["https:\/\/kabinam.lt\/eng\/product\/teniso-raketes-pakabukas\/"]}]},{"@type":"ImageObject","inLanguage":"et","@id":"https:\/\/kabinam.lt\/eng\/product\/teniso-raketes-pakabukas\/#primaryimage","url":"https:\/\/kabinam.lt\/wp-content\/uploads\/2024\/08\/1694345167332-3450f71716a049c7a72b79fa5232a4d1-goods.jpeg","contentUrl":"https:\/\/kabinam.lt\/wp-content\/uploads\/2024\/08\/1694345167332-3450f71716a049c7a72b79fa5232a4d1-goods.jpeg","width":800,"height":800,"caption":"Metalinis teniso raket\u0117s rakt\u0173 pakabukas"},{"@type":"BreadcrumbList","@id":"https:\/\/kabinam.lt\/eng\/product\/teniso-raketes-pakabukas\/#breadcrumb","itemListElement":[{"@type":"ListItem","position":1,"name":"Home","item":"https:\/\/kabinam.lt\/"},{"@type":"ListItem","position":2,"name":"Visi Produktai","item":"https:\/\/kabinam.lt\/visi-produktai\/"},{"@type":"ListItem","position":3,"name":"Teniso raket\u0117s pakabukas \u2013 puikus pasirinkimas sporto m\u0117g\u0117jams"}]},{"@type":"WebSite","@id":"https:\/\/kabinam.lt\/#website","url":"https:\/\/kabinam.lt\/","name":"kabinam.lt","description":"Kabinam.lt - v\u00f5tmehoidjad ja aksessuaarid","publisher":{"@id":"https:\/\/kabinam.lt\/#organization"},"alternateName":"pakabukai lt","potentialAction":[{"@type":"SearchAction","target":{"@type":"EntryPoint","urlTemplate":"https:\/\/kabinam.lt\/?s={search_term_string}"},"query-input":{"@type":"PropertyValueSpecification","valueRequired":true,"valueName":"search_term_string"}}],"inLanguage":"et"},{"@type":"Organization","@id":"https:\/\/kabinam.lt\/#organization","name":"kabinam.lt","alternateName":"kabinam","url":"https:\/\/kabinam.lt\/","logo":{"@type":"ImageObject","inLanguage":"et","@id":"https:\/\/kabinam.lt\/#\/schema\/logo\/image\/","url":"https:\/\/kabinam.lt\/wp-content\/uploads\/2025\/05\/KABINAM_outer_glow.png","contentUrl":"https:\/\/kabinam.lt\/wp-content\/uploads\/2025\/05\/KABINAM_outer_glow.png","width":474,"height":141,"caption":"kabinam.lt"},"image":{"@id":"https:\/\/kabinam.lt\/#\/schema\/logo\/image\/"}}]}},"uagb_featured_image_src":{"full":["https:\/\/kabinam.lt\/wp-content\/uploads\/2024\/08\/1694345167332-3450f71716a049c7a72b79fa5232a4d1-goods.jpeg",800,800,false],"thumbnail":["https:\/\/kabinam.lt\/wp-content\/uploads\/2024\/08\/1694345167332-3450f71716a049c7a72b79fa5232a4d1-goods-150x150.jpeg",150,150,true],"medium":["https:\/\/kabinam.lt\/wp-content\/uploads\/2024\/08\/1694345167332-3450f71716a049c7a72b79fa5232a4d1-goods-300x300.jpeg",300,300,true],"medium_large":["https:\/\/kabinam.lt\/wp-content\/uploads\/2024\/08\/1694345167332-3450f71716a049c7a72b79fa5232a4d1-goods-768x768.jpeg",768,768,true],"large":["https:\/\/kabinam.lt\/wp-content\/uploads\/2024\/08\/1694345167332-3450f71716a049c7a72b79fa5232a4d1-goods.jpeg",800,800,false],"1536x1536":["https:\/\/kabinam.lt\/wp-content\/uploads\/2024\/08\/1694345167332-3450f71716a049c7a72b79fa5232a4d1-goods.jpeg",800,800,false],"2048x2048":["https:\/\/kabinam.lt\/wp-content\/uploads\/2024\/08\/1694345167332-3450f71716a049c7a72b79fa5232a4d1-goods.jpeg",800,800,false],"trp-custom-language-flag":["https:\/\/kabinam.lt\/wp-content\/uploads\/2024\/08\/1694345167332-3450f71716a049c7a72b79fa5232a4d1-goods.jpeg",12,12,false],"woocommerce_thumbnail":["https:\/\/kabinam.lt\/wp-content\/uploads\/2024\/08\/1694345167332-3450f71716a049c7a72b79fa5232a4d1-goods-300x300.jpeg",300,300,true],"woocommerce_single":["https:\/\/kabinam.lt\/wp-content\/uploads\/2024\/08\/1694345167332-3450f71716a049c7a72b79fa5232a4d1-goods-600x600.jpeg",600,600,true],"woocommerce_gallery_thumbnail":["https:\/\/kabinam.lt\/wp-content\/uploads\/2024\/08\/1694345167332-3450f71716a049c7a72b79fa5232a4d1-goods-100x100.jpeg",100,100,true]},"uagb_author_info":{"display_name":"kabinam.lt","author_link":"https:\/\/kabinam.lt\/et\/author\/"},"uagb_comment_info":0,"uagb_excerpt":"Metalinis teniso raket\u0117s rakt\u0173 pakabukas su kamuoliuku \u2013 aksesuaras, skirtas sporto m\u0117g\u0117jams ir originali\u0173 dovan\u0173 ie\u0161kotojams.","_links":{"self":[{"href":"https:\/\/kabinam.lt\/et\/wp-json\/wp\/v2\/product\/2700","targetHints":{"allow":["GET"]}}],"collection":[{"href":"https:\/\/kabinam.lt\/et\/wp-json\/wp\/v2\/product"}],"about":[{"href":"https:\/\/kabinam.lt\/et\/wp-json\/wp\/v2\/types\/product"}],"replies":[{"embeddable":true,"href":"https:\/\/kabinam.lt\/et\/wp-json\/wp\/v2\/comments?post=2700"}],"wp:featuredmedia":[{"embeddable":true,"href":"https:\/\/kabinam.lt\/et\/wp-json\/wp\/v2\/media\/2706"}],"wp:attachment":[{"href":"https:\/\/kabinam.lt\/et\/wp-json\/wp\/v2\/media?parent=2700"}],"wp:term":[{"taxonomy":"product_brand","embeddable":true,"href":"https:\/\/kabinam.lt\/et\/wp-json\/wp\/v2\/product_brand?post=2700"},{"taxonomy":"product_cat","embeddable":true,"href":"https:\/\/kabinam.lt\/et\/wp-json\/wp\/v2\/product_cat?post=2700"},{"taxonomy":"product_tag","embeddable":true,"href":"https:\/\/kabinam.lt\/et\/wp-json\/wp\/v2\/product_tag?post=2700"}],"curies":[{"name":"wp","href":"https:\/\/api.w.org\/{rel}","templated":true}]}}