{"id":2594,"date":"2024-08-17T09:14:46","date_gmt":"2024-08-17T06:14:46","guid":{"rendered":"https:\/\/kabinam.lt\/?post_type=product&#038;p=2594"},"modified":"2026-01-18T15:49:43","modified_gmt":"2026-01-18T13:49:43","slug":"votmehoidja-freddy-tegelane","status":"publish","type":"product","link":"https:\/\/kabinam.lt\/et\/product\/raktu-pakabukas-freddy-personazas\/","title":{"rendered":"Freddy tegelaskuju v\u00f5tmehoidja - m\u00e4nguf\u00e4nnidele"},"content":{"rendered":"<div class=\"kk-star-ratings kksr-auto kksr-align-left kksr-valign-top\"\n    data-payload='{&quot;align&quot;:&quot;left&quot;,&quot;id&quot;:&quot;2594&quot;,&quot;slug&quot;:&quot;default&quot;,&quot;valign&quot;:&quot;top&quot;,&quot;ignore&quot;:&quot;&quot;,&quot;reference&quot;:&quot;auto&quot;,&quot;class&quot;:&quot;&quot;,&quot;count&quot;:&quot;0&quot;,&quot;legendonly&quot;:&quot;&quot;,&quot;readonly&quot;:&quot;&quot;,&quot;score&quot;:&quot;0&quot;,&quot;starsonly&quot;:&quot;&quot;,&quot;best&quot;:&quot;5&quot;,&quot;gap&quot;:&quot;5&quot;,&quot;greet&quot;:&quot;Mums svarbus j\u016bs\u0173 \u012fvertinimas&quot;,&quot;legend&quot;:&quot;0\\\/5 - (0 votes)&quot;,&quot;size&quot;:&quot;24&quot;,&quot;title&quot;:&quot;Rakt\u0173 pakabukas Freddy persona\u017eas \u2013  \u017eaidim\u0173 gerb\u0117jams&quot;,&quot;width&quot;:&quot;0&quot;,&quot;_legend&quot;:&quot;{score}\\\/{best} - ({count} {votes})&quot;,&quot;font_factor&quot;:&quot;1.25&quot;}'>\n            \n<div class=\"kksr-stars\">\n    \n<div class=\"kksr-stars-inactive\">\n            <div class=\"kksr-star\" data-star=\"1\" style=\"padding-right: 5px\">\n            \n\n<div class=\"kksr-icon\" style=\"width: 24px; height: 24px;\"><\/div>\n        <\/div>\n            <div class=\"kksr-star\" data-star=\"2\" style=\"padding-right: 5px\">\n            \n\n<div class=\"kksr-icon\" style=\"width: 24px; height: 24px;\"><\/div>\n        <\/div>\n            <div class=\"kksr-star\" data-star=\"3\" style=\"padding-right: 5px\">\n            \n\n<div class=\"kksr-icon\" style=\"width: 24px; height: 24px;\"><\/div>\n        <\/div>\n            <div class=\"kksr-star\" data-star=\"4\" style=\"padding-right: 5px\">\n            \n\n<div class=\"kksr-icon\" style=\"width: 24px; height: 24px;\"><\/div>\n        <\/div>\n            <div class=\"kksr-star\" data-star=\"5\" style=\"padding-right: 5px\">\n            \n\n<div class=\"kksr-icon\" style=\"width: 24px; height: 24px;\"><\/div>\n        <\/div>\n    <\/div>\n    \n<div class=\"kksr-stars-active\" style=\"width: 0px;\">\n            <div class=\"kksr-star\" style=\"padding-right: 5px\">\n            \n\n<div class=\"kksr-icon\" style=\"width: 24px; height: 24px;\"><\/div>\n        <\/div>\n            <div class=\"kksr-star\" style=\"padding-right: 5px\">\n            \n\n<div class=\"kksr-icon\" style=\"width: 24px; height: 24px;\"><\/div>\n        <\/div>\n            <div class=\"kksr-star\" style=\"padding-right: 5px\">\n            \n\n<div class=\"kksr-icon\" style=\"width: 24px; height: 24px;\"><\/div>\n        <\/div>\n            <div class=\"kksr-star\" style=\"padding-right: 5px\">\n            \n\n<div class=\"kksr-icon\" style=\"width: 24px; height: 24px;\"><\/div>\n        <\/div>\n            <div class=\"kksr-star\" style=\"padding-right: 5px\">\n            \n\n<div class=\"kksr-icon\" style=\"width: 24px; height: 24px;\"><\/div>\n        <\/div>\n    <\/div>\n<\/div>\n                \n\n<div class=\"kksr-legend\" style=\"font-size: 19.2px;\">\n            <span class=\"kksr-muted\">Teie hinnang on meile oluline<\/span>\n    <\/div>\n    <\/div>\n<h1>Freddy tegelaskuju v\u00f5tmehoidja - stiilne valik m\u00e4nguf\u00e4nnidele<\/h1>\n<h2>Freddy tegelaskuju v\u00f5tmehoidja - t\u00fckike m\u00e4ngukultuuri igap\u00e4evaelus<\/h2>\n<p>Freddy tegelaskuju v\u00f5tmehoidja on aksessuaar, mis kajastab \u00fcht t\u00e4nap\u00e4eva \u00f5udusm\u00e4ngude kuulsamat tegelast. Five Nights At Freddy's on tuntud oma unikaalse atmosf\u00e4\u00e4ri, p\u00f5nevuse ja iseloomulike animatrooniliste tegelaste poolest, mille keskne tegelane on Freddy.<\/p>\n<p>Ripats j\u00e4rgib t\u00e4pselt tegelase kuju - Freddy Karu on kujutatud m\u00fctsi, pruuni karva ja mustade silmadega. See on m\u00e4ngulise v\u00e4limusega, kuid samas s\u00e4ilitab m\u00e4ngu enda tumedamat esteetikat. Selle tulemusena meeldib see ripats nii teismelistele kui ka t\u00e4iskasvanud f\u00e4nnidele, kes hindavad originaalstiili.<\/p>\n<h2>Kvaliteet ja detailid on v\u00f5tmet\u00e4htsusega<\/h2>\n<p>Ripats on valmistatud vastupidavast PVC-kilest ja metallr\u00f5ngaga, mis muudab selle vastupidavaks ja igap\u00e4evaseks kasutamiseks sobivaks. T\u00e4nu v\u00e4ikesele kaalule sobib see mitte ainult v\u00f5tmete k\u00fclge kinnitamiseks, vaid ka seljakoti v\u00f5i auto v\u00f5tme k\u00fclge.<\/p>\n<p>Disain on hoolikalt v\u00e4lja t\u00f6\u00f6tatud, alates m\u00fctsi kujust kuni tegelase v\u00e4ljenduseni, nii et tegemist ei ole lihtsalt m\u00e4nguasjaga, vaid hoolikalt valmistatud kollektsion\u00e4\u00e4ride aksessuaariga.<\/p>\n<h3>Miks valida Freddy v\u00f5tmehoidja?<\/h3>\n<p>See ripats on rohkem kui lihtsalt aksessuaar. See v\u00e4ljendab hobi ja kuulumist populaarsesse m\u00e4ngukogukonda. \u201eFive Nights At Freddy's\u201c frantsiis on saanud maailmakuulsaks ja selle s\u00fcmboolika on saanud osaks t\u00e4nap\u00e4eva geek- ja popkultuurist. Seet\u00f5ttu ei sobi Freddy kujutis mitte ainult lastele v\u00f5i teismelistele, vaid ka t\u00e4iskasvanud m\u00e4ngijatele.<\/p>\n<p>See ripats on ideaalne valik kollektsion\u00e4\u00e4ridele, m\u00e4nguf\u00e4nnidele v\u00f5i lihtsalt neile, kes otsivad unikaalset eset oma aksessuaarikollektsiooni.<\/p>\n<h2>Rohkem inspiratsiooni m\u00e4ngude maailmast<\/h2>\n<p>Veelgi rohkemate teemakohaste aksessuaaride jaoks k\u00fclastage kabinam.lt, et leida eksklusiivseid m\u00e4ngu- v\u00f5i filmikultuuriga seotud v\u00f5tmehoidjaid.<\/p>\n<p>Samuti tasub vaadata IGNi artiklit Five Nights At Freddy's fenomeni kohta, et paremini m\u00f5ista m\u00e4ngu populaarsuse p\u00f5hjuseid.<\/p>","protected":false},"excerpt":{"rendered":"<p>Freddy ripats on stiilne aksessuaar Five Nights At Freddy's f\u00e4nnile.<\/p>","protected":false},"featured_media":2601,"comment_status":"open","ping_status":"closed","template":"","meta":{"_uag_custom_page_level_css":"","site-sidebar-layout":"default","site-content-layout":"","ast-site-content-layout":"default","site-content-style":"default","site-sidebar-style":"default","ast-global-header-display":"","ast-banner-title-visibility":"","ast-main-header-display":"","ast-hfb-above-header-display":"","ast-hfb-below-header-display":"","ast-hfb-mobile-header-display":"","site-post-title":"","ast-breadcrumbs-content":"","ast-featured-img":"","footer-sml-layout":"","ast-disable-related-posts":"","theme-transparent-header-meta":"default","adv-header-id-meta":"","stick-header-meta":"","header-above-stick-meta":"","header-main-stick-meta":"","header-below-stick-meta":"","astra-migrate-meta-layouts":"set","ast-page-background-enabled":"default","ast-page-background-meta":{"desktop":{"background-color":"var(--ast-global-color-4)","background-image":"","background-repeat":"repeat","background-position":"center center","background-size":"auto","background-attachment":"scroll","background-type":"","background-media":"","overlay-type":"","overlay-color":"","overlay-opacity":"","overlay-gradient":""},"tablet":{"background-color":"","background-image":"","background-repeat":"repeat","background-position":"center center","background-size":"auto","background-attachment":"scroll","background-type":"","background-media":"","overlay-type":"","overlay-color":"","overlay-opacity":"","overlay-gradient":""},"mobile":{"background-color":"","background-image":"","background-repeat":"repeat","background-position":"center center","background-size":"auto","background-attachment":"scroll","background-type":"","background-media":"","overlay-type":"","overlay-color":"","overlay-opacity":"","overlay-gradient":""}},"ast-content-background-meta":{"desktop":{"background-color":"var(--ast-global-color-5)","background-image":"","background-repeat":"repeat","background-position":"center center","background-size":"auto","background-attachment":"scroll","background-type":"","background-media":"","overlay-type":"","overlay-color":"","overlay-opacity":"","overlay-gradient":""},"tablet":{"background-color":"var(--ast-global-color-5)","background-image":"","background-repeat":"repeat","background-position":"center center","background-size":"auto","background-attachment":"scroll","background-type":"","background-media":"","overlay-type":"","overlay-color":"","overlay-opacity":"","overlay-gradient":""},"mobile":{"background-color":"var(--ast-global-color-5)","background-image":"","background-repeat":"repeat","background-position":"center center","background-size":"auto","background-attachment":"scroll","background-type":"","background-media":"","overlay-type":"","overlay-color":"","overlay-opacity":"","overlay-gradient":""}}},"product_brand":[],"product_cat":[125,126,95,92],"product_tag":[],"class_list":{"0":"post-2594","1":"product","2":"type-product","3":"status-publish","4":"has-post-thumbnail","6":"product_cat-halloween","7":"product_cat-visi","8":"product_cat-unikalus-raktu-pakabukai","9":"product_cat-populiariausiu-produktu-kategorija","10":"desktop-align-center","11":"tablet-align-left","12":"mobile-align-left","14":"first","15":"instock","16":"shipping-taxable","17":"purchasable","18":"product-type-variable"},"yoast_head":"<!-- This site is optimized with the Yoast SEO plugin v27.1.1 - https:\/\/yoast.com\/product\/yoast-seo-wordpress\/ -->\n<title>Rakt\u0173 pakabukas Freddy persona\u017eas \u2013 \u017eaidim\u0173 gerb\u0117jams - kabinam.lt<\/title>\n<meta name=\"description\" content=\"Rakt\u0173 pakabukas Freddy persona\u017eas \u2013 i\u0161skirtinis \u017eaidim\u0173 gerb\u0117j\u0173 aksesuaras i\u0161 Five Nights At Freddy\u2019s.\" \/>\n<meta name=\"robots\" content=\"index, follow, max-snippet:-1, max-image-preview:large, max-video-preview:-1\" \/>\n<link rel=\"canonical\" href=\"https:\/\/kabinam.lt\/et\/toode\/votmehoidja-freddy-tegelane\/\" \/>\n<meta property=\"og:locale\" content=\"et_EE\" \/>\n<meta property=\"og:type\" content=\"article\" \/>\n<meta property=\"og:title\" content=\"Rakt\u0173 pakabukas Freddy persona\u017eas \u2013 \u017eaidim\u0173 gerb\u0117jams - kabinam.lt\" \/>\n<meta property=\"og:description\" content=\"Rakt\u0173 pakabukas Freddy persona\u017eas \u2013 i\u0161skirtinis \u017eaidim\u0173 gerb\u0117j\u0173 aksesuaras i\u0161 Five Nights At Freddy\u2019s.\" \/>\n<meta property=\"og:url\" content=\"https:\/\/kabinam.lt\/et\/toode\/votmehoidja-freddy-tegelane\/\" \/>\n<meta property=\"og:site_name\" content=\"kabinam.lt\" \/>\n<meta property=\"article:modified_time\" content=\"2026-01-18T13:49:43+00:00\" \/>\n<meta property=\"og:image\" content=\"https:\/\/kabinam.lt\/wp-content\/uploads\/2024\/06\/1243ecc030b6aa38b22d50f8e5502672-edited.jpg\" \/>\n\t<meta property=\"og:image:width\" content=\"736\" \/>\n\t<meta property=\"og:image:height\" content=\"552\" \/>\n\t<meta property=\"og:image:type\" content=\"image\/jpeg\" \/>\n<meta name=\"twitter:card\" content=\"summary_large_image\" \/>\n<meta name=\"twitter:label1\" content=\"Est. reading time\" \/>\n\t<meta name=\"twitter:data1\" content=\"2 minutit\" \/>\n<script type=\"application\/ld+json\" class=\"yoast-schema-graph\">{\"@context\":\"https:\/\/schema.org\",\"@graph\":[{\"@type\":[\"WebPage\",\"ItemPage\"],\"@id\":\"https:\/\/kabinam.lt\/eng\/product\/raktu-pakabukas-freddy-personazas\/\",\"url\":\"https:\/\/kabinam.lt\/eng\/product\/raktu-pakabukas-freddy-personazas\/\",\"name\":\"Rakt\u0173 pakabukas Freddy persona\u017eas \u2013 \u017eaidim\u0173 gerb\u0117jams - kabinam.lt\",\"isPartOf\":{\"@id\":\"https:\/\/kabinam.lt\/#website\"},\"primaryImageOfPage\":{\"@id\":\"https:\/\/kabinam.lt\/eng\/product\/raktu-pakabukas-freddy-personazas\/#primaryimage\"},\"image\":{\"@id\":\"https:\/\/kabinam.lt\/eng\/product\/raktu-pakabukas-freddy-personazas\/#primaryimage\"},\"thumbnailUrl\":\"https:\/\/kabinam.lt\/wp-content\/uploads\/2024\/08\/Action-Figure-Chica-Freddy-Keychains-Movie-Five-Night-at-Freddy-Keychain-Metal-Pendant-Llavero-Chaveiro-Gift.avif\",\"datePublished\":\"2024-08-17T06:14:46+00:00\",\"dateModified\":\"2026-01-18T13:49:43+00:00\",\"description\":\"Rakt\u0173 pakabukas Freddy persona\u017eas \u2013 i\u0161skirtinis \u017eaidim\u0173 gerb\u0117j\u0173 aksesuaras i\u0161 Five Nights At Freddy\u2019s.\",\"breadcrumb\":{\"@id\":\"https:\/\/kabinam.lt\/eng\/product\/raktu-pakabukas-freddy-personazas\/#breadcrumb\"},\"inLanguage\":\"et\",\"potentialAction\":[{\"@type\":\"ReadAction\",\"target\":[\"https:\/\/kabinam.lt\/eng\/product\/raktu-pakabukas-freddy-personazas\/\"]}]},{\"@type\":\"ImageObject\",\"inLanguage\":\"et\",\"@id\":\"https:\/\/kabinam.lt\/eng\/product\/raktu-pakabukas-freddy-personazas\/#primaryimage\",\"url\":\"https:\/\/kabinam.lt\/wp-content\/uploads\/2024\/08\/Action-Figure-Chica-Freddy-Keychains-Movie-Five-Night-at-Freddy-Keychain-Metal-Pendant-Llavero-Chaveiro-Gift.avif\",\"contentUrl\":\"https:\/\/kabinam.lt\/wp-content\/uploads\/2024\/08\/Action-Figure-Chica-Freddy-Keychains-Movie-Five-Night-at-Freddy-Keychain-Metal-Pendant-Llavero-Chaveiro-Gift.avif\",\"width\":2160,\"height\":2160,\"caption\":\"Rakt\u0173 pakabukas Freddy \u2013 \u017eaidimo Five Nights At Freddy\u2019s herojus\"},{\"@type\":\"BreadcrumbList\",\"@id\":\"https:\/\/kabinam.lt\/eng\/product\/raktu-pakabukas-freddy-personazas\/#breadcrumb\",\"itemListElement\":[{\"@type\":\"ListItem\",\"position\":1,\"name\":\"Home\",\"item\":\"https:\/\/kabinam.lt\/\"},{\"@type\":\"ListItem\",\"position\":2,\"name\":\"Visi Produktai\",\"item\":\"https:\/\/kabinam.lt\/visi-produktai\/\"},{\"@type\":\"ListItem\",\"position\":3,\"name\":\"Rakt\u0173 pakabukas Freddy persona\u017eas \u2013 \u017eaidim\u0173 gerb\u0117jams\"}]},{\"@type\":\"WebSite\",\"@id\":\"https:\/\/kabinam.lt\/#website\",\"url\":\"https:\/\/kabinam.lt\/\",\"name\":\"kabinam.lt\",\"description\":\"Kabinam.lt \u2013 raktu pakabukai ir aksesuarai\",\"publisher\":{\"@id\":\"https:\/\/kabinam.lt\/#organization\"},\"alternateName\":\"pakabukai lt\",\"potentialAction\":[{\"@type\":\"SearchAction\",\"target\":{\"@type\":\"EntryPoint\",\"urlTemplate\":\"https:\/\/kabinam.lt\/?s={search_term_string}\"},\"query-input\":{\"@type\":\"PropertyValueSpecification\",\"valueRequired\":true,\"valueName\":\"search_term_string\"}}],\"inLanguage\":\"et\"},{\"@type\":\"Organization\",\"@id\":\"https:\/\/kabinam.lt\/#organization\",\"name\":\"kabinam.lt\",\"alternateName\":\"kabinam\",\"url\":\"https:\/\/kabinam.lt\/\",\"logo\":{\"@type\":\"ImageObject\",\"inLanguage\":\"et\",\"@id\":\"https:\/\/kabinam.lt\/#\/schema\/logo\/image\/\",\"url\":\"https:\/\/kabinam.lt\/wp-content\/uploads\/2025\/05\/KABINAM_outer_glow.png\",\"contentUrl\":\"https:\/\/kabinam.lt\/wp-content\/uploads\/2025\/05\/KABINAM_outer_glow.png\",\"width\":474,\"height\":141,\"caption\":\"kabinam.lt\"},\"image\":{\"@id\":\"https:\/\/kabinam.lt\/#\/schema\/logo\/image\/\"}}]}<\/script>\n<!-- \/ Yoast SEO plugin. -->","yoast_head_json":{"title":"V\u00f5tmehoidja Freddy persona\u017eas - m\u00e4nguf\u00e4nnidele - kabinam.lt","description":"Freddy tegelaskuju v\u00f5tmehoidja on Five Nights At Freddy's'i parim m\u00e4nguf\u00e4nnide aksessuaar.","robots":{"index":"index","follow":"follow","max-snippet":"max-snippet:-1","max-image-preview":"max-image-preview:large","max-video-preview":"max-video-preview:-1"},"canonical":"https:\/\/kabinam.lt\/et\/toode\/votmehoidja-freddy-tegelane\/","og_locale":"et_EE","og_type":"article","og_title":"Rakt\u0173 pakabukas Freddy persona\u017eas \u2013 \u017eaidim\u0173 gerb\u0117jams - kabinam.lt","og_description":"Rakt\u0173 pakabukas Freddy persona\u017eas \u2013 i\u0161skirtinis \u017eaidim\u0173 gerb\u0117j\u0173 aksesuaras i\u0161 Five Nights At Freddy\u2019s.","og_url":"https:\/\/kabinam.lt\/et\/toode\/votmehoidja-freddy-tegelane\/","og_site_name":"kabinam.lt","article_modified_time":"2026-01-18T13:49:43+00:00","og_image":[{"width":736,"height":552,"url":"https:\/\/kabinam.lt\/wp-content\/uploads\/2024\/06\/1243ecc030b6aa38b22d50f8e5502672-edited.jpg","type":"image\/jpeg"}],"twitter_card":"summary_large_image","twitter_misc":{"Est. reading time":"2 minutit"},"schema":{"@context":"https:\/\/schema.org","@graph":[{"@type":["WebPage","ItemPage"],"@id":"https:\/\/kabinam.lt\/eng\/product\/raktu-pakabukas-freddy-personazas\/","url":"https:\/\/kabinam.lt\/eng\/product\/raktu-pakabukas-freddy-personazas\/","name":"V\u00f5tmehoidja Freddy persona\u017eas - m\u00e4nguf\u00e4nnidele - kabinam.lt","isPartOf":{"@id":"https:\/\/kabinam.lt\/#website"},"primaryImageOfPage":{"@id":"https:\/\/kabinam.lt\/eng\/product\/raktu-pakabukas-freddy-personazas\/#primaryimage"},"image":{"@id":"https:\/\/kabinam.lt\/eng\/product\/raktu-pakabukas-freddy-personazas\/#primaryimage"},"thumbnailUrl":"https:\/\/kabinam.lt\/wp-content\/uploads\/2024\/08\/Action-Figure-Chica-Freddy-Keychains-Movie-Five-Night-at-Freddy-Keychain-Metal-Pendant-Llavero-Chaveiro-Gift.avif","datePublished":"2024-08-17T06:14:46+00:00","dateModified":"2026-01-18T13:49:43+00:00","description":"Freddy tegelaskuju v\u00f5tmehoidja on Five Nights At Freddy's'i parim m\u00e4nguf\u00e4nnide aksessuaar.","breadcrumb":{"@id":"https:\/\/kabinam.lt\/eng\/product\/raktu-pakabukas-freddy-personazas\/#breadcrumb"},"inLanguage":"et","potentialAction":[{"@type":"ReadAction","target":["https:\/\/kabinam.lt\/eng\/product\/raktu-pakabukas-freddy-personazas\/"]}]},{"@type":"ImageObject","inLanguage":"et","@id":"https:\/\/kabinam.lt\/eng\/product\/raktu-pakabukas-freddy-personazas\/#primaryimage","url":"https:\/\/kabinam.lt\/wp-content\/uploads\/2024\/08\/Action-Figure-Chica-Freddy-Keychains-Movie-Five-Night-at-Freddy-Keychain-Metal-Pendant-Llavero-Chaveiro-Gift.avif","contentUrl":"https:\/\/kabinam.lt\/wp-content\/uploads\/2024\/08\/Action-Figure-Chica-Freddy-Keychains-Movie-Five-Night-at-Freddy-Keychain-Metal-Pendant-Llavero-Chaveiro-Gift.avif","width":2160,"height":2160,"caption":"Rakt\u0173 pakabukas Freddy \u2013 \u017eaidimo Five Nights At Freddy\u2019s herojus"},{"@type":"BreadcrumbList","@id":"https:\/\/kabinam.lt\/eng\/product\/raktu-pakabukas-freddy-personazas\/#breadcrumb","itemListElement":[{"@type":"ListItem","position":1,"name":"Home","item":"https:\/\/kabinam.lt\/"},{"@type":"ListItem","position":2,"name":"Visi Produktai","item":"https:\/\/kabinam.lt\/visi-produktai\/"},{"@type":"ListItem","position":3,"name":"Rakt\u0173 pakabukas Freddy persona\u017eas \u2013 \u017eaidim\u0173 gerb\u0117jams"}]},{"@type":"WebSite","@id":"https:\/\/kabinam.lt\/#website","url":"https:\/\/kabinam.lt\/","name":"kabinam.lt","description":"Kabinam.lt - v\u00f5tmehoidjad ja aksessuaarid","publisher":{"@id":"https:\/\/kabinam.lt\/#organization"},"alternateName":"pakabukai lt","potentialAction":[{"@type":"SearchAction","target":{"@type":"EntryPoint","urlTemplate":"https:\/\/kabinam.lt\/?s={search_term_string}"},"query-input":{"@type":"PropertyValueSpecification","valueRequired":true,"valueName":"search_term_string"}}],"inLanguage":"et"},{"@type":"Organization","@id":"https:\/\/kabinam.lt\/#organization","name":"kabinam.lt","alternateName":"kabinam","url":"https:\/\/kabinam.lt\/","logo":{"@type":"ImageObject","inLanguage":"et","@id":"https:\/\/kabinam.lt\/#\/schema\/logo\/image\/","url":"https:\/\/kabinam.lt\/wp-content\/uploads\/2025\/05\/KABINAM_outer_glow.png","contentUrl":"https:\/\/kabinam.lt\/wp-content\/uploads\/2025\/05\/KABINAM_outer_glow.png","width":474,"height":141,"caption":"kabinam.lt"},"image":{"@id":"https:\/\/kabinam.lt\/#\/schema\/logo\/image\/"}}]}},"uagb_featured_image_src":{"full":["https:\/\/kabinam.lt\/wp-content\/uploads\/2024\/08\/Action-Figure-Chica-Freddy-Keychains-Movie-Five-Night-at-Freddy-Keychain-Metal-Pendant-Llavero-Chaveiro-Gift.avif",2160,2160,false],"thumbnail":["https:\/\/kabinam.lt\/wp-content\/uploads\/2024\/08\/Action-Figure-Chica-Freddy-Keychains-Movie-Five-Night-at-Freddy-Keychain-Metal-Pendant-Llavero-Chaveiro-Gift-150x150.avif",150,150,true],"medium":["https:\/\/kabinam.lt\/wp-content\/uploads\/2024\/08\/Action-Figure-Chica-Freddy-Keychains-Movie-Five-Night-at-Freddy-Keychain-Metal-Pendant-Llavero-Chaveiro-Gift-300x300.avif",300,300,true],"medium_large":["https:\/\/kabinam.lt\/wp-content\/uploads\/2024\/08\/Action-Figure-Chica-Freddy-Keychains-Movie-Five-Night-at-Freddy-Keychain-Metal-Pendant-Llavero-Chaveiro-Gift-768x768.avif",768,768,true],"large":["https:\/\/kabinam.lt\/wp-content\/uploads\/2024\/08\/Action-Figure-Chica-Freddy-Keychains-Movie-Five-Night-at-Freddy-Keychain-Metal-Pendant-Llavero-Chaveiro-Gift-1024x1024.avif",1024,1024,true],"1536x1536":["https:\/\/kabinam.lt\/wp-content\/uploads\/2024\/08\/Action-Figure-Chica-Freddy-Keychains-Movie-Five-Night-at-Freddy-Keychain-Metal-Pendant-Llavero-Chaveiro-Gift-1536x1536.avif",1536,1536,true],"2048x2048":["https:\/\/kabinam.lt\/wp-content\/uploads\/2024\/08\/Action-Figure-Chica-Freddy-Keychains-Movie-Five-Night-at-Freddy-Keychain-Metal-Pendant-Llavero-Chaveiro-Gift-2048x2048.avif",2048,2048,true],"trp-custom-language-flag":["https:\/\/kabinam.lt\/wp-content\/uploads\/2024\/08\/Action-Figure-Chica-Freddy-Keychains-Movie-Five-Night-at-Freddy-Keychain-Metal-Pendant-Llavero-Chaveiro-Gift.avif",12,12,false],"woocommerce_thumbnail":["https:\/\/kabinam.lt\/wp-content\/uploads\/2024\/08\/Action-Figure-Chica-Freddy-Keychains-Movie-Five-Night-at-Freddy-Keychain-Metal-Pendant-Llavero-Chaveiro-Gift-300x300.avif",300,300,true],"woocommerce_single":["https:\/\/kabinam.lt\/wp-content\/uploads\/2024\/08\/Action-Figure-Chica-Freddy-Keychains-Movie-Five-Night-at-Freddy-Keychain-Metal-Pendant-Llavero-Chaveiro-Gift-600x600.avif",600,600,true],"woocommerce_gallery_thumbnail":["https:\/\/kabinam.lt\/wp-content\/uploads\/2024\/08\/Action-Figure-Chica-Freddy-Keychains-Movie-Five-Night-at-Freddy-Keychain-Metal-Pendant-Llavero-Chaveiro-Gift-100x100.avif",100,100,true]},"uagb_author_info":{"display_name":"kabinam.lt","author_link":"https:\/\/kabinam.lt\/et\/author\/"},"uagb_comment_info":0,"uagb_excerpt":"Pakabukas Freddy \u2013 stilingas aksesuaras \u201eFive Nights At Freddy\u2019s\u201c fanui.","_links":{"self":[{"href":"https:\/\/kabinam.lt\/et\/wp-json\/wp\/v2\/product\/2594","targetHints":{"allow":["GET"]}}],"collection":[{"href":"https:\/\/kabinam.lt\/et\/wp-json\/wp\/v2\/product"}],"about":[{"href":"https:\/\/kabinam.lt\/et\/wp-json\/wp\/v2\/types\/product"}],"replies":[{"embeddable":true,"href":"https:\/\/kabinam.lt\/et\/wp-json\/wp\/v2\/comments?post=2594"}],"wp:featuredmedia":[{"embeddable":true,"href":"https:\/\/kabinam.lt\/et\/wp-json\/wp\/v2\/media\/2601"}],"wp:attachment":[{"href":"https:\/\/kabinam.lt\/et\/wp-json\/wp\/v2\/media?parent=2594"}],"wp:term":[{"taxonomy":"product_brand","embeddable":true,"href":"https:\/\/kabinam.lt\/et\/wp-json\/wp\/v2\/product_brand?post=2594"},{"taxonomy":"product_cat","embeddable":true,"href":"https:\/\/kabinam.lt\/et\/wp-json\/wp\/v2\/product_cat?post=2594"},{"taxonomy":"product_tag","embeddable":true,"href":"https:\/\/kabinam.lt\/et\/wp-json\/wp\/v2\/product_tag?post=2594"}],"curies":[{"name":"wp","href":"https:\/\/api.w.org\/{rel}","templated":true}]}}