{"id":2464,"date":"2024-08-15T11:18:36","date_gmt":"2024-08-15T08:18:36","guid":{"rendered":"https:\/\/kabinam.lt\/?post_type=product&#038;p=2464"},"modified":"2026-01-18T15:56:49","modified_gmt":"2026-01-18T13:56:49","slug":"elegantne-votmehoidja-3","status":"publish","type":"product","link":"https:\/\/kabinam.lt\/et\/product\/elegantiskas-pakabukas-3\/","title":{"rendered":"Elegantne ripats"},"content":{"rendered":"<div class=\"kk-star-ratings kksr-auto kksr-align-left kksr-valign-top\"\n    data-payload='{&quot;align&quot;:&quot;left&quot;,&quot;id&quot;:&quot;2464&quot;,&quot;slug&quot;:&quot;default&quot;,&quot;valign&quot;:&quot;top&quot;,&quot;ignore&quot;:&quot;&quot;,&quot;reference&quot;:&quot;auto&quot;,&quot;class&quot;:&quot;&quot;,&quot;count&quot;:&quot;0&quot;,&quot;legendonly&quot;:&quot;&quot;,&quot;readonly&quot;:&quot;&quot;,&quot;score&quot;:&quot;0&quot;,&quot;starsonly&quot;:&quot;&quot;,&quot;best&quot;:&quot;5&quot;,&quot;gap&quot;:&quot;5&quot;,&quot;greet&quot;:&quot;Mums svarbus j\u016bs\u0173 \u012fvertinimas&quot;,&quot;legend&quot;:&quot;0\\\/5 - (0 votes)&quot;,&quot;size&quot;:&quot;24&quot;,&quot;title&quot;:&quot;Eleganti\u0161kas pakabukas&quot;,&quot;width&quot;:&quot;0&quot;,&quot;_legend&quot;:&quot;{score}\\\/{best} - ({count} {votes})&quot;,&quot;font_factor&quot;:&quot;1.25&quot;}'>\n            \n<div class=\"kksr-stars\">\n    \n<div class=\"kksr-stars-inactive\">\n            <div class=\"kksr-star\" data-star=\"1\" style=\"padding-right: 5px\">\n            \n\n<div class=\"kksr-icon\" style=\"width: 24px; height: 24px;\"><\/div>\n        <\/div>\n            <div class=\"kksr-star\" data-star=\"2\" style=\"padding-right: 5px\">\n            \n\n<div class=\"kksr-icon\" style=\"width: 24px; height: 24px;\"><\/div>\n        <\/div>\n            <div class=\"kksr-star\" data-star=\"3\" style=\"padding-right: 5px\">\n            \n\n<div class=\"kksr-icon\" style=\"width: 24px; height: 24px;\"><\/div>\n        <\/div>\n            <div class=\"kksr-star\" data-star=\"4\" style=\"padding-right: 5px\">\n            \n\n<div class=\"kksr-icon\" style=\"width: 24px; height: 24px;\"><\/div>\n        <\/div>\n            <div class=\"kksr-star\" data-star=\"5\" style=\"padding-right: 5px\">\n            \n\n<div class=\"kksr-icon\" style=\"width: 24px; height: 24px;\"><\/div>\n        <\/div>\n    <\/div>\n    \n<div class=\"kksr-stars-active\" style=\"width: 0px;\">\n            <div class=\"kksr-star\" style=\"padding-right: 5px\">\n            \n\n<div class=\"kksr-icon\" style=\"width: 24px; height: 24px;\"><\/div>\n        <\/div>\n            <div class=\"kksr-star\" style=\"padding-right: 5px\">\n            \n\n<div class=\"kksr-icon\" style=\"width: 24px; height: 24px;\"><\/div>\n        <\/div>\n            <div class=\"kksr-star\" style=\"padding-right: 5px\">\n            \n\n<div class=\"kksr-icon\" style=\"width: 24px; height: 24px;\"><\/div>\n        <\/div>\n            <div class=\"kksr-star\" style=\"padding-right: 5px\">\n            \n\n<div class=\"kksr-icon\" style=\"width: 24px; height: 24px;\"><\/div>\n        <\/div>\n            <div class=\"kksr-star\" style=\"padding-right: 5px\">\n            \n\n<div class=\"kksr-icon\" style=\"width: 24px; height: 24px;\"><\/div>\n        <\/div>\n    <\/div>\n<\/div>\n                \n\n<div class=\"kksr-legend\" style=\"font-size: 19.2px;\">\n            <span class=\"kksr-muted\">Teie hinnang on meile oluline<\/span>\n    <\/div>\n    <\/div>\n<h1>Eleganti\u0161kas pakabukas moters siluetui<\/h1>\n<p><strong>Eleganti\u0161kas pakabukas moters siluetui<\/strong> \u2013 tai subtilus ir meni\u0161kas aksesuaras, kuriame atsiskleid\u017eia k\u016bno form\u0173 estetika. Jis i\u0161graviruotas ant auk\u0161tos kokyb\u0117s metalo pavir\u0161iaus, tod\u0117l ne tik atrodo prabangiai, bet ir i\u0161lieka ilgaam\u017eis. \u0160is minimalistinis pakabukas idealiai tinka tiems, kurie vertina elegancij\u0105, simbolik\u0105 ir k\u016brybin\u012f po\u017ei\u016br\u012f \u012f aksesuarus.<\/p>\n<h2>Simbolin\u0117 estetika ir dizainas<\/h2>\n<p>Pakabuke atvaizduojamas moters siluetas perteikia gro\u017e\u012f, laisv\u0119 ir pasitik\u0117jim\u0105 savimi. Tai ne tik papuo\u0161alas, bet ir asmenyb\u0117s i\u0161rai\u0161ka. Toks dizainas \u012fkvepia pasitik\u0117ti savimi, primena apie moteri\u0161kumo gali\u0105 bei gro\u017eio daugialypi\u0161kum\u0105. Pakabukas subtiliai pritraukia \u017evilgsn\u012f ir puikiai tinka tiek kasdienai, tiek ypatingoms progoms.<\/p>\n<h2>Kokybi\u0161kas ir ilgaam\u017eis gaminys<\/h2>\n<p>\u0160is aksesuaras pagamintas i\u0161 ner\u016bdijan\u010dio metalo, kuris pasi\u017eymi atsparumu aplinkos poveikiui. Graviravimo technologija leid\u017eia atvaizdui i\u0161likti ai\u0161kiam net ir po ilgo naudojimo. Tvirtas metalinis \u017eiedas ir subtili grandin\u0117l\u0117 u\u017etikrina, kad pakabukas patikimai laikysis ir bus patogiai d\u0117vimas.<\/p>\n<p>Ie\u0161kantiems daugiau stiling\u0173 pakabuk\u0173 ir asmenini\u0173 aksesuar\u0173 rekomenduojame apsilankyti m\u016bs\u0173 <a href=\"https:\/\/kabinam.lt\/et\/\" target=\"_blank\" rel=\"noopener\">pagrindiniame puslapyje<\/a> ir per\u017ei\u016br\u0117ti naujausias kolekcijas bei personalizuojamus gaminius.<\/p>\n<h3>Universalus pasirinkimas kiekvienam<\/h3>\n<p>D\u0117l savo neutralaus dizaino \u0161is aksesuaras tinkamas tiek vyrams, tiek moterims. Tai ne tik stiliaus detal\u0117, bet ir savirai\u0161kos priemon\u0117. Moters k\u016bnas \u0161iame pakabuke atvaizduotas subtiliai \u2013 be vulgarumo, i\u0161laikant meno estetik\u0105. D\u0117l to j\u012f m\u0117gsta men\u0105, mad\u0105 ir kokyb\u0119 vertinantys \u017emon\u0117s.<\/p>\n<p>Apie tai, kaip k\u016bno formos interpretuojamos mene ir dizaino objektuose, galite daugiau paskaityti <a href=\"https:\/\/www.artsy.net\/article\/artsy-editorial-art-historys-celebration-female-form\" target=\"_blank\" rel=\"noopener\">Artsy straipsnyje apie moters k\u016bno form\u0105 mene<\/a>.<\/p>\n<h3>Kasutusalad ja kingitsemise v\u00f5imalused<\/h3>\n<p>Kaelakee sobib ideaals kingituseks inimesele, kes hindab esteetilisi ja isiklikult s\u00fcmbolisi objekte. See v\u00f5ib olla ka t\u00e4hendusrikas kingitus l\u00e4hedasele inimesele \u2013 austuse, imetluse v\u00f5i toetuse avaldusena. Iga graveeritud kaelakee valmistatakse t\u00e4pselt, tagades kvaliteedikontrolli ja p\u00fcsivuse.<\/p>\n<p>Lisades sellele kaelakeele teisi aksesuaare meie kollektsioonist, saate luua \u00fchtse stiili kombinatsiooni, mis peegeldab teie unikaalsust ja maitset. Soovitame vaadata <a href=\"https:\/\/kabinam.lt\/et\/aksesuarai\/\" target=\"_blank\" rel=\"noopener\">teisiest aksesuaare<\/a> ja kombinatsioone.<\/p>","protected":false},"excerpt":{"rendered":"<p>Meni\u0161kas, graviruotas moters silueto pakabukas \u2013 subtilus ir eleganti\u0161kas aksesuaras.<\/p>","protected":false},"featured_media":2470,"comment_status":"open","ping_status":"closed","template":"","meta":{"_uag_custom_page_level_css":"","site-sidebar-layout":"default","site-content-layout":"","ast-site-content-layout":"default","site-content-style":"default","site-sidebar-style":"default","ast-global-header-display":"","ast-banner-title-visibility":"","ast-main-header-display":"","ast-hfb-above-header-display":"","ast-hfb-below-header-display":"","ast-hfb-mobile-header-display":"","site-post-title":"","ast-breadcrumbs-content":"","ast-featured-img":"","footer-sml-layout":"","ast-disable-related-posts":"","theme-transparent-header-meta":"default","adv-header-id-meta":"","stick-header-meta":"","header-above-stick-meta":"","header-main-stick-meta":"","header-below-stick-meta":"","astra-migrate-meta-layouts":"set","ast-page-background-enabled":"default","ast-page-background-meta":{"desktop":{"background-color":"var(--ast-global-color-4)","background-image":"","background-repeat":"repeat","background-position":"center center","background-size":"auto","background-attachment":"scroll","background-type":"","background-media":"","overlay-type":"","overlay-color":"","overlay-opacity":"","overlay-gradient":""},"tablet":{"background-color":"","background-image":"","background-repeat":"repeat","background-position":"center center","background-size":"auto","background-attachment":"scroll","background-type":"","background-media":"","overlay-type":"","overlay-color":"","overlay-opacity":"","overlay-gradient":""},"mobile":{"background-color":"","background-image":"","background-repeat":"repeat","background-position":"center center","background-size":"auto","background-attachment":"scroll","background-type":"","background-media":"","overlay-type":"","overlay-color":"","overlay-opacity":"","overlay-gradient":""}},"ast-content-background-meta":{"desktop":{"background-color":"var(--ast-global-color-5)","background-image":"","background-repeat":"repeat","background-position":"center center","background-size":"auto","background-attachment":"scroll","background-type":"","background-media":"","overlay-type":"","overlay-color":"","overlay-opacity":"","overlay-gradient":""},"tablet":{"background-color":"var(--ast-global-color-5)","background-image":"","background-repeat":"repeat","background-position":"center center","background-size":"auto","background-attachment":"scroll","background-type":"","background-media":"","overlay-type":"","overlay-color":"","overlay-opacity":"","overlay-gradient":""},"mobile":{"background-color":"var(--ast-global-color-5)","background-image":"","background-repeat":"repeat","background-position":"center center","background-size":"auto","background-attachment":"scroll","background-type":"","background-media":"","overlay-type":"","overlay-color":"","overlay-opacity":"","overlay-gradient":""}}},"product_brand":[],"product_cat":[126,117,116,95,118],"product_tag":[],"class_list":{"0":"post-2464","1":"product","2":"type-product","3":"status-publish","4":"has-post-thumbnail","6":"product_cat-visi","7":"product_cat-graviruoti-raktu-pakabukai","8":"product_cat-metaliniai-raktu-pakabukai","9":"product_cat-unikalus-raktu-pakabukai","10":"product_cat-dovana-teciui","11":"desktop-align-center","12":"tablet-align-left","13":"mobile-align-left","15":"first","16":"instock","17":"shipping-taxable","18":"purchasable","19":"product-type-variable"},"yoast_head":"<!-- This site is optimized with the Yoast SEO plugin v27.1.1 - https:\/\/yoast.com\/product\/yoast-seo-wordpress\/ -->\n<title>Eleganti\u0161kas pakabukas - kabinam.lt<\/title>\n<meta name=\"description\" content=\"Eleganti\u0161kas pakabukas su moters siluetu \u2013 subtilus, meni\u0161kas graviruotas aksesuaras i\u0161 ner\u016bdijan\u010dio metalo.\" \/>\n<meta name=\"robots\" content=\"index, follow, max-snippet:-1, max-image-preview:large, max-video-preview:-1\" \/>\n<link rel=\"canonical\" href=\"https:\/\/kabinam.lt\/et\/toode\/elegantne-votmehoidja-3\/\" \/>\n<meta property=\"og:locale\" content=\"et_EE\" \/>\n<meta property=\"og:type\" content=\"article\" \/>\n<meta property=\"og:title\" content=\"Eleganti\u0161kas pakabukas - kabinam.lt\" \/>\n<meta property=\"og:description\" content=\"Eleganti\u0161kas pakabukas su moters siluetu \u2013 subtilus, meni\u0161kas graviruotas aksesuaras i\u0161 ner\u016bdijan\u010dio metalo.\" \/>\n<meta property=\"og:url\" content=\"https:\/\/kabinam.lt\/et\/toode\/elegantne-votmehoidja-3\/\" \/>\n<meta property=\"og:site_name\" content=\"kabinam.lt\" \/>\n<meta property=\"article:modified_time\" content=\"2026-01-18T13:56:49+00:00\" \/>\n<meta property=\"og:image\" content=\"https:\/\/kabinam.lt\/wp-content\/uploads\/2024\/08\/IMG_20240815_103812_1723708066787.jpeg\" \/>\n\t<meta property=\"og:image:width\" content=\"1844\" \/>\n\t<meta property=\"og:image:height\" content=\"1844\" \/>\n\t<meta property=\"og:image:type\" content=\"image\/jpeg\" \/>\n<meta name=\"twitter:card\" content=\"summary_large_image\" \/>\n<meta name=\"twitter:label1\" content=\"Est. reading time\" \/>\n\t<meta name=\"twitter:data1\" content=\"2 minutit\" \/>\n<script type=\"application\/ld+json\" class=\"yoast-schema-graph\">{\"@context\":\"https:\/\/schema.org\",\"@graph\":[{\"@type\":[\"WebPage\",\"ItemPage\"],\"@id\":\"https:\/\/kabinam.lt\/eng\/product\/elegant-keychain-3\/\",\"url\":\"https:\/\/kabinam.lt\/eng\/product\/elegant-keychain-3\/\",\"name\":\"Eleganti\u0161kas pakabukas - kabinam.lt\",\"isPartOf\":{\"@id\":\"https:\/\/kabinam.lt\/#website\"},\"primaryImageOfPage\":{\"@id\":\"https:\/\/kabinam.lt\/eng\/product\/elegant-keychain-3\/#primaryimage\"},\"image\":{\"@id\":\"https:\/\/kabinam.lt\/eng\/product\/elegant-keychain-3\/#primaryimage\"},\"thumbnailUrl\":\"https:\/\/kabinam.lt\/wp-content\/uploads\/2024\/08\/IMG_20240815_103812_1723708066787.jpeg\",\"datePublished\":\"2024-08-15T08:18:36+00:00\",\"dateModified\":\"2026-01-18T13:56:49+00:00\",\"description\":\"Eleganti\u0161kas pakabukas su moters siluetu \u2013 subtilus, meni\u0161kas graviruotas aksesuaras i\u0161 ner\u016bdijan\u010dio metalo.\",\"breadcrumb\":{\"@id\":\"https:\/\/kabinam.lt\/eng\/product\/elegant-keychain-3\/#breadcrumb\"},\"inLanguage\":\"et\",\"potentialAction\":[{\"@type\":\"ReadAction\",\"target\":[\"https:\/\/kabinam.lt\/eng\/product\/elegant-keychain-3\/\"]}]},{\"@type\":\"ImageObject\",\"inLanguage\":\"et\",\"@id\":\"https:\/\/kabinam.lt\/eng\/product\/elegant-keychain-3\/#primaryimage\",\"url\":\"https:\/\/kabinam.lt\/wp-content\/uploads\/2024\/08\/IMG_20240815_103812_1723708066787.jpeg\",\"contentUrl\":\"https:\/\/kabinam.lt\/wp-content\/uploads\/2024\/08\/IMG_20240815_103812_1723708066787.jpeg\",\"width\":1844,\"height\":1844,\"caption\":\"Subtiliai graviruotas moters silueto pakabukas\"},{\"@type\":\"BreadcrumbList\",\"@id\":\"https:\/\/kabinam.lt\/eng\/product\/elegant-keychain-3\/#breadcrumb\",\"itemListElement\":[{\"@type\":\"ListItem\",\"position\":1,\"name\":\"Home\",\"item\":\"https:\/\/kabinam.lt\/\"},{\"@type\":\"ListItem\",\"position\":2,\"name\":\"Visi Produktai\",\"item\":\"https:\/\/kabinam.lt\/visi-produktai\/\"},{\"@type\":\"ListItem\",\"position\":3,\"name\":\"Eleganti\u0161kas pakabukas\"}]},{\"@type\":\"WebSite\",\"@id\":\"https:\/\/kabinam.lt\/#website\",\"url\":\"https:\/\/kabinam.lt\/\",\"name\":\"kabinam.lt\",\"description\":\"Kabinam.lt \u2013 raktu pakabukai ir aksesuarai\",\"publisher\":{\"@id\":\"https:\/\/kabinam.lt\/#organization\"},\"alternateName\":\"pakabukai lt\",\"potentialAction\":[{\"@type\":\"SearchAction\",\"target\":{\"@type\":\"EntryPoint\",\"urlTemplate\":\"https:\/\/kabinam.lt\/?s={search_term_string}\"},\"query-input\":{\"@type\":\"PropertyValueSpecification\",\"valueRequired\":true,\"valueName\":\"search_term_string\"}}],\"inLanguage\":\"et\"},{\"@type\":\"Organization\",\"@id\":\"https:\/\/kabinam.lt\/#organization\",\"name\":\"kabinam.lt\",\"alternateName\":\"kabinam\",\"url\":\"https:\/\/kabinam.lt\/\",\"logo\":{\"@type\":\"ImageObject\",\"inLanguage\":\"et\",\"@id\":\"https:\/\/kabinam.lt\/#\/schema\/logo\/image\/\",\"url\":\"https:\/\/kabinam.lt\/wp-content\/uploads\/2025\/05\/KABINAM_outer_glow.png\",\"contentUrl\":\"https:\/\/kabinam.lt\/wp-content\/uploads\/2025\/05\/KABINAM_outer_glow.png\",\"width\":474,\"height\":141,\"caption\":\"kabinam.lt\"},\"image\":{\"@id\":\"https:\/\/kabinam.lt\/#\/schema\/logo\/image\/\"}}]}<\/script>\n<!-- \/ Yoast SEO plugin. -->","yoast_head_json":{"title":"Elegants kuul - kabinam.lt","description":"Elegantne naissiluetiga kaelakee \u2013 peen ja kunstlikult graveerud ehtis roostevabast metallist.","robots":{"index":"index","follow":"follow","max-snippet":"max-snippet:-1","max-image-preview":"max-image-preview:large","max-video-preview":"max-video-preview:-1"},"canonical":"https:\/\/kabinam.lt\/et\/toode\/elegantne-votmehoidja-3\/","og_locale":"et_EE","og_type":"article","og_title":"Eleganti\u0161kas pakabukas - kabinam.lt","og_description":"Eleganti\u0161kas pakabukas su moters siluetu \u2013 subtilus, meni\u0161kas graviruotas aksesuaras i\u0161 ner\u016bdijan\u010dio metalo.","og_url":"https:\/\/kabinam.lt\/et\/toode\/elegantne-votmehoidja-3\/","og_site_name":"kabinam.lt","article_modified_time":"2026-01-18T13:56:49+00:00","og_image":[{"width":1844,"height":1844,"url":"https:\/\/kabinam.lt\/wp-content\/uploads\/2024\/08\/IMG_20240815_103812_1723708066787.jpeg","type":"image\/jpeg"}],"twitter_card":"summary_large_image","twitter_misc":{"Est. reading time":"2 minutit"},"schema":{"@context":"https:\/\/schema.org","@graph":[{"@type":["WebPage","ItemPage"],"@id":"https:\/\/kabinam.lt\/eng\/product\/elegant-keychain-3\/","url":"https:\/\/kabinam.lt\/eng\/product\/elegant-keychain-3\/","name":"Elegants kuul - kabinam.lt","isPartOf":{"@id":"https:\/\/kabinam.lt\/#website"},"primaryImageOfPage":{"@id":"https:\/\/kabinam.lt\/eng\/product\/elegant-keychain-3\/#primaryimage"},"image":{"@id":"https:\/\/kabinam.lt\/eng\/product\/elegant-keychain-3\/#primaryimage"},"thumbnailUrl":"https:\/\/kabinam.lt\/wp-content\/uploads\/2024\/08\/IMG_20240815_103812_1723708066787.jpeg","datePublished":"2024-08-15T08:18:36+00:00","dateModified":"2026-01-18T13:56:49+00:00","description":"Elegantne naissiluetiga kaelakee \u2013 peen ja kunstlikult graveerud ehtis roostevabast metallist.","breadcrumb":{"@id":"https:\/\/kabinam.lt\/eng\/product\/elegant-keychain-3\/#breadcrumb"},"inLanguage":"et","potentialAction":[{"@type":"ReadAction","target":["https:\/\/kabinam.lt\/eng\/product\/elegant-keychain-3\/"]}]},{"@type":"ImageObject","inLanguage":"et","@id":"https:\/\/kabinam.lt\/eng\/product\/elegant-keychain-3\/#primaryimage","url":"https:\/\/kabinam.lt\/wp-content\/uploads\/2024\/08\/IMG_20240815_103812_1723708066787.jpeg","contentUrl":"https:\/\/kabinam.lt\/wp-content\/uploads\/2024\/08\/IMG_20240815_103812_1723708066787.jpeg","width":1844,"height":1844,"caption":"Subtiliai graviruotas moters silueto pakabukas"},{"@type":"BreadcrumbList","@id":"https:\/\/kabinam.lt\/eng\/product\/elegant-keychain-3\/#breadcrumb","itemListElement":[{"@type":"ListItem","position":1,"name":"Home","item":"https:\/\/kabinam.lt\/"},{"@type":"ListItem","position":2,"name":"Visi Produktai","item":"https:\/\/kabinam.lt\/visi-produktai\/"},{"@type":"ListItem","position":3,"name":"Eleganti\u0161kas pakabukas"}]},{"@type":"WebSite","@id":"https:\/\/kabinam.lt\/#website","url":"https:\/\/kabinam.lt\/","name":"kabinam.lt","description":"Kabinam.lt - v\u00f5tmehoidjad ja aksessuaarid","publisher":{"@id":"https:\/\/kabinam.lt\/#organization"},"alternateName":"pakabukai lt","potentialAction":[{"@type":"SearchAction","target":{"@type":"EntryPoint","urlTemplate":"https:\/\/kabinam.lt\/?s={search_term_string}"},"query-input":{"@type":"PropertyValueSpecification","valueRequired":true,"valueName":"search_term_string"}}],"inLanguage":"et"},{"@type":"Organization","@id":"https:\/\/kabinam.lt\/#organization","name":"kabinam.lt","alternateName":"kabinam","url":"https:\/\/kabinam.lt\/","logo":{"@type":"ImageObject","inLanguage":"et","@id":"https:\/\/kabinam.lt\/#\/schema\/logo\/image\/","url":"https:\/\/kabinam.lt\/wp-content\/uploads\/2025\/05\/KABINAM_outer_glow.png","contentUrl":"https:\/\/kabinam.lt\/wp-content\/uploads\/2025\/05\/KABINAM_outer_glow.png","width":474,"height":141,"caption":"kabinam.lt"},"image":{"@id":"https:\/\/kabinam.lt\/#\/schema\/logo\/image\/"}}]}},"uagb_featured_image_src":{"full":["https:\/\/kabinam.lt\/wp-content\/uploads\/2024\/08\/IMG_20240815_103812_1723708066787.jpeg",1844,1844,false],"thumbnail":["https:\/\/kabinam.lt\/wp-content\/uploads\/2024\/08\/IMG_20240815_103812_1723708066787-150x150.jpeg",150,150,true],"medium":["https:\/\/kabinam.lt\/wp-content\/uploads\/2024\/08\/IMG_20240815_103812_1723708066787-300x300.jpeg",300,300,true],"medium_large":["https:\/\/kabinam.lt\/wp-content\/uploads\/2024\/08\/IMG_20240815_103812_1723708066787-768x768.jpeg",768,768,true],"large":["https:\/\/kabinam.lt\/wp-content\/uploads\/2024\/08\/IMG_20240815_103812_1723708066787-1024x1024.jpeg",1024,1024,true],"1536x1536":["https:\/\/kabinam.lt\/wp-content\/uploads\/2024\/08\/IMG_20240815_103812_1723708066787-1536x1536.jpeg",1536,1536,true],"2048x2048":["https:\/\/kabinam.lt\/wp-content\/uploads\/2024\/08\/IMG_20240815_103812_1723708066787.jpeg",1844,1844,false],"trp-custom-language-flag":["https:\/\/kabinam.lt\/wp-content\/uploads\/2024\/08\/IMG_20240815_103812_1723708066787.jpeg",12,12,false],"woocommerce_thumbnail":["https:\/\/kabinam.lt\/wp-content\/uploads\/2024\/08\/IMG_20240815_103812_1723708066787-300x300.jpeg",300,300,true],"woocommerce_single":["https:\/\/kabinam.lt\/wp-content\/uploads\/2024\/08\/IMG_20240815_103812_1723708066787-600x600.jpeg",600,600,true],"woocommerce_gallery_thumbnail":["https:\/\/kabinam.lt\/wp-content\/uploads\/2024\/08\/IMG_20240815_103812_1723708066787-100x100.jpeg",100,100,true]},"uagb_author_info":{"display_name":"kabinam.lt","author_link":"https:\/\/kabinam.lt\/et\/author\/"},"uagb_comment_info":0,"uagb_excerpt":"Meni\u0161kas, graviruotas moters silueto pakabukas \u2013 subtilus ir eleganti\u0161kas aksesuaras.","_links":{"self":[{"href":"https:\/\/kabinam.lt\/et\/wp-json\/wp\/v2\/product\/2464","targetHints":{"allow":["GET"]}}],"collection":[{"href":"https:\/\/kabinam.lt\/et\/wp-json\/wp\/v2\/product"}],"about":[{"href":"https:\/\/kabinam.lt\/et\/wp-json\/wp\/v2\/types\/product"}],"replies":[{"embeddable":true,"href":"https:\/\/kabinam.lt\/et\/wp-json\/wp\/v2\/comments?post=2464"}],"wp:featuredmedia":[{"embeddable":true,"href":"https:\/\/kabinam.lt\/et\/wp-json\/wp\/v2\/media\/2470"}],"wp:attachment":[{"href":"https:\/\/kabinam.lt\/et\/wp-json\/wp\/v2\/media?parent=2464"}],"wp:term":[{"taxonomy":"product_brand","embeddable":true,"href":"https:\/\/kabinam.lt\/et\/wp-json\/wp\/v2\/product_brand?post=2464"},{"taxonomy":"product_cat","embeddable":true,"href":"https:\/\/kabinam.lt\/et\/wp-json\/wp\/v2\/product_cat?post=2464"},{"taxonomy":"product_tag","embeddable":true,"href":"https:\/\/kabinam.lt\/et\/wp-json\/wp\/v2\/product_tag?post=2464"}],"curies":[{"name":"wp","href":"https:\/\/api.w.org\/{rel}","templated":true}]}}