{"id":2420,"date":"2024-08-15T09:47:35","date_gmt":"2024-08-15T06:47:35","guid":{"rendered":"https:\/\/kabinam.lt\/?post_type=product&#038;p=2420"},"modified":"2026-01-18T15:57:36","modified_gmt":"2026-01-18T13:57:36","slug":"graveeritud-voti-amulet-tutar","status":"publish","type":"product","link":"https:\/\/kabinam.lt\/et\/product\/graviruotas-raktu-pakabukas-mergina\/","title":{"rendered":"Graveeritud v\u00f5tmehoidja koos t\u00fcdrukuga - eksklusiivne aksessuaar meestele"},"content":{"rendered":"<div class=\"kk-star-ratings kksr-auto kksr-align-left kksr-valign-top\"\n    data-payload='{&quot;align&quot;:&quot;left&quot;,&quot;id&quot;:&quot;2420&quot;,&quot;slug&quot;:&quot;default&quot;,&quot;valign&quot;:&quot;top&quot;,&quot;ignore&quot;:&quot;&quot;,&quot;reference&quot;:&quot;auto&quot;,&quot;class&quot;:&quot;&quot;,&quot;count&quot;:&quot;0&quot;,&quot;legendonly&quot;:&quot;&quot;,&quot;readonly&quot;:&quot;&quot;,&quot;score&quot;:&quot;0&quot;,&quot;starsonly&quot;:&quot;&quot;,&quot;best&quot;:&quot;5&quot;,&quot;gap&quot;:&quot;5&quot;,&quot;greet&quot;:&quot;Mums svarbus j\u016bs\u0173 \u012fvertinimas&quot;,&quot;legend&quot;:&quot;0\\\/5 - (0 votes)&quot;,&quot;size&quot;:&quot;24&quot;,&quot;title&quot;:&quot;Graviruotas rakt\u0173 pakabukas su mergina \u2013 i\u0161skirtinis aksesuaras vyrams&quot;,&quot;width&quot;:&quot;0&quot;,&quot;_legend&quot;:&quot;{score}\\\/{best} - ({count} {votes})&quot;,&quot;font_factor&quot;:&quot;1.25&quot;}'>\n            \n<div class=\"kksr-stars\">\n    \n<div class=\"kksr-stars-inactive\">\n            <div class=\"kksr-star\" data-star=\"1\" style=\"padding-right: 5px\">\n            \n\n<div class=\"kksr-icon\" style=\"width: 24px; height: 24px;\"><\/div>\n        <\/div>\n            <div class=\"kksr-star\" data-star=\"2\" style=\"padding-right: 5px\">\n            \n\n<div class=\"kksr-icon\" style=\"width: 24px; height: 24px;\"><\/div>\n        <\/div>\n            <div class=\"kksr-star\" data-star=\"3\" style=\"padding-right: 5px\">\n            \n\n<div class=\"kksr-icon\" style=\"width: 24px; height: 24px;\"><\/div>\n        <\/div>\n            <div class=\"kksr-star\" data-star=\"4\" style=\"padding-right: 5px\">\n            \n\n<div class=\"kksr-icon\" style=\"width: 24px; height: 24px;\"><\/div>\n        <\/div>\n            <div class=\"kksr-star\" data-star=\"5\" style=\"padding-right: 5px\">\n            \n\n<div class=\"kksr-icon\" style=\"width: 24px; height: 24px;\"><\/div>\n        <\/div>\n    <\/div>\n    \n<div class=\"kksr-stars-active\" style=\"width: 0px;\">\n            <div class=\"kksr-star\" style=\"padding-right: 5px\">\n            \n\n<div class=\"kksr-icon\" style=\"width: 24px; height: 24px;\"><\/div>\n        <\/div>\n            <div class=\"kksr-star\" style=\"padding-right: 5px\">\n            \n\n<div class=\"kksr-icon\" style=\"width: 24px; height: 24px;\"><\/div>\n        <\/div>\n            <div class=\"kksr-star\" style=\"padding-right: 5px\">\n            \n\n<div class=\"kksr-icon\" style=\"width: 24px; height: 24px;\"><\/div>\n        <\/div>\n            <div class=\"kksr-star\" style=\"padding-right: 5px\">\n            \n\n<div class=\"kksr-icon\" style=\"width: 24px; height: 24px;\"><\/div>\n        <\/div>\n            <div class=\"kksr-star\" style=\"padding-right: 5px\">\n            \n\n<div class=\"kksr-icon\" style=\"width: 24px; height: 24px;\"><\/div>\n        <\/div>\n    <\/div>\n<\/div>\n                \n\n<div class=\"kksr-legend\" style=\"font-size: 19.2px;\">\n            <span class=\"kksr-muted\">Teie hinnang on meile oluline<\/span>\n    <\/div>\n    <\/div>\n<h4 class=\"\" data-start=\"363\" data-end=\"443\"><strong data-start=\"368\" data-end=\"443\">Provokuojantis graviruotas rakt\u0173 pakabukas \u2013 stiliaus akcentas dr\u0105siems<\/strong><\/h4>\n<p class=\"\" data-start=\"445\" data-end=\"802\">Ie\u0161kote aksesuar\u0173, kurie i\u0161siskiria ir atspindi asmenin\u012f stili\u0173? \u0160is <strong data-start=\"514\" data-end=\"545\">graviruotas rakt\u0173 pakabukas<\/strong> su dailios, seksualios merginos atvaizdu \u2013 tai ne tik rakt\u0173 laikiklis, bet ir ry\u0161kus asmeninio \u012fvaizd\u017eio elementas. Toks pakabukas patraukia d\u0117mes\u012f, i\u0161rei\u0161kia charakter\u012f ir puikiai tinka tiems, kurie vertina i\u0161skirtinum\u0105 ir m\u0117gsta provokuojan\u010dius akcentus.<\/p>\n<h4 class=\"\" data-start=\"804\" data-end=\"852\"><strong data-start=\"809\" data-end=\"852\">Tvirtas metalas ir tikslus graviravimas<\/strong><\/h4>\n<p class=\"\" data-start=\"854\" data-end=\"1200\">Pakabukas pagamintas i\u0161 auk\u0161tos kokyb\u0117s metalo, o graviruotas vaizdas \u2013 i\u0161rai\u0161kingas, detaliai i\u0161pildytas. Graviravimo technologija leid\u017eia sukurti ilgaam\u017e\u012f vaizd\u0105, kuris nenusitrina net po ilgo naudojimo. \u0160is <strong data-start=\"1064\" data-end=\"1095\">graviruotas rakt\u0173 pakabukas<\/strong> i\u0161siskiria ne tik dizainu, bet ir tvirtumu \u2013 puikiai atlaiko kasdien\u012f naudojim\u0105, nesibrai\u017eo ir neblunka.<\/p>\n<h4 class=\"\" data-start=\"1202\" data-end=\"1247\"><strong data-start=\"1207\" data-end=\"1247\">Aksesuaras, kuris nepalieka abejing\u0173<\/strong><\/h4>\n<p class=\"\" data-start=\"1249\" data-end=\"1605\">Seksualios merginos motyvas da\u017enai naudojamas automobili\u0173 ir motocikl\u0173 kult\u016broje \u2013 tai simbolis, siejamas su laisve, aistra ir dr\u0105sa. \u0160is pakabukas puikiai tinka vyrams, kurie m\u0117gsta unikalius aksesuarus, kolekcionuoja teminius daiktus arba ie\u0161ko \u012fdomios detal\u0117s savo rakt\u0173 ry\u0161uliui. Tokie aksesuarai tampa ne tik kasdieniu daiktu, bet ir pokalbi\u0173 prad\u017eia.<\/p>\n<h4 class=\"\" data-start=\"1607\" data-end=\"1647\"><strong data-start=\"1612\" data-end=\"1647\">Dovana, kuri i\u0161siskiria i\u0161 kit\u0173<\/strong><\/h4>\n<p class=\"\" data-start=\"1649\" data-end=\"2072\">Ie\u0161kai netradicin\u0117s dovanos vyrui, draugui ar kolegai? Graviruotas pakabukas su merginos atvaizdu \u2013 netik\u0117tas, bet smagus pasirinkimas. Tai gali b\u016bti simboli\u0161ka, \u0161maik\u0161ti arba asmeni\u0161ka dovana, kuri tikrai neliks nepasteb\u0117ta. Jei ie\u0161kai daugiau variant\u0173, per\u017ei\u016br\u0117k <a class=\"\" href=\"https:\/\/kabinam.lt\/et\/koik-tooted\/\" target=\"_new\" rel=\"noopener\" data-start=\"1914\" data-end=\"1967\">k\u00f5ik tooted<\/a> kaudu. <a class=\"\" href=\"https:\/\/kabinam.lt\/et\/tootekategooria\/populaarsete-toodete-kategooria\/\" target=\"_new\" rel=\"noopener\" data-start=\"1971\" data-end=\"2071\">populiariausius pakabukus<\/a>.<\/p>\n<h4 class=\"\" data-start=\"2074\" data-end=\"2148\"><strong data-start=\"2079\" data-end=\"2148\">I\u0161skirtiniai aksesuarai vyrams \u2013 ne tik funkcija, bet ir \u012fvaizdis<\/strong><\/h4>\n<p class=\"\" data-start=\"2150\" data-end=\"2597\">Pakabukai jau seniai nebe vien funkcionalus objektas. Jie tapo stiliaus dalimi \u2013 tai detal\u0117, kuri pasako daugiau nei atrodo i\u0161 pirmo \u017evilgsnio. Jei vertini i\u0161skirtinum\u0105 ir nori pakabuko, kuris tur\u0117t\u0173 charakter\u012f, \u0161is modelis \u2013 kaip tik tau. O jei nori su\u017einoti daugiau apie graviravimo galimybes, rekomenduojame <a class=\"cursor-pointer\" target=\"_new\" rel=\"noopener\" data-start=\"2461\" data-end=\"2578\">see artikkel metall graveerimise tehnoloogiast<\/a> (v\u00e4line link).<\/p>","protected":false},"excerpt":{"rendered":"<p>Tvirtas metalinis graviruotas pakabukas su seksualios merginos atvaizdu \u2013 unikalus ir provokuojantis pasirinkimas.<\/p>","protected":false},"featured_media":2432,"comment_status":"closed","ping_status":"closed","template":"","meta":{"_uag_custom_page_level_css":"","site-sidebar-layout":"default","site-content-layout":"","ast-site-content-layout":"default","site-content-style":"default","site-sidebar-style":"default","ast-global-header-display":"","ast-banner-title-visibility":"","ast-main-header-display":"","ast-hfb-above-header-display":"","ast-hfb-below-header-display":"","ast-hfb-mobile-header-display":"","site-post-title":"","ast-breadcrumbs-content":"","ast-featured-img":"","footer-sml-layout":"","ast-disable-related-posts":"","theme-transparent-header-meta":"default","adv-header-id-meta":"","stick-header-meta":"","header-above-stick-meta":"","header-main-stick-meta":"","header-below-stick-meta":"","astra-migrate-meta-layouts":"set","ast-page-background-enabled":"default","ast-page-background-meta":{"desktop":{"background-color":"var(--ast-global-color-4)","background-image":"","background-repeat":"repeat","background-position":"center center","background-size":"auto","background-attachment":"scroll","background-type":"","background-media":"","overlay-type":"","overlay-color":"","overlay-opacity":"","overlay-gradient":""},"tablet":{"background-color":"","background-image":"","background-repeat":"repeat","background-position":"center center","background-size":"auto","background-attachment":"scroll","background-type":"","background-media":"","overlay-type":"","overlay-color":"","overlay-opacity":"","overlay-gradient":""},"mobile":{"background-color":"","background-image":"","background-repeat":"repeat","background-position":"center center","background-size":"auto","background-attachment":"scroll","background-type":"","background-media":"","overlay-type":"","overlay-color":"","overlay-opacity":"","overlay-gradient":""}},"ast-content-background-meta":{"desktop":{"background-color":"var(--ast-global-color-5)","background-image":"","background-repeat":"repeat","background-position":"center center","background-size":"auto","background-attachment":"scroll","background-type":"","background-media":"","overlay-type":"","overlay-color":"","overlay-opacity":"","overlay-gradient":""},"tablet":{"background-color":"var(--ast-global-color-5)","background-image":"","background-repeat":"repeat","background-position":"center center","background-size":"auto","background-attachment":"scroll","background-type":"","background-media":"","overlay-type":"","overlay-color":"","overlay-opacity":"","overlay-gradient":""},"mobile":{"background-color":"var(--ast-global-color-5)","background-image":"","background-repeat":"repeat","background-position":"center center","background-size":"auto","background-attachment":"scroll","background-type":"","background-media":"","overlay-type":"","overlay-color":"","overlay-opacity":"","overlay-gradient":""}}},"product_brand":[],"product_cat":[126,117,116,95,118],"product_tag":[],"class_list":{"0":"post-2420","1":"product","2":"type-product","3":"status-publish","4":"has-post-thumbnail","6":"product_cat-visi","7":"product_cat-graviruoti-raktu-pakabukai","8":"product_cat-metaliniai-raktu-pakabukai","9":"product_cat-unikalus-raktu-pakabukai","10":"product_cat-dovana-teciui","11":"desktop-align-center","12":"tablet-align-left","13":"mobile-align-left","15":"first","16":"instock","17":"shipping-taxable","18":"purchasable","19":"product-type-variable"},"yoast_head":"<!-- This site is optimized with the Yoast SEO plugin v27.1.1 - https:\/\/yoast.com\/product\/yoast-seo-wordpress\/ -->\n<title>Graviruotas rakt\u0173 pakabukas su mergina \u2013 i\u0161skirtinis aksesuaras vyrams<\/title>\n<meta name=\"description\" content=\"Graviruotas rakt\u0173 pakabukas su mergina \u2013 dr\u0105sus, stilingas ir tvirtas aksesuaras vyrams, ie\u0161kantiems i\u0161skirtinumo.\" \/>\n<meta name=\"robots\" content=\"index, follow, max-snippet:-1, max-image-preview:large, max-video-preview:-1\" \/>\n<link rel=\"canonical\" href=\"https:\/\/kabinam.lt\/et\/toode\/graveeritud-voti-amulet-tutar\/\" \/>\n<meta property=\"og:locale\" content=\"et_EE\" \/>\n<meta property=\"og:type\" content=\"article\" \/>\n<meta property=\"og:title\" content=\"Graviruotas rakt\u0173 pakabukas su mergina \u2013 i\u0161skirtinis aksesuaras vyrams\" \/>\n<meta property=\"og:description\" content=\"Graviruotas rakt\u0173 pakabukas su mergina \u2013 dr\u0105sus, stilingas ir tvirtas aksesuaras vyrams, ie\u0161kantiems i\u0161skirtinumo.\" \/>\n<meta property=\"og:url\" content=\"https:\/\/kabinam.lt\/et\/toode\/graveeritud-voti-amulet-tutar\/\" \/>\n<meta property=\"og:site_name\" content=\"kabinam.lt\" \/>\n<meta property=\"article:modified_time\" content=\"2026-01-18T13:57:36+00:00\" \/>\n<meta property=\"og:image\" content=\"https:\/\/kabinam.lt\/wp-content\/uploads\/2024\/08\/pixelcut-export-1024x1024.png\" \/>\n\t<meta property=\"og:image:width\" content=\"1024\" \/>\n\t<meta property=\"og:image:height\" content=\"1024\" \/>\n\t<meta property=\"og:image:type\" content=\"image\/png\" \/>\n<meta name=\"twitter:card\" content=\"summary_large_image\" \/>\n<meta name=\"twitter:label1\" content=\"Est. reading time\" \/>\n\t<meta name=\"twitter:data1\" content=\"2 minutit\" \/>\n<script type=\"application\/ld+json\" class=\"yoast-schema-graph\">{\"@context\":\"https:\/\/schema.org\",\"@graph\":[{\"@type\":[\"WebPage\",\"ItemPage\"],\"@id\":\"https:\/\/kabinam.lt\/eng\/product\/graviruotas-raktu-pakabukas-mergina\/\",\"url\":\"https:\/\/kabinam.lt\/eng\/product\/graviruotas-raktu-pakabukas-mergina\/\",\"name\":\"Graviruotas rakt\u0173 pakabukas su mergina \u2013 i\u0161skirtinis aksesuaras vyrams\",\"isPartOf\":{\"@id\":\"https:\/\/kabinam.lt\/#website\"},\"primaryImageOfPage\":{\"@id\":\"https:\/\/kabinam.lt\/eng\/product\/graviruotas-raktu-pakabukas-mergina\/#primaryimage\"},\"image\":{\"@id\":\"https:\/\/kabinam.lt\/eng\/product\/graviruotas-raktu-pakabukas-mergina\/#primaryimage\"},\"thumbnailUrl\":\"https:\/\/kabinam.lt\/wp-content\/uploads\/2024\/08\/pixelcut-export.png\",\"datePublished\":\"2024-08-15T06:47:35+00:00\",\"dateModified\":\"2026-01-18T13:57:36+00:00\",\"description\":\"Graviruotas rakt\u0173 pakabukas su mergina \u2013 dr\u0105sus, stilingas ir tvirtas aksesuaras vyrams, ie\u0161kantiems i\u0161skirtinumo.\",\"breadcrumb\":{\"@id\":\"https:\/\/kabinam.lt\/eng\/product\/graviruotas-raktu-pakabukas-mergina\/#breadcrumb\"},\"inLanguage\":\"et\",\"potentialAction\":[{\"@type\":\"ReadAction\",\"target\":[\"https:\/\/kabinam.lt\/eng\/product\/graviruotas-raktu-pakabukas-mergina\/\"]}]},{\"@type\":\"ImageObject\",\"inLanguage\":\"et\",\"@id\":\"https:\/\/kabinam.lt\/eng\/product\/graviruotas-raktu-pakabukas-mergina\/#primaryimage\",\"url\":\"https:\/\/kabinam.lt\/wp-content\/uploads\/2024\/08\/pixelcut-export.png\",\"contentUrl\":\"https:\/\/kabinam.lt\/wp-content\/uploads\/2024\/08\/pixelcut-export.png\",\"width\":1844,\"height\":1844,\"caption\":\"Seksualios merginos graviruotas pakabukas\"},{\"@type\":\"BreadcrumbList\",\"@id\":\"https:\/\/kabinam.lt\/eng\/product\/graviruotas-raktu-pakabukas-mergina\/#breadcrumb\",\"itemListElement\":[{\"@type\":\"ListItem\",\"position\":1,\"name\":\"Home\",\"item\":\"https:\/\/kabinam.lt\/\"},{\"@type\":\"ListItem\",\"position\":2,\"name\":\"Visi Produktai\",\"item\":\"https:\/\/kabinam.lt\/visi-produktai\/\"},{\"@type\":\"ListItem\",\"position\":3,\"name\":\"Graviruotas rakt\u0173 pakabukas su mergina \u2013 i\u0161skirtinis aksesuaras vyrams\"}]},{\"@type\":\"WebSite\",\"@id\":\"https:\/\/kabinam.lt\/#website\",\"url\":\"https:\/\/kabinam.lt\/\",\"name\":\"kabinam.lt\",\"description\":\"Kabinam.lt \u2013 raktu pakabukai ir aksesuarai\",\"publisher\":{\"@id\":\"https:\/\/kabinam.lt\/#organization\"},\"alternateName\":\"pakabukai lt\",\"potentialAction\":[{\"@type\":\"SearchAction\",\"target\":{\"@type\":\"EntryPoint\",\"urlTemplate\":\"https:\/\/kabinam.lt\/?s={search_term_string}\"},\"query-input\":{\"@type\":\"PropertyValueSpecification\",\"valueRequired\":true,\"valueName\":\"search_term_string\"}}],\"inLanguage\":\"et\"},{\"@type\":\"Organization\",\"@id\":\"https:\/\/kabinam.lt\/#organization\",\"name\":\"kabinam.lt\",\"alternateName\":\"kabinam\",\"url\":\"https:\/\/kabinam.lt\/\",\"logo\":{\"@type\":\"ImageObject\",\"inLanguage\":\"et\",\"@id\":\"https:\/\/kabinam.lt\/#\/schema\/logo\/image\/\",\"url\":\"https:\/\/kabinam.lt\/wp-content\/uploads\/2025\/05\/KABINAM_outer_glow.png\",\"contentUrl\":\"https:\/\/kabinam.lt\/wp-content\/uploads\/2025\/05\/KABINAM_outer_glow.png\",\"width\":474,\"height\":141,\"caption\":\"kabinam.lt\"},\"image\":{\"@id\":\"https:\/\/kabinam.lt\/#\/schema\/logo\/image\/\"}}]}<\/script>\n<!-- \/ Yoast SEO plugin. -->","yoast_head_json":{"title":"Graveeritud v\u00f5tmehoidja koos t\u00fcdrukuga - eksklusiivne aksessuaar meestele","description":"Graveeritud v\u00f5tmepesara t\u00fcdrukuga \u2013 arukas, stiilne ja tugev aksessuar meestele, otsivad erilisust.","robots":{"index":"index","follow":"follow","max-snippet":"max-snippet:-1","max-image-preview":"max-image-preview:large","max-video-preview":"max-video-preview:-1"},"canonical":"https:\/\/kabinam.lt\/et\/toode\/graveeritud-voti-amulet-tutar\/","og_locale":"et_EE","og_type":"article","og_title":"Graviruotas rakt\u0173 pakabukas su mergina \u2013 i\u0161skirtinis aksesuaras vyrams","og_description":"Graviruotas rakt\u0173 pakabukas su mergina \u2013 dr\u0105sus, stilingas ir tvirtas aksesuaras vyrams, ie\u0161kantiems i\u0161skirtinumo.","og_url":"https:\/\/kabinam.lt\/et\/toode\/graveeritud-voti-amulet-tutar\/","og_site_name":"kabinam.lt","article_modified_time":"2026-01-18T13:57:36+00:00","og_image":[{"width":1024,"height":1024,"url":"https:\/\/kabinam.lt\/wp-content\/uploads\/2024\/08\/pixelcut-export-1024x1024.png","type":"image\/png"}],"twitter_card":"summary_large_image","twitter_misc":{"Est. reading time":"2 minutit"},"schema":{"@context":"https:\/\/schema.org","@graph":[{"@type":["WebPage","ItemPage"],"@id":"https:\/\/kabinam.lt\/eng\/product\/graviruotas-raktu-pakabukas-mergina\/","url":"https:\/\/kabinam.lt\/eng\/product\/graviruotas-raktu-pakabukas-mergina\/","name":"Graveeritud v\u00f5tmehoidja koos t\u00fcdrukuga - eksklusiivne aksessuaar meestele","isPartOf":{"@id":"https:\/\/kabinam.lt\/#website"},"primaryImageOfPage":{"@id":"https:\/\/kabinam.lt\/eng\/product\/graviruotas-raktu-pakabukas-mergina\/#primaryimage"},"image":{"@id":"https:\/\/kabinam.lt\/eng\/product\/graviruotas-raktu-pakabukas-mergina\/#primaryimage"},"thumbnailUrl":"https:\/\/kabinam.lt\/wp-content\/uploads\/2024\/08\/pixelcut-export.png","datePublished":"2024-08-15T06:47:35+00:00","dateModified":"2026-01-18T13:57:36+00:00","description":"Graveeritud v\u00f5tmepesara t\u00fcdrukuga \u2013 arukas, stiilne ja tugev aksessuar meestele, otsivad erilisust.","breadcrumb":{"@id":"https:\/\/kabinam.lt\/eng\/product\/graviruotas-raktu-pakabukas-mergina\/#breadcrumb"},"inLanguage":"et","potentialAction":[{"@type":"ReadAction","target":["https:\/\/kabinam.lt\/eng\/product\/graviruotas-raktu-pakabukas-mergina\/"]}]},{"@type":"ImageObject","inLanguage":"et","@id":"https:\/\/kabinam.lt\/eng\/product\/graviruotas-raktu-pakabukas-mergina\/#primaryimage","url":"https:\/\/kabinam.lt\/wp-content\/uploads\/2024\/08\/pixelcut-export.png","contentUrl":"https:\/\/kabinam.lt\/wp-content\/uploads\/2024\/08\/pixelcut-export.png","width":1844,"height":1844,"caption":"Seksualios merginos graviruotas pakabukas"},{"@type":"BreadcrumbList","@id":"https:\/\/kabinam.lt\/eng\/product\/graviruotas-raktu-pakabukas-mergina\/#breadcrumb","itemListElement":[{"@type":"ListItem","position":1,"name":"Home","item":"https:\/\/kabinam.lt\/"},{"@type":"ListItem","position":2,"name":"Visi Produktai","item":"https:\/\/kabinam.lt\/visi-produktai\/"},{"@type":"ListItem","position":3,"name":"Graviruotas rakt\u0173 pakabukas su mergina \u2013 i\u0161skirtinis aksesuaras vyrams"}]},{"@type":"WebSite","@id":"https:\/\/kabinam.lt\/#website","url":"https:\/\/kabinam.lt\/","name":"kabinam.lt","description":"Kabinam.lt - v\u00f5tmehoidjad ja aksessuaarid","publisher":{"@id":"https:\/\/kabinam.lt\/#organization"},"alternateName":"pakabukai lt","potentialAction":[{"@type":"SearchAction","target":{"@type":"EntryPoint","urlTemplate":"https:\/\/kabinam.lt\/?s={search_term_string}"},"query-input":{"@type":"PropertyValueSpecification","valueRequired":true,"valueName":"search_term_string"}}],"inLanguage":"et"},{"@type":"Organization","@id":"https:\/\/kabinam.lt\/#organization","name":"kabinam.lt","alternateName":"kabinam","url":"https:\/\/kabinam.lt\/","logo":{"@type":"ImageObject","inLanguage":"et","@id":"https:\/\/kabinam.lt\/#\/schema\/logo\/image\/","url":"https:\/\/kabinam.lt\/wp-content\/uploads\/2025\/05\/KABINAM_outer_glow.png","contentUrl":"https:\/\/kabinam.lt\/wp-content\/uploads\/2025\/05\/KABINAM_outer_glow.png","width":474,"height":141,"caption":"kabinam.lt"},"image":{"@id":"https:\/\/kabinam.lt\/#\/schema\/logo\/image\/"}}]}},"uagb_featured_image_src":{"full":["https:\/\/kabinam.lt\/wp-content\/uploads\/2024\/08\/pixelcut-export.png",1844,1844,false],"thumbnail":["https:\/\/kabinam.lt\/wp-content\/uploads\/2024\/08\/pixelcut-export-150x150.png",150,150,true],"medium":["https:\/\/kabinam.lt\/wp-content\/uploads\/2024\/08\/pixelcut-export-300x300.png",300,300,true],"medium_large":["https:\/\/kabinam.lt\/wp-content\/uploads\/2024\/08\/pixelcut-export-768x768.png",768,768,true],"large":["https:\/\/kabinam.lt\/wp-content\/uploads\/2024\/08\/pixelcut-export-1024x1024.png",1024,1024,true],"1536x1536":["https:\/\/kabinam.lt\/wp-content\/uploads\/2024\/08\/pixelcut-export-1536x1536.png",1536,1536,true],"2048x2048":["https:\/\/kabinam.lt\/wp-content\/uploads\/2024\/08\/pixelcut-export.png",1844,1844,false],"trp-custom-language-flag":["https:\/\/kabinam.lt\/wp-content\/uploads\/2024\/08\/pixelcut-export.png",12,12,false],"woocommerce_thumbnail":["https:\/\/kabinam.lt\/wp-content\/uploads\/2024\/08\/pixelcut-export-300x300.png",300,300,true],"woocommerce_single":["https:\/\/kabinam.lt\/wp-content\/uploads\/2024\/08\/pixelcut-export-600x600.png",600,600,true],"woocommerce_gallery_thumbnail":["https:\/\/kabinam.lt\/wp-content\/uploads\/2024\/08\/pixelcut-export-100x100.png",100,100,true]},"uagb_author_info":{"display_name":"kabinam.lt","author_link":"https:\/\/kabinam.lt\/et\/author\/"},"uagb_comment_info":0,"uagb_excerpt":"Tvirtas metalinis graviruotas pakabukas su seksualios merginos atvaizdu \u2013 unikalus ir provokuojantis pasirinkimas.","_links":{"self":[{"href":"https:\/\/kabinam.lt\/et\/wp-json\/wp\/v2\/product\/2420","targetHints":{"allow":["GET"]}}],"collection":[{"href":"https:\/\/kabinam.lt\/et\/wp-json\/wp\/v2\/product"}],"about":[{"href":"https:\/\/kabinam.lt\/et\/wp-json\/wp\/v2\/types\/product"}],"replies":[{"embeddable":true,"href":"https:\/\/kabinam.lt\/et\/wp-json\/wp\/v2\/comments?post=2420"}],"wp:featuredmedia":[{"embeddable":true,"href":"https:\/\/kabinam.lt\/et\/wp-json\/wp\/v2\/media\/2432"}],"wp:attachment":[{"href":"https:\/\/kabinam.lt\/et\/wp-json\/wp\/v2\/media?parent=2420"}],"wp:term":[{"taxonomy":"product_brand","embeddable":true,"href":"https:\/\/kabinam.lt\/et\/wp-json\/wp\/v2\/product_brand?post=2420"},{"taxonomy":"product_cat","embeddable":true,"href":"https:\/\/kabinam.lt\/et\/wp-json\/wp\/v2\/product_cat?post=2420"},{"taxonomy":"product_tag","embeddable":true,"href":"https:\/\/kabinam.lt\/et\/wp-json\/wp\/v2\/product_tag?post=2420"}],"curies":[{"name":"wp","href":"https:\/\/api.w.org\/{rel}","templated":true}]}}