{"id":2408,"date":"2024-08-15T09:31:40","date_gmt":"2024-08-15T06:31:40","guid":{"rendered":"https:\/\/kabinam.lt\/?post_type=product&#038;p=2408"},"modified":"2026-01-03T18:54:42","modified_gmt":"2026-01-03T16:54:42","slug":"sudamekujuline-ripats","status":"publish","type":"product","link":"https:\/\/kabinam.lt\/et\/product\/sirdeles-formos-pakabukas\/","title":{"rendered":"S\u00fcdamekujuline ripats \u201eIsa minu kangelane\u201c"},"content":{"rendered":"<div class=\"kk-star-ratings kksr-auto kksr-align-left kksr-valign-top\"\n    data-payload='{&quot;align&quot;:&quot;left&quot;,&quot;id&quot;:&quot;2408&quot;,&quot;slug&quot;:&quot;default&quot;,&quot;valign&quot;:&quot;top&quot;,&quot;ignore&quot;:&quot;&quot;,&quot;reference&quot;:&quot;auto&quot;,&quot;class&quot;:&quot;&quot;,&quot;count&quot;:&quot;0&quot;,&quot;legendonly&quot;:&quot;&quot;,&quot;readonly&quot;:&quot;&quot;,&quot;score&quot;:&quot;0&quot;,&quot;starsonly&quot;:&quot;&quot;,&quot;best&quot;:&quot;5&quot;,&quot;gap&quot;:&quot;5&quot;,&quot;greet&quot;:&quot;Mums svarbus j\u016bs\u0173 \u012fvertinimas&quot;,&quot;legend&quot;:&quot;0\\\/5 - (0 votes)&quot;,&quot;size&quot;:&quot;24&quot;,&quot;title&quot;:&quot;\u0160irdel\u0117s formos pakabukas \u201eDad My Hero\u201c&quot;,&quot;width&quot;:&quot;0&quot;,&quot;_legend&quot;:&quot;{score}\\\/{best} - ({count} {votes})&quot;,&quot;font_factor&quot;:&quot;1.25&quot;}'>\n            \n<div class=\"kksr-stars\">\n    \n<div class=\"kksr-stars-inactive\">\n            <div class=\"kksr-star\" data-star=\"1\" style=\"padding-right: 5px\">\n            \n\n<div class=\"kksr-icon\" style=\"width: 24px; height: 24px;\"><\/div>\n        <\/div>\n            <div class=\"kksr-star\" data-star=\"2\" style=\"padding-right: 5px\">\n            \n\n<div class=\"kksr-icon\" style=\"width: 24px; height: 24px;\"><\/div>\n        <\/div>\n            <div class=\"kksr-star\" data-star=\"3\" style=\"padding-right: 5px\">\n            \n\n<div class=\"kksr-icon\" style=\"width: 24px; height: 24px;\"><\/div>\n        <\/div>\n            <div class=\"kksr-star\" data-star=\"4\" style=\"padding-right: 5px\">\n            \n\n<div class=\"kksr-icon\" style=\"width: 24px; height: 24px;\"><\/div>\n        <\/div>\n            <div class=\"kksr-star\" data-star=\"5\" style=\"padding-right: 5px\">\n            \n\n<div class=\"kksr-icon\" style=\"width: 24px; height: 24px;\"><\/div>\n        <\/div>\n    <\/div>\n    \n<div class=\"kksr-stars-active\" style=\"width: 0px;\">\n            <div class=\"kksr-star\" style=\"padding-right: 5px\">\n            \n\n<div class=\"kksr-icon\" style=\"width: 24px; height: 24px;\"><\/div>\n        <\/div>\n            <div class=\"kksr-star\" style=\"padding-right: 5px\">\n            \n\n<div class=\"kksr-icon\" style=\"width: 24px; height: 24px;\"><\/div>\n        <\/div>\n            <div class=\"kksr-star\" style=\"padding-right: 5px\">\n            \n\n<div class=\"kksr-icon\" style=\"width: 24px; height: 24px;\"><\/div>\n        <\/div>\n            <div class=\"kksr-star\" style=\"padding-right: 5px\">\n            \n\n<div class=\"kksr-icon\" style=\"width: 24px; height: 24px;\"><\/div>\n        <\/div>\n            <div class=\"kksr-star\" style=\"padding-right: 5px\">\n            \n\n<div class=\"kksr-icon\" style=\"width: 24px; height: 24px;\"><\/div>\n        <\/div>\n    <\/div>\n<\/div>\n                \n\n<div class=\"kksr-legend\" style=\"font-size: 19.2px;\">\n            <span class=\"kksr-muted\">Teie hinnang on meile oluline<\/span>\n    <\/div>\n    <\/div>\n<h1>S\u00fcdamekujuline ripats \u201eIsa minu kangelane\u201c<\/h1>\n<p><strong>S\u00fcdamekujuline ripats \u201eIsa minu kangelane\u201c<\/strong> - See on tundlik ja t\u00e4hendusrikas aksessuaar, mis on loodud s\u00fcmboolse m\u00e4rgina isa ja lapse vahelisest sidemest. See vastupidavast metallist graveeritud ripats kirjaga \u201eIsa minu kangelane\u201c annab edasi siirast t\u00e4nu ja austust isa vastu. See ei ole mitte ainult praktiline v\u00f5tmehoidja, vaid ka igap\u00e4evane meeldetuletus armastusest ja t\u00e4nulikkusest.<\/p>\n<h2>Emotsionaalselt tugev disain<\/h2>\n<p>Ripats on valmistatud s\u00fcdame kujul, mis iseenesest s\u00fcmboliseerib armastust ja l\u00e4hedust. Keskele graveeritud kiri \u201eIsa, minu kangelane\u201c paistab silma selge kirjat\u00fc\u00fcbiga, mis annab edasi siirast tunnet. See aksessuaar r\u00e4\u00e4gib ilma s\u00f5nadeta, tuletades isale meelde, kui oluline ta on iga kord, kui ta v\u00f5tmed k\u00e4tte v\u00f5tab. See disain on ideaalne inimestele, kes hindavad sentimentaalseid, kuid peeneid kingitusi.<\/p>\n<h2>Vastupidavus ja kvaliteet<\/h2>\n<p>Roostevabast terasest valmistatud s\u00fcdamekujulisel ripatsil on pikk kasutusiga. See on vastupidav keskkonnam\u00f5judele, ei kriimustu ega pleekinud. Graveeritud kiri p\u00fcsib pikka aega s\u00e4rav ja tugev metallr\u00f5ngas hoiab v\u00f5tmeid kindlalt. See on funktsionaalne aksessuaar, mis toimib ka emotsionaalse s\u00fcmbolina.<\/p>\n<h3>Igap\u00e4evane v\u00e4\u00e4rtus ja isiklik t\u00e4hendus<\/h3>\n<p>Kuigi ripatsil on praktiline funktsioon, on selle tegelik v\u00e4\u00e4rtus meeleline. See on odav, kuid v\u00e4ga t\u00e4hendusrikas kingitus, mida v\u00f5ib kinkida mitte ainult p\u00fchade ajal, vaid ka lihtsalt t\u00e4helepanu n\u00e4itamiseks. Enamik isasid ei hinda materiaalseid kingitusi, vaid siiraid \u017eeste, mida see ripats just ongi.<\/p>\n<p>Vaata veel selliseid sentimentaalseid aksessuaare <a href=\"https:\/\/kabinam.lt\/et\/kategorija\/pakabukai\/\" target=\"_blank\" rel=\"noopener\">kabinam.lt ripatsite kategoorias<\/a>, kust leiad k\u00f5ikv\u00f5imalikke kujundeid ja t\u00e4hendusi k\u00f5ikidel puhkudel.<\/p>\n<h3>Mitte ainult p\u00fchadeks - igap\u00e4evaseks t\u00e4henduseks<\/h3>\n<p>See aksessuaar sobib isadep\u00e4evaks, s\u00fcnnip\u00e4evaks v\u00f5i lihtsalt igap\u00e4evaseks tunnustuseks. See ei v\u00f5ta palju ruumi, kuid omab suurt emotsionaalset v\u00e4\u00e4rtust. T\u00e4nu mitmek\u00fclgsele disainile on seda lihtne kohandada mis tahes stiili v\u00f5i isiksuset\u00fc\u00fcbiga.<\/p>\n<p>Saate lugeda, miks isiklikud kingitused on inimestevaheliste suhete jaoks olulised. <a href=\"https:\/\/www.psychologytoday.com\/us\/blog\/pieces-mind\/201612\/the-psychology-gift-giving\" target=\"_blank\" rel=\"noopener\">Psychology Today artikkel kingituste ps\u00fchholoogiast<\/a>.<\/p>","protected":false},"excerpt":{"rendered":"<p>Emotsionaalne ripats isale kirjaga \u201eIsa minu kangelane\u201c - armastuse s\u00fcmbol igap\u00e4evaelus.<\/p>","protected":false},"featured_media":2410,"comment_status":"open","ping_status":"closed","template":"","meta":{"_uag_custom_page_level_css":"","site-sidebar-layout":"default","site-content-layout":"","ast-site-content-layout":"default","site-content-style":"default","site-sidebar-style":"default","ast-global-header-display":"","ast-banner-title-visibility":"","ast-main-header-display":"","ast-hfb-above-header-display":"","ast-hfb-below-header-display":"","ast-hfb-mobile-header-display":"","site-post-title":"","ast-breadcrumbs-content":"","ast-featured-img":"","footer-sml-layout":"","ast-disable-related-posts":"","theme-transparent-header-meta":"default","adv-header-id-meta":"","stick-header-meta":"","header-above-stick-meta":"","header-main-stick-meta":"","header-below-stick-meta":"","astra-migrate-meta-layouts":"set","ast-page-background-enabled":"default","ast-page-background-meta":{"desktop":{"background-color":"var(--ast-global-color-4)","background-image":"","background-repeat":"repeat","background-position":"center center","background-size":"auto","background-attachment":"scroll","background-type":"","background-media":"","overlay-type":"","overlay-color":"","overlay-opacity":"","overlay-gradient":""},"tablet":{"background-color":"","background-image":"","background-repeat":"repeat","background-position":"center center","background-size":"auto","background-attachment":"scroll","background-type":"","background-media":"","overlay-type":"","overlay-color":"","overlay-opacity":"","overlay-gradient":""},"mobile":{"background-color":"","background-image":"","background-repeat":"repeat","background-position":"center center","background-size":"auto","background-attachment":"scroll","background-type":"","background-media":"","overlay-type":"","overlay-color":"","overlay-opacity":"","overlay-gradient":""}},"ast-content-background-meta":{"desktop":{"background-color":"var(--ast-global-color-5)","background-image":"","background-repeat":"repeat","background-position":"center center","background-size":"auto","background-attachment":"scroll","background-type":"","background-media":"","overlay-type":"","overlay-color":"","overlay-opacity":"","overlay-gradient":""},"tablet":{"background-color":"var(--ast-global-color-5)","background-image":"","background-repeat":"repeat","background-position":"center center","background-size":"auto","background-attachment":"scroll","background-type":"","background-media":"","overlay-type":"","overlay-color":"","overlay-opacity":"","overlay-gradient":""},"mobile":{"background-color":"var(--ast-global-color-5)","background-image":"","background-repeat":"repeat","background-position":"center center","background-size":"auto","background-attachment":"scroll","background-type":"","background-media":"","overlay-type":"","overlay-color":"","overlay-opacity":"","overlay-gradient":""}}},"product_brand":[],"product_cat":[126,117,116,95,118],"product_tag":[],"class_list":{"0":"post-2408","1":"product","2":"type-product","3":"status-publish","4":"has-post-thumbnail","6":"product_cat-visi","7":"product_cat-graviruoti-raktu-pakabukai","8":"product_cat-metaliniai-raktu-pakabukai","9":"product_cat-unikalus-raktu-pakabukai","10":"product_cat-dovana-teciui","11":"desktop-align-center","12":"tablet-align-left","13":"mobile-align-left","15":"first","16":"instock","17":"shipping-taxable","18":"purchasable","19":"product-type-simple"},"yoast_head":"<!-- This site is optimized with the Yoast SEO plugin v27.1.1 - https:\/\/yoast.com\/product\/yoast-seo-wordpress\/ -->\n<title>\u0160irdel\u0117s formos pakabukas \u201eDad My Hero\u201c - kabinam.lt<\/title>\n<meta name=\"description\" content=\"\u0160irdel\u0117s formos pakabukas \u201eDad my hero\u201c \u2013 graviruotas metalinis aksesuaras, i\u0161rei\u0161kiantis meil\u0119 ir d\u0117kingum\u0105 t\u0117\u010diui.\" \/>\n<meta name=\"robots\" content=\"index, follow, max-snippet:-1, max-image-preview:large, max-video-preview:-1\" \/>\n<link rel=\"canonical\" href=\"https:\/\/kabinam.lt\/et\/toode\/sudamekujuline-ripats\/\" \/>\n<meta property=\"og:locale\" content=\"et_EE\" \/>\n<meta property=\"og:type\" content=\"article\" \/>\n<meta property=\"og:title\" content=\"\u0160irdel\u0117s formos pakabukas \u201eDad My Hero\u201c - kabinam.lt\" \/>\n<meta property=\"og:description\" content=\"\u0160irdel\u0117s formos pakabukas \u201eDad my hero\u201c \u2013 graviruotas metalinis aksesuaras, i\u0161rei\u0161kiantis meil\u0119 ir d\u0117kingum\u0105 t\u0117\u010diui.\" \/>\n<meta property=\"og:url\" content=\"https:\/\/kabinam.lt\/et\/toode\/sudamekujuline-ripats\/\" \/>\n<meta property=\"og:site_name\" content=\"kabinam.lt\" \/>\n<meta property=\"article:modified_time\" content=\"2026-01-03T16:54:42+00:00\" \/>\n<meta property=\"og:image\" content=\"https:\/\/kabinam.lt\/wp-content\/uploads\/2024\/08\/1710473901494-78d00f24ace64135bdffa3314fbd54c1-goods.jpeg\" \/>\n\t<meta property=\"og:image:width\" content=\"800\" \/>\n\t<meta property=\"og:image:height\" content=\"800\" \/>\n\t<meta property=\"og:image:type\" content=\"image\/jpeg\" \/>\n<meta name=\"twitter:card\" content=\"summary_large_image\" \/>\n<meta name=\"twitter:label1\" content=\"Est. reading time\" \/>\n\t<meta name=\"twitter:data1\" content=\"2 minutit\" \/>\n<script type=\"application\/ld+json\" class=\"yoast-schema-graph\">{\"@context\":\"https:\/\/schema.org\",\"@graph\":[{\"@type\":[\"WebPage\",\"ItemPage\"],\"@id\":\"https:\/\/kabinam.lt\/eng\/product\/heart-shaped-pendant\/\",\"url\":\"https:\/\/kabinam.lt\/eng\/product\/heart-shaped-pendant\/\",\"name\":\"\u0160irdel\u0117s formos pakabukas \u201eDad My Hero\u201c - kabinam.lt\",\"isPartOf\":{\"@id\":\"https:\/\/kabinam.lt\/#website\"},\"primaryImageOfPage\":{\"@id\":\"https:\/\/kabinam.lt\/eng\/product\/heart-shaped-pendant\/#primaryimage\"},\"image\":{\"@id\":\"https:\/\/kabinam.lt\/eng\/product\/heart-shaped-pendant\/#primaryimage\"},\"thumbnailUrl\":\"https:\/\/kabinam.lt\/wp-content\/uploads\/2024\/08\/1710473901494-78d00f24ace64135bdffa3314fbd54c1-goods.jpeg\",\"datePublished\":\"2024-08-15T06:31:40+00:00\",\"dateModified\":\"2026-01-03T16:54:42+00:00\",\"description\":\"\u0160irdel\u0117s formos pakabukas \u201eDad my hero\u201c \u2013 graviruotas metalinis aksesuaras, i\u0161rei\u0161kiantis meil\u0119 ir d\u0117kingum\u0105 t\u0117\u010diui.\",\"breadcrumb\":{\"@id\":\"https:\/\/kabinam.lt\/eng\/product\/heart-shaped-pendant\/#breadcrumb\"},\"inLanguage\":\"et\",\"potentialAction\":[{\"@type\":\"ReadAction\",\"target\":[\"https:\/\/kabinam.lt\/eng\/product\/heart-shaped-pendant\/\"]}]},{\"@type\":\"ImageObject\",\"inLanguage\":\"et\",\"@id\":\"https:\/\/kabinam.lt\/eng\/product\/heart-shaped-pendant\/#primaryimage\",\"url\":\"https:\/\/kabinam.lt\/wp-content\/uploads\/2024\/08\/1710473901494-78d00f24ace64135bdffa3314fbd54c1-goods.jpeg\",\"contentUrl\":\"https:\/\/kabinam.lt\/wp-content\/uploads\/2024\/08\/1710473901494-78d00f24ace64135bdffa3314fbd54c1-goods.jpeg\",\"width\":800,\"height\":800,\"caption\":\"Metalinis pakabukas \u201eDad my hero\u201c \u0161irdel\u0117s formos\"},{\"@type\":\"BreadcrumbList\",\"@id\":\"https:\/\/kabinam.lt\/eng\/product\/heart-shaped-pendant\/#breadcrumb\",\"itemListElement\":[{\"@type\":\"ListItem\",\"position\":1,\"name\":\"Home\",\"item\":\"https:\/\/kabinam.lt\/\"},{\"@type\":\"ListItem\",\"position\":2,\"name\":\"Visi Produktai\",\"item\":\"https:\/\/kabinam.lt\/visi-produktai\/\"},{\"@type\":\"ListItem\",\"position\":3,\"name\":\"\u0160irdel\u0117s formos pakabukas \u201eDad My Hero\u201c\"}]},{\"@type\":\"WebSite\",\"@id\":\"https:\/\/kabinam.lt\/#website\",\"url\":\"https:\/\/kabinam.lt\/\",\"name\":\"kabinam.lt\",\"description\":\"Kabinam.lt \u2013 raktu pakabukai ir aksesuarai\",\"publisher\":{\"@id\":\"https:\/\/kabinam.lt\/#organization\"},\"alternateName\":\"pakabukai lt\",\"potentialAction\":[{\"@type\":\"SearchAction\",\"target\":{\"@type\":\"EntryPoint\",\"urlTemplate\":\"https:\/\/kabinam.lt\/?s={search_term_string}\"},\"query-input\":{\"@type\":\"PropertyValueSpecification\",\"valueRequired\":true,\"valueName\":\"search_term_string\"}}],\"inLanguage\":\"et\"},{\"@type\":\"Organization\",\"@id\":\"https:\/\/kabinam.lt\/#organization\",\"name\":\"kabinam.lt\",\"alternateName\":\"kabinam\",\"url\":\"https:\/\/kabinam.lt\/\",\"logo\":{\"@type\":\"ImageObject\",\"inLanguage\":\"et\",\"@id\":\"https:\/\/kabinam.lt\/#\/schema\/logo\/image\/\",\"url\":\"https:\/\/kabinam.lt\/wp-content\/uploads\/2025\/05\/KABINAM_outer_glow.png\",\"contentUrl\":\"https:\/\/kabinam.lt\/wp-content\/uploads\/2025\/05\/KABINAM_outer_glow.png\",\"width\":474,\"height\":141,\"caption\":\"kabinam.lt\"},\"image\":{\"@id\":\"https:\/\/kabinam.lt\/#\/schema\/logo\/image\/\"}}]}<\/script>\n<!-- \/ Yoast SEO plugin. -->","yoast_head_json":{"title":"S\u00fcdamekujuline ripats \u201eIsa minu kangelane\u201c - kabinam.lt","description":"S\u00fcdamekujuline ripats \u201eIsa minu kangelane\u201c - graveeritud metallist aksessuaar, mis v\u00e4ljendab armastust ja t\u00e4nu isale.","robots":{"index":"index","follow":"follow","max-snippet":"max-snippet:-1","max-image-preview":"max-image-preview:large","max-video-preview":"max-video-preview:-1"},"canonical":"https:\/\/kabinam.lt\/et\/toode\/sudamekujuline-ripats\/","og_locale":"et_EE","og_type":"article","og_title":"\u0160irdel\u0117s formos pakabukas \u201eDad My Hero\u201c - kabinam.lt","og_description":"\u0160irdel\u0117s formos pakabukas \u201eDad my hero\u201c \u2013 graviruotas metalinis aksesuaras, i\u0161rei\u0161kiantis meil\u0119 ir d\u0117kingum\u0105 t\u0117\u010diui.","og_url":"https:\/\/kabinam.lt\/et\/toode\/sudamekujuline-ripats\/","og_site_name":"kabinam.lt","article_modified_time":"2026-01-03T16:54:42+00:00","og_image":[{"width":800,"height":800,"url":"https:\/\/kabinam.lt\/wp-content\/uploads\/2024\/08\/1710473901494-78d00f24ace64135bdffa3314fbd54c1-goods.jpeg","type":"image\/jpeg"}],"twitter_card":"summary_large_image","twitter_misc":{"Est. reading time":"2 minutit"},"schema":{"@context":"https:\/\/schema.org","@graph":[{"@type":["WebPage","ItemPage"],"@id":"https:\/\/kabinam.lt\/eng\/product\/heart-shaped-pendant\/","url":"https:\/\/kabinam.lt\/eng\/product\/heart-shaped-pendant\/","name":"S\u00fcdamekujuline ripats \u201eIsa minu kangelane\u201c - kabinam.lt","isPartOf":{"@id":"https:\/\/kabinam.lt\/#website"},"primaryImageOfPage":{"@id":"https:\/\/kabinam.lt\/eng\/product\/heart-shaped-pendant\/#primaryimage"},"image":{"@id":"https:\/\/kabinam.lt\/eng\/product\/heart-shaped-pendant\/#primaryimage"},"thumbnailUrl":"https:\/\/kabinam.lt\/wp-content\/uploads\/2024\/08\/1710473901494-78d00f24ace64135bdffa3314fbd54c1-goods.jpeg","datePublished":"2024-08-15T06:31:40+00:00","dateModified":"2026-01-03T16:54:42+00:00","description":"S\u00fcdamekujuline ripats \u201eIsa minu kangelane\u201c - graveeritud metallist aksessuaar, mis v\u00e4ljendab armastust ja t\u00e4nu isale.","breadcrumb":{"@id":"https:\/\/kabinam.lt\/eng\/product\/heart-shaped-pendant\/#breadcrumb"},"inLanguage":"et","potentialAction":[{"@type":"ReadAction","target":["https:\/\/kabinam.lt\/eng\/product\/heart-shaped-pendant\/"]}]},{"@type":"ImageObject","inLanguage":"et","@id":"https:\/\/kabinam.lt\/eng\/product\/heart-shaped-pendant\/#primaryimage","url":"https:\/\/kabinam.lt\/wp-content\/uploads\/2024\/08\/1710473901494-78d00f24ace64135bdffa3314fbd54c1-goods.jpeg","contentUrl":"https:\/\/kabinam.lt\/wp-content\/uploads\/2024\/08\/1710473901494-78d00f24ace64135bdffa3314fbd54c1-goods.jpeg","width":800,"height":800,"caption":"Metalinis pakabukas \u201eDad my hero\u201c \u0161irdel\u0117s formos"},{"@type":"BreadcrumbList","@id":"https:\/\/kabinam.lt\/eng\/product\/heart-shaped-pendant\/#breadcrumb","itemListElement":[{"@type":"ListItem","position":1,"name":"Home","item":"https:\/\/kabinam.lt\/"},{"@type":"ListItem","position":2,"name":"Visi Produktai","item":"https:\/\/kabinam.lt\/visi-produktai\/"},{"@type":"ListItem","position":3,"name":"\u0160irdel\u0117s formos pakabukas \u201eDad My Hero\u201c"}]},{"@type":"WebSite","@id":"https:\/\/kabinam.lt\/#website","url":"https:\/\/kabinam.lt\/","name":"kabinam.lt","description":"Kabinam.lt - v\u00f5tmehoidjad ja aksessuaarid","publisher":{"@id":"https:\/\/kabinam.lt\/#organization"},"alternateName":"pakabukai lt","potentialAction":[{"@type":"SearchAction","target":{"@type":"EntryPoint","urlTemplate":"https:\/\/kabinam.lt\/?s={search_term_string}"},"query-input":{"@type":"PropertyValueSpecification","valueRequired":true,"valueName":"search_term_string"}}],"inLanguage":"et"},{"@type":"Organization","@id":"https:\/\/kabinam.lt\/#organization","name":"kabinam.lt","alternateName":"kabinam","url":"https:\/\/kabinam.lt\/","logo":{"@type":"ImageObject","inLanguage":"et","@id":"https:\/\/kabinam.lt\/#\/schema\/logo\/image\/","url":"https:\/\/kabinam.lt\/wp-content\/uploads\/2025\/05\/KABINAM_outer_glow.png","contentUrl":"https:\/\/kabinam.lt\/wp-content\/uploads\/2025\/05\/KABINAM_outer_glow.png","width":474,"height":141,"caption":"kabinam.lt"},"image":{"@id":"https:\/\/kabinam.lt\/#\/schema\/logo\/image\/"}}]}},"uagb_featured_image_src":{"full":["https:\/\/kabinam.lt\/wp-content\/uploads\/2024\/08\/1710473901494-78d00f24ace64135bdffa3314fbd54c1-goods.jpeg",800,800,false],"thumbnail":["https:\/\/kabinam.lt\/wp-content\/uploads\/2024\/08\/1710473901494-78d00f24ace64135bdffa3314fbd54c1-goods-150x150.jpeg",150,150,true],"medium":["https:\/\/kabinam.lt\/wp-content\/uploads\/2024\/08\/1710473901494-78d00f24ace64135bdffa3314fbd54c1-goods-300x300.jpeg",300,300,true],"medium_large":["https:\/\/kabinam.lt\/wp-content\/uploads\/2024\/08\/1710473901494-78d00f24ace64135bdffa3314fbd54c1-goods-768x768.jpeg",768,768,true],"large":["https:\/\/kabinam.lt\/wp-content\/uploads\/2024\/08\/1710473901494-78d00f24ace64135bdffa3314fbd54c1-goods.jpeg",800,800,false],"1536x1536":["https:\/\/kabinam.lt\/wp-content\/uploads\/2024\/08\/1710473901494-78d00f24ace64135bdffa3314fbd54c1-goods.jpeg",800,800,false],"2048x2048":["https:\/\/kabinam.lt\/wp-content\/uploads\/2024\/08\/1710473901494-78d00f24ace64135bdffa3314fbd54c1-goods.jpeg",800,800,false],"trp-custom-language-flag":["https:\/\/kabinam.lt\/wp-content\/uploads\/2024\/08\/1710473901494-78d00f24ace64135bdffa3314fbd54c1-goods.jpeg",12,12,false],"woocommerce_thumbnail":["https:\/\/kabinam.lt\/wp-content\/uploads\/2024\/08\/1710473901494-78d00f24ace64135bdffa3314fbd54c1-goods-300x300.jpeg",300,300,true],"woocommerce_single":["https:\/\/kabinam.lt\/wp-content\/uploads\/2024\/08\/1710473901494-78d00f24ace64135bdffa3314fbd54c1-goods-600x600.jpeg",600,600,true],"woocommerce_gallery_thumbnail":["https:\/\/kabinam.lt\/wp-content\/uploads\/2024\/08\/1710473901494-78d00f24ace64135bdffa3314fbd54c1-goods-100x100.jpeg",100,100,true]},"uagb_author_info":{"display_name":"kabinam.lt","author_link":"https:\/\/kabinam.lt\/et\/author\/"},"uagb_comment_info":0,"uagb_excerpt":"Emocinis pakabukas t\u0117\u010diui su u\u017era\u0161u \u201eDad my hero\u201c \u2013 meil\u0117s simbolis kasdienai.","_links":{"self":[{"href":"https:\/\/kabinam.lt\/et\/wp-json\/wp\/v2\/product\/2408","targetHints":{"allow":["GET"]}}],"collection":[{"href":"https:\/\/kabinam.lt\/et\/wp-json\/wp\/v2\/product"}],"about":[{"href":"https:\/\/kabinam.lt\/et\/wp-json\/wp\/v2\/types\/product"}],"replies":[{"embeddable":true,"href":"https:\/\/kabinam.lt\/et\/wp-json\/wp\/v2\/comments?post=2408"}],"wp:featuredmedia":[{"embeddable":true,"href":"https:\/\/kabinam.lt\/et\/wp-json\/wp\/v2\/media\/2410"}],"wp:attachment":[{"href":"https:\/\/kabinam.lt\/et\/wp-json\/wp\/v2\/media?parent=2408"}],"wp:term":[{"taxonomy":"product_brand","embeddable":true,"href":"https:\/\/kabinam.lt\/et\/wp-json\/wp\/v2\/product_brand?post=2408"},{"taxonomy":"product_cat","embeddable":true,"href":"https:\/\/kabinam.lt\/et\/wp-json\/wp\/v2\/product_cat?post=2408"},{"taxonomy":"product_tag","embeddable":true,"href":"https:\/\/kabinam.lt\/et\/wp-json\/wp\/v2\/product_tag?post=2408"}],"curies":[{"name":"wp","href":"https:\/\/api.w.org\/{rel}","templated":true}]}}