{"id":2346,"date":"2024-08-01T10:40:16","date_gmt":"2024-08-01T07:40:16","guid":{"rendered":"https:\/\/kabinam.lt\/?post_type=product&#038;p=2346"},"modified":"2026-01-03T18:54:43","modified_gmt":"2026-01-03T16:54:43","slug":"disaineri-votmehoidjad-sinine-karu","status":"publish","type":"product","link":"https:\/\/kabinam.lt\/et\/product\/dizaineriu-raktu-pakabukai-melynas-meskis\/","title":{"rendered":"Disainer v\u00f5tmehoidja - sinine karu coolso"},"content":{"rendered":"<div class=\"kk-star-ratings kksr-auto kksr-align-left kksr-valign-top\"\n    data-payload='{&quot;align&quot;:&quot;left&quot;,&quot;id&quot;:&quot;2346&quot;,&quot;slug&quot;:&quot;default&quot;,&quot;valign&quot;:&quot;top&quot;,&quot;ignore&quot;:&quot;&quot;,&quot;reference&quot;:&quot;auto&quot;,&quot;class&quot;:&quot;&quot;,&quot;count&quot;:&quot;0&quot;,&quot;legendonly&quot;:&quot;&quot;,&quot;readonly&quot;:&quot;&quot;,&quot;score&quot;:&quot;0&quot;,&quot;starsonly&quot;:&quot;&quot;,&quot;best&quot;:&quot;5&quot;,&quot;gap&quot;:&quot;5&quot;,&quot;greet&quot;:&quot;Mums svarbus j\u016bs\u0173 \u012fvertinimas&quot;,&quot;legend&quot;:&quot;0\\\/5 - (0 votes)&quot;,&quot;size&quot;:&quot;24&quot;,&quot;title&quot;:&quot;Dizaineri\u0173 rakt\u0173 pakabukai \u2013 m\u0117lynas me\u0161kiukas coolso&quot;,&quot;width&quot;:&quot;0&quot;,&quot;_legend&quot;:&quot;{score}\\\/{best} - ({count} {votes})&quot;,&quot;font_factor&quot;:&quot;1.25&quot;}'>\n            \n<div class=\"kksr-stars\">\n    \n<div class=\"kksr-stars-inactive\">\n            <div class=\"kksr-star\" data-star=\"1\" style=\"padding-right: 5px\">\n            \n\n<div class=\"kksr-icon\" style=\"width: 24px; height: 24px;\"><\/div>\n        <\/div>\n            <div class=\"kksr-star\" data-star=\"2\" style=\"padding-right: 5px\">\n            \n\n<div class=\"kksr-icon\" style=\"width: 24px; height: 24px;\"><\/div>\n        <\/div>\n            <div class=\"kksr-star\" data-star=\"3\" style=\"padding-right: 5px\">\n            \n\n<div class=\"kksr-icon\" style=\"width: 24px; height: 24px;\"><\/div>\n        <\/div>\n            <div class=\"kksr-star\" data-star=\"4\" style=\"padding-right: 5px\">\n            \n\n<div class=\"kksr-icon\" style=\"width: 24px; height: 24px;\"><\/div>\n        <\/div>\n            <div class=\"kksr-star\" data-star=\"5\" style=\"padding-right: 5px\">\n            \n\n<div class=\"kksr-icon\" style=\"width: 24px; height: 24px;\"><\/div>\n        <\/div>\n    <\/div>\n    \n<div class=\"kksr-stars-active\" style=\"width: 0px;\">\n            <div class=\"kksr-star\" style=\"padding-right: 5px\">\n            \n\n<div class=\"kksr-icon\" style=\"width: 24px; height: 24px;\"><\/div>\n        <\/div>\n            <div class=\"kksr-star\" style=\"padding-right: 5px\">\n            \n\n<div class=\"kksr-icon\" style=\"width: 24px; height: 24px;\"><\/div>\n        <\/div>\n            <div class=\"kksr-star\" style=\"padding-right: 5px\">\n            \n\n<div class=\"kksr-icon\" style=\"width: 24px; height: 24px;\"><\/div>\n        <\/div>\n            <div class=\"kksr-star\" style=\"padding-right: 5px\">\n            \n\n<div class=\"kksr-icon\" style=\"width: 24px; height: 24px;\"><\/div>\n        <\/div>\n            <div class=\"kksr-star\" style=\"padding-right: 5px\">\n            \n\n<div class=\"kksr-icon\" style=\"width: 24px; height: 24px;\"><\/div>\n        <\/div>\n    <\/div>\n<\/div>\n                \n\n<div class=\"kksr-legend\" style=\"font-size: 19.2px;\">\n            <span class=\"kksr-muted\">Teie hinnang on meile oluline<\/span>\n    <\/div>\n    <\/div>\n<h4 class=\"\" data-start=\"394\" data-end=\"465\"><strong data-start=\"399\" data-end=\"465\">I\u0161skirtinis stilius kasdienai \u2013 dizaineri\u0173 pakabukas me\u0161kiukas<\/strong><\/h4>\n<p class=\"\" data-start=\"467\" data-end=\"823\">Ie\u0161kai aksesuar\u0173, kurie ne tik funkcional\u016bs, bet ir stilingi? \u0160is m\u0117lynos spalvos pakabukas \u2013 vienas i\u0161 t\u0173 <strong data-start=\"574\" data-end=\"603\">dizaineri\u0173 rakt\u0173 pakabuk\u0173<\/strong>, kurie traukia ak\u012f ir i\u0161rei\u0161kia individual\u0173 skon\u012f. Mielas, auk\u0161tos kokyb\u0117s guminis me\u0161kiukas su baltu u\u017era\u0161u \u201ecoolso\u201c \u2013 tai unikalus aksesuaras, tinkantis tiek jaunimui, tiek suaugusiems, ie\u0161kantiems ko nors nebanalaus.<\/p>\n<p class=\"\" data-start=\"825\" data-end=\"1055\">Pakabuko dizainas \u017eaismingas, bet kartu ir modernus. Ry\u0161ki m\u0117lyna spalva bei kontrastingas u\u017era\u0161as suteikia jam i\u0161skirtinumo. Tokie <strong data-start=\"957\" data-end=\"987\">dizaineri\u0173 rakt\u0173 pakabukai<\/strong> populiar\u016bs tarp t\u0173, kurie vertina mados detales net ir smulkmenose.<\/p>\n<h4 class=\"\" data-start=\"1057\" data-end=\"1100\"><strong data-start=\"1062\" data-end=\"1100\">Kokyb\u0117 ir detal\u0117s, kurios svarbios<\/strong><\/h4>\n<p class=\"\" data-start=\"1102\" data-end=\"1348\">\u0160is pakabukas pagamintas i\u0161 auk\u0161tos kokyb\u0117s gumos. Med\u017eiaga yra maloni liesti, lanksti, ta\u010diau pakankamai tvirta, kad apsaugot\u0173 nuo kasdienio susid\u0117v\u0117jimo. Me\u0161kiuko forma idealiai i\u0161laikyta, detal\u0117s \u2013 ai\u0161kios, o u\u017era\u0161as \u012fspaustas itin kokybi\u0161kai.<\/p>\n<p class=\"\" data-start=\"1350\" data-end=\"1621\">Pakabukas tvirtinamas prie metalinio \u017eiedo, tod\u0117l lengvai pritvirtinamas prie rakt\u0173, kuprin\u0117s ar net rankin\u0117s. Tai universalus aksesuaras, kuris dera tiek su kasdieniu, tiek su sportiniu stiliumi. Tok\u012f pakabuk\u0105 da\u017enai renkasi ir tie, kurie nori i\u0161siskirti miesto minioje.<\/p>\n<h4 class=\"\" data-start=\"1623\" data-end=\"1669\"><strong data-start=\"1628\" data-end=\"1669\">Tinka kaip dovana ir kolekcijos dalis<\/strong><\/h4>\n<p class=\"\" data-start=\"1671\" data-end=\"1972\">\u0160is dizainas ypa\u010d patiks ie\u0161kantiems originalios dovanos. D\u0117l savo i\u0161skirtin\u0117s formos ir dizaino pakabukas tinka tiek vaikams, tiek suaugusiems. Tai smagi staigmena, simbolinis daiktas ar net kolekcionuojamas aksesuaras. Skirting\u0173 spalv\u0173 variantai leid\u017eia pasirinkti pagal nuotaik\u0105 ar asmenin\u012f stili\u0173.<\/p>\n<p class=\"\" data-start=\"1974\" data-end=\"2317\">Ie\u0161kai daugiau unikali\u0173 aksesuar\u0173? Per\u017ei\u016br\u0117k m\u016bs\u0173 <a class=\"\" href=\"https:\/\/kabinam.lt\/et\/tootekategooria\/unikaliu-pakabuku-kategorija\/\" target=\"_new\" rel=\"noopener\" data-start=\"2024\" data-end=\"2120\">unikaalsete ripatsite kollektsioon<\/a> v\u00f5i <a class=\"\" href=\"https:\/\/kabinam.lt\/et\/tootekategooria\/populaarsete-toodete-kategooria\/\" target=\"_new\" rel=\"noopener\" data-start=\"2126\" data-end=\"2226\">k\u00f5ige populaarsemad tooted<\/a>, kur rasi dar daugiau \u012fdomi\u0173 dizain\u0173, \u012fkv\u0117pt\u0173 \u0161iuolaikin\u0117s kult\u016bros ir dizaino tendencij\u0173.<\/p>\n<h4 class=\"\" data-start=\"2319\" data-end=\"2380\"><strong data-start=\"2324\" data-end=\"2380\">Disainerite aksessuaarid \u2013 mitte ainult moe, vaid ka vaade<\/strong><\/h4>\n<p class=\"\" data-start=\"2382\" data-end=\"2761\">N\u00fc\u00fcdisaegne moe julgeb luua individuaalstiili. Isegi v\u00e4ikesed detailid, nagu kaelakeehoidjad, muutuvad enesev\u00e4ljendamise vahendiks. Selliseid aksessuaare n\u00e4eb \u00fcha sagedamini linna noorte ja isegi moemaailma esindajate seas. Nagu kirjutab <a class=\"cursor-pointer\" target=\"_new\" rel=\"noopener\" data-start=\"2596\" data-end=\"2693\">Design Week<\/a>, originaalsed v\u00e4ikesed aksessuaarid muutuvad \u00fcha olulisemaks stiili osaks.<\/p>\n<p class=\"\" data-start=\"2763\" data-end=\"2908\">Disainerite kaelakeehoidjad \u2013 see on rohkem kui ilus detail. See on stiili m\u00e4rk, mis r\u00e4\u00e4gib inimese suhtest detailide, esteetika ja individuaalsusega.<\/p>","protected":false},"excerpt":{"rendered":"<p>M\u0117lynas guminis pakabukas me\u0161kiukas su u\u017era\u0161u coolso \u2013 \u017eaismingas ir stilingas dizaineri\u0173 aksesuaras.<\/p>","protected":false},"featured_media":2347,"comment_status":"closed","ping_status":"closed","template":"","meta":{"_uag_custom_page_level_css":"","site-sidebar-layout":"default","site-content-layout":"","ast-site-content-layout":"default","site-content-style":"default","site-sidebar-style":"default","ast-global-header-display":"","ast-banner-title-visibility":"","ast-main-header-display":"","ast-hfb-above-header-display":"","ast-hfb-below-header-display":"","ast-hfb-mobile-header-display":"","site-post-title":"","ast-breadcrumbs-content":"","ast-featured-img":"","footer-sml-layout":"","ast-disable-related-posts":"","theme-transparent-header-meta":"default","adv-header-id-meta":"","stick-header-meta":"","header-above-stick-meta":"","header-main-stick-meta":"","header-below-stick-meta":"","astra-migrate-meta-layouts":"set","ast-page-background-enabled":"default","ast-page-background-meta":{"desktop":{"background-color":"var(--ast-global-color-4)","background-image":"","background-repeat":"repeat","background-position":"center center","background-size":"auto","background-attachment":"scroll","background-type":"","background-media":"","overlay-type":"","overlay-color":"","overlay-opacity":"","overlay-gradient":""},"tablet":{"background-color":"","background-image":"","background-repeat":"repeat","background-position":"center center","background-size":"auto","background-attachment":"scroll","background-type":"","background-media":"","overlay-type":"","overlay-color":"","overlay-opacity":"","overlay-gradient":""},"mobile":{"background-color":"","background-image":"","background-repeat":"repeat","background-position":"center center","background-size":"auto","background-attachment":"scroll","background-type":"","background-media":"","overlay-type":"","overlay-color":"","overlay-opacity":"","overlay-gradient":""}},"ast-content-background-meta":{"desktop":{"background-color":"var(--ast-global-color-5)","background-image":"","background-repeat":"repeat","background-position":"center center","background-size":"auto","background-attachment":"scroll","background-type":"","background-media":"","overlay-type":"","overlay-color":"","overlay-opacity":"","overlay-gradient":""},"tablet":{"background-color":"var(--ast-global-color-5)","background-image":"","background-repeat":"repeat","background-position":"center center","background-size":"auto","background-attachment":"scroll","background-type":"","background-media":"","overlay-type":"","overlay-color":"","overlay-opacity":"","overlay-gradient":""},"mobile":{"background-color":"var(--ast-global-color-5)","background-image":"","background-repeat":"repeat","background-position":"center center","background-size":"auto","background-attachment":"scroll","background-type":"","background-media":"","overlay-type":"","overlay-color":"","overlay-opacity":"","overlay-gradient":""}}},"product_brand":[],"product_cat":[125,126,95,118,92],"product_tag":[],"class_list":{"0":"post-2346","1":"product","2":"type-product","3":"status-publish","4":"has-post-thumbnail","6":"product_cat-halloween","7":"product_cat-visi","8":"product_cat-unikalus-raktu-pakabukai","9":"product_cat-dovana-teciui","10":"product_cat-populiariausiu-produktu-kategorija","11":"desktop-align-center","12":"tablet-align-left","13":"mobile-align-left","15":"first","16":"instock","17":"shipping-taxable","18":"purchasable","19":"product-type-simple"},"yoast_head":"<!-- This site is optimized with the Yoast SEO plugin v27.1.1 - https:\/\/yoast.com\/product\/yoast-seo-wordpress\/ -->\n<title>Dizaineri\u0173 rakt\u0173 pakabukai \u2013 m\u0117lynas me\u0161kiukas coolso - kabinam.lt<\/title>\n<meta name=\"description\" content=\"Dizaineri\u0173 rakt\u0173 pakabukai \u2013 m\u0117lynas me\u0161kiukas su u\u017era\u0161u coolso. I\u0161skirtinis stiliaus aksesuaras tavo raktams ar kuprinei.\" \/>\n<meta name=\"robots\" content=\"index, follow, max-snippet:-1, max-image-preview:large, max-video-preview:-1\" \/>\n<link rel=\"canonical\" href=\"https:\/\/kabinam.lt\/et\/toode\/disaineri-votmehoidjad-sinine-karu\/\" \/>\n<meta property=\"og:locale\" content=\"et_EE\" \/>\n<meta property=\"og:type\" content=\"article\" \/>\n<meta property=\"og:title\" content=\"Dizaineri\u0173 rakt\u0173 pakabukai \u2013 m\u0117lynas me\u0161kiukas coolso - kabinam.lt\" \/>\n<meta property=\"og:description\" content=\"Dizaineri\u0173 rakt\u0173 pakabukai \u2013 m\u0117lynas me\u0161kiukas su u\u017era\u0161u coolso. I\u0161skirtinis stiliaus aksesuaras tavo raktams ar kuprinei.\" \/>\n<meta property=\"og:url\" content=\"https:\/\/kabinam.lt\/et\/toode\/disaineri-votmehoidjad-sinine-karu\/\" \/>\n<meta property=\"og:site_name\" content=\"kabinam.lt\" \/>\n<meta property=\"article:modified_time\" content=\"2026-01-03T16:54:43+00:00\" \/>\n<meta property=\"og:image\" content=\"https:\/\/kabinam.lt\/wp-content\/uploads\/2024\/08\/56f2708d-f480-4304-8b01-75843295842d.jpg\" \/>\n\t<meta property=\"og:image:width\" content=\"800\" \/>\n\t<meta property=\"og:image:height\" content=\"800\" \/>\n\t<meta property=\"og:image:type\" content=\"image\/jpeg\" \/>\n<meta name=\"twitter:card\" content=\"summary_large_image\" \/>\n<meta name=\"twitter:label1\" content=\"Est. reading time\" \/>\n\t<meta name=\"twitter:data1\" content=\"2 minutit\" \/>\n<script type=\"application\/ld+json\" class=\"yoast-schema-graph\">{\"@context\":\"https:\/\/schema.org\",\"@graph\":[{\"@type\":[\"WebPage\",\"ItemPage\"],\"@id\":\"https:\/\/kabinam.lt\/product\/dizaineriu-raktu-pakabukai-melynas-meskis\/\",\"url\":\"https:\/\/kabinam.lt\/product\/dizaineriu-raktu-pakabukai-melynas-meskis\/\",\"name\":\"Dizaineri\u0173 rakt\u0173 pakabukai \u2013 m\u0117lynas me\u0161kiukas coolso - kabinam.lt\",\"isPartOf\":{\"@id\":\"https:\/\/kabinam.lt\/#website\"},\"primaryImageOfPage\":{\"@id\":\"https:\/\/kabinam.lt\/product\/dizaineriu-raktu-pakabukai-melynas-meskis\/#primaryimage\"},\"image\":{\"@id\":\"https:\/\/kabinam.lt\/product\/dizaineriu-raktu-pakabukai-melynas-meskis\/#primaryimage\"},\"thumbnailUrl\":\"https:\/\/kabinam.lt\/wp-content\/uploads\/2024\/08\/56f2708d-f480-4304-8b01-75843295842d.jpg\",\"datePublished\":\"2024-08-01T07:40:16+00:00\",\"dateModified\":\"2026-01-03T16:54:43+00:00\",\"description\":\"Dizaineri\u0173 rakt\u0173 pakabukai \u2013 m\u0117lynas me\u0161kiukas su u\u017era\u0161u coolso. I\u0161skirtinis stiliaus aksesuaras tavo raktams ar kuprinei.\",\"breadcrumb\":{\"@id\":\"https:\/\/kabinam.lt\/product\/dizaineriu-raktu-pakabukai-melynas-meskis\/#breadcrumb\"},\"inLanguage\":\"et\",\"potentialAction\":[{\"@type\":\"ReadAction\",\"target\":[\"https:\/\/kabinam.lt\/product\/dizaineriu-raktu-pakabukai-melynas-meskis\/\"]}]},{\"@type\":\"ImageObject\",\"inLanguage\":\"et\",\"@id\":\"https:\/\/kabinam.lt\/product\/dizaineriu-raktu-pakabukai-melynas-meskis\/#primaryimage\",\"url\":\"https:\/\/kabinam.lt\/wp-content\/uploads\/2024\/08\/56f2708d-f480-4304-8b01-75843295842d.jpg\",\"contentUrl\":\"https:\/\/kabinam.lt\/wp-content\/uploads\/2024\/08\/56f2708d-f480-4304-8b01-75843295842d.jpg\",\"width\":800,\"height\":800,\"caption\":\"M\u0117lynas dizaineri\u0173 me\u0161kiuko formos pakabukas su u\u017era\u0161u coolso\"},{\"@type\":\"BreadcrumbList\",\"@id\":\"https:\/\/kabinam.lt\/product\/dizaineriu-raktu-pakabukai-melynas-meskis\/#breadcrumb\",\"itemListElement\":[{\"@type\":\"ListItem\",\"position\":1,\"name\":\"Home\",\"item\":\"https:\/\/kabinam.lt\/\"},{\"@type\":\"ListItem\",\"position\":2,\"name\":\"Visi Produktai\",\"item\":\"https:\/\/kabinam.lt\/visi-produktai\/\"},{\"@type\":\"ListItem\",\"position\":3,\"name\":\"Dizaineri\u0173 rakt\u0173 pakabukai \u2013 m\u0117lynas me\u0161kiukas coolso\"}]},{\"@type\":\"WebSite\",\"@id\":\"https:\/\/kabinam.lt\/#website\",\"url\":\"https:\/\/kabinam.lt\/\",\"name\":\"kabinam.lt\",\"description\":\"Kabinam.lt \u2013 raktu pakabukai ir aksesuarai\",\"publisher\":{\"@id\":\"https:\/\/kabinam.lt\/#organization\"},\"alternateName\":\"pakabukai lt\",\"potentialAction\":[{\"@type\":\"SearchAction\",\"target\":{\"@type\":\"EntryPoint\",\"urlTemplate\":\"https:\/\/kabinam.lt\/?s={search_term_string}\"},\"query-input\":{\"@type\":\"PropertyValueSpecification\",\"valueRequired\":true,\"valueName\":\"search_term_string\"}}],\"inLanguage\":\"et\"},{\"@type\":\"Organization\",\"@id\":\"https:\/\/kabinam.lt\/#organization\",\"name\":\"kabinam.lt\",\"alternateName\":\"kabinam\",\"url\":\"https:\/\/kabinam.lt\/\",\"logo\":{\"@type\":\"ImageObject\",\"inLanguage\":\"et\",\"@id\":\"https:\/\/kabinam.lt\/#\/schema\/logo\/image\/\",\"url\":\"https:\/\/kabinam.lt\/wp-content\/uploads\/2025\/05\/KABINAM_outer_glow.png\",\"contentUrl\":\"https:\/\/kabinam.lt\/wp-content\/uploads\/2025\/05\/KABINAM_outer_glow.png\",\"width\":474,\"height\":141,\"caption\":\"kabinam.lt\"},\"image\":{\"@id\":\"https:\/\/kabinam.lt\/#\/schema\/logo\/image\/\"}}]}<\/script>\n<!-- \/ Yoast SEO plugin. -->","yoast_head_json":{"title":"Disaineri v\u00f5tmepesad \u2013 sinine karupoiss coolso - kabinam.lt","description":"Disaineriv\u00f5tme ripatsid - sinine karukes kirjaga \"coolso\". Erisugune stiiliehis sinu v\u00f5tmetele v\u00f5i kotile.","robots":{"index":"index","follow":"follow","max-snippet":"max-snippet:-1","max-image-preview":"max-image-preview:large","max-video-preview":"max-video-preview:-1"},"canonical":"https:\/\/kabinam.lt\/et\/toode\/disaineri-votmehoidjad-sinine-karu\/","og_locale":"et_EE","og_type":"article","og_title":"Dizaineri\u0173 rakt\u0173 pakabukai \u2013 m\u0117lynas me\u0161kiukas coolso - kabinam.lt","og_description":"Dizaineri\u0173 rakt\u0173 pakabukai \u2013 m\u0117lynas me\u0161kiukas su u\u017era\u0161u coolso. I\u0161skirtinis stiliaus aksesuaras tavo raktams ar kuprinei.","og_url":"https:\/\/kabinam.lt\/et\/toode\/disaineri-votmehoidjad-sinine-karu\/","og_site_name":"kabinam.lt","article_modified_time":"2026-01-03T16:54:43+00:00","og_image":[{"width":800,"height":800,"url":"https:\/\/kabinam.lt\/wp-content\/uploads\/2024\/08\/56f2708d-f480-4304-8b01-75843295842d.jpg","type":"image\/jpeg"}],"twitter_card":"summary_large_image","twitter_misc":{"Est. reading time":"2 minutit"},"schema":{"@context":"https:\/\/schema.org","@graph":[{"@type":["WebPage","ItemPage"],"@id":"https:\/\/kabinam.lt\/product\/dizaineriu-raktu-pakabukai-melynas-meskis\/","url":"https:\/\/kabinam.lt\/product\/dizaineriu-raktu-pakabukai-melynas-meskis\/","name":"Disaineri v\u00f5tmepesad \u2013 sinine karupoiss coolso - kabinam.lt","isPartOf":{"@id":"https:\/\/kabinam.lt\/#website"},"primaryImageOfPage":{"@id":"https:\/\/kabinam.lt\/product\/dizaineriu-raktu-pakabukai-melynas-meskis\/#primaryimage"},"image":{"@id":"https:\/\/kabinam.lt\/product\/dizaineriu-raktu-pakabukai-melynas-meskis\/#primaryimage"},"thumbnailUrl":"https:\/\/kabinam.lt\/wp-content\/uploads\/2024\/08\/56f2708d-f480-4304-8b01-75843295842d.jpg","datePublished":"2024-08-01T07:40:16+00:00","dateModified":"2026-01-03T16:54:43+00:00","description":"Disaineriv\u00f5tme ripatsid - sinine karukes kirjaga \"coolso\". Erisugune stiiliehis sinu v\u00f5tmetele v\u00f5i kotile.","breadcrumb":{"@id":"https:\/\/kabinam.lt\/product\/dizaineriu-raktu-pakabukai-melynas-meskis\/#breadcrumb"},"inLanguage":"et","potentialAction":[{"@type":"ReadAction","target":["https:\/\/kabinam.lt\/product\/dizaineriu-raktu-pakabukai-melynas-meskis\/"]}]},{"@type":"ImageObject","inLanguage":"et","@id":"https:\/\/kabinam.lt\/product\/dizaineriu-raktu-pakabukai-melynas-meskis\/#primaryimage","url":"https:\/\/kabinam.lt\/wp-content\/uploads\/2024\/08\/56f2708d-f480-4304-8b01-75843295842d.jpg","contentUrl":"https:\/\/kabinam.lt\/wp-content\/uploads\/2024\/08\/56f2708d-f480-4304-8b01-75843295842d.jpg","width":800,"height":800,"caption":"M\u0117lynas dizaineri\u0173 me\u0161kiuko formos pakabukas su u\u017era\u0161u coolso"},{"@type":"BreadcrumbList","@id":"https:\/\/kabinam.lt\/product\/dizaineriu-raktu-pakabukai-melynas-meskis\/#breadcrumb","itemListElement":[{"@type":"ListItem","position":1,"name":"Home","item":"https:\/\/kabinam.lt\/"},{"@type":"ListItem","position":2,"name":"Visi Produktai","item":"https:\/\/kabinam.lt\/visi-produktai\/"},{"@type":"ListItem","position":3,"name":"Dizaineri\u0173 rakt\u0173 pakabukai \u2013 m\u0117lynas me\u0161kiukas coolso"}]},{"@type":"WebSite","@id":"https:\/\/kabinam.lt\/#website","url":"https:\/\/kabinam.lt\/","name":"kabinam.lt","description":"Kabinam.lt - v\u00f5tmehoidjad ja aksessuaarid","publisher":{"@id":"https:\/\/kabinam.lt\/#organization"},"alternateName":"pakabukai lt","potentialAction":[{"@type":"SearchAction","target":{"@type":"EntryPoint","urlTemplate":"https:\/\/kabinam.lt\/?s={search_term_string}"},"query-input":{"@type":"PropertyValueSpecification","valueRequired":true,"valueName":"search_term_string"}}],"inLanguage":"et"},{"@type":"Organization","@id":"https:\/\/kabinam.lt\/#organization","name":"kabinam.lt","alternateName":"kabinam","url":"https:\/\/kabinam.lt\/","logo":{"@type":"ImageObject","inLanguage":"et","@id":"https:\/\/kabinam.lt\/#\/schema\/logo\/image\/","url":"https:\/\/kabinam.lt\/wp-content\/uploads\/2025\/05\/KABINAM_outer_glow.png","contentUrl":"https:\/\/kabinam.lt\/wp-content\/uploads\/2025\/05\/KABINAM_outer_glow.png","width":474,"height":141,"caption":"kabinam.lt"},"image":{"@id":"https:\/\/kabinam.lt\/#\/schema\/logo\/image\/"}}]}},"uagb_featured_image_src":{"full":["https:\/\/kabinam.lt\/wp-content\/uploads\/2024\/08\/56f2708d-f480-4304-8b01-75843295842d.jpg",800,800,false],"thumbnail":["https:\/\/kabinam.lt\/wp-content\/uploads\/2024\/08\/56f2708d-f480-4304-8b01-75843295842d-150x150.jpg",150,150,true],"medium":["https:\/\/kabinam.lt\/wp-content\/uploads\/2024\/08\/56f2708d-f480-4304-8b01-75843295842d-300x300.jpg",300,300,true],"medium_large":["https:\/\/kabinam.lt\/wp-content\/uploads\/2024\/08\/56f2708d-f480-4304-8b01-75843295842d-768x768.jpg",768,768,true],"large":["https:\/\/kabinam.lt\/wp-content\/uploads\/2024\/08\/56f2708d-f480-4304-8b01-75843295842d.jpg",800,800,false],"1536x1536":["https:\/\/kabinam.lt\/wp-content\/uploads\/2024\/08\/56f2708d-f480-4304-8b01-75843295842d.jpg",800,800,false],"2048x2048":["https:\/\/kabinam.lt\/wp-content\/uploads\/2024\/08\/56f2708d-f480-4304-8b01-75843295842d.jpg",800,800,false],"trp-custom-language-flag":["https:\/\/kabinam.lt\/wp-content\/uploads\/2024\/08\/56f2708d-f480-4304-8b01-75843295842d.jpg",12,12,false],"woocommerce_thumbnail":["https:\/\/kabinam.lt\/wp-content\/uploads\/2024\/08\/56f2708d-f480-4304-8b01-75843295842d-300x300.jpg",300,300,true],"woocommerce_single":["https:\/\/kabinam.lt\/wp-content\/uploads\/2024\/08\/56f2708d-f480-4304-8b01-75843295842d-600x600.jpg",600,600,true],"woocommerce_gallery_thumbnail":["https:\/\/kabinam.lt\/wp-content\/uploads\/2024\/08\/56f2708d-f480-4304-8b01-75843295842d-100x100.jpg",100,100,true]},"uagb_author_info":{"display_name":"kabinam.lt","author_link":"https:\/\/kabinam.lt\/et\/author\/"},"uagb_comment_info":0,"uagb_excerpt":"M\u0117lynas guminis pakabukas me\u0161kiukas su u\u017era\u0161u coolso \u2013 \u017eaismingas ir stilingas dizaineri\u0173 aksesuaras.","_links":{"self":[{"href":"https:\/\/kabinam.lt\/et\/wp-json\/wp\/v2\/product\/2346","targetHints":{"allow":["GET"]}}],"collection":[{"href":"https:\/\/kabinam.lt\/et\/wp-json\/wp\/v2\/product"}],"about":[{"href":"https:\/\/kabinam.lt\/et\/wp-json\/wp\/v2\/types\/product"}],"replies":[{"embeddable":true,"href":"https:\/\/kabinam.lt\/et\/wp-json\/wp\/v2\/comments?post=2346"}],"wp:featuredmedia":[{"embeddable":true,"href":"https:\/\/kabinam.lt\/et\/wp-json\/wp\/v2\/media\/2347"}],"wp:attachment":[{"href":"https:\/\/kabinam.lt\/et\/wp-json\/wp\/v2\/media?parent=2346"}],"wp:term":[{"taxonomy":"product_brand","embeddable":true,"href":"https:\/\/kabinam.lt\/et\/wp-json\/wp\/v2\/product_brand?post=2346"},{"taxonomy":"product_cat","embeddable":true,"href":"https:\/\/kabinam.lt\/et\/wp-json\/wp\/v2\/product_cat?post=2346"},{"taxonomy":"product_tag","embeddable":true,"href":"https:\/\/kabinam.lt\/et\/wp-json\/wp\/v2\/product_tag?post=2346"}],"curies":[{"name":"wp","href":"https:\/\/api.w.org\/{rel}","templated":true}]}}