{"id":2314,"date":"2024-07-30T17:12:40","date_gmt":"2024-07-30T14:12:40","guid":{"rendered":"https:\/\/kabinam.lt\/?post_type=product&#038;p=2314"},"modified":"2026-01-03T18:55:12","modified_gmt":"2026-01-03T16:55:12","slug":"sekmes-kauliuko-raktu-pakabukas","status":"publish","type":"product","link":"https:\/\/kabinam.lt\/et\/product\/sekmes-kauliuko-raktu-pakabukas\/","title":{"rendered":"Lucky Dice v\u00f5tmehoidja - Lucky Dice\u201e"},"content":{"rendered":"<div class=\"kk-star-ratings kksr-auto kksr-align-left kksr-valign-top\"\n    data-payload='{&quot;align&quot;:&quot;left&quot;,&quot;id&quot;:&quot;2314&quot;,&quot;slug&quot;:&quot;default&quot;,&quot;valign&quot;:&quot;top&quot;,&quot;ignore&quot;:&quot;&quot;,&quot;reference&quot;:&quot;auto&quot;,&quot;class&quot;:&quot;&quot;,&quot;count&quot;:&quot;0&quot;,&quot;legendonly&quot;:&quot;&quot;,&quot;readonly&quot;:&quot;&quot;,&quot;score&quot;:&quot;0&quot;,&quot;starsonly&quot;:&quot;&quot;,&quot;best&quot;:&quot;5&quot;,&quot;gap&quot;:&quot;5&quot;,&quot;greet&quot;:&quot;Mums svarbus j\u016bs\u0173 \u012fvertinimas&quot;,&quot;legend&quot;:&quot;0\\\/5 - (0 votes)&quot;,&quot;size&quot;:&quot;24&quot;,&quot;title&quot;:&quot;S\u0117km\u0117s kauliuko rakt\u0173 pakabukas - \\u0026quot;Lucky Dice\\u0026quot;&quot;,&quot;width&quot;:&quot;0&quot;,&quot;_legend&quot;:&quot;{score}\\\/{best} - ({count} {votes})&quot;,&quot;font_factor&quot;:&quot;1.25&quot;}'>\n            \n<div class=\"kksr-stars\">\n    \n<div class=\"kksr-stars-inactive\">\n            <div class=\"kksr-star\" data-star=\"1\" style=\"padding-right: 5px\">\n            \n\n<div class=\"kksr-icon\" style=\"width: 24px; height: 24px;\"><\/div>\n        <\/div>\n            <div class=\"kksr-star\" data-star=\"2\" style=\"padding-right: 5px\">\n            \n\n<div class=\"kksr-icon\" style=\"width: 24px; height: 24px;\"><\/div>\n        <\/div>\n            <div class=\"kksr-star\" data-star=\"3\" style=\"padding-right: 5px\">\n            \n\n<div class=\"kksr-icon\" style=\"width: 24px; height: 24px;\"><\/div>\n        <\/div>\n            <div class=\"kksr-star\" data-star=\"4\" style=\"padding-right: 5px\">\n            \n\n<div class=\"kksr-icon\" style=\"width: 24px; height: 24px;\"><\/div>\n        <\/div>\n            <div class=\"kksr-star\" data-star=\"5\" style=\"padding-right: 5px\">\n            \n\n<div class=\"kksr-icon\" style=\"width: 24px; height: 24px;\"><\/div>\n        <\/div>\n    <\/div>\n    \n<div class=\"kksr-stars-active\" style=\"width: 0px;\">\n            <div class=\"kksr-star\" style=\"padding-right: 5px\">\n            \n\n<div class=\"kksr-icon\" style=\"width: 24px; height: 24px;\"><\/div>\n        <\/div>\n            <div class=\"kksr-star\" style=\"padding-right: 5px\">\n            \n\n<div class=\"kksr-icon\" style=\"width: 24px; height: 24px;\"><\/div>\n        <\/div>\n            <div class=\"kksr-star\" style=\"padding-right: 5px\">\n            \n\n<div class=\"kksr-icon\" style=\"width: 24px; height: 24px;\"><\/div>\n        <\/div>\n            <div class=\"kksr-star\" style=\"padding-right: 5px\">\n            \n\n<div class=\"kksr-icon\" style=\"width: 24px; height: 24px;\"><\/div>\n        <\/div>\n            <div class=\"kksr-star\" style=\"padding-right: 5px\">\n            \n\n<div class=\"kksr-icon\" style=\"width: 24px; height: 24px;\"><\/div>\n        <\/div>\n    <\/div>\n<\/div>\n                \n\n<div class=\"kksr-legend\" style=\"font-size: 19.2px;\">\n            <span class=\"kksr-muted\">Teie hinnang on meile oluline<\/span>\n    <\/div>\n    <\/div>\n<h2 class=\"\" data-start=\"35\" data-end=\"109\">S\u0117km\u0117s kauliuko rakt\u0173 pakabukas \u2013 simbolin\u0117 dovana su teigiama energija<\/h2>\n<p class=\"\" data-start=\"111\" data-end=\"606\"><strong data-start=\"111\" data-end=\"146\">Hea \u00f5nne noppade v\u00f5tmehoidja<\/strong> \u2013 tai puikus pasirinkimas tiems, kurie nori su savimi ne\u0161iotis s\u0117km\u0119. \u0160is stilingas ir prakti\u0161kas rakt\u0173 pakabukas su kauliuko formos dizainu taps ne tik kasdieniu aksesuaru, bet ir talismanu, kuris suteiks teigiam\u0105 energij\u0105 kiekvien\u0105 dien\u0105. Dovanokite s\u0117km\u0119 sau ar savo artimiesiems su \u0161iuo originaliu rakt\u0173 pakabuku. Jei ie\u0161kote kit\u0173 \u012fdomi\u0173 rakt\u0173 pakabuk\u0173, per\u017ei\u016br\u0117kite m\u016bs\u0173 kategorij\u0105 <a class=\"cursor-pointer\" target=\"_new\" rel=\"noopener\" data-start=\"534\" data-end=\"605\">Metaliniai pakabukai<\/a>.<\/p>\n<h2 class=\"\" data-start=\"608\" data-end=\"641\">Dizainas, pritraukiantis s\u0117km\u0119<\/h2>\n<p class=\"\" data-start=\"643\" data-end=\"1048\">See <strong data-start=\"647\" data-end=\"682\">s\u0117km\u0117s kauliuko rakt\u0173 pakabukas<\/strong> yra pagamintas i\u0161 auk\u0161tos kokyb\u0117s metalo ir turi eleganti\u0161k\u0105 sidabrin\u012f pavir\u0161i\u0173. Jis puikiai tinka kaip kasdienis aksesuaras, papuo\u0161iantis j\u016bs\u0173 raktus, arba kaip dovana, kuri ne tik suteiks stiliaus, bet ir pritrauks s\u0117km\u0119. Jei norite dar daugiau unikali\u0173 pakabuk\u0173, u\u017esukite \u012f <a class=\"\" href=\"https:\/\/kabinam.lt\/et\/tootekategooria\/unikaliu-pakabuku-kategorija\/\" target=\"_new\" rel=\"noopener\" data-start=\"960\" data-end=\"1047\">Unikaalsed ripatsid<\/a>.<\/p>\n<h2 class=\"\" data-start=\"1050\" data-end=\"1091\">Kod\u0117l verta rinktis \u0161\u012f rakt\u0173 pakabuk\u0105?<\/h2>\n<ul data-start=\"1093\" data-end=\"1424\">\n<li class=\"\" data-start=\"1093\" data-end=\"1175\">\n<p class=\"\" data-start=\"1095\" data-end=\"1175\"><strong data-start=\"1095\" data-end=\"1108\">Prakt\u0161kas<\/strong> \u2013 Tiks tiek kasdieniam naudojimui, tiek kaip stilingas aksesuaras.<\/p>\n<\/li>\n<li class=\"\" data-start=\"1176\" data-end=\"1252\">\n<p class=\"\" data-start=\"1178\" data-end=\"1252\"><strong data-start=\"1178\" data-end=\"1192\">Simbolinis<\/strong> \u2013 S\u0117km\u0117s kauliukas simbolizuoja s\u0117km\u0119 ir teigiam\u0105 energij\u0105.<\/p>\n<\/li>\n<li class=\"\" data-start=\"1253\" data-end=\"1349\">\n<p class=\"\" data-start=\"1255\" data-end=\"1349\"><strong data-start=\"1255\" data-end=\"1267\">Patvarus<\/strong> \u2013 Pagamintas i\u0161 auk\u0161tos kokyb\u0117s metalo, atsparus d\u0117v\u0117jimui ir aplinkos poveikiui.<\/p>\n<\/li>\n<li class=\"\" data-start=\"1350\" data-end=\"1424\">\n<p class=\"\" data-start=\"1352\" data-end=\"1424\"><strong data-start=\"1352\" data-end=\"1377\">Eleganti\u0161kas dizainas<\/strong> \u2013 Sidabrin\u0117 spalva dera su bet kokiu stiliumi.<\/p>\n<\/li>\n<\/ul>\n<h2 class=\"\" data-start=\"1426\" data-end=\"1442\">Dovanos id\u0117ja<\/h2>\n<p class=\"\" data-start=\"1444\" data-end=\"1587\">\u0160is rakt\u0173 pakabukas su kauliuko dizainu yra puiki dovana bet kokia proga. Jis simbolizuoja s\u0117km\u0119 ir teigiam\u0105 energij\u0105, tod\u0117l puikiai tiks kaip:<\/p>\n<ul data-start=\"1589\" data-end=\"1750\">\n<li class=\"\" data-start=\"1589\" data-end=\"1609\">\n<p class=\"\" data-start=\"1591\" data-end=\"1609\">Gimtadienio dovana<\/p>\n<\/li>\n<li class=\"\" data-start=\"1610\" data-end=\"1637\">\n<p class=\"\" data-start=\"1612\" data-end=\"1637\">S\u0117km\u0117s talismanas draugui<\/p>\n<\/li>\n<li class=\"\" data-start=\"1638\" data-end=\"1691\">\n<p class=\"\" data-start=\"1640\" data-end=\"1691\">Dovana, primenanti apie teigiamus gyvenimo momentus<\/p>\n<\/li>\n<li class=\"\" data-start=\"1692\" data-end=\"1750\">\n<p class=\"\" data-start=\"1694\" data-end=\"1750\">Dovana kolegai ar darbuotojui, siekiant paskatinti s\u0117km\u0119<\/p>\n<\/li>\n<\/ul>\n<p class=\"\" data-start=\"1752\" data-end=\"1919\">Jei norite dar daugiau id\u0117j\u0173 dovanoms, per\u017ei\u016br\u0117kite m\u016bs\u0173 kategorij\u0105 <a class=\"\" href=\"https:\/\/kabinam.lt\/et\/tootekategooria\/populaarsete-toodete-kategooria\/\" target=\"_new\" rel=\"noopener\" data-start=\"1820\" data-end=\"1918\">K\u00f5ige populaarsemad tooted<\/a>.<\/p>\n<h2 class=\"\" data-start=\"1921\" data-end=\"1962\">S\u0117km\u0117s kauliuko rakt\u0173 pakabuko savyb\u0117s<\/h2>\n<ul data-start=\"1964\" data-end=\"2176\">\n<li class=\"\" data-start=\"1964\" data-end=\"2005\">\n<p class=\"\" data-start=\"1966\" data-end=\"2005\"><strong data-start=\"1966\" data-end=\"1978\">Saadaval aadressil<\/strong>: Auk\u0161tos kokyb\u0117s metalas<\/p>\n<\/li>\n<li class=\"\" data-start=\"2006\" data-end=\"2031\">\n<p class=\"\" data-start=\"2008\" data-end=\"2031\"><strong data-start=\"2008\" data-end=\"2018\">V\u00e4rv<\/strong>: Sidabrin\u0117<\/p>\n<\/li>\n<li class=\"\" data-start=\"2056\" data-end=\"2112\">\n<p class=\"\" data-start=\"2058\" data-end=\"2112\"><strong data-start=\"2058\" data-end=\"2071\">Simbolika<\/strong>: S\u0117km\u0117s kauliukas, s\u0117km\u0117s pritraukimas<\/p>\n<\/li>\n<li class=\"\" data-start=\"2113\" data-end=\"2176\">\n<p class=\"\" data-start=\"2115\" data-end=\"2176\"><strong data-start=\"2115\" data-end=\"2133\">Ilgaam\u017ei\u0161kumas<\/strong>: Atsparus aplinkos poveikiui<\/p>\n<\/li>\n<\/ul>\n<p class=\"\" data-start=\"2178\" data-end=\"2300\">\u0160is pakabukas ne tik papuo\u0161 j\u016bs\u0173 raktus, bet ir taps simboliu, kuris pritrauks s\u0117km\u0119 ir teigiam\u0105 energij\u0105 \u012f j\u016bs\u0173 gyvenim\u0105.<\/p>\n<h2 class=\"\" data-start=\"2302\" data-end=\"2319\">Apibendrinimas<\/h2>\n<p class=\"\" data-start=\"2321\" data-end=\"2609\"><strong data-start=\"2321\" data-end=\"2356\">Hea \u00f5nne noppade v\u00f5tmehoidja<\/strong> \u2013 see ei ole ainult stiilne aksessuaar, vaid ka \u00f5nnetalismann, mida saab kandma iga p\u00e4ev. See on hea kingitus, meenutades, et \u00f5nn on alati l\u00e4hedal. Rohkem valikuid leiad meie kategooriast <a class=\"\" href=\"https:\/\/kabinam.lt\/et\/koik-tooted\/\" target=\"_new\" rel=\"noopener\" data-start=\"2556\" data-end=\"2608\">K\u00f5ik tooted<\/a>.<\/p>","protected":false},"excerpt":{"rendered":"<p>Sidabrinis rakt\u0173 pakabukas su s\u0117km\u0117s kauliuko dizainu. Ideali dovana ir s\u0117km\u0117s simbolis.<\/p>","protected":false},"featured_media":2319,"comment_status":"closed","ping_status":"closed","template":"","meta":{"_uag_custom_page_level_css":"","site-sidebar-layout":"default","site-content-layout":"","ast-site-content-layout":"default","site-content-style":"default","site-sidebar-style":"default","ast-global-header-display":"","ast-banner-title-visibility":"","ast-main-header-display":"","ast-hfb-above-header-display":"","ast-hfb-below-header-display":"","ast-hfb-mobile-header-display":"","site-post-title":"","ast-breadcrumbs-content":"","ast-featured-img":"","footer-sml-layout":"","ast-disable-related-posts":"","theme-transparent-header-meta":"default","adv-header-id-meta":"","stick-header-meta":"","header-above-stick-meta":"","header-main-stick-meta":"","header-below-stick-meta":"","astra-migrate-meta-layouts":"set","ast-page-background-enabled":"default","ast-page-background-meta":{"desktop":{"background-color":"var(--ast-global-color-4)","background-image":"","background-repeat":"repeat","background-position":"center center","background-size":"auto","background-attachment":"scroll","background-type":"","background-media":"","overlay-type":"","overlay-color":"","overlay-opacity":"","overlay-gradient":""},"tablet":{"background-color":"","background-image":"","background-repeat":"repeat","background-position":"center center","background-size":"auto","background-attachment":"scroll","background-type":"","background-media":"","overlay-type":"","overlay-color":"","overlay-opacity":"","overlay-gradient":""},"mobile":{"background-color":"","background-image":"","background-repeat":"repeat","background-position":"center center","background-size":"auto","background-attachment":"scroll","background-type":"","background-media":"","overlay-type":"","overlay-color":"","overlay-opacity":"","overlay-gradient":""}},"ast-content-background-meta":{"desktop":{"background-color":"var(--ast-global-color-5)","background-image":"","background-repeat":"repeat","background-position":"center center","background-size":"auto","background-attachment":"scroll","background-type":"","background-media":"","overlay-type":"","overlay-color":"","overlay-opacity":"","overlay-gradient":""},"tablet":{"background-color":"var(--ast-global-color-5)","background-image":"","background-repeat":"repeat","background-position":"center center","background-size":"auto","background-attachment":"scroll","background-type":"","background-media":"","overlay-type":"","overlay-color":"","overlay-opacity":"","overlay-gradient":""},"mobile":{"background-color":"var(--ast-global-color-5)","background-image":"","background-repeat":"repeat","background-position":"center center","background-size":"auto","background-attachment":"scroll","background-type":"","background-media":"","overlay-type":"","overlay-color":"","overlay-opacity":"","overlay-gradient":""}}},"product_brand":[],"product_cat":[126,116,95,118,92],"product_tag":[],"class_list":{"0":"post-2314","1":"product","2":"type-product","3":"status-publish","4":"has-post-thumbnail","6":"product_cat-visi","7":"product_cat-metaliniai-raktu-pakabukai","8":"product_cat-unikalus-raktu-pakabukai","9":"product_cat-dovana-teciui","10":"product_cat-populiariausiu-produktu-kategorija","11":"desktop-align-center","12":"tablet-align-left","13":"mobile-align-left","15":"first","16":"instock","17":"shipping-taxable","18":"purchasable","19":"product-type-simple"},"yoast_head":"<!-- This site is optimized with the Yoast SEO plugin v27.1.1 - https:\/\/yoast.com\/product\/yoast-seo-wordpress\/ -->\n<title>S\u0117km\u0117s kauliuko rakt\u0173 pakabukas - &quot;Lucky Dice&quot; - kabinam.lt<\/title>\n<meta name=\"description\" content=\"S\u0117km\u0117s kauliuko rakt\u0173 pakabukas &quot;lucky dice&quot; \u2013 sidabrinis, s\u0117km\u0117s simbolis, puiki dovana bet kokiai progai ne\u0161anti s\u0117km\u0119!\" \/>\n<meta name=\"robots\" content=\"index, follow, max-snippet:-1, max-image-preview:large, max-video-preview:-1\" \/>\n<link rel=\"canonical\" href=\"https:\/\/kabinam.lt\/et\/toode\/sekmes-kauliuko-raktu-pakabukas\/\" \/>\n<meta property=\"og:locale\" content=\"et_EE\" \/>\n<meta property=\"og:type\" content=\"article\" \/>\n<meta property=\"og:title\" content=\"S\u0117km\u0117s kauliuko rakt\u0173 pakabukas - &quot;Lucky Dice&quot; - kabinam.lt\" \/>\n<meta property=\"og:description\" content=\"S\u0117km\u0117s kauliuko rakt\u0173 pakabukas &quot;lucky dice&quot; \u2013 sidabrinis, s\u0117km\u0117s simbolis, puiki dovana bet kokiai progai ne\u0161anti s\u0117km\u0119!\" \/>\n<meta property=\"og:url\" content=\"https:\/\/kabinam.lt\/et\/toode\/sekmes-kauliuko-raktu-pakabukas\/\" \/>\n<meta property=\"og:site_name\" content=\"kabinam.lt\" \/>\n<meta property=\"article:modified_time\" content=\"2026-01-03T16:55:12+00:00\" \/>\n<meta property=\"og:image\" content=\"https:\/\/kabinam.lt\/wp-content\/uploads\/2024\/07\/cfde70d21b45cecae1432dc9d8efbb7f.jpg\" \/>\n\t<meta property=\"og:image:width\" content=\"800\" \/>\n\t<meta property=\"og:image:height\" content=\"800\" \/>\n\t<meta property=\"og:image:type\" content=\"image\/jpeg\" \/>\n<meta name=\"twitter:card\" content=\"summary_large_image\" \/>\n<meta name=\"twitter:label1\" content=\"Est. reading time\" \/>\n\t<meta name=\"twitter:data1\" content=\"2 minutit\" \/>\n<script type=\"application\/ld+json\" class=\"yoast-schema-graph\">{\"@context\":\"https:\/\/schema.org\",\"@graph\":[{\"@type\":[\"WebPage\",\"ItemPage\"],\"@id\":\"https:\/\/kabinam.lt\/product\/sekmes-kauliuko-raktu-pakabukas\/\",\"url\":\"https:\/\/kabinam.lt\/product\/sekmes-kauliuko-raktu-pakabukas\/\",\"name\":\"S\u0117km\u0117s kauliuko rakt\u0173 pakabukas - \\\"Lucky Dice\\\" - kabinam.lt\",\"isPartOf\":{\"@id\":\"https:\/\/kabinam.lt\/#website\"},\"primaryImageOfPage\":{\"@id\":\"https:\/\/kabinam.lt\/product\/sekmes-kauliuko-raktu-pakabukas\/#primaryimage\"},\"image\":{\"@id\":\"https:\/\/kabinam.lt\/product\/sekmes-kauliuko-raktu-pakabukas\/#primaryimage\"},\"thumbnailUrl\":\"https:\/\/kabinam.lt\/wp-content\/uploads\/2024\/07\/cfde70d21b45cecae1432dc9d8efbb7f.jpg\",\"datePublished\":\"2024-07-30T14:12:40+00:00\",\"dateModified\":\"2026-01-03T16:55:12+00:00\",\"description\":\"S\u0117km\u0117s kauliuko rakt\u0173 pakabukas \\\"lucky dice\\\" \u2013 sidabrinis, s\u0117km\u0117s simbolis, puiki dovana bet kokiai progai ne\u0161anti s\u0117km\u0119!\",\"breadcrumb\":{\"@id\":\"https:\/\/kabinam.lt\/product\/sekmes-kauliuko-raktu-pakabukas\/#breadcrumb\"},\"inLanguage\":\"et\",\"potentialAction\":[{\"@type\":\"ReadAction\",\"target\":[\"https:\/\/kabinam.lt\/product\/sekmes-kauliuko-raktu-pakabukas\/\"]}]},{\"@type\":\"ImageObject\",\"inLanguage\":\"et\",\"@id\":\"https:\/\/kabinam.lt\/product\/sekmes-kauliuko-raktu-pakabukas\/#primaryimage\",\"url\":\"https:\/\/kabinam.lt\/wp-content\/uploads\/2024\/07\/cfde70d21b45cecae1432dc9d8efbb7f.jpg\",\"contentUrl\":\"https:\/\/kabinam.lt\/wp-content\/uploads\/2024\/07\/cfde70d21b45cecae1432dc9d8efbb7f.jpg\",\"width\":800,\"height\":800,\"caption\":\"S\u0117km\u0117s kauliuko rakt\u0173 pakabukas sidabrinis\"},{\"@type\":\"BreadcrumbList\",\"@id\":\"https:\/\/kabinam.lt\/product\/sekmes-kauliuko-raktu-pakabukas\/#breadcrumb\",\"itemListElement\":[{\"@type\":\"ListItem\",\"position\":1,\"name\":\"Home\",\"item\":\"https:\/\/kabinam.lt\/\"},{\"@type\":\"ListItem\",\"position\":2,\"name\":\"Visi Produktai\",\"item\":\"https:\/\/kabinam.lt\/visi-produktai\/\"},{\"@type\":\"ListItem\",\"position\":3,\"name\":\"S\u0117km\u0117s kauliuko rakt\u0173 pakabukas &#8211; &#8220;Lucky Dice&#8221;\"}]},{\"@type\":\"WebSite\",\"@id\":\"https:\/\/kabinam.lt\/#website\",\"url\":\"https:\/\/kabinam.lt\/\",\"name\":\"kabinam.lt\",\"description\":\"Kabinam.lt \u2013 raktu pakabukai ir aksesuarai\",\"publisher\":{\"@id\":\"https:\/\/kabinam.lt\/#organization\"},\"alternateName\":\"pakabukai lt\",\"potentialAction\":[{\"@type\":\"SearchAction\",\"target\":{\"@type\":\"EntryPoint\",\"urlTemplate\":\"https:\/\/kabinam.lt\/?s={search_term_string}\"},\"query-input\":{\"@type\":\"PropertyValueSpecification\",\"valueRequired\":true,\"valueName\":\"search_term_string\"}}],\"inLanguage\":\"et\"},{\"@type\":\"Organization\",\"@id\":\"https:\/\/kabinam.lt\/#organization\",\"name\":\"kabinam.lt\",\"alternateName\":\"kabinam\",\"url\":\"https:\/\/kabinam.lt\/\",\"logo\":{\"@type\":\"ImageObject\",\"inLanguage\":\"et\",\"@id\":\"https:\/\/kabinam.lt\/#\/schema\/logo\/image\/\",\"url\":\"https:\/\/kabinam.lt\/wp-content\/uploads\/2025\/05\/KABINAM_outer_glow.png\",\"contentUrl\":\"https:\/\/kabinam.lt\/wp-content\/uploads\/2025\/05\/KABINAM_outer_glow.png\",\"width\":474,\"height\":141,\"caption\":\"kabinam.lt\"},\"image\":{\"@id\":\"https:\/\/kabinam.lt\/#\/schema\/logo\/image\/\"}}]}<\/script>\n<!-- \/ Yoast SEO plugin. -->","yoast_head_json":{"title":"\u00d5nne t\u00e4ringu v\u00f5tmete kett - \"Lucky Dice\" - kabinam.lt","description":"S\u0117km\u0117s kauliuko rakt\u0173 pakabukas \"lucky dice\" \u2013 sidabrinis, s\u0117km\u0117s simbolis, puiki dovana bet kokiai progai ne\u0161anti s\u0117km\u0119!","robots":{"index":"index","follow":"follow","max-snippet":"max-snippet:-1","max-image-preview":"max-image-preview:large","max-video-preview":"max-video-preview:-1"},"canonical":"https:\/\/kabinam.lt\/et\/toode\/sekmes-kauliuko-raktu-pakabukas\/","og_locale":"et_EE","og_type":"article","og_title":"S\u0117km\u0117s kauliuko rakt\u0173 pakabukas - \"Lucky Dice\" - kabinam.lt","og_description":"S\u0117km\u0117s kauliuko rakt\u0173 pakabukas \"lucky dice\" \u2013 sidabrinis, s\u0117km\u0117s simbolis, puiki dovana bet kokiai progai ne\u0161anti s\u0117km\u0119!","og_url":"https:\/\/kabinam.lt\/et\/toode\/sekmes-kauliuko-raktu-pakabukas\/","og_site_name":"kabinam.lt","article_modified_time":"2026-01-03T16:55:12+00:00","og_image":[{"width":800,"height":800,"url":"https:\/\/kabinam.lt\/wp-content\/uploads\/2024\/07\/cfde70d21b45cecae1432dc9d8efbb7f.jpg","type":"image\/jpeg"}],"twitter_card":"summary_large_image","twitter_misc":{"Est. reading time":"2 minutit"},"schema":{"@context":"https:\/\/schema.org","@graph":[{"@type":["WebPage","ItemPage"],"@id":"https:\/\/kabinam.lt\/product\/sekmes-kauliuko-raktu-pakabukas\/","url":"https:\/\/kabinam.lt\/product\/sekmes-kauliuko-raktu-pakabukas\/","name":"\u00d5nne t\u00e4ringu v\u00f5tmete kett - \"Lucky Dice\" - kabinam.lt","isPartOf":{"@id":"https:\/\/kabinam.lt\/#website"},"primaryImageOfPage":{"@id":"https:\/\/kabinam.lt\/product\/sekmes-kauliuko-raktu-pakabukas\/#primaryimage"},"image":{"@id":"https:\/\/kabinam.lt\/product\/sekmes-kauliuko-raktu-pakabukas\/#primaryimage"},"thumbnailUrl":"https:\/\/kabinam.lt\/wp-content\/uploads\/2024\/07\/cfde70d21b45cecae1432dc9d8efbb7f.jpg","datePublished":"2024-07-30T14:12:40+00:00","dateModified":"2026-01-03T16:55:12+00:00","description":"S\u0117km\u0117s kauliuko rakt\u0173 pakabukas \"lucky dice\" \u2013 sidabrinis, s\u0117km\u0117s simbolis, puiki dovana bet kokiai progai ne\u0161anti s\u0117km\u0119!","breadcrumb":{"@id":"https:\/\/kabinam.lt\/product\/sekmes-kauliuko-raktu-pakabukas\/#breadcrumb"},"inLanguage":"et","potentialAction":[{"@type":"ReadAction","target":["https:\/\/kabinam.lt\/product\/sekmes-kauliuko-raktu-pakabukas\/"]}]},{"@type":"ImageObject","inLanguage":"et","@id":"https:\/\/kabinam.lt\/product\/sekmes-kauliuko-raktu-pakabukas\/#primaryimage","url":"https:\/\/kabinam.lt\/wp-content\/uploads\/2024\/07\/cfde70d21b45cecae1432dc9d8efbb7f.jpg","contentUrl":"https:\/\/kabinam.lt\/wp-content\/uploads\/2024\/07\/cfde70d21b45cecae1432dc9d8efbb7f.jpg","width":800,"height":800,"caption":"S\u0117km\u0117s kauliuko rakt\u0173 pakabukas sidabrinis"},{"@type":"BreadcrumbList","@id":"https:\/\/kabinam.lt\/product\/sekmes-kauliuko-raktu-pakabukas\/#breadcrumb","itemListElement":[{"@type":"ListItem","position":1,"name":"Home","item":"https:\/\/kabinam.lt\/"},{"@type":"ListItem","position":2,"name":"Visi Produktai","item":"https:\/\/kabinam.lt\/visi-produktai\/"},{"@type":"ListItem","position":3,"name":"S\u0117km\u0117s kauliuko rakt\u0173 pakabukas &#8211; &#8220;Lucky Dice&#8221;"}]},{"@type":"WebSite","@id":"https:\/\/kabinam.lt\/#website","url":"https:\/\/kabinam.lt\/","name":"kabinam.lt","description":"Kabinam.lt - v\u00f5tmehoidjad ja aksessuaarid","publisher":{"@id":"https:\/\/kabinam.lt\/#organization"},"alternateName":"pakabukai lt","potentialAction":[{"@type":"SearchAction","target":{"@type":"EntryPoint","urlTemplate":"https:\/\/kabinam.lt\/?s={search_term_string}"},"query-input":{"@type":"PropertyValueSpecification","valueRequired":true,"valueName":"search_term_string"}}],"inLanguage":"et"},{"@type":"Organization","@id":"https:\/\/kabinam.lt\/#organization","name":"kabinam.lt","alternateName":"kabinam","url":"https:\/\/kabinam.lt\/","logo":{"@type":"ImageObject","inLanguage":"et","@id":"https:\/\/kabinam.lt\/#\/schema\/logo\/image\/","url":"https:\/\/kabinam.lt\/wp-content\/uploads\/2025\/05\/KABINAM_outer_glow.png","contentUrl":"https:\/\/kabinam.lt\/wp-content\/uploads\/2025\/05\/KABINAM_outer_glow.png","width":474,"height":141,"caption":"kabinam.lt"},"image":{"@id":"https:\/\/kabinam.lt\/#\/schema\/logo\/image\/"}}]}},"uagb_featured_image_src":{"full":["https:\/\/kabinam.lt\/wp-content\/uploads\/2024\/07\/cfde70d21b45cecae1432dc9d8efbb7f.jpg",800,800,false],"thumbnail":["https:\/\/kabinam.lt\/wp-content\/uploads\/2024\/07\/cfde70d21b45cecae1432dc9d8efbb7f-150x150.jpg",150,150,true],"medium":["https:\/\/kabinam.lt\/wp-content\/uploads\/2024\/07\/cfde70d21b45cecae1432dc9d8efbb7f-300x300.jpg",300,300,true],"medium_large":["https:\/\/kabinam.lt\/wp-content\/uploads\/2024\/07\/cfde70d21b45cecae1432dc9d8efbb7f-768x768.jpg",768,768,true],"large":["https:\/\/kabinam.lt\/wp-content\/uploads\/2024\/07\/cfde70d21b45cecae1432dc9d8efbb7f.jpg",800,800,false],"1536x1536":["https:\/\/kabinam.lt\/wp-content\/uploads\/2024\/07\/cfde70d21b45cecae1432dc9d8efbb7f.jpg",800,800,false],"2048x2048":["https:\/\/kabinam.lt\/wp-content\/uploads\/2024\/07\/cfde70d21b45cecae1432dc9d8efbb7f.jpg",800,800,false],"trp-custom-language-flag":["https:\/\/kabinam.lt\/wp-content\/uploads\/2024\/07\/cfde70d21b45cecae1432dc9d8efbb7f.jpg",12,12,false],"woocommerce_thumbnail":["https:\/\/kabinam.lt\/wp-content\/uploads\/2024\/07\/cfde70d21b45cecae1432dc9d8efbb7f-300x300.jpg",300,300,true],"woocommerce_single":["https:\/\/kabinam.lt\/wp-content\/uploads\/2024\/07\/cfde70d21b45cecae1432dc9d8efbb7f-600x600.jpg",600,600,true],"woocommerce_gallery_thumbnail":["https:\/\/kabinam.lt\/wp-content\/uploads\/2024\/07\/cfde70d21b45cecae1432dc9d8efbb7f-100x100.jpg",100,100,true]},"uagb_author_info":{"display_name":"kabinam.lt","author_link":"https:\/\/kabinam.lt\/et\/author\/"},"uagb_comment_info":0,"uagb_excerpt":"Sidabrinis rakt\u0173 pakabukas su s\u0117km\u0117s kauliuko dizainu. Ideali dovana ir s\u0117km\u0117s simbolis.","_links":{"self":[{"href":"https:\/\/kabinam.lt\/et\/wp-json\/wp\/v2\/product\/2314","targetHints":{"allow":["GET"]}}],"collection":[{"href":"https:\/\/kabinam.lt\/et\/wp-json\/wp\/v2\/product"}],"about":[{"href":"https:\/\/kabinam.lt\/et\/wp-json\/wp\/v2\/types\/product"}],"replies":[{"embeddable":true,"href":"https:\/\/kabinam.lt\/et\/wp-json\/wp\/v2\/comments?post=2314"}],"wp:featuredmedia":[{"embeddable":true,"href":"https:\/\/kabinam.lt\/et\/wp-json\/wp\/v2\/media\/2319"}],"wp:attachment":[{"href":"https:\/\/kabinam.lt\/et\/wp-json\/wp\/v2\/media?parent=2314"}],"wp:term":[{"taxonomy":"product_brand","embeddable":true,"href":"https:\/\/kabinam.lt\/et\/wp-json\/wp\/v2\/product_brand?post=2314"},{"taxonomy":"product_cat","embeddable":true,"href":"https:\/\/kabinam.lt\/et\/wp-json\/wp\/v2\/product_cat?post=2314"},{"taxonomy":"product_tag","embeddable":true,"href":"https:\/\/kabinam.lt\/et\/wp-json\/wp\/v2\/product_tag?post=2314"}],"curies":[{"name":"wp","href":"https:\/\/api.w.org\/{rel}","templated":true}]}}