{"id":2300,"date":"2024-07-30T16:58:19","date_gmt":"2024-07-30T13:58:19","guid":{"rendered":"https:\/\/kabinam.lt\/?post_type=product&#038;p=2300"},"modified":"2026-01-18T16:02:08","modified_gmt":"2026-01-18T14:02:08","slug":"punutud-noor-votmete-jaoks","status":"publish","type":"product","link":"https:\/\/kabinam.lt\/et\/product\/pinta-virvele-raktams\/","title":{"rendered":"Pinta nahast v\u00f5tmehoidja v\u00f5tmete jaoks"},"content":{"rendered":"<div class=\"kk-star-ratings kksr-auto kksr-align-left kksr-valign-top\"\n    data-payload='{&quot;align&quot;:&quot;left&quot;,&quot;id&quot;:&quot;2300&quot;,&quot;slug&quot;:&quot;default&quot;,&quot;valign&quot;:&quot;top&quot;,&quot;ignore&quot;:&quot;&quot;,&quot;reference&quot;:&quot;auto&quot;,&quot;class&quot;:&quot;&quot;,&quot;count&quot;:&quot;0&quot;,&quot;legendonly&quot;:&quot;&quot;,&quot;readonly&quot;:&quot;&quot;,&quot;score&quot;:&quot;0&quot;,&quot;starsonly&quot;:&quot;&quot;,&quot;best&quot;:&quot;5&quot;,&quot;gap&quot;:&quot;5&quot;,&quot;greet&quot;:&quot;Mums svarbus j\u016bs\u0173 \u012fvertinimas&quot;,&quot;legend&quot;:&quot;0\\\/5 - (0 votes)&quot;,&quot;size&quot;:&quot;24&quot;,&quot;title&quot;:&quot;Pinta Odin\u0117 virvel\u0117 raktams&quot;,&quot;width&quot;:&quot;0&quot;,&quot;_legend&quot;:&quot;{score}\\\/{best} - ({count} {votes})&quot;,&quot;font_factor&quot;:&quot;1.25&quot;}'>\n            \n<div class=\"kksr-stars\">\n    \n<div class=\"kksr-stars-inactive\">\n            <div class=\"kksr-star\" data-star=\"1\" style=\"padding-right: 5px\">\n            \n\n<div class=\"kksr-icon\" style=\"width: 24px; height: 24px;\"><\/div>\n        <\/div>\n            <div class=\"kksr-star\" data-star=\"2\" style=\"padding-right: 5px\">\n            \n\n<div class=\"kksr-icon\" style=\"width: 24px; height: 24px;\"><\/div>\n        <\/div>\n            <div class=\"kksr-star\" data-star=\"3\" style=\"padding-right: 5px\">\n            \n\n<div class=\"kksr-icon\" style=\"width: 24px; height: 24px;\"><\/div>\n        <\/div>\n            <div class=\"kksr-star\" data-star=\"4\" style=\"padding-right: 5px\">\n            \n\n<div class=\"kksr-icon\" style=\"width: 24px; height: 24px;\"><\/div>\n        <\/div>\n            <div class=\"kksr-star\" data-star=\"5\" style=\"padding-right: 5px\">\n            \n\n<div class=\"kksr-icon\" style=\"width: 24px; height: 24px;\"><\/div>\n        <\/div>\n    <\/div>\n    \n<div class=\"kksr-stars-active\" style=\"width: 0px;\">\n            <div class=\"kksr-star\" style=\"padding-right: 5px\">\n            \n\n<div class=\"kksr-icon\" style=\"width: 24px; height: 24px;\"><\/div>\n        <\/div>\n            <div class=\"kksr-star\" style=\"padding-right: 5px\">\n            \n\n<div class=\"kksr-icon\" style=\"width: 24px; height: 24px;\"><\/div>\n        <\/div>\n            <div class=\"kksr-star\" style=\"padding-right: 5px\">\n            \n\n<div class=\"kksr-icon\" style=\"width: 24px; height: 24px;\"><\/div>\n        <\/div>\n            <div class=\"kksr-star\" style=\"padding-right: 5px\">\n            \n\n<div class=\"kksr-icon\" style=\"width: 24px; height: 24px;\"><\/div>\n        <\/div>\n            <div class=\"kksr-star\" style=\"padding-right: 5px\">\n            \n\n<div class=\"kksr-icon\" style=\"width: 24px; height: 24px;\"><\/div>\n        <\/div>\n    <\/div>\n<\/div>\n                \n\n<div class=\"kksr-legend\" style=\"font-size: 19.2px;\">\n            <span class=\"kksr-muted\">Teie hinnang on meile oluline<\/span>\n    <\/div>\n    <\/div>\n<h1>Punutud nahast pael v\u00f5tmete jaoks<\/h1>\n<p><strong>Punutud nahast pael v\u00f5tmete jaoks<\/strong> - See on praktiline ja stiilne aksessuaar, mis sobib igap\u00e4evaseks kasutamiseks. See kaelarihm on valmistatud kvaliteetsest kunstnahast (PU), mis on vastupidav ja tugev. Peenike punutud disain lisab erip\u00e4ra ja lai v\u00e4rvivalik v\u00f5imaldab teil kohandada seda oma individuaalse stiiliga. See aksessuaar on kasulik nii linnainimesele kui ka aktiivsele vaba aja veetjale.<\/p>\n<h2>Stiilne igap\u00e4evane aksessuaar<\/h2>\n<p>V\u00f5tmehoidjad muutuvad sageli igap\u00e4evaelu lahutamatuks osaks. See punutud PU nahast pael ei paku mitte ainult mugavat v\u00f5imalust v\u00f5tmete hoidmiseks, vaid t\u00e4iendab ka teie \u00fcldist v\u00e4ljan\u00e4gemist. Selle disain sobib nii sportliku kui ka klassikalise stiiliga. T\u00e4nu neutraalsele, kuid elegantsele v\u00e4limusele sobib see ideaalselt seljakoti, auto v\u00f5i maja v\u00f5tmete juurde.<\/p>\n<h2>Erinevad v\u00e4rvid, mis sobivad individuaalsele maitsele<\/h2>\n<p>Toode on saadaval mitmes v\u00e4rvitoonis, nii et iga\u00fcks saab valida endale sobiva. Vali musta, pruuni, tumesinise v\u00f5i muude toonide vahel, mis on k\u00f5ik mitmek\u00fclgsed ja mida saab sobitada erinevate aksessuaaridega. V\u00e4rvide mitmekesisus v\u00f5imaldab teil kohandada n\u00f6\u00f6ri nii oma isikliku kui ka t\u00f6\u00f6elu jaoks.<\/p>\n<p>Kui soovite kombineerida n\u00f6\u00f6ri v\u00f5tmehoidja v\u00f5i muu tarvikuga, siis soovitame vaadata <a href=\"https:\/\/kabinam.lt\/et\/\" target=\"_blank\" rel=\"noopener\">muud tooted meie tootevalikus<\/a>. Leiad erinevaid lahendusi, mis sobivad kokku stiililt ja funktsionaalsuselt.<\/p>\n<h3>Praktilisus ja kvaliteet<\/h3>\n<p>See nahkn\u00f6\u00f6r on valmistatud pol\u00fcuretaanist (PU), mis on populaarne oma tugevuse ja vastupidavuse poolest. See s\u00e4ilitab oma kuju ka p\u00e4rast pikaajalist kasutamist ja n\u00f6\u00f6ri kudumine takistab selle kerget kulumist. Metallr\u00f5ngas tagab v\u00f5tmete kindla hoidmise ja klamber v\u00f5imaldab kiiret kinnitamist mis tahes pinna k\u00fclge.<\/p>\n<p>Lisateave kaasaegsete aksessuaaride ja nende kasutamise kohta igap\u00e4evaelus <a href=\"https:\/\/www.gq.com\/story\/everyday-carry-essentials\" target=\"_blank\" rel=\"noopener\">selles GQ artiklis igap\u00e4evaste aksessuaaride kohta<\/a>.<\/p>\n<h3>Kellele see n\u00f6\u00f6r sobib?<\/h3>\n<p>See toode sobib k\u00f5igile, kes hindavad lihtsust, funktsionaalsust ja esteetikat. Ideaalne inimestele, kes vahetavad sageli k\u00e4ekotte, seljakotte v\u00f5i autosid, sest t\u00e4nu kiirkinnitusmehhanismile on juhtme uuesti kinnitamine lihtne. Seda on mugav kasutada ka reisides v\u00f5i \u00f5ues t\u00f6\u00f6tades.<\/p>\n<p>See toode on populaarne klientide seas, kes hindavad praktilisi aksessuaare, mida saab kasutada iga p\u00e4ev ilma t\u00e4iendava vaevata.<\/p>","protected":false},"excerpt":{"rendered":"<p>PU nahast punutud v\u00f5tmepael - vastupidav, stiilne, erinevates v\u00e4rvides.<\/p>","protected":false},"featured_media":2304,"comment_status":"closed","ping_status":"closed","template":"","meta":{"_uag_custom_page_level_css":"","site-sidebar-layout":"default","site-content-layout":"","ast-site-content-layout":"default","site-content-style":"default","site-sidebar-style":"default","ast-global-header-display":"","ast-banner-title-visibility":"","ast-main-header-display":"","ast-hfb-above-header-display":"","ast-hfb-below-header-display":"","ast-hfb-mobile-header-display":"","site-post-title":"","ast-breadcrumbs-content":"","ast-featured-img":"","footer-sml-layout":"","ast-disable-related-posts":"","theme-transparent-header-meta":"default","adv-header-id-meta":"","stick-header-meta":"","header-above-stick-meta":"","header-main-stick-meta":"","header-below-stick-meta":"","astra-migrate-meta-layouts":"set","ast-page-background-enabled":"default","ast-page-background-meta":{"desktop":{"background-color":"var(--ast-global-color-4)","background-image":"","background-repeat":"repeat","background-position":"center center","background-size":"auto","background-attachment":"scroll","background-type":"","background-media":"","overlay-type":"","overlay-color":"","overlay-opacity":"","overlay-gradient":""},"tablet":{"background-color":"","background-image":"","background-repeat":"repeat","background-position":"center center","background-size":"auto","background-attachment":"scroll","background-type":"","background-media":"","overlay-type":"","overlay-color":"","overlay-opacity":"","overlay-gradient":""},"mobile":{"background-color":"","background-image":"","background-repeat":"repeat","background-position":"center center","background-size":"auto","background-attachment":"scroll","background-type":"","background-media":"","overlay-type":"","overlay-color":"","overlay-opacity":"","overlay-gradient":""}},"ast-content-background-meta":{"desktop":{"background-color":"var(--ast-global-color-5)","background-image":"","background-repeat":"repeat","background-position":"center center","background-size":"auto","background-attachment":"scroll","background-type":"","background-media":"","overlay-type":"","overlay-color":"","overlay-opacity":"","overlay-gradient":""},"tablet":{"background-color":"var(--ast-global-color-5)","background-image":"","background-repeat":"repeat","background-position":"center center","background-size":"auto","background-attachment":"scroll","background-type":"","background-media":"","overlay-type":"","overlay-color":"","overlay-opacity":"","overlay-gradient":""},"mobile":{"background-color":"var(--ast-global-color-5)","background-image":"","background-repeat":"repeat","background-position":"center center","background-size":"auto","background-attachment":"scroll","background-type":"","background-media":"","overlay-type":"","overlay-color":"","overlay-opacity":"","overlay-gradient":""}}},"product_brand":[],"product_cat":[126,95,118],"product_tag":[],"class_list":{"0":"post-2300","1":"product","2":"type-product","3":"status-publish","4":"has-post-thumbnail","6":"product_cat-visi","7":"product_cat-unikalus-raktu-pakabukai","8":"product_cat-dovana-teciui","9":"desktop-align-center","10":"tablet-align-left","11":"mobile-align-left","13":"first","14":"instock","15":"shipping-taxable","16":"purchasable","17":"product-type-variable"},"yoast_head":"<!-- This site is optimized with the Yoast SEO plugin v27.1.1 - https:\/\/yoast.com\/product\/yoast-seo-wordpress\/ -->\n<title>Pinta Odin\u0117 virvel\u0117 raktams - kabinam.lt<\/title>\n<meta name=\"description\" content=\"Pinta odin\u0117 virvel\u0117 raktams \u2013 stilingas ir prakti\u0161kas PU odos aksesuaras, si\u016blomas \u012fvairi\u0173 spalv\u0173 pasirinkimu.\" \/>\n<meta name=\"robots\" content=\"index, follow, max-snippet:-1, max-image-preview:large, max-video-preview:-1\" \/>\n<link rel=\"canonical\" href=\"https:\/\/kabinam.lt\/et\/toode\/punutud-noor-votmete-jaoks\/\" \/>\n<meta property=\"og:locale\" content=\"et_EE\" \/>\n<meta property=\"og:type\" content=\"article\" \/>\n<meta property=\"og:title\" content=\"Pinta Odin\u0117 virvel\u0117 raktams - kabinam.lt\" \/>\n<meta property=\"og:description\" content=\"Pinta odin\u0117 virvel\u0117 raktams \u2013 stilingas ir prakti\u0161kas PU odos aksesuaras, si\u016blomas \u012fvairi\u0173 spalv\u0173 pasirinkimu.\" \/>\n<meta property=\"og:url\" content=\"https:\/\/kabinam.lt\/et\/toode\/punutud-noor-votmete-jaoks\/\" \/>\n<meta property=\"og:site_name\" content=\"kabinam.lt\" \/>\n<meta property=\"article:modified_time\" content=\"2026-01-18T14:02:08+00:00\" \/>\n<meta property=\"og:image\" content=\"https:\/\/kabinam.lt\/wp-content\/uploads\/2024\/07\/db1d196ca22c21f915c2403df5cf5d9e.jpg\" \/>\n\t<meta property=\"og:image:width\" content=\"800\" \/>\n\t<meta property=\"og:image:height\" content=\"800\" \/>\n\t<meta property=\"og:image:type\" content=\"image\/jpeg\" \/>\n<meta name=\"twitter:card\" content=\"summary_large_image\" \/>\n<meta name=\"twitter:label1\" content=\"Est. reading time\" \/>\n\t<meta name=\"twitter:data1\" content=\"2 minutit\" \/>\n<script type=\"application\/ld+json\" class=\"yoast-schema-graph\">{\"@context\":\"https:\/\/schema.org\",\"@graph\":[{\"@type\":[\"WebPage\",\"ItemPage\"],\"@id\":\"https:\/\/kabinam.lt\/eng\/product\/braided-cord-for-keys\/\",\"url\":\"https:\/\/kabinam.lt\/eng\/product\/braided-cord-for-keys\/\",\"name\":\"Pinta Odin\u0117 virvel\u0117 raktams - kabinam.lt\",\"isPartOf\":{\"@id\":\"https:\/\/kabinam.lt\/#website\"},\"primaryImageOfPage\":{\"@id\":\"https:\/\/kabinam.lt\/eng\/product\/braided-cord-for-keys\/#primaryimage\"},\"image\":{\"@id\":\"https:\/\/kabinam.lt\/eng\/product\/braided-cord-for-keys\/#primaryimage\"},\"thumbnailUrl\":\"https:\/\/kabinam.lt\/wp-content\/uploads\/2024\/07\/db1d196ca22c21f915c2403df5cf5d9e.jpg\",\"datePublished\":\"2024-07-30T13:58:19+00:00\",\"dateModified\":\"2026-01-18T14:02:08+00:00\",\"description\":\"Pinta odin\u0117 virvel\u0117 raktams \u2013 stilingas ir prakti\u0161kas PU odos aksesuaras, si\u016blomas \u012fvairi\u0173 spalv\u0173 pasirinkimu.\",\"breadcrumb\":{\"@id\":\"https:\/\/kabinam.lt\/eng\/product\/braided-cord-for-keys\/#breadcrumb\"},\"inLanguage\":\"et\",\"potentialAction\":[{\"@type\":\"ReadAction\",\"target\":[\"https:\/\/kabinam.lt\/eng\/product\/braided-cord-for-keys\/\"]}]},{\"@type\":\"ImageObject\",\"inLanguage\":\"et\",\"@id\":\"https:\/\/kabinam.lt\/eng\/product\/braided-cord-for-keys\/#primaryimage\",\"url\":\"https:\/\/kabinam.lt\/wp-content\/uploads\/2024\/07\/db1d196ca22c21f915c2403df5cf5d9e.jpg\",\"contentUrl\":\"https:\/\/kabinam.lt\/wp-content\/uploads\/2024\/07\/db1d196ca22c21f915c2403df5cf5d9e.jpg\",\"width\":800,\"height\":800,\"caption\":\"Eleganti\u0161ka ir prakti\u0161ka pinta odin\u0117 virvel\u0117 t\u0117\u010diui\"},{\"@type\":\"BreadcrumbList\",\"@id\":\"https:\/\/kabinam.lt\/eng\/product\/braided-cord-for-keys\/#breadcrumb\",\"itemListElement\":[{\"@type\":\"ListItem\",\"position\":1,\"name\":\"Home\",\"item\":\"https:\/\/kabinam.lt\/\"},{\"@type\":\"ListItem\",\"position\":2,\"name\":\"Visi Produktai\",\"item\":\"https:\/\/kabinam.lt\/visi-produktai\/\"},{\"@type\":\"ListItem\",\"position\":3,\"name\":\"Pinta Odin\u0117 virvel\u0117 raktams\"}]},{\"@type\":\"WebSite\",\"@id\":\"https:\/\/kabinam.lt\/#website\",\"url\":\"https:\/\/kabinam.lt\/\",\"name\":\"kabinam.lt\",\"description\":\"Kabinam.lt \u2013 raktu pakabukai ir aksesuarai\",\"publisher\":{\"@id\":\"https:\/\/kabinam.lt\/#organization\"},\"alternateName\":\"pakabukai lt\",\"potentialAction\":[{\"@type\":\"SearchAction\",\"target\":{\"@type\":\"EntryPoint\",\"urlTemplate\":\"https:\/\/kabinam.lt\/?s={search_term_string}\"},\"query-input\":{\"@type\":\"PropertyValueSpecification\",\"valueRequired\":true,\"valueName\":\"search_term_string\"}}],\"inLanguage\":\"et\"},{\"@type\":\"Organization\",\"@id\":\"https:\/\/kabinam.lt\/#organization\",\"name\":\"kabinam.lt\",\"alternateName\":\"kabinam\",\"url\":\"https:\/\/kabinam.lt\/\",\"logo\":{\"@type\":\"ImageObject\",\"inLanguage\":\"et\",\"@id\":\"https:\/\/kabinam.lt\/#\/schema\/logo\/image\/\",\"url\":\"https:\/\/kabinam.lt\/wp-content\/uploads\/2025\/05\/KABINAM_outer_glow.png\",\"contentUrl\":\"https:\/\/kabinam.lt\/wp-content\/uploads\/2025\/05\/KABINAM_outer_glow.png\",\"width\":474,\"height\":141,\"caption\":\"kabinam.lt\"},\"image\":{\"@id\":\"https:\/\/kabinam.lt\/#\/schema\/logo\/image\/\"}}]}<\/script>\n<!-- \/ Yoast SEO plugin. -->","yoast_head_json":{"title":"Pinta nahast v\u00f5tmehoidja - kabinam.lt","description":"Punutud nahast v\u00f5tmehoidja - stiilne ja praktiline PU-nahast aksessuaar, mis on saadaval erinevates v\u00e4rvides.","robots":{"index":"index","follow":"follow","max-snippet":"max-snippet:-1","max-image-preview":"max-image-preview:large","max-video-preview":"max-video-preview:-1"},"canonical":"https:\/\/kabinam.lt\/et\/toode\/punutud-noor-votmete-jaoks\/","og_locale":"et_EE","og_type":"article","og_title":"Pinta Odin\u0117 virvel\u0117 raktams - kabinam.lt","og_description":"Pinta odin\u0117 virvel\u0117 raktams \u2013 stilingas ir prakti\u0161kas PU odos aksesuaras, si\u016blomas \u012fvairi\u0173 spalv\u0173 pasirinkimu.","og_url":"https:\/\/kabinam.lt\/et\/toode\/punutud-noor-votmete-jaoks\/","og_site_name":"kabinam.lt","article_modified_time":"2026-01-18T14:02:08+00:00","og_image":[{"width":800,"height":800,"url":"https:\/\/kabinam.lt\/wp-content\/uploads\/2024\/07\/db1d196ca22c21f915c2403df5cf5d9e.jpg","type":"image\/jpeg"}],"twitter_card":"summary_large_image","twitter_misc":{"Est. reading time":"2 minutit"},"schema":{"@context":"https:\/\/schema.org","@graph":[{"@type":["WebPage","ItemPage"],"@id":"https:\/\/kabinam.lt\/eng\/product\/braided-cord-for-keys\/","url":"https:\/\/kabinam.lt\/eng\/product\/braided-cord-for-keys\/","name":"Pinta nahast v\u00f5tmehoidja - kabinam.lt","isPartOf":{"@id":"https:\/\/kabinam.lt\/#website"},"primaryImageOfPage":{"@id":"https:\/\/kabinam.lt\/eng\/product\/braided-cord-for-keys\/#primaryimage"},"image":{"@id":"https:\/\/kabinam.lt\/eng\/product\/braided-cord-for-keys\/#primaryimage"},"thumbnailUrl":"https:\/\/kabinam.lt\/wp-content\/uploads\/2024\/07\/db1d196ca22c21f915c2403df5cf5d9e.jpg","datePublished":"2024-07-30T13:58:19+00:00","dateModified":"2026-01-18T14:02:08+00:00","description":"Punutud nahast v\u00f5tmehoidja - stiilne ja praktiline PU-nahast aksessuaar, mis on saadaval erinevates v\u00e4rvides.","breadcrumb":{"@id":"https:\/\/kabinam.lt\/eng\/product\/braided-cord-for-keys\/#breadcrumb"},"inLanguage":"et","potentialAction":[{"@type":"ReadAction","target":["https:\/\/kabinam.lt\/eng\/product\/braided-cord-for-keys\/"]}]},{"@type":"ImageObject","inLanguage":"et","@id":"https:\/\/kabinam.lt\/eng\/product\/braided-cord-for-keys\/#primaryimage","url":"https:\/\/kabinam.lt\/wp-content\/uploads\/2024\/07\/db1d196ca22c21f915c2403df5cf5d9e.jpg","contentUrl":"https:\/\/kabinam.lt\/wp-content\/uploads\/2024\/07\/db1d196ca22c21f915c2403df5cf5d9e.jpg","width":800,"height":800,"caption":"Eleganti\u0161ka ir prakti\u0161ka pinta odin\u0117 virvel\u0117 t\u0117\u010diui"},{"@type":"BreadcrumbList","@id":"https:\/\/kabinam.lt\/eng\/product\/braided-cord-for-keys\/#breadcrumb","itemListElement":[{"@type":"ListItem","position":1,"name":"Home","item":"https:\/\/kabinam.lt\/"},{"@type":"ListItem","position":2,"name":"Visi Produktai","item":"https:\/\/kabinam.lt\/visi-produktai\/"},{"@type":"ListItem","position":3,"name":"Pinta Odin\u0117 virvel\u0117 raktams"}]},{"@type":"WebSite","@id":"https:\/\/kabinam.lt\/#website","url":"https:\/\/kabinam.lt\/","name":"kabinam.lt","description":"Kabinam.lt - v\u00f5tmehoidjad ja aksessuaarid","publisher":{"@id":"https:\/\/kabinam.lt\/#organization"},"alternateName":"pakabukai lt","potentialAction":[{"@type":"SearchAction","target":{"@type":"EntryPoint","urlTemplate":"https:\/\/kabinam.lt\/?s={search_term_string}"},"query-input":{"@type":"PropertyValueSpecification","valueRequired":true,"valueName":"search_term_string"}}],"inLanguage":"et"},{"@type":"Organization","@id":"https:\/\/kabinam.lt\/#organization","name":"kabinam.lt","alternateName":"kabinam","url":"https:\/\/kabinam.lt\/","logo":{"@type":"ImageObject","inLanguage":"et","@id":"https:\/\/kabinam.lt\/#\/schema\/logo\/image\/","url":"https:\/\/kabinam.lt\/wp-content\/uploads\/2025\/05\/KABINAM_outer_glow.png","contentUrl":"https:\/\/kabinam.lt\/wp-content\/uploads\/2025\/05\/KABINAM_outer_glow.png","width":474,"height":141,"caption":"kabinam.lt"},"image":{"@id":"https:\/\/kabinam.lt\/#\/schema\/logo\/image\/"}}]}},"uagb_featured_image_src":{"full":["https:\/\/kabinam.lt\/wp-content\/uploads\/2024\/07\/db1d196ca22c21f915c2403df5cf5d9e.jpg",800,800,false],"thumbnail":["https:\/\/kabinam.lt\/wp-content\/uploads\/2024\/07\/db1d196ca22c21f915c2403df5cf5d9e-150x150.jpg",150,150,true],"medium":["https:\/\/kabinam.lt\/wp-content\/uploads\/2024\/07\/db1d196ca22c21f915c2403df5cf5d9e-300x300.jpg",300,300,true],"medium_large":["https:\/\/kabinam.lt\/wp-content\/uploads\/2024\/07\/db1d196ca22c21f915c2403df5cf5d9e-768x768.jpg",768,768,true],"large":["https:\/\/kabinam.lt\/wp-content\/uploads\/2024\/07\/db1d196ca22c21f915c2403df5cf5d9e.jpg",800,800,false],"1536x1536":["https:\/\/kabinam.lt\/wp-content\/uploads\/2024\/07\/db1d196ca22c21f915c2403df5cf5d9e.jpg",800,800,false],"2048x2048":["https:\/\/kabinam.lt\/wp-content\/uploads\/2024\/07\/db1d196ca22c21f915c2403df5cf5d9e.jpg",800,800,false],"trp-custom-language-flag":["https:\/\/kabinam.lt\/wp-content\/uploads\/2024\/07\/db1d196ca22c21f915c2403df5cf5d9e.jpg",12,12,false],"woocommerce_thumbnail":["https:\/\/kabinam.lt\/wp-content\/uploads\/2024\/07\/db1d196ca22c21f915c2403df5cf5d9e-300x300.jpg",300,300,true],"woocommerce_single":["https:\/\/kabinam.lt\/wp-content\/uploads\/2024\/07\/db1d196ca22c21f915c2403df5cf5d9e-600x600.jpg",600,600,true],"woocommerce_gallery_thumbnail":["https:\/\/kabinam.lt\/wp-content\/uploads\/2024\/07\/db1d196ca22c21f915c2403df5cf5d9e-100x100.jpg",100,100,true]},"uagb_author_info":{"display_name":"kabinam.lt","author_link":"https:\/\/kabinam.lt\/et\/author\/"},"uagb_comment_info":0,"uagb_excerpt":"PU odin\u0117 pinta virvel\u0117 raktams \u2013 tvirta, stilinga, \u012fvairi\u0173 spalv\u0173.","_links":{"self":[{"href":"https:\/\/kabinam.lt\/et\/wp-json\/wp\/v2\/product\/2300","targetHints":{"allow":["GET"]}}],"collection":[{"href":"https:\/\/kabinam.lt\/et\/wp-json\/wp\/v2\/product"}],"about":[{"href":"https:\/\/kabinam.lt\/et\/wp-json\/wp\/v2\/types\/product"}],"replies":[{"embeddable":true,"href":"https:\/\/kabinam.lt\/et\/wp-json\/wp\/v2\/comments?post=2300"}],"wp:featuredmedia":[{"embeddable":true,"href":"https:\/\/kabinam.lt\/et\/wp-json\/wp\/v2\/media\/2304"}],"wp:attachment":[{"href":"https:\/\/kabinam.lt\/et\/wp-json\/wp\/v2\/media?parent=2300"}],"wp:term":[{"taxonomy":"product_brand","embeddable":true,"href":"https:\/\/kabinam.lt\/et\/wp-json\/wp\/v2\/product_brand?post=2300"},{"taxonomy":"product_cat","embeddable":true,"href":"https:\/\/kabinam.lt\/et\/wp-json\/wp\/v2\/product_cat?post=2300"},{"taxonomy":"product_tag","embeddable":true,"href":"https:\/\/kabinam.lt\/et\/wp-json\/wp\/v2\/product_tag?post=2300"}],"curies":[{"name":"wp","href":"https:\/\/api.w.org\/{rel}","templated":true}]}}