{"id":2295,"date":"2024-07-30T16:53:35","date_gmt":"2024-07-30T13:53:35","guid":{"rendered":"https:\/\/kabinam.lt\/?post_type=product&#038;p=2295"},"modified":"2026-01-03T18:55:12","modified_gmt":"2026-01-03T16:55:12","slug":"votmekellukesed-moes-stiilis-meeste-6","status":"publish","type":"product","link":"https:\/\/kabinam.lt\/et\/product\/raktu-pakabukai-madingam-stiliui-meskiukas-6\/","title":{"rendered":"V\u00f5tmehoidjad moes stiilis - must kaisukaru COOLSO"},"content":{"rendered":"<div class=\"kk-star-ratings kksr-auto kksr-align-left kksr-valign-top\"\n    data-payload='{&quot;align&quot;:&quot;left&quot;,&quot;id&quot;:&quot;2295&quot;,&quot;slug&quot;:&quot;default&quot;,&quot;valign&quot;:&quot;top&quot;,&quot;ignore&quot;:&quot;&quot;,&quot;reference&quot;:&quot;auto&quot;,&quot;class&quot;:&quot;&quot;,&quot;count&quot;:&quot;0&quot;,&quot;legendonly&quot;:&quot;&quot;,&quot;readonly&quot;:&quot;&quot;,&quot;score&quot;:&quot;0&quot;,&quot;starsonly&quot;:&quot;&quot;,&quot;best&quot;:&quot;5&quot;,&quot;gap&quot;:&quot;5&quot;,&quot;greet&quot;:&quot;Mums svarbus j\u016bs\u0173 \u012fvertinimas&quot;,&quot;legend&quot;:&quot;0\\\/5 - (0 votes)&quot;,&quot;size&quot;:&quot;24&quot;,&quot;title&quot;:&quot;Rakt\u0173 pakabukai madingam stiliui \u2013 juodas me\u0161kiukas COOLSO&quot;,&quot;width&quot;:&quot;0&quot;,&quot;_legend&quot;:&quot;{score}\\\/{best} - ({count} {votes})&quot;,&quot;font_factor&quot;:&quot;1.25&quot;}'>\n            \n<div class=\"kksr-stars\">\n    \n<div class=\"kksr-stars-inactive\">\n            <div class=\"kksr-star\" data-star=\"1\" style=\"padding-right: 5px\">\n            \n\n<div class=\"kksr-icon\" style=\"width: 24px; height: 24px;\"><\/div>\n        <\/div>\n            <div class=\"kksr-star\" data-star=\"2\" style=\"padding-right: 5px\">\n            \n\n<div class=\"kksr-icon\" style=\"width: 24px; height: 24px;\"><\/div>\n        <\/div>\n            <div class=\"kksr-star\" data-star=\"3\" style=\"padding-right: 5px\">\n            \n\n<div class=\"kksr-icon\" style=\"width: 24px; height: 24px;\"><\/div>\n        <\/div>\n            <div class=\"kksr-star\" data-star=\"4\" style=\"padding-right: 5px\">\n            \n\n<div class=\"kksr-icon\" style=\"width: 24px; height: 24px;\"><\/div>\n        <\/div>\n            <div class=\"kksr-star\" data-star=\"5\" style=\"padding-right: 5px\">\n            \n\n<div class=\"kksr-icon\" style=\"width: 24px; height: 24px;\"><\/div>\n        <\/div>\n    <\/div>\n    \n<div class=\"kksr-stars-active\" style=\"width: 0px;\">\n            <div class=\"kksr-star\" style=\"padding-right: 5px\">\n            \n\n<div class=\"kksr-icon\" style=\"width: 24px; height: 24px;\"><\/div>\n        <\/div>\n            <div class=\"kksr-star\" style=\"padding-right: 5px\">\n            \n\n<div class=\"kksr-icon\" style=\"width: 24px; height: 24px;\"><\/div>\n        <\/div>\n            <div class=\"kksr-star\" style=\"padding-right: 5px\">\n            \n\n<div class=\"kksr-icon\" style=\"width: 24px; height: 24px;\"><\/div>\n        <\/div>\n            <div class=\"kksr-star\" style=\"padding-right: 5px\">\n            \n\n<div class=\"kksr-icon\" style=\"width: 24px; height: 24px;\"><\/div>\n        <\/div>\n            <div class=\"kksr-star\" style=\"padding-right: 5px\">\n            \n\n<div class=\"kksr-icon\" style=\"width: 24px; height: 24px;\"><\/div>\n        <\/div>\n    <\/div>\n<\/div>\n                \n\n<div class=\"kksr-legend\" style=\"font-size: 19.2px;\">\n            <span class=\"kksr-muted\">Teie hinnang on meile oluline<\/span>\n    <\/div>\n    <\/div>\n<h2 data-start=\"536\" data-end=\"601\"><strong data-start=\"539\" data-end=\"601\">V\u00f5tmehoidjad moes stiilis - must kaisukaru COOLSO<\/strong><\/h2>\n<p data-start=\"603\" data-end=\"946\">Ie\u0161kai stilingo ir originalaus akcento kasdienai? <strong data-start=\"653\" data-end=\"689\">Rakt\u0173 pakabukai madingam stiliui<\/strong> \u2013 tai ne tik funkcional\u016bs aksesuarai, bet ir puikus b\u016bdas i\u0161reik\u0161ti asmenin\u012f stili\u0173. \u0160is juodas guminis me\u0161kiukas su u\u017era\u0161u \u201eCOOLSO\u201c \u2013 tai modernumo, paprastumo ir \u0161iuolaikin\u0117s estetikos pavyzdys. Minimalistinis, bet i\u0161skirtinis dizainas nepaliks abejing\u0173.<\/p>\n<hr data-start=\"948\" data-end=\"951\" \/>\n<h3 data-start=\"953\" data-end=\"1004\"><strong data-start=\"957\" data-end=\"1004\">Kod\u0117l verta rinktis mading\u0105 rakt\u0173 pakabuk\u0105?<\/strong><\/h3>\n<p data-start=\"1006\" data-end=\"1309\">\u0160iuolaikiniai aksesuarai neb\u0117ra tik prakti\u0161kas daiktas \u2013 jie atlieka ir stiliaus detal\u0117s vaidmen\u012f. Juodas me\u0161kiukas \u201eCOOLSO\u201c yra puikus to \u012frodymas. Tai ne tik rakt\u0173 pakabukas \u2013 tai tavo \u012fvaizd\u017eio dalis. Jis puikiai dera prie miesto stiliaus, minimalistin\u0117s aprangos ar net modernaus automobilio vidaus.<\/p>\n<p data-start=\"1311\" data-end=\"1544\">Pakabukas pagamintas i\u0161 kokybi\u0161kos gumos, tod\u0117l yra ne tik esteti\u0161kas, bet ir ilgaam\u017eis. Jis lengvas, mink\u0161tas liesti, bet kartu labai atsparus d\u0117v\u0117jimuisi. \u0160is aksesuaras atlaikys ne vienerius metus, nepraras savo formos ar spalvos.<\/p>\n<hr data-start=\"1546\" data-end=\"1549\" \/>\n<h3 data-start=\"1551\" data-end=\"1592\"><strong data-start=\"1555\" data-end=\"1592\">Universalumas ir dizainas viename<\/strong><\/h3>\n<p data-start=\"1594\" data-end=\"1826\">\u0160io me\u0161kiuko dizainas i\u0161laiko balans\u0105 tarp \u017eaismingumo ir elegancijos. Juoda spalva \u2013 tai klasika, kuri niekada nei\u0161eina i\u0161 mados. O \u012fkomponuotas \u201eCOOLSO\u201c u\u017era\u0161as suteikia pakabukui modernaus akcento, kuris pabr\u0117\u017eia stiliaus poj\u016bt\u012f.<\/p>\n<p data-start=\"1828\" data-end=\"2036\">Pakabuk\u0105 lengva pritaikyti \u2013 jis puikiai tinka ne tik raktams, bet ir kuprinei, rankinei ar net kaip aksesuaras ant automobilio salono veidrod\u0117lio. Tai ypa\u010d svarbu ie\u0161kantiems universali\u0173 ir prakti\u0161k\u0173 daikt\u0173.<\/p>\n<hr data-start=\"2038\" data-end=\"2041\" \/>\n<h3 data-start=\"2043\" data-end=\"2113\"><strong data-start=\"2047\" data-end=\"2113\">Rakt\u0173 pakabukai madingam stiliui \u2013 dovana, kuri patiks visiems<\/strong><\/h3>\n<p data-start=\"2115\" data-end=\"2352\">Ie\u0161kai dovanos, kuri b\u016bt\u0173 i\u0161skirtin\u0117, bet kartu prakti\u0161ka? \u0160is pakabukas \u2013 puikus pasirinkimas. Jis tiks tiek artimam draugui, tiek kolegai, tiek paaugliui, besidomin\u010diam mada. Nors pakabukas yra subtilus, jis tikrai neliks nepasteb\u0117tas.<\/p>\n<p data-start=\"2354\" data-end=\"2533\">Jo universalumas leid\u017eia j\u012f dovanoti \u012fvairiomis progomis \u2013 gimtadieniams, Kal\u0117doms, ar tiesiog norint nustebinti mylim\u0105 \u017emog\u0173. Tai smulkmena, kuri \u012frodo, kad galvoji apie detales.<\/p>\n<hr data-start=\"2535\" data-end=\"2538\" \/>\n<h3 data-start=\"2540\" data-end=\"2588\"><strong data-start=\"2544\" data-end=\"2588\">Ie\u0161kai daugiau? Per\u017ei\u016br\u0117k m\u016bs\u0173 kolekcij\u0105<\/strong><\/h3>\n<p data-start=\"2590\" data-end=\"3065\">\u0160is pakabukas \u2013 tik viena i\u0161 daugelio stiling\u0173 opcij\u0173. Jei patinka modern\u016bs sprendimai, kvie\u010diame pasi\u017evalgyti po <a class=\"\" href=\"https:\/\/kabinam.lt\/et\/tootekategooria\/unikaliu-pakabuku-kategorija\/\" target=\"_new\" rel=\"noopener\" data-start=\"2704\" data-end=\"2791\">Unikaalsed ripatsid<\/a> kaudu. <a class=\"\" href=\"https:\/\/kabinam.lt\/et\/tootekategooria\/populaarsete-toodete-kategooria\/\" target=\"_new\" rel=\"noopener\" data-start=\"2795\" data-end=\"2893\">K\u00f5ige populaarsemad tooted<\/a>. O jei ie\u0161kai \u012fkv\u0117pimo, k\u0105 derinti prie savo aksesuar\u0173 \u2013 apsilankyk <a class=\"\" href=\"https:\/\/www.highsnobiety.com\" target=\"_new\" rel=\"noopener\" data-start=\"2962\" data-end=\"3022\">https:\/\/www.highsnobiety.com<\/a>, kur rasi stiliaus patarim\u0173 ir tendencij\u0173.<\/p>","protected":false},"excerpt":{"rendered":"<p>Juodas guminis rakt\u0173 pakabukas me\u0161kiukas COOLSO \u2013 stilingas, ilgaam\u017eis ir puikiai tinkantis dovanai.<\/p>","protected":false},"featured_media":2296,"comment_status":"closed","ping_status":"closed","template":"","meta":{"_uag_custom_page_level_css":"","site-sidebar-layout":"default","site-content-layout":"","ast-site-content-layout":"default","site-content-style":"default","site-sidebar-style":"default","ast-global-header-display":"","ast-banner-title-visibility":"","ast-main-header-display":"","ast-hfb-above-header-display":"","ast-hfb-below-header-display":"","ast-hfb-mobile-header-display":"","site-post-title":"","ast-breadcrumbs-content":"","ast-featured-img":"","footer-sml-layout":"","ast-disable-related-posts":"","theme-transparent-header-meta":"default","adv-header-id-meta":"","stick-header-meta":"","header-above-stick-meta":"","header-main-stick-meta":"","header-below-stick-meta":"","astra-migrate-meta-layouts":"set","ast-page-background-enabled":"default","ast-page-background-meta":{"desktop":{"background-color":"var(--ast-global-color-4)","background-image":"","background-repeat":"repeat","background-position":"center center","background-size":"auto","background-attachment":"scroll","background-type":"","background-media":"","overlay-type":"","overlay-color":"","overlay-opacity":"","overlay-gradient":""},"tablet":{"background-color":"","background-image":"","background-repeat":"repeat","background-position":"center center","background-size":"auto","background-attachment":"scroll","background-type":"","background-media":"","overlay-type":"","overlay-color":"","overlay-opacity":"","overlay-gradient":""},"mobile":{"background-color":"","background-image":"","background-repeat":"repeat","background-position":"center center","background-size":"auto","background-attachment":"scroll","background-type":"","background-media":"","overlay-type":"","overlay-color":"","overlay-opacity":"","overlay-gradient":""}},"ast-content-background-meta":{"desktop":{"background-color":"var(--ast-global-color-5)","background-image":"","background-repeat":"repeat","background-position":"center center","background-size":"auto","background-attachment":"scroll","background-type":"","background-media":"","overlay-type":"","overlay-color":"","overlay-opacity":"","overlay-gradient":""},"tablet":{"background-color":"var(--ast-global-color-5)","background-image":"","background-repeat":"repeat","background-position":"center center","background-size":"auto","background-attachment":"scroll","background-type":"","background-media":"","overlay-type":"","overlay-color":"","overlay-opacity":"","overlay-gradient":""},"mobile":{"background-color":"var(--ast-global-color-5)","background-image":"","background-repeat":"repeat","background-position":"center center","background-size":"auto","background-attachment":"scroll","background-type":"","background-media":"","overlay-type":"","overlay-color":"","overlay-opacity":"","overlay-gradient":""}}},"product_brand":[],"product_cat":[125,126,95,118],"product_tag":[],"class_list":{"0":"post-2295","1":"product","2":"type-product","3":"status-publish","4":"has-post-thumbnail","6":"product_cat-halloween","7":"product_cat-visi","8":"product_cat-unikalus-raktu-pakabukai","9":"product_cat-dovana-teciui","10":"desktop-align-center","11":"tablet-align-left","12":"mobile-align-left","14":"first","15":"instock","16":"shipping-taxable","17":"purchasable","18":"product-type-simple"},"yoast_head":"<!-- This site is optimized with the Yoast SEO plugin v27.1.1 - https:\/\/yoast.com\/product\/yoast-seo-wordpress\/ -->\n<title>Rakt\u0173 pakabukai madingam stiliui \u2013 juodas me\u0161kiukas COOLSO<\/title>\n<meta name=\"description\" content=\"Rakt\u0173 pakabukai madingam stiliui \u2013 juodas me\u0161kiukas COOLSO, i\u0161skirtinis miesto aksesuaras. Puiki dovana ar stiliaus detal\u0117.\" \/>\n<meta name=\"robots\" content=\"index, follow, max-snippet:-1, max-image-preview:large, max-video-preview:-1\" \/>\n<link rel=\"canonical\" href=\"https:\/\/kabinam.lt\/et\/toode\/votmekellukesed-moes-stiilis-meeste-6\/\" \/>\n<meta property=\"og:locale\" content=\"et_EE\" \/>\n<meta property=\"og:type\" content=\"article\" \/>\n<meta property=\"og:title\" content=\"Rakt\u0173 pakabukai madingam stiliui \u2013 juodas me\u0161kiukas COOLSO\" \/>\n<meta property=\"og:description\" content=\"Rakt\u0173 pakabukai madingam stiliui \u2013 juodas me\u0161kiukas COOLSO, i\u0161skirtinis miesto aksesuaras. Puiki dovana ar stiliaus detal\u0117.\" \/>\n<meta property=\"og:url\" content=\"https:\/\/kabinam.lt\/et\/toode\/votmekellukesed-moes-stiilis-meeste-6\/\" \/>\n<meta property=\"og:site_name\" content=\"kabinam.lt\" \/>\n<meta property=\"article:modified_time\" content=\"2026-01-03T16:55:12+00:00\" \/>\n<meta property=\"og:image\" content=\"https:\/\/kabinam.lt\/wp-content\/uploads\/2024\/07\/e04f4590-ca2e-4f0a-9cb9-03209ebf0174-1.jpg\" \/>\n\t<meta property=\"og:image:width\" content=\"800\" \/>\n\t<meta property=\"og:image:height\" content=\"800\" \/>\n\t<meta property=\"og:image:type\" content=\"image\/jpeg\" \/>\n<meta name=\"twitter:card\" content=\"summary_large_image\" \/>\n<meta name=\"twitter:label1\" content=\"Est. reading time\" \/>\n\t<meta name=\"twitter:data1\" content=\"2 minutit\" \/>\n<script type=\"application\/ld+json\" class=\"yoast-schema-graph\">{\"@context\":\"https:\/\/schema.org\",\"@graph\":[{\"@type\":[\"WebPage\",\"ItemPage\"],\"@id\":\"https:\/\/kabinam.lt\/eng\/product\/raktu-pakabukai-madingam-stiliui-meskiukas-6\/\",\"url\":\"https:\/\/kabinam.lt\/eng\/product\/raktu-pakabukai-madingam-stiliui-meskiukas-6\/\",\"name\":\"Rakt\u0173 pakabukai madingam stiliui \u2013 juodas me\u0161kiukas COOLSO\",\"isPartOf\":{\"@id\":\"https:\/\/kabinam.lt\/#website\"},\"primaryImageOfPage\":{\"@id\":\"https:\/\/kabinam.lt\/eng\/product\/raktu-pakabukai-madingam-stiliui-meskiukas-6\/#primaryimage\"},\"image\":{\"@id\":\"https:\/\/kabinam.lt\/eng\/product\/raktu-pakabukai-madingam-stiliui-meskiukas-6\/#primaryimage\"},\"thumbnailUrl\":\"https:\/\/kabinam.lt\/wp-content\/uploads\/2024\/07\/e04f4590-ca2e-4f0a-9cb9-03209ebf0174-1.jpg\",\"datePublished\":\"2024-07-30T13:53:35+00:00\",\"dateModified\":\"2026-01-03T16:55:12+00:00\",\"description\":\"Rakt\u0173 pakabukai madingam stiliui \u2013 juodas me\u0161kiukas COOLSO, i\u0161skirtinis miesto aksesuaras. Puiki dovana ar stiliaus detal\u0117.\",\"breadcrumb\":{\"@id\":\"https:\/\/kabinam.lt\/eng\/product\/raktu-pakabukai-madingam-stiliui-meskiukas-6\/#breadcrumb\"},\"inLanguage\":\"et\",\"potentialAction\":[{\"@type\":\"ReadAction\",\"target\":[\"https:\/\/kabinam.lt\/eng\/product\/raktu-pakabukai-madingam-stiliui-meskiukas-6\/\"]}]},{\"@type\":\"ImageObject\",\"inLanguage\":\"et\",\"@id\":\"https:\/\/kabinam.lt\/eng\/product\/raktu-pakabukai-madingam-stiliui-meskiukas-6\/#primaryimage\",\"url\":\"https:\/\/kabinam.lt\/wp-content\/uploads\/2024\/07\/e04f4590-ca2e-4f0a-9cb9-03209ebf0174-1.jpg\",\"contentUrl\":\"https:\/\/kabinam.lt\/wp-content\/uploads\/2024\/07\/e04f4590-ca2e-4f0a-9cb9-03209ebf0174-1.jpg\",\"width\":800,\"height\":800,\"caption\":\"Juodas me\u0161kiuko pakabukas COOLSO\"},{\"@type\":\"BreadcrumbList\",\"@id\":\"https:\/\/kabinam.lt\/eng\/product\/raktu-pakabukai-madingam-stiliui-meskiukas-6\/#breadcrumb\",\"itemListElement\":[{\"@type\":\"ListItem\",\"position\":1,\"name\":\"Home\",\"item\":\"https:\/\/kabinam.lt\/\"},{\"@type\":\"ListItem\",\"position\":2,\"name\":\"Visi Produktai\",\"item\":\"https:\/\/kabinam.lt\/visi-produktai\/\"},{\"@type\":\"ListItem\",\"position\":3,\"name\":\"Rakt\u0173 pakabukai madingam stiliui \u2013 juodas me\u0161kiukas COOLSO\"}]},{\"@type\":\"WebSite\",\"@id\":\"https:\/\/kabinam.lt\/#website\",\"url\":\"https:\/\/kabinam.lt\/\",\"name\":\"kabinam.lt\",\"description\":\"Kabinam.lt \u2013 raktu pakabukai ir aksesuarai\",\"publisher\":{\"@id\":\"https:\/\/kabinam.lt\/#organization\"},\"alternateName\":\"pakabukai lt\",\"potentialAction\":[{\"@type\":\"SearchAction\",\"target\":{\"@type\":\"EntryPoint\",\"urlTemplate\":\"https:\/\/kabinam.lt\/?s={search_term_string}\"},\"query-input\":{\"@type\":\"PropertyValueSpecification\",\"valueRequired\":true,\"valueName\":\"search_term_string\"}}],\"inLanguage\":\"et\"},{\"@type\":\"Organization\",\"@id\":\"https:\/\/kabinam.lt\/#organization\",\"name\":\"kabinam.lt\",\"alternateName\":\"kabinam\",\"url\":\"https:\/\/kabinam.lt\/\",\"logo\":{\"@type\":\"ImageObject\",\"inLanguage\":\"et\",\"@id\":\"https:\/\/kabinam.lt\/#\/schema\/logo\/image\/\",\"url\":\"https:\/\/kabinam.lt\/wp-content\/uploads\/2025\/05\/KABINAM_outer_glow.png\",\"contentUrl\":\"https:\/\/kabinam.lt\/wp-content\/uploads\/2025\/05\/KABINAM_outer_glow.png\",\"width\":474,\"height\":141,\"caption\":\"kabinam.lt\"},\"image\":{\"@id\":\"https:\/\/kabinam.lt\/#\/schema\/logo\/image\/\"}}]}<\/script>\n<!-- \/ Yoast SEO plugin. -->","yoast_head_json":{"title":"V\u00f5tmehoidjad moes stiilis - must kaisukaru COOLSO","description":"V\u00f5tmekettad moodses stiilis \u2013 must karupoiss COOLSO, eriline linna aksessuaar. Suur kingitus v\u00f5i stiilielement.","robots":{"index":"index","follow":"follow","max-snippet":"max-snippet:-1","max-image-preview":"max-image-preview:large","max-video-preview":"max-video-preview:-1"},"canonical":"https:\/\/kabinam.lt\/et\/toode\/votmekellukesed-moes-stiilis-meeste-6\/","og_locale":"et_EE","og_type":"article","og_title":"Rakt\u0173 pakabukai madingam stiliui \u2013 juodas me\u0161kiukas COOLSO","og_description":"Rakt\u0173 pakabukai madingam stiliui \u2013 juodas me\u0161kiukas COOLSO, i\u0161skirtinis miesto aksesuaras. Puiki dovana ar stiliaus detal\u0117.","og_url":"https:\/\/kabinam.lt\/et\/toode\/votmekellukesed-moes-stiilis-meeste-6\/","og_site_name":"kabinam.lt","article_modified_time":"2026-01-03T16:55:12+00:00","og_image":[{"width":800,"height":800,"url":"https:\/\/kabinam.lt\/wp-content\/uploads\/2024\/07\/e04f4590-ca2e-4f0a-9cb9-03209ebf0174-1.jpg","type":"image\/jpeg"}],"twitter_card":"summary_large_image","twitter_misc":{"Est. reading time":"2 minutit"},"schema":{"@context":"https:\/\/schema.org","@graph":[{"@type":["WebPage","ItemPage"],"@id":"https:\/\/kabinam.lt\/eng\/product\/raktu-pakabukai-madingam-stiliui-meskiukas-6\/","url":"https:\/\/kabinam.lt\/eng\/product\/raktu-pakabukai-madingam-stiliui-meskiukas-6\/","name":"V\u00f5tmehoidjad moes stiilis - must kaisukaru COOLSO","isPartOf":{"@id":"https:\/\/kabinam.lt\/#website"},"primaryImageOfPage":{"@id":"https:\/\/kabinam.lt\/eng\/product\/raktu-pakabukai-madingam-stiliui-meskiukas-6\/#primaryimage"},"image":{"@id":"https:\/\/kabinam.lt\/eng\/product\/raktu-pakabukai-madingam-stiliui-meskiukas-6\/#primaryimage"},"thumbnailUrl":"https:\/\/kabinam.lt\/wp-content\/uploads\/2024\/07\/e04f4590-ca2e-4f0a-9cb9-03209ebf0174-1.jpg","datePublished":"2024-07-30T13:53:35+00:00","dateModified":"2026-01-03T16:55:12+00:00","description":"V\u00f5tmekettad moodses stiilis \u2013 must karupoiss COOLSO, eriline linna aksessuaar. Suur kingitus v\u00f5i stiilielement.","breadcrumb":{"@id":"https:\/\/kabinam.lt\/eng\/product\/raktu-pakabukai-madingam-stiliui-meskiukas-6\/#breadcrumb"},"inLanguage":"et","potentialAction":[{"@type":"ReadAction","target":["https:\/\/kabinam.lt\/eng\/product\/raktu-pakabukai-madingam-stiliui-meskiukas-6\/"]}]},{"@type":"ImageObject","inLanguage":"et","@id":"https:\/\/kabinam.lt\/eng\/product\/raktu-pakabukai-madingam-stiliui-meskiukas-6\/#primaryimage","url":"https:\/\/kabinam.lt\/wp-content\/uploads\/2024\/07\/e04f4590-ca2e-4f0a-9cb9-03209ebf0174-1.jpg","contentUrl":"https:\/\/kabinam.lt\/wp-content\/uploads\/2024\/07\/e04f4590-ca2e-4f0a-9cb9-03209ebf0174-1.jpg","width":800,"height":800,"caption":"Juodas me\u0161kiuko pakabukas COOLSO"},{"@type":"BreadcrumbList","@id":"https:\/\/kabinam.lt\/eng\/product\/raktu-pakabukai-madingam-stiliui-meskiukas-6\/#breadcrumb","itemListElement":[{"@type":"ListItem","position":1,"name":"Home","item":"https:\/\/kabinam.lt\/"},{"@type":"ListItem","position":2,"name":"Visi Produktai","item":"https:\/\/kabinam.lt\/visi-produktai\/"},{"@type":"ListItem","position":3,"name":"Rakt\u0173 pakabukai madingam stiliui \u2013 juodas me\u0161kiukas COOLSO"}]},{"@type":"WebSite","@id":"https:\/\/kabinam.lt\/#website","url":"https:\/\/kabinam.lt\/","name":"kabinam.lt","description":"Kabinam.lt - v\u00f5tmehoidjad ja aksessuaarid","publisher":{"@id":"https:\/\/kabinam.lt\/#organization"},"alternateName":"pakabukai lt","potentialAction":[{"@type":"SearchAction","target":{"@type":"EntryPoint","urlTemplate":"https:\/\/kabinam.lt\/?s={search_term_string}"},"query-input":{"@type":"PropertyValueSpecification","valueRequired":true,"valueName":"search_term_string"}}],"inLanguage":"et"},{"@type":"Organization","@id":"https:\/\/kabinam.lt\/#organization","name":"kabinam.lt","alternateName":"kabinam","url":"https:\/\/kabinam.lt\/","logo":{"@type":"ImageObject","inLanguage":"et","@id":"https:\/\/kabinam.lt\/#\/schema\/logo\/image\/","url":"https:\/\/kabinam.lt\/wp-content\/uploads\/2025\/05\/KABINAM_outer_glow.png","contentUrl":"https:\/\/kabinam.lt\/wp-content\/uploads\/2025\/05\/KABINAM_outer_glow.png","width":474,"height":141,"caption":"kabinam.lt"},"image":{"@id":"https:\/\/kabinam.lt\/#\/schema\/logo\/image\/"}}]}},"uagb_featured_image_src":{"full":["https:\/\/kabinam.lt\/wp-content\/uploads\/2024\/07\/e04f4590-ca2e-4f0a-9cb9-03209ebf0174-1.jpg",800,800,false],"thumbnail":["https:\/\/kabinam.lt\/wp-content\/uploads\/2024\/07\/e04f4590-ca2e-4f0a-9cb9-03209ebf0174-1-150x150.jpg",150,150,true],"medium":["https:\/\/kabinam.lt\/wp-content\/uploads\/2024\/07\/e04f4590-ca2e-4f0a-9cb9-03209ebf0174-1-300x300.jpg",300,300,true],"medium_large":["https:\/\/kabinam.lt\/wp-content\/uploads\/2024\/07\/e04f4590-ca2e-4f0a-9cb9-03209ebf0174-1-768x768.jpg",768,768,true],"large":["https:\/\/kabinam.lt\/wp-content\/uploads\/2024\/07\/e04f4590-ca2e-4f0a-9cb9-03209ebf0174-1.jpg",800,800,false],"1536x1536":["https:\/\/kabinam.lt\/wp-content\/uploads\/2024\/07\/e04f4590-ca2e-4f0a-9cb9-03209ebf0174-1.jpg",800,800,false],"2048x2048":["https:\/\/kabinam.lt\/wp-content\/uploads\/2024\/07\/e04f4590-ca2e-4f0a-9cb9-03209ebf0174-1.jpg",800,800,false],"trp-custom-language-flag":["https:\/\/kabinam.lt\/wp-content\/uploads\/2024\/07\/e04f4590-ca2e-4f0a-9cb9-03209ebf0174-1.jpg",12,12,false],"woocommerce_thumbnail":["https:\/\/kabinam.lt\/wp-content\/uploads\/2024\/07\/e04f4590-ca2e-4f0a-9cb9-03209ebf0174-1-300x300.jpg",300,300,true],"woocommerce_single":["https:\/\/kabinam.lt\/wp-content\/uploads\/2024\/07\/e04f4590-ca2e-4f0a-9cb9-03209ebf0174-1-600x600.jpg",600,600,true],"woocommerce_gallery_thumbnail":["https:\/\/kabinam.lt\/wp-content\/uploads\/2024\/07\/e04f4590-ca2e-4f0a-9cb9-03209ebf0174-1-100x100.jpg",100,100,true]},"uagb_author_info":{"display_name":"kabinam.lt","author_link":"https:\/\/kabinam.lt\/et\/author\/"},"uagb_comment_info":0,"uagb_excerpt":"Juodas guminis rakt\u0173 pakabukas me\u0161kiukas COOLSO \u2013 stilingas, ilgaam\u017eis ir puikiai tinkantis dovanai.","_links":{"self":[{"href":"https:\/\/kabinam.lt\/et\/wp-json\/wp\/v2\/product\/2295","targetHints":{"allow":["GET"]}}],"collection":[{"href":"https:\/\/kabinam.lt\/et\/wp-json\/wp\/v2\/product"}],"about":[{"href":"https:\/\/kabinam.lt\/et\/wp-json\/wp\/v2\/types\/product"}],"replies":[{"embeddable":true,"href":"https:\/\/kabinam.lt\/et\/wp-json\/wp\/v2\/comments?post=2295"}],"wp:featuredmedia":[{"embeddable":true,"href":"https:\/\/kabinam.lt\/et\/wp-json\/wp\/v2\/media\/2296"}],"wp:attachment":[{"href":"https:\/\/kabinam.lt\/et\/wp-json\/wp\/v2\/media?parent=2295"}],"wp:term":[{"taxonomy":"product_brand","embeddable":true,"href":"https:\/\/kabinam.lt\/et\/wp-json\/wp\/v2\/product_brand?post=2295"},{"taxonomy":"product_cat","embeddable":true,"href":"https:\/\/kabinam.lt\/et\/wp-json\/wp\/v2\/product_cat?post=2295"},{"taxonomy":"product_tag","embeddable":true,"href":"https:\/\/kabinam.lt\/et\/wp-json\/wp\/v2\/product_tag?post=2295"}],"curies":[{"name":"wp","href":"https:\/\/api.w.org\/{rel}","templated":true}]}}