{"id":2246,"date":"2024-07-30T14:10:44","date_gmt":"2024-07-30T11:10:44","guid":{"rendered":"https:\/\/kabinam.lt\/?post_type=product&#038;p=2246"},"modified":"2026-01-03T18:55:13","modified_gmt":"2026-01-03T16:55:13","slug":"lahe-banaan","status":"publish","type":"product","link":"https:\/\/kabinam.lt\/et\/product\/cool-banana\/","title":{"rendered":"3D disainiga v\u00f5tmehoidjad - Banaan"},"content":{"rendered":"<div class=\"kk-star-ratings kksr-auto kksr-align-left kksr-valign-top\"\n    data-payload='{&quot;align&quot;:&quot;left&quot;,&quot;id&quot;:&quot;2246&quot;,&quot;slug&quot;:&quot;default&quot;,&quot;valign&quot;:&quot;top&quot;,&quot;ignore&quot;:&quot;&quot;,&quot;reference&quot;:&quot;auto&quot;,&quot;class&quot;:&quot;&quot;,&quot;count&quot;:&quot;0&quot;,&quot;legendonly&quot;:&quot;&quot;,&quot;readonly&quot;:&quot;&quot;,&quot;score&quot;:&quot;0&quot;,&quot;starsonly&quot;:&quot;&quot;,&quot;best&quot;:&quot;5&quot;,&quot;gap&quot;:&quot;5&quot;,&quot;greet&quot;:&quot;Mums svarbus j\u016bs\u0173 \u012fvertinimas&quot;,&quot;legend&quot;:&quot;0\\\/5 - (0 votes)&quot;,&quot;size&quot;:&quot;24&quot;,&quot;title&quot;:&quot;Rakt\u0173 pakabukai su 3D dizainu \u2013 Bananas&quot;,&quot;width&quot;:&quot;0&quot;,&quot;_legend&quot;:&quot;{score}\\\/{best} - ({count} {votes})&quot;,&quot;font_factor&quot;:&quot;1.25&quot;}'>\n            \n<div class=\"kksr-stars\">\n    \n<div class=\"kksr-stars-inactive\">\n            <div class=\"kksr-star\" data-star=\"1\" style=\"padding-right: 5px\">\n            \n\n<div class=\"kksr-icon\" style=\"width: 24px; height: 24px;\"><\/div>\n        <\/div>\n            <div class=\"kksr-star\" data-star=\"2\" style=\"padding-right: 5px\">\n            \n\n<div class=\"kksr-icon\" style=\"width: 24px; height: 24px;\"><\/div>\n        <\/div>\n            <div class=\"kksr-star\" data-star=\"3\" style=\"padding-right: 5px\">\n            \n\n<div class=\"kksr-icon\" style=\"width: 24px; height: 24px;\"><\/div>\n        <\/div>\n            <div class=\"kksr-star\" data-star=\"4\" style=\"padding-right: 5px\">\n            \n\n<div class=\"kksr-icon\" style=\"width: 24px; height: 24px;\"><\/div>\n        <\/div>\n            <div class=\"kksr-star\" data-star=\"5\" style=\"padding-right: 5px\">\n            \n\n<div class=\"kksr-icon\" style=\"width: 24px; height: 24px;\"><\/div>\n        <\/div>\n    <\/div>\n    \n<div class=\"kksr-stars-active\" style=\"width: 0px;\">\n            <div class=\"kksr-star\" style=\"padding-right: 5px\">\n            \n\n<div class=\"kksr-icon\" style=\"width: 24px; height: 24px;\"><\/div>\n        <\/div>\n            <div class=\"kksr-star\" style=\"padding-right: 5px\">\n            \n\n<div class=\"kksr-icon\" style=\"width: 24px; height: 24px;\"><\/div>\n        <\/div>\n            <div class=\"kksr-star\" style=\"padding-right: 5px\">\n            \n\n<div class=\"kksr-icon\" style=\"width: 24px; height: 24px;\"><\/div>\n        <\/div>\n            <div class=\"kksr-star\" style=\"padding-right: 5px\">\n            \n\n<div class=\"kksr-icon\" style=\"width: 24px; height: 24px;\"><\/div>\n        <\/div>\n            <div class=\"kksr-star\" style=\"padding-right: 5px\">\n            \n\n<div class=\"kksr-icon\" style=\"width: 24px; height: 24px;\"><\/div>\n        <\/div>\n    <\/div>\n<\/div>\n                \n\n<div class=\"kksr-legend\" style=\"font-size: 19.2px;\">\n            <span class=\"kksr-muted\">Teie hinnang on meile oluline<\/span>\n    <\/div>\n    <\/div>\n<h3 class=\"\" data-start=\"177\" data-end=\"249\">3D-disainiga v\u00f5tmehoidjad \u2013 unikaalne banaanikujuline aksessuaar<\/h3>\n<p class=\"\" data-start=\"251\" data-end=\"635\">3D-disainiga v\u00f5tmehoidjad on muutumas \u00fcha populaarsemaks nende seas, kes otsivad lisaks praktilisusele ka l\u00f5busat aksessuaari. See 3D-banaanikujuline v\u00f5tmehoidja paneb teid kindlasti naeratama. Oma k\u00e4te, jalgade ja stiilsete p\u00e4ikeseprillidega n\u00e4eb see v\u00e4lja nagu elus tegelane. See on rohkem kui lihtsalt v\u00f5tmehoidja \u2013 see on miniatuurne tegelane, mis v\u00f5ib teie meeleolu iga p\u00e4ev t\u00f5sta.<\/p>\n<p class=\"\" data-start=\"637\" data-end=\"1027\">See aksessuaar on ideaalne neile, kes otsivad unikaalsust ja huumorit. 3D-disainiga v\u00f5tmehoidjad kujutavad sageli animeeritud v\u00f5i s\u00fcmboolseid objekte \u2013 puuvilju, toitu, loomi v\u00f5i isegi tegelasi. Kuid see banaan on eriline. See v\u00e4ljendab lahedat stiili, energiat ja positiivsust. See v\u00f5tmehoidja on ideaalne nii noortele kui ka t\u00e4iskasvanutele, kes naudivad m\u00e4ngulisi aksente oma igap\u00e4evaelus.<\/p>\n<p class=\"\" data-start=\"1029\" data-end=\"1422\">See on valmistatud tugevast metallist ja kummist ning on mitte ainult m\u00e4nguline, vaid ka vastupidav. Detailidega varustatud j\u00e4semed, v\u00e4ljendusrikas n\u00e4gu ja p\u00e4ikeseprillid annavad sellele iseloomu. T\u00e4nu tugevale kettile saab ripatsi kindlalt kinnitada v\u00f5tmetele, seljakottidele, k\u00e4ekottidele v\u00f5i isegi auto peeglitele. Sellised aksessuaarid muutuvad sageli kollektsiooni esemeteks, mist\u00f5ttu on need suurep\u00e4rased kingitused.<\/p>\n<hr class=\"\" data-start=\"1424\" data-end=\"1427\" \/>\n<h3 class=\"\" data-start=\"1429\" data-end=\"1462\">Eksklusiivsus iga p\u00e4ev<\/h3>\n<p class=\"\" data-start=\"1464\" data-end=\"1744\">3D-disainiga v\u00f5tmehoidjad peegeldavad soovi eristuda ja omada aksessuaari, mis peegeldab teie isikup\u00e4ra. See banaanikujuline v\u00f5tmehoidja on ideaalne neile, kes armastavad unikaalseid ja ootamatuid lahendusi. See v\u00f5ib meenutada puhkust, suve, head tuju v\u00f5i lihtsalt teie armastust puuviljade vastu.<\/p>\n<p class=\"\" data-start=\"1746\" data-end=\"2080\">See aksessuaar sobib ideaalselt meie valiku teiste eksklusiivsete toodetega. <a class=\"\" href=\"https:\/\/kabinam.lt\/et\/tootekategooria\/unikaliu-pakabuku-kategorija\/\" target=\"_new\" rel=\"noopener\" data-start=\"1817\" data-end=\"1904\">Unikaalsed ripatsid<\/a> kogumik. Kui otsite veelgi ootamatumaid lahendusi, vaadake <a class=\"\" href=\"https:\/\/kabinam.lt\/et\/tootekategooria\/populaarsete-toodete-kategooria\/\" target=\"_new\" rel=\"noopener\" data-start=\"1970\" data-end=\"2068\">K\u00f5ige populaarsemad tooted<\/a> kategooria.<\/p>\n<p class=\"\" data-start=\"2082\" data-end=\"2339\">Lisaks sobivad sellised aksessuaarid v\u00e4ga h\u00e4sti kingituseks s\u00f5pradele, eriti kui soovite oma t\u00e4nulikkust v\u00e4ljendada originaalsel viisil. See ei ole ainult praktiline kingitus, vaid ka s\u00fcmboolne \u2013 iga p\u00e4ev kasutatav ripats meenutab teile head tuju, s\u00f5prust v\u00f5i vaimukat suhtlemist.<\/p>\n<hr class=\"\" data-start=\"2341\" data-end=\"2344\" \/>\n<h3 class=\"\" data-start=\"2346\" data-end=\"2385\">Huumor ja stiil \u00fches riidepuus<\/h3>\n<p class=\"\" data-start=\"2387\" data-end=\"2680\">T\u00e4nap\u00e4eval ei ole v\u00f5tmehoidjad enam pelgalt funktsionaalsed esemed. Neist on saanud viis, kuidas v\u00e4ljendada ennast, n\u00e4idata oma hobisid, huumorimeelt v\u00f5i isegi elustiili. 3D-banaanikujuline v\u00f5tmehoidja on selle suurep\u00e4rane n\u00e4ide. See p\u00fc\u00fcab pilku, lisab m\u00e4ngulisust, kuid on samal ajal h\u00e4sti valmistatud ja vastupidav.<\/p>\n<p class=\"\" data-start=\"2682\" data-end=\"2934\">Kui otsite rohkem inspiratsiooni v\u00f5i ideid, soovitame lugeda v\u00e4list juhendit aadressil <a class=\"\" href=\"https:\/\/www.amazon.com\/live\/video\/0c6b5177557a4263971796a5139adb6c?ref_=vse_cards_2\" target=\"_new\" rel=\"noopener\" data-start=\"2764\" data-end=\"2883\">ootamatud kingiideed noortele<\/a>, mis hindab selliseid lisaseadmeid.<\/p>","protected":false},"excerpt":{"rendered":"<p>L\u00f5bus banaanikujuline v\u00f5tmehoidja 3D-disainiga \u2013 suurep\u00e4rane kingitus v\u00f5i l\u00f5bus aksessuaar.<\/p>","protected":false},"featured_media":2247,"comment_status":"closed","ping_status":"closed","template":"","meta":{"_uag_custom_page_level_css":"","site-sidebar-layout":"default","site-content-layout":"","ast-site-content-layout":"default","site-content-style":"default","site-sidebar-style":"default","ast-global-header-display":"","ast-banner-title-visibility":"","ast-main-header-display":"","ast-hfb-above-header-display":"","ast-hfb-below-header-display":"","ast-hfb-mobile-header-display":"","site-post-title":"","ast-breadcrumbs-content":"","ast-featured-img":"","footer-sml-layout":"","ast-disable-related-posts":"","theme-transparent-header-meta":"default","adv-header-id-meta":"","stick-header-meta":"","header-above-stick-meta":"","header-main-stick-meta":"","header-below-stick-meta":"","astra-migrate-meta-layouts":"set","ast-page-background-enabled":"default","ast-page-background-meta":{"desktop":{"background-color":"var(--ast-global-color-4)","background-image":"","background-repeat":"repeat","background-position":"center center","background-size":"auto","background-attachment":"scroll","background-type":"","background-media":"","overlay-type":"","overlay-color":"","overlay-opacity":"","overlay-gradient":""},"tablet":{"background-color":"","background-image":"","background-repeat":"repeat","background-position":"center center","background-size":"auto","background-attachment":"scroll","background-type":"","background-media":"","overlay-type":"","overlay-color":"","overlay-opacity":"","overlay-gradient":""},"mobile":{"background-color":"","background-image":"","background-repeat":"repeat","background-position":"center center","background-size":"auto","background-attachment":"scroll","background-type":"","background-media":"","overlay-type":"","overlay-color":"","overlay-opacity":"","overlay-gradient":""}},"ast-content-background-meta":{"desktop":{"background-color":"var(--ast-global-color-5)","background-image":"","background-repeat":"repeat","background-position":"center center","background-size":"auto","background-attachment":"scroll","background-type":"","background-media":"","overlay-type":"","overlay-color":"","overlay-opacity":"","overlay-gradient":""},"tablet":{"background-color":"var(--ast-global-color-5)","background-image":"","background-repeat":"repeat","background-position":"center center","background-size":"auto","background-attachment":"scroll","background-type":"","background-media":"","overlay-type":"","overlay-color":"","overlay-opacity":"","overlay-gradient":""},"mobile":{"background-color":"var(--ast-global-color-5)","background-image":"","background-repeat":"repeat","background-position":"center center","background-size":"auto","background-attachment":"scroll","background-type":"","background-media":"","overlay-type":"","overlay-color":"","overlay-opacity":"","overlay-gradient":""}}},"product_brand":[],"product_cat":[125,126,95,118],"product_tag":[],"class_list":{"0":"post-2246","1":"product","2":"type-product","3":"status-publish","4":"has-post-thumbnail","6":"product_cat-halloween","7":"product_cat-visi","8":"product_cat-unikalus-raktu-pakabukai","9":"product_cat-dovana-teciui","10":"desktop-align-center","11":"tablet-align-left","12":"mobile-align-left","14":"first","15":"instock","16":"shipping-taxable","17":"purchasable","18":"product-type-simple"},"yoast_head":"<!-- This site is optimized with the Yoast SEO plugin v27.1.1 - https:\/\/yoast.com\/product\/yoast-seo-wordpress\/ -->\n<title>Rakt\u0173 pakabukai su 3D dizainu \u2013 Bananas - kabinam.lt<\/title>\n<meta name=\"description\" content=\"Rakt\u0173 pakabukai su 3D dizainu \u2013 i\u0161skirtinis banano persona\u017eas su akiniais, puikiai tinka \u017eaismingai dovanai.\" \/>\n<meta name=\"robots\" content=\"index, follow, max-snippet:-1, max-image-preview:large, max-video-preview:-1\" \/>\n<link rel=\"canonical\" href=\"https:\/\/kabinam.lt\/et\/toode\/lahe-banaan\/\" \/>\n<meta property=\"og:locale\" content=\"et_EE\" \/>\n<meta property=\"og:type\" content=\"article\" \/>\n<meta property=\"og:title\" content=\"Rakt\u0173 pakabukai su 3D dizainu \u2013 Bananas - kabinam.lt\" \/>\n<meta property=\"og:description\" content=\"Rakt\u0173 pakabukai su 3D dizainu \u2013 i\u0161skirtinis banano persona\u017eas su akiniais, puikiai tinka \u017eaismingai dovanai.\" \/>\n<meta property=\"og:url\" content=\"https:\/\/kabinam.lt\/et\/toode\/lahe-banaan\/\" \/>\n<meta property=\"og:site_name\" content=\"kabinam.lt\" \/>\n<meta property=\"article:modified_time\" content=\"2026-01-03T16:55:13+00:00\" \/>\n<meta property=\"og:image\" content=\"https:\/\/kabinam.lt\/wp-content\/uploads\/2024\/07\/1712902422638-0dd4bab35564489dbfca3cd416e45f76-goods.jpeg\" \/>\n\t<meta property=\"og:image:width\" content=\"1000\" \/>\n\t<meta property=\"og:image:height\" content=\"1000\" \/>\n\t<meta property=\"og:image:type\" content=\"image\/jpeg\" \/>\n<meta name=\"twitter:card\" content=\"summary_large_image\" \/>\n<meta name=\"twitter:label1\" content=\"Est. reading time\" \/>\n\t<meta name=\"twitter:data1\" content=\"3 minutit\" \/>\n<script type=\"application\/ld+json\" class=\"yoast-schema-graph\">{\"@context\":\"https:\/\/schema.org\",\"@graph\":[{\"@type\":[\"WebPage\",\"ItemPage\"],\"@id\":\"https:\/\/kabinam.lt\/product\/cool-banana\/\",\"url\":\"https:\/\/kabinam.lt\/product\/cool-banana\/\",\"name\":\"Rakt\u0173 pakabukai su 3D dizainu \u2013 Bananas - kabinam.lt\",\"isPartOf\":{\"@id\":\"https:\/\/kabinam.lt\/#website\"},\"primaryImageOfPage\":{\"@id\":\"https:\/\/kabinam.lt\/product\/cool-banana\/#primaryimage\"},\"image\":{\"@id\":\"https:\/\/kabinam.lt\/product\/cool-banana\/#primaryimage\"},\"thumbnailUrl\":\"https:\/\/kabinam.lt\/wp-content\/uploads\/2024\/07\/1712902422638-0dd4bab35564489dbfca3cd416e45f76-goods.jpeg\",\"datePublished\":\"2024-07-30T11:10:44+00:00\",\"dateModified\":\"2026-01-03T16:55:13+00:00\",\"description\":\"Rakt\u0173 pakabukai su 3D dizainu \u2013 i\u0161skirtinis banano persona\u017eas su akiniais, puikiai tinka \u017eaismingai dovanai.\",\"breadcrumb\":{\"@id\":\"https:\/\/kabinam.lt\/product\/cool-banana\/#breadcrumb\"},\"inLanguage\":\"et\",\"potentialAction\":[{\"@type\":\"ReadAction\",\"target\":[\"https:\/\/kabinam.lt\/product\/cool-banana\/\"]}]},{\"@type\":\"ImageObject\",\"inLanguage\":\"et\",\"@id\":\"https:\/\/kabinam.lt\/product\/cool-banana\/#primaryimage\",\"url\":\"https:\/\/kabinam.lt\/wp-content\/uploads\/2024\/07\/1712902422638-0dd4bab35564489dbfca3cd416e45f76-goods.jpeg\",\"contentUrl\":\"https:\/\/kabinam.lt\/wp-content\/uploads\/2024\/07\/1712902422638-0dd4bab35564489dbfca3cd416e45f76-goods.jpeg\",\"width\":1000,\"height\":1000,\"caption\":\"\u017daismingas banano formos 3D pakabukas\"},{\"@type\":\"BreadcrumbList\",\"@id\":\"https:\/\/kabinam.lt\/product\/cool-banana\/#breadcrumb\",\"itemListElement\":[{\"@type\":\"ListItem\",\"position\":1,\"name\":\"Home\",\"item\":\"https:\/\/kabinam.lt\/\"},{\"@type\":\"ListItem\",\"position\":2,\"name\":\"Visi Produktai\",\"item\":\"https:\/\/kabinam.lt\/visi-produktai\/\"},{\"@type\":\"ListItem\",\"position\":3,\"name\":\"Rakt\u0173 pakabukai su 3D dizainu \u2013 Bananas\"}]},{\"@type\":\"WebSite\",\"@id\":\"https:\/\/kabinam.lt\/#website\",\"url\":\"https:\/\/kabinam.lt\/\",\"name\":\"kabinam.lt\",\"description\":\"Kabinam.lt \u2013 raktu pakabukai ir aksesuarai\",\"publisher\":{\"@id\":\"https:\/\/kabinam.lt\/#organization\"},\"alternateName\":\"pakabukai lt\",\"potentialAction\":[{\"@type\":\"SearchAction\",\"target\":{\"@type\":\"EntryPoint\",\"urlTemplate\":\"https:\/\/kabinam.lt\/?s={search_term_string}\"},\"query-input\":{\"@type\":\"PropertyValueSpecification\",\"valueRequired\":true,\"valueName\":\"search_term_string\"}}],\"inLanguage\":\"et\"},{\"@type\":\"Organization\",\"@id\":\"https:\/\/kabinam.lt\/#organization\",\"name\":\"kabinam.lt\",\"alternateName\":\"kabinam\",\"url\":\"https:\/\/kabinam.lt\/\",\"logo\":{\"@type\":\"ImageObject\",\"inLanguage\":\"et\",\"@id\":\"https:\/\/kabinam.lt\/#\/schema\/logo\/image\/\",\"url\":\"https:\/\/kabinam.lt\/wp-content\/uploads\/2025\/05\/KABINAM_outer_glow.png\",\"contentUrl\":\"https:\/\/kabinam.lt\/wp-content\/uploads\/2025\/05\/KABINAM_outer_glow.png\",\"width\":474,\"height\":141,\"caption\":\"kabinam.lt\"},\"image\":{\"@id\":\"https:\/\/kabinam.lt\/#\/schema\/logo\/image\/\"}}]}<\/script>\n<!-- \/ Yoast SEO plugin. -->","yoast_head_json":{"title":"3D-disainiga v\u00f5tmehoidjad \u2013 Banaanid - kabinam.lt","description":"3D-disainiga v\u00f5tmehoidjad \u2013 unikaalne prillidega banaanikarakter, mis sobib ideaalselt l\u00f5busaks kingituseks.","robots":{"index":"index","follow":"follow","max-snippet":"max-snippet:-1","max-image-preview":"max-image-preview:large","max-video-preview":"max-video-preview:-1"},"canonical":"https:\/\/kabinam.lt\/et\/toode\/lahe-banaan\/","og_locale":"et_EE","og_type":"article","og_title":"Rakt\u0173 pakabukai su 3D dizainu \u2013 Bananas - kabinam.lt","og_description":"Rakt\u0173 pakabukai su 3D dizainu \u2013 i\u0161skirtinis banano persona\u017eas su akiniais, puikiai tinka \u017eaismingai dovanai.","og_url":"https:\/\/kabinam.lt\/et\/toode\/lahe-banaan\/","og_site_name":"kabinam.lt","article_modified_time":"2026-01-03T16:55:13+00:00","og_image":[{"width":1000,"height":1000,"url":"https:\/\/kabinam.lt\/wp-content\/uploads\/2024\/07\/1712902422638-0dd4bab35564489dbfca3cd416e45f76-goods.jpeg","type":"image\/jpeg"}],"twitter_card":"summary_large_image","twitter_misc":{"Est. reading time":"3 minutit"},"schema":{"@context":"https:\/\/schema.org","@graph":[{"@type":["WebPage","ItemPage"],"@id":"https:\/\/kabinam.lt\/product\/cool-banana\/","url":"https:\/\/kabinam.lt\/product\/cool-banana\/","name":"3D-disainiga v\u00f5tmehoidjad \u2013 Banaanid - kabinam.lt","isPartOf":{"@id":"https:\/\/kabinam.lt\/#website"},"primaryImageOfPage":{"@id":"https:\/\/kabinam.lt\/product\/cool-banana\/#primaryimage"},"image":{"@id":"https:\/\/kabinam.lt\/product\/cool-banana\/#primaryimage"},"thumbnailUrl":"https:\/\/kabinam.lt\/wp-content\/uploads\/2024\/07\/1712902422638-0dd4bab35564489dbfca3cd416e45f76-goods.jpeg","datePublished":"2024-07-30T11:10:44+00:00","dateModified":"2026-01-03T16:55:13+00:00","description":"3D-disainiga v\u00f5tmehoidjad \u2013 unikaalne prillidega banaanikarakter, mis sobib ideaalselt l\u00f5busaks kingituseks.","breadcrumb":{"@id":"https:\/\/kabinam.lt\/product\/cool-banana\/#breadcrumb"},"inLanguage":"et","potentialAction":[{"@type":"ReadAction","target":["https:\/\/kabinam.lt\/product\/cool-banana\/"]}]},{"@type":"ImageObject","inLanguage":"et","@id":"https:\/\/kabinam.lt\/product\/cool-banana\/#primaryimage","url":"https:\/\/kabinam.lt\/wp-content\/uploads\/2024\/07\/1712902422638-0dd4bab35564489dbfca3cd416e45f76-goods.jpeg","contentUrl":"https:\/\/kabinam.lt\/wp-content\/uploads\/2024\/07\/1712902422638-0dd4bab35564489dbfca3cd416e45f76-goods.jpeg","width":1000,"height":1000,"caption":"\u017daismingas banano formos 3D pakabukas"},{"@type":"BreadcrumbList","@id":"https:\/\/kabinam.lt\/product\/cool-banana\/#breadcrumb","itemListElement":[{"@type":"ListItem","position":1,"name":"Home","item":"https:\/\/kabinam.lt\/"},{"@type":"ListItem","position":2,"name":"Visi Produktai","item":"https:\/\/kabinam.lt\/visi-produktai\/"},{"@type":"ListItem","position":3,"name":"Rakt\u0173 pakabukai su 3D dizainu \u2013 Bananas"}]},{"@type":"WebSite","@id":"https:\/\/kabinam.lt\/#website","url":"https:\/\/kabinam.lt\/","name":"kabinam.lt","description":"Kabinam.lt - v\u00f5tmehoidjad ja aksessuaarid","publisher":{"@id":"https:\/\/kabinam.lt\/#organization"},"alternateName":"pakabukai lt","potentialAction":[{"@type":"SearchAction","target":{"@type":"EntryPoint","urlTemplate":"https:\/\/kabinam.lt\/?s={search_term_string}"},"query-input":{"@type":"PropertyValueSpecification","valueRequired":true,"valueName":"search_term_string"}}],"inLanguage":"et"},{"@type":"Organization","@id":"https:\/\/kabinam.lt\/#organization","name":"kabinam.lt","alternateName":"kabinam","url":"https:\/\/kabinam.lt\/","logo":{"@type":"ImageObject","inLanguage":"et","@id":"https:\/\/kabinam.lt\/#\/schema\/logo\/image\/","url":"https:\/\/kabinam.lt\/wp-content\/uploads\/2025\/05\/KABINAM_outer_glow.png","contentUrl":"https:\/\/kabinam.lt\/wp-content\/uploads\/2025\/05\/KABINAM_outer_glow.png","width":474,"height":141,"caption":"kabinam.lt"},"image":{"@id":"https:\/\/kabinam.lt\/#\/schema\/logo\/image\/"}}]}},"uagb_featured_image_src":{"full":["https:\/\/kabinam.lt\/wp-content\/uploads\/2024\/07\/1712902422638-0dd4bab35564489dbfca3cd416e45f76-goods.jpeg",1000,1000,false],"thumbnail":["https:\/\/kabinam.lt\/wp-content\/uploads\/2024\/07\/1712902422638-0dd4bab35564489dbfca3cd416e45f76-goods-150x150.jpeg",150,150,true],"medium":["https:\/\/kabinam.lt\/wp-content\/uploads\/2024\/07\/1712902422638-0dd4bab35564489dbfca3cd416e45f76-goods-300x300.jpeg",300,300,true],"medium_large":["https:\/\/kabinam.lt\/wp-content\/uploads\/2024\/07\/1712902422638-0dd4bab35564489dbfca3cd416e45f76-goods-768x768.jpeg",768,768,true],"large":["https:\/\/kabinam.lt\/wp-content\/uploads\/2024\/07\/1712902422638-0dd4bab35564489dbfca3cd416e45f76-goods.jpeg",1000,1000,false],"1536x1536":["https:\/\/kabinam.lt\/wp-content\/uploads\/2024\/07\/1712902422638-0dd4bab35564489dbfca3cd416e45f76-goods.jpeg",1000,1000,false],"2048x2048":["https:\/\/kabinam.lt\/wp-content\/uploads\/2024\/07\/1712902422638-0dd4bab35564489dbfca3cd416e45f76-goods.jpeg",1000,1000,false],"trp-custom-language-flag":["https:\/\/kabinam.lt\/wp-content\/uploads\/2024\/07\/1712902422638-0dd4bab35564489dbfca3cd416e45f76-goods.jpeg",12,12,false],"woocommerce_thumbnail":["https:\/\/kabinam.lt\/wp-content\/uploads\/2024\/07\/1712902422638-0dd4bab35564489dbfca3cd416e45f76-goods-300x300.jpeg",300,300,true],"woocommerce_single":["https:\/\/kabinam.lt\/wp-content\/uploads\/2024\/07\/1712902422638-0dd4bab35564489dbfca3cd416e45f76-goods-600x600.jpeg",600,600,true],"woocommerce_gallery_thumbnail":["https:\/\/kabinam.lt\/wp-content\/uploads\/2024\/07\/1712902422638-0dd4bab35564489dbfca3cd416e45f76-goods-100x100.jpeg",100,100,true]},"uagb_author_info":{"display_name":"kabinam.lt","author_link":"https:\/\/kabinam.lt\/et\/author\/"},"uagb_comment_info":0,"uagb_excerpt":"\u017daismingas banano formos rakt\u0173 pakabukas su 3D dizainu \u2013 puiki dovana ar nuotaikingas aksesuaras.","_links":{"self":[{"href":"https:\/\/kabinam.lt\/et\/wp-json\/wp\/v2\/product\/2246","targetHints":{"allow":["GET"]}}],"collection":[{"href":"https:\/\/kabinam.lt\/et\/wp-json\/wp\/v2\/product"}],"about":[{"href":"https:\/\/kabinam.lt\/et\/wp-json\/wp\/v2\/types\/product"}],"replies":[{"embeddable":true,"href":"https:\/\/kabinam.lt\/et\/wp-json\/wp\/v2\/comments?post=2246"}],"wp:featuredmedia":[{"embeddable":true,"href":"https:\/\/kabinam.lt\/et\/wp-json\/wp\/v2\/media\/2247"}],"wp:attachment":[{"href":"https:\/\/kabinam.lt\/et\/wp-json\/wp\/v2\/media?parent=2246"}],"wp:term":[{"taxonomy":"product_brand","embeddable":true,"href":"https:\/\/kabinam.lt\/et\/wp-json\/wp\/v2\/product_brand?post=2246"},{"taxonomy":"product_cat","embeddable":true,"href":"https:\/\/kabinam.lt\/et\/wp-json\/wp\/v2\/product_cat?post=2246"},{"taxonomy":"product_tag","embeddable":true,"href":"https:\/\/kabinam.lt\/et\/wp-json\/wp\/v2\/product_tag?post=2246"}],"curies":[{"name":"wp","href":"https:\/\/api.w.org\/{rel}","templated":true}]}}