{"id":2004,"date":"2024-07-18T10:30:38","date_gmt":"2024-07-18T07:30:38","guid":{"rendered":"https:\/\/kabinam.lt\/?post_type=product&#038;p=2004"},"modified":"2026-02-08T08:55:15","modified_gmt":"2026-02-08T06:55:15","slug":"metalinis-raktu-pakabukas-motociklas","status":"publish","type":"product","link":"https:\/\/kabinam.lt\/et\/product\/metalinis-raktu-pakabukas-motociklas\/","title":{"rendered":"Metallist v\u00f5tmehoidja mootorratas liikuvate ratastega"},"content":{"rendered":"<div class=\"kk-star-ratings kksr-auto kksr-align-left kksr-valign-top\"\n    data-payload='{&quot;align&quot;:&quot;left&quot;,&quot;id&quot;:&quot;2004&quot;,&quot;slug&quot;:&quot;default&quot;,&quot;valign&quot;:&quot;top&quot;,&quot;ignore&quot;:&quot;&quot;,&quot;reference&quot;:&quot;auto&quot;,&quot;class&quot;:&quot;&quot;,&quot;count&quot;:&quot;0&quot;,&quot;legendonly&quot;:&quot;&quot;,&quot;readonly&quot;:&quot;&quot;,&quot;score&quot;:&quot;0&quot;,&quot;starsonly&quot;:&quot;&quot;,&quot;best&quot;:&quot;5&quot;,&quot;gap&quot;:&quot;5&quot;,&quot;greet&quot;:&quot;Mums svarbus j\u016bs\u0173 \u012fvertinimas&quot;,&quot;legend&quot;:&quot;0\\\/5 - (0 votes)&quot;,&quot;size&quot;:&quot;24&quot;,&quot;title&quot;:&quot;Metalinis Rakt\u0173 Pakabukas Motociklas su Judan\u010diais Ratais&quot;,&quot;width&quot;:&quot;0&quot;,&quot;_legend&quot;:&quot;{score}\\\/{best} - ({count} {votes})&quot;,&quot;font_factor&quot;:&quot;1.25&quot;}'>\n            \n<div class=\"kksr-stars\">\n    \n<div class=\"kksr-stars-inactive\">\n            <div class=\"kksr-star\" data-star=\"1\" style=\"padding-right: 5px\">\n            \n\n<div class=\"kksr-icon\" style=\"width: 24px; height: 24px;\"><\/div>\n        <\/div>\n            <div class=\"kksr-star\" data-star=\"2\" style=\"padding-right: 5px\">\n            \n\n<div class=\"kksr-icon\" style=\"width: 24px; height: 24px;\"><\/div>\n        <\/div>\n            <div class=\"kksr-star\" data-star=\"3\" style=\"padding-right: 5px\">\n            \n\n<div class=\"kksr-icon\" style=\"width: 24px; height: 24px;\"><\/div>\n        <\/div>\n            <div class=\"kksr-star\" data-star=\"4\" style=\"padding-right: 5px\">\n            \n\n<div class=\"kksr-icon\" style=\"width: 24px; height: 24px;\"><\/div>\n        <\/div>\n            <div class=\"kksr-star\" data-star=\"5\" style=\"padding-right: 5px\">\n            \n\n<div class=\"kksr-icon\" style=\"width: 24px; height: 24px;\"><\/div>\n        <\/div>\n    <\/div>\n    \n<div class=\"kksr-stars-active\" style=\"width: 0px;\">\n            <div class=\"kksr-star\" style=\"padding-right: 5px\">\n            \n\n<div class=\"kksr-icon\" style=\"width: 24px; height: 24px;\"><\/div>\n        <\/div>\n            <div class=\"kksr-star\" style=\"padding-right: 5px\">\n            \n\n<div class=\"kksr-icon\" style=\"width: 24px; height: 24px;\"><\/div>\n        <\/div>\n            <div class=\"kksr-star\" style=\"padding-right: 5px\">\n            \n\n<div class=\"kksr-icon\" style=\"width: 24px; height: 24px;\"><\/div>\n        <\/div>\n            <div class=\"kksr-star\" style=\"padding-right: 5px\">\n            \n\n<div class=\"kksr-icon\" style=\"width: 24px; height: 24px;\"><\/div>\n        <\/div>\n            <div class=\"kksr-star\" style=\"padding-right: 5px\">\n            \n\n<div class=\"kksr-icon\" style=\"width: 24px; height: 24px;\"><\/div>\n        <\/div>\n    <\/div>\n<\/div>\n                \n\n<div class=\"kksr-legend\" style=\"font-size: 19.2px;\">\n            <span class=\"kksr-muted\">Teie hinnang on meile oluline<\/span>\n    <\/div>\n    <\/div>\n<h4 class=\"\" data-start=\"142\" data-end=\"166\"><strong data-start=\"147\" data-end=\"164\">Toote kohta<\/strong><\/h4>\n<p class=\"\" data-start=\"167\" data-end=\"534\">Metalinis rakt\u0173 pakabukas motociklo formos \u2013 tai stilingas ir i\u0161skirtinis pasirinkimas kiekvienam motocikl\u0173 myl\u0117tojui. \u0160is aksesuaras pagamintas i\u0161 tvirtos metalo lydinio med\u017eiagos ir pasi\u017eymi ne tik patraukliu dizainu, bet ir funkcionalumu \u2013 abu motociklo ratai yra judantys. Tai ne tik pakabukas, bet ir miniati\u016brinis meno k\u016brinys, atspindintis aistr\u0105 dviem ratais.<\/p>\n<h4 class=\"\" data-start=\"536\" data-end=\"570\"><strong data-start=\"541\" data-end=\"568\">Universalus ir Patvarus<\/strong><\/h4>\n<p class=\"\" data-start=\"571\" data-end=\"1096\">\u0160is metalinis rakt\u0173 pakabukas puikiai tinka tiek motociklams, tiek automobili\u0173 raktams. D\u0117l tvirto \u017eiedelio pakabukas patikimai laikosi, o metalin\u0117 konstrukcija garantuoja ilgaam\u017ei\u0161kum\u0105. Judantys ratai suteikia gyvumo efekt\u0105 \u2013 tai ma\u017eyt\u0117 detal\u0117, kuri traukia ak\u012f. Nor\u0117dami pamatyti daugiau stiling\u0173 pasirinkim\u0173, kvie\u010diame per\u017evelgti m\u016bs\u0173 <a class=\"\" href=\"https:\/\/kabinam.lt\/et\/tootekategooria\/mootorratta-votmehoidjad-2\/\" target=\"_new\" rel=\"noopener\" data-start=\"909\" data-end=\"1009\">mootorratta v\u00f5tmehoidjate kollektsioon<\/a> v\u00f5i <a class=\"\" href=\"https:\/\/kabinam.lt\/et\/tootekategooria\/metaliniai\/\" target=\"_new\" rel=\"noopener\" data-start=\"1015\" data-end=\"1095\">metalini\u0173 pakabuk\u0173 kategorij\u0105<\/a>.<\/p>\n<h4 class=\"\" data-start=\"1098\" data-end=\"1124\"><strong data-start=\"1103\" data-end=\"1122\">Stiliaus Detal\u0117<\/strong><\/h4>\n<p class=\"\" data-start=\"1125\" data-end=\"1448\">Metalinis rakt\u0173 pakabukas su judan\u010diais ratais \u2013 tai puikus b\u016bdas i\u0161reik\u0161ti savo meil\u0119 motociklams. Jis tinka tiek kasdieniam naudojimui, tiek kaip dovana motociklininkui. Kiekviena detal\u0117, nuo r\u0117mo iki rato stipin\u0173, i\u0161graviruota tiksliai ir ai\u0161kiai. Toks pakabukas gali tapti simboline s\u0117km\u0117s ar nuotyki\u0173 dvasios i\u0161rai\u0161ka.<\/p>\n<h4 class=\"\" data-start=\"1450\" data-end=\"1472\"><strong data-start=\"1455\" data-end=\"1470\">Kam Skirta?<\/strong><\/h4>\n<p class=\"\" data-start=\"1473\" data-end=\"1996\">Jei ie\u0161kote originalaus ir tvirto pakabuko, \u0161is modelis yra puikus pasirinkimas. Tinka tiek keliaujantiems, tiek technika besidomintiems \u017emon\u0117ms. Taip pat rekomenduojame u\u017esukti \u012f <a class=\"\" href=\"https:\/\/kabinam.lt\/et\/tootekategooria\/populaarsete-toodete-kategooria\/\" target=\"_new\" rel=\"noopener\" data-start=\"1653\" data-end=\"1759\">populiariausi\u0173 produkt\u0173 puslap\u012f<\/a> \u2013 galb\u016bt rasite dar k\u0105 nors sau ar draugui. O jei norite daugiau apie techninio stiliaus aksesuarus, galite paskaityti \u0161iame <a target=\"_new\" rel=\"noopener\" data-start=\"1885\" data-end=\"1995\">i\u0161oriniame straipsnyje apie rakt\u0173 pakabuk\u0173 dizain\u0105<\/a>.<\/p>","protected":false},"excerpt":{"rendered":"<p>Metalinis rakt\u0173 pakabukas motociklas su judan\u010diais ratais \u2013 puikiai tinka motocikl\u0173 ar automobili\u0173 raktams.<\/p>","protected":false},"featured_media":4864,"comment_status":"closed","ping_status":"closed","template":"","meta":{"_uag_custom_page_level_css":"","site-sidebar-layout":"default","site-content-layout":"","ast-site-content-layout":"default","site-content-style":"default","site-sidebar-style":"default","ast-global-header-display":"","ast-banner-title-visibility":"","ast-main-header-display":"","ast-hfb-above-header-display":"","ast-hfb-below-header-display":"","ast-hfb-mobile-header-display":"","site-post-title":"","ast-breadcrumbs-content":"","ast-featured-img":"","footer-sml-layout":"","ast-disable-related-posts":"","theme-transparent-header-meta":"default","adv-header-id-meta":"","stick-header-meta":"","header-above-stick-meta":"","header-main-stick-meta":"","header-below-stick-meta":"","astra-migrate-meta-layouts":"set","ast-page-background-enabled":"default","ast-page-background-meta":{"desktop":{"background-color":"var(--ast-global-color-4)","background-image":"","background-repeat":"repeat","background-position":"center center","background-size":"auto","background-attachment":"scroll","background-type":"","background-media":"","overlay-type":"","overlay-color":"","overlay-opacity":"","overlay-gradient":""},"tablet":{"background-color":"","background-image":"","background-repeat":"repeat","background-position":"center center","background-size":"auto","background-attachment":"scroll","background-type":"","background-media":"","overlay-type":"","overlay-color":"","overlay-opacity":"","overlay-gradient":""},"mobile":{"background-color":"","background-image":"","background-repeat":"repeat","background-position":"center center","background-size":"auto","background-attachment":"scroll","background-type":"","background-media":"","overlay-type":"","overlay-color":"","overlay-opacity":"","overlay-gradient":""}},"ast-content-background-meta":{"desktop":{"background-color":"var(--ast-global-color-5)","background-image":"","background-repeat":"repeat","background-position":"center center","background-size":"auto","background-attachment":"scroll","background-type":"","background-media":"","overlay-type":"","overlay-color":"","overlay-opacity":"","overlay-gradient":""},"tablet":{"background-color":"var(--ast-global-color-5)","background-image":"","background-repeat":"repeat","background-position":"center center","background-size":"auto","background-attachment":"scroll","background-type":"","background-media":"","overlay-type":"","overlay-color":"","overlay-opacity":"","overlay-gradient":""},"mobile":{"background-color":"var(--ast-global-color-5)","background-image":"","background-repeat":"repeat","background-position":"center center","background-size":"auto","background-attachment":"scroll","background-type":"","background-media":"","overlay-type":"","overlay-color":"","overlay-opacity":"","overlay-gradient":""}}},"product_brand":[],"product_cat":[126,91,116,118,92],"product_tag":[],"class_list":{"0":"post-2004","1":"product","2":"type-product","3":"status-publish","4":"has-post-thumbnail","6":"product_cat-visi","7":"product_cat-motociklo-raktu-pakabukai","8":"product_cat-metaliniai-raktu-pakabukai","9":"product_cat-dovana-teciui","10":"product_cat-populiariausiu-produktu-kategorija","11":"desktop-align-center","12":"tablet-align-left","13":"mobile-align-left","15":"first","16":"instock","17":"shipping-taxable","18":"purchasable","19":"product-type-simple"},"yoast_head":"<!-- This site is optimized with the Yoast SEO plugin v27.1.1 - https:\/\/yoast.com\/product\/yoast-seo-wordpress\/ -->\n<title>Metalinis Rakt\u0173 Pakabukas Motociklas su Judan\u010diais Ratais - kabinam.lt<\/title>\n<meta name=\"description\" content=\"Metalinis rakt\u0173 pakabukas motociklas su judan\u010diais ratais \u2013 patvarus, stilingas ir i\u0161skirtinis aksesuaras motocikl\u0173 myl\u0117tojams.\" \/>\n<meta name=\"robots\" content=\"index, follow, max-snippet:-1, max-image-preview:large, max-video-preview:-1\" \/>\n<link rel=\"canonical\" href=\"https:\/\/kabinam.lt\/et\/toode\/metalinis-raktu-pakabukas-motociklas\/\" \/>\n<meta property=\"og:locale\" content=\"et_EE\" \/>\n<meta property=\"og:type\" content=\"article\" \/>\n<meta property=\"og:title\" content=\"Metalinis Rakt\u0173 Pakabukas Motociklas su Judan\u010diais Ratais - kabinam.lt\" \/>\n<meta property=\"og:description\" content=\"Metalinis rakt\u0173 pakabukas motociklas su judan\u010diais ratais \u2013 patvarus, stilingas ir i\u0161skirtinis aksesuaras motocikl\u0173 myl\u0117tojams.\" \/>\n<meta property=\"og:url\" content=\"https:\/\/kabinam.lt\/et\/toode\/metalinis-raktu-pakabukas-motociklas\/\" \/>\n<meta property=\"og:site_name\" content=\"kabinam.lt\" \/>\n<meta property=\"article:modified_time\" content=\"2026-02-08T06:55:15+00:00\" \/>\n<meta property=\"og:image\" content=\"https:\/\/kabinam.lt\/wp-content\/uploads\/2024\/07\/4d9e2562-c069-4e91-b6eb-ae5a7ca65983.jpg\" \/>\n\t<meta property=\"og:image:width\" content=\"800\" \/>\n\t<meta property=\"og:image:height\" content=\"800\" \/>\n\t<meta property=\"og:image:type\" content=\"image\/jpeg\" \/>\n<meta name=\"twitter:card\" content=\"summary_large_image\" \/>\n<meta name=\"twitter:label1\" content=\"Est. reading time\" \/>\n\t<meta name=\"twitter:data1\" content=\"2 minutit\" \/>\n<script type=\"application\/ld+json\" class=\"yoast-schema-graph\">{\"@context\":\"https:\/\/schema.org\",\"@graph\":[{\"@type\":[\"WebPage\",\"ItemPage\"],\"@id\":\"https:\/\/kabinam.lt\/eng\/product\/metal-keys-pendant-motorcycle\/\",\"url\":\"https:\/\/kabinam.lt\/eng\/product\/metal-keys-pendant-motorcycle\/\",\"name\":\"Metalinis Rakt\u0173 Pakabukas Motociklas su Judan\u010diais Ratais - kabinam.lt\",\"isPartOf\":{\"@id\":\"https:\/\/kabinam.lt\/#website\"},\"primaryImageOfPage\":{\"@id\":\"https:\/\/kabinam.lt\/eng\/product\/metal-keys-pendant-motorcycle\/#primaryimage\"},\"image\":{\"@id\":\"https:\/\/kabinam.lt\/eng\/product\/metal-keys-pendant-motorcycle\/#primaryimage\"},\"thumbnailUrl\":\"https:\/\/kabinam.lt\/wp-content\/uploads\/2024\/07\/4d9e2562-c069-4e91-b6eb-ae5a7ca65983.jpg\",\"datePublished\":\"2024-07-18T07:30:38+00:00\",\"dateModified\":\"2026-02-08T06:55:15+00:00\",\"description\":\"Metalinis rakt\u0173 pakabukas motociklas su judan\u010diais ratais \u2013 patvarus, stilingas ir i\u0161skirtinis aksesuaras motocikl\u0173 myl\u0117tojams.\",\"breadcrumb\":{\"@id\":\"https:\/\/kabinam.lt\/eng\/product\/metal-keys-pendant-motorcycle\/#breadcrumb\"},\"inLanguage\":\"et\",\"potentialAction\":[{\"@type\":\"ReadAction\",\"target\":[\"https:\/\/kabinam.lt\/eng\/product\/metal-keys-pendant-motorcycle\/\"]}]},{\"@type\":\"ImageObject\",\"inLanguage\":\"et\",\"@id\":\"https:\/\/kabinam.lt\/eng\/product\/metal-keys-pendant-motorcycle\/#primaryimage\",\"url\":\"https:\/\/kabinam.lt\/wp-content\/uploads\/2024\/07\/4d9e2562-c069-4e91-b6eb-ae5a7ca65983.jpg\",\"contentUrl\":\"https:\/\/kabinam.lt\/wp-content\/uploads\/2024\/07\/4d9e2562-c069-4e91-b6eb-ae5a7ca65983.jpg\",\"width\":800,\"height\":800,\"caption\":\"Detalus Metalinis Motociklo Rakt\u0173 Pakabukas\"},{\"@type\":\"BreadcrumbList\",\"@id\":\"https:\/\/kabinam.lt\/eng\/product\/metal-keys-pendant-motorcycle\/#breadcrumb\",\"itemListElement\":[{\"@type\":\"ListItem\",\"position\":1,\"name\":\"Home\",\"item\":\"https:\/\/kabinam.lt\/\"},{\"@type\":\"ListItem\",\"position\":2,\"name\":\"Visi Produktai\",\"item\":\"https:\/\/kabinam.lt\/visi-produktai\/\"},{\"@type\":\"ListItem\",\"position\":3,\"name\":\"Metalinis Rakt\u0173 Pakabukas Motociklas su Judan\u010diais Ratais\"}]},{\"@type\":\"WebSite\",\"@id\":\"https:\/\/kabinam.lt\/#website\",\"url\":\"https:\/\/kabinam.lt\/\",\"name\":\"kabinam.lt\",\"description\":\"Kabinam.lt \u2013 raktu pakabukai ir aksesuarai\",\"publisher\":{\"@id\":\"https:\/\/kabinam.lt\/#organization\"},\"alternateName\":\"pakabukai lt\",\"potentialAction\":[{\"@type\":\"SearchAction\",\"target\":{\"@type\":\"EntryPoint\",\"urlTemplate\":\"https:\/\/kabinam.lt\/?s={search_term_string}\"},\"query-input\":{\"@type\":\"PropertyValueSpecification\",\"valueRequired\":true,\"valueName\":\"search_term_string\"}}],\"inLanguage\":\"et\"},{\"@type\":\"Organization\",\"@id\":\"https:\/\/kabinam.lt\/#organization\",\"name\":\"kabinam.lt\",\"alternateName\":\"kabinam\",\"url\":\"https:\/\/kabinam.lt\/\",\"logo\":{\"@type\":\"ImageObject\",\"inLanguage\":\"et\",\"@id\":\"https:\/\/kabinam.lt\/#\/schema\/logo\/image\/\",\"url\":\"https:\/\/kabinam.lt\/wp-content\/uploads\/2025\/05\/KABINAM_outer_glow.png\",\"contentUrl\":\"https:\/\/kabinam.lt\/wp-content\/uploads\/2025\/05\/KABINAM_outer_glow.png\",\"width\":474,\"height\":141,\"caption\":\"kabinam.lt\"},\"image\":{\"@id\":\"https:\/\/kabinam.lt\/#\/schema\/logo\/image\/\"}}]}<\/script>\n<!-- \/ Yoast SEO plugin. -->","yoast_head_json":{"title":"Metalinis Rakt\u0173 Pakabukas Motociklas su Judan\u010diais Ratais - kabinam.lt","description":"Metalinis rakt\u0173 pakabukas motociklas su judan\u010diais ratais \u2013 patvarus, stilingas ir i\u0161skirtinis aksesuaras motocikl\u0173 myl\u0117tojams.","robots":{"index":"index","follow":"follow","max-snippet":"max-snippet:-1","max-image-preview":"max-image-preview:large","max-video-preview":"max-video-preview:-1"},"canonical":"https:\/\/kabinam.lt\/et\/toode\/metalinis-raktu-pakabukas-motociklas\/","og_locale":"et_EE","og_type":"article","og_title":"Metalinis Rakt\u0173 Pakabukas Motociklas su Judan\u010diais Ratais - kabinam.lt","og_description":"Metalinis rakt\u0173 pakabukas motociklas su judan\u010diais ratais \u2013 patvarus, stilingas ir i\u0161skirtinis aksesuaras motocikl\u0173 myl\u0117tojams.","og_url":"https:\/\/kabinam.lt\/et\/toode\/metalinis-raktu-pakabukas-motociklas\/","og_site_name":"kabinam.lt","article_modified_time":"2026-02-08T06:55:15+00:00","og_image":[{"width":800,"height":800,"url":"https:\/\/kabinam.lt\/wp-content\/uploads\/2024\/07\/4d9e2562-c069-4e91-b6eb-ae5a7ca65983.jpg","type":"image\/jpeg"}],"twitter_card":"summary_large_image","twitter_misc":{"Est. reading time":"2 minutit"},"schema":{"@context":"https:\/\/schema.org","@graph":[{"@type":["WebPage","ItemPage"],"@id":"https:\/\/kabinam.lt\/eng\/product\/metal-keys-pendant-motorcycle\/","url":"https:\/\/kabinam.lt\/eng\/product\/metal-keys-pendant-motorcycle\/","name":"Metalinis Rakt\u0173 Pakabukas Motociklas su Judan\u010diais Ratais - kabinam.lt","isPartOf":{"@id":"https:\/\/kabinam.lt\/#website"},"primaryImageOfPage":{"@id":"https:\/\/kabinam.lt\/eng\/product\/metal-keys-pendant-motorcycle\/#primaryimage"},"image":{"@id":"https:\/\/kabinam.lt\/eng\/product\/metal-keys-pendant-motorcycle\/#primaryimage"},"thumbnailUrl":"https:\/\/kabinam.lt\/wp-content\/uploads\/2024\/07\/4d9e2562-c069-4e91-b6eb-ae5a7ca65983.jpg","datePublished":"2024-07-18T07:30:38+00:00","dateModified":"2026-02-08T06:55:15+00:00","description":"Metalinis rakt\u0173 pakabukas motociklas su judan\u010diais ratais \u2013 patvarus, stilingas ir i\u0161skirtinis aksesuaras motocikl\u0173 myl\u0117tojams.","breadcrumb":{"@id":"https:\/\/kabinam.lt\/eng\/product\/metal-keys-pendant-motorcycle\/#breadcrumb"},"inLanguage":"et","potentialAction":[{"@type":"ReadAction","target":["https:\/\/kabinam.lt\/eng\/product\/metal-keys-pendant-motorcycle\/"]}]},{"@type":"ImageObject","inLanguage":"et","@id":"https:\/\/kabinam.lt\/eng\/product\/metal-keys-pendant-motorcycle\/#primaryimage","url":"https:\/\/kabinam.lt\/wp-content\/uploads\/2024\/07\/4d9e2562-c069-4e91-b6eb-ae5a7ca65983.jpg","contentUrl":"https:\/\/kabinam.lt\/wp-content\/uploads\/2024\/07\/4d9e2562-c069-4e91-b6eb-ae5a7ca65983.jpg","width":800,"height":800,"caption":"Detalus Metalinis Motociklo Rakt\u0173 Pakabukas"},{"@type":"BreadcrumbList","@id":"https:\/\/kabinam.lt\/eng\/product\/metal-keys-pendant-motorcycle\/#breadcrumb","itemListElement":[{"@type":"ListItem","position":1,"name":"Home","item":"https:\/\/kabinam.lt\/"},{"@type":"ListItem","position":2,"name":"Visi Produktai","item":"https:\/\/kabinam.lt\/visi-produktai\/"},{"@type":"ListItem","position":3,"name":"Metalinis Rakt\u0173 Pakabukas Motociklas su Judan\u010diais Ratais"}]},{"@type":"WebSite","@id":"https:\/\/kabinam.lt\/#website","url":"https:\/\/kabinam.lt\/","name":"kabinam.lt","description":"Kabinam.lt - v\u00f5tmehoidjad ja aksessuaarid","publisher":{"@id":"https:\/\/kabinam.lt\/#organization"},"alternateName":"pakabukai lt","potentialAction":[{"@type":"SearchAction","target":{"@type":"EntryPoint","urlTemplate":"https:\/\/kabinam.lt\/?s={search_term_string}"},"query-input":{"@type":"PropertyValueSpecification","valueRequired":true,"valueName":"search_term_string"}}],"inLanguage":"et"},{"@type":"Organization","@id":"https:\/\/kabinam.lt\/#organization","name":"kabinam.lt","alternateName":"kabinam","url":"https:\/\/kabinam.lt\/","logo":{"@type":"ImageObject","inLanguage":"et","@id":"https:\/\/kabinam.lt\/#\/schema\/logo\/image\/","url":"https:\/\/kabinam.lt\/wp-content\/uploads\/2025\/05\/KABINAM_outer_glow.png","contentUrl":"https:\/\/kabinam.lt\/wp-content\/uploads\/2025\/05\/KABINAM_outer_glow.png","width":474,"height":141,"caption":"kabinam.lt"},"image":{"@id":"https:\/\/kabinam.lt\/#\/schema\/logo\/image\/"}}]}},"uagb_featured_image_src":{"full":["https:\/\/kabinam.lt\/wp-content\/uploads\/2024\/07\/4d9e2562-c069-4e91-b6eb-ae5a7ca65983.jpg",800,800,false],"thumbnail":["https:\/\/kabinam.lt\/wp-content\/uploads\/2024\/07\/4d9e2562-c069-4e91-b6eb-ae5a7ca65983-150x150.jpg",150,150,true],"medium":["https:\/\/kabinam.lt\/wp-content\/uploads\/2024\/07\/4d9e2562-c069-4e91-b6eb-ae5a7ca65983-300x300.jpg",300,300,true],"medium_large":["https:\/\/kabinam.lt\/wp-content\/uploads\/2024\/07\/4d9e2562-c069-4e91-b6eb-ae5a7ca65983-768x768.jpg",768,768,true],"large":["https:\/\/kabinam.lt\/wp-content\/uploads\/2024\/07\/4d9e2562-c069-4e91-b6eb-ae5a7ca65983.jpg",800,800,false],"1536x1536":["https:\/\/kabinam.lt\/wp-content\/uploads\/2024\/07\/4d9e2562-c069-4e91-b6eb-ae5a7ca65983.jpg",800,800,false],"2048x2048":["https:\/\/kabinam.lt\/wp-content\/uploads\/2024\/07\/4d9e2562-c069-4e91-b6eb-ae5a7ca65983.jpg",800,800,false],"trp-custom-language-flag":["https:\/\/kabinam.lt\/wp-content\/uploads\/2024\/07\/4d9e2562-c069-4e91-b6eb-ae5a7ca65983-12x12.jpg",12,12,true],"woocommerce_thumbnail":["https:\/\/kabinam.lt\/wp-content\/uploads\/2024\/07\/4d9e2562-c069-4e91-b6eb-ae5a7ca65983-300x300.jpg",300,300,true],"woocommerce_single":["https:\/\/kabinam.lt\/wp-content\/uploads\/2024\/07\/4d9e2562-c069-4e91-b6eb-ae5a7ca65983-600x600.jpg",600,600,true],"woocommerce_gallery_thumbnail":["https:\/\/kabinam.lt\/wp-content\/uploads\/2024\/07\/4d9e2562-c069-4e91-b6eb-ae5a7ca65983-100x100.jpg",100,100,true]},"uagb_author_info":{"display_name":"kabinam.lt","author_link":"https:\/\/kabinam.lt\/et\/author\/"},"uagb_comment_info":0,"uagb_excerpt":"Metalinis rakt\u0173 pakabukas motociklas su judan\u010diais ratais \u2013 puikiai tinka motocikl\u0173 ar automobili\u0173 raktams.","_links":{"self":[{"href":"https:\/\/kabinam.lt\/et\/wp-json\/wp\/v2\/product\/2004","targetHints":{"allow":["GET"]}}],"collection":[{"href":"https:\/\/kabinam.lt\/et\/wp-json\/wp\/v2\/product"}],"about":[{"href":"https:\/\/kabinam.lt\/et\/wp-json\/wp\/v2\/types\/product"}],"replies":[{"embeddable":true,"href":"https:\/\/kabinam.lt\/et\/wp-json\/wp\/v2\/comments?post=2004"}],"wp:featuredmedia":[{"embeddable":true,"href":"https:\/\/kabinam.lt\/et\/wp-json\/wp\/v2\/media\/4864"}],"wp:attachment":[{"href":"https:\/\/kabinam.lt\/et\/wp-json\/wp\/v2\/media?parent=2004"}],"wp:term":[{"taxonomy":"product_brand","embeddable":true,"href":"https:\/\/kabinam.lt\/et\/wp-json\/wp\/v2\/product_brand?post=2004"},{"taxonomy":"product_cat","embeddable":true,"href":"https:\/\/kabinam.lt\/et\/wp-json\/wp\/v2\/product_cat?post=2004"},{"taxonomy":"product_tag","embeddable":true,"href":"https:\/\/kabinam.lt\/et\/wp-json\/wp\/v2\/product_tag?post=2004"}],"curies":[{"name":"wp","href":"https:\/\/api.w.org\/{rel}","templated":true}]}}