{"id":1998,"date":"2024-07-18T10:18:28","date_gmt":"2024-07-18T07:18:28","guid":{"rendered":"https:\/\/kabinam.lt\/?post_type=product&#038;p=1998"},"modified":"2026-03-03T14:51:19","modified_gmt":"2026-03-03T12:51:19","slug":"metalinis-raktu-pakabukas-gta","status":"publish","type":"product","link":"https:\/\/kabinam.lt\/et\/product\/metalinis-raktu-pakabukas-gta\/","title":{"rendered":"Metallist v\u00f5tmehoidja GTA 5 jaoks - stiilne m\u00e4rk m\u00e4nguf\u00e4nnidele"},"content":{"rendered":"<div class=\"kk-star-ratings kksr-auto kksr-align-left kksr-valign-top\"\n    data-payload='{&quot;align&quot;:&quot;left&quot;,&quot;id&quot;:&quot;1998&quot;,&quot;slug&quot;:&quot;default&quot;,&quot;valign&quot;:&quot;top&quot;,&quot;ignore&quot;:&quot;&quot;,&quot;reference&quot;:&quot;auto&quot;,&quot;class&quot;:&quot;&quot;,&quot;count&quot;:&quot;1&quot;,&quot;legendonly&quot;:&quot;&quot;,&quot;readonly&quot;:&quot;&quot;,&quot;score&quot;:&quot;5&quot;,&quot;starsonly&quot;:&quot;&quot;,&quot;best&quot;:&quot;5&quot;,&quot;gap&quot;:&quot;5&quot;,&quot;greet&quot;:&quot;Mums svarbus j\u016bs\u0173 \u012fvertinimas&quot;,&quot;legend&quot;:&quot;5\\\/5 - (1 vote)&quot;,&quot;size&quot;:&quot;24&quot;,&quot;title&quot;:&quot;Metalinis Rakt\u0173 Pakabukas GTA 5 \u2013 Stilingas \u017denklelis \u017daidim\u0173 Fanams&quot;,&quot;width&quot;:&quot;142.5&quot;,&quot;_legend&quot;:&quot;{score}\\\/{best} - ({count} {votes})&quot;,&quot;font_factor&quot;:&quot;1.25&quot;}'>\n            \n<div class=\"kksr-stars\">\n    \n<div class=\"kksr-stars-inactive\">\n            <div class=\"kksr-star\" data-star=\"1\" style=\"padding-right: 5px\">\n            \n\n<div class=\"kksr-icon\" style=\"width: 24px; height: 24px;\"><\/div>\n        <\/div>\n            <div class=\"kksr-star\" data-star=\"2\" style=\"padding-right: 5px\">\n            \n\n<div class=\"kksr-icon\" style=\"width: 24px; height: 24px;\"><\/div>\n        <\/div>\n            <div class=\"kksr-star\" data-star=\"3\" style=\"padding-right: 5px\">\n            \n\n<div class=\"kksr-icon\" style=\"width: 24px; height: 24px;\"><\/div>\n        <\/div>\n            <div class=\"kksr-star\" data-star=\"4\" style=\"padding-right: 5px\">\n            \n\n<div class=\"kksr-icon\" style=\"width: 24px; height: 24px;\"><\/div>\n        <\/div>\n            <div class=\"kksr-star\" data-star=\"5\" style=\"padding-right: 5px\">\n            \n\n<div class=\"kksr-icon\" style=\"width: 24px; height: 24px;\"><\/div>\n        <\/div>\n    <\/div>\n    \n<div class=\"kksr-stars-active\" style=\"width: 142.5px;\">\n            <div class=\"kksr-star\" style=\"padding-right: 5px\">\n            \n\n<div class=\"kksr-icon\" style=\"width: 24px; height: 24px;\"><\/div>\n        <\/div>\n            <div class=\"kksr-star\" style=\"padding-right: 5px\">\n            \n\n<div class=\"kksr-icon\" style=\"width: 24px; height: 24px;\"><\/div>\n        <\/div>\n            <div class=\"kksr-star\" style=\"padding-right: 5px\">\n            \n\n<div class=\"kksr-icon\" style=\"width: 24px; height: 24px;\"><\/div>\n        <\/div>\n            <div class=\"kksr-star\" style=\"padding-right: 5px\">\n            \n\n<div class=\"kksr-icon\" style=\"width: 24px; height: 24px;\"><\/div>\n        <\/div>\n            <div class=\"kksr-star\" style=\"padding-right: 5px\">\n            \n\n<div class=\"kksr-icon\" style=\"width: 24px; height: 24px;\"><\/div>\n        <\/div>\n    <\/div>\n<\/div>\n                \n\n<div class=\"kksr-legend\" style=\"font-size: 19.2px;\">\n            5\/5 - (1 h\u00e4\u00e4l)    <\/div>\n    <\/div>\n<h4 class=\"\" data-start=\"205\" data-end=\"229\"><strong data-start=\"210\" data-end=\"227\">Toote kohta<\/strong><\/h4>\n<p class=\"\" data-start=\"230\" data-end=\"713\">Metalinis rakt\u0173 pakabukas GTA 5 yra i\u0161skirtinis aksesuaras visiems \u0161io legendinio \u017eaidimo gerb\u0117jams. Tvirtas, detalus dizainas ir auk\u0161tos kokyb\u0117s metalas garantuoja ilgaam\u017ei\u0161kum\u0105 bei patraukl\u0173 vaizd\u0105. GTA 5 logotipas perteikiamas ry\u0161kiai ir tiksliai, tod\u0117l pakabukas i\u0161kart atpa\u017e\u012fstamas. \u0160is metalinis rakt\u0173 pakabukas GTA 5 tinka ne tik raktams, bet ir kaip dekoracija kuprinei ar automobilio vidui. Tai puikus pasirinkimas tiems, kurie nori subtiliai pabr\u0117\u017eti savo aistr\u0105 \u017eaidimams.<\/p>\n<h4 class=\"\" data-start=\"715\" data-end=\"754\"><strong data-start=\"720\" data-end=\"752\">Funktsionaalsus ja kasutamine<\/strong><\/h4>\n<p class=\"\" data-start=\"755\" data-end=\"1295\">Pakabukas turi patvar\u0173 \u017eiedel\u012f, kuris u\u017etikrina saug\u0173 rakt\u0173 laikym\u0105. D\u0117l savo dyd\u017eio jis neapsunkina ki\u0161en\u0117s ir patogiai telpa tarp kit\u0173 rakt\u0173. Metalinis pavir\u0161ius atsparus kasdieniam nusid\u0117v\u0117jimui, tod\u0117l ilgai i\u0161laiko savo i\u0161vaizd\u0105. Tinka naudoti tiek prie motociklo, tiek prie automobilio rakt\u0173. Jei ie\u0161kote daugiau unikali\u0173 rakt\u0173 laikymo sprendim\u0173, per\u017ei\u016br\u0117kite m\u016bs\u0173 <a class=\"\" href=\"https:\/\/kabinam.lt\/et\/koik-tooted\/\" target=\"_new\" rel=\"noopener\" data-start=\"1125\" data-end=\"1178\">k\u00f5ik tooted<\/a> arba atraskite <a class=\"\" href=\"https:\/\/kabinam.lt\/et\/tootekategooria\/populaarsete-toodete-kategooria\/\" target=\"_new\" rel=\"noopener\" data-start=\"1194\" data-end=\"1294\">populiariausius pakabukus<\/a>.<\/p>\n<h4 class=\"\" data-start=\"1297\" data-end=\"1326\"><strong data-start=\"1302\" data-end=\"1324\">Disain ja kvaliteet<\/strong><\/h4>\n<p class=\"\" data-start=\"1327\" data-end=\"1724\">Pakabuko dizainas ai\u0161kiai perteikia GTA 5 estetik\u0105 \u2013 jis modernus, ai\u0161kus ir kiek provokuojantis. Metalinis pavir\u0161ius dengtas apsauginiu sluoksniu, kuris neleid\u017eia greitai nusid\u0117v\u0117ti. Graviruotos detal\u0117s i\u0161ry\u0161kina logotipo strukt\u016br\u0105, o blizgus pavir\u0161ius suteikia elegancijos. Metalinis rakt\u0173 pakabukas GTA 5 tinka tiems, kurie vertina kokyb\u0119, detales ir m\u0117gsta perteikti savo pom\u0117gius per daiktus.<\/p>\n<h4 class=\"\" data-start=\"1726\" data-end=\"1757\"><strong data-start=\"1731\" data-end=\"1755\">Miks valida?<\/strong><\/h4>\n<p class=\"\" data-start=\"1758\" data-end=\"2394\">\u0160is pakabukas \u2013 tai daugiau nei rakt\u0173 laikiklis. Tai simbolis. Jis perteikia j\u016bs\u0173 ry\u0161\u012f su \u017eaidim\u0173 kult\u016bra, stilisti\u0161kai papildydamas j\u016bs\u0173 kasdienyb\u0119. Puikus pasirinkimas tiek sau, tiek dovanai \u017eaidim\u0173 entuziastui. Investuodami \u012f \u0161\u012f pakabuk\u0105 pasirenkate stili\u0173, kokyb\u0119 ir individualum\u0105. Per\u017ei\u016br\u0117kite daugiau <a class=\"\" href=\"https:\/\/kabinam.lt\/et\/tootekategooria\/metaliniai\/\" target=\"_new\" rel=\"noopener\" data-start=\"2065\" data-end=\"2134\">metalini\u0173 pakabuk\u0173<\/a> arba apsilankykite <a class=\"\" href=\"https:\/\/kabinam.lt\/et\/tootekategooria\/moto-pakabukai-ispardavimas\/\" target=\"_new\" rel=\"noopener\" data-start=\"2154\" data-end=\"2246\">i\u0161pardavim\u0173 kategorijoje<\/a> ir raskite dar daugiau unikali\u0173 variant\u0173. Daugiau apie \u017eaidim\u0173 aksesuar\u0173 tendencijas rasite <a class=\"\" href=\"https:\/\/www.pcgamer.com\/\" target=\"_new\" rel=\"noopener\" data-start=\"2339\" data-end=\"2393\">\u0161iame i\u0161oriniame \u0161altinyje<\/a>.<\/p>","protected":false},"excerpt":{"rendered":"<p>Stilingas metalinis rakt\u0173 pakabukas GTA 5 \u017eaidimo fanams \u2013 tvirtas, detalus ir ilgaam\u017eis aksesuaras raktams ar kuprinei.<\/p>","protected":false},"featured_media":1997,"comment_status":"closed","ping_status":"closed","template":"","meta":{"_uag_custom_page_level_css":"","site-sidebar-layout":"default","site-content-layout":"","ast-site-content-layout":"default","site-content-style":"default","site-sidebar-style":"default","ast-global-header-display":"","ast-banner-title-visibility":"","ast-main-header-display":"","ast-hfb-above-header-display":"","ast-hfb-below-header-display":"","ast-hfb-mobile-header-display":"","site-post-title":"","ast-breadcrumbs-content":"","ast-featured-img":"","footer-sml-layout":"","ast-disable-related-posts":"","theme-transparent-header-meta":"default","adv-header-id-meta":"","stick-header-meta":"","header-above-stick-meta":"","header-main-stick-meta":"","header-below-stick-meta":"","astra-migrate-meta-layouts":"set","ast-page-background-enabled":"default","ast-page-background-meta":{"desktop":{"background-color":"var(--ast-global-color-4)","background-image":"","background-repeat":"repeat","background-position":"center center","background-size":"auto","background-attachment":"scroll","background-type":"","background-media":"","overlay-type":"","overlay-color":"","overlay-opacity":"","overlay-gradient":""},"tablet":{"background-color":"","background-image":"","background-repeat":"repeat","background-position":"center center","background-size":"auto","background-attachment":"scroll","background-type":"","background-media":"","overlay-type":"","overlay-color":"","overlay-opacity":"","overlay-gradient":""},"mobile":{"background-color":"","background-image":"","background-repeat":"repeat","background-position":"center center","background-size":"auto","background-attachment":"scroll","background-type":"","background-media":"","overlay-type":"","overlay-color":"","overlay-opacity":"","overlay-gradient":""}},"ast-content-background-meta":{"desktop":{"background-color":"var(--ast-global-color-5)","background-image":"","background-repeat":"repeat","background-position":"center center","background-size":"auto","background-attachment":"scroll","background-type":"","background-media":"","overlay-type":"","overlay-color":"","overlay-opacity":"","overlay-gradient":""},"tablet":{"background-color":"var(--ast-global-color-5)","background-image":"","background-repeat":"repeat","background-position":"center center","background-size":"auto","background-attachment":"scroll","background-type":"","background-media":"","overlay-type":"","overlay-color":"","overlay-opacity":"","overlay-gradient":""},"mobile":{"background-color":"var(--ast-global-color-5)","background-image":"","background-repeat":"repeat","background-position":"center center","background-size":"auto","background-attachment":"scroll","background-type":"","background-media":"","overlay-type":"","overlay-color":"","overlay-opacity":"","overlay-gradient":""}}},"product_brand":[],"product_cat":[126,91,22,116,95,118,92],"product_tag":[],"class_list":{"0":"post-1998","1":"product","2":"type-product","3":"status-publish","4":"has-post-thumbnail","6":"product_cat-visi","7":"product_cat-motociklo-raktu-pakabukai","8":"product_cat-automobiliu-raktu-pakabukai","9":"product_cat-metaliniai-raktu-pakabukai","10":"product_cat-unikalus-raktu-pakabukai","11":"product_cat-dovana-teciui","12":"product_cat-populiariausiu-produktu-kategorija","13":"desktop-align-center","14":"tablet-align-left","15":"mobile-align-left","17":"first","18":"instock","19":"shipping-taxable","20":"purchasable","21":"product-type-simple"},"yoast_head":"<!-- This site is optimized with the Yoast SEO plugin v27.1.1 - https:\/\/yoast.com\/product\/yoast-seo-wordpress\/ -->\n<title>Metalinis Rakt\u0173 Pakabukas GTA 5 \u2013 Stilingas \u017denklelis \u017daidim\u0173 Fanams - kabinam.lt<\/title>\n<meta name=\"description\" content=\"Metalinis rakt\u0173 pakabukas GTA 5 \u2013 tvirtas \u017eaidim\u0173 tematikos aksesuaras, puikiai tinkantis raktams ar kuprinei.\" \/>\n<meta name=\"robots\" content=\"index, follow, max-snippet:-1, max-image-preview:large, max-video-preview:-1\" \/>\n<link rel=\"canonical\" href=\"https:\/\/kabinam.lt\/et\/toode\/metalinis-raktu-pakabukas-gta\/\" \/>\n<meta property=\"og:locale\" content=\"et_EE\" \/>\n<meta property=\"og:type\" content=\"article\" \/>\n<meta property=\"og:title\" content=\"Metalinis Rakt\u0173 Pakabukas GTA 5 \u2013 Stilingas \u017denklelis \u017daidim\u0173 Fanams - kabinam.lt\" \/>\n<meta property=\"og:description\" content=\"Metalinis rakt\u0173 pakabukas GTA 5 \u2013 tvirtas \u017eaidim\u0173 tematikos aksesuaras, puikiai tinkantis raktams ar kuprinei.\" \/>\n<meta property=\"og:url\" content=\"https:\/\/kabinam.lt\/et\/toode\/metalinis-raktu-pakabukas-gta\/\" \/>\n<meta property=\"og:site_name\" content=\"kabinam.lt\" \/>\n<meta property=\"article:modified_time\" content=\"2026-03-03T12:51:19+00:00\" \/>\n<meta property=\"og:image\" content=\"https:\/\/kabinam.lt\/wp-content\/uploads\/2024\/07\/GTA.jpg\" \/>\n\t<meta property=\"og:image:width\" content=\"800\" \/>\n\t<meta property=\"og:image:height\" content=\"800\" \/>\n\t<meta property=\"og:image:type\" content=\"image\/jpeg\" \/>\n<meta name=\"twitter:card\" content=\"summary_large_image\" \/>\n<meta name=\"twitter:label1\" content=\"Est. reading time\" \/>\n\t<meta name=\"twitter:data1\" content=\"2 minutit\" \/>\n<script type=\"application\/ld+json\" class=\"yoast-schema-graph\">{\"@context\":\"https:\/\/schema.org\",\"@graph\":[{\"@type\":[\"WebPage\",\"ItemPage\"],\"@id\":\"https:\/\/kabinam.lt\/et\/toode\/metalinis-raktu-pakabukas-gta\/\",\"url\":\"https:\/\/kabinam.lt\/et\/toode\/metalinis-raktu-pakabukas-gta\/\",\"name\":\"Metalinis Rakt\u0173 Pakabukas GTA 5 \u2013 Stilingas \u017denklelis \u017daidim\u0173 Fanams - kabinam.lt\",\"isPartOf\":{\"@id\":\"https:\/\/kabinam.lt\/#website\"},\"primaryImageOfPage\":{\"@id\":\"https:\/\/kabinam.lt\/et\/toode\/metalinis-raktu-pakabukas-gta\/#primaryimage\"},\"image\":{\"@id\":\"https:\/\/kabinam.lt\/et\/toode\/metalinis-raktu-pakabukas-gta\/#primaryimage\"},\"thumbnailUrl\":\"https:\/\/kabinam.lt\/wp-content\/uploads\/2024\/07\/GTA.jpg\",\"datePublished\":\"2024-07-18T07:18:28+00:00\",\"dateModified\":\"2026-03-03T12:51:19+00:00\",\"description\":\"Metalinis rakt\u0173 pakabukas GTA 5 \u2013 tvirtas \u017eaidim\u0173 tematikos aksesuaras, puikiai tinkantis raktams ar kuprinei.\",\"breadcrumb\":{\"@id\":\"https:\/\/kabinam.lt\/et\/toode\/metalinis-raktu-pakabukas-gta\/#breadcrumb\"},\"inLanguage\":\"et\",\"potentialAction\":[{\"@type\":\"ReadAction\",\"target\":[\"https:\/\/kabinam.lt\/et\/toode\/metalinis-raktu-pakabukas-gta\/\"]}]},{\"@type\":\"ImageObject\",\"inLanguage\":\"et\",\"@id\":\"https:\/\/kabinam.lt\/et\/toode\/metalinis-raktu-pakabukas-gta\/#primaryimage\",\"url\":\"https:\/\/kabinam.lt\/wp-content\/uploads\/2024\/07\/GTA.jpg\",\"contentUrl\":\"https:\/\/kabinam.lt\/wp-content\/uploads\/2024\/07\/GTA.jpg\",\"width\":800,\"height\":800,\"caption\":\"Metalinis pakabukas GTA 5 \u2013 idealus aksesuaras \u017eaidim\u0173 gerb\u0117jams\"},{\"@type\":\"BreadcrumbList\",\"@id\":\"https:\/\/kabinam.lt\/et\/toode\/metalinis-raktu-pakabukas-gta\/#breadcrumb\",\"itemListElement\":[{\"@type\":\"ListItem\",\"position\":1,\"name\":\"Home\",\"item\":\"https:\/\/kabinam.lt\/\"},{\"@type\":\"ListItem\",\"position\":2,\"name\":\"Visi Produktai\",\"item\":\"https:\/\/kabinam.lt\/visi-produktai\/\"},{\"@type\":\"ListItem\",\"position\":3,\"name\":\"Metalinis Rakt\u0173 Pakabukas GTA 5 \u2013 Stilingas \u017denklelis \u017daidim\u0173 Fanams\"}]},{\"@type\":\"WebSite\",\"@id\":\"https:\/\/kabinam.lt\/#website\",\"url\":\"https:\/\/kabinam.lt\/\",\"name\":\"kabinam.lt\",\"description\":\"Kabinam.lt \u2013 raktu pakabukai ir aksesuarai\",\"publisher\":{\"@id\":\"https:\/\/kabinam.lt\/#organization\"},\"alternateName\":\"pakabukai lt\",\"potentialAction\":[{\"@type\":\"SearchAction\",\"target\":{\"@type\":\"EntryPoint\",\"urlTemplate\":\"https:\/\/kabinam.lt\/?s={search_term_string}\"},\"query-input\":{\"@type\":\"PropertyValueSpecification\",\"valueRequired\":true,\"valueName\":\"search_term_string\"}}],\"inLanguage\":\"et\"},{\"@type\":\"Organization\",\"@id\":\"https:\/\/kabinam.lt\/#organization\",\"name\":\"kabinam.lt\",\"alternateName\":\"kabinam\",\"url\":\"https:\/\/kabinam.lt\/\",\"logo\":{\"@type\":\"ImageObject\",\"inLanguage\":\"et\",\"@id\":\"https:\/\/kabinam.lt\/#\/schema\/logo\/image\/\",\"url\":\"https:\/\/kabinam.lt\/wp-content\/uploads\/2025\/05\/KABINAM_outer_glow.png\",\"contentUrl\":\"https:\/\/kabinam.lt\/wp-content\/uploads\/2025\/05\/KABINAM_outer_glow.png\",\"width\":474,\"height\":141,\"caption\":\"kabinam.lt\"},\"image\":{\"@id\":\"https:\/\/kabinam.lt\/#\/schema\/logo\/image\/\"}}]}<\/script>\n<!-- \/ Yoast SEO plugin. -->","yoast_head_json":{"title":"Metalinis Rakt\u0173 Pakabukas GTA 5 \u2013 Stilingas \u017denklelis \u017daidim\u0173 Fanams - kabinam.lt","description":"Metalinis rakt\u0173 pakabukas GTA 5 \u2013 tvirtas \u017eaidim\u0173 tematikos aksesuaras, puikiai tinkantis raktams ar kuprinei.","robots":{"index":"index","follow":"follow","max-snippet":"max-snippet:-1","max-image-preview":"max-image-preview:large","max-video-preview":"max-video-preview:-1"},"canonical":"https:\/\/kabinam.lt\/et\/toode\/metalinis-raktu-pakabukas-gta\/","og_locale":"et_EE","og_type":"article","og_title":"Metalinis Rakt\u0173 Pakabukas GTA 5 \u2013 Stilingas \u017denklelis \u017daidim\u0173 Fanams - kabinam.lt","og_description":"Metalinis rakt\u0173 pakabukas GTA 5 \u2013 tvirtas \u017eaidim\u0173 tematikos aksesuaras, puikiai tinkantis raktams ar kuprinei.","og_url":"https:\/\/kabinam.lt\/et\/toode\/metalinis-raktu-pakabukas-gta\/","og_site_name":"kabinam.lt","article_modified_time":"2026-03-03T12:51:19+00:00","og_image":[{"width":800,"height":800,"url":"https:\/\/kabinam.lt\/wp-content\/uploads\/2024\/07\/GTA.jpg","type":"image\/jpeg"}],"twitter_card":"summary_large_image","twitter_misc":{"Est. reading time":"2 minutit"},"schema":{"@context":"https:\/\/schema.org","@graph":[{"@type":["WebPage","ItemPage"],"@id":"https:\/\/kabinam.lt\/et\/toode\/metalinis-raktu-pakabukas-gta\/","url":"https:\/\/kabinam.lt\/et\/toode\/metalinis-raktu-pakabukas-gta\/","name":"Metalinis Rakt\u0173 Pakabukas GTA 5 \u2013 Stilingas \u017denklelis \u017daidim\u0173 Fanams - kabinam.lt","isPartOf":{"@id":"https:\/\/kabinam.lt\/#website"},"primaryImageOfPage":{"@id":"https:\/\/kabinam.lt\/et\/toode\/metalinis-raktu-pakabukas-gta\/#primaryimage"},"image":{"@id":"https:\/\/kabinam.lt\/et\/toode\/metalinis-raktu-pakabukas-gta\/#primaryimage"},"thumbnailUrl":"https:\/\/kabinam.lt\/wp-content\/uploads\/2024\/07\/GTA.jpg","datePublished":"2024-07-18T07:18:28+00:00","dateModified":"2026-03-03T12:51:19+00:00","description":"Metalinis rakt\u0173 pakabukas GTA 5 \u2013 tvirtas \u017eaidim\u0173 tematikos aksesuaras, puikiai tinkantis raktams ar kuprinei.","breadcrumb":{"@id":"https:\/\/kabinam.lt\/et\/toode\/metalinis-raktu-pakabukas-gta\/#breadcrumb"},"inLanguage":"et","potentialAction":[{"@type":"ReadAction","target":["https:\/\/kabinam.lt\/et\/toode\/metalinis-raktu-pakabukas-gta\/"]}]},{"@type":"ImageObject","inLanguage":"et","@id":"https:\/\/kabinam.lt\/et\/toode\/metalinis-raktu-pakabukas-gta\/#primaryimage","url":"https:\/\/kabinam.lt\/wp-content\/uploads\/2024\/07\/GTA.jpg","contentUrl":"https:\/\/kabinam.lt\/wp-content\/uploads\/2024\/07\/GTA.jpg","width":800,"height":800,"caption":"Metalinis pakabukas GTA 5 \u2013 idealus aksesuaras \u017eaidim\u0173 gerb\u0117jams"},{"@type":"BreadcrumbList","@id":"https:\/\/kabinam.lt\/et\/toode\/metalinis-raktu-pakabukas-gta\/#breadcrumb","itemListElement":[{"@type":"ListItem","position":1,"name":"Home","item":"https:\/\/kabinam.lt\/"},{"@type":"ListItem","position":2,"name":"Visi Produktai","item":"https:\/\/kabinam.lt\/visi-produktai\/"},{"@type":"ListItem","position":3,"name":"Metalinis Rakt\u0173 Pakabukas GTA 5 \u2013 Stilingas \u017denklelis \u017daidim\u0173 Fanams"}]},{"@type":"WebSite","@id":"https:\/\/kabinam.lt\/#website","url":"https:\/\/kabinam.lt\/","name":"kabinam.lt","description":"Kabinam.lt - v\u00f5tmehoidjad ja aksessuaarid","publisher":{"@id":"https:\/\/kabinam.lt\/#organization"},"alternateName":"pakabukai lt","potentialAction":[{"@type":"SearchAction","target":{"@type":"EntryPoint","urlTemplate":"https:\/\/kabinam.lt\/?s={search_term_string}"},"query-input":{"@type":"PropertyValueSpecification","valueRequired":true,"valueName":"search_term_string"}}],"inLanguage":"et"},{"@type":"Organization","@id":"https:\/\/kabinam.lt\/#organization","name":"kabinam.lt","alternateName":"kabinam","url":"https:\/\/kabinam.lt\/","logo":{"@type":"ImageObject","inLanguage":"et","@id":"https:\/\/kabinam.lt\/#\/schema\/logo\/image\/","url":"https:\/\/kabinam.lt\/wp-content\/uploads\/2025\/05\/KABINAM_outer_glow.png","contentUrl":"https:\/\/kabinam.lt\/wp-content\/uploads\/2025\/05\/KABINAM_outer_glow.png","width":474,"height":141,"caption":"kabinam.lt"},"image":{"@id":"https:\/\/kabinam.lt\/#\/schema\/logo\/image\/"}}]}},"uagb_featured_image_src":{"full":["https:\/\/kabinam.lt\/wp-content\/uploads\/2024\/07\/GTA.jpg",800,800,false],"thumbnail":["https:\/\/kabinam.lt\/wp-content\/uploads\/2024\/07\/GTA-150x150.jpg",150,150,true],"medium":["https:\/\/kabinam.lt\/wp-content\/uploads\/2024\/07\/GTA-300x300.jpg",300,300,true],"medium_large":["https:\/\/kabinam.lt\/wp-content\/uploads\/2024\/07\/GTA-768x768.jpg",768,768,true],"large":["https:\/\/kabinam.lt\/wp-content\/uploads\/2024\/07\/GTA.jpg",800,800,false],"1536x1536":["https:\/\/kabinam.lt\/wp-content\/uploads\/2024\/07\/GTA.jpg",800,800,false],"2048x2048":["https:\/\/kabinam.lt\/wp-content\/uploads\/2024\/07\/GTA.jpg",800,800,false],"trp-custom-language-flag":["https:\/\/kabinam.lt\/wp-content\/uploads\/2024\/07\/GTA.jpg",12,12,false],"woocommerce_thumbnail":["https:\/\/kabinam.lt\/wp-content\/uploads\/2024\/07\/GTA-300x300.jpg",300,300,true],"woocommerce_single":["https:\/\/kabinam.lt\/wp-content\/uploads\/2024\/07\/GTA-600x600.jpg",600,600,true],"woocommerce_gallery_thumbnail":["https:\/\/kabinam.lt\/wp-content\/uploads\/2024\/07\/GTA-100x100.jpg",100,100,true]},"uagb_author_info":{"display_name":"kabinam.lt","author_link":"https:\/\/kabinam.lt\/et\/author\/"},"uagb_comment_info":0,"uagb_excerpt":"Stilingas metalinis rakt\u0173 pakabukas GTA 5 \u017eaidimo fanams \u2013 tvirtas, detalus ir ilgaam\u017eis aksesuaras raktams ar kuprinei.","_links":{"self":[{"href":"https:\/\/kabinam.lt\/et\/wp-json\/wp\/v2\/product\/1998","targetHints":{"allow":["GET"]}}],"collection":[{"href":"https:\/\/kabinam.lt\/et\/wp-json\/wp\/v2\/product"}],"about":[{"href":"https:\/\/kabinam.lt\/et\/wp-json\/wp\/v2\/types\/product"}],"replies":[{"embeddable":true,"href":"https:\/\/kabinam.lt\/et\/wp-json\/wp\/v2\/comments?post=1998"}],"wp:featuredmedia":[{"embeddable":true,"href":"https:\/\/kabinam.lt\/et\/wp-json\/wp\/v2\/media\/1997"}],"wp:attachment":[{"href":"https:\/\/kabinam.lt\/et\/wp-json\/wp\/v2\/media?parent=1998"}],"wp:term":[{"taxonomy":"product_brand","embeddable":true,"href":"https:\/\/kabinam.lt\/et\/wp-json\/wp\/v2\/product_brand?post=1998"},{"taxonomy":"product_cat","embeddable":true,"href":"https:\/\/kabinam.lt\/et\/wp-json\/wp\/v2\/product_cat?post=1998"},{"taxonomy":"product_tag","embeddable":true,"href":"https:\/\/kabinam.lt\/et\/wp-json\/wp\/v2\/product_tag?post=1998"}],"curies":[{"name":"wp","href":"https:\/\/api.w.org\/{rel}","templated":true}]}}