{"id":1785,"date":"2024-06-07T07:09:26","date_gmt":"2024-06-07T07:09:26","guid":{"rendered":"https:\/\/kabinam.lt\/?post_type=product&#038;p=1785"},"modified":"2026-01-18T16:15:12","modified_gmt":"2026-01-18T14:15:12","slug":"autovelje-votmehoidja","status":"publish","type":"product","link":"https:\/\/kabinam.lt\/et\/product\/automobiliu-raktu-pakabukas-ratlankis\/","title":{"rendered":"Autode v\u00f5tmehoidjad - alumiiniumisulamist velg"},"content":{"rendered":"<div class=\"kk-star-ratings kksr-auto kksr-align-left kksr-valign-top\"\n    data-payload='{&quot;align&quot;:&quot;left&quot;,&quot;id&quot;:&quot;1785&quot;,&quot;slug&quot;:&quot;default&quot;,&quot;valign&quot;:&quot;top&quot;,&quot;ignore&quot;:&quot;&quot;,&quot;reference&quot;:&quot;auto&quot;,&quot;class&quot;:&quot;&quot;,&quot;count&quot;:&quot;0&quot;,&quot;legendonly&quot;:&quot;&quot;,&quot;readonly&quot;:&quot;&quot;,&quot;score&quot;:&quot;0&quot;,&quot;starsonly&quot;:&quot;&quot;,&quot;best&quot;:&quot;5&quot;,&quot;gap&quot;:&quot;5&quot;,&quot;greet&quot;:&quot;Mums svarbus j\u016bs\u0173 \u012fvertinimas&quot;,&quot;legend&quot;:&quot;0\\\/5 - (0 votes)&quot;,&quot;size&quot;:&quot;24&quot;,&quot;title&quot;:&quot;Automobili\u0173 rakt\u0173 pakabukai \u2013 Aliuminio lydinio ratlankis&quot;,&quot;width&quot;:&quot;0&quot;,&quot;_legend&quot;:&quot;{score}\\\/{best} - ({count} {votes})&quot;,&quot;font_factor&quot;:&quot;1.25&quot;}'>\n            \n<div class=\"kksr-stars\">\n    \n<div class=\"kksr-stars-inactive\">\n            <div class=\"kksr-star\" data-star=\"1\" style=\"padding-right: 5px\">\n            \n\n<div class=\"kksr-icon\" style=\"width: 24px; height: 24px;\"><\/div>\n        <\/div>\n            <div class=\"kksr-star\" data-star=\"2\" style=\"padding-right: 5px\">\n            \n\n<div class=\"kksr-icon\" style=\"width: 24px; height: 24px;\"><\/div>\n        <\/div>\n            <div class=\"kksr-star\" data-star=\"3\" style=\"padding-right: 5px\">\n            \n\n<div class=\"kksr-icon\" style=\"width: 24px; height: 24px;\"><\/div>\n        <\/div>\n            <div class=\"kksr-star\" data-star=\"4\" style=\"padding-right: 5px\">\n            \n\n<div class=\"kksr-icon\" style=\"width: 24px; height: 24px;\"><\/div>\n        <\/div>\n            <div class=\"kksr-star\" data-star=\"5\" style=\"padding-right: 5px\">\n            \n\n<div class=\"kksr-icon\" style=\"width: 24px; height: 24px;\"><\/div>\n        <\/div>\n    <\/div>\n    \n<div class=\"kksr-stars-active\" style=\"width: 0px;\">\n            <div class=\"kksr-star\" style=\"padding-right: 5px\">\n            \n\n<div class=\"kksr-icon\" style=\"width: 24px; height: 24px;\"><\/div>\n        <\/div>\n            <div class=\"kksr-star\" style=\"padding-right: 5px\">\n            \n\n<div class=\"kksr-icon\" style=\"width: 24px; height: 24px;\"><\/div>\n        <\/div>\n            <div class=\"kksr-star\" style=\"padding-right: 5px\">\n            \n\n<div class=\"kksr-icon\" style=\"width: 24px; height: 24px;\"><\/div>\n        <\/div>\n            <div class=\"kksr-star\" style=\"padding-right: 5px\">\n            \n\n<div class=\"kksr-icon\" style=\"width: 24px; height: 24px;\"><\/div>\n        <\/div>\n            <div class=\"kksr-star\" style=\"padding-right: 5px\">\n            \n\n<div class=\"kksr-icon\" style=\"width: 24px; height: 24px;\"><\/div>\n        <\/div>\n    <\/div>\n<\/div>\n                \n\n<div class=\"kksr-legend\" style=\"font-size: 19.2px;\">\n            <span class=\"kksr-muted\">Teie hinnang on meile oluline<\/span>\n    <\/div>\n    <\/div>\n<h3 data-start=\"321\" data-end=\"398\"><strong data-start=\"325\" data-end=\"398\">Automobili\u0173 rakt\u0173 pakabukai \u2013 aliuminio ratlankio formos pasirinkimas<\/strong><\/h3>\n<p data-start=\"400\" data-end=\"750\"><strong data-start=\"400\" data-end=\"481\">Automobili\u0173 rakt\u0173 pakabukai yra ne tik prakti\u0161ki, bet ir stilingi aksesuarai.<\/strong> \u0160is pakabukas pagamintas i\u0161 aliuminio lydinio, primenantis tikr\u0105 automobilio ratlank\u012f. Jo modernus dizainas traukia ak\u012f, o i\u0161skirtin\u0117 forma patiks visiems automobili\u0173 entuziastams. Galima rinktis i\u0161 keli\u0173 spalv\u0173 \u2013 nuo klasikin\u0117s juodos iki ry\u0161kios raudonos ar m\u0117lynos.<\/p>\n<hr data-start=\"752\" data-end=\"755\" \/>\n<h3 data-start=\"757\" data-end=\"819\"><strong data-start=\"761\" data-end=\"819\">Tvirtas aliuminio lydinys \u2013 ilgaam\u017ei\u0161kumas ir estetika<\/strong><\/h3>\n<p data-start=\"821\" data-end=\"1129\">Aliuminio lydinys suteikia pakabukui tvirtumo, bet jis i\u0161lieka lengvas. D\u0117l to \u0161is aksesuaras patogiai kabinamas ant rakt\u0173, neapsunkina j\u0173. Ratlankio forma \u2013 detalizuota ir itin tiksliai i\u0161lieta, o spalvos \u2013 atsparios blukimui. Toks pakabukas ne tik prideda stiliaus, bet ir i\u0161laiko savo i\u0161vaizd\u0105 ilg\u0105 laik\u0105.<\/p>\n<hr data-start=\"1131\" data-end=\"1134\" \/>\n<h3 data-start=\"1136\" data-end=\"1192\"><strong data-start=\"1140\" data-end=\"1192\">Kod\u0117l verta rinktis automobili\u0173 rakt\u0173 pakabukus?<\/strong><\/h3>\n<p data-start=\"1194\" data-end=\"1518\"><strong data-start=\"1194\" data-end=\"1225\">Automobili\u0173 rakt\u0173 pakabukai<\/strong> padeda i\u0161reik\u0161ti savo pom\u0117gius ir suteikia asmeni\u0161kumo. Jie \u2013 puiki dovanos id\u0117ja vairuotojams, automobili\u0173 sporto gerb\u0117jams ar mechanikams. Tokie aksesuarai ne tik funkcional\u016bs, bet ir tampa stilingu kasdienyb\u0117s akcentu. Pakabukas gali b\u016bti priderintas prie automobilio spalvos ar interjero.<\/p>\n<hr data-start=\"1520\" data-end=\"1523\" \/>\n<h3 data-start=\"1525\" data-end=\"1551\"><strong data-start=\"1529\" data-end=\"1551\">Kur rasti daugiau?<\/strong><\/h3>\n<p data-start=\"1553\" data-end=\"1959\">Ie\u0161kai dar daugiau pasirinkim\u0173? Per\u017ei\u016br\u0117k m\u016bs\u0173 <a class=\"cursor-pointer\" target=\"_new\" rel=\"noopener\" data-start=\"1600\" data-end=\"1704\">autode v\u00f5tmehoidjate kollektsioon<\/a> arba vis\u0105 <a class=\"\" href=\"https:\/\/kabinam.lt\/et\/koik-tooted\/\" target=\"_new\" rel=\"noopener\" data-start=\"1715\" data-end=\"1768\">produkt\u0173 s\u0105ra\u0161\u0105<\/a>. O jei domina automobilio stiliaus detal\u0117s pla\u010diau, rekomenduojame <a class=\"\" href=\"https:\/\/www.topgear.com\/\" target=\"_new\" rel=\"noopener\" data-start=\"1836\" data-end=\"1871\">TopGear<\/a> \u00fche populaarseimate autouudiste porteele, mis annab inspiratsiooni iga juhtijale.<\/p>","protected":false},"excerpt":{"rendered":"<p>Aliuminio ratlankio formos pakabukas i\u0161 lengvo lydinio \u2013 stilingas aksesuaras automobili\u0173 raktams.<\/p>","protected":false},"featured_media":1786,"comment_status":"closed","ping_status":"closed","template":"","meta":{"_uag_custom_page_level_css":"","site-sidebar-layout":"default","site-content-layout":"","ast-site-content-layout":"default","site-content-style":"default","site-sidebar-style":"default","ast-global-header-display":"","ast-banner-title-visibility":"","ast-main-header-display":"","ast-hfb-above-header-display":"","ast-hfb-below-header-display":"","ast-hfb-mobile-header-display":"","site-post-title":"","ast-breadcrumbs-content":"","ast-featured-img":"","footer-sml-layout":"","ast-disable-related-posts":"","theme-transparent-header-meta":"default","adv-header-id-meta":"","stick-header-meta":"","header-above-stick-meta":"","header-main-stick-meta":"","header-below-stick-meta":"","astra-migrate-meta-layouts":"set","ast-page-background-enabled":"default","ast-page-background-meta":{"desktop":{"background-color":"var(--ast-global-color-4)","background-image":"","background-repeat":"repeat","background-position":"center center","background-size":"auto","background-attachment":"scroll","background-type":"","background-media":"","overlay-type":"","overlay-color":"","overlay-opacity":"","overlay-gradient":""},"tablet":{"background-color":"","background-image":"","background-repeat":"repeat","background-position":"center center","background-size":"auto","background-attachment":"scroll","background-type":"","background-media":"","overlay-type":"","overlay-color":"","overlay-opacity":"","overlay-gradient":""},"mobile":{"background-color":"","background-image":"","background-repeat":"repeat","background-position":"center center","background-size":"auto","background-attachment":"scroll","background-type":"","background-media":"","overlay-type":"","overlay-color":"","overlay-opacity":"","overlay-gradient":""}},"ast-content-background-meta":{"desktop":{"background-color":"var(--ast-global-color-5)","background-image":"","background-repeat":"repeat","background-position":"center center","background-size":"auto","background-attachment":"scroll","background-type":"","background-media":"","overlay-type":"","overlay-color":"","overlay-opacity":"","overlay-gradient":""},"tablet":{"background-color":"var(--ast-global-color-5)","background-image":"","background-repeat":"repeat","background-position":"center center","background-size":"auto","background-attachment":"scroll","background-type":"","background-media":"","overlay-type":"","overlay-color":"","overlay-opacity":"","overlay-gradient":""},"mobile":{"background-color":"var(--ast-global-color-5)","background-image":"","background-repeat":"repeat","background-position":"center center","background-size":"auto","background-attachment":"scroll","background-type":"","background-media":"","overlay-type":"","overlay-color":"","overlay-opacity":"","overlay-gradient":""}}},"product_brand":[],"product_cat":[126,22,116,118,92],"product_tag":[],"class_list":{"0":"post-1785","1":"product","2":"type-product","3":"status-publish","4":"has-post-thumbnail","6":"product_cat-visi","7":"product_cat-automobiliu-raktu-pakabukai","8":"product_cat-metaliniai-raktu-pakabukai","9":"product_cat-dovana-teciui","10":"product_cat-populiariausiu-produktu-kategorija","11":"desktop-align-center","12":"tablet-align-left","13":"mobile-align-left","15":"first","16":"instock","17":"shipping-taxable","18":"purchasable","19":"product-type-variable","20":"has-default-attributes"},"yoast_head":"<!-- This site is optimized with the Yoast SEO plugin v27.1.1 - https:\/\/yoast.com\/product\/yoast-seo-wordpress\/ -->\n<title>Automobili\u0173 rakt\u0173 pakabukai \u2013 Aliuminio lydinio ratlankis - kabinam.lt<\/title>\n<meta name=\"description\" content=\"Automobili\u0173 rakt\u0173 pakabukai \u2013 i\u0161 aliuminio lydinio, ratlankio formos, stilingi ir ilgaam\u017eiai. Idealus pasirinkimas vairuotojui.\" \/>\n<meta name=\"robots\" content=\"index, follow, max-snippet:-1, max-image-preview:large, max-video-preview:-1\" \/>\n<link rel=\"canonical\" href=\"https:\/\/kabinam.lt\/et\/toode\/autovelje-votmehoidja\/\" \/>\n<meta property=\"og:locale\" content=\"et_EE\" \/>\n<meta property=\"og:type\" content=\"article\" \/>\n<meta property=\"og:title\" content=\"Automobili\u0173 rakt\u0173 pakabukai \u2013 Aliuminio lydinio ratlankis - kabinam.lt\" \/>\n<meta property=\"og:description\" content=\"Automobili\u0173 rakt\u0173 pakabukai \u2013 i\u0161 aliuminio lydinio, ratlankio formos, stilingi ir ilgaam\u017eiai. Idealus pasirinkimas vairuotojui.\" \/>\n<meta property=\"og:url\" content=\"https:\/\/kabinam.lt\/et\/toode\/autovelje-votmehoidja\/\" \/>\n<meta property=\"og:site_name\" content=\"kabinam.lt\" \/>\n<meta property=\"article:modified_time\" content=\"2026-01-18T14:15:12+00:00\" \/>\n<meta property=\"og:image\" content=\"https:\/\/kabinam.lt\/wp-content\/uploads\/2024\/06\/mix-wheel.jpg\" \/>\n\t<meta property=\"og:image:width\" content=\"800\" \/>\n\t<meta property=\"og:image:height\" content=\"800\" \/>\n\t<meta property=\"og:image:type\" content=\"image\/jpeg\" \/>\n<meta name=\"twitter:card\" content=\"summary_large_image\" \/>\n<meta name=\"twitter:label1\" content=\"Est. reading time\" \/>\n\t<meta name=\"twitter:data1\" content=\"2 minutit\" \/>\n<script type=\"application\/ld+json\" class=\"yoast-schema-graph\">{\"@context\":\"https:\/\/schema.org\",\"@graph\":[{\"@type\":[\"WebPage\",\"ItemPage\"],\"@id\":\"https:\/\/kabinam.lt\/eng\/product\/car-rim-keyring\/\",\"url\":\"https:\/\/kabinam.lt\/eng\/product\/car-rim-keyring\/\",\"name\":\"Automobili\u0173 rakt\u0173 pakabukai \u2013 Aliuminio lydinio ratlankis - kabinam.lt\",\"isPartOf\":{\"@id\":\"https:\/\/kabinam.lt\/#website\"},\"primaryImageOfPage\":{\"@id\":\"https:\/\/kabinam.lt\/eng\/product\/car-rim-keyring\/#primaryimage\"},\"image\":{\"@id\":\"https:\/\/kabinam.lt\/eng\/product\/car-rim-keyring\/#primaryimage\"},\"thumbnailUrl\":\"https:\/\/kabinam.lt\/wp-content\/uploads\/2024\/06\/mix-wheel.jpg\",\"datePublished\":\"2024-06-07T07:09:26+00:00\",\"dateModified\":\"2026-01-18T14:15:12+00:00\",\"description\":\"Automobili\u0173 rakt\u0173 pakabukai \u2013 i\u0161 aliuminio lydinio, ratlankio formos, stilingi ir ilgaam\u017eiai. Idealus pasirinkimas vairuotojui.\",\"breadcrumb\":{\"@id\":\"https:\/\/kabinam.lt\/eng\/product\/car-rim-keyring\/#breadcrumb\"},\"inLanguage\":\"et\",\"potentialAction\":[{\"@type\":\"ReadAction\",\"target\":[\"https:\/\/kabinam.lt\/eng\/product\/car-rim-keyring\/\"]}]},{\"@type\":\"ImageObject\",\"inLanguage\":\"et\",\"@id\":\"https:\/\/kabinam.lt\/eng\/product\/car-rim-keyring\/#primaryimage\",\"url\":\"https:\/\/kabinam.lt\/wp-content\/uploads\/2024\/06\/mix-wheel.jpg\",\"contentUrl\":\"https:\/\/kabinam.lt\/wp-content\/uploads\/2024\/06\/mix-wheel.jpg\",\"width\":800,\"height\":800,\"caption\":\"Aliuminio ratlankio formos rakt\u0173 pakabukas vairuotojams\"},{\"@type\":\"BreadcrumbList\",\"@id\":\"https:\/\/kabinam.lt\/eng\/product\/car-rim-keyring\/#breadcrumb\",\"itemListElement\":[{\"@type\":\"ListItem\",\"position\":1,\"name\":\"Home\",\"item\":\"https:\/\/kabinam.lt\/\"},{\"@type\":\"ListItem\",\"position\":2,\"name\":\"Visi Produktai\",\"item\":\"https:\/\/kabinam.lt\/visi-produktai\/\"},{\"@type\":\"ListItem\",\"position\":3,\"name\":\"Automobili\u0173 rakt\u0173 pakabukai \u2013 Aliuminio lydinio ratlankis\"}]},{\"@type\":\"WebSite\",\"@id\":\"https:\/\/kabinam.lt\/#website\",\"url\":\"https:\/\/kabinam.lt\/\",\"name\":\"kabinam.lt\",\"description\":\"Kabinam.lt \u2013 raktu pakabukai ir aksesuarai\",\"publisher\":{\"@id\":\"https:\/\/kabinam.lt\/#organization\"},\"alternateName\":\"pakabukai lt\",\"potentialAction\":[{\"@type\":\"SearchAction\",\"target\":{\"@type\":\"EntryPoint\",\"urlTemplate\":\"https:\/\/kabinam.lt\/?s={search_term_string}\"},\"query-input\":{\"@type\":\"PropertyValueSpecification\",\"valueRequired\":true,\"valueName\":\"search_term_string\"}}],\"inLanguage\":\"et\"},{\"@type\":\"Organization\",\"@id\":\"https:\/\/kabinam.lt\/#organization\",\"name\":\"kabinam.lt\",\"alternateName\":\"kabinam\",\"url\":\"https:\/\/kabinam.lt\/\",\"logo\":{\"@type\":\"ImageObject\",\"inLanguage\":\"et\",\"@id\":\"https:\/\/kabinam.lt\/#\/schema\/logo\/image\/\",\"url\":\"https:\/\/kabinam.lt\/wp-content\/uploads\/2025\/05\/KABINAM_outer_glow.png\",\"contentUrl\":\"https:\/\/kabinam.lt\/wp-content\/uploads\/2025\/05\/KABINAM_outer_glow.png\",\"width\":474,\"height\":141,\"caption\":\"kabinam.lt\"},\"image\":{\"@id\":\"https:\/\/kabinam.lt\/#\/schema\/logo\/image\/\"}}]}<\/script>\n<!-- \/ Yoast SEO plugin. -->","yoast_head_json":{"title":"Autov\u00f5tme ripatsid \u2013 Alumiiniumisulamist rattaratas - kabinam.lt","description":"Automobili\u0173 rakt\u0173 pakabukai \u2013 i\u0161 aliuminio lydinio, ratlankio formos, stilingi ir ilgaam\u017eiai. Idealus pasirinkimas vairuotojui.","robots":{"index":"index","follow":"follow","max-snippet":"max-snippet:-1","max-image-preview":"max-image-preview:large","max-video-preview":"max-video-preview:-1"},"canonical":"https:\/\/kabinam.lt\/et\/toode\/autovelje-votmehoidja\/","og_locale":"et_EE","og_type":"article","og_title":"Automobili\u0173 rakt\u0173 pakabukai \u2013 Aliuminio lydinio ratlankis - kabinam.lt","og_description":"Automobili\u0173 rakt\u0173 pakabukai \u2013 i\u0161 aliuminio lydinio, ratlankio formos, stilingi ir ilgaam\u017eiai. Idealus pasirinkimas vairuotojui.","og_url":"https:\/\/kabinam.lt\/et\/toode\/autovelje-votmehoidja\/","og_site_name":"kabinam.lt","article_modified_time":"2026-01-18T14:15:12+00:00","og_image":[{"width":800,"height":800,"url":"https:\/\/kabinam.lt\/wp-content\/uploads\/2024\/06\/mix-wheel.jpg","type":"image\/jpeg"}],"twitter_card":"summary_large_image","twitter_misc":{"Est. reading time":"2 minutit"},"schema":{"@context":"https:\/\/schema.org","@graph":[{"@type":["WebPage","ItemPage"],"@id":"https:\/\/kabinam.lt\/eng\/product\/car-rim-keyring\/","url":"https:\/\/kabinam.lt\/eng\/product\/car-rim-keyring\/","name":"Autov\u00f5tme ripatsid \u2013 Alumiiniumisulamist rattaratas - kabinam.lt","isPartOf":{"@id":"https:\/\/kabinam.lt\/#website"},"primaryImageOfPage":{"@id":"https:\/\/kabinam.lt\/eng\/product\/car-rim-keyring\/#primaryimage"},"image":{"@id":"https:\/\/kabinam.lt\/eng\/product\/car-rim-keyring\/#primaryimage"},"thumbnailUrl":"https:\/\/kabinam.lt\/wp-content\/uploads\/2024\/06\/mix-wheel.jpg","datePublished":"2024-06-07T07:09:26+00:00","dateModified":"2026-01-18T14:15:12+00:00","description":"Automobili\u0173 rakt\u0173 pakabukai \u2013 i\u0161 aliuminio lydinio, ratlankio formos, stilingi ir ilgaam\u017eiai. Idealus pasirinkimas vairuotojui.","breadcrumb":{"@id":"https:\/\/kabinam.lt\/eng\/product\/car-rim-keyring\/#breadcrumb"},"inLanguage":"et","potentialAction":[{"@type":"ReadAction","target":["https:\/\/kabinam.lt\/eng\/product\/car-rim-keyring\/"]}]},{"@type":"ImageObject","inLanguage":"et","@id":"https:\/\/kabinam.lt\/eng\/product\/car-rim-keyring\/#primaryimage","url":"https:\/\/kabinam.lt\/wp-content\/uploads\/2024\/06\/mix-wheel.jpg","contentUrl":"https:\/\/kabinam.lt\/wp-content\/uploads\/2024\/06\/mix-wheel.jpg","width":800,"height":800,"caption":"Aliuminio ratlankio formos rakt\u0173 pakabukas vairuotojams"},{"@type":"BreadcrumbList","@id":"https:\/\/kabinam.lt\/eng\/product\/car-rim-keyring\/#breadcrumb","itemListElement":[{"@type":"ListItem","position":1,"name":"Home","item":"https:\/\/kabinam.lt\/"},{"@type":"ListItem","position":2,"name":"Visi Produktai","item":"https:\/\/kabinam.lt\/visi-produktai\/"},{"@type":"ListItem","position":3,"name":"Automobili\u0173 rakt\u0173 pakabukai \u2013 Aliuminio lydinio ratlankis"}]},{"@type":"WebSite","@id":"https:\/\/kabinam.lt\/#website","url":"https:\/\/kabinam.lt\/","name":"kabinam.lt","description":"Kabinam.lt - v\u00f5tmehoidjad ja aksessuaarid","publisher":{"@id":"https:\/\/kabinam.lt\/#organization"},"alternateName":"pakabukai lt","potentialAction":[{"@type":"SearchAction","target":{"@type":"EntryPoint","urlTemplate":"https:\/\/kabinam.lt\/?s={search_term_string}"},"query-input":{"@type":"PropertyValueSpecification","valueRequired":true,"valueName":"search_term_string"}}],"inLanguage":"et"},{"@type":"Organization","@id":"https:\/\/kabinam.lt\/#organization","name":"kabinam.lt","alternateName":"kabinam","url":"https:\/\/kabinam.lt\/","logo":{"@type":"ImageObject","inLanguage":"et","@id":"https:\/\/kabinam.lt\/#\/schema\/logo\/image\/","url":"https:\/\/kabinam.lt\/wp-content\/uploads\/2025\/05\/KABINAM_outer_glow.png","contentUrl":"https:\/\/kabinam.lt\/wp-content\/uploads\/2025\/05\/KABINAM_outer_glow.png","width":474,"height":141,"caption":"kabinam.lt"},"image":{"@id":"https:\/\/kabinam.lt\/#\/schema\/logo\/image\/"}}]}},"uagb_featured_image_src":{"full":["https:\/\/kabinam.lt\/wp-content\/uploads\/2024\/06\/mix-wheel.jpg",800,800,false],"thumbnail":["https:\/\/kabinam.lt\/wp-content\/uploads\/2024\/06\/mix-wheel-150x150.jpg",150,150,true],"medium":["https:\/\/kabinam.lt\/wp-content\/uploads\/2024\/06\/mix-wheel-300x300.jpg",300,300,true],"medium_large":["https:\/\/kabinam.lt\/wp-content\/uploads\/2024\/06\/mix-wheel-768x768.jpg",768,768,true],"large":["https:\/\/kabinam.lt\/wp-content\/uploads\/2024\/06\/mix-wheel.jpg",800,800,false],"1536x1536":["https:\/\/kabinam.lt\/wp-content\/uploads\/2024\/06\/mix-wheel.jpg",800,800,false],"2048x2048":["https:\/\/kabinam.lt\/wp-content\/uploads\/2024\/06\/mix-wheel.jpg",800,800,false],"trp-custom-language-flag":["https:\/\/kabinam.lt\/wp-content\/uploads\/2024\/06\/mix-wheel.jpg",12,12,false],"woocommerce_thumbnail":["https:\/\/kabinam.lt\/wp-content\/uploads\/2024\/06\/mix-wheel-300x300.jpg",300,300,true],"woocommerce_single":["https:\/\/kabinam.lt\/wp-content\/uploads\/2024\/06\/mix-wheel-600x600.jpg",600,600,true],"woocommerce_gallery_thumbnail":["https:\/\/kabinam.lt\/wp-content\/uploads\/2024\/06\/mix-wheel-100x100.jpg",100,100,true]},"uagb_author_info":{"display_name":"Kiril","author_link":"https:\/\/kabinam.lt\/et\/author\/"},"uagb_comment_info":0,"uagb_excerpt":"Aliuminio ratlankio formos pakabukas i\u0161 lengvo lydinio \u2013 stilingas aksesuaras automobili\u0173 raktams.","_links":{"self":[{"href":"https:\/\/kabinam.lt\/et\/wp-json\/wp\/v2\/product\/1785","targetHints":{"allow":["GET"]}}],"collection":[{"href":"https:\/\/kabinam.lt\/et\/wp-json\/wp\/v2\/product"}],"about":[{"href":"https:\/\/kabinam.lt\/et\/wp-json\/wp\/v2\/types\/product"}],"replies":[{"embeddable":true,"href":"https:\/\/kabinam.lt\/et\/wp-json\/wp\/v2\/comments?post=1785"}],"wp:featuredmedia":[{"embeddable":true,"href":"https:\/\/kabinam.lt\/et\/wp-json\/wp\/v2\/media\/1786"}],"wp:attachment":[{"href":"https:\/\/kabinam.lt\/et\/wp-json\/wp\/v2\/media?parent=1785"}],"wp:term":[{"taxonomy":"product_brand","embeddable":true,"href":"https:\/\/kabinam.lt\/et\/wp-json\/wp\/v2\/product_brand?post=1785"},{"taxonomy":"product_cat","embeddable":true,"href":"https:\/\/kabinam.lt\/et\/wp-json\/wp\/v2\/product_cat?post=1785"},{"taxonomy":"product_tag","embeddable":true,"href":"https:\/\/kabinam.lt\/et\/wp-json\/wp\/v2\/product_tag?post=1785"}],"curies":[{"name":"wp","href":"https:\/\/api.w.org\/{rel}","templated":true}]}}