{"id":4641,"date":"2025-12-15T23:03:33","date_gmt":"2025-12-15T21:03:33","guid":{"rendered":"https:\/\/kabinam.lt\/?post_type=product&#038;p=4641"},"modified":"2026-01-19T01:39:32","modified_gmt":"2026-01-18T23:39:32","slug":"sleepy-kate-not-today-justice-pin","status":"publish","type":"product","link":"https:\/\/kabinam.lt\/eng\/product\/mieganti-kate-not-today-tingumo-pin\/","title":{"rendered":"Chill Moods Brooch | Cat with \u201eNot Today\u201c Brooch"},"content":{"rendered":"<div class=\"kk-star-ratings kksr-auto kksr-align-left kksr-valign-top\"\n    data-payload='{&quot;align&quot;:&quot;left&quot;,&quot;id&quot;:&quot;4641&quot;,&quot;slug&quot;:&quot;default&quot;,&quot;valign&quot;:&quot;top&quot;,&quot;ignore&quot;:&quot;&quot;,&quot;reference&quot;:&quot;auto&quot;,&quot;class&quot;:&quot;&quot;,&quot;count&quot;:&quot;0&quot;,&quot;legendonly&quot;:&quot;&quot;,&quot;readonly&quot;:&quot;&quot;,&quot;score&quot;:&quot;0&quot;,&quot;starsonly&quot;:&quot;&quot;,&quot;best&quot;:&quot;5&quot;,&quot;gap&quot;:&quot;5&quot;,&quot;greet&quot;:&quot;Mums svarbus j\u016bs\u0173 \u012fvertinimas&quot;,&quot;legend&quot;:&quot;0\\\/5 - (0 votes)&quot;,&quot;size&quot;:&quot;24&quot;,&quot;title&quot;:&quot;Chill Nuotaikos Seg\u0117 | Kat\u0117 Su U\u017era\u0161u \u201eNot Today\u201c Bro\u0161ka&quot;,&quot;width&quot;:&quot;0&quot;,&quot;_legend&quot;:&quot;{score}\\\/{best} - ({count} {votes})&quot;,&quot;font_factor&quot;:&quot;1.25&quot;}'>\n            \n<div class=\"kksr-stars\">\n    \n<div class=\"kksr-stars-inactive\">\n            <div class=\"kksr-star\" data-star=\"1\" style=\"padding-right: 5px\">\n            \n\n<div class=\"kksr-icon\" style=\"width: 24px; height: 24px;\"><\/div>\n        <\/div>\n            <div class=\"kksr-star\" data-star=\"2\" style=\"padding-right: 5px\">\n            \n\n<div class=\"kksr-icon\" style=\"width: 24px; height: 24px;\"><\/div>\n        <\/div>\n            <div class=\"kksr-star\" data-star=\"3\" style=\"padding-right: 5px\">\n            \n\n<div class=\"kksr-icon\" style=\"width: 24px; height: 24px;\"><\/div>\n        <\/div>\n            <div class=\"kksr-star\" data-star=\"4\" style=\"padding-right: 5px\">\n            \n\n<div class=\"kksr-icon\" style=\"width: 24px; height: 24px;\"><\/div>\n        <\/div>\n            <div class=\"kksr-star\" data-star=\"5\" style=\"padding-right: 5px\">\n            \n\n<div class=\"kksr-icon\" style=\"width: 24px; height: 24px;\"><\/div>\n        <\/div>\n    <\/div>\n    \n<div class=\"kksr-stars-active\" style=\"width: 0px;\">\n            <div class=\"kksr-star\" style=\"padding-right: 5px\">\n            \n\n<div class=\"kksr-icon\" style=\"width: 24px; height: 24px;\"><\/div>\n        <\/div>\n            <div class=\"kksr-star\" style=\"padding-right: 5px\">\n            \n\n<div class=\"kksr-icon\" style=\"width: 24px; height: 24px;\"><\/div>\n        <\/div>\n            <div class=\"kksr-star\" style=\"padding-right: 5px\">\n            \n\n<div class=\"kksr-icon\" style=\"width: 24px; height: 24px;\"><\/div>\n        <\/div>\n            <div class=\"kksr-star\" style=\"padding-right: 5px\">\n            \n\n<div class=\"kksr-icon\" style=\"width: 24px; height: 24px;\"><\/div>\n        <\/div>\n            <div class=\"kksr-star\" style=\"padding-right: 5px\">\n            \n\n<div class=\"kksr-icon\" style=\"width: 24px; height: 24px;\"><\/div>\n        <\/div>\n    <\/div>\n<\/div>\n                \n\n<div class=\"kksr-legend\" style=\"font-size: 19.2px;\">\n            <span class=\"kksr-muted\">Your evaluation is important to us<\/span>\n    <\/div>\n    <\/div>\n<h1 data-path-to-node=\"13\">Chill Mood Badge: Cat With Inscription \u201eNot Today\u201c \u2013 <i>Relatable<\/i> <i>Mood<\/i><\/h1>\n<p data-path-to-node=\"14\">Why do it today if you can postpone it until tomorrow? This <b>laziness enamel badge<\/b> with the inscription \u201eNOT TODAY\u201c perfectly reflects the lazy mood that we all sometimes experience. It's perfect <b>accessory<\/b> for those who love humor, <i>chill<\/i> style and, of course, <b>cats<\/b>, who are laziness experts. Black sleeping cat and bright inscription create <i>fun<\/i> and <i>aesthetic<\/i> effect. It is not only <b>enamel brooch<\/b> \u2013 this is your way of showing <i>easy-going<\/i> style and identify with it <i>relatable<\/i> feeling. If you are looking for <i>statement piece<\/i>, which shows your <i>cool<\/i> and relaxed side, this <b>cat pin<\/b> available at <i>must-have<\/i>.<\/p>\n<h2 data-path-to-node=\"15\"><i>Aesthetic<\/i> Humor And Classic Black<\/h2>\n<p data-path-to-node=\"16\">See <b>enamel pin<\/b> design stands out with minimalist, but at the same time - humorous style. Black and white color scheme is classic and <i>aesthetic<\/i>, and the inscription itself above the sleeping cat adds <b>charm<\/b> and <b>humour<\/b> accent. This <b>cat clip<\/b> perfect for combining with other animals, <i>pop culture<\/i> via <b>humorous themes<\/b> <i>pin'ais<\/i>.<\/p>\n<ul data-path-to-node=\"17\">\n<li>\n<p data-path-to-node=\"17,0,0\"><b>Style:<\/b> Ideal for <i>aesthetic<\/i>, <i>fun<\/i>, <i>chill<\/i> and <b>cat lover<\/b> styles.<\/p>\n<\/li>\n<li>\n<p data-path-to-node=\"17,1,0\"><b>Quality:<\/b> Our <b>enamel brooches<\/b> made from the highest quality hard enamel, ensuring that the black and white contrast and details will remain sharp. It's <b>high quality pin<\/b>, that will withstand everyday wear and tear. If you want to learn more about how to care for your <b>animal themes<\/b> <i>pins<\/i>, so that they always look <i>fresh<\/i>, for information <a class=\"ng-star-inserted\" href=\"https:\/\/www.pinnpatch.lt\" target=\"_blank\" rel=\"noopener\" data-hveid=\"0\" data-ved=\"0CAAQ_4QMahgKEwjPzrHgs8CRAxUAAAAAHQAAAAAQhQI\">Source :<\/a>.<\/p>\n<\/li>\n<\/ul>\n<h2 data-path-to-node=\"18\">A wonderful gift <i>Chill<\/i> And for fans of humor<\/h2>\n<p data-path-to-node=\"19\"><b>Cat \u201eNot Today\u201c enamel badge<\/b> is fantastic <b>gift idea<\/b> for students, <i>chill<\/i> style followers, <i>meme<\/i> for enthusiasts or simply anyone who appreciates cute and funny things <i>fun<\/i> accessories. It is a perfect addition to:<\/p>\n<ul data-path-to-node=\"20\">\n<li>\n<p data-path-to-node=\"20,0,0\"><b>Backpacks:<\/b> Meant to carry books (but maybe read tomorrow).<\/p>\n<\/li>\n<li>\n<p data-path-to-node=\"20,1,0\"><b>Sweater:<\/b> As stylish and <i>relatable<\/i> Highlight.<\/p>\n<\/li>\n<\/ul>\n<p data-path-to-node=\"21\">See our full <a class=\"ng-star-inserted\" href=\"https:\/\/kabinam.lt\/eng\/\" target=\"_blank\" rel=\"noopener\" data-hveid=\"0\" data-ved=\"0CAAQ_4QMahgKEwjPzrHgs8CRAxUAAAAAHQAAAAAQhgI\">animals and <i>pop culture<\/i> collection of enamel pins<\/a>, where you can find more <i>fun<\/i> and unique <b>pins<\/b>, that will go perfectly with this character.<\/p>\n<p data-path-to-node=\"22\"><b>Take time for yourself!<\/b> Book this <b>chill mood seg\u0117<\/b> today and bring it in <i>fun<\/i> relaxation into your daily routine.<\/p>","protected":false},"excerpt":{"rendered":"<p><b>Endlessly <i>relatable<\/i> enamel *pin<\/b>*. Black <b>cat<\/b> with the inscription \u201eNot Today\u201c \u2013 great <b>accessory<\/b> <b>cat lovers<\/b>, <b>laziness<\/b>, <i>chill<\/i> and <i>aesthetic<\/i> style enthusiasts.<\/p>","protected":false},"featured_media":4642,"comment_status":"open","ping_status":"closed","template":"","meta":{"_uag_custom_page_level_css":"","site-sidebar-layout":"default","site-content-layout":"","ast-site-content-layout":"default","site-content-style":"default","site-sidebar-style":"default","ast-global-header-display":"","ast-banner-title-visibility":"","ast-main-header-display":"","ast-hfb-above-header-display":"","ast-hfb-below-header-display":"","ast-hfb-mobile-header-display":"","site-post-title":"","ast-breadcrumbs-content":"","ast-featured-img":"","footer-sml-layout":"","ast-disable-related-posts":"","theme-transparent-header-meta":"default","adv-header-id-meta":"","stick-header-meta":"","header-above-stick-meta":"","header-main-stick-meta":"","header-below-stick-meta":"","astra-migrate-meta-layouts":"set","ast-page-background-enabled":"default","ast-page-background-meta":{"desktop":{"background-color":"var(--ast-global-color-4)","background-image":"","background-repeat":"repeat","background-position":"center center","background-size":"auto","background-attachment":"scroll","background-type":"","background-media":"","overlay-type":"","overlay-color":"","overlay-opacity":"","overlay-gradient":""},"tablet":{"background-color":"","background-image":"","background-repeat":"repeat","background-position":"center center","background-size":"auto","background-attachment":"scroll","background-type":"","background-media":"","overlay-type":"","overlay-color":"","overlay-opacity":"","overlay-gradient":""},"mobile":{"background-color":"","background-image":"","background-repeat":"repeat","background-position":"center center","background-size":"auto","background-attachment":"scroll","background-type":"","background-media":"","overlay-type":"","overlay-color":"","overlay-opacity":"","overlay-gradient":""}},"ast-content-background-meta":{"desktop":{"background-color":"var(--ast-global-color-5)","background-image":"","background-repeat":"repeat","background-position":"center center","background-size":"auto","background-attachment":"scroll","background-type":"","background-media":"","overlay-type":"","overlay-color":"","overlay-opacity":"","overlay-gradient":""},"tablet":{"background-color":"var(--ast-global-color-5)","background-image":"","background-repeat":"repeat","background-position":"center center","background-size":"auto","background-attachment":"scroll","background-type":"","background-media":"","overlay-type":"","overlay-color":"","overlay-opacity":"","overlay-gradient":""},"mobile":{"background-color":"var(--ast-global-color-5)","background-image":"","background-repeat":"repeat","background-position":"center center","background-size":"auto","background-attachment":"scroll","background-type":"","background-media":"","overlay-type":"","overlay-color":"","overlay-opacity":"","overlay-gradient":""}}},"product_brand":[],"product_cat":[119,126],"product_tag":[],"class_list":{"0":"post-4641","1":"product","2":"type-product","3":"status-publish","4":"has-post-thumbnail","6":"product_cat-smeigtukai-pins","7":"product_cat-visi","8":"desktop-align-center","9":"tablet-align-left","10":"mobile-align-left","12":"first","13":"instock","14":"shipping-taxable","15":"purchasable","16":"product-type-simple"},"yoast_head":"<!-- This site is optimized with the Yoast SEO plugin v27.4 - https:\/\/yoast.com\/product\/yoast-seo-wordpress\/ -->\n<title>Chill Nuotaikos Seg\u0117 | Kat\u0117 Su U\u017era\u0161u \u201eNot Today\u201c Bro\u0161ka - kabinam.lt<\/title>\n<meta name=\"description\" content=\"A\u0161 darysiu tai rytoj! \u0160is humoristinis emalio segtukas su u\u017era\u0161u \u201eNot Today\u201c yra must-have aksesuaras visiems ka\u010di\u0173 myl\u0117tojams ir chill stiliaus fanams.\" \/>\n<meta name=\"robots\" content=\"index, follow, max-snippet:-1, max-image-preview:large, max-video-preview:-1\" \/>\n<link rel=\"canonical\" href=\"https:\/\/kabinam.lt\/eng\/product\/sleepy-kate-not-today-justice-pin\/\" \/>\n<meta property=\"og:locale\" content=\"en_US\" \/>\n<meta property=\"og:type\" content=\"article\" \/>\n<meta property=\"og:title\" content=\"Chill Nuotaikos Seg\u0117 | Kat\u0117 Su U\u017era\u0161u \u201eNot Today\u201c Bro\u0161ka - kabinam.lt\" \/>\n<meta property=\"og:description\" content=\"A\u0161 darysiu tai rytoj! \u0160is humoristinis emalio segtukas su u\u017era\u0161u \u201eNot Today\u201c yra must-have aksesuaras visiems ka\u010di\u0173 myl\u0117tojams ir chill stiliaus fanams.\" \/>\n<meta property=\"og:url\" content=\"https:\/\/kabinam.lt\/eng\/product\/sleepy-kate-not-today-justice-pin\/\" \/>\n<meta property=\"og:site_name\" content=\"kabinam.lt\" \/>\n<meta property=\"article:modified_time\" content=\"2026-01-18T23:39:32+00:00\" \/>\n<meta property=\"og:image\" content=\"https:\/\/kabinam.lt\/wp-content\/uploads\/2025\/12\/main-image-13.jpeg\" \/>\n\t<meta property=\"og:image:width\" content=\"448\" \/>\n\t<meta property=\"og:image:height\" content=\"445\" \/>\n\t<meta property=\"og:image:type\" content=\"image\/jpeg\" \/>\n<meta name=\"twitter:card\" content=\"summary_large_image\" \/>\n<meta name=\"twitter:label1\" content=\"Est. reading time\" \/>\n\t<meta name=\"twitter:data1\" content=\"2 minutes\" \/>\n<script type=\"application\/ld+json\" class=\"yoast-schema-graph\">{\"@context\":\"https:\\\/\\\/schema.org\",\"@graph\":[{\"@type\":[\"WebPage\",\"ItemPage\"],\"@id\":\"https:\\\/\\\/kabinam.lt\\\/eng\\\/product\\\/sleepy-kate-not-today-justice-pin\\\/\",\"url\":\"https:\\\/\\\/kabinam.lt\\\/eng\\\/product\\\/sleepy-kate-not-today-justice-pin\\\/\",\"name\":\"Chill Nuotaikos Seg\u0117 | Kat\u0117 Su U\u017era\u0161u \u201eNot Today\u201c Bro\u0161ka - kabinam.lt\",\"isPartOf\":{\"@id\":\"https:\\\/\\\/kabinam.lt\\\/#website\"},\"primaryImageOfPage\":{\"@id\":\"https:\\\/\\\/kabinam.lt\\\/eng\\\/product\\\/sleepy-kate-not-today-justice-pin\\\/#primaryimage\"},\"image\":{\"@id\":\"https:\\\/\\\/kabinam.lt\\\/eng\\\/product\\\/sleepy-kate-not-today-justice-pin\\\/#primaryimage\"},\"thumbnailUrl\":\"https:\\\/\\\/kabinam.lt\\\/wp-content\\\/uploads\\\/2025\\\/12\\\/main-image-13.jpeg\",\"datePublished\":\"2025-12-15T21:03:33+00:00\",\"dateModified\":\"2026-01-18T23:39:32+00:00\",\"description\":\"A\u0161 darysiu tai rytoj! \u0160is humoristinis emalio segtukas su u\u017era\u0161u \u201eNot Today\u201c yra must-have aksesuaras visiems ka\u010di\u0173 myl\u0117tojams ir chill stiliaus fanams.\",\"breadcrumb\":{\"@id\":\"https:\\\/\\\/kabinam.lt\\\/eng\\\/product\\\/sleepy-kate-not-today-justice-pin\\\/#breadcrumb\"},\"inLanguage\":\"en-US\",\"potentialAction\":[{\"@type\":\"ReadAction\",\"target\":[\"https:\\\/\\\/kabinam.lt\\\/eng\\\/product\\\/sleepy-kate-not-today-justice-pin\\\/\"]}]},{\"@type\":\"ImageObject\",\"inLanguage\":\"en-US\",\"@id\":\"https:\\\/\\\/kabinam.lt\\\/eng\\\/product\\\/sleepy-kate-not-today-justice-pin\\\/#primaryimage\",\"url\":\"https:\\\/\\\/kabinam.lt\\\/wp-content\\\/uploads\\\/2025\\\/12\\\/main-image-13.jpeg\",\"contentUrl\":\"https:\\\/\\\/kabinam.lt\\\/wp-content\\\/uploads\\\/2025\\\/12\\\/main-image-13.jpeg\",\"width\":448,\"height\":445,\"caption\":\"Humoristinis Kat\u0117s \u201eNot Today\u201c Segtukas\"},{\"@type\":\"BreadcrumbList\",\"@id\":\"https:\\\/\\\/kabinam.lt\\\/eng\\\/product\\\/sleepy-kate-not-today-justice-pin\\\/#breadcrumb\",\"itemListElement\":[{\"@type\":\"ListItem\",\"position\":1,\"name\":\"Home\",\"item\":\"https:\\\/\\\/kabinam.lt\\\/\"},{\"@type\":\"ListItem\",\"position\":2,\"name\":\"Visi Produktai\",\"item\":\"https:\\\/\\\/kabinam.lt\\\/visi-produktai\\\/\"},{\"@type\":\"ListItem\",\"position\":3,\"name\":\"Chill Nuotaikos Seg\u0117 | Kat\u0117 Su U\u017era\u0161u \u201eNot Today\u201c Bro\u0161ka\"}]},{\"@type\":\"WebSite\",\"@id\":\"https:\\\/\\\/kabinam.lt\\\/#website\",\"url\":\"https:\\\/\\\/kabinam.lt\\\/\",\"name\":\"kabinam.lt\",\"description\":\"Kabinam.lt \u2013 raktu pakabukai ir aksesuarai\",\"publisher\":{\"@id\":\"https:\\\/\\\/kabinam.lt\\\/#organization\"},\"alternateName\":\"pakabukai lt\",\"potentialAction\":[{\"@type\":\"SearchAction\",\"target\":{\"@type\":\"EntryPoint\",\"urlTemplate\":\"https:\\\/\\\/kabinam.lt\\\/?s={search_term_string}\"},\"query-input\":{\"@type\":\"PropertyValueSpecification\",\"valueRequired\":true,\"valueName\":\"search_term_string\"}}],\"inLanguage\":\"en-US\"},{\"@type\":\"Organization\",\"@id\":\"https:\\\/\\\/kabinam.lt\\\/#organization\",\"name\":\"kabinam.lt\",\"alternateName\":\"kabinam\",\"url\":\"https:\\\/\\\/kabinam.lt\\\/\",\"logo\":{\"@type\":\"ImageObject\",\"inLanguage\":\"en-US\",\"@id\":\"https:\\\/\\\/kabinam.lt\\\/#\\\/schema\\\/logo\\\/image\\\/\",\"url\":\"https:\\\/\\\/kabinam.lt\\\/wp-content\\\/uploads\\\/2025\\\/05\\\/KABINAM_outer_glow.png\",\"contentUrl\":\"https:\\\/\\\/kabinam.lt\\\/wp-content\\\/uploads\\\/2025\\\/05\\\/KABINAM_outer_glow.png\",\"width\":474,\"height\":141,\"caption\":\"kabinam.lt\"},\"image\":{\"@id\":\"https:\\\/\\\/kabinam.lt\\\/#\\\/schema\\\/logo\\\/image\\\/\"}}]}<\/script>\n<!-- \/ Yoast SEO plugin. -->","yoast_head_json":{"title":"Chill Mood Victory | Cat With Text \u201eNot Today\u201c Brooch - kabinam.lt","description":"I will do this tomorrow! This humorous enamel pin with the inscription \u201eNot Today\u201c is a must-have accessory for all cat lovers and fans of chill style.","robots":{"index":"index","follow":"follow","max-snippet":"max-snippet:-1","max-image-preview":"max-image-preview:large","max-video-preview":"max-video-preview:-1"},"canonical":"https:\/\/kabinam.lt\/eng\/product\/sleepy-kate-not-today-justice-pin\/","og_locale":"en_US","og_type":"article","og_title":"Chill Nuotaikos Seg\u0117 | Kat\u0117 Su U\u017era\u0161u \u201eNot Today\u201c Bro\u0161ka - kabinam.lt","og_description":"A\u0161 darysiu tai rytoj! \u0160is humoristinis emalio segtukas su u\u017era\u0161u \u201eNot Today\u201c yra must-have aksesuaras visiems ka\u010di\u0173 myl\u0117tojams ir chill stiliaus fanams.","og_url":"https:\/\/kabinam.lt\/eng\/product\/sleepy-kate-not-today-justice-pin\/","og_site_name":"kabinam.lt","article_modified_time":"2026-01-18T23:39:32+00:00","og_image":[{"width":448,"height":445,"url":"https:\/\/kabinam.lt\/wp-content\/uploads\/2025\/12\/main-image-13.jpeg","type":"image\/jpeg"}],"twitter_card":"summary_large_image","twitter_misc":{"Est. reading time":"2 minutes"},"schema":{"@context":"https:\/\/schema.org","@graph":[{"@type":["WebPage","ItemPage"],"@id":"https:\/\/kabinam.lt\/eng\/product\/sleepy-kate-not-today-justice-pin\/","url":"https:\/\/kabinam.lt\/eng\/product\/sleepy-kate-not-today-justice-pin\/","name":"Chill Mood Victory | Cat With Text \u201eNot Today\u201c Brooch - kabinam.lt","isPartOf":{"@id":"https:\/\/kabinam.lt\/#website"},"primaryImageOfPage":{"@id":"https:\/\/kabinam.lt\/eng\/product\/sleepy-kate-not-today-justice-pin\/#primaryimage"},"image":{"@id":"https:\/\/kabinam.lt\/eng\/product\/sleepy-kate-not-today-justice-pin\/#primaryimage"},"thumbnailUrl":"https:\/\/kabinam.lt\/wp-content\/uploads\/2025\/12\/main-image-13.jpeg","datePublished":"2025-12-15T21:03:33+00:00","dateModified":"2026-01-18T23:39:32+00:00","description":"I will do this tomorrow! This humorous enamel pin with the inscription \u201eNot Today\u201c is a must-have accessory for all cat lovers and fans of chill style.","breadcrumb":{"@id":"https:\/\/kabinam.lt\/eng\/product\/sleepy-kate-not-today-justice-pin\/#breadcrumb"},"inLanguage":"en-US","potentialAction":[{"@type":"ReadAction","target":["https:\/\/kabinam.lt\/eng\/product\/sleepy-kate-not-today-justice-pin\/"]}]},{"@type":"ImageObject","inLanguage":"en-US","@id":"https:\/\/kabinam.lt\/eng\/product\/sleepy-kate-not-today-justice-pin\/#primaryimage","url":"https:\/\/kabinam.lt\/wp-content\/uploads\/2025\/12\/main-image-13.jpeg","contentUrl":"https:\/\/kabinam.lt\/wp-content\/uploads\/2025\/12\/main-image-13.jpeg","width":448,"height":445,"caption":"Humoristinis Kat\u0117s \u201eNot Today\u201c Segtukas"},{"@type":"BreadcrumbList","@id":"https:\/\/kabinam.lt\/eng\/product\/sleepy-kate-not-today-justice-pin\/#breadcrumb","itemListElement":[{"@type":"ListItem","position":1,"name":"Home","item":"https:\/\/kabinam.lt\/"},{"@type":"ListItem","position":2,"name":"Visi Produktai","item":"https:\/\/kabinam.lt\/visi-produktai\/"},{"@type":"ListItem","position":3,"name":"Chill Nuotaikos Seg\u0117 | Kat\u0117 Su U\u017era\u0161u \u201eNot Today\u201c Bro\u0161ka"}]},{"@type":"WebSite","@id":"https:\/\/kabinam.lt\/#website","url":"https:\/\/kabinam.lt\/","name":"kabinam.lt","description":"Kabinam.lt - key chains and accessories","publisher":{"@id":"https:\/\/kabinam.lt\/#organization"},"alternateName":"pakabukai lt","potentialAction":[{"@type":"SearchAction","target":{"@type":"EntryPoint","urlTemplate":"https:\/\/kabinam.lt\/?s={search_term_string}"},"query-input":{"@type":"PropertyValueSpecification","valueRequired":true,"valueName":"search_term_string"}}],"inLanguage":"en-US"},{"@type":"Organization","@id":"https:\/\/kabinam.lt\/#organization","name":"kabinam.lt","alternateName":"kabinam","url":"https:\/\/kabinam.lt\/","logo":{"@type":"ImageObject","inLanguage":"en-US","@id":"https:\/\/kabinam.lt\/#\/schema\/logo\/image\/","url":"https:\/\/kabinam.lt\/wp-content\/uploads\/2025\/05\/KABINAM_outer_glow.png","contentUrl":"https:\/\/kabinam.lt\/wp-content\/uploads\/2025\/05\/KABINAM_outer_glow.png","width":474,"height":141,"caption":"kabinam.lt"},"image":{"@id":"https:\/\/kabinam.lt\/#\/schema\/logo\/image\/"}}]}},"uagb_featured_image_src":{"full":["https:\/\/kabinam.lt\/wp-content\/uploads\/2025\/12\/main-image-13.jpeg",448,445,false],"thumbnail":["https:\/\/kabinam.lt\/wp-content\/uploads\/2025\/12\/main-image-13-150x150.jpeg",150,150,true],"medium":["https:\/\/kabinam.lt\/wp-content\/uploads\/2025\/12\/main-image-13-300x298.jpeg",300,298,true],"medium_large":["https:\/\/kabinam.lt\/wp-content\/uploads\/2025\/12\/main-image-13.jpeg",448,445,false],"large":["https:\/\/kabinam.lt\/wp-content\/uploads\/2025\/12\/main-image-13.jpeg",448,445,false],"1536x1536":["https:\/\/kabinam.lt\/wp-content\/uploads\/2025\/12\/main-image-13.jpeg",448,445,false],"2048x2048":["https:\/\/kabinam.lt\/wp-content\/uploads\/2025\/12\/main-image-13.jpeg",448,445,false],"trp-custom-language-flag":["https:\/\/kabinam.lt\/wp-content\/uploads\/2025\/12\/main-image-13-12x12.jpeg",12,12,true],"woocommerce_thumbnail":["https:\/\/kabinam.lt\/wp-content\/uploads\/2025\/12\/main-image-13-300x300.jpeg",300,300,true],"woocommerce_single":["https:\/\/kabinam.lt\/wp-content\/uploads\/2025\/12\/main-image-13.jpeg",448,445,false],"woocommerce_gallery_thumbnail":["https:\/\/kabinam.lt\/wp-content\/uploads\/2025\/12\/main-image-13-100x100.jpeg",100,100,true]},"uagb_author_info":{"display_name":"kabinam.lt","author_link":"https:\/\/kabinam.lt\/eng\/author\/"},"uagb_comment_info":0,"uagb_excerpt":"Be galo relatable emalio *pin'as*. Juoda kat\u0117 su u\u017era\u0161u \u201eNot Today\u201c \u2013 puikus aksesuaras ka\u010di\u0173 myl\u0117tojams, tingumo, chill ir aesthetic stiliaus gerb\u0117jams.","_links":{"self":[{"href":"https:\/\/kabinam.lt\/eng\/wp-json\/wp\/v2\/product\/4641","targetHints":{"allow":["GET"]}}],"collection":[{"href":"https:\/\/kabinam.lt\/eng\/wp-json\/wp\/v2\/product"}],"about":[{"href":"https:\/\/kabinam.lt\/eng\/wp-json\/wp\/v2\/types\/product"}],"replies":[{"embeddable":true,"href":"https:\/\/kabinam.lt\/eng\/wp-json\/wp\/v2\/comments?post=4641"}],"wp:featuredmedia":[{"embeddable":true,"href":"https:\/\/kabinam.lt\/eng\/wp-json\/wp\/v2\/media\/4642"}],"wp:attachment":[{"href":"https:\/\/kabinam.lt\/eng\/wp-json\/wp\/v2\/media?parent=4641"}],"wp:term":[{"taxonomy":"product_brand","embeddable":true,"href":"https:\/\/kabinam.lt\/eng\/wp-json\/wp\/v2\/product_brand?post=4641"},{"taxonomy":"product_cat","embeddable":true,"href":"https:\/\/kabinam.lt\/eng\/wp-json\/wp\/v2\/product_cat?post=4641"},{"taxonomy":"product_tag","embeddable":true,"href":"https:\/\/kabinam.lt\/eng\/wp-json\/wp\/v2\/product_tag?post=4641"}],"curies":[{"name":"wp","href":"https:\/\/api.w.org\/{rel}","templated":true}]}}