{"id":4257,"date":"2025-10-01T15:47:29","date_gmt":"2025-10-01T13:47:29","guid":{"rendered":"https:\/\/kabinam.lt\/?post_type=product&#038;p=4257"},"modified":"2026-01-19T01:41:36","modified_gmt":"2026-01-18T23:41:36","slug":"totoro-misko-spirit-anime-pin","status":"publish","type":"product","link":"https:\/\/kabinam.lt\/eng\/product\/totoro-misko-dvasia-anime-pin\/","title":{"rendered":"Anime Pin | Little Totoro - Forest Spirit Brooch"},"content":{"rendered":"<div class=\"kk-star-ratings kksr-auto kksr-align-left kksr-valign-top\"\n    data-payload='{&quot;align&quot;:&quot;left&quot;,&quot;id&quot;:&quot;4257&quot;,&quot;slug&quot;:&quot;default&quot;,&quot;valign&quot;:&quot;top&quot;,&quot;ignore&quot;:&quot;&quot;,&quot;reference&quot;:&quot;auto&quot;,&quot;class&quot;:&quot;&quot;,&quot;count&quot;:&quot;0&quot;,&quot;legendonly&quot;:&quot;&quot;,&quot;readonly&quot;:&quot;&quot;,&quot;score&quot;:&quot;0&quot;,&quot;starsonly&quot;:&quot;&quot;,&quot;best&quot;:&quot;5&quot;,&quot;gap&quot;:&quot;5&quot;,&quot;greet&quot;:&quot;Mums svarbus j\u016bs\u0173 \u012fvertinimas&quot;,&quot;legend&quot;:&quot;0\\\/5 - (0 votes)&quot;,&quot;size&quot;:&quot;24&quot;,&quot;title&quot;:&quot;Anime Seg\u0117 | Ma\u017easis Totoro \u2013 Mi\u0161ko Dvasia Bro\u0161ka&quot;,&quot;width&quot;:&quot;0&quot;,&quot;_legend&quot;:&quot;{score}\\\/{best} - ({count} {votes})&quot;,&quot;font_factor&quot;:&quot;1.25&quot;}'>\n            \n<div class=\"kksr-stars\">\n    \n<div class=\"kksr-stars-inactive\">\n            <div class=\"kksr-star\" data-star=\"1\" style=\"padding-right: 5px\">\n            \n\n<div class=\"kksr-icon\" style=\"width: 24px; height: 24px;\"><\/div>\n        <\/div>\n            <div class=\"kksr-star\" data-star=\"2\" style=\"padding-right: 5px\">\n            \n\n<div class=\"kksr-icon\" style=\"width: 24px; height: 24px;\"><\/div>\n        <\/div>\n            <div class=\"kksr-star\" data-star=\"3\" style=\"padding-right: 5px\">\n            \n\n<div class=\"kksr-icon\" style=\"width: 24px; height: 24px;\"><\/div>\n        <\/div>\n            <div class=\"kksr-star\" data-star=\"4\" style=\"padding-right: 5px\">\n            \n\n<div class=\"kksr-icon\" style=\"width: 24px; height: 24px;\"><\/div>\n        <\/div>\n            <div class=\"kksr-star\" data-star=\"5\" style=\"padding-right: 5px\">\n            \n\n<div class=\"kksr-icon\" style=\"width: 24px; height: 24px;\"><\/div>\n        <\/div>\n    <\/div>\n    \n<div class=\"kksr-stars-active\" style=\"width: 0px;\">\n            <div class=\"kksr-star\" style=\"padding-right: 5px\">\n            \n\n<div class=\"kksr-icon\" style=\"width: 24px; height: 24px;\"><\/div>\n        <\/div>\n            <div class=\"kksr-star\" style=\"padding-right: 5px\">\n            \n\n<div class=\"kksr-icon\" style=\"width: 24px; height: 24px;\"><\/div>\n        <\/div>\n            <div class=\"kksr-star\" style=\"padding-right: 5px\">\n            \n\n<div class=\"kksr-icon\" style=\"width: 24px; height: 24px;\"><\/div>\n        <\/div>\n            <div class=\"kksr-star\" style=\"padding-right: 5px\">\n            \n\n<div class=\"kksr-icon\" style=\"width: 24px; height: 24px;\"><\/div>\n        <\/div>\n            <div class=\"kksr-star\" style=\"padding-right: 5px\">\n            \n\n<div class=\"kksr-icon\" style=\"width: 24px; height: 24px;\"><\/div>\n        <\/div>\n    <\/div>\n<\/div>\n                \n\n<div class=\"kksr-legend\" style=\"font-size: 19.2px;\">\n            <span class=\"kksr-muted\">Your evaluation is important to us<\/span>\n    <\/div>\n    <\/div>\n<h1 data-path-to-node=\"13\">Anime Classics: Totoro Forest Spirit - Magic for Your Style<\/h1>\n<p data-path-to-node=\"14\">This <b data-path-to-node=\"14\" data-index-in-node=\"3\">Totoro enamel pin<\/b> is a real find for anyone whose heart has been captured by the magic of Studio Ghibli! This is the ideal <b data-path-to-node=\"14\" data-index-in-node=\"107\">accessory<\/b> for those who value <b data-path-to-node=\"14\" data-index-in-node=\"139\">anime<\/b> culture, Japanese aesthetics and wants to add a bit of mysticism and childhood memories to her outfits. Totoro is shown here in his classic form with big eyes, pointed ears and a playful yellow detail on his forehead. It's not just <b data-path-to-node=\"14\" data-index-in-node=\"393\">enamel brooch<\/b> - a symbol of your love for quality animation and magical stories. If you're looking for an accent that's recognisable around the world, this <b data-path-to-node=\"14\" data-index-in-node=\"548\">Totoro pin<\/b> is just that.<\/p>\n<h2 data-path-to-node=\"15\">Cult Design and Gold Quality<\/h2>\n<p data-path-to-node=\"16\">See <b data-path-to-node=\"16\" data-index-in-node=\"4\">enamel pin<\/b> the design combines classic black and white with luxurious-looking <b data-path-to-node=\"16\" data-index-in-node=\"97\">with golden outlines<\/b>. The details on the tummy are reproduced with great precision and the glossy surface gives the pin a modern touch. This <b data-path-to-node=\"16\" data-index-in-node=\"213\">anime pin<\/b> fits perfectly with other cartoon motifs, minimalist accessories or <i data-path-to-node=\"16\" data-index-in-node=\"310\">streetwear<\/i> style clothes.<\/p>\n<ul data-path-to-node=\"17\">\n<li>\n<p data-path-to-node=\"17,0,0\"><b data-path-to-node=\"17,0,0\" data-index-in-node=\"0\">Style:<\/b> Perfect for <i data-path-to-node=\"17,0,0\" data-index-in-node=\"23\">anime<\/i>, <i data-path-to-node=\"17,0,0\" data-index-in-node=\"30\">pop-culture<\/i>, <i data-path-to-node=\"17,0,0\" data-index-in-node=\"43\">geek<\/i> and <b data-path-to-node=\"17,0,0\" data-index-in-node=\"51\">Japanese<\/b> for style fans.<\/p>\n<\/li>\n<li>\n<p data-path-to-node=\"17,1,0\"><b data-path-to-node=\"17,1,0\" data-index-in-node=\"0\">Quality:<\/b> Our <b data-path-to-node=\"17,1,0\" data-index-in-node=\"13\">enamel brooches<\/b> made of hard enamel, which is resistant to fading and scratching. The gold-toned metal adds strength and ensures that the pin remains visible. This is <b data-path-to-node=\"17,1,0\" data-index-in-node=\"188\">high quality pin<\/b>, for long-term wear. More about <b data-path-to-node=\"17,1,0\" data-index-in-node=\"257\">collector's blankets<\/b> find out by visiting <a class=\"ng-star-inserted\" href=\"https:\/\/www.pinnpatch.lt\" target=\"_blank\" rel=\"noopener\" data-hveid=\"0\" data-ved=\"0CAAQ_4QMahgKEwjI2q78wsyRAxUAAAAAHQAAAAAQ6QI\">pinnpatch.lt<\/a>.<\/p>\n<\/li>\n<\/ul>\n<h2 data-path-to-node=\"18\">A gift that every Anime fan will understand<\/h2>\n<p data-path-to-node=\"19\"><b data-path-to-node=\"19\" data-index-in-node=\"0\">Totoro enamel pin<\/b> is one of the best <b data-path-to-node=\"19\" data-index-in-node=\"43\">gift ideas<\/b> on any occasion. It's universal, it's lovely and it has deep cultural value. Perfect for decorating:<\/p>\n<ul data-path-to-node=\"20\">\n<li>\n<p data-path-to-node=\"20,0,0\"><b data-path-to-node=\"20,0,0\" data-index-in-node=\"0\">Backpack or bag:<\/b> So that the magic follows you every step of the way.<\/p>\n<\/li>\n<li>\n<p data-path-to-node=\"20,1,0\"><b data-path-to-node=\"20,1,0\" data-index-in-node=\"0\">A denim jacket:<\/b> Gives you uniqueness and reveals your interests.<\/p>\n<\/li>\n<\/ul>\n<p data-path-to-node=\"21\">See our full <a class=\"ng-star-inserted\" href=\"https:\/\/kabinam.lt\/eng\/\" target=\"_blank\" rel=\"noopener\" data-hveid=\"0\" data-ved=\"0CAAQ_4QMahgKEwjI2q78wsyRAxUAAAAAHQAAAAAQ6gI\">a collection of anime and fantasy enamel pins<\/a> and find even more characters from your favourite stories.<\/p>\n<p data-path-to-node=\"22\"><b data-path-to-node=\"22\" data-index-in-node=\"0\">Bring the magic to your wardrobe!<\/b> Book this <b data-path-to-node=\"22\" data-index-in-node=\"50\">Totoro blanket<\/b> now.<\/p>","protected":false},"excerpt":{"rendered":"<p><b data-path-to-node=\"4,3,1,0\" data-index-in-node=\"0\">Cult<\/b> and <b data-path-to-node=\"4,3,1,0\" data-index-in-node=\"12\">stylish<\/b> emalio pin. Black <b data-path-to-node=\"4,3,1,0\" data-index-in-node=\"44\">Totoro<\/b> (Spirit of the Forest) with white belly and yellow detail - perfect <b data-path-to-node=\"4,3,1,0\" data-index-in-node=\"111\">accessory<\/b> <b data-path-to-node=\"4,3,1,0\" data-index-in-node=\"122\">Ghibli<\/b> for fans of the studio, <b data-path-to-node=\"4,3,1,0\" data-index-in-node=\"149\">anime<\/b> for fans and anyone who appreciates Japanese animation.<\/p>","protected":false},"featured_media":4271,"comment_status":"open","ping_status":"closed","template":"","meta":{"_uag_custom_page_level_css":"","site-sidebar-layout":"default","site-content-layout":"","ast-site-content-layout":"default","site-content-style":"default","site-sidebar-style":"default","ast-global-header-display":"","ast-banner-title-visibility":"","ast-main-header-display":"","ast-hfb-above-header-display":"","ast-hfb-below-header-display":"","ast-hfb-mobile-header-display":"","site-post-title":"","ast-breadcrumbs-content":"","ast-featured-img":"","footer-sml-layout":"","ast-disable-related-posts":"","theme-transparent-header-meta":"default","adv-header-id-meta":"","stick-header-meta":"","header-above-stick-meta":"","header-main-stick-meta":"","header-below-stick-meta":"","astra-migrate-meta-layouts":"set","ast-page-background-enabled":"default","ast-page-background-meta":{"desktop":{"background-color":"var(--ast-global-color-4)","background-image":"","background-repeat":"repeat","background-position":"center center","background-size":"auto","background-attachment":"scroll","background-type":"","background-media":"","overlay-type":"","overlay-color":"","overlay-opacity":"","overlay-gradient":""},"tablet":{"background-color":"","background-image":"","background-repeat":"repeat","background-position":"center center","background-size":"auto","background-attachment":"scroll","background-type":"","background-media":"","overlay-type":"","overlay-color":"","overlay-opacity":"","overlay-gradient":""},"mobile":{"background-color":"","background-image":"","background-repeat":"repeat","background-position":"center center","background-size":"auto","background-attachment":"scroll","background-type":"","background-media":"","overlay-type":"","overlay-color":"","overlay-opacity":"","overlay-gradient":""}},"ast-content-background-meta":{"desktop":{"background-color":"var(--ast-global-color-5)","background-image":"","background-repeat":"repeat","background-position":"center center","background-size":"auto","background-attachment":"scroll","background-type":"","background-media":"","overlay-type":"","overlay-color":"","overlay-opacity":"","overlay-gradient":""},"tablet":{"background-color":"var(--ast-global-color-5)","background-image":"","background-repeat":"repeat","background-position":"center center","background-size":"auto","background-attachment":"scroll","background-type":"","background-media":"","overlay-type":"","overlay-color":"","overlay-opacity":"","overlay-gradient":""},"mobile":{"background-color":"var(--ast-global-color-5)","background-image":"","background-repeat":"repeat","background-position":"center center","background-size":"auto","background-attachment":"scroll","background-type":"","background-media":"","overlay-type":"","overlay-color":"","overlay-opacity":"","overlay-gradient":""}}},"product_brand":[],"product_cat":[126,119,92],"product_tag":[],"class_list":{"0":"post-4257","1":"product","2":"type-product","3":"status-publish","4":"has-post-thumbnail","6":"product_cat-visi","7":"product_cat-smeigtukai-pins","8":"product_cat-populiariausiu-produktu-kategorija","9":"desktop-align-center","10":"tablet-align-left","11":"mobile-align-left","13":"first","14":"instock","15":"purchasable","16":"product-type-simple"},"yoast_head":"<!-- This site is optimized with the Yoast SEO plugin v27.1.1 - https:\/\/yoast.com\/product\/yoast-seo-wordpress\/ -->\n<title>Anime Seg\u0117 | Ma\u017easis Totoro \u2013 Mi\u0161ko Dvasia Bro\u0161ka - kabinam.lt<\/title>\n<meta name=\"description\" content=\"Perkelkite dalel\u0119 magijos \u012f savo kasdienyb\u0119! \u0160is Totoro emalio segtukas yra privalomas aksesuaras kiekvienam anime myl\u0117tojui ir kultini\u0173 animacini\u0173 film\u0173 gerb\u0117jui.\" \/>\n<meta name=\"robots\" content=\"index, follow, max-snippet:-1, max-image-preview:large, max-video-preview:-1\" \/>\n<link rel=\"canonical\" href=\"https:\/\/kabinam.lt\/eng\/product\/totoro-misko-spirit-anime-pin\/\" \/>\n<meta property=\"og:locale\" content=\"en_US\" \/>\n<meta property=\"og:type\" content=\"article\" \/>\n<meta property=\"og:title\" content=\"Anime Seg\u0117 | Ma\u017easis Totoro \u2013 Mi\u0161ko Dvasia Bro\u0161ka - kabinam.lt\" \/>\n<meta property=\"og:description\" content=\"Perkelkite dalel\u0119 magijos \u012f savo kasdienyb\u0119! \u0160is Totoro emalio segtukas yra privalomas aksesuaras kiekvienam anime myl\u0117tojui ir kultini\u0173 animacini\u0173 film\u0173 gerb\u0117jui.\" \/>\n<meta property=\"og:url\" content=\"https:\/\/kabinam.lt\/eng\/product\/totoro-misko-spirit-anime-pin\/\" \/>\n<meta property=\"og:site_name\" content=\"kabinam.lt\" \/>\n<meta property=\"article:modified_time\" content=\"2026-01-18T23:41:36+00:00\" \/>\n<meta property=\"og:image\" content=\"https:\/\/kabinam.lt\/wp-content\/uploads\/2025\/10\/1000077592.jpg\" \/>\n\t<meta property=\"og:image:width\" content=\"1080\" \/>\n\t<meta property=\"og:image:height\" content=\"1440\" \/>\n\t<meta property=\"og:image:type\" content=\"image\/jpeg\" \/>\n<meta name=\"twitter:card\" content=\"summary_large_image\" \/>\n<meta name=\"twitter:label1\" content=\"Est. reading time\" \/>\n\t<meta name=\"twitter:data1\" content=\"2 minutes\" \/>\n<script type=\"application\/ld+json\" class=\"yoast-schema-graph\">{\"@context\":\"https:\/\/schema.org\",\"@graph\":[{\"@type\":[\"WebPage\",\"ItemPage\"],\"@id\":\"https:\/\/kabinam.lt\/eng\/product\/totoro-misko-spirit-anime-pin\/\",\"url\":\"https:\/\/kabinam.lt\/eng\/product\/totoro-misko-spirit-anime-pin\/\",\"name\":\"Anime Seg\u0117 | Ma\u017easis Totoro \u2013 Mi\u0161ko Dvasia Bro\u0161ka - kabinam.lt\",\"isPartOf\":{\"@id\":\"https:\/\/kabinam.lt\/#website\"},\"primaryImageOfPage\":{\"@id\":\"https:\/\/kabinam.lt\/eng\/product\/totoro-misko-spirit-anime-pin\/#primaryimage\"},\"image\":{\"@id\":\"https:\/\/kabinam.lt\/eng\/product\/totoro-misko-spirit-anime-pin\/#primaryimage\"},\"thumbnailUrl\":\"https:\/\/kabinam.lt\/wp-content\/uploads\/2025\/10\/1000077592.jpg\",\"datePublished\":\"2025-10-01T13:47:29+00:00\",\"dateModified\":\"2026-01-18T23:41:36+00:00\",\"description\":\"Perkelkite dalel\u0119 magijos \u012f savo kasdienyb\u0119! \u0160is Totoro emalio segtukas yra privalomas aksesuaras kiekvienam anime myl\u0117tojui ir kultini\u0173 animacini\u0173 film\u0173 gerb\u0117jui.\",\"breadcrumb\":{\"@id\":\"https:\/\/kabinam.lt\/eng\/product\/totoro-misko-spirit-anime-pin\/#breadcrumb\"},\"inLanguage\":\"en-US\",\"potentialAction\":[{\"@type\":\"ReadAction\",\"target\":[\"https:\/\/kabinam.lt\/eng\/product\/totoro-misko-spirit-anime-pin\/\"]}]},{\"@type\":\"ImageObject\",\"inLanguage\":\"en-US\",\"@id\":\"https:\/\/kabinam.lt\/eng\/product\/totoro-misko-spirit-anime-pin\/#primaryimage\",\"url\":\"https:\/\/kabinam.lt\/wp-content\/uploads\/2025\/10\/1000077592.jpg\",\"contentUrl\":\"https:\/\/kabinam.lt\/wp-content\/uploads\/2025\/10\/1000077592.jpg\",\"width\":1080,\"height\":1440,\"caption\":\"Kultin\u0117s Mi\u0161ko Dvasios Totoro Segtukas\"},{\"@type\":\"BreadcrumbList\",\"@id\":\"https:\/\/kabinam.lt\/eng\/product\/totoro-misko-spirit-anime-pin\/#breadcrumb\",\"itemListElement\":[{\"@type\":\"ListItem\",\"position\":1,\"name\":\"Home\",\"item\":\"https:\/\/kabinam.lt\/\"},{\"@type\":\"ListItem\",\"position\":2,\"name\":\"Visi Produktai\",\"item\":\"https:\/\/kabinam.lt\/visi-produktai\/\"},{\"@type\":\"ListItem\",\"position\":3,\"name\":\"Anime Seg\u0117 | Ma\u017easis Totoro \u2013 Mi\u0161ko Dvasia Bro\u0161ka\"}]},{\"@type\":\"WebSite\",\"@id\":\"https:\/\/kabinam.lt\/#website\",\"url\":\"https:\/\/kabinam.lt\/\",\"name\":\"kabinam.lt\",\"description\":\"Kabinam.lt \u2013 raktu pakabukai ir aksesuarai\",\"publisher\":{\"@id\":\"https:\/\/kabinam.lt\/#organization\"},\"alternateName\":\"pakabukai lt\",\"potentialAction\":[{\"@type\":\"SearchAction\",\"target\":{\"@type\":\"EntryPoint\",\"urlTemplate\":\"https:\/\/kabinam.lt\/?s={search_term_string}\"},\"query-input\":{\"@type\":\"PropertyValueSpecification\",\"valueRequired\":true,\"valueName\":\"search_term_string\"}}],\"inLanguage\":\"en-US\"},{\"@type\":\"Organization\",\"@id\":\"https:\/\/kabinam.lt\/#organization\",\"name\":\"kabinam.lt\",\"alternateName\":\"kabinam\",\"url\":\"https:\/\/kabinam.lt\/\",\"logo\":{\"@type\":\"ImageObject\",\"inLanguage\":\"en-US\",\"@id\":\"https:\/\/kabinam.lt\/#\/schema\/logo\/image\/\",\"url\":\"https:\/\/kabinam.lt\/wp-content\/uploads\/2025\/05\/KABINAM_outer_glow.png\",\"contentUrl\":\"https:\/\/kabinam.lt\/wp-content\/uploads\/2025\/05\/KABINAM_outer_glow.png\",\"width\":474,\"height\":141,\"caption\":\"kabinam.lt\"},\"image\":{\"@id\":\"https:\/\/kabinam.lt\/#\/schema\/logo\/image\/\"}}]}<\/script>\n<!-- \/ Yoast SEO plugin. -->","yoast_head_json":{"title":"Anime Brooch | Little Totoro - Forest Spirit Brooch - kabinam.lt","description":"Bring a little magic into your everyday life! This Totoro enamel pin is a must-have accessory for every anime lover and cult cartoon fan.","robots":{"index":"index","follow":"follow","max-snippet":"max-snippet:-1","max-image-preview":"max-image-preview:large","max-video-preview":"max-video-preview:-1"},"canonical":"https:\/\/kabinam.lt\/eng\/product\/totoro-misko-spirit-anime-pin\/","og_locale":"en_US","og_type":"article","og_title":"Anime Seg\u0117 | Ma\u017easis Totoro \u2013 Mi\u0161ko Dvasia Bro\u0161ka - kabinam.lt","og_description":"Perkelkite dalel\u0119 magijos \u012f savo kasdienyb\u0119! \u0160is Totoro emalio segtukas yra privalomas aksesuaras kiekvienam anime myl\u0117tojui ir kultini\u0173 animacini\u0173 film\u0173 gerb\u0117jui.","og_url":"https:\/\/kabinam.lt\/eng\/product\/totoro-misko-spirit-anime-pin\/","og_site_name":"kabinam.lt","article_modified_time":"2026-01-18T23:41:36+00:00","og_image":[{"width":1080,"height":1440,"url":"https:\/\/kabinam.lt\/wp-content\/uploads\/2025\/10\/1000077592.jpg","type":"image\/jpeg"}],"twitter_card":"summary_large_image","twitter_misc":{"Est. reading time":"2 minutes"},"schema":{"@context":"https:\/\/schema.org","@graph":[{"@type":["WebPage","ItemPage"],"@id":"https:\/\/kabinam.lt\/eng\/product\/totoro-misko-spirit-anime-pin\/","url":"https:\/\/kabinam.lt\/eng\/product\/totoro-misko-spirit-anime-pin\/","name":"Anime Brooch | Little Totoro - Forest Spirit Brooch - kabinam.lt","isPartOf":{"@id":"https:\/\/kabinam.lt\/#website"},"primaryImageOfPage":{"@id":"https:\/\/kabinam.lt\/eng\/product\/totoro-misko-spirit-anime-pin\/#primaryimage"},"image":{"@id":"https:\/\/kabinam.lt\/eng\/product\/totoro-misko-spirit-anime-pin\/#primaryimage"},"thumbnailUrl":"https:\/\/kabinam.lt\/wp-content\/uploads\/2025\/10\/1000077592.jpg","datePublished":"2025-10-01T13:47:29+00:00","dateModified":"2026-01-18T23:41:36+00:00","description":"Bring a little magic into your everyday life! This Totoro enamel pin is a must-have accessory for every anime lover and cult cartoon fan.","breadcrumb":{"@id":"https:\/\/kabinam.lt\/eng\/product\/totoro-misko-spirit-anime-pin\/#breadcrumb"},"inLanguage":"en-US","potentialAction":[{"@type":"ReadAction","target":["https:\/\/kabinam.lt\/eng\/product\/totoro-misko-spirit-anime-pin\/"]}]},{"@type":"ImageObject","inLanguage":"en-US","@id":"https:\/\/kabinam.lt\/eng\/product\/totoro-misko-spirit-anime-pin\/#primaryimage","url":"https:\/\/kabinam.lt\/wp-content\/uploads\/2025\/10\/1000077592.jpg","contentUrl":"https:\/\/kabinam.lt\/wp-content\/uploads\/2025\/10\/1000077592.jpg","width":1080,"height":1440,"caption":"Kultin\u0117s Mi\u0161ko Dvasios Totoro Segtukas"},{"@type":"BreadcrumbList","@id":"https:\/\/kabinam.lt\/eng\/product\/totoro-misko-spirit-anime-pin\/#breadcrumb","itemListElement":[{"@type":"ListItem","position":1,"name":"Home","item":"https:\/\/kabinam.lt\/"},{"@type":"ListItem","position":2,"name":"Visi Produktai","item":"https:\/\/kabinam.lt\/visi-produktai\/"},{"@type":"ListItem","position":3,"name":"Anime Seg\u0117 | Ma\u017easis Totoro \u2013 Mi\u0161ko Dvasia Bro\u0161ka"}]},{"@type":"WebSite","@id":"https:\/\/kabinam.lt\/#website","url":"https:\/\/kabinam.lt\/","name":"kabinam.lt","description":"Kabinam.lt - key chains and accessories","publisher":{"@id":"https:\/\/kabinam.lt\/#organization"},"alternateName":"pakabukai lt","potentialAction":[{"@type":"SearchAction","target":{"@type":"EntryPoint","urlTemplate":"https:\/\/kabinam.lt\/?s={search_term_string}"},"query-input":{"@type":"PropertyValueSpecification","valueRequired":true,"valueName":"search_term_string"}}],"inLanguage":"en-US"},{"@type":"Organization","@id":"https:\/\/kabinam.lt\/#organization","name":"kabinam.lt","alternateName":"kabinam","url":"https:\/\/kabinam.lt\/","logo":{"@type":"ImageObject","inLanguage":"en-US","@id":"https:\/\/kabinam.lt\/#\/schema\/logo\/image\/","url":"https:\/\/kabinam.lt\/wp-content\/uploads\/2025\/05\/KABINAM_outer_glow.png","contentUrl":"https:\/\/kabinam.lt\/wp-content\/uploads\/2025\/05\/KABINAM_outer_glow.png","width":474,"height":141,"caption":"kabinam.lt"},"image":{"@id":"https:\/\/kabinam.lt\/#\/schema\/logo\/image\/"}}]}},"uagb_featured_image_src":{"full":["https:\/\/kabinam.lt\/wp-content\/uploads\/2025\/10\/1000077592.jpg",1080,1440,false],"thumbnail":["https:\/\/kabinam.lt\/wp-content\/uploads\/2025\/10\/1000077592-150x150.jpg",150,150,true],"medium":["https:\/\/kabinam.lt\/wp-content\/uploads\/2025\/10\/1000077592-225x300.jpg",225,300,true],"medium_large":["https:\/\/kabinam.lt\/wp-content\/uploads\/2025\/10\/1000077592-768x1024.jpg",768,1024,true],"large":["https:\/\/kabinam.lt\/wp-content\/uploads\/2025\/10\/1000077592-768x1024.jpg",768,1024,true],"1536x1536":["https:\/\/kabinam.lt\/wp-content\/uploads\/2025\/10\/1000077592.jpg",1080,1440,false],"2048x2048":["https:\/\/kabinam.lt\/wp-content\/uploads\/2025\/10\/1000077592.jpg",1080,1440,false],"trp-custom-language-flag":["https:\/\/kabinam.lt\/wp-content\/uploads\/2025\/10\/1000077592-9x12.jpg",9,12,true],"woocommerce_thumbnail":["https:\/\/kabinam.lt\/wp-content\/uploads\/2025\/10\/1000077592-300x300.jpg",300,300,true],"woocommerce_single":["https:\/\/kabinam.lt\/wp-content\/uploads\/2025\/10\/1000077592-600x800.jpg",600,800,true],"woocommerce_gallery_thumbnail":["https:\/\/kabinam.lt\/wp-content\/uploads\/2025\/10\/1000077592-100x100.jpg",100,100,true]},"uagb_author_info":{"display_name":"kabinam.lt","author_link":"https:\/\/kabinam.lt\/eng\/author\/"},"uagb_comment_info":0,"uagb_excerpt":"Kultinis ir stilingas emalio pin'as. Juodas Totoro (Mi\u0161ko dvasia) su baltu pilvuku ir geltona detale \u2013 tobulas aksesuaras Ghibli studijos gerb\u0117jams, anime fanams ir visiems, kurie vertina japoni\u0161k\u0105 animacij\u0105.","_links":{"self":[{"href":"https:\/\/kabinam.lt\/eng\/wp-json\/wp\/v2\/product\/4257","targetHints":{"allow":["GET"]}}],"collection":[{"href":"https:\/\/kabinam.lt\/eng\/wp-json\/wp\/v2\/product"}],"about":[{"href":"https:\/\/kabinam.lt\/eng\/wp-json\/wp\/v2\/types\/product"}],"replies":[{"embeddable":true,"href":"https:\/\/kabinam.lt\/eng\/wp-json\/wp\/v2\/comments?post=4257"}],"wp:featuredmedia":[{"embeddable":true,"href":"https:\/\/kabinam.lt\/eng\/wp-json\/wp\/v2\/media\/4271"}],"wp:attachment":[{"href":"https:\/\/kabinam.lt\/eng\/wp-json\/wp\/v2\/media?parent=4257"}],"wp:term":[{"taxonomy":"product_brand","embeddable":true,"href":"https:\/\/kabinam.lt\/eng\/wp-json\/wp\/v2\/product_brand?post=4257"},{"taxonomy":"product_cat","embeddable":true,"href":"https:\/\/kabinam.lt\/eng\/wp-json\/wp\/v2\/product_cat?post=4257"},{"taxonomy":"product_tag","embeddable":true,"href":"https:\/\/kabinam.lt\/eng\/wp-json\/wp\/v2\/product_tag?post=4257"}],"curies":[{"name":"wp","href":"https:\/\/api.w.org\/{rel}","templated":true}]}}