{"id":4197,"date":"2025-09-19T22:29:02","date_gmt":"2025-09-19T20:29:02","guid":{"rendered":"https:\/\/kabinam.lt\/product\/juodas-zuikis\/"},"modified":"2026-01-19T01:47:20","modified_gmt":"2026-01-18T23:47:20","slug":"black-bunny-with-red-ribbon-pin","status":"publish","type":"product","link":"https:\/\/kabinam.lt\/eng\/product\/juodas-triusiukas-su-raudonu-kaspinu-pin\/","title":{"rendered":"Black Bunny \u2013 Midnight Bunny Enamel Brooch"},"content":{"rendered":"<div class=\"kk-star-ratings kksr-auto kksr-align-left kksr-valign-top\"\n    data-payload='{&quot;align&quot;:&quot;left&quot;,&quot;id&quot;:&quot;4197&quot;,&quot;slug&quot;:&quot;default&quot;,&quot;valign&quot;:&quot;top&quot;,&quot;ignore&quot;:&quot;&quot;,&quot;reference&quot;:&quot;auto&quot;,&quot;class&quot;:&quot;&quot;,&quot;count&quot;:&quot;0&quot;,&quot;legendonly&quot;:&quot;&quot;,&quot;readonly&quot;:&quot;&quot;,&quot;score&quot;:&quot;0&quot;,&quot;starsonly&quot;:&quot;&quot;,&quot;best&quot;:&quot;5&quot;,&quot;gap&quot;:&quot;5&quot;,&quot;greet&quot;:&quot;Mums svarbus j\u016bs\u0173 \u012fvertinimas&quot;,&quot;legend&quot;:&quot;0\\\/5 - (0 votes)&quot;,&quot;size&quot;:&quot;24&quot;,&quot;title&quot;:&quot;Juodas Triu\u0161iukas \u2013 \\u0026quot;Midnight Bunny\\u0026quot; Emalio Bro\u0161ka&quot;,&quot;width&quot;:&quot;0&quot;,&quot;_legend&quot;:&quot;{score}\\\/{best} - ({count} {votes})&quot;,&quot;font_factor&quot;:&quot;1.25&quot;}'>\n            \n<div class=\"kksr-stars\">\n    \n<div class=\"kksr-stars-inactive\">\n            <div class=\"kksr-star\" data-star=\"1\" style=\"padding-right: 5px\">\n            \n\n<div class=\"kksr-icon\" style=\"width: 24px; height: 24px;\"><\/div>\n        <\/div>\n            <div class=\"kksr-star\" data-star=\"2\" style=\"padding-right: 5px\">\n            \n\n<div class=\"kksr-icon\" style=\"width: 24px; height: 24px;\"><\/div>\n        <\/div>\n            <div class=\"kksr-star\" data-star=\"3\" style=\"padding-right: 5px\">\n            \n\n<div class=\"kksr-icon\" style=\"width: 24px; height: 24px;\"><\/div>\n        <\/div>\n            <div class=\"kksr-star\" data-star=\"4\" style=\"padding-right: 5px\">\n            \n\n<div class=\"kksr-icon\" style=\"width: 24px; height: 24px;\"><\/div>\n        <\/div>\n            <div class=\"kksr-star\" data-star=\"5\" style=\"padding-right: 5px\">\n            \n\n<div class=\"kksr-icon\" style=\"width: 24px; height: 24px;\"><\/div>\n        <\/div>\n    <\/div>\n    \n<div class=\"kksr-stars-active\" style=\"width: 0px;\">\n            <div class=\"kksr-star\" style=\"padding-right: 5px\">\n            \n\n<div class=\"kksr-icon\" style=\"width: 24px; height: 24px;\"><\/div>\n        <\/div>\n            <div class=\"kksr-star\" style=\"padding-right: 5px\">\n            \n\n<div class=\"kksr-icon\" style=\"width: 24px; height: 24px;\"><\/div>\n        <\/div>\n            <div class=\"kksr-star\" style=\"padding-right: 5px\">\n            \n\n<div class=\"kksr-icon\" style=\"width: 24px; height: 24px;\"><\/div>\n        <\/div>\n            <div class=\"kksr-star\" style=\"padding-right: 5px\">\n            \n\n<div class=\"kksr-icon\" style=\"width: 24px; height: 24px;\"><\/div>\n        <\/div>\n            <div class=\"kksr-star\" style=\"padding-right: 5px\">\n            \n\n<div class=\"kksr-icon\" style=\"width: 24px; height: 24px;\"><\/div>\n        <\/div>\n    <\/div>\n<\/div>\n                \n\n<div class=\"kksr-legend\" style=\"font-size: 19.2px;\">\n            <span class=\"kksr-muted\">Your evaluation is important to us<\/span>\n    <\/div>\n    <\/div>\n<h1 data-path-to-node=\"13\">Elegance and Playfulness: Black Little Rabbit with Red Accent<\/h1>\n<p data-path-to-node=\"14\">This <b data-path-to-node=\"14\" data-index-in-node=\"3\">black little rabbit enamel pin<\/b> is a great proof that a cute accessory can also be extremely stylish! It's ideal <b data-path-to-node=\"14\" data-index-in-node=\"115\">accessory<\/b> for those who like <b data-path-to-node=\"14\" data-index-in-node=\"146\">contrast<\/b>, appreciates animal themes and wants to give uniqueness to their outfit. The pin depicts a black little rabbit with a bright red ribbon, creating a bold and noticeable image. It's not just <b data-path-to-node=\"14\" data-index-in-node=\"335\">enamel brooch<\/b> - it's a small work of art that will perfectly complement both dark and light clothing combinations.<\/p>\n<h2 data-path-to-node=\"15\">Contrasting Design And Golden Shine<\/h2>\n<p data-path-to-node=\"16\">See <b data-path-to-node=\"16\" data-index-in-node=\"4\">enamel pin<\/b> uniqueness - deep black color, which is further emphasized by a shiny gold-toned metal frame. The red ribbon becomes the main accent, giving the accessory vitality. This <b data-path-to-node=\"16\" data-index-in-node=\"207\">rabbit pin<\/b> is perfect for decorating coat lapels, sweaters, bags or even hats, giving them a touch of subtle luxury and playfulness.<\/p>\n<ul data-path-to-node=\"17\">\n<li>\n<p data-path-to-node=\"17,0,0\"><b data-path-to-node=\"17,0,0\" data-index-in-node=\"0\">Style:<\/b> Perfect for <i data-path-to-node=\"17,0,0\" data-index-in-node=\"23\">gothic chic<\/i>, <i data-path-to-node=\"17,0,0\" data-index-in-node=\"36\">minimalist<\/i>, <i data-path-to-node=\"17,0,0\" data-index-in-node=\"48\">bold accessories<\/i> and <b data-path-to-node=\"17,0,0\" data-index-in-node=\"68\">for animal lovers<\/b> styles.<\/p>\n<\/li>\n<li>\n<p data-path-to-node=\"17,1,0\"><b data-path-to-node=\"17,1,0\" data-index-in-node=\"0\">Quality:<\/b> Our <b data-path-to-node=\"17,1,0\" data-index-in-node=\"13\">enamel brooches<\/b> are manufactured using hard enamel technology, which ensures an exceptionally smooth surface and rich colors. The gold metal base guarantees that this <b data-path-to-node=\"17,1,0\" data-index-in-node=\"167\">high quality pin<\/b> The bus is strong and reliable. You will find more ideas on how to stand out with accessories. <a class=\"ng-star-inserted\" href=\"https:\/\/www.pinnpatch.lt\" target=\"_blank\" rel=\"noopener\" data-hveid=\"0\" data-ved=\"0CAAQ_4QMahgKEwi5pqKb08yRAxUAAAAAHQAAAAAQ0gY\">pinnpatch.lt<\/a>.<\/p>\n<\/li>\n<\/ul>\n<h2 data-path-to-node=\"18\">A Gift With Character<\/h2>\n<p data-path-to-node=\"19\"><b data-path-to-node=\"19\" data-index-in-node=\"0\">Black Bunny Brooch<\/b> is amazing <b data-path-to-node=\"19\" data-index-in-node=\"38\">gift idea<\/b> for those who appreciate originality and love to stand out from the crowd. The rabbit often symbolizes success, and the black color gives this symbol mystery and elegance. This accessory beautifully adorns:<\/p>\n<ul data-path-to-node=\"20\">\n<li>\n<p data-path-to-node=\"20,0,0\"><b data-path-to-node=\"20,0,0\" data-index-in-node=\"0\">A black jacket or coat:<\/b> Creates a subtle yet noticeable accent.<\/p>\n<\/li>\n<li>\n<p data-path-to-node=\"20,1,0\"><b data-path-to-node=\"20,1,0\" data-index-in-node=\"0\">A favorite handbag:<\/b> Gives it personality and charm.<\/p>\n<\/li>\n<\/ul>\n<p data-path-to-node=\"21\">See our full <a class=\"ng-star-inserted\" href=\"https:\/\/kabinam.lt\/eng\/product-category\/pins\/\" target=\"_blank\" rel=\"noopener\" data-hveid=\"0\" data-ved=\"0CAAQ_4QMahgKEwi5pqKb08yRAxUAAAAAHQAAAAAQ0wY\">a range of enamel brooches with bunnies and other animals<\/a> and choose your style favorite.<\/p>\n<p data-path-to-node=\"22\"><b data-path-to-node=\"22\" data-index-in-node=\"0\">Emphasize your uniqueness!<\/b> Book this <b data-path-to-node=\"22\" data-index-in-node=\"43\">black bunny<\/b> now.<\/p>","protected":false},"excerpt":{"rendered":"<p><b data-path-to-node=\"4,3,1,0\" data-index-in-node=\"0\">Mysterious<\/b> and <b data-path-to-node=\"4,3,1,0\" data-index-in-node=\"16\">stylish<\/b> emalio pin. Black <b data-path-to-node=\"4,3,1,0\" data-index-in-node=\"48\">little rabbit<\/b> with bright <b data-path-to-node=\"4,3,1,0\" data-index-in-node=\"70\">with a red ribbon<\/b> and with pink ears - ideal <b data-path-to-node=\"4,3,1,0\" data-index-in-node=\"120\">accessory<\/b> for those looking for unique, contrasting details for their image.<\/p>","protected":false},"featured_media":4196,"comment_status":"open","ping_status":"closed","template":"","meta":{"_uag_custom_page_level_css":"","site-sidebar-layout":"default","site-content-layout":"","ast-site-content-layout":"default","site-content-style":"default","site-sidebar-style":"default","ast-global-header-display":"","ast-banner-title-visibility":"","ast-main-header-display":"","ast-hfb-above-header-display":"","ast-hfb-below-header-display":"","ast-hfb-mobile-header-display":"","site-post-title":"","ast-breadcrumbs-content":"","ast-featured-img":"","footer-sml-layout":"","ast-disable-related-posts":"","theme-transparent-header-meta":"default","adv-header-id-meta":"","stick-header-meta":"","header-above-stick-meta":"","header-main-stick-meta":"","header-below-stick-meta":"","astra-migrate-meta-layouts":"set","ast-page-background-enabled":"default","ast-page-background-meta":{"desktop":{"background-color":"var(--ast-global-color-4)","background-image":"","background-repeat":"repeat","background-position":"center center","background-size":"auto","background-attachment":"scroll","background-type":"","background-media":"","overlay-type":"","overlay-color":"","overlay-opacity":"","overlay-gradient":""},"tablet":{"background-color":"","background-image":"","background-repeat":"repeat","background-position":"center center","background-size":"auto","background-attachment":"scroll","background-type":"","background-media":"","overlay-type":"","overlay-color":"","overlay-opacity":"","overlay-gradient":""},"mobile":{"background-color":"","background-image":"","background-repeat":"repeat","background-position":"center center","background-size":"auto","background-attachment":"scroll","background-type":"","background-media":"","overlay-type":"","overlay-color":"","overlay-opacity":"","overlay-gradient":""}},"ast-content-background-meta":{"desktop":{"background-color":"var(--ast-global-color-5)","background-image":"","background-repeat":"repeat","background-position":"center center","background-size":"auto","background-attachment":"scroll","background-type":"","background-media":"","overlay-type":"","overlay-color":"","overlay-opacity":"","overlay-gradient":""},"tablet":{"background-color":"var(--ast-global-color-5)","background-image":"","background-repeat":"repeat","background-position":"center center","background-size":"auto","background-attachment":"scroll","background-type":"","background-media":"","overlay-type":"","overlay-color":"","overlay-opacity":"","overlay-gradient":""},"mobile":{"background-color":"var(--ast-global-color-5)","background-image":"","background-repeat":"repeat","background-position":"center center","background-size":"auto","background-attachment":"scroll","background-type":"","background-media":"","overlay-type":"","overlay-color":"","overlay-opacity":"","overlay-gradient":""}}},"product_brand":[],"product_cat":[126,119],"product_tag":[],"class_list":{"0":"post-4197","1":"product","2":"type-product","3":"status-publish","4":"has-post-thumbnail","6":"product_cat-visi","7":"product_cat-smeigtukai-pins","8":"desktop-align-center","9":"tablet-align-left","10":"mobile-align-left","12":"first","13":"instock","14":"purchasable","15":"product-type-simple"},"yoast_head":"<!-- This site is optimized with the Yoast SEO plugin v27.1.1 - https:\/\/yoast.com\/product\/yoast-seo-wordpress\/ -->\n<title>Juodas Triu\u0161iukas \u2013 &quot;Midnight Bunny&quot; Emalio Bro\u0161ka - kabinam.lt<\/title>\n<meta name=\"description\" content=\"I\u0161skirtinis stilius! \u0160is juodo triu\u0161iuko segtukas su raudonu kaspinu yra kokybi\u0161kas, eleganti\u0161kas ir \u017eaismingas, suteiksiantis J\u016bs\u0173 aprangai charakterio.\" \/>\n<meta name=\"robots\" content=\"index, follow, max-snippet:-1, max-image-preview:large, max-video-preview:-1\" \/>\n<link rel=\"canonical\" href=\"https:\/\/kabinam.lt\/eng\/product\/black-bunny-with-red-ribbon-pin\/\" \/>\n<meta property=\"og:locale\" content=\"en_US\" \/>\n<meta property=\"og:type\" content=\"article\" \/>\n<meta property=\"og:title\" content=\"Juodas Triu\u0161iukas \u2013 &quot;Midnight Bunny&quot; Emalio Bro\u0161ka - kabinam.lt\" \/>\n<meta property=\"og:description\" content=\"I\u0161skirtinis stilius! \u0160is juodo triu\u0161iuko segtukas su raudonu kaspinu yra kokybi\u0161kas, eleganti\u0161kas ir \u017eaismingas, suteiksiantis J\u016bs\u0173 aprangai charakterio.\" \/>\n<meta property=\"og:url\" content=\"https:\/\/kabinam.lt\/eng\/product\/black-bunny-with-red-ribbon-pin\/\" \/>\n<meta property=\"og:site_name\" content=\"kabinam.lt\" \/>\n<meta property=\"article:modified_time\" content=\"2026-01-18T23:47:20+00:00\" \/>\n<meta property=\"og:image\" content=\"https:\/\/kabinam.lt\/wp-content\/uploads\/2025\/09\/1000077556.jpg\" \/>\n\t<meta property=\"og:image:width\" content=\"550\" \/>\n\t<meta property=\"og:image:height\" content=\"550\" \/>\n\t<meta property=\"og:image:type\" content=\"image\/jpeg\" \/>\n<meta name=\"twitter:card\" content=\"summary_large_image\" \/>\n<meta name=\"twitter:label1\" content=\"Est. reading time\" \/>\n\t<meta name=\"twitter:data1\" content=\"2 minutes\" \/>\n<script type=\"application\/ld+json\" class=\"yoast-schema-graph\">{\"@context\":\"https:\/\/schema.org\",\"@graph\":[{\"@type\":[\"WebPage\",\"ItemPage\"],\"@id\":\"https:\/\/kabinam.lt\/et\/toode\/must-tupsikas-koos-punase-lindiga-pin\/\",\"url\":\"https:\/\/kabinam.lt\/et\/toode\/must-tupsikas-koos-punase-lindiga-pin\/\",\"name\":\"Juodas Triu\u0161iukas \u2013 \\\"Midnight Bunny\\\" Emalio Bro\u0161ka - kabinam.lt\",\"isPartOf\":{\"@id\":\"https:\/\/kabinam.lt\/#website\"},\"primaryImageOfPage\":{\"@id\":\"https:\/\/kabinam.lt\/et\/toode\/must-tupsikas-koos-punase-lindiga-pin\/#primaryimage\"},\"image\":{\"@id\":\"https:\/\/kabinam.lt\/et\/toode\/must-tupsikas-koos-punase-lindiga-pin\/#primaryimage\"},\"thumbnailUrl\":\"https:\/\/kabinam.lt\/wp-content\/uploads\/2025\/09\/1000077556.jpg\",\"datePublished\":\"2025-09-19T20:29:02+00:00\",\"dateModified\":\"2026-01-18T23:47:20+00:00\",\"description\":\"I\u0161skirtinis stilius! \u0160is juodo triu\u0161iuko segtukas su raudonu kaspinu yra kokybi\u0161kas, eleganti\u0161kas ir \u017eaismingas, suteiksiantis J\u016bs\u0173 aprangai charakterio.\",\"breadcrumb\":{\"@id\":\"https:\/\/kabinam.lt\/et\/toode\/must-tupsikas-koos-punase-lindiga-pin\/#breadcrumb\"},\"inLanguage\":\"en-US\",\"potentialAction\":[{\"@type\":\"ReadAction\",\"target\":[\"https:\/\/kabinam.lt\/et\/toode\/must-tupsikas-koos-punase-lindiga-pin\/\"]}]},{\"@type\":\"ImageObject\",\"inLanguage\":\"en-US\",\"@id\":\"https:\/\/kabinam.lt\/et\/toode\/must-tupsikas-koos-punase-lindiga-pin\/#primaryimage\",\"url\":\"https:\/\/kabinam.lt\/wp-content\/uploads\/2025\/09\/1000077556.jpg\",\"contentUrl\":\"https:\/\/kabinam.lt\/wp-content\/uploads\/2025\/09\/1000077556.jpg\",\"width\":550,\"height\":550,\"caption\":\"Stilingo Juodo Triu\u0161iuko Emalio Segtukas\"},{\"@type\":\"BreadcrumbList\",\"@id\":\"https:\/\/kabinam.lt\/et\/toode\/must-tupsikas-koos-punase-lindiga-pin\/#breadcrumb\",\"itemListElement\":[{\"@type\":\"ListItem\",\"position\":1,\"name\":\"Home\",\"item\":\"https:\/\/kabinam.lt\/\"},{\"@type\":\"ListItem\",\"position\":2,\"name\":\"Visi Produktai\",\"item\":\"https:\/\/kabinam.lt\/visi-produktai\/\"},{\"@type\":\"ListItem\",\"position\":3,\"name\":\"Juodas Triu\u0161iukas \u2013 &#8222;Midnight Bunny&#8221; Emalio Bro\u0161ka\"}]},{\"@type\":\"WebSite\",\"@id\":\"https:\/\/kabinam.lt\/#website\",\"url\":\"https:\/\/kabinam.lt\/\",\"name\":\"kabinam.lt\",\"description\":\"Kabinam.lt \u2013 raktu pakabukai ir aksesuarai\",\"publisher\":{\"@id\":\"https:\/\/kabinam.lt\/#organization\"},\"alternateName\":\"pakabukai lt\",\"potentialAction\":[{\"@type\":\"SearchAction\",\"target\":{\"@type\":\"EntryPoint\",\"urlTemplate\":\"https:\/\/kabinam.lt\/?s={search_term_string}\"},\"query-input\":{\"@type\":\"PropertyValueSpecification\",\"valueRequired\":true,\"valueName\":\"search_term_string\"}}],\"inLanguage\":\"en-US\"},{\"@type\":\"Organization\",\"@id\":\"https:\/\/kabinam.lt\/#organization\",\"name\":\"kabinam.lt\",\"alternateName\":\"kabinam\",\"url\":\"https:\/\/kabinam.lt\/\",\"logo\":{\"@type\":\"ImageObject\",\"inLanguage\":\"en-US\",\"@id\":\"https:\/\/kabinam.lt\/#\/schema\/logo\/image\/\",\"url\":\"https:\/\/kabinam.lt\/wp-content\/uploads\/2025\/05\/KABINAM_outer_glow.png\",\"contentUrl\":\"https:\/\/kabinam.lt\/wp-content\/uploads\/2025\/05\/KABINAM_outer_glow.png\",\"width\":474,\"height\":141,\"caption\":\"kabinam.lt\"},\"image\":{\"@id\":\"https:\/\/kabinam.lt\/#\/schema\/logo\/image\/\"}}]}<\/script>\n<!-- \/ Yoast SEO plugin. -->","yoast_head_json":{"title":"Black Bunny - \"Midnight Bunny\" Enamel Brooch - kabinam.lt","description":"Distinctive style! This black bunny brooch with a red ribbon is quality, elegant and playful, giving your outfit character.","robots":{"index":"index","follow":"follow","max-snippet":"max-snippet:-1","max-image-preview":"max-image-preview:large","max-video-preview":"max-video-preview:-1"},"canonical":"https:\/\/kabinam.lt\/eng\/product\/black-bunny-with-red-ribbon-pin\/","og_locale":"en_US","og_type":"article","og_title":"Juodas Triu\u0161iukas \u2013 \"Midnight Bunny\" Emalio Bro\u0161ka - kabinam.lt","og_description":"I\u0161skirtinis stilius! \u0160is juodo triu\u0161iuko segtukas su raudonu kaspinu yra kokybi\u0161kas, eleganti\u0161kas ir \u017eaismingas, suteiksiantis J\u016bs\u0173 aprangai charakterio.","og_url":"https:\/\/kabinam.lt\/eng\/product\/black-bunny-with-red-ribbon-pin\/","og_site_name":"kabinam.lt","article_modified_time":"2026-01-18T23:47:20+00:00","og_image":[{"width":550,"height":550,"url":"https:\/\/kabinam.lt\/wp-content\/uploads\/2025\/09\/1000077556.jpg","type":"image\/jpeg"}],"twitter_card":"summary_large_image","twitter_misc":{"Est. reading time":"2 minutes"},"schema":{"@context":"https:\/\/schema.org","@graph":[{"@type":["WebPage","ItemPage"],"@id":"https:\/\/kabinam.lt\/et\/toode\/must-tupsikas-koos-punase-lindiga-pin\/","url":"https:\/\/kabinam.lt\/et\/toode\/must-tupsikas-koos-punase-lindiga-pin\/","name":"Black Bunny - \"Midnight Bunny\" Enamel Brooch - kabinam.lt","isPartOf":{"@id":"https:\/\/kabinam.lt\/#website"},"primaryImageOfPage":{"@id":"https:\/\/kabinam.lt\/et\/toode\/must-tupsikas-koos-punase-lindiga-pin\/#primaryimage"},"image":{"@id":"https:\/\/kabinam.lt\/et\/toode\/must-tupsikas-koos-punase-lindiga-pin\/#primaryimage"},"thumbnailUrl":"https:\/\/kabinam.lt\/wp-content\/uploads\/2025\/09\/1000077556.jpg","datePublished":"2025-09-19T20:29:02+00:00","dateModified":"2026-01-18T23:47:20+00:00","description":"Distinctive style! This black bunny brooch with a red ribbon is quality, elegant and playful, giving your outfit character.","breadcrumb":{"@id":"https:\/\/kabinam.lt\/et\/toode\/must-tupsikas-koos-punase-lindiga-pin\/#breadcrumb"},"inLanguage":"en-US","potentialAction":[{"@type":"ReadAction","target":["https:\/\/kabinam.lt\/et\/toode\/must-tupsikas-koos-punase-lindiga-pin\/"]}]},{"@type":"ImageObject","inLanguage":"en-US","@id":"https:\/\/kabinam.lt\/et\/toode\/must-tupsikas-koos-punase-lindiga-pin\/#primaryimage","url":"https:\/\/kabinam.lt\/wp-content\/uploads\/2025\/09\/1000077556.jpg","contentUrl":"https:\/\/kabinam.lt\/wp-content\/uploads\/2025\/09\/1000077556.jpg","width":550,"height":550,"caption":"Stilingo Juodo Triu\u0161iuko Emalio Segtukas"},{"@type":"BreadcrumbList","@id":"https:\/\/kabinam.lt\/et\/toode\/must-tupsikas-koos-punase-lindiga-pin\/#breadcrumb","itemListElement":[{"@type":"ListItem","position":1,"name":"Home","item":"https:\/\/kabinam.lt\/"},{"@type":"ListItem","position":2,"name":"Visi Produktai","item":"https:\/\/kabinam.lt\/visi-produktai\/"},{"@type":"ListItem","position":3,"name":"Juodas Triu\u0161iukas \u2013 &#8222;Midnight Bunny&#8221; Emalio Bro\u0161ka"}]},{"@type":"WebSite","@id":"https:\/\/kabinam.lt\/#website","url":"https:\/\/kabinam.lt\/","name":"kabinam.lt","description":"Kabinam.lt - key chains and accessories","publisher":{"@id":"https:\/\/kabinam.lt\/#organization"},"alternateName":"pakabukai lt","potentialAction":[{"@type":"SearchAction","target":{"@type":"EntryPoint","urlTemplate":"https:\/\/kabinam.lt\/?s={search_term_string}"},"query-input":{"@type":"PropertyValueSpecification","valueRequired":true,"valueName":"search_term_string"}}],"inLanguage":"en-US"},{"@type":"Organization","@id":"https:\/\/kabinam.lt\/#organization","name":"kabinam.lt","alternateName":"kabinam","url":"https:\/\/kabinam.lt\/","logo":{"@type":"ImageObject","inLanguage":"en-US","@id":"https:\/\/kabinam.lt\/#\/schema\/logo\/image\/","url":"https:\/\/kabinam.lt\/wp-content\/uploads\/2025\/05\/KABINAM_outer_glow.png","contentUrl":"https:\/\/kabinam.lt\/wp-content\/uploads\/2025\/05\/KABINAM_outer_glow.png","width":474,"height":141,"caption":"kabinam.lt"},"image":{"@id":"https:\/\/kabinam.lt\/#\/schema\/logo\/image\/"}}]}},"uagb_featured_image_src":{"full":["https:\/\/kabinam.lt\/wp-content\/uploads\/2025\/09\/1000077556.jpg",550,550,false],"thumbnail":["https:\/\/kabinam.lt\/wp-content\/uploads\/2025\/09\/1000077556-150x150.jpg",150,150,true],"medium":["https:\/\/kabinam.lt\/wp-content\/uploads\/2025\/09\/1000077556-300x300.jpg",300,300,true],"medium_large":["https:\/\/kabinam.lt\/wp-content\/uploads\/2025\/09\/1000077556.jpg",550,550,false],"large":["https:\/\/kabinam.lt\/wp-content\/uploads\/2025\/09\/1000077556.jpg",550,550,false],"1536x1536":["https:\/\/kabinam.lt\/wp-content\/uploads\/2025\/09\/1000077556.jpg",550,550,false],"2048x2048":["https:\/\/kabinam.lt\/wp-content\/uploads\/2025\/09\/1000077556.jpg",550,550,false],"trp-custom-language-flag":["https:\/\/kabinam.lt\/wp-content\/uploads\/2025\/09\/1000077556-12x12.jpg",12,12,true],"woocommerce_thumbnail":["https:\/\/kabinam.lt\/wp-content\/uploads\/2025\/09\/1000077556-300x300.jpg",300,300,true],"woocommerce_single":["https:\/\/kabinam.lt\/wp-content\/uploads\/2025\/09\/1000077556.jpg",550,550,false],"woocommerce_gallery_thumbnail":["https:\/\/kabinam.lt\/wp-content\/uploads\/2025\/09\/1000077556-100x100.jpg",100,100,true]},"uagb_author_info":{"display_name":"kabinam.lt","author_link":"https:\/\/kabinam.lt\/eng\/author\/"},"uagb_comment_info":0,"uagb_excerpt":"Paslaptingas ir stilingas emalio pin'as. Juodas triu\u0161iukas su ry\u0161kiai raudonu kaspinu bei rausvomis ausyt\u0117mis \u2013 idealus aksesuaras ie\u0161kantiems unikali\u0173, kontrasting\u0173 detali\u0173 savo \u012fvaizd\u017eiui.","_links":{"self":[{"href":"https:\/\/kabinam.lt\/eng\/wp-json\/wp\/v2\/product\/4197","targetHints":{"allow":["GET"]}}],"collection":[{"href":"https:\/\/kabinam.lt\/eng\/wp-json\/wp\/v2\/product"}],"about":[{"href":"https:\/\/kabinam.lt\/eng\/wp-json\/wp\/v2\/types\/product"}],"replies":[{"embeddable":true,"href":"https:\/\/kabinam.lt\/eng\/wp-json\/wp\/v2\/comments?post=4197"}],"wp:featuredmedia":[{"embeddable":true,"href":"https:\/\/kabinam.lt\/eng\/wp-json\/wp\/v2\/media\/4196"}],"wp:attachment":[{"href":"https:\/\/kabinam.lt\/eng\/wp-json\/wp\/v2\/media?parent=4197"}],"wp:term":[{"taxonomy":"product_brand","embeddable":true,"href":"https:\/\/kabinam.lt\/eng\/wp-json\/wp\/v2\/product_brand?post=4197"},{"taxonomy":"product_cat","embeddable":true,"href":"https:\/\/kabinam.lt\/eng\/wp-json\/wp\/v2\/product_cat?post=4197"},{"taxonomy":"product_tag","embeddable":true,"href":"https:\/\/kabinam.lt\/eng\/wp-json\/wp\/v2\/product_tag?post=4197"}],"curies":[{"name":"wp","href":"https:\/\/api.w.org\/{rel}","templated":true}]}}