{"id":4070,"date":"2025-09-10T20:47:50","date_gmt":"2025-09-10T18:47:50","guid":{"rendered":"https:\/\/kabinam.lt\/product\/keturlapis-dobilas\/"},"modified":"2026-01-19T02:56:33","modified_gmt":"2026-01-19T00:56:33","slug":"four-leaf-clover-pin-good-luck-charm-pin","status":"publish","type":"product","link":"https:\/\/kabinam.lt\/eng\/product\/keturlapio-dobilio-segtukas-sekmes-talismanas-pin\/","title":{"rendered":"Luck Pin | Classic Green Four-Leaf Clover \u2013 \u201cLucky Clover\u201d"},"content":{"rendered":"<div class=\"kk-star-ratings kksr-auto kksr-align-left kksr-valign-top\"\n    data-payload='{&quot;align&quot;:&quot;left&quot;,&quot;id&quot;:&quot;4070&quot;,&quot;slug&quot;:&quot;default&quot;,&quot;valign&quot;:&quot;top&quot;,&quot;ignore&quot;:&quot;&quot;,&quot;reference&quot;:&quot;auto&quot;,&quot;class&quot;:&quot;&quot;,&quot;count&quot;:&quot;0&quot;,&quot;legendonly&quot;:&quot;&quot;,&quot;readonly&quot;:&quot;&quot;,&quot;score&quot;:&quot;0&quot;,&quot;starsonly&quot;:&quot;&quot;,&quot;best&quot;:&quot;5&quot;,&quot;gap&quot;:&quot;5&quot;,&quot;greet&quot;:&quot;Mums svarbus j\u016bs\u0173 \u012fvertinimas&quot;,&quot;legend&quot;:&quot;0\\\/5 - (0 votes)&quot;,&quot;size&quot;:&quot;24&quot;,&quot;title&quot;:&quot;S\u0117km\u0117s Seg\u0117 | Klasikinis \u017ealias keturlapis dobilas \u2013 \u201eLucky Clover\u201c&quot;,&quot;width&quot;:&quot;0&quot;,&quot;_legend&quot;:&quot;{score}\\\/{best} - ({count} {votes})&quot;,&quot;font_factor&quot;:&quot;1.25&quot;}'>\n            \n<div class=\"kksr-stars\">\n    \n<div class=\"kksr-stars-inactive\">\n            <div class=\"kksr-star\" data-star=\"1\" style=\"padding-right: 5px\">\n            \n\n<div class=\"kksr-icon\" style=\"width: 24px; height: 24px;\"><\/div>\n        <\/div>\n            <div class=\"kksr-star\" data-star=\"2\" style=\"padding-right: 5px\">\n            \n\n<div class=\"kksr-icon\" style=\"width: 24px; height: 24px;\"><\/div>\n        <\/div>\n            <div class=\"kksr-star\" data-star=\"3\" style=\"padding-right: 5px\">\n            \n\n<div class=\"kksr-icon\" style=\"width: 24px; height: 24px;\"><\/div>\n        <\/div>\n            <div class=\"kksr-star\" data-star=\"4\" style=\"padding-right: 5px\">\n            \n\n<div class=\"kksr-icon\" style=\"width: 24px; height: 24px;\"><\/div>\n        <\/div>\n            <div class=\"kksr-star\" data-star=\"5\" style=\"padding-right: 5px\">\n            \n\n<div class=\"kksr-icon\" style=\"width: 24px; height: 24px;\"><\/div>\n        <\/div>\n    <\/div>\n    \n<div class=\"kksr-stars-active\" style=\"width: 0px;\">\n            <div class=\"kksr-star\" style=\"padding-right: 5px\">\n            \n\n<div class=\"kksr-icon\" style=\"width: 24px; height: 24px;\"><\/div>\n        <\/div>\n            <div class=\"kksr-star\" style=\"padding-right: 5px\">\n            \n\n<div class=\"kksr-icon\" style=\"width: 24px; height: 24px;\"><\/div>\n        <\/div>\n            <div class=\"kksr-star\" style=\"padding-right: 5px\">\n            \n\n<div class=\"kksr-icon\" style=\"width: 24px; height: 24px;\"><\/div>\n        <\/div>\n            <div class=\"kksr-star\" style=\"padding-right: 5px\">\n            \n\n<div class=\"kksr-icon\" style=\"width: 24px; height: 24px;\"><\/div>\n        <\/div>\n            <div class=\"kksr-star\" style=\"padding-right: 5px\">\n            \n\n<div class=\"kksr-icon\" style=\"width: 24px; height: 24px;\"><\/div>\n        <\/div>\n    <\/div>\n<\/div>\n                \n\n<div class=\"kksr-legend\" style=\"font-size: 19.2px;\">\n            <span class=\"kksr-muted\">Your evaluation is important to us<\/span>\n    <\/div>\n    <\/div>\n<h1 data-path-to-node=\"13\">Success Talisman: Four-Leaf Clover \u2013 Your Daily Luck<\/h1>\n<p data-path-to-node=\"14\">This <b data-path-to-node=\"14\" data-index-in-node=\"3\">four-leaf clover enamel pin<\/b> \u2013 it's a timeless symbol that brings success, faith, hope and love! It's ideal <b data-path-to-node=\"14\" data-index-in-node=\"117\">accessory<\/b> for everyone who wants to carry a small symbol of luck with them or simply to decorate their outfit with a vibrant nature accent. The classic shape and luxurious green-gold combination make this pin a universal accessory that suits both casual and more elegant outfits. It's not just <b data-path-to-node=\"14\" data-index-in-node=\"413\">enamel brooch<\/b> \u2013 it's your personal success magnet.<\/p>\n<h2 data-path-to-node=\"15\">Elegant Minimalism And Highest Quality<\/h2>\n<p data-path-to-node=\"16\">See <b data-path-to-node=\"16\" data-index-in-node=\"4\">enamel pin<\/b> design is characterized by clean lines and high contrast. The shiny green enamel perfectly complements the gold metal base, creating a luxurious and sophisticated look. This <b data-path-to-node=\"16\" data-index-in-node=\"190\">clover pin<\/b> looks particularly stylish on light-colored clothing (for example, a white sweater, as shown in the photo), but will also shine brightly on the lapel of a dark blazer or a hat.<\/p>\n<ul data-path-to-node=\"17\">\n<li>\n<p data-path-to-node=\"17,0,0\"><b data-path-to-node=\"17,0,0\" data-index-in-node=\"0\">Style:<\/b> Perfect for <i data-path-to-node=\"17,0,0\" data-index-in-node=\"23\">nature aesthetics<\/i>, <i data-path-to-node=\"17,0,0\" data-index-in-node=\"41\">minimalist style<\/i>, <i data-path-to-node=\"17,0,0\" data-index-in-node=\"59\">luck &amp; charms fashion<\/i> and <b data-path-to-node=\"17,0,0\" data-index-in-node=\"84\">elegantly<\/b> for everyday wear.<\/p>\n<\/li>\n<li>\n<p data-path-to-node=\"17,1,0\"><b data-path-to-node=\"17,1,0\" data-index-in-node=\"0\">Quality:<\/b> Our <b data-path-to-node=\"17,1,0\" data-index-in-node=\"13\">enamel brooches<\/b> made using the highest quality hard enamel technology, which ensures surface smoothness and color longevity. The gold-toned metal base guarantees that this <b data-path-to-node=\"17,1,0\" data-index-in-node=\"210\">high quality pin<\/b> will securely hold on any fabric and will not lose its shine for a long time. You will find more symbols of success <a class=\"ng-star-inserted\" href=\"https:\/\/www.pinnpatch.lt\" target=\"_blank\" rel=\"noopener\" data-hveid=\"0\" data-ved=\"0CAAQ_4QMahgKEwi5pqKb08yRAxUAAAAAHQAAAAAQ8hY\">pinnpatch.lt<\/a>.<\/p>\n<\/li>\n<\/ul>\n<h2 data-path-to-node=\"18\">Gift With Best Wishes<\/h2>\n<p data-path-to-node=\"19\"><b data-path-to-node=\"19\" data-index-in-node=\"0\">Four-leaf clover pin<\/b> is one of the most popular <b data-path-to-node=\"19\" data-index-in-node=\"53\">gift ideas<\/b>, when wishing success during exams, starting a new job or simply showing attention to a loved one. It is a universal gift with deep meaning. This accessory beautifully decorates:<\/p>\n<ul data-path-to-node=\"20\">\n<li>\n<p data-path-to-node=\"20,0,0\"><b data-path-to-node=\"20,0,0\" data-index-in-node=\"0\">Jacket or coat lapel:<\/b> Adds playfulness to formal attire.<\/p>\n<\/li>\n<li>\n<p data-path-to-node=\"20,1,0\"><b data-path-to-node=\"20,1,0\" data-index-in-node=\"0\">The cover of a diary or planner:<\/b> Adds inspiration to daily work.<\/p>\n<\/li>\n<\/ul>\n<p data-path-to-node=\"21\">See our full <a class=\"ng-star-inserted\" href=\"https:\/\/kabinam.lt\/eng\/product-category\/pins\/\" target=\"_blank\" rel=\"noopener\" data-hveid=\"0\" data-ved=\"0CAAQ_4QMahgKEwi5pqKb08yRAxUAAAAAHQAAAAAQ8xY\">collection of nature and symbol enamel pins<\/a> and find your symbol of happiness.<\/p>\n<p data-path-to-node=\"22\"><b data-path-to-node=\"22\" data-index-in-node=\"0\">Invite success into your style!<\/b> Book this <b data-path-to-node=\"22\" data-index-in-node=\"51\">clover pin<\/b> now.<\/p>","protected":false},"excerpt":{"rendered":"<p><b data-path-to-node=\"4,3,1,0\" data-index-in-node=\"0\">Bright<\/b> and <b data-path-to-node=\"4,3,1,0\" data-index-in-node=\"10\">symbolic<\/b> emalio pin\u2019as. Sodriai \u017ealias <b data-path-to-node=\"4,3,1,0\" data-index-in-node=\"51\">four-leaf clover<\/b> with gold accents \u2013 ideal <b data-path-to-node=\"4,3,1,0\" data-index-in-node=\"104\">accessory<\/b> for those looking for a success talisman and nature motifs.<\/p>","protected":false},"featured_media":4069,"comment_status":"open","ping_status":"closed","template":"","meta":{"_uag_custom_page_level_css":"","site-sidebar-layout":"default","site-content-layout":"","ast-site-content-layout":"default","site-content-style":"default","site-sidebar-style":"default","ast-global-header-display":"","ast-banner-title-visibility":"","ast-main-header-display":"","ast-hfb-above-header-display":"","ast-hfb-below-header-display":"","ast-hfb-mobile-header-display":"","site-post-title":"","ast-breadcrumbs-content":"","ast-featured-img":"","footer-sml-layout":"","ast-disable-related-posts":"","theme-transparent-header-meta":"default","adv-header-id-meta":"","stick-header-meta":"","header-above-stick-meta":"","header-main-stick-meta":"","header-below-stick-meta":"","astra-migrate-meta-layouts":"set","ast-page-background-enabled":"default","ast-page-background-meta":{"desktop":{"background-color":"var(--ast-global-color-4)","background-image":"","background-repeat":"repeat","background-position":"center center","background-size":"auto","background-attachment":"scroll","background-type":"","background-media":"","overlay-type":"","overlay-color":"","overlay-opacity":"","overlay-gradient":""},"tablet":{"background-color":"","background-image":"","background-repeat":"repeat","background-position":"center center","background-size":"auto","background-attachment":"scroll","background-type":"","background-media":"","overlay-type":"","overlay-color":"","overlay-opacity":"","overlay-gradient":""},"mobile":{"background-color":"","background-image":"","background-repeat":"repeat","background-position":"center center","background-size":"auto","background-attachment":"scroll","background-type":"","background-media":"","overlay-type":"","overlay-color":"","overlay-opacity":"","overlay-gradient":""}},"ast-content-background-meta":{"desktop":{"background-color":"var(--ast-global-color-5)","background-image":"","background-repeat":"repeat","background-position":"center center","background-size":"auto","background-attachment":"scroll","background-type":"","background-media":"","overlay-type":"","overlay-color":"","overlay-opacity":"","overlay-gradient":""},"tablet":{"background-color":"var(--ast-global-color-5)","background-image":"","background-repeat":"repeat","background-position":"center center","background-size":"auto","background-attachment":"scroll","background-type":"","background-media":"","overlay-type":"","overlay-color":"","overlay-opacity":"","overlay-gradient":""},"mobile":{"background-color":"var(--ast-global-color-5)","background-image":"","background-repeat":"repeat","background-position":"center center","background-size":"auto","background-attachment":"scroll","background-type":"","background-media":"","overlay-type":"","overlay-color":"","overlay-opacity":"","overlay-gradient":""}}},"product_brand":[],"product_cat":[126,119],"product_tag":[],"class_list":{"0":"post-4070","1":"product","2":"type-product","3":"status-publish","4":"has-post-thumbnail","6":"product_cat-visi","7":"product_cat-smeigtukai-pins","8":"desktop-align-center","9":"tablet-align-left","10":"mobile-align-left","12":"first","13":"instock","14":"purchasable","15":"product-type-simple"},"yoast_head":"<!-- This site is optimized with the Yoast SEO plugin v27.1.1 - https:\/\/yoast.com\/product\/yoast-seo-wordpress\/ -->\n<title>S\u0117km\u0117s Seg\u0117 | Klasikinis \u017ealias keturlapis dobilas \u2013 \u201eLucky Clover\u201c - kabinam.lt<\/title>\n<meta name=\"description\" content=\"Pasigaukite savo s\u0117km\u0119! \u0160is keturlapio dobilio segtukas eleganti\u0161kas ir simboli\u0161kas aksesuaras, suteikiantis J\u016bs\u0173 stiliui nat\u016bralios gaivos ir pozityvumo.\" \/>\n<meta name=\"robots\" content=\"index, follow, max-snippet:-1, max-image-preview:large, max-video-preview:-1\" \/>\n<link rel=\"canonical\" href=\"https:\/\/kabinam.lt\/eng\/product\/four-leaf-clover-pin-good-luck-charm-pin\/\" \/>\n<meta property=\"og:locale\" content=\"en_US\" \/>\n<meta property=\"og:type\" content=\"article\" \/>\n<meta property=\"og:title\" content=\"S\u0117km\u0117s Seg\u0117 | Klasikinis \u017ealias keturlapis dobilas \u2013 \u201eLucky Clover\u201c - kabinam.lt\" \/>\n<meta property=\"og:description\" content=\"Pasigaukite savo s\u0117km\u0119! \u0160is keturlapio dobilio segtukas eleganti\u0161kas ir simboli\u0161kas aksesuaras, suteikiantis J\u016bs\u0173 stiliui nat\u016bralios gaivos ir pozityvumo.\" \/>\n<meta property=\"og:url\" content=\"https:\/\/kabinam.lt\/eng\/product\/four-leaf-clover-pin-good-luck-charm-pin\/\" \/>\n<meta property=\"og:site_name\" content=\"kabinam.lt\" \/>\n<meta property=\"article:modified_time\" content=\"2026-01-19T00:56:33+00:00\" \/>\n<meta property=\"og:image\" content=\"https:\/\/kabinam.lt\/wp-content\/uploads\/2025\/09\/1000077306.jpg\" \/>\n\t<meta property=\"og:image:width\" content=\"500\" \/>\n\t<meta property=\"og:image:height\" content=\"500\" \/>\n\t<meta property=\"og:image:type\" content=\"image\/jpeg\" \/>\n<meta name=\"twitter:card\" content=\"summary_large_image\" \/>\n<meta name=\"twitter:label1\" content=\"Est. reading time\" \/>\n\t<meta name=\"twitter:data1\" content=\"1 minute\" \/>\n<script type=\"application\/ld+json\" class=\"yoast-schema-graph\">{\"@context\":\"https:\/\/schema.org\",\"@graph\":[{\"@type\":[\"WebPage\",\"ItemPage\"],\"@id\":\"https:\/\/kabinam.lt\/eng\/product\/four-leaf-clover-pin-good-luck-charm-pin\/\",\"url\":\"https:\/\/kabinam.lt\/eng\/product\/four-leaf-clover-pin-good-luck-charm-pin\/\",\"name\":\"S\u0117km\u0117s Seg\u0117 | Klasikinis \u017ealias keturlapis dobilas \u2013 \u201eLucky Clover\u201c - kabinam.lt\",\"isPartOf\":{\"@id\":\"https:\/\/kabinam.lt\/#website\"},\"primaryImageOfPage\":{\"@id\":\"https:\/\/kabinam.lt\/eng\/product\/four-leaf-clover-pin-good-luck-charm-pin\/#primaryimage\"},\"image\":{\"@id\":\"https:\/\/kabinam.lt\/eng\/product\/four-leaf-clover-pin-good-luck-charm-pin\/#primaryimage\"},\"thumbnailUrl\":\"https:\/\/kabinam.lt\/wp-content\/uploads\/2025\/09\/1000077306.jpg\",\"datePublished\":\"2025-09-10T18:47:50+00:00\",\"dateModified\":\"2026-01-19T00:56:33+00:00\",\"description\":\"Pasigaukite savo s\u0117km\u0119! \u0160is keturlapio dobilio segtukas eleganti\u0161kas ir simboli\u0161kas aksesuaras, suteikiantis J\u016bs\u0173 stiliui nat\u016bralios gaivos ir pozityvumo.\",\"breadcrumb\":{\"@id\":\"https:\/\/kabinam.lt\/eng\/product\/four-leaf-clover-pin-good-luck-charm-pin\/#breadcrumb\"},\"inLanguage\":\"en-US\",\"potentialAction\":[{\"@type\":\"ReadAction\",\"target\":[\"https:\/\/kabinam.lt\/eng\/product\/four-leaf-clover-pin-good-luck-charm-pin\/\"]}]},{\"@type\":\"ImageObject\",\"inLanguage\":\"en-US\",\"@id\":\"https:\/\/kabinam.lt\/eng\/product\/four-leaf-clover-pin-good-luck-charm-pin\/#primaryimage\",\"url\":\"https:\/\/kabinam.lt\/wp-content\/uploads\/2025\/09\/1000077306.jpg\",\"contentUrl\":\"https:\/\/kabinam.lt\/wp-content\/uploads\/2025\/09\/1000077306.jpg\",\"width\":500,\"height\":500,\"caption\":\"Eleganti\u0161ko Keturlapio Dobilio Emalio Segtuko Dizainas\"},{\"@type\":\"BreadcrumbList\",\"@id\":\"https:\/\/kabinam.lt\/eng\/product\/four-leaf-clover-pin-good-luck-charm-pin\/#breadcrumb\",\"itemListElement\":[{\"@type\":\"ListItem\",\"position\":1,\"name\":\"Home\",\"item\":\"https:\/\/kabinam.lt\/\"},{\"@type\":\"ListItem\",\"position\":2,\"name\":\"Visi Produktai\",\"item\":\"https:\/\/kabinam.lt\/visi-produktai\/\"},{\"@type\":\"ListItem\",\"position\":3,\"name\":\"S\u0117km\u0117s Seg\u0117 | Klasikinis \u017ealias keturlapis dobilas \u2013 \u201eLucky Clover\u201c\"}]},{\"@type\":\"WebSite\",\"@id\":\"https:\/\/kabinam.lt\/#website\",\"url\":\"https:\/\/kabinam.lt\/\",\"name\":\"kabinam.lt\",\"description\":\"Kabinam.lt \u2013 raktu pakabukai ir aksesuarai\",\"publisher\":{\"@id\":\"https:\/\/kabinam.lt\/#organization\"},\"alternateName\":\"pakabukai lt\",\"potentialAction\":[{\"@type\":\"SearchAction\",\"target\":{\"@type\":\"EntryPoint\",\"urlTemplate\":\"https:\/\/kabinam.lt\/?s={search_term_string}\"},\"query-input\":{\"@type\":\"PropertyValueSpecification\",\"valueRequired\":true,\"valueName\":\"search_term_string\"}}],\"inLanguage\":\"en-US\"},{\"@type\":\"Organization\",\"@id\":\"https:\/\/kabinam.lt\/#organization\",\"name\":\"kabinam.lt\",\"alternateName\":\"kabinam\",\"url\":\"https:\/\/kabinam.lt\/\",\"logo\":{\"@type\":\"ImageObject\",\"inLanguage\":\"en-US\",\"@id\":\"https:\/\/kabinam.lt\/#\/schema\/logo\/image\/\",\"url\":\"https:\/\/kabinam.lt\/wp-content\/uploads\/2025\/05\/KABINAM_outer_glow.png\",\"contentUrl\":\"https:\/\/kabinam.lt\/wp-content\/uploads\/2025\/05\/KABINAM_outer_glow.png\",\"width\":474,\"height\":141,\"caption\":\"kabinam.lt\"},\"image\":{\"@id\":\"https:\/\/kabinam.lt\/#\/schema\/logo\/image\/\"}}]}<\/script>\n<!-- \/ Yoast SEO plugin. -->","yoast_head_json":{"title":"Lucky Charm | Classic green four-leaf clover \u2013 \u201eLucky Clover\u201c - kabinam.lt","description":"Bring your luck! This four-leaf clover pin is an elegant and symbolic accessory, giving your style a natural touch and positivity.","robots":{"index":"index","follow":"follow","max-snippet":"max-snippet:-1","max-image-preview":"max-image-preview:large","max-video-preview":"max-video-preview:-1"},"canonical":"https:\/\/kabinam.lt\/eng\/product\/four-leaf-clover-pin-good-luck-charm-pin\/","og_locale":"en_US","og_type":"article","og_title":"S\u0117km\u0117s Seg\u0117 | Klasikinis \u017ealias keturlapis dobilas \u2013 \u201eLucky Clover\u201c - kabinam.lt","og_description":"Pasigaukite savo s\u0117km\u0119! \u0160is keturlapio dobilio segtukas eleganti\u0161kas ir simboli\u0161kas aksesuaras, suteikiantis J\u016bs\u0173 stiliui nat\u016bralios gaivos ir pozityvumo.","og_url":"https:\/\/kabinam.lt\/eng\/product\/four-leaf-clover-pin-good-luck-charm-pin\/","og_site_name":"kabinam.lt","article_modified_time":"2026-01-19T00:56:33+00:00","og_image":[{"width":500,"height":500,"url":"https:\/\/kabinam.lt\/wp-content\/uploads\/2025\/09\/1000077306.jpg","type":"image\/jpeg"}],"twitter_card":"summary_large_image","twitter_misc":{"Est. reading time":"1 minute"},"schema":{"@context":"https:\/\/schema.org","@graph":[{"@type":["WebPage","ItemPage"],"@id":"https:\/\/kabinam.lt\/eng\/product\/four-leaf-clover-pin-good-luck-charm-pin\/","url":"https:\/\/kabinam.lt\/eng\/product\/four-leaf-clover-pin-good-luck-charm-pin\/","name":"Lucky Charm | Classic green four-leaf clover \u2013 \u201eLucky Clover\u201c - kabinam.lt","isPartOf":{"@id":"https:\/\/kabinam.lt\/#website"},"primaryImageOfPage":{"@id":"https:\/\/kabinam.lt\/eng\/product\/four-leaf-clover-pin-good-luck-charm-pin\/#primaryimage"},"image":{"@id":"https:\/\/kabinam.lt\/eng\/product\/four-leaf-clover-pin-good-luck-charm-pin\/#primaryimage"},"thumbnailUrl":"https:\/\/kabinam.lt\/wp-content\/uploads\/2025\/09\/1000077306.jpg","datePublished":"2025-09-10T18:47:50+00:00","dateModified":"2026-01-19T00:56:33+00:00","description":"Bring your luck! This four-leaf clover pin is an elegant and symbolic accessory, giving your style a natural touch and positivity.","breadcrumb":{"@id":"https:\/\/kabinam.lt\/eng\/product\/four-leaf-clover-pin-good-luck-charm-pin\/#breadcrumb"},"inLanguage":"en-US","potentialAction":[{"@type":"ReadAction","target":["https:\/\/kabinam.lt\/eng\/product\/four-leaf-clover-pin-good-luck-charm-pin\/"]}]},{"@type":"ImageObject","inLanguage":"en-US","@id":"https:\/\/kabinam.lt\/eng\/product\/four-leaf-clover-pin-good-luck-charm-pin\/#primaryimage","url":"https:\/\/kabinam.lt\/wp-content\/uploads\/2025\/09\/1000077306.jpg","contentUrl":"https:\/\/kabinam.lt\/wp-content\/uploads\/2025\/09\/1000077306.jpg","width":500,"height":500,"caption":"Eleganti\u0161ko Keturlapio Dobilio Emalio Segtuko Dizainas"},{"@type":"BreadcrumbList","@id":"https:\/\/kabinam.lt\/eng\/product\/four-leaf-clover-pin-good-luck-charm-pin\/#breadcrumb","itemListElement":[{"@type":"ListItem","position":1,"name":"Home","item":"https:\/\/kabinam.lt\/"},{"@type":"ListItem","position":2,"name":"Visi Produktai","item":"https:\/\/kabinam.lt\/visi-produktai\/"},{"@type":"ListItem","position":3,"name":"S\u0117km\u0117s Seg\u0117 | Klasikinis \u017ealias keturlapis dobilas \u2013 \u201eLucky Clover\u201c"}]},{"@type":"WebSite","@id":"https:\/\/kabinam.lt\/#website","url":"https:\/\/kabinam.lt\/","name":"kabinam.lt","description":"Kabinam.lt - key chains and accessories","publisher":{"@id":"https:\/\/kabinam.lt\/#organization"},"alternateName":"pakabukai lt","potentialAction":[{"@type":"SearchAction","target":{"@type":"EntryPoint","urlTemplate":"https:\/\/kabinam.lt\/?s={search_term_string}"},"query-input":{"@type":"PropertyValueSpecification","valueRequired":true,"valueName":"search_term_string"}}],"inLanguage":"en-US"},{"@type":"Organization","@id":"https:\/\/kabinam.lt\/#organization","name":"kabinam.lt","alternateName":"kabinam","url":"https:\/\/kabinam.lt\/","logo":{"@type":"ImageObject","inLanguage":"en-US","@id":"https:\/\/kabinam.lt\/#\/schema\/logo\/image\/","url":"https:\/\/kabinam.lt\/wp-content\/uploads\/2025\/05\/KABINAM_outer_glow.png","contentUrl":"https:\/\/kabinam.lt\/wp-content\/uploads\/2025\/05\/KABINAM_outer_glow.png","width":474,"height":141,"caption":"kabinam.lt"},"image":{"@id":"https:\/\/kabinam.lt\/#\/schema\/logo\/image\/"}}]}},"uagb_featured_image_src":{"full":["https:\/\/kabinam.lt\/wp-content\/uploads\/2025\/09\/1000077306.jpg",500,500,false],"thumbnail":["https:\/\/kabinam.lt\/wp-content\/uploads\/2025\/09\/1000077306-150x150.jpg",150,150,true],"medium":["https:\/\/kabinam.lt\/wp-content\/uploads\/2025\/09\/1000077306-300x300.jpg",300,300,true],"medium_large":["https:\/\/kabinam.lt\/wp-content\/uploads\/2025\/09\/1000077306.jpg",500,500,false],"large":["https:\/\/kabinam.lt\/wp-content\/uploads\/2025\/09\/1000077306.jpg",500,500,false],"1536x1536":["https:\/\/kabinam.lt\/wp-content\/uploads\/2025\/09\/1000077306.jpg",500,500,false],"2048x2048":["https:\/\/kabinam.lt\/wp-content\/uploads\/2025\/09\/1000077306.jpg",500,500,false],"trp-custom-language-flag":["https:\/\/kabinam.lt\/wp-content\/uploads\/2025\/09\/1000077306.jpg",12,12,false],"woocommerce_thumbnail":["https:\/\/kabinam.lt\/wp-content\/uploads\/2025\/09\/1000077306-300x300.jpg",300,300,true],"woocommerce_single":["https:\/\/kabinam.lt\/wp-content\/uploads\/2025\/09\/1000077306.jpg",500,500,false],"woocommerce_gallery_thumbnail":["https:\/\/kabinam.lt\/wp-content\/uploads\/2025\/09\/1000077306-100x100.jpg",100,100,true]},"uagb_author_info":{"display_name":"kabinam.lt","author_link":"https:\/\/kabinam.lt\/eng\/author\/"},"uagb_comment_info":0,"uagb_excerpt":"Ry\u0161kus ir simbolinis emalio pin'as. Sodriai \u017ealias keturlapis dobilas su auksiniais akcentais \u2013 idealus aksesuaras ie\u0161kantiems s\u0117km\u0117s talismano ir gamtos motyv\u0173.","_links":{"self":[{"href":"https:\/\/kabinam.lt\/eng\/wp-json\/wp\/v2\/product\/4070","targetHints":{"allow":["GET"]}}],"collection":[{"href":"https:\/\/kabinam.lt\/eng\/wp-json\/wp\/v2\/product"}],"about":[{"href":"https:\/\/kabinam.lt\/eng\/wp-json\/wp\/v2\/types\/product"}],"replies":[{"embeddable":true,"href":"https:\/\/kabinam.lt\/eng\/wp-json\/wp\/v2\/comments?post=4070"}],"wp:featuredmedia":[{"embeddable":true,"href":"https:\/\/kabinam.lt\/eng\/wp-json\/wp\/v2\/media\/4069"}],"wp:attachment":[{"href":"https:\/\/kabinam.lt\/eng\/wp-json\/wp\/v2\/media?parent=4070"}],"wp:term":[{"taxonomy":"product_brand","embeddable":true,"href":"https:\/\/kabinam.lt\/eng\/wp-json\/wp\/v2\/product_brand?post=4070"},{"taxonomy":"product_cat","embeddable":true,"href":"https:\/\/kabinam.lt\/eng\/wp-json\/wp\/v2\/product_cat?post=4070"},{"taxonomy":"product_tag","embeddable":true,"href":"https:\/\/kabinam.lt\/eng\/wp-json\/wp\/v2\/product_tag?post=4070"}],"curies":[{"name":"wp","href":"https:\/\/api.w.org\/{rel}","templated":true}]}}