{"id":3703,"date":"2025-06-03T21:54:43","date_gmt":"2025-06-03T19:54:43","guid":{"rendered":"https:\/\/kabinam.lt\/?post_type=product&#038;p=3703"},"modified":"2026-01-18T15:21:32","modified_gmt":"2026-01-18T13:21:32","slug":"raktu-pakabukas-losimu-automatas","status":"publish","type":"product","link":"https:\/\/kabinam.lt\/eng\/product\/raktu-pakabukas-losimu-automatas\/","title":{"rendered":"Keychain Slot Machine - a functional mini casino"},"content":{"rendered":"\n\n<div class=\"kk-star-ratings kksr-auto kksr-align-left kksr-valign-top\"\n    data-payload='{&quot;align&quot;:&quot;left&quot;,&quot;id&quot;:&quot;3703&quot;,&quot;slug&quot;:&quot;default&quot;,&quot;valign&quot;:&quot;top&quot;,&quot;ignore&quot;:&quot;&quot;,&quot;reference&quot;:&quot;auto&quot;,&quot;class&quot;:&quot;&quot;,&quot;count&quot;:&quot;0&quot;,&quot;legendonly&quot;:&quot;&quot;,&quot;readonly&quot;:&quot;&quot;,&quot;score&quot;:&quot;0&quot;,&quot;starsonly&quot;:&quot;&quot;,&quot;best&quot;:&quot;5&quot;,&quot;gap&quot;:&quot;5&quot;,&quot;greet&quot;:&quot;Mums svarbus j\u016bs\u0173 \u012fvertinimas&quot;,&quot;legend&quot;:&quot;0\\\/5 - (0 votes)&quot;,&quot;size&quot;:&quot;24&quot;,&quot;title&quot;:&quot;Rakt\u0173 pakabukas lo\u0161im\u0173 automatas \u2013 funkcionalus mini kazino&quot;,&quot;width&quot;:&quot;0&quot;,&quot;_legend&quot;:&quot;{score}\\\/{best} - ({count} {votes})&quot;,&quot;font_factor&quot;:&quot;1.25&quot;}'>\n            \n<div class=\"kksr-stars\">\n    \n<div class=\"kksr-stars-inactive\">\n            <div class=\"kksr-star\" data-star=\"1\" style=\"padding-right: 5px\">\n            \n\n<div class=\"kksr-icon\" style=\"width: 24px; height: 24px;\"><\/div>\n        <\/div>\n            <div class=\"kksr-star\" data-star=\"2\" style=\"padding-right: 5px\">\n            \n\n<div class=\"kksr-icon\" style=\"width: 24px; height: 24px;\"><\/div>\n        <\/div>\n            <div class=\"kksr-star\" data-star=\"3\" style=\"padding-right: 5px\">\n            \n\n<div class=\"kksr-icon\" style=\"width: 24px; height: 24px;\"><\/div>\n        <\/div>\n            <div class=\"kksr-star\" data-star=\"4\" style=\"padding-right: 5px\">\n            \n\n<div class=\"kksr-icon\" style=\"width: 24px; height: 24px;\"><\/div>\n        <\/div>\n            <div class=\"kksr-star\" data-star=\"5\" style=\"padding-right: 5px\">\n            \n\n<div class=\"kksr-icon\" style=\"width: 24px; height: 24px;\"><\/div>\n        <\/div>\n    <\/div>\n    \n<div class=\"kksr-stars-active\" style=\"width: 0px;\">\n            <div class=\"kksr-star\" style=\"padding-right: 5px\">\n            \n\n<div class=\"kksr-icon\" style=\"width: 24px; height: 24px;\"><\/div>\n        <\/div>\n            <div class=\"kksr-star\" style=\"padding-right: 5px\">\n            \n\n<div class=\"kksr-icon\" style=\"width: 24px; height: 24px;\"><\/div>\n        <\/div>\n            <div class=\"kksr-star\" style=\"padding-right: 5px\">\n            \n\n<div class=\"kksr-icon\" style=\"width: 24px; height: 24px;\"><\/div>\n        <\/div>\n            <div class=\"kksr-star\" style=\"padding-right: 5px\">\n            \n\n<div class=\"kksr-icon\" style=\"width: 24px; height: 24px;\"><\/div>\n        <\/div>\n            <div class=\"kksr-star\" style=\"padding-right: 5px\">\n            \n\n<div class=\"kksr-icon\" style=\"width: 24px; height: 24px;\"><\/div>\n        <\/div>\n    <\/div>\n<\/div>\n                \n\n<div class=\"kksr-legend\" style=\"font-size: 19.2px;\">\n            <span class=\"kksr-muted\">Mums svarbus j\u016bs\u0173 \u012fvertinimas<\/span>\n    <\/div>\n    <\/div>\n<h1>Rakt\u0173 pakabukas lo\u0161im\u0173 automatas \u2013 funkcionalus mini kazino<\/h1>\n<p>Rakt\u0173 pakabukas lo\u0161im\u0173 automatas \u2013 tai ne tik prakti\u0161kas daiktas raktams, bet ir smagus aksesuaras, atkartojantis klasikin\u012f kazino aparat\u0105. Jame integruota veikian\u010dio mechanizmo svirtel\u0117 ir trys besisukantys b\u016bgnai su septynetais bei vaisiais. Tai stilingas pasirinkimas, patiksiantis tiek \u017eaidim\u0173 entuziastams, tiek tiems, kurie vertina i\u0161skirtinum\u0105 kasdien\u0117se detal\u0117se.<\/p>\n<h2>Mini kazino tavo ki\u0161en\u0117je: rakt\u0173 pakabuko lo\u0161imo automato i\u0161skirtinumas<\/h2>\n<p>\u0160is pakabukas ne tik dekoratyvus \u2013 jis veikia kaip tikras ma\u017eytis lo\u0161imo aparatas. Paspaudus svirtel\u0119, su\u017eaisite \u201emini \u017eaidim\u0105\u201c, o trys simboliai besisukan\u010diuose b\u016bgnuose sustos atsitiktine tvarka. Tai suteikia pramogos poj\u016bt\u012f net ir eilin\u0117s dienos metu. Pakabukas pagamintas i\u0161 kokybi\u0161ko metalo ir plastiko, tod\u0117l i\u0161laiko tvirtum\u0105 ir puik\u0173 estetin\u012f vaizd\u0105.<\/p>\n<h3>Rakt\u0173 pakabukas \u017eaidim\u0173 m\u0117g\u0117jams: prakti\u0161kumas ir stilius<\/h3>\n<p>Pakabukas ne tik praturtins rakt\u0173 ry\u0161ul\u012f, bet ir tiks prie kuprin\u0117s ar automobilio salono detal\u0117s. Jo kompakti\u0161kas dydis leid\u017eia patogiai ne\u0161iotis, o unikalaus dizaino d\u0117ka pritraukia d\u0117mes\u012f. \u017daidim\u0173 simboliai \u2013 vy\u0161nios, citrinos, septynetai \u2013 suteikia nostalgi\u0161k\u0105 nuotaik\u0105 ir perteikia tikr\u0105 kazino atmosfer\u0105.<\/p>\n<h2>I\u0161skirtin\u0117 dovana azarti\u0161kam \u017emogui<\/h2>\n<p>Ie\u0161kai originalios dovanos artimajam, kuris m\u0117gsta lo\u0161imus, kazino ar stalo \u017eaidimus? \u0160is pakabukas taps ne tik simboliniu linksmu priminimu, bet ir kasdien naudojamu daiktu. Rekomenduojame ap\u017ei\u016br\u0117ti ir kitus <a href=\"https:\/\/www.kabinam.lt\">kabinam.lt<\/a> si\u016blomus rakt\u0173 pakabukus su \u017eaismingais dizainais.<\/p>\n<h3>Kazino kult\u016bros \u012fkv\u0117ptas aksesuaras<\/h3>\n<p>Lo\u0161imo automatai \u2013 neatsiejama kazino kult\u016bros dalis. \u0160is pakabukas \u2013 tai miniati\u016brin\u0117 jos versija. Funkcionalumas, detal\u0117s ir formos \u010dia perteiktos itin tiksliai. Pana\u0161\u016bs lo\u0161im\u0173 automato aksesuarai populiar\u016bs visame pasaulyje \u2013 juos renkasi ne tik \u017eaid\u0117jai, bet ir kolekcionieriai. Pla\u010diau apie lo\u0161im\u0173 automat\u0173 kult\u016br\u0105 galima skaityti [\u010dia](https:\/\/lt.wikipedia.org\/wiki\/Lo%C5%A1imo_automatas).<\/p>\n","protected":false},"excerpt":{"rendered":"<p>Mini Slot Machine - a stylish pendant with a working lever and rotating reels.<\/p>","protected":false},"featured_media":3704,"comment_status":"open","ping_status":"closed","template":"","meta":{"_uag_custom_page_level_css":"","site-sidebar-layout":"default","site-content-layout":"","ast-site-content-layout":"default","site-content-style":"default","site-sidebar-style":"default","ast-global-header-display":"","ast-banner-title-visibility":"","ast-main-header-display":"","ast-hfb-above-header-display":"","ast-hfb-below-header-display":"","ast-hfb-mobile-header-display":"","site-post-title":"","ast-breadcrumbs-content":"","ast-featured-img":"","footer-sml-layout":"","ast-disable-related-posts":"","theme-transparent-header-meta":"default","adv-header-id-meta":"","stick-header-meta":"","header-above-stick-meta":"","header-main-stick-meta":"","header-below-stick-meta":"","astra-migrate-meta-layouts":"set","ast-page-background-enabled":"default","ast-page-background-meta":{"desktop":{"background-color":"var(--ast-global-color-4)","background-image":"","background-repeat":"repeat","background-position":"center center","background-size":"auto","background-attachment":"scroll","background-type":"","background-media":"","overlay-type":"","overlay-color":"","overlay-opacity":"","overlay-gradient":""},"tablet":{"background-color":"","background-image":"","background-repeat":"repeat","background-position":"center center","background-size":"auto","background-attachment":"scroll","background-type":"","background-media":"","overlay-type":"","overlay-color":"","overlay-opacity":"","overlay-gradient":""},"mobile":{"background-color":"","background-image":"","background-repeat":"repeat","background-position":"center center","background-size":"auto","background-attachment":"scroll","background-type":"","background-media":"","overlay-type":"","overlay-color":"","overlay-opacity":"","overlay-gradient":""}},"ast-content-background-meta":{"desktop":{"background-color":"var(--ast-global-color-5)","background-image":"","background-repeat":"repeat","background-position":"center center","background-size":"auto","background-attachment":"scroll","background-type":"","background-media":"","overlay-type":"","overlay-color":"","overlay-opacity":"","overlay-gradient":""},"tablet":{"background-color":"var(--ast-global-color-5)","background-image":"","background-repeat":"repeat","background-position":"center center","background-size":"auto","background-attachment":"scroll","background-type":"","background-media":"","overlay-type":"","overlay-color":"","overlay-opacity":"","overlay-gradient":""},"mobile":{"background-color":"var(--ast-global-color-5)","background-image":"","background-repeat":"repeat","background-position":"center center","background-size":"auto","background-attachment":"scroll","background-type":"","background-media":"","overlay-type":"","overlay-color":"","overlay-opacity":"","overlay-gradient":""}}},"product_brand":[],"product_cat":[125,126,95,118,92],"product_tag":[],"class_list":{"0":"post-3703","1":"product","2":"type-product","3":"status-publish","4":"has-post-thumbnail","6":"product_cat-halloween","7":"product_cat-visi","8":"product_cat-unikalus-raktu-pakabukai","9":"product_cat-dovana-teciui","10":"product_cat-populiariausiu-produktu-kategorija","11":"desktop-align-center","12":"tablet-align-left","13":"mobile-align-left","15":"first","16":"instock","17":"shipping-taxable","18":"purchasable","19":"product-type-simple"},"yoast_head":"<!-- This site is optimized with the Yoast SEO plugin v27.1.1 - https:\/\/yoast.com\/product\/yoast-seo-wordpress\/ -->\n<title>Rakt\u0173 pakabukas lo\u0161im\u0173 automatas \u2013 funkcionalus mini kazino<\/title>\n<meta name=\"description\" content=\"Rakt\u0173 pakabukas lo\u0161im\u0173 automatas \u2013 mini kazino su veikian\u010dia svirtimi ir simboli\u0173 b\u016bgnais, puikiai tinkantis \u017eaidim\u0173 m\u0117g\u0117jams.\" \/>\n<meta name=\"robots\" content=\"index, follow, max-snippet:-1, max-image-preview:large, max-video-preview:-1\" \/>\n<link rel=\"canonical\" href=\"https:\/\/kabinam.lt\/eng\/product\/raktu-pakabukas-losimu-automatas\/\" \/>\n<meta property=\"og:locale\" content=\"en_US\" \/>\n<meta property=\"og:type\" content=\"article\" \/>\n<meta property=\"og:title\" content=\"Rakt\u0173 pakabukas lo\u0161im\u0173 automatas \u2013 funkcionalus mini kazino\" \/>\n<meta property=\"og:description\" content=\"Rakt\u0173 pakabukas lo\u0161im\u0173 automatas \u2013 mini kazino su veikian\u010dia svirtimi ir simboli\u0173 b\u016bgnais, puikiai tinkantis \u017eaidim\u0173 m\u0117g\u0117jams.\" \/>\n<meta property=\"og:url\" content=\"https:\/\/kabinam.lt\/eng\/product\/raktu-pakabukas-losimu-automatas\/\" \/>\n<meta property=\"og:site_name\" content=\"kabinam.lt\" \/>\n<meta property=\"article:modified_time\" content=\"2026-01-18T13:21:32+00:00\" \/>\n<meta property=\"og:image\" content=\"https:\/\/kabinam.lt\/wp-content\/uploads\/2025\/06\/8b06077f-3a1d-4db5-bc32-8103397d9b2d.jpg\" \/>\n\t<meta property=\"og:image:width\" content=\"1856\" \/>\n\t<meta property=\"og:image:height\" content=\"1856\" \/>\n\t<meta property=\"og:image:type\" content=\"image\/jpeg\" \/>\n<meta name=\"twitter:card\" content=\"summary_large_image\" \/>\n<meta name=\"twitter:label1\" content=\"Est. reading time\" \/>\n\t<meta name=\"twitter:data1\" content=\"2 minutes\" \/>\n<script type=\"application\/ld+json\" class=\"yoast-schema-graph\">{\"@context\":\"https:\/\/schema.org\",\"@graph\":[{\"@type\":[\"WebPage\",\"ItemPage\"],\"@id\":\"https:\/\/kabinam.lt\/eng\/product\/raktu-pakabukas-losimu-automatas\/\",\"url\":\"https:\/\/kabinam.lt\/eng\/product\/raktu-pakabukas-losimu-automatas\/\",\"name\":\"Rakt\u0173 pakabukas lo\u0161im\u0173 automatas \u2013 funkcionalus mini kazino\",\"isPartOf\":{\"@id\":\"https:\/\/kabinam.lt\/#website\"},\"primaryImageOfPage\":{\"@id\":\"https:\/\/kabinam.lt\/eng\/product\/raktu-pakabukas-losimu-automatas\/#primaryimage\"},\"image\":{\"@id\":\"https:\/\/kabinam.lt\/eng\/product\/raktu-pakabukas-losimu-automatas\/#primaryimage\"},\"thumbnailUrl\":\"https:\/\/kabinam.lt\/wp-content\/uploads\/2025\/06\/8b06077f-3a1d-4db5-bc32-8103397d9b2d.jpg\",\"datePublished\":\"2025-06-03T19:54:43+00:00\",\"dateModified\":\"2026-01-18T13:21:32+00:00\",\"description\":\"Rakt\u0173 pakabukas lo\u0161im\u0173 automatas \u2013 mini kazino su veikian\u010dia svirtimi ir simboli\u0173 b\u016bgnais, puikiai tinkantis \u017eaidim\u0173 m\u0117g\u0117jams.\",\"breadcrumb\":{\"@id\":\"https:\/\/kabinam.lt\/eng\/product\/raktu-pakabukas-losimu-automatas\/#breadcrumb\"},\"inLanguage\":\"en-US\",\"potentialAction\":[{\"@type\":\"ReadAction\",\"target\":[\"https:\/\/kabinam.lt\/eng\/product\/raktu-pakabukas-losimu-automatas\/\"]}]},{\"@type\":\"ImageObject\",\"inLanguage\":\"en-US\",\"@id\":\"https:\/\/kabinam.lt\/eng\/product\/raktu-pakabukas-losimu-automatas\/#primaryimage\",\"url\":\"https:\/\/kabinam.lt\/wp-content\/uploads\/2025\/06\/8b06077f-3a1d-4db5-bc32-8103397d9b2d.jpg\",\"contentUrl\":\"https:\/\/kabinam.lt\/wp-content\/uploads\/2025\/06\/8b06077f-3a1d-4db5-bc32-8103397d9b2d.jpg\",\"width\":1856,\"height\":1856,\"caption\":\"Kazino stiliaus rakt\u0173 pakabukas su tikru veikimo mechanizmu\"},{\"@type\":\"BreadcrumbList\",\"@id\":\"https:\/\/kabinam.lt\/eng\/product\/raktu-pakabukas-losimu-automatas\/#breadcrumb\",\"itemListElement\":[{\"@type\":\"ListItem\",\"position\":1,\"name\":\"Home\",\"item\":\"https:\/\/kabinam.lt\/\"},{\"@type\":\"ListItem\",\"position\":2,\"name\":\"Visi Produktai\",\"item\":\"https:\/\/kabinam.lt\/visi-produktai\/\"},{\"@type\":\"ListItem\",\"position\":3,\"name\":\"Rakt\u0173 pakabukas lo\u0161im\u0173 automatas \u2013 funkcionalus mini kazino\"}]},{\"@type\":\"WebSite\",\"@id\":\"https:\/\/kabinam.lt\/#website\",\"url\":\"https:\/\/kabinam.lt\/\",\"name\":\"kabinam.lt\",\"description\":\"Kabinam.lt \u2013 raktu pakabukai ir aksesuarai\",\"publisher\":{\"@id\":\"https:\/\/kabinam.lt\/#organization\"},\"alternateName\":\"pakabukai lt\",\"potentialAction\":[{\"@type\":\"SearchAction\",\"target\":{\"@type\":\"EntryPoint\",\"urlTemplate\":\"https:\/\/kabinam.lt\/?s={search_term_string}\"},\"query-input\":{\"@type\":\"PropertyValueSpecification\",\"valueRequired\":true,\"valueName\":\"search_term_string\"}}],\"inLanguage\":\"en-US\"},{\"@type\":\"Organization\",\"@id\":\"https:\/\/kabinam.lt\/#organization\",\"name\":\"kabinam.lt\",\"alternateName\":\"kabinam\",\"url\":\"https:\/\/kabinam.lt\/\",\"logo\":{\"@type\":\"ImageObject\",\"inLanguage\":\"en-US\",\"@id\":\"https:\/\/kabinam.lt\/#\/schema\/logo\/image\/\",\"url\":\"https:\/\/kabinam.lt\/wp-content\/uploads\/2025\/05\/KABINAM_outer_glow.png\",\"contentUrl\":\"https:\/\/kabinam.lt\/wp-content\/uploads\/2025\/05\/KABINAM_outer_glow.png\",\"width\":474,\"height\":141,\"caption\":\"kabinam.lt\"},\"image\":{\"@id\":\"https:\/\/kabinam.lt\/#\/schema\/logo\/image\/\"}}]}<\/script>\n<!-- \/ Yoast SEO plugin. -->","yoast_head_json":{"title":"Keychain Slot Machine - a functional mini casino","description":"Keychain slot machine \u2013 mini casino with a working lever and symbol reels, perfect for gaming enthusiasts.","robots":{"index":"index","follow":"follow","max-snippet":"max-snippet:-1","max-image-preview":"max-image-preview:large","max-video-preview":"max-video-preview:-1"},"canonical":"https:\/\/kabinam.lt\/eng\/product\/raktu-pakabukas-losimu-automatas\/","og_locale":"en_US","og_type":"article","og_title":"Rakt\u0173 pakabukas lo\u0161im\u0173 automatas \u2013 funkcionalus mini kazino","og_description":"Rakt\u0173 pakabukas lo\u0161im\u0173 automatas \u2013 mini kazino su veikian\u010dia svirtimi ir simboli\u0173 b\u016bgnais, puikiai tinkantis \u017eaidim\u0173 m\u0117g\u0117jams.","og_url":"https:\/\/kabinam.lt\/eng\/product\/raktu-pakabukas-losimu-automatas\/","og_site_name":"kabinam.lt","article_modified_time":"2026-01-18T13:21:32+00:00","og_image":[{"width":1856,"height":1856,"url":"https:\/\/kabinam.lt\/wp-content\/uploads\/2025\/06\/8b06077f-3a1d-4db5-bc32-8103397d9b2d.jpg","type":"image\/jpeg"}],"twitter_card":"summary_large_image","twitter_misc":{"Est. reading time":"2 minutes"},"schema":{"@context":"https:\/\/schema.org","@graph":[{"@type":["WebPage","ItemPage"],"@id":"https:\/\/kabinam.lt\/eng\/product\/raktu-pakabukas-losimu-automatas\/","url":"https:\/\/kabinam.lt\/eng\/product\/raktu-pakabukas-losimu-automatas\/","name":"Keychain Slot Machine - a functional mini casino","isPartOf":{"@id":"https:\/\/kabinam.lt\/#website"},"primaryImageOfPage":{"@id":"https:\/\/kabinam.lt\/eng\/product\/raktu-pakabukas-losimu-automatas\/#primaryimage"},"image":{"@id":"https:\/\/kabinam.lt\/eng\/product\/raktu-pakabukas-losimu-automatas\/#primaryimage"},"thumbnailUrl":"https:\/\/kabinam.lt\/wp-content\/uploads\/2025\/06\/8b06077f-3a1d-4db5-bc32-8103397d9b2d.jpg","datePublished":"2025-06-03T19:54:43+00:00","dateModified":"2026-01-18T13:21:32+00:00","description":"Keychain slot machine \u2013 mini casino with a working lever and symbol reels, perfect for gaming enthusiasts.","breadcrumb":{"@id":"https:\/\/kabinam.lt\/eng\/product\/raktu-pakabukas-losimu-automatas\/#breadcrumb"},"inLanguage":"en-US","potentialAction":[{"@type":"ReadAction","target":["https:\/\/kabinam.lt\/eng\/product\/raktu-pakabukas-losimu-automatas\/"]}]},{"@type":"ImageObject","inLanguage":"en-US","@id":"https:\/\/kabinam.lt\/eng\/product\/raktu-pakabukas-losimu-automatas\/#primaryimage","url":"https:\/\/kabinam.lt\/wp-content\/uploads\/2025\/06\/8b06077f-3a1d-4db5-bc32-8103397d9b2d.jpg","contentUrl":"https:\/\/kabinam.lt\/wp-content\/uploads\/2025\/06\/8b06077f-3a1d-4db5-bc32-8103397d9b2d.jpg","width":1856,"height":1856,"caption":"Kazino stiliaus rakt\u0173 pakabukas su tikru veikimo mechanizmu"},{"@type":"BreadcrumbList","@id":"https:\/\/kabinam.lt\/eng\/product\/raktu-pakabukas-losimu-automatas\/#breadcrumb","itemListElement":[{"@type":"ListItem","position":1,"name":"Home","item":"https:\/\/kabinam.lt\/"},{"@type":"ListItem","position":2,"name":"Visi Produktai","item":"https:\/\/kabinam.lt\/visi-produktai\/"},{"@type":"ListItem","position":3,"name":"Rakt\u0173 pakabukas lo\u0161im\u0173 automatas \u2013 funkcionalus mini kazino"}]},{"@type":"WebSite","@id":"https:\/\/kabinam.lt\/#website","url":"https:\/\/kabinam.lt\/","name":"kabinam.lt","description":"Kabinam.lt - key chains and accessories","publisher":{"@id":"https:\/\/kabinam.lt\/#organization"},"alternateName":"pakabukai lt","potentialAction":[{"@type":"SearchAction","target":{"@type":"EntryPoint","urlTemplate":"https:\/\/kabinam.lt\/?s={search_term_string}"},"query-input":{"@type":"PropertyValueSpecification","valueRequired":true,"valueName":"search_term_string"}}],"inLanguage":"en-US"},{"@type":"Organization","@id":"https:\/\/kabinam.lt\/#organization","name":"kabinam.lt","alternateName":"kabinam","url":"https:\/\/kabinam.lt\/","logo":{"@type":"ImageObject","inLanguage":"en-US","@id":"https:\/\/kabinam.lt\/#\/schema\/logo\/image\/","url":"https:\/\/kabinam.lt\/wp-content\/uploads\/2025\/05\/KABINAM_outer_glow.png","contentUrl":"https:\/\/kabinam.lt\/wp-content\/uploads\/2025\/05\/KABINAM_outer_glow.png","width":474,"height":141,"caption":"kabinam.lt"},"image":{"@id":"https:\/\/kabinam.lt\/#\/schema\/logo\/image\/"}}]}},"uagb_featured_image_src":{"full":["https:\/\/kabinam.lt\/wp-content\/uploads\/2025\/06\/8b06077f-3a1d-4db5-bc32-8103397d9b2d.jpg",1856,1856,false],"thumbnail":["https:\/\/kabinam.lt\/wp-content\/uploads\/2025\/06\/8b06077f-3a1d-4db5-bc32-8103397d9b2d-150x150.jpg",150,150,true],"medium":["https:\/\/kabinam.lt\/wp-content\/uploads\/2025\/06\/8b06077f-3a1d-4db5-bc32-8103397d9b2d-300x300.jpg",300,300,true],"medium_large":["https:\/\/kabinam.lt\/wp-content\/uploads\/2025\/06\/8b06077f-3a1d-4db5-bc32-8103397d9b2d-768x768.jpg",768,768,true],"large":["https:\/\/kabinam.lt\/wp-content\/uploads\/2025\/06\/8b06077f-3a1d-4db5-bc32-8103397d9b2d-1024x1024.jpg",1024,1024,true],"1536x1536":["https:\/\/kabinam.lt\/wp-content\/uploads\/2025\/06\/8b06077f-3a1d-4db5-bc32-8103397d9b2d-1536x1536.jpg",1536,1536,true],"2048x2048":["https:\/\/kabinam.lt\/wp-content\/uploads\/2025\/06\/8b06077f-3a1d-4db5-bc32-8103397d9b2d.jpg",1856,1856,false],"trp-custom-language-flag":["https:\/\/kabinam.lt\/wp-content\/uploads\/2025\/06\/8b06077f-3a1d-4db5-bc32-8103397d9b2d.jpg",12,12,false],"woocommerce_thumbnail":["https:\/\/kabinam.lt\/wp-content\/uploads\/2025\/06\/8b06077f-3a1d-4db5-bc32-8103397d9b2d-300x300.jpg",300,300,true],"woocommerce_single":["https:\/\/kabinam.lt\/wp-content\/uploads\/2025\/06\/8b06077f-3a1d-4db5-bc32-8103397d9b2d-600x600.jpg",600,600,true],"woocommerce_gallery_thumbnail":["https:\/\/kabinam.lt\/wp-content\/uploads\/2025\/06\/8b06077f-3a1d-4db5-bc32-8103397d9b2d-100x100.jpg",100,100,true]},"uagb_author_info":{"display_name":"kabinam.lt","author_link":"https:\/\/kabinam.lt\/eng\/author\/"},"uagb_comment_info":0,"uagb_excerpt":"Mini lo\u0161imo automatas \u2013 stilingas pakabukas su veikian\u010dia svirtimi ir besisukan\u010diais b\u016bgnais.","_links":{"self":[{"href":"https:\/\/kabinam.lt\/eng\/wp-json\/wp\/v2\/product\/3703","targetHints":{"allow":["GET"]}}],"collection":[{"href":"https:\/\/kabinam.lt\/eng\/wp-json\/wp\/v2\/product"}],"about":[{"href":"https:\/\/kabinam.lt\/eng\/wp-json\/wp\/v2\/types\/product"}],"replies":[{"embeddable":true,"href":"https:\/\/kabinam.lt\/eng\/wp-json\/wp\/v2\/comments?post=3703"}],"wp:featuredmedia":[{"embeddable":true,"href":"https:\/\/kabinam.lt\/eng\/wp-json\/wp\/v2\/media\/3704"}],"wp:attachment":[{"href":"https:\/\/kabinam.lt\/eng\/wp-json\/wp\/v2\/media?parent=3703"}],"wp:term":[{"taxonomy":"product_brand","embeddable":true,"href":"https:\/\/kabinam.lt\/eng\/wp-json\/wp\/v2\/product_brand?post=3703"},{"taxonomy":"product_cat","embeddable":true,"href":"https:\/\/kabinam.lt\/eng\/wp-json\/wp\/v2\/product_cat?post=3703"},{"taxonomy":"product_tag","embeddable":true,"href":"https:\/\/kabinam.lt\/eng\/wp-json\/wp\/v2\/product_tag?post=3703"}],"curies":[{"name":"wp","href":"https:\/\/api.w.org\/{rel}","templated":true}]}}