{"id":3444,"date":"2025-04-17T22:08:51","date_gmt":"2025-04-17T20:08:51","guid":{"rendered":"https:\/\/kabinam.lt\/?post_type=product&#038;p=3444"},"modified":"2026-01-18T15:22:50","modified_gmt":"2026-01-18T13:22:50","slug":"raktu-pakabukas-believe-in-you","status":"publish","type":"product","link":"https:\/\/kabinam.lt\/eng\/product\/raktu-pakabukas-believe-in-you\/","title":{"rendered":"Believe in You keyring - an inspiring gift for a loved one"},"content":{"rendered":"<div class=\"kk-star-ratings kksr-auto kksr-align-left kksr-valign-top\"\n    data-payload='{&quot;align&quot;:&quot;left&quot;,&quot;id&quot;:&quot;3444&quot;,&quot;slug&quot;:&quot;default&quot;,&quot;valign&quot;:&quot;top&quot;,&quot;ignore&quot;:&quot;&quot;,&quot;reference&quot;:&quot;auto&quot;,&quot;class&quot;:&quot;&quot;,&quot;count&quot;:&quot;0&quot;,&quot;legendonly&quot;:&quot;&quot;,&quot;readonly&quot;:&quot;&quot;,&quot;score&quot;:&quot;0&quot;,&quot;starsonly&quot;:&quot;&quot;,&quot;best&quot;:&quot;5&quot;,&quot;gap&quot;:&quot;5&quot;,&quot;greet&quot;:&quot;Mums svarbus j\u016bs\u0173 \u012fvertinimas&quot;,&quot;legend&quot;:&quot;0\\\/5 - (0 votes)&quot;,&quot;size&quot;:&quot;24&quot;,&quot;title&quot;:&quot;Rakt\u0173 pakabukas Believe in You \u2013 \u012fkvepianti dovana artimam \u017emogui&quot;,&quot;width&quot;:&quot;0&quot;,&quot;_legend&quot;:&quot;{score}\\\/{best} - ({count} {votes})&quot;,&quot;font_factor&quot;:&quot;1.25&quot;}'>\n            \n<div class=\"kksr-stars\">\n    \n<div class=\"kksr-stars-inactive\">\n            <div class=\"kksr-star\" data-star=\"1\" style=\"padding-right: 5px\">\n            \n\n<div class=\"kksr-icon\" style=\"width: 24px; height: 24px;\"><\/div>\n        <\/div>\n            <div class=\"kksr-star\" data-star=\"2\" style=\"padding-right: 5px\">\n            \n\n<div class=\"kksr-icon\" style=\"width: 24px; height: 24px;\"><\/div>\n        <\/div>\n            <div class=\"kksr-star\" data-star=\"3\" style=\"padding-right: 5px\">\n            \n\n<div class=\"kksr-icon\" style=\"width: 24px; height: 24px;\"><\/div>\n        <\/div>\n            <div class=\"kksr-star\" data-star=\"4\" style=\"padding-right: 5px\">\n            \n\n<div class=\"kksr-icon\" style=\"width: 24px; height: 24px;\"><\/div>\n        <\/div>\n            <div class=\"kksr-star\" data-star=\"5\" style=\"padding-right: 5px\">\n            \n\n<div class=\"kksr-icon\" style=\"width: 24px; height: 24px;\"><\/div>\n        <\/div>\n    <\/div>\n    \n<div class=\"kksr-stars-active\" style=\"width: 0px;\">\n            <div class=\"kksr-star\" style=\"padding-right: 5px\">\n            \n\n<div class=\"kksr-icon\" style=\"width: 24px; height: 24px;\"><\/div>\n        <\/div>\n            <div class=\"kksr-star\" style=\"padding-right: 5px\">\n            \n\n<div class=\"kksr-icon\" style=\"width: 24px; height: 24px;\"><\/div>\n        <\/div>\n            <div class=\"kksr-star\" style=\"padding-right: 5px\">\n            \n\n<div class=\"kksr-icon\" style=\"width: 24px; height: 24px;\"><\/div>\n        <\/div>\n            <div class=\"kksr-star\" style=\"padding-right: 5px\">\n            \n\n<div class=\"kksr-icon\" style=\"width: 24px; height: 24px;\"><\/div>\n        <\/div>\n            <div class=\"kksr-star\" style=\"padding-right: 5px\">\n            \n\n<div class=\"kksr-icon\" style=\"width: 24px; height: 24px;\"><\/div>\n        <\/div>\n    <\/div>\n<\/div>\n                \n\n<div class=\"kksr-legend\" style=\"font-size: 19.2px;\">\n            <span class=\"kksr-muted\">Your evaluation is important to us<\/span>\n    <\/div>\n    <\/div>\n<h4 class=\"\" data-start=\"166\" data-end=\"198\">A source of inspiration for everyday life<\/h4>\n<p class=\"\" data-start=\"200\" data-end=\"533\"><strong data-start=\"200\" data-end=\"234\">Believe in You keyring<\/strong> - It is not only a functional accessory, but also a strong emotional message that can be carried with you every day. The engraved text \u201eBelieve in You Like I Do\u201c symbolises support, trust and love. It's a little thing that becomes a powerful reminder that someone believes in you, even when you doubt it.<\/p>\n<p class=\"\" data-start=\"535\" data-end=\"755\">The pendant is made of stainless steel, so it is wear-resistant, scratch-resistant and long-lasting. Rectangular, minimalist and stylish - suitable for both men and women.<\/p>\n<hr class=\"\" data-start=\"757\" data-end=\"760\" \/>\n<h4 class=\"\" data-start=\"762\" data-end=\"790\">Suitable for various occasions<\/h4>\n<p class=\"\" data-start=\"792\" data-end=\"1053\">This <strong data-start=\"796\" data-end=\"830\">Believe in You keyring<\/strong> is a great gift idea for birthdays, graduation celebrations or just as a small gesture to a loved one. Whether it's a son, a daughter, a best friend or a loved one, this pendant sends a clear message: \u201eI believe in you\u201c.\u201c<\/p>\n<p class=\"\" data-start=\"1055\" data-end=\"1270\">Its versatility makes it a gift for both children and adults. It is a particularly suitable gift for those starting a new phase in life or facing challenges - an inspiring detail that reminds them that they are not alone.<\/p>\n<hr class=\"\" data-start=\"1272\" data-end=\"1275\" \/>\n<h4 class=\"\" data-start=\"1277\" data-end=\"1317\">Stylish, symbolic and practical<\/h4>\n<p class=\"\" data-start=\"1319\" data-end=\"1560\">The pendant has a minimalist shape and the engraved text is subtle but clear. It is perfect for a key ring, backpack, handbag or even car keys. The stainless steel material ensures durability and resistance to everyday use.<\/p>\n<p class=\"\" data-start=\"1562\" data-end=\"1965\">If you are looking for more original options, take a look at our <a target=\"_new\" rel=\"noopener\" data-start=\"1628\" data-end=\"1736\">a collection of the most popular products<\/a> or take a look around <a target=\"_new\" rel=\"noopener\" data-start=\"1758\" data-end=\"1817\">all keyrings<\/a>. You'll also find lots of inspiring gift ideas on <a target=\"_new\" rel=\"noopener\" data-start=\"1871\" data-end=\"1937\">Not on The High Street<\/a> - definitely worth a look.<\/p>","protected":false},"excerpt":{"rendered":"<p>Inspirational stainless steel keyring with engraved inscription. The perfect choice for a gift for a loved one.<\/p>","protected":false},"featured_media":3445,"comment_status":"closed","ping_status":"closed","template":"","meta":{"_uag_custom_page_level_css":"","site-sidebar-layout":"default","site-content-layout":"","ast-site-content-layout":"default","site-content-style":"default","site-sidebar-style":"default","ast-global-header-display":"","ast-banner-title-visibility":"","ast-main-header-display":"","ast-hfb-above-header-display":"","ast-hfb-below-header-display":"","ast-hfb-mobile-header-display":"","site-post-title":"","ast-breadcrumbs-content":"","ast-featured-img":"","footer-sml-layout":"","ast-disable-related-posts":"","theme-transparent-header-meta":"default","adv-header-id-meta":"","stick-header-meta":"","header-above-stick-meta":"","header-main-stick-meta":"","header-below-stick-meta":"","astra-migrate-meta-layouts":"set","ast-page-background-enabled":"default","ast-page-background-meta":{"desktop":{"background-color":"var(--ast-global-color-4)","background-image":"","background-repeat":"repeat","background-position":"center center","background-size":"auto","background-attachment":"scroll","background-type":"","background-media":"","overlay-type":"","overlay-color":"","overlay-opacity":"","overlay-gradient":""},"tablet":{"background-color":"","background-image":"","background-repeat":"repeat","background-position":"center center","background-size":"auto","background-attachment":"scroll","background-type":"","background-media":"","overlay-type":"","overlay-color":"","overlay-opacity":"","overlay-gradient":""},"mobile":{"background-color":"","background-image":"","background-repeat":"repeat","background-position":"center center","background-size":"auto","background-attachment":"scroll","background-type":"","background-media":"","overlay-type":"","overlay-color":"","overlay-opacity":"","overlay-gradient":""}},"ast-content-background-meta":{"desktop":{"background-color":"var(--ast-global-color-5)","background-image":"","background-repeat":"repeat","background-position":"center center","background-size":"auto","background-attachment":"scroll","background-type":"","background-media":"","overlay-type":"","overlay-color":"","overlay-opacity":"","overlay-gradient":""},"tablet":{"background-color":"var(--ast-global-color-5)","background-image":"","background-repeat":"repeat","background-position":"center center","background-size":"auto","background-attachment":"scroll","background-type":"","background-media":"","overlay-type":"","overlay-color":"","overlay-opacity":"","overlay-gradient":""},"mobile":{"background-color":"var(--ast-global-color-5)","background-image":"","background-repeat":"repeat","background-position":"center center","background-size":"auto","background-attachment":"scroll","background-type":"","background-media":"","overlay-type":"","overlay-color":"","overlay-opacity":"","overlay-gradient":""}}},"product_brand":[],"product_cat":[126,117,116,95,118],"product_tag":[],"class_list":{"0":"post-3444","1":"product","2":"type-product","3":"status-publish","4":"has-post-thumbnail","6":"product_cat-visi","7":"product_cat-graviruoti-raktu-pakabukai","8":"product_cat-metaliniai-raktu-pakabukai","9":"product_cat-unikalus-raktu-pakabukai","10":"product_cat-dovana-teciui","11":"desktop-align-center","12":"tablet-align-left","13":"mobile-align-left","15":"first","16":"instock","17":"shipping-taxable","18":"purchasable","19":"product-type-simple"},"yoast_head":"<!-- This site is optimized with the Yoast SEO plugin v27.1.1 - https:\/\/yoast.com\/product\/yoast-seo-wordpress\/ -->\n<title>Rakt\u0173 pakabukas Believe in You \u2013 \u012fkvepianti dovana artimam \u017emogui<\/title>\n<meta name=\"description\" content=\"Ner\u016bdijan\u010dio plieno rakt\u0173 pakabukas su u\u017era\u0161u \u201eBelieve in You\u201c. \u012ekvepianti dovana s\u016bnui, dukrai ar artimam \u017emogui.\" \/>\n<meta name=\"robots\" content=\"index, follow, max-snippet:-1, max-image-preview:large, max-video-preview:-1\" \/>\n<link rel=\"canonical\" href=\"https:\/\/kabinam.lt\/eng\/product\/raktu-pakabukas-believe-in-you\/\" \/>\n<meta property=\"og:locale\" content=\"en_US\" \/>\n<meta property=\"og:type\" content=\"article\" \/>\n<meta property=\"og:title\" content=\"Rakt\u0173 pakabukas Believe in You \u2013 \u012fkvepianti dovana artimam \u017emogui\" \/>\n<meta property=\"og:description\" content=\"Ner\u016bdijan\u010dio plieno rakt\u0173 pakabukas su u\u017era\u0161u \u201eBelieve in You\u201c. \u012ekvepianti dovana s\u016bnui, dukrai ar artimam \u017emogui.\" \/>\n<meta property=\"og:url\" content=\"https:\/\/kabinam.lt\/eng\/product\/raktu-pakabukas-believe-in-you\/\" \/>\n<meta property=\"og:site_name\" content=\"kabinam.lt\" \/>\n<meta property=\"article:modified_time\" content=\"2026-01-18T13:22:50+00:00\" \/>\n<meta property=\"og:image\" content=\"https:\/\/kabinam.lt\/wp-content\/uploads\/2025\/04\/20c0551f-4d87-4af4-8f39-488726f31f63.jpg\" \/>\n\t<meta property=\"og:image:width\" content=\"800\" \/>\n\t<meta property=\"og:image:height\" content=\"800\" \/>\n\t<meta property=\"og:image:type\" content=\"image\/jpeg\" \/>\n<meta name=\"twitter:card\" content=\"summary_large_image\" \/>\n<meta name=\"twitter:label1\" content=\"Est. reading time\" \/>\n\t<meta name=\"twitter:data1\" content=\"2 minutes\" \/>\n<script type=\"application\/ld+json\" class=\"yoast-schema-graph\">{\"@context\":\"https:\/\/schema.org\",\"@graph\":[{\"@type\":[\"WebPage\",\"ItemPage\"],\"@id\":\"https:\/\/kabinam.lt\/eng\/product\/raktu-pakabukas-believe-in-you\/\",\"url\":\"https:\/\/kabinam.lt\/eng\/product\/raktu-pakabukas-believe-in-you\/\",\"name\":\"Rakt\u0173 pakabukas Believe in You \u2013 \u012fkvepianti dovana artimam \u017emogui\",\"isPartOf\":{\"@id\":\"https:\/\/kabinam.lt\/#website\"},\"primaryImageOfPage\":{\"@id\":\"https:\/\/kabinam.lt\/eng\/product\/raktu-pakabukas-believe-in-you\/#primaryimage\"},\"image\":{\"@id\":\"https:\/\/kabinam.lt\/eng\/product\/raktu-pakabukas-believe-in-you\/#primaryimage\"},\"thumbnailUrl\":\"https:\/\/kabinam.lt\/wp-content\/uploads\/2025\/04\/20c0551f-4d87-4af4-8f39-488726f31f63.jpg\",\"datePublished\":\"2025-04-17T20:08:51+00:00\",\"dateModified\":\"2026-01-18T13:22:50+00:00\",\"description\":\"Ner\u016bdijan\u010dio plieno rakt\u0173 pakabukas su u\u017era\u0161u \u201eBelieve in You\u201c. \u012ekvepianti dovana s\u016bnui, dukrai ar artimam \u017emogui.\",\"breadcrumb\":{\"@id\":\"https:\/\/kabinam.lt\/eng\/product\/raktu-pakabukas-believe-in-you\/#breadcrumb\"},\"inLanguage\":\"en-US\",\"potentialAction\":[{\"@type\":\"ReadAction\",\"target\":[\"https:\/\/kabinam.lt\/eng\/product\/raktu-pakabukas-believe-in-you\/\"]}]},{\"@type\":\"ImageObject\",\"inLanguage\":\"en-US\",\"@id\":\"https:\/\/kabinam.lt\/eng\/product\/raktu-pakabukas-believe-in-you\/#primaryimage\",\"url\":\"https:\/\/kabinam.lt\/wp-content\/uploads\/2025\/04\/20c0551f-4d87-4af4-8f39-488726f31f63.jpg\",\"contentUrl\":\"https:\/\/kabinam.lt\/wp-content\/uploads\/2025\/04\/20c0551f-4d87-4af4-8f39-488726f31f63.jpg\",\"width\":800,\"height\":800,\"caption\":\"Graviruotas \u012fkvepiantis rakt\u0173 pakabukas\"},{\"@type\":\"BreadcrumbList\",\"@id\":\"https:\/\/kabinam.lt\/eng\/product\/raktu-pakabukas-believe-in-you\/#breadcrumb\",\"itemListElement\":[{\"@type\":\"ListItem\",\"position\":1,\"name\":\"Home\",\"item\":\"https:\/\/kabinam.lt\/\"},{\"@type\":\"ListItem\",\"position\":2,\"name\":\"Visi Produktai\",\"item\":\"https:\/\/kabinam.lt\/visi-produktai\/\"},{\"@type\":\"ListItem\",\"position\":3,\"name\":\"Rakt\u0173 pakabukas Believe in You \u2013 \u012fkvepianti dovana artimam \u017emogui\"}]},{\"@type\":\"WebSite\",\"@id\":\"https:\/\/kabinam.lt\/#website\",\"url\":\"https:\/\/kabinam.lt\/\",\"name\":\"kabinam.lt\",\"description\":\"Kabinam.lt \u2013 raktu pakabukai ir aksesuarai\",\"publisher\":{\"@id\":\"https:\/\/kabinam.lt\/#organization\"},\"alternateName\":\"pakabukai lt\",\"potentialAction\":[{\"@type\":\"SearchAction\",\"target\":{\"@type\":\"EntryPoint\",\"urlTemplate\":\"https:\/\/kabinam.lt\/?s={search_term_string}\"},\"query-input\":{\"@type\":\"PropertyValueSpecification\",\"valueRequired\":true,\"valueName\":\"search_term_string\"}}],\"inLanguage\":\"en-US\"},{\"@type\":\"Organization\",\"@id\":\"https:\/\/kabinam.lt\/#organization\",\"name\":\"kabinam.lt\",\"alternateName\":\"kabinam\",\"url\":\"https:\/\/kabinam.lt\/\",\"logo\":{\"@type\":\"ImageObject\",\"inLanguage\":\"en-US\",\"@id\":\"https:\/\/kabinam.lt\/#\/schema\/logo\/image\/\",\"url\":\"https:\/\/kabinam.lt\/wp-content\/uploads\/2025\/05\/KABINAM_outer_glow.png\",\"contentUrl\":\"https:\/\/kabinam.lt\/wp-content\/uploads\/2025\/05\/KABINAM_outer_glow.png\",\"width\":474,\"height\":141,\"caption\":\"kabinam.lt\"},\"image\":{\"@id\":\"https:\/\/kabinam.lt\/#\/schema\/logo\/image\/\"}}]}<\/script>\n<!-- \/ Yoast SEO plugin. -->","yoast_head_json":{"title":"Believe in You keyring - an inspiring gift for a loved one","description":"Ner\u016bdijan\u010dio plieno rakt\u0173 pakabukas su u\u017era\u0161u \u201eBelieve in You\u201c. \u012ekvepianti dovana s\u016bnui, dukrai ar artimam \u017emogui.","robots":{"index":"index","follow":"follow","max-snippet":"max-snippet:-1","max-image-preview":"max-image-preview:large","max-video-preview":"max-video-preview:-1"},"canonical":"https:\/\/kabinam.lt\/eng\/product\/raktu-pakabukas-believe-in-you\/","og_locale":"en_US","og_type":"article","og_title":"Rakt\u0173 pakabukas Believe in You \u2013 \u012fkvepianti dovana artimam \u017emogui","og_description":"Ner\u016bdijan\u010dio plieno rakt\u0173 pakabukas su u\u017era\u0161u \u201eBelieve in You\u201c. \u012ekvepianti dovana s\u016bnui, dukrai ar artimam \u017emogui.","og_url":"https:\/\/kabinam.lt\/eng\/product\/raktu-pakabukas-believe-in-you\/","og_site_name":"kabinam.lt","article_modified_time":"2026-01-18T13:22:50+00:00","og_image":[{"width":800,"height":800,"url":"https:\/\/kabinam.lt\/wp-content\/uploads\/2025\/04\/20c0551f-4d87-4af4-8f39-488726f31f63.jpg","type":"image\/jpeg"}],"twitter_card":"summary_large_image","twitter_misc":{"Est. reading time":"2 minutes"},"schema":{"@context":"https:\/\/schema.org","@graph":[{"@type":["WebPage","ItemPage"],"@id":"https:\/\/kabinam.lt\/eng\/product\/raktu-pakabukas-believe-in-you\/","url":"https:\/\/kabinam.lt\/eng\/product\/raktu-pakabukas-believe-in-you\/","name":"Believe in You keyring - an inspiring gift for a loved one","isPartOf":{"@id":"https:\/\/kabinam.lt\/#website"},"primaryImageOfPage":{"@id":"https:\/\/kabinam.lt\/eng\/product\/raktu-pakabukas-believe-in-you\/#primaryimage"},"image":{"@id":"https:\/\/kabinam.lt\/eng\/product\/raktu-pakabukas-believe-in-you\/#primaryimage"},"thumbnailUrl":"https:\/\/kabinam.lt\/wp-content\/uploads\/2025\/04\/20c0551f-4d87-4af4-8f39-488726f31f63.jpg","datePublished":"2025-04-17T20:08:51+00:00","dateModified":"2026-01-18T13:22:50+00:00","description":"Ner\u016bdijan\u010dio plieno rakt\u0173 pakabukas su u\u017era\u0161u \u201eBelieve in You\u201c. \u012ekvepianti dovana s\u016bnui, dukrai ar artimam \u017emogui.","breadcrumb":{"@id":"https:\/\/kabinam.lt\/eng\/product\/raktu-pakabukas-believe-in-you\/#breadcrumb"},"inLanguage":"en-US","potentialAction":[{"@type":"ReadAction","target":["https:\/\/kabinam.lt\/eng\/product\/raktu-pakabukas-believe-in-you\/"]}]},{"@type":"ImageObject","inLanguage":"en-US","@id":"https:\/\/kabinam.lt\/eng\/product\/raktu-pakabukas-believe-in-you\/#primaryimage","url":"https:\/\/kabinam.lt\/wp-content\/uploads\/2025\/04\/20c0551f-4d87-4af4-8f39-488726f31f63.jpg","contentUrl":"https:\/\/kabinam.lt\/wp-content\/uploads\/2025\/04\/20c0551f-4d87-4af4-8f39-488726f31f63.jpg","width":800,"height":800,"caption":"Graviruotas \u012fkvepiantis rakt\u0173 pakabukas"},{"@type":"BreadcrumbList","@id":"https:\/\/kabinam.lt\/eng\/product\/raktu-pakabukas-believe-in-you\/#breadcrumb","itemListElement":[{"@type":"ListItem","position":1,"name":"Home","item":"https:\/\/kabinam.lt\/"},{"@type":"ListItem","position":2,"name":"Visi Produktai","item":"https:\/\/kabinam.lt\/visi-produktai\/"},{"@type":"ListItem","position":3,"name":"Rakt\u0173 pakabukas Believe in You \u2013 \u012fkvepianti dovana artimam \u017emogui"}]},{"@type":"WebSite","@id":"https:\/\/kabinam.lt\/#website","url":"https:\/\/kabinam.lt\/","name":"kabinam.lt","description":"Kabinam.lt - key chains and accessories","publisher":{"@id":"https:\/\/kabinam.lt\/#organization"},"alternateName":"pakabukai lt","potentialAction":[{"@type":"SearchAction","target":{"@type":"EntryPoint","urlTemplate":"https:\/\/kabinam.lt\/?s={search_term_string}"},"query-input":{"@type":"PropertyValueSpecification","valueRequired":true,"valueName":"search_term_string"}}],"inLanguage":"en-US"},{"@type":"Organization","@id":"https:\/\/kabinam.lt\/#organization","name":"kabinam.lt","alternateName":"kabinam","url":"https:\/\/kabinam.lt\/","logo":{"@type":"ImageObject","inLanguage":"en-US","@id":"https:\/\/kabinam.lt\/#\/schema\/logo\/image\/","url":"https:\/\/kabinam.lt\/wp-content\/uploads\/2025\/05\/KABINAM_outer_glow.png","contentUrl":"https:\/\/kabinam.lt\/wp-content\/uploads\/2025\/05\/KABINAM_outer_glow.png","width":474,"height":141,"caption":"kabinam.lt"},"image":{"@id":"https:\/\/kabinam.lt\/#\/schema\/logo\/image\/"}}]}},"uagb_featured_image_src":{"full":["https:\/\/kabinam.lt\/wp-content\/uploads\/2025\/04\/20c0551f-4d87-4af4-8f39-488726f31f63.jpg",800,800,false],"thumbnail":["https:\/\/kabinam.lt\/wp-content\/uploads\/2025\/04\/20c0551f-4d87-4af4-8f39-488726f31f63-150x150.jpg",150,150,true],"medium":["https:\/\/kabinam.lt\/wp-content\/uploads\/2025\/04\/20c0551f-4d87-4af4-8f39-488726f31f63-300x300.jpg",300,300,true],"medium_large":["https:\/\/kabinam.lt\/wp-content\/uploads\/2025\/04\/20c0551f-4d87-4af4-8f39-488726f31f63-768x768.jpg",768,768,true],"large":["https:\/\/kabinam.lt\/wp-content\/uploads\/2025\/04\/20c0551f-4d87-4af4-8f39-488726f31f63.jpg",800,800,false],"1536x1536":["https:\/\/kabinam.lt\/wp-content\/uploads\/2025\/04\/20c0551f-4d87-4af4-8f39-488726f31f63.jpg",800,800,false],"2048x2048":["https:\/\/kabinam.lt\/wp-content\/uploads\/2025\/04\/20c0551f-4d87-4af4-8f39-488726f31f63.jpg",800,800,false],"trp-custom-language-flag":["https:\/\/kabinam.lt\/wp-content\/uploads\/2025\/04\/20c0551f-4d87-4af4-8f39-488726f31f63.jpg",12,12,false],"woocommerce_thumbnail":["https:\/\/kabinam.lt\/wp-content\/uploads\/2025\/04\/20c0551f-4d87-4af4-8f39-488726f31f63-300x300.jpg",300,300,true],"woocommerce_single":["https:\/\/kabinam.lt\/wp-content\/uploads\/2025\/04\/20c0551f-4d87-4af4-8f39-488726f31f63-600x600.jpg",600,600,true],"woocommerce_gallery_thumbnail":["https:\/\/kabinam.lt\/wp-content\/uploads\/2025\/04\/20c0551f-4d87-4af4-8f39-488726f31f63-100x100.jpg",100,100,true]},"uagb_author_info":{"display_name":"kabinam.lt","author_link":"https:\/\/kabinam.lt\/eng\/author\/"},"uagb_comment_info":0,"uagb_excerpt":"\u012ekvepiantis rakt\u0173 pakabukas i\u0161 ner\u016bdijan\u010dio plieno su graviruotu u\u017era\u0161u. Puikus pasirinkimas dovanai artimam \u017emogui.","_links":{"self":[{"href":"https:\/\/kabinam.lt\/eng\/wp-json\/wp\/v2\/product\/3444","targetHints":{"allow":["GET"]}}],"collection":[{"href":"https:\/\/kabinam.lt\/eng\/wp-json\/wp\/v2\/product"}],"about":[{"href":"https:\/\/kabinam.lt\/eng\/wp-json\/wp\/v2\/types\/product"}],"replies":[{"embeddable":true,"href":"https:\/\/kabinam.lt\/eng\/wp-json\/wp\/v2\/comments?post=3444"}],"wp:featuredmedia":[{"embeddable":true,"href":"https:\/\/kabinam.lt\/eng\/wp-json\/wp\/v2\/media\/3445"}],"wp:attachment":[{"href":"https:\/\/kabinam.lt\/eng\/wp-json\/wp\/v2\/media?parent=3444"}],"wp:term":[{"taxonomy":"product_brand","embeddable":true,"href":"https:\/\/kabinam.lt\/eng\/wp-json\/wp\/v2\/product_brand?post=3444"},{"taxonomy":"product_cat","embeddable":true,"href":"https:\/\/kabinam.lt\/eng\/wp-json\/wp\/v2\/product_cat?post=3444"},{"taxonomy":"product_tag","embeddable":true,"href":"https:\/\/kabinam.lt\/eng\/wp-json\/wp\/v2\/product_tag?post=3444"}],"curies":[{"name":"wp","href":"https:\/\/api.w.org\/{rel}","templated":true}]}}