{"id":3433,"date":"2025-04-17T21:03:01","date_gmt":"2025-04-17T19:03:01","guid":{"rendered":"https:\/\/kabinam.lt\/?post_type=product&#038;p=3433"},"modified":"2026-01-06T13:00:01","modified_gmt":"2026-01-06T11:00:01","slug":"magnetic-key-rings-for-couples","status":"publish","type":"product","link":"https:\/\/kabinam.lt\/eng\/product\/raktu-pakabukai-poroms-magnetiniai-meskiukai\/","title":{"rendered":"Couples keyrings - magnetic teddy bears for close bonding"},"content":{"rendered":"<div class=\"kk-star-ratings kksr-auto kksr-align-left kksr-valign-top\"\n    data-payload='{&quot;align&quot;:&quot;left&quot;,&quot;id&quot;:&quot;3433&quot;,&quot;slug&quot;:&quot;default&quot;,&quot;valign&quot;:&quot;top&quot;,&quot;ignore&quot;:&quot;&quot;,&quot;reference&quot;:&quot;auto&quot;,&quot;class&quot;:&quot;&quot;,&quot;count&quot;:&quot;0&quot;,&quot;legendonly&quot;:&quot;&quot;,&quot;readonly&quot;:&quot;&quot;,&quot;score&quot;:&quot;0&quot;,&quot;starsonly&quot;:&quot;&quot;,&quot;best&quot;:&quot;5&quot;,&quot;gap&quot;:&quot;5&quot;,&quot;greet&quot;:&quot;Mums svarbus j\u016bs\u0173 \u012fvertinimas&quot;,&quot;legend&quot;:&quot;0\\\/5 - (0 votes)&quot;,&quot;size&quot;:&quot;24&quot;,&quot;title&quot;:&quot;Rakt\u0173 pakabukai poroms \u2013 magnetiniai me\u0161kiukai artimam ry\u0161iui&quot;,&quot;width&quot;:&quot;0&quot;,&quot;_legend&quot;:&quot;{score}\\\/{best} - ({count} {votes})&quot;,&quot;font_factor&quot;:&quot;1.25&quot;}'>\n            \n<div class=\"kksr-stars\">\n    \n<div class=\"kksr-stars-inactive\">\n            <div class=\"kksr-star\" data-star=\"1\" style=\"padding-right: 5px\">\n            \n\n<div class=\"kksr-icon\" style=\"width: 24px; height: 24px;\"><\/div>\n        <\/div>\n            <div class=\"kksr-star\" data-star=\"2\" style=\"padding-right: 5px\">\n            \n\n<div class=\"kksr-icon\" style=\"width: 24px; height: 24px;\"><\/div>\n        <\/div>\n            <div class=\"kksr-star\" data-star=\"3\" style=\"padding-right: 5px\">\n            \n\n<div class=\"kksr-icon\" style=\"width: 24px; height: 24px;\"><\/div>\n        <\/div>\n            <div class=\"kksr-star\" data-star=\"4\" style=\"padding-right: 5px\">\n            \n\n<div class=\"kksr-icon\" style=\"width: 24px; height: 24px;\"><\/div>\n        <\/div>\n            <div class=\"kksr-star\" data-star=\"5\" style=\"padding-right: 5px\">\n            \n\n<div class=\"kksr-icon\" style=\"width: 24px; height: 24px;\"><\/div>\n        <\/div>\n    <\/div>\n    \n<div class=\"kksr-stars-active\" style=\"width: 0px;\">\n            <div class=\"kksr-star\" style=\"padding-right: 5px\">\n            \n\n<div class=\"kksr-icon\" style=\"width: 24px; height: 24px;\"><\/div>\n        <\/div>\n            <div class=\"kksr-star\" style=\"padding-right: 5px\">\n            \n\n<div class=\"kksr-icon\" style=\"width: 24px; height: 24px;\"><\/div>\n        <\/div>\n            <div class=\"kksr-star\" style=\"padding-right: 5px\">\n            \n\n<div class=\"kksr-icon\" style=\"width: 24px; height: 24px;\"><\/div>\n        <\/div>\n            <div class=\"kksr-star\" style=\"padding-right: 5px\">\n            \n\n<div class=\"kksr-icon\" style=\"width: 24px; height: 24px;\"><\/div>\n        <\/div>\n            <div class=\"kksr-star\" style=\"padding-right: 5px\">\n            \n\n<div class=\"kksr-icon\" style=\"width: 24px; height: 24px;\"><\/div>\n        <\/div>\n    <\/div>\n<\/div>\n                \n\n<div class=\"kksr-legend\" style=\"font-size: 19.2px;\">\n            <span class=\"kksr-muted\">Your evaluation is important to us<\/span>\n    <\/div>\n    <\/div>\n<h4 class=\"\" data-start=\"129\" data-end=\"197\">Pair of teddy bears keyrings - the ideal gift for a loved one<\/h4>\n<p class=\"\" data-start=\"199\" data-end=\"508\">Looking for a cute accent to symbolise love or friendship? These <strong data-start=\"264\" data-end=\"290\">keyrings for couples<\/strong> - two magnetic bears that connect to each other, like a reminder that even when you're far away, your bond remains strong. This gift is perfect for a couple, best friends or immediate family.<\/p>\n<p class=\"\" data-start=\"510\" data-end=\"692\">Made of sturdy materials, these pendants are not only charming but also durable. They can be attached to your car, motorcycle or house keys, as well as to your backpack or even your belt loop.<\/p>\n<hr class=\"\" data-start=\"694\" data-end=\"697\" \/>\n<h4 class=\"\" data-start=\"699\" data-end=\"756\">Couples' keyrings - the symbol that connects hearts<\/h4>\n<p class=\"\" data-start=\"758\" data-end=\"1013\">A magnetic connector on the teddy bears' paws allows the pendants to snap together. It is a small but meaningful gesture that can be worn every day. <strong data-start=\"892\" data-end=\"918\">Couples keyrings<\/strong> often becomes a sentimental gift that lovers or long-time friends are happy to choose.<\/p>\n<p class=\"\" data-start=\"1015\" data-end=\"1221\">If you're interested in how gifts help strengthen relationships, you can read more about it in this <a target=\"_new\" rel=\"noopener\" data-start=\"1109\" data-end=\"1220\">Vogue article on the power of symbolic gifts<\/a>.<\/p>\n<hr class=\"\" data-start=\"1223\" data-end=\"1226\" \/>\n<h4 class=\"\" data-start=\"1228\" data-end=\"1271\">A meaningful gift for the people closest to you<\/h4>\n<p class=\"\" data-start=\"1273\" data-end=\"1557\">These magnetic keyrings are not just an accessory, but also an emotional symbol. They are perfect as a gift for Valentine's Day, an anniversary, a birthday or even Christmas. Choose these teddy bears if you want to show that you value the connection with someone - because even the smallest details create closeness.<\/p>\n<hr class=\"\" data-start=\"1559\" data-end=\"1562\" \/>\n<h4 class=\"\" data-start=\"1564\" data-end=\"1601\">Discover more unique pendants<\/h4>\n<p class=\"\" data-start=\"1603\" data-end=\"1909\">If you like this model, take a look around our <a target=\"_new\" rel=\"noopener\" data-start=\"1658\" data-end=\"1755\">a category of unique pendants<\/a> and <a target=\"_new\" rel=\"noopener\" data-start=\"1759\" data-end=\"1859\">the most popular products<\/a>. Discover sentimental and exclusive choices!<\/p>","protected":false},"excerpt":{"rendered":"<p>Cute magnetic keyrings for couples - a pair of teddy bears that symbolise a close, inseparable bond.<\/p>","protected":false},"featured_media":3435,"comment_status":"closed","ping_status":"closed","template":"","meta":{"_uag_custom_page_level_css":"","site-sidebar-layout":"default","site-content-layout":"","ast-site-content-layout":"default","site-content-style":"default","site-sidebar-style":"default","ast-global-header-display":"","ast-banner-title-visibility":"","ast-main-header-display":"","ast-hfb-above-header-display":"","ast-hfb-below-header-display":"","ast-hfb-mobile-header-display":"","site-post-title":"","ast-breadcrumbs-content":"","ast-featured-img":"","footer-sml-layout":"","ast-disable-related-posts":"","theme-transparent-header-meta":"default","adv-header-id-meta":"","stick-header-meta":"","header-above-stick-meta":"","header-main-stick-meta":"","header-below-stick-meta":"","astra-migrate-meta-layouts":"set","ast-page-background-enabled":"default","ast-page-background-meta":{"desktop":{"background-color":"var(--ast-global-color-4)","background-image":"","background-repeat":"repeat","background-position":"center center","background-size":"auto","background-attachment":"scroll","background-type":"","background-media":"","overlay-type":"","overlay-color":"","overlay-opacity":"","overlay-gradient":""},"tablet":{"background-color":"","background-image":"","background-repeat":"repeat","background-position":"center center","background-size":"auto","background-attachment":"scroll","background-type":"","background-media":"","overlay-type":"","overlay-color":"","overlay-opacity":"","overlay-gradient":""},"mobile":{"background-color":"","background-image":"","background-repeat":"repeat","background-position":"center center","background-size":"auto","background-attachment":"scroll","background-type":"","background-media":"","overlay-type":"","overlay-color":"","overlay-opacity":"","overlay-gradient":""}},"ast-content-background-meta":{"desktop":{"background-color":"var(--ast-global-color-5)","background-image":"","background-repeat":"repeat","background-position":"center center","background-size":"auto","background-attachment":"scroll","background-type":"","background-media":"","overlay-type":"","overlay-color":"","overlay-opacity":"","overlay-gradient":""},"tablet":{"background-color":"var(--ast-global-color-5)","background-image":"","background-repeat":"repeat","background-position":"center center","background-size":"auto","background-attachment":"scroll","background-type":"","background-media":"","overlay-type":"","overlay-color":"","overlay-opacity":"","overlay-gradient":""},"mobile":{"background-color":"var(--ast-global-color-5)","background-image":"","background-repeat":"repeat","background-position":"center center","background-size":"auto","background-attachment":"scroll","background-type":"","background-media":"","overlay-type":"","overlay-color":"","overlay-opacity":"","overlay-gradient":""}}},"product_brand":[],"product_cat":[125,126,95,118,92],"product_tag":[],"class_list":{"0":"post-3433","1":"product","2":"type-product","3":"status-publish","4":"has-post-thumbnail","6":"product_cat-halloween","7":"product_cat-visi","8":"product_cat-unikalus-raktu-pakabukai","9":"product_cat-dovana-teciui","10":"product_cat-populiariausiu-produktu-kategorija","11":"desktop-align-center","12":"tablet-align-left","13":"mobile-align-left","15":"first","16":"outofstock","17":"shipping-taxable","18":"purchasable","19":"product-type-simple"},"yoast_head":"<!-- This site is optimized with the Yoast SEO plugin v27.1.1 - https:\/\/yoast.com\/product\/yoast-seo-wordpress\/ -->\n<title>Rakt\u0173 pakabukai poroms \u2013 magnetiniai me\u0161kiukai artimam ry\u0161iui - kabinam.lt<\/title>\n<meta name=\"description\" content=\"Magnetiniai rakt\u0173 pakabukai poroms \u2013 mieli me\u0161kiukai, susijungiantys magnetu. Simbolis meil\u0117s, draugyst\u0117s ir artimo ry\u0161io.\" \/>\n<meta name=\"robots\" content=\"index, follow, max-snippet:-1, max-image-preview:large, max-video-preview:-1\" \/>\n<link rel=\"canonical\" href=\"https:\/\/kabinam.lt\/eng\/product\/magnetic-key-rings-for-couples\/\" \/>\n<meta property=\"og:locale\" content=\"en_US\" \/>\n<meta property=\"og:type\" content=\"article\" \/>\n<meta property=\"og:title\" content=\"Rakt\u0173 pakabukai poroms \u2013 magnetiniai me\u0161kiukai artimam ry\u0161iui - kabinam.lt\" \/>\n<meta property=\"og:description\" content=\"Magnetiniai rakt\u0173 pakabukai poroms \u2013 mieli me\u0161kiukai, susijungiantys magnetu. Simbolis meil\u0117s, draugyst\u0117s ir artimo ry\u0161io.\" \/>\n<meta property=\"og:url\" content=\"https:\/\/kabinam.lt\/eng\/product\/magnetic-key-rings-for-couples\/\" \/>\n<meta property=\"og:site_name\" content=\"kabinam.lt\" \/>\n<meta property=\"article:modified_time\" content=\"2026-01-06T11:00:01+00:00\" \/>\n<meta property=\"og:image\" content=\"https:\/\/kabinam.lt\/wp-content\/uploads\/2025\/04\/dd2fd9bb-74dd-4a82-87dc-c78b15fc7584.webp\" \/>\n\t<meta property=\"og:image:width\" content=\"800\" \/>\n\t<meta property=\"og:image:height\" content=\"800\" \/>\n\t<meta property=\"og:image:type\" content=\"image\/webp\" \/>\n<meta name=\"twitter:card\" content=\"summary_large_image\" \/>\n<meta name=\"twitter:label1\" content=\"Est. reading time\" \/>\n\t<meta name=\"twitter:data1\" content=\"2 minutes\" \/>\n<script type=\"application\/ld+json\" class=\"yoast-schema-graph\">{\"@context\":\"https:\/\/schema.org\",\"@graph\":[{\"@type\":[\"WebPage\",\"ItemPage\"],\"@id\":\"https:\/\/kabinam.lt\/lt\/product\/raktu-pakabukai-poroms-magnetiniai-meskiukai\/\",\"url\":\"https:\/\/kabinam.lt\/lt\/product\/raktu-pakabukai-poroms-magnetiniai-meskiukai\/\",\"name\":\"Rakt\u0173 pakabukai poroms \u2013 magnetiniai me\u0161kiukai artimam ry\u0161iui - kabinam.lt\",\"isPartOf\":{\"@id\":\"https:\/\/kabinam.lt\/#website\"},\"primaryImageOfPage\":{\"@id\":\"https:\/\/kabinam.lt\/lt\/product\/raktu-pakabukai-poroms-magnetiniai-meskiukai\/#primaryimage\"},\"image\":{\"@id\":\"https:\/\/kabinam.lt\/lt\/product\/raktu-pakabukai-poroms-magnetiniai-meskiukai\/#primaryimage\"},\"thumbnailUrl\":\"https:\/\/kabinam.lt\/wp-content\/uploads\/2025\/04\/dd2fd9bb-74dd-4a82-87dc-c78b15fc7584.webp\",\"datePublished\":\"2025-04-17T19:03:01+00:00\",\"dateModified\":\"2026-01-06T11:00:01+00:00\",\"description\":\"Magnetiniai rakt\u0173 pakabukai poroms \u2013 mieli me\u0161kiukai, susijungiantys magnetu. Simbolis meil\u0117s, draugyst\u0117s ir artimo ry\u0161io.\",\"breadcrumb\":{\"@id\":\"https:\/\/kabinam.lt\/lt\/product\/raktu-pakabukai-poroms-magnetiniai-meskiukai\/#breadcrumb\"},\"inLanguage\":\"en-US\",\"potentialAction\":[{\"@type\":\"ReadAction\",\"target\":[\"https:\/\/kabinam.lt\/lt\/product\/raktu-pakabukai-poroms-magnetiniai-meskiukai\/\"]}]},{\"@type\":\"ImageObject\",\"inLanguage\":\"en-US\",\"@id\":\"https:\/\/kabinam.lt\/lt\/product\/raktu-pakabukai-poroms-magnetiniai-meskiukai\/#primaryimage\",\"url\":\"https:\/\/kabinam.lt\/wp-content\/uploads\/2025\/04\/dd2fd9bb-74dd-4a82-87dc-c78b15fc7584.webp\",\"contentUrl\":\"https:\/\/kabinam.lt\/wp-content\/uploads\/2025\/04\/dd2fd9bb-74dd-4a82-87dc-c78b15fc7584.webp\",\"width\":800,\"height\":800,\"caption\":\"Magnetiniai rakt\u0173 pakabukai \u2013 me\u0161kiuk\u0173 pora\"},{\"@type\":\"BreadcrumbList\",\"@id\":\"https:\/\/kabinam.lt\/lt\/product\/raktu-pakabukai-poroms-magnetiniai-meskiukai\/#breadcrumb\",\"itemListElement\":[{\"@type\":\"ListItem\",\"position\":1,\"name\":\"Home\",\"item\":\"https:\/\/kabinam.lt\/\"},{\"@type\":\"ListItem\",\"position\":2,\"name\":\"Visi Produktai\",\"item\":\"https:\/\/kabinam.lt\/visi-produktai\/\"},{\"@type\":\"ListItem\",\"position\":3,\"name\":\"Rakt\u0173 pakabukai poroms \u2013 magnetiniai me\u0161kiukai artimam ry\u0161iui\"}]},{\"@type\":\"WebSite\",\"@id\":\"https:\/\/kabinam.lt\/#website\",\"url\":\"https:\/\/kabinam.lt\/\",\"name\":\"kabinam.lt\",\"description\":\"Kabinam.lt \u2013 raktu pakabukai ir aksesuarai\",\"publisher\":{\"@id\":\"https:\/\/kabinam.lt\/#organization\"},\"alternateName\":\"pakabukai lt\",\"potentialAction\":[{\"@type\":\"SearchAction\",\"target\":{\"@type\":\"EntryPoint\",\"urlTemplate\":\"https:\/\/kabinam.lt\/?s={search_term_string}\"},\"query-input\":{\"@type\":\"PropertyValueSpecification\",\"valueRequired\":true,\"valueName\":\"search_term_string\"}}],\"inLanguage\":\"en-US\"},{\"@type\":\"Organization\",\"@id\":\"https:\/\/kabinam.lt\/#organization\",\"name\":\"kabinam.lt\",\"alternateName\":\"kabinam\",\"url\":\"https:\/\/kabinam.lt\/\",\"logo\":{\"@type\":\"ImageObject\",\"inLanguage\":\"en-US\",\"@id\":\"https:\/\/kabinam.lt\/#\/schema\/logo\/image\/\",\"url\":\"https:\/\/kabinam.lt\/wp-content\/uploads\/2025\/05\/KABINAM_outer_glow.png\",\"contentUrl\":\"https:\/\/kabinam.lt\/wp-content\/uploads\/2025\/05\/KABINAM_outer_glow.png\",\"width\":474,\"height\":141,\"caption\":\"kabinam.lt\"},\"image\":{\"@id\":\"https:\/\/kabinam.lt\/#\/schema\/logo\/image\/\"}}]}<\/script>\n<!-- \/ Yoast SEO plugin. -->","yoast_head_json":{"title":"Key chains for couples - magnetic teddy bears for close contact - kabinam.lt","description":"Magnetic keyrings for couples - cute teddy bears connected by a magnet. A symbol of love, friendship and closeness.","robots":{"index":"index","follow":"follow","max-snippet":"max-snippet:-1","max-image-preview":"max-image-preview:large","max-video-preview":"max-video-preview:-1"},"canonical":"https:\/\/kabinam.lt\/eng\/product\/magnetic-key-rings-for-couples\/","og_locale":"en_US","og_type":"article","og_title":"Rakt\u0173 pakabukai poroms \u2013 magnetiniai me\u0161kiukai artimam ry\u0161iui - kabinam.lt","og_description":"Magnetiniai rakt\u0173 pakabukai poroms \u2013 mieli me\u0161kiukai, susijungiantys magnetu. Simbolis meil\u0117s, draugyst\u0117s ir artimo ry\u0161io.","og_url":"https:\/\/kabinam.lt\/eng\/product\/magnetic-key-rings-for-couples\/","og_site_name":"kabinam.lt","article_modified_time":"2026-01-06T11:00:01+00:00","og_image":[{"width":800,"height":800,"url":"https:\/\/kabinam.lt\/wp-content\/uploads\/2025\/04\/dd2fd9bb-74dd-4a82-87dc-c78b15fc7584.webp","type":"image\/webp"}],"twitter_card":"summary_large_image","twitter_misc":{"Est. reading time":"2 minutes"},"schema":{"@context":"https:\/\/schema.org","@graph":[{"@type":["WebPage","ItemPage"],"@id":"https:\/\/kabinam.lt\/lt\/product\/raktu-pakabukai-poroms-magnetiniai-meskiukai\/","url":"https:\/\/kabinam.lt\/lt\/product\/raktu-pakabukai-poroms-magnetiniai-meskiukai\/","name":"Key chains for couples - magnetic teddy bears for close contact - kabinam.lt","isPartOf":{"@id":"https:\/\/kabinam.lt\/#website"},"primaryImageOfPage":{"@id":"https:\/\/kabinam.lt\/lt\/product\/raktu-pakabukai-poroms-magnetiniai-meskiukai\/#primaryimage"},"image":{"@id":"https:\/\/kabinam.lt\/lt\/product\/raktu-pakabukai-poroms-magnetiniai-meskiukai\/#primaryimage"},"thumbnailUrl":"https:\/\/kabinam.lt\/wp-content\/uploads\/2025\/04\/dd2fd9bb-74dd-4a82-87dc-c78b15fc7584.webp","datePublished":"2025-04-17T19:03:01+00:00","dateModified":"2026-01-06T11:00:01+00:00","description":"Magnetic keyrings for couples - cute teddy bears connected by a magnet. A symbol of love, friendship and closeness.","breadcrumb":{"@id":"https:\/\/kabinam.lt\/lt\/product\/raktu-pakabukai-poroms-magnetiniai-meskiukai\/#breadcrumb"},"inLanguage":"en-US","potentialAction":[{"@type":"ReadAction","target":["https:\/\/kabinam.lt\/lt\/product\/raktu-pakabukai-poroms-magnetiniai-meskiukai\/"]}]},{"@type":"ImageObject","inLanguage":"en-US","@id":"https:\/\/kabinam.lt\/lt\/product\/raktu-pakabukai-poroms-magnetiniai-meskiukai\/#primaryimage","url":"https:\/\/kabinam.lt\/wp-content\/uploads\/2025\/04\/dd2fd9bb-74dd-4a82-87dc-c78b15fc7584.webp","contentUrl":"https:\/\/kabinam.lt\/wp-content\/uploads\/2025\/04\/dd2fd9bb-74dd-4a82-87dc-c78b15fc7584.webp","width":800,"height":800,"caption":"Magnetiniai rakt\u0173 pakabukai \u2013 me\u0161kiuk\u0173 pora"},{"@type":"BreadcrumbList","@id":"https:\/\/kabinam.lt\/lt\/product\/raktu-pakabukai-poroms-magnetiniai-meskiukai\/#breadcrumb","itemListElement":[{"@type":"ListItem","position":1,"name":"Home","item":"https:\/\/kabinam.lt\/"},{"@type":"ListItem","position":2,"name":"Visi Produktai","item":"https:\/\/kabinam.lt\/visi-produktai\/"},{"@type":"ListItem","position":3,"name":"Rakt\u0173 pakabukai poroms \u2013 magnetiniai me\u0161kiukai artimam ry\u0161iui"}]},{"@type":"WebSite","@id":"https:\/\/kabinam.lt\/#website","url":"https:\/\/kabinam.lt\/","name":"kabinam.lt","description":"Kabinam.lt - key chains and accessories","publisher":{"@id":"https:\/\/kabinam.lt\/#organization"},"alternateName":"pakabukai lt","potentialAction":[{"@type":"SearchAction","target":{"@type":"EntryPoint","urlTemplate":"https:\/\/kabinam.lt\/?s={search_term_string}"},"query-input":{"@type":"PropertyValueSpecification","valueRequired":true,"valueName":"search_term_string"}}],"inLanguage":"en-US"},{"@type":"Organization","@id":"https:\/\/kabinam.lt\/#organization","name":"kabinam.lt","alternateName":"kabinam","url":"https:\/\/kabinam.lt\/","logo":{"@type":"ImageObject","inLanguage":"en-US","@id":"https:\/\/kabinam.lt\/#\/schema\/logo\/image\/","url":"https:\/\/kabinam.lt\/wp-content\/uploads\/2025\/05\/KABINAM_outer_glow.png","contentUrl":"https:\/\/kabinam.lt\/wp-content\/uploads\/2025\/05\/KABINAM_outer_glow.png","width":474,"height":141,"caption":"kabinam.lt"},"image":{"@id":"https:\/\/kabinam.lt\/#\/schema\/logo\/image\/"}}]}},"uagb_featured_image_src":{"full":["https:\/\/kabinam.lt\/wp-content\/uploads\/2025\/04\/dd2fd9bb-74dd-4a82-87dc-c78b15fc7584.webp",800,800,false],"thumbnail":["https:\/\/kabinam.lt\/wp-content\/uploads\/2025\/04\/dd2fd9bb-74dd-4a82-87dc-c78b15fc7584-150x150.webp",150,150,true],"medium":["https:\/\/kabinam.lt\/wp-content\/uploads\/2025\/04\/dd2fd9bb-74dd-4a82-87dc-c78b15fc7584-300x300.webp",300,300,true],"medium_large":["https:\/\/kabinam.lt\/wp-content\/uploads\/2025\/04\/dd2fd9bb-74dd-4a82-87dc-c78b15fc7584-768x768.webp",768,768,true],"large":["https:\/\/kabinam.lt\/wp-content\/uploads\/2025\/04\/dd2fd9bb-74dd-4a82-87dc-c78b15fc7584.webp",800,800,false],"1536x1536":["https:\/\/kabinam.lt\/wp-content\/uploads\/2025\/04\/dd2fd9bb-74dd-4a82-87dc-c78b15fc7584.webp",800,800,false],"2048x2048":["https:\/\/kabinam.lt\/wp-content\/uploads\/2025\/04\/dd2fd9bb-74dd-4a82-87dc-c78b15fc7584.webp",800,800,false],"trp-custom-language-flag":["https:\/\/kabinam.lt\/wp-content\/uploads\/2025\/04\/dd2fd9bb-74dd-4a82-87dc-c78b15fc7584.webp",12,12,false],"woocommerce_thumbnail":["https:\/\/kabinam.lt\/wp-content\/uploads\/2025\/04\/dd2fd9bb-74dd-4a82-87dc-c78b15fc7584-300x300.webp",300,300,true],"woocommerce_single":["https:\/\/kabinam.lt\/wp-content\/uploads\/2025\/04\/dd2fd9bb-74dd-4a82-87dc-c78b15fc7584-600x600.webp",600,600,true],"woocommerce_gallery_thumbnail":["https:\/\/kabinam.lt\/wp-content\/uploads\/2025\/04\/dd2fd9bb-74dd-4a82-87dc-c78b15fc7584-100x100.webp",100,100,true]},"uagb_author_info":{"display_name":"kabinam.lt","author_link":"https:\/\/kabinam.lt\/eng\/author\/"},"uagb_comment_info":0,"uagb_excerpt":"Mieli magnetiniai rakt\u0173 pakabukai poroms \u2013 me\u0161kiuk\u0173 pora, kuri simbolizuoja artim\u0105, nei\u0161skiriam\u0105 ry\u0161\u012f.","_links":{"self":[{"href":"https:\/\/kabinam.lt\/eng\/wp-json\/wp\/v2\/product\/3433","targetHints":{"allow":["GET"]}}],"collection":[{"href":"https:\/\/kabinam.lt\/eng\/wp-json\/wp\/v2\/product"}],"about":[{"href":"https:\/\/kabinam.lt\/eng\/wp-json\/wp\/v2\/types\/product"}],"replies":[{"embeddable":true,"href":"https:\/\/kabinam.lt\/eng\/wp-json\/wp\/v2\/comments?post=3433"}],"wp:featuredmedia":[{"embeddable":true,"href":"https:\/\/kabinam.lt\/eng\/wp-json\/wp\/v2\/media\/3435"}],"wp:attachment":[{"href":"https:\/\/kabinam.lt\/eng\/wp-json\/wp\/v2\/media?parent=3433"}],"wp:term":[{"taxonomy":"product_brand","embeddable":true,"href":"https:\/\/kabinam.lt\/eng\/wp-json\/wp\/v2\/product_brand?post=3433"},{"taxonomy":"product_cat","embeddable":true,"href":"https:\/\/kabinam.lt\/eng\/wp-json\/wp\/v2\/product_cat?post=3433"},{"taxonomy":"product_tag","embeddable":true,"href":"https:\/\/kabinam.lt\/eng\/wp-json\/wp\/v2\/product_tag?post=3433"}],"curies":[{"name":"wp","href":"https:\/\/api.w.org\/{rel}","templated":true}]}}