{"id":3430,"date":"2025-04-17T20:50:48","date_gmt":"2025-04-17T18:50:48","guid":{"rendered":"https:\/\/kabinam.lt\/?post_type=product&#038;p=3430"},"modified":"2026-01-03T18:47:23","modified_gmt":"2026-01-03T16:47:23","slug":"keyring-for-motorcycle-keys-ride-to-live","status":"publish","type":"product","link":"https:\/\/kabinam.lt\/eng\/product\/pakabukas-moto-raktams-ride-to-live\/","title":{"rendered":"Stylish moto key fob - Ride to Live"},"content":{"rendered":"<div class=\"kk-star-ratings kksr-auto kksr-align-left kksr-valign-top\"\n    data-payload='{&quot;align&quot;:&quot;left&quot;,&quot;id&quot;:&quot;3430&quot;,&quot;slug&quot;:&quot;default&quot;,&quot;valign&quot;:&quot;top&quot;,&quot;ignore&quot;:&quot;&quot;,&quot;reference&quot;:&quot;auto&quot;,&quot;class&quot;:&quot;&quot;,&quot;count&quot;:&quot;0&quot;,&quot;legendonly&quot;:&quot;&quot;,&quot;readonly&quot;:&quot;&quot;,&quot;score&quot;:&quot;0&quot;,&quot;starsonly&quot;:&quot;&quot;,&quot;best&quot;:&quot;5&quot;,&quot;gap&quot;:&quot;5&quot;,&quot;greet&quot;:&quot;Mums svarbus j\u016bs\u0173 \u012fvertinimas&quot;,&quot;legend&quot;:&quot;0\\\/5 - (0 votes)&quot;,&quot;size&quot;:&quot;24&quot;,&quot;title&quot;:&quot;Stilingas pakabukas moto raktams \u2013 Ride to Live&quot;,&quot;width&quot;:&quot;0&quot;,&quot;_legend&quot;:&quot;{score}\\\/{best} - ({count} {votes})&quot;,&quot;font_factor&quot;:&quot;1.25&quot;}'>\n            \n<div class=\"kksr-stars\">\n    \n<div class=\"kksr-stars-inactive\">\n            <div class=\"kksr-star\" data-star=\"1\" style=\"padding-right: 5px\">\n            \n\n<div class=\"kksr-icon\" style=\"width: 24px; height: 24px;\"><\/div>\n        <\/div>\n            <div class=\"kksr-star\" data-star=\"2\" style=\"padding-right: 5px\">\n            \n\n<div class=\"kksr-icon\" style=\"width: 24px; height: 24px;\"><\/div>\n        <\/div>\n            <div class=\"kksr-star\" data-star=\"3\" style=\"padding-right: 5px\">\n            \n\n<div class=\"kksr-icon\" style=\"width: 24px; height: 24px;\"><\/div>\n        <\/div>\n            <div class=\"kksr-star\" data-star=\"4\" style=\"padding-right: 5px\">\n            \n\n<div class=\"kksr-icon\" style=\"width: 24px; height: 24px;\"><\/div>\n        <\/div>\n            <div class=\"kksr-star\" data-star=\"5\" style=\"padding-right: 5px\">\n            \n\n<div class=\"kksr-icon\" style=\"width: 24px; height: 24px;\"><\/div>\n        <\/div>\n    <\/div>\n    \n<div class=\"kksr-stars-active\" style=\"width: 0px;\">\n            <div class=\"kksr-star\" style=\"padding-right: 5px\">\n            \n\n<div class=\"kksr-icon\" style=\"width: 24px; height: 24px;\"><\/div>\n        <\/div>\n            <div class=\"kksr-star\" style=\"padding-right: 5px\">\n            \n\n<div class=\"kksr-icon\" style=\"width: 24px; height: 24px;\"><\/div>\n        <\/div>\n            <div class=\"kksr-star\" style=\"padding-right: 5px\">\n            \n\n<div class=\"kksr-icon\" style=\"width: 24px; height: 24px;\"><\/div>\n        <\/div>\n            <div class=\"kksr-star\" style=\"padding-right: 5px\">\n            \n\n<div class=\"kksr-icon\" style=\"width: 24px; height: 24px;\"><\/div>\n        <\/div>\n            <div class=\"kksr-star\" style=\"padding-right: 5px\">\n            \n\n<div class=\"kksr-icon\" style=\"width: 24px; height: 24px;\"><\/div>\n        <\/div>\n    <\/div>\n<\/div>\n                \n\n<div class=\"kksr-legend\" style=\"font-size: 19.2px;\">\n            <span class=\"kksr-muted\">Your evaluation is important to us<\/span>\n    <\/div>\n    <\/div>\n<h4 class=\"\" data-start=\"210\" data-end=\"253\">Motorcycle pendant with a message about life<\/h4>\n<p class=\"\" data-start=\"255\" data-end=\"553\"><strong data-start=\"255\" data-end=\"294\">Keyring for motorcycle keys Ride to Live, Live to Ride <\/strong>\u2013 it's more than just an accessory. It's a statement. It's a small but powerful reminder of freedom, speed, and the joy of life on two wheels. The black fabric pendant with white \u201eRide to Live\u201c lettering is perfect for anyone who lives by this principle.<\/p>\n<p class=\"\" data-start=\"555\" data-end=\"754\">The minimalist design complements any motorcycle style, from sporty to classic. The striking yet uncluttered appearance ensures that the pendant is not only practical but also aesthetically appealing.<\/p>\n<hr class=\"\" data-start=\"756\" data-end=\"759\">\n<h4 class=\"\" data-start=\"761\" data-end=\"803\">Comfort and durability \u2013 always at your side<\/h4>\n<p class=\"\" data-start=\"805\" data-end=\"1099\">This motorcycle key ring is made of durable material that will not wear out even after prolonged use. It does not scratch the surface of the motorcycle, making it ideal for storing with your keys. The sturdy metal ring ensures that the key ring can be conveniently attached to your keys, backpack, or even a zipper.<\/p>\n<p class=\"\" data-start=\"1101\" data-end=\"1228\">It is not only a practical accessory, but also a functional detail in your everyday life \u2013 always at hand, easily noticeable, and reliable.<\/p>\n<hr class=\"\" data-start=\"1230\" data-end=\"1233\">\n<h4 class=\"\" data-start=\"1235\" data-end=\"1290\">A gift for yourself or a friend traveling with you<\/h4>\n<p class=\"\" data-start=\"1292\" data-end=\"1533\">Looking for a unique gift for a motorcyclist? This pendant is the perfect choice. It is a personal, stylish, and timeless gift that expresses a passion for riding and living life to the fullest. \u201eRide to Live\u201c is not just a slogan, it is a philosophy.<\/p>\n<p class=\"\" data-start=\"1535\" data-end=\"1739\">You can read more about how accessories help express personality in this article. <a target=\"_new\" rel=\"noopener\" data-start=\"1618\" data-end=\"1738\" href=\"\">Vogue article on the importance of style details<\/a>.<\/p>\n<hr class=\"\" data-start=\"1741\" data-end=\"1744\">\n<h4 class=\"\" data-start=\"1746\" data-end=\"1796\">More motorcycle style accents for your collection<\/h4>\n<p class=\"\" data-start=\"1798\" data-end=\"2033\">If you liked this pendant, be sure to check out our entire <a target=\"_new\" rel=\"noopener\" data-start=\"1853\" data-end=\"1953\" href=\"\">a collection of motorcycle keyrings<\/a>. Here you will find more exclusive designs that reflect your motto lifestyle.<\/p>","protected":false},"excerpt":{"rendered":"<p>A fabric keyring for motorcycle keys with the slogan \u201eRide to Live\u201c \u2013 an exclusive accessory for true motorcycle enthusiasts.<\/p>","protected":false},"featured_media":3431,"comment_status":"closed","ping_status":"closed","template":"","meta":{"_uag_custom_page_level_css":"","site-sidebar-layout":"default","site-content-layout":"","ast-site-content-layout":"default","site-content-style":"default","site-sidebar-style":"default","ast-global-header-display":"","ast-banner-title-visibility":"","ast-main-header-display":"","ast-hfb-above-header-display":"","ast-hfb-below-header-display":"","ast-hfb-mobile-header-display":"","site-post-title":"","ast-breadcrumbs-content":"","ast-featured-img":"","footer-sml-layout":"","ast-disable-related-posts":"","theme-transparent-header-meta":"default","adv-header-id-meta":"","stick-header-meta":"","header-above-stick-meta":"","header-main-stick-meta":"","header-below-stick-meta":"","astra-migrate-meta-layouts":"set","ast-page-background-enabled":"default","ast-page-background-meta":{"desktop":{"background-color":"var(--ast-global-color-4)","background-image":"","background-repeat":"repeat","background-position":"center center","background-size":"auto","background-attachment":"scroll","background-type":"","background-media":"","overlay-type":"","overlay-color":"","overlay-opacity":"","overlay-gradient":""},"tablet":{"background-color":"","background-image":"","background-repeat":"repeat","background-position":"center center","background-size":"auto","background-attachment":"scroll","background-type":"","background-media":"","overlay-type":"","overlay-color":"","overlay-opacity":"","overlay-gradient":""},"mobile":{"background-color":"","background-image":"","background-repeat":"repeat","background-position":"center center","background-size":"auto","background-attachment":"scroll","background-type":"","background-media":"","overlay-type":"","overlay-color":"","overlay-opacity":"","overlay-gradient":""}},"ast-content-background-meta":{"desktop":{"background-color":"var(--ast-global-color-5)","background-image":"","background-repeat":"repeat","background-position":"center center","background-size":"auto","background-attachment":"scroll","background-type":"","background-media":"","overlay-type":"","overlay-color":"","overlay-opacity":"","overlay-gradient":""},"tablet":{"background-color":"var(--ast-global-color-5)","background-image":"","background-repeat":"repeat","background-position":"center center","background-size":"auto","background-attachment":"scroll","background-type":"","background-media":"","overlay-type":"","overlay-color":"","overlay-opacity":"","overlay-gradient":""},"mobile":{"background-color":"var(--ast-global-color-5)","background-image":"","background-repeat":"repeat","background-position":"center center","background-size":"auto","background-attachment":"scroll","background-type":"","background-media":"","overlay-type":"","overlay-color":"","overlay-opacity":"","overlay-gradient":""}}},"product_brand":[],"product_cat":[125,126,91],"product_tag":[],"class_list":{"0":"post-3430","1":"product","2":"type-product","3":"status-publish","4":"has-post-thumbnail","6":"product_cat-halloween","7":"product_cat-visi","8":"product_cat-motociklo-raktu-pakabukai","9":"desktop-align-center","10":"tablet-align-left","11":"mobile-align-left","13":"first","14":"instock","15":"shipping-taxable","16":"purchasable","17":"product-type-simple"},"yoast_head":"<!-- This site is optimized with the Yoast SEO plugin v27.1.1 - https:\/\/yoast.com\/product\/yoast-seo-wordpress\/ -->\n<title>Stilingas pakabukas moto raktams \u2013 Ride to Live - kabinam.lt<\/title>\n<meta name=\"description\" content=\"Pakabukas moto raktams su moto \u0161\u016bkiu Ride to Live \u2013 prakti\u0161kas, stilingas ir \u012fkvepiantis aksesuaras dviem ratams gyvenantiems.\" \/>\n<meta name=\"robots\" content=\"index, follow, max-snippet:-1, max-image-preview:large, max-video-preview:-1\" \/>\n<link rel=\"canonical\" href=\"https:\/\/kabinam.lt\/eng\/product\/keyring-for-motorcycle-keys-ride-to-live\/\" \/>\n<meta property=\"og:locale\" content=\"en_US\" \/>\n<meta property=\"og:type\" content=\"article\" \/>\n<meta property=\"og:title\" content=\"Stilingas pakabukas moto raktams \u2013 Ride to Live - kabinam.lt\" \/>\n<meta property=\"og:description\" content=\"Pakabukas moto raktams su moto \u0161\u016bkiu Ride to Live \u2013 prakti\u0161kas, stilingas ir \u012fkvepiantis aksesuaras dviem ratams gyvenantiems.\" \/>\n<meta property=\"og:url\" content=\"https:\/\/kabinam.lt\/eng\/product\/keyring-for-motorcycle-keys-ride-to-live\/\" \/>\n<meta property=\"og:site_name\" content=\"kabinam.lt\" \/>\n<meta property=\"article:modified_time\" content=\"2026-01-03T16:47:23+00:00\" \/>\n<meta property=\"og:image\" content=\"https:\/\/kabinam.lt\/wp-content\/uploads\/2025\/04\/pakabukas-moto-raktams-ride-to-live.png\" \/>\n\t<meta property=\"og:image:width\" content=\"800\" \/>\n\t<meta property=\"og:image:height\" content=\"800\" \/>\n\t<meta property=\"og:image:type\" content=\"image\/png\" \/>\n<meta name=\"twitter:card\" content=\"summary_large_image\" \/>\n<meta name=\"twitter:label1\" content=\"Est. reading time\" \/>\n\t<meta name=\"twitter:data1\" content=\"2 minutes\" \/>\n<script type=\"application\/ld+json\" class=\"yoast-schema-graph\">{\"@context\":\"https:\/\/schema.org\",\"@graph\":[{\"@type\":[\"WebPage\",\"ItemPage\"],\"@id\":\"https:\/\/kabinam.lt\/eng\/product\/keyring-for-motorcycle-keys-ride-to-live\/\",\"url\":\"https:\/\/kabinam.lt\/eng\/product\/keyring-for-motorcycle-keys-ride-to-live\/\",\"name\":\"Stilingas pakabukas moto raktams \u2013 Ride to Live - kabinam.lt\",\"isPartOf\":{\"@id\":\"https:\/\/kabinam.lt\/#website\"},\"primaryImageOfPage\":{\"@id\":\"https:\/\/kabinam.lt\/eng\/product\/keyring-for-motorcycle-keys-ride-to-live\/#primaryimage\"},\"image\":{\"@id\":\"https:\/\/kabinam.lt\/eng\/product\/keyring-for-motorcycle-keys-ride-to-live\/#primaryimage\"},\"thumbnailUrl\":\"https:\/\/kabinam.lt\/wp-content\/uploads\/2025\/04\/pakabukas-moto-raktams-ride-to-live.png\",\"datePublished\":\"2025-04-17T18:50:48+00:00\",\"dateModified\":\"2026-01-03T16:47:23+00:00\",\"description\":\"Pakabukas moto raktams su moto \u0161\u016bkiu Ride to Live \u2013 prakti\u0161kas, stilingas ir \u012fkvepiantis aksesuaras dviem ratams gyvenantiems.\",\"breadcrumb\":{\"@id\":\"https:\/\/kabinam.lt\/eng\/product\/keyring-for-motorcycle-keys-ride-to-live\/#breadcrumb\"},\"inLanguage\":\"en-US\",\"potentialAction\":[{\"@type\":\"ReadAction\",\"target\":[\"https:\/\/kabinam.lt\/eng\/product\/keyring-for-motorcycle-keys-ride-to-live\/\"]}]},{\"@type\":\"ImageObject\",\"inLanguage\":\"en-US\",\"@id\":\"https:\/\/kabinam.lt\/eng\/product\/keyring-for-motorcycle-keys-ride-to-live\/#primaryimage\",\"url\":\"https:\/\/kabinam.lt\/wp-content\/uploads\/2025\/04\/pakabukas-moto-raktams-ride-to-live.png\",\"contentUrl\":\"https:\/\/kabinam.lt\/wp-content\/uploads\/2025\/04\/pakabukas-moto-raktams-ride-to-live.png\",\"width\":800,\"height\":800,\"caption\":\"Med\u017eiaginis moto pakabukas su fraze Ride to Live\"},{\"@type\":\"BreadcrumbList\",\"@id\":\"https:\/\/kabinam.lt\/eng\/product\/keyring-for-motorcycle-keys-ride-to-live\/#breadcrumb\",\"itemListElement\":[{\"@type\":\"ListItem\",\"position\":1,\"name\":\"Home\",\"item\":\"https:\/\/kabinam.lt\/\"},{\"@type\":\"ListItem\",\"position\":2,\"name\":\"Visi Produktai\",\"item\":\"https:\/\/kabinam.lt\/visi-produktai\/\"},{\"@type\":\"ListItem\",\"position\":3,\"name\":\"Stilingas pakabukas moto raktams \u2013 Ride to Live\"}]},{\"@type\":\"WebSite\",\"@id\":\"https:\/\/kabinam.lt\/#website\",\"url\":\"https:\/\/kabinam.lt\/\",\"name\":\"kabinam.lt\",\"description\":\"Kabinam.lt \u2013 raktu pakabukai ir aksesuarai\",\"publisher\":{\"@id\":\"https:\/\/kabinam.lt\/#organization\"},\"alternateName\":\"pakabukai lt\",\"potentialAction\":[{\"@type\":\"SearchAction\",\"target\":{\"@type\":\"EntryPoint\",\"urlTemplate\":\"https:\/\/kabinam.lt\/?s={search_term_string}\"},\"query-input\":{\"@type\":\"PropertyValueSpecification\",\"valueRequired\":true,\"valueName\":\"search_term_string\"}}],\"inLanguage\":\"en-US\"},{\"@type\":\"Organization\",\"@id\":\"https:\/\/kabinam.lt\/#organization\",\"name\":\"kabinam.lt\",\"alternateName\":\"kabinam\",\"url\":\"https:\/\/kabinam.lt\/\",\"logo\":{\"@type\":\"ImageObject\",\"inLanguage\":\"en-US\",\"@id\":\"https:\/\/kabinam.lt\/#\/schema\/logo\/image\/\",\"url\":\"https:\/\/kabinam.lt\/wp-content\/uploads\/2025\/05\/KABINAM_outer_glow.png\",\"contentUrl\":\"https:\/\/kabinam.lt\/wp-content\/uploads\/2025\/05\/KABINAM_outer_glow.png\",\"width\":474,\"height\":141,\"caption\":\"kabinam.lt\"},\"image\":{\"@id\":\"https:\/\/kabinam.lt\/#\/schema\/logo\/image\/\"}}]}<\/script>\n<!-- \/ Yoast SEO plugin. -->","yoast_head_json":{"title":"Stylish keyring for motorcycle keys \u2013 Ride to Live - kabinam.lt","description":"A keyring for motorcycle keys with the slogan Ride to Live \u2013 a practical, stylish, and inspiring accessory for those who live for two wheels.","robots":{"index":"index","follow":"follow","max-snippet":"max-snippet:-1","max-image-preview":"max-image-preview:large","max-video-preview":"max-video-preview:-1"},"canonical":"https:\/\/kabinam.lt\/eng\/product\/keyring-for-motorcycle-keys-ride-to-live\/","og_locale":"en_US","og_type":"article","og_title":"Stilingas pakabukas moto raktams \u2013 Ride to Live - kabinam.lt","og_description":"Pakabukas moto raktams su moto \u0161\u016bkiu Ride to Live \u2013 prakti\u0161kas, stilingas ir \u012fkvepiantis aksesuaras dviem ratams gyvenantiems.","og_url":"https:\/\/kabinam.lt\/eng\/product\/keyring-for-motorcycle-keys-ride-to-live\/","og_site_name":"kabinam.lt","article_modified_time":"2026-01-03T16:47:23+00:00","og_image":[{"width":800,"height":800,"url":"https:\/\/kabinam.lt\/wp-content\/uploads\/2025\/04\/pakabukas-moto-raktams-ride-to-live.png","type":"image\/png"}],"twitter_card":"summary_large_image","twitter_misc":{"Est. reading time":"2 minutes"},"schema":{"@context":"https:\/\/schema.org","@graph":[{"@type":["WebPage","ItemPage"],"@id":"https:\/\/kabinam.lt\/eng\/product\/keyring-for-motorcycle-keys-ride-to-live\/","url":"https:\/\/kabinam.lt\/eng\/product\/keyring-for-motorcycle-keys-ride-to-live\/","name":"Stylish keyring for motorcycle keys \u2013 Ride to Live - kabinam.lt","isPartOf":{"@id":"https:\/\/kabinam.lt\/#website"},"primaryImageOfPage":{"@id":"https:\/\/kabinam.lt\/eng\/product\/keyring-for-motorcycle-keys-ride-to-live\/#primaryimage"},"image":{"@id":"https:\/\/kabinam.lt\/eng\/product\/keyring-for-motorcycle-keys-ride-to-live\/#primaryimage"},"thumbnailUrl":"https:\/\/kabinam.lt\/wp-content\/uploads\/2025\/04\/pakabukas-moto-raktams-ride-to-live.png","datePublished":"2025-04-17T18:50:48+00:00","dateModified":"2026-01-03T16:47:23+00:00","description":"A keyring for motorcycle keys with the slogan Ride to Live \u2013 a practical, stylish, and inspiring accessory for those who live for two wheels.","breadcrumb":{"@id":"https:\/\/kabinam.lt\/eng\/product\/keyring-for-motorcycle-keys-ride-to-live\/#breadcrumb"},"inLanguage":"en-US","potentialAction":[{"@type":"ReadAction","target":["https:\/\/kabinam.lt\/eng\/product\/keyring-for-motorcycle-keys-ride-to-live\/"]}]},{"@type":"ImageObject","inLanguage":"en-US","@id":"https:\/\/kabinam.lt\/eng\/product\/keyring-for-motorcycle-keys-ride-to-live\/#primaryimage","url":"https:\/\/kabinam.lt\/wp-content\/uploads\/2025\/04\/pakabukas-moto-raktams-ride-to-live.png","contentUrl":"https:\/\/kabinam.lt\/wp-content\/uploads\/2025\/04\/pakabukas-moto-raktams-ride-to-live.png","width":800,"height":800,"caption":"Med\u017eiaginis moto pakabukas su fraze Ride to Live"},{"@type":"BreadcrumbList","@id":"https:\/\/kabinam.lt\/eng\/product\/keyring-for-motorcycle-keys-ride-to-live\/#breadcrumb","itemListElement":[{"@type":"ListItem","position":1,"name":"Home","item":"https:\/\/kabinam.lt\/"},{"@type":"ListItem","position":2,"name":"Visi Produktai","item":"https:\/\/kabinam.lt\/visi-produktai\/"},{"@type":"ListItem","position":3,"name":"Stilingas pakabukas moto raktams \u2013 Ride to Live"}]},{"@type":"WebSite","@id":"https:\/\/kabinam.lt\/#website","url":"https:\/\/kabinam.lt\/","name":"kabinam.lt","description":"Kabinam.lt - key chains and accessories","publisher":{"@id":"https:\/\/kabinam.lt\/#organization"},"alternateName":"pakabukai lt","potentialAction":[{"@type":"SearchAction","target":{"@type":"EntryPoint","urlTemplate":"https:\/\/kabinam.lt\/?s={search_term_string}"},"query-input":{"@type":"PropertyValueSpecification","valueRequired":true,"valueName":"search_term_string"}}],"inLanguage":"en-US"},{"@type":"Organization","@id":"https:\/\/kabinam.lt\/#organization","name":"kabinam.lt","alternateName":"kabinam","url":"https:\/\/kabinam.lt\/","logo":{"@type":"ImageObject","inLanguage":"en-US","@id":"https:\/\/kabinam.lt\/#\/schema\/logo\/image\/","url":"https:\/\/kabinam.lt\/wp-content\/uploads\/2025\/05\/KABINAM_outer_glow.png","contentUrl":"https:\/\/kabinam.lt\/wp-content\/uploads\/2025\/05\/KABINAM_outer_glow.png","width":474,"height":141,"caption":"kabinam.lt"},"image":{"@id":"https:\/\/kabinam.lt\/#\/schema\/logo\/image\/"}}]}},"uagb_featured_image_src":{"full":["https:\/\/kabinam.lt\/wp-content\/uploads\/2025\/04\/pakabukas-moto-raktams-ride-to-live.png",800,800,false],"thumbnail":["https:\/\/kabinam.lt\/wp-content\/uploads\/2025\/04\/pakabukas-moto-raktams-ride-to-live-150x150.png",150,150,true],"medium":["https:\/\/kabinam.lt\/wp-content\/uploads\/2025\/04\/pakabukas-moto-raktams-ride-to-live-300x300.png",300,300,true],"medium_large":["https:\/\/kabinam.lt\/wp-content\/uploads\/2025\/04\/pakabukas-moto-raktams-ride-to-live-768x768.png",768,768,true],"large":["https:\/\/kabinam.lt\/wp-content\/uploads\/2025\/04\/pakabukas-moto-raktams-ride-to-live.png",800,800,false],"1536x1536":["https:\/\/kabinam.lt\/wp-content\/uploads\/2025\/04\/pakabukas-moto-raktams-ride-to-live.png",800,800,false],"2048x2048":["https:\/\/kabinam.lt\/wp-content\/uploads\/2025\/04\/pakabukas-moto-raktams-ride-to-live.png",800,800,false],"trp-custom-language-flag":["https:\/\/kabinam.lt\/wp-content\/uploads\/2025\/04\/pakabukas-moto-raktams-ride-to-live.png",12,12,false],"woocommerce_thumbnail":["https:\/\/kabinam.lt\/wp-content\/uploads\/2025\/04\/pakabukas-moto-raktams-ride-to-live-300x300.png",300,300,true],"woocommerce_single":["https:\/\/kabinam.lt\/wp-content\/uploads\/2025\/04\/pakabukas-moto-raktams-ride-to-live-600x600.png",600,600,true],"woocommerce_gallery_thumbnail":["https:\/\/kabinam.lt\/wp-content\/uploads\/2025\/04\/pakabukas-moto-raktams-ride-to-live-100x100.png",100,100,true]},"uagb_author_info":{"display_name":"kabinam.lt","author_link":"https:\/\/kabinam.lt\/eng\/author\/"},"uagb_comment_info":0,"uagb_excerpt":"Med\u017eiaginis pakabukas motociklo raktams su \u0161\u016bkiu \u201eRide to Live\u201c \u2013 i\u0161skirtinis aksesuaras tikriems moto entuziastams.","_links":{"self":[{"href":"https:\/\/kabinam.lt\/eng\/wp-json\/wp\/v2\/product\/3430","targetHints":{"allow":["GET"]}}],"collection":[{"href":"https:\/\/kabinam.lt\/eng\/wp-json\/wp\/v2\/product"}],"about":[{"href":"https:\/\/kabinam.lt\/eng\/wp-json\/wp\/v2\/types\/product"}],"replies":[{"embeddable":true,"href":"https:\/\/kabinam.lt\/eng\/wp-json\/wp\/v2\/comments?post=3430"}],"wp:featuredmedia":[{"embeddable":true,"href":"https:\/\/kabinam.lt\/eng\/wp-json\/wp\/v2\/media\/3431"}],"wp:attachment":[{"href":"https:\/\/kabinam.lt\/eng\/wp-json\/wp\/v2\/media?parent=3430"}],"wp:term":[{"taxonomy":"product_brand","embeddable":true,"href":"https:\/\/kabinam.lt\/eng\/wp-json\/wp\/v2\/product_brand?post=3430"},{"taxonomy":"product_cat","embeddable":true,"href":"https:\/\/kabinam.lt\/eng\/wp-json\/wp\/v2\/product_cat?post=3430"},{"taxonomy":"product_tag","embeddable":true,"href":"https:\/\/kabinam.lt\/eng\/wp-json\/wp\/v2\/product_tag?post=3430"}],"curies":[{"name":"wp","href":"https:\/\/api.w.org\/{rel}","templated":true}]}}