{"id":3050,"date":"2024-10-06T08:53:27","date_gmt":"2024-10-06T05:53:27","guid":{"rendered":"https:\/\/kabinam.lt\/?post_type=product&#038;p=3050"},"modified":"2026-01-03T18:48:06","modified_gmt":"2026-01-03T16:48:06","slug":"fuel-canister-keychain","status":"publish","type":"product","link":"https:\/\/kabinam.lt\/eng\/product\/degalu-kanistro-formos-raktu-pakabukas\/","title":{"rendered":"Fuel can-shaped keyring"},"content":{"rendered":"\n\n<div class=\"kk-star-ratings kksr-auto kksr-align-left kksr-valign-top\"\n    data-payload='{&quot;align&quot;:&quot;left&quot;,&quot;id&quot;:&quot;3050&quot;,&quot;slug&quot;:&quot;default&quot;,&quot;valign&quot;:&quot;top&quot;,&quot;ignore&quot;:&quot;&quot;,&quot;reference&quot;:&quot;auto&quot;,&quot;class&quot;:&quot;&quot;,&quot;count&quot;:&quot;0&quot;,&quot;legendonly&quot;:&quot;&quot;,&quot;readonly&quot;:&quot;&quot;,&quot;score&quot;:&quot;0&quot;,&quot;starsonly&quot;:&quot;&quot;,&quot;best&quot;:&quot;5&quot;,&quot;gap&quot;:&quot;5&quot;,&quot;greet&quot;:&quot;Mums svarbus j\u016bs\u0173 \u012fvertinimas&quot;,&quot;legend&quot;:&quot;0\\\/5 - (0 votes)&quot;,&quot;size&quot;:&quot;24&quot;,&quot;title&quot;:&quot;Degal\u0173 kanistro formos rakt\u0173 pakabukas&quot;,&quot;width&quot;:&quot;0&quot;,&quot;_legend&quot;:&quot;{score}\\\/{best} - ({count} {votes})&quot;,&quot;font_factor&quot;:&quot;1.25&quot;}'>\n            \n<div class=\"kksr-stars\">\n    \n<div class=\"kksr-stars-inactive\">\n            <div class=\"kksr-star\" data-star=\"1\" style=\"padding-right: 5px\">\n            \n\n<div class=\"kksr-icon\" style=\"width: 24px; height: 24px;\"><\/div>\n        <\/div>\n            <div class=\"kksr-star\" data-star=\"2\" style=\"padding-right: 5px\">\n            \n\n<div class=\"kksr-icon\" style=\"width: 24px; height: 24px;\"><\/div>\n        <\/div>\n            <div class=\"kksr-star\" data-star=\"3\" style=\"padding-right: 5px\">\n            \n\n<div class=\"kksr-icon\" style=\"width: 24px; height: 24px;\"><\/div>\n        <\/div>\n            <div class=\"kksr-star\" data-star=\"4\" style=\"padding-right: 5px\">\n            \n\n<div class=\"kksr-icon\" style=\"width: 24px; height: 24px;\"><\/div>\n        <\/div>\n            <div class=\"kksr-star\" data-star=\"5\" style=\"padding-right: 5px\">\n            \n\n<div class=\"kksr-icon\" style=\"width: 24px; height: 24px;\"><\/div>\n        <\/div>\n    <\/div>\n    \n<div class=\"kksr-stars-active\" style=\"width: 0px;\">\n            <div class=\"kksr-star\" style=\"padding-right: 5px\">\n            \n\n<div class=\"kksr-icon\" style=\"width: 24px; height: 24px;\"><\/div>\n        <\/div>\n            <div class=\"kksr-star\" style=\"padding-right: 5px\">\n            \n\n<div class=\"kksr-icon\" style=\"width: 24px; height: 24px;\"><\/div>\n        <\/div>\n            <div class=\"kksr-star\" style=\"padding-right: 5px\">\n            \n\n<div class=\"kksr-icon\" style=\"width: 24px; height: 24px;\"><\/div>\n        <\/div>\n            <div class=\"kksr-star\" style=\"padding-right: 5px\">\n            \n\n<div class=\"kksr-icon\" style=\"width: 24px; height: 24px;\"><\/div>\n        <\/div>\n            <div class=\"kksr-star\" style=\"padding-right: 5px\">\n            \n\n<div class=\"kksr-icon\" style=\"width: 24px; height: 24px;\"><\/div>\n        <\/div>\n    <\/div>\n<\/div>\n                \n\n<div class=\"kksr-legend\" style=\"font-size: 19.2px;\">\n            <span class=\"kksr-muted\">Mums svarbus j\u016bs\u0173 \u012fvertinimas<\/span>\n    <\/div>\n    <\/div>\n<h2 data-start=\"81\" data-end=\"143\">Degal\u0173 kanistro formos rakt\u0173 pakabukas \u2013 raudona 20L kopija<\/h2>\n<p data-start=\"145\" data-end=\"259\"><span class=\"relative -mx-px my-[-0.2rem] rounded px-px py-[0.2rem] transition-colors duration-100 ease-in-out\"><strong data-start=\"0\" data-end=\"42\" data-is-only-node=\"\">Degal\u0173 kanistro formos rakt\u0173 pakabukas<\/strong> \u2013 tai i\u0161skirtinis aksesuaras, atkuriantis klasikinio 20 litr\u0173 degal\u0173 kanistro dizain\u0105.<\/span> <span class=\"relative -mx-px my-[-0.2rem] rounded px-px py-[0.2rem] transition-colors duration-100 ease-in-out\">\u0160is pakabukas ne tik funkcionalus, bet ir esteti\u0161kai patrauklus, tod\u0117l puikiai tinka tiems, kurie vertina originalum\u0105 ir nori i\u0161siskirti.<\/span><\/p>\n<h3 data-start=\"261\" data-end=\"286\">Dizainas ir simbolika<\/h3>\n<p data-start=\"288\" data-end=\"446\"><span class=\"relative -mx-px my-[-0.2rem] rounded px-px py-[0.2rem] transition-colors duration-100 ease-in-out\">Pakabukas pagamintas i\u0161 auk\u0161tos kokyb\u0117s metalo, imituojan\u010dio tikro degal\u0173 kanistro form\u0105.<\/span> <span class=\"relative -mx-px my-[-0.2rem] rounded px-px py-[0.2rem] transition-colors duration-100 ease-in-out\">Ry\u0161ki raudona spalva suteikia jam i\u0161skirtinumo ir matomumo.<\/span> <span class=\"relative -mx-px my-[-0.2rem] rounded px-px py-[0.2rem] transition-colors duration-100 ease-in-out\">Detal\u0117s, tokios kaip ranken\u0117l\u0117 ir u\u017esukimo dangtelis, atkurtos tiksliai, siekiant perteikti autenti\u0161k\u0105 kanistro i\u0161vaizd\u0105.<\/span><\/p>\n<p data-start=\"448\" data-end=\"566\"><span class=\"relative -mx-px my-[-0.2rem] rounded px-px py-[0.2rem] transition-colors duration-100 ease-in-out\">\u0160is aksesuaras simbolizuoja energij\u0105, jud\u0117jim\u0105 ir pasiruo\u0161im\u0105 netik\u0117toms situacijoms.<\/span> <span class=\"relative -mx-px my-[-0.2rem] rounded px-px py-[0.2rem] transition-colors duration-100 ease-in-out\">Jis gali b\u016bti puiki dovana automobili\u0173 entuziastams, keliautojams ar tiems, kurie vertina prakti\u0161kus ir simbolinius daiktus.<\/span><\/p>\n<h3 data-start=\"568\" data-end=\"599\">Prakti\u0161kumas ir pritaikymas<\/h3>\n<p data-start=\"601\" data-end=\"719\"><span class=\"relative -mx-px my-[-0.2rem] rounded px-px py-[0.2rem] transition-colors duration-100 ease-in-out\">Degal\u0173 kanistro formos rakt\u0173 pakabukas yra lengvas ir kompakti\u0161kas, tod\u0117l patogiai telpa ki\u0161en\u0117je ar rankin\u0117je.<\/span> <span class=\"relative -mx-px my-[-0.2rem] rounded px-px py-[0.2rem] transition-colors duration-100 ease-in-out\">Jis gali b\u016bti naudojamas ne tik kaip rakt\u0173 laikiklis, bet ir kaip dekoratyvinis elementas, pritvirtintas prie kuprin\u0117s, automobilio veidrod\u0117lio ar kit\u0173 asmenini\u0173 daikt\u0173.<\/span><\/p>\n<p data-start=\"721\" data-end=\"839\"><span class=\"relative -mx-px my-[-0.2rem] rounded px-px py-[0.2rem] transition-colors duration-100 ease-in-out\">Be to, \u0161is pakabukas gali b\u016bti naudojamas kaip reklamin\u0117 priemon\u0117, pritaikant j\u012f su \u012fmon\u0117s logotipu ar \u0161\u016bkiu.<\/span> <span class=\"relative -mx-px my-[-0.2rem] rounded px-px py-[0.2rem] transition-colors duration-100 ease-in-out\">Tai suteikia galimyb\u0119 \u012fmon\u0117ms i\u0161siskirti ir palikti \u012fsp\u016bd\u012f klientams ar partneriams.<\/span><\/p>\n<h3 data-start=\"841\" data-end=\"869\">Kam tinka \u0161is pakabukas?<\/h3>\n<ul data-start=\"871\" data-end=\"1077\">\n<li data-start=\"871\" data-end=\"912\">\n<p data-start=\"873\" data-end=\"912\"><span class=\"relative -mx-px my-[-0.2rem] rounded px-px py-[0.2rem] transition-colors duration-100 ease-in-out\">Automobili\u0173 ir motocikl\u0173 entuziastams<\/span><\/p>\n<\/li>\n<li data-start=\"913\" data-end=\"954\">\n<p data-start=\"915\" data-end=\"954\"><span class=\"relative -mx-px my-[-0.2rem] rounded px-px py-[0.2rem] transition-colors duration-100 ease-in-out\">Keliautojams ir nuotyki\u0173 ie\u0161kotojams<\/span><\/p>\n<\/li>\n<li data-start=\"955\" data-end=\"996\">\n<p data-start=\"957\" data-end=\"996\"><span class=\"relative -mx-px my-[-0.2rem] rounded px-px py-[0.2rem] transition-colors duration-100 ease-in-out\">\u012emon\u0117ms, ie\u0161kan\u010dioms originali\u0173 reklamini\u0173 dovan\u0173<\/span><\/p>\n<\/li>\n<li data-start=\"997\" data-end=\"1077\">\n<p data-start=\"999\" data-end=\"1077\"><span class=\"relative -mx-px my-[-0.2rem] rounded px-px py-[0.2rem] transition-colors duration-100 ease-in-out\">Asmenims, vertinantiems unikalius ir simbolinius aksesuarus<\/span><\/p>\n<\/li>\n<\/ul>\n<h3 data-start=\"1079\" data-end=\"1104\">Papildoma informacija<\/h3>\n<p>\ud83d\udd39 <strong>Med\u017eiaga:<\/strong> Metalas<br \/>\n\ud83d\udd39 <strong>Spalva:<\/strong> Raudona<br \/>\n\ud83d\udd39 <strong>Dizainas:<\/strong> 20L degal\u0173 kanistro kopija<br \/>\n\ud83d\udd39 <strong>Naudojimas:<\/strong> Raktams, kuprinei, kaip smagi dovana<\/p>\n<h3 data-start=\"1679\" data-end=\"1715\">I\u0161skirtinumas ir kolekcin\u0117 vert\u0117<\/h3>\n<p data-start=\"1717\" data-end=\"1995\">\u0160io <strong data-start=\"1721\" data-end=\"1747\">mini kanistro pakabuko<\/strong> unikalumas slypi jo teminiame ry\u0161yje su automobili\u0173 kult\u016bra. Toks aksesuaras da\u017enai matomas automobili\u0173 parodose, \u201etuning\u201c renginiuose ar kolekcionieri\u0173 kolekcijose. Tai ne tik pakabukas, bet ir miniati\u016brinis dizaino objektas su simboline reik\u0161me.<\/p>\n<p data-start=\"1997\" data-end=\"2430\">Jei ie\u0161kote kitoki\u0173 dovan\u0173 id\u0117j\u0173 ar aksesuar\u0173, si\u016blome per\u017ei\u016br\u0117ti m\u016bs\u0173 <a class=\"cursor-pointer\" target=\"_new\" rel=\"noopener\" data-start=\"2068\" data-end=\"2172\">automobili\u0173 rakt\u0173 pakabuk\u0173 kolekcij\u0105<\/a> arba <a class=\"\" href=\"https:\/\/kabinam.lt\/product-category\/populiariausiu-produktu-kategorija\/\" target=\"_new\" rel=\"noopener\" data-start=\"2178\" data-end=\"2278\">populiariausius produktus<\/a>. Taip pat galite pasidom\u0117ti <a class=\"\" href=\"https:\/\/kabinam.lt\/product-category\/unikaliu-pakabuku-kategorija\/\" target=\"_new\" rel=\"noopener\" data-start=\"2307\" data-end=\"2397\">unikaliais pakabukais<\/a>, kurie atspindi asmenin\u012f stili\u0173.<\/p>\n<p data-start=\"2432\" data-end=\"2659\">Norint su\u017einoti daugiau apie automobili\u0173 aksesuarus ir j\u0173 simbolik\u0105, rekomenduojame perskaityti \u0161\u012f straipsn\u012f: <a class=\"cursor-pointer\" target=\"_new\" rel=\"noopener\" data-start=\"2542\" data-end=\"2638\">Automotive symbolism in accessories<\/a> <em data-start=\"2639\" data-end=\"2658\">(i\u0161orin\u0117 nuoroda)<\/em>.<\/p>\n","protected":false},"excerpt":{"rendered":"<p>Metal keyring reproducing the design of a 20L fuel can, red, for car enthusiasts.<\/p>","protected":false},"featured_media":3054,"comment_status":"closed","ping_status":"closed","template":"","meta":{"_uag_custom_page_level_css":"","site-sidebar-layout":"default","site-content-layout":"","ast-site-content-layout":"default","site-content-style":"default","site-sidebar-style":"default","ast-global-header-display":"","ast-banner-title-visibility":"","ast-main-header-display":"","ast-hfb-above-header-display":"","ast-hfb-below-header-display":"","ast-hfb-mobile-header-display":"","site-post-title":"","ast-breadcrumbs-content":"","ast-featured-img":"","footer-sml-layout":"","ast-disable-related-posts":"","theme-transparent-header-meta":"default","adv-header-id-meta":"","stick-header-meta":"","header-above-stick-meta":"","header-main-stick-meta":"","header-below-stick-meta":"","astra-migrate-meta-layouts":"set","ast-page-background-enabled":"default","ast-page-background-meta":{"desktop":{"background-color":"var(--ast-global-color-4)","background-image":"","background-repeat":"repeat","background-position":"center center","background-size":"auto","background-attachment":"scroll","background-type":"","background-media":"","overlay-type":"","overlay-color":"","overlay-opacity":"","overlay-gradient":""},"tablet":{"background-color":"","background-image":"","background-repeat":"repeat","background-position":"center center","background-size":"auto","background-attachment":"scroll","background-type":"","background-media":"","overlay-type":"","overlay-color":"","overlay-opacity":"","overlay-gradient":""},"mobile":{"background-color":"","background-image":"","background-repeat":"repeat","background-position":"center center","background-size":"auto","background-attachment":"scroll","background-type":"","background-media":"","overlay-type":"","overlay-color":"","overlay-opacity":"","overlay-gradient":""}},"ast-content-background-meta":{"desktop":{"background-color":"var(--ast-global-color-5)","background-image":"","background-repeat":"repeat","background-position":"center center","background-size":"auto","background-attachment":"scroll","background-type":"","background-media":"","overlay-type":"","overlay-color":"","overlay-opacity":"","overlay-gradient":""},"tablet":{"background-color":"var(--ast-global-color-5)","background-image":"","background-repeat":"repeat","background-position":"center center","background-size":"auto","background-attachment":"scroll","background-type":"","background-media":"","overlay-type":"","overlay-color":"","overlay-opacity":"","overlay-gradient":""},"mobile":{"background-color":"var(--ast-global-color-5)","background-image":"","background-repeat":"repeat","background-position":"center center","background-size":"auto","background-attachment":"scroll","background-type":"","background-media":"","overlay-type":"","overlay-color":"","overlay-opacity":"","overlay-gradient":""}}},"product_brand":[],"product_cat":[126,91,22,116,118],"product_tag":[],"class_list":{"0":"post-3050","1":"product","2":"type-product","3":"status-publish","4":"has-post-thumbnail","6":"product_cat-visi","7":"product_cat-motociklo-raktu-pakabukai","8":"product_cat-automobiliu-raktu-pakabukai","9":"product_cat-metaliniai-raktu-pakabukai","10":"product_cat-dovana-teciui","11":"desktop-align-center","12":"tablet-align-left","13":"mobile-align-left","15":"first","16":"instock","17":"shipping-taxable","18":"purchasable","19":"product-type-simple"},"yoast_head":"<!-- This site is optimized with the Yoast SEO plugin v27.1.1 - https:\/\/yoast.com\/product\/yoast-seo-wordpress\/ -->\n<title>Degal\u0173 kanistro formos rakt\u0173 pakabukas - kabinam.lt<\/title>\n<meta name=\"description\" content=\"Degal\u0173 kanistro formos rakt\u0173 pakabukas \u2013 raudona 20L kopija, puikus aksesuaras automobili\u0173 entuziastams ir keliautojams.\" \/>\n<meta name=\"robots\" content=\"index, follow, max-snippet:-1, max-image-preview:large, max-video-preview:-1\" \/>\n<link rel=\"canonical\" href=\"https:\/\/kabinam.lt\/eng\/product\/fuel-canister-keychain\/\" \/>\n<meta property=\"og:locale\" content=\"en_US\" \/>\n<meta property=\"og:type\" content=\"article\" \/>\n<meta property=\"og:title\" content=\"Degal\u0173 kanistro formos rakt\u0173 pakabukas - kabinam.lt\" \/>\n<meta property=\"og:description\" content=\"Degal\u0173 kanistro formos rakt\u0173 pakabukas \u2013 raudona 20L kopija, puikus aksesuaras automobili\u0173 entuziastams ir keliautojams.\" \/>\n<meta property=\"og:url\" content=\"https:\/\/kabinam.lt\/eng\/product\/fuel-canister-keychain\/\" \/>\n<meta property=\"og:site_name\" content=\"kabinam.lt\" \/>\n<meta property=\"article:modified_time\" content=\"2026-01-03T16:48:06+00:00\" \/>\n<meta property=\"og:image\" content=\"https:\/\/kabinam.lt\/wp-content\/uploads\/2024\/10\/8457956c-5070-4b08-a2d2-d39be3b44df6.jpg\" \/>\n\t<meta property=\"og:image:width\" content=\"800\" \/>\n\t<meta property=\"og:image:height\" content=\"800\" \/>\n\t<meta property=\"og:image:type\" content=\"image\/jpeg\" \/>\n<meta name=\"twitter:card\" content=\"summary_large_image\" \/>\n<meta name=\"twitter:label1\" content=\"Est. reading time\" \/>\n\t<meta name=\"twitter:data1\" content=\"2 minutes\" \/>\n<script type=\"application\/ld+json\" class=\"yoast-schema-graph\">{\"@context\":\"https:\/\/schema.org\",\"@graph\":[{\"@type\":[\"WebPage\",\"ItemPage\"],\"@id\":\"https:\/\/kabinam.lt\/eng\/product\/fuel-canister-keychain\/\",\"url\":\"https:\/\/kabinam.lt\/eng\/product\/fuel-canister-keychain\/\",\"name\":\"Degal\u0173 kanistro formos rakt\u0173 pakabukas - kabinam.lt\",\"isPartOf\":{\"@id\":\"https:\/\/kabinam.lt\/#website\"},\"primaryImageOfPage\":{\"@id\":\"https:\/\/kabinam.lt\/eng\/product\/fuel-canister-keychain\/#primaryimage\"},\"image\":{\"@id\":\"https:\/\/kabinam.lt\/eng\/product\/fuel-canister-keychain\/#primaryimage\"},\"thumbnailUrl\":\"https:\/\/kabinam.lt\/wp-content\/uploads\/2024\/10\/8457956c-5070-4b08-a2d2-d39be3b44df6.jpg\",\"datePublished\":\"2024-10-06T05:53:27+00:00\",\"dateModified\":\"2026-01-03T16:48:06+00:00\",\"description\":\"Degal\u0173 kanistro formos rakt\u0173 pakabukas \u2013 raudona 20L kopija, puikus aksesuaras automobili\u0173 entuziastams ir keliautojams.\",\"breadcrumb\":{\"@id\":\"https:\/\/kabinam.lt\/eng\/product\/fuel-canister-keychain\/#breadcrumb\"},\"inLanguage\":\"en-US\",\"potentialAction\":[{\"@type\":\"ReadAction\",\"target\":[\"https:\/\/kabinam.lt\/eng\/product\/fuel-canister-keychain\/\"]}]},{\"@type\":\"ImageObject\",\"inLanguage\":\"en-US\",\"@id\":\"https:\/\/kabinam.lt\/eng\/product\/fuel-canister-keychain\/#primaryimage\",\"url\":\"https:\/\/kabinam.lt\/wp-content\/uploads\/2024\/10\/8457956c-5070-4b08-a2d2-d39be3b44df6.jpg\",\"contentUrl\":\"https:\/\/kabinam.lt\/wp-content\/uploads\/2024\/10\/8457956c-5070-4b08-a2d2-d39be3b44df6.jpg\",\"width\":800,\"height\":800,\"caption\":\"Raudonas 20L degal\u0173 kanistro formos rakt\u0173 pakabukas\"},{\"@type\":\"BreadcrumbList\",\"@id\":\"https:\/\/kabinam.lt\/eng\/product\/fuel-canister-keychain\/#breadcrumb\",\"itemListElement\":[{\"@type\":\"ListItem\",\"position\":1,\"name\":\"Home\",\"item\":\"https:\/\/kabinam.lt\/\"},{\"@type\":\"ListItem\",\"position\":2,\"name\":\"Visi Produktai\",\"item\":\"https:\/\/kabinam.lt\/visi-produktai\/\"},{\"@type\":\"ListItem\",\"position\":3,\"name\":\"Degal\u0173 kanistro formos rakt\u0173 pakabukas\"}]},{\"@type\":\"WebSite\",\"@id\":\"https:\/\/kabinam.lt\/#website\",\"url\":\"https:\/\/kabinam.lt\/\",\"name\":\"kabinam.lt\",\"description\":\"Kabinam.lt \u2013 raktu pakabukai ir aksesuarai\",\"publisher\":{\"@id\":\"https:\/\/kabinam.lt\/#organization\"},\"alternateName\":\"pakabukai lt\",\"potentialAction\":[{\"@type\":\"SearchAction\",\"target\":{\"@type\":\"EntryPoint\",\"urlTemplate\":\"https:\/\/kabinam.lt\/?s={search_term_string}\"},\"query-input\":{\"@type\":\"PropertyValueSpecification\",\"valueRequired\":true,\"valueName\":\"search_term_string\"}}],\"inLanguage\":\"en-US\"},{\"@type\":\"Organization\",\"@id\":\"https:\/\/kabinam.lt\/#organization\",\"name\":\"kabinam.lt\",\"alternateName\":\"kabinam\",\"url\":\"https:\/\/kabinam.lt\/\",\"logo\":{\"@type\":\"ImageObject\",\"inLanguage\":\"en-US\",\"@id\":\"https:\/\/kabinam.lt\/#\/schema\/logo\/image\/\",\"url\":\"https:\/\/kabinam.lt\/wp-content\/uploads\/2025\/05\/KABINAM_outer_glow.png\",\"contentUrl\":\"https:\/\/kabinam.lt\/wp-content\/uploads\/2025\/05\/KABINAM_outer_glow.png\",\"width\":474,\"height\":141,\"caption\":\"kabinam.lt\"},\"image\":{\"@id\":\"https:\/\/kabinam.lt\/#\/schema\/logo\/image\/\"}}]}<\/script>\n<!-- \/ Yoast SEO plugin. -->","yoast_head_json":{"title":"Fuel can shaped key fobs - kabinam.lt","description":"A red replica of the 20L fuel can keyring, the perfect accessory for car enthusiasts and travellers.","robots":{"index":"index","follow":"follow","max-snippet":"max-snippet:-1","max-image-preview":"max-image-preview:large","max-video-preview":"max-video-preview:-1"},"canonical":"https:\/\/kabinam.lt\/eng\/product\/fuel-canister-keychain\/","og_locale":"en_US","og_type":"article","og_title":"Degal\u0173 kanistro formos rakt\u0173 pakabukas - kabinam.lt","og_description":"Degal\u0173 kanistro formos rakt\u0173 pakabukas \u2013 raudona 20L kopija, puikus aksesuaras automobili\u0173 entuziastams ir keliautojams.","og_url":"https:\/\/kabinam.lt\/eng\/product\/fuel-canister-keychain\/","og_site_name":"kabinam.lt","article_modified_time":"2026-01-03T16:48:06+00:00","og_image":[{"width":800,"height":800,"url":"https:\/\/kabinam.lt\/wp-content\/uploads\/2024\/10\/8457956c-5070-4b08-a2d2-d39be3b44df6.jpg","type":"image\/jpeg"}],"twitter_card":"summary_large_image","twitter_misc":{"Est. reading time":"2 minutes"},"schema":{"@context":"https:\/\/schema.org","@graph":[{"@type":["WebPage","ItemPage"],"@id":"https:\/\/kabinam.lt\/eng\/product\/fuel-canister-keychain\/","url":"https:\/\/kabinam.lt\/eng\/product\/fuel-canister-keychain\/","name":"Fuel can shaped key fobs - kabinam.lt","isPartOf":{"@id":"https:\/\/kabinam.lt\/#website"},"primaryImageOfPage":{"@id":"https:\/\/kabinam.lt\/eng\/product\/fuel-canister-keychain\/#primaryimage"},"image":{"@id":"https:\/\/kabinam.lt\/eng\/product\/fuel-canister-keychain\/#primaryimage"},"thumbnailUrl":"https:\/\/kabinam.lt\/wp-content\/uploads\/2024\/10\/8457956c-5070-4b08-a2d2-d39be3b44df6.jpg","datePublished":"2024-10-06T05:53:27+00:00","dateModified":"2026-01-03T16:48:06+00:00","description":"A red replica of the 20L fuel can keyring, the perfect accessory for car enthusiasts and travellers.","breadcrumb":{"@id":"https:\/\/kabinam.lt\/eng\/product\/fuel-canister-keychain\/#breadcrumb"},"inLanguage":"en-US","potentialAction":[{"@type":"ReadAction","target":["https:\/\/kabinam.lt\/eng\/product\/fuel-canister-keychain\/"]}]},{"@type":"ImageObject","inLanguage":"en-US","@id":"https:\/\/kabinam.lt\/eng\/product\/fuel-canister-keychain\/#primaryimage","url":"https:\/\/kabinam.lt\/wp-content\/uploads\/2024\/10\/8457956c-5070-4b08-a2d2-d39be3b44df6.jpg","contentUrl":"https:\/\/kabinam.lt\/wp-content\/uploads\/2024\/10\/8457956c-5070-4b08-a2d2-d39be3b44df6.jpg","width":800,"height":800,"caption":"Raudonas 20L degal\u0173 kanistro formos rakt\u0173 pakabukas"},{"@type":"BreadcrumbList","@id":"https:\/\/kabinam.lt\/eng\/product\/fuel-canister-keychain\/#breadcrumb","itemListElement":[{"@type":"ListItem","position":1,"name":"Home","item":"https:\/\/kabinam.lt\/"},{"@type":"ListItem","position":2,"name":"Visi Produktai","item":"https:\/\/kabinam.lt\/visi-produktai\/"},{"@type":"ListItem","position":3,"name":"Degal\u0173 kanistro formos rakt\u0173 pakabukas"}]},{"@type":"WebSite","@id":"https:\/\/kabinam.lt\/#website","url":"https:\/\/kabinam.lt\/","name":"kabinam.lt","description":"Kabinam.lt - key chains and accessories","publisher":{"@id":"https:\/\/kabinam.lt\/#organization"},"alternateName":"pakabukai lt","potentialAction":[{"@type":"SearchAction","target":{"@type":"EntryPoint","urlTemplate":"https:\/\/kabinam.lt\/?s={search_term_string}"},"query-input":{"@type":"PropertyValueSpecification","valueRequired":true,"valueName":"search_term_string"}}],"inLanguage":"en-US"},{"@type":"Organization","@id":"https:\/\/kabinam.lt\/#organization","name":"kabinam.lt","alternateName":"kabinam","url":"https:\/\/kabinam.lt\/","logo":{"@type":"ImageObject","inLanguage":"en-US","@id":"https:\/\/kabinam.lt\/#\/schema\/logo\/image\/","url":"https:\/\/kabinam.lt\/wp-content\/uploads\/2025\/05\/KABINAM_outer_glow.png","contentUrl":"https:\/\/kabinam.lt\/wp-content\/uploads\/2025\/05\/KABINAM_outer_glow.png","width":474,"height":141,"caption":"kabinam.lt"},"image":{"@id":"https:\/\/kabinam.lt\/#\/schema\/logo\/image\/"}}]}},"uagb_featured_image_src":{"full":["https:\/\/kabinam.lt\/wp-content\/uploads\/2024\/10\/8457956c-5070-4b08-a2d2-d39be3b44df6.jpg",800,800,false],"thumbnail":["https:\/\/kabinam.lt\/wp-content\/uploads\/2024\/10\/8457956c-5070-4b08-a2d2-d39be3b44df6-150x150.jpg",150,150,true],"medium":["https:\/\/kabinam.lt\/wp-content\/uploads\/2024\/10\/8457956c-5070-4b08-a2d2-d39be3b44df6-300x300.jpg",300,300,true],"medium_large":["https:\/\/kabinam.lt\/wp-content\/uploads\/2024\/10\/8457956c-5070-4b08-a2d2-d39be3b44df6-768x768.jpg",768,768,true],"large":["https:\/\/kabinam.lt\/wp-content\/uploads\/2024\/10\/8457956c-5070-4b08-a2d2-d39be3b44df6.jpg",800,800,false],"1536x1536":["https:\/\/kabinam.lt\/wp-content\/uploads\/2024\/10\/8457956c-5070-4b08-a2d2-d39be3b44df6.jpg",800,800,false],"2048x2048":["https:\/\/kabinam.lt\/wp-content\/uploads\/2024\/10\/8457956c-5070-4b08-a2d2-d39be3b44df6.jpg",800,800,false],"trp-custom-language-flag":["https:\/\/kabinam.lt\/wp-content\/uploads\/2024\/10\/8457956c-5070-4b08-a2d2-d39be3b44df6.jpg",12,12,false],"woocommerce_thumbnail":["https:\/\/kabinam.lt\/wp-content\/uploads\/2024\/10\/8457956c-5070-4b08-a2d2-d39be3b44df6-300x300.jpg",300,300,true],"woocommerce_single":["https:\/\/kabinam.lt\/wp-content\/uploads\/2024\/10\/8457956c-5070-4b08-a2d2-d39be3b44df6-600x600.jpg",600,600,true],"woocommerce_gallery_thumbnail":["https:\/\/kabinam.lt\/wp-content\/uploads\/2024\/10\/8457956c-5070-4b08-a2d2-d39be3b44df6-100x100.jpg",100,100,true]},"uagb_author_info":{"display_name":"kabinam.lt","author_link":"https:\/\/kabinam.lt\/eng\/author\/"},"uagb_comment_info":0,"uagb_excerpt":"Metalinis rakt\u0173 pakabukas, atkuriantis 20L degal\u0173 kanistro dizain\u0105, raudonos spalvos, skirtas automobili\u0173 entuziastams.","_links":{"self":[{"href":"https:\/\/kabinam.lt\/eng\/wp-json\/wp\/v2\/product\/3050","targetHints":{"allow":["GET"]}}],"collection":[{"href":"https:\/\/kabinam.lt\/eng\/wp-json\/wp\/v2\/product"}],"about":[{"href":"https:\/\/kabinam.lt\/eng\/wp-json\/wp\/v2\/types\/product"}],"replies":[{"embeddable":true,"href":"https:\/\/kabinam.lt\/eng\/wp-json\/wp\/v2\/comments?post=3050"}],"wp:featuredmedia":[{"embeddable":true,"href":"https:\/\/kabinam.lt\/eng\/wp-json\/wp\/v2\/media\/3054"}],"wp:attachment":[{"href":"https:\/\/kabinam.lt\/eng\/wp-json\/wp\/v2\/media?parent=3050"}],"wp:term":[{"taxonomy":"product_brand","embeddable":true,"href":"https:\/\/kabinam.lt\/eng\/wp-json\/wp\/v2\/product_brand?post=3050"},{"taxonomy":"product_cat","embeddable":true,"href":"https:\/\/kabinam.lt\/eng\/wp-json\/wp\/v2\/product_cat?post=3050"},{"taxonomy":"product_tag","embeddable":true,"href":"https:\/\/kabinam.lt\/eng\/wp-json\/wp\/v2\/product_tag?post=3050"}],"curies":[{"name":"wp","href":"https:\/\/api.w.org\/{rel}","templated":true}]}}