{"id":2794,"date":"2024-08-17T13:09:49","date_gmt":"2024-08-17T10:09:49","guid":{"rendered":"https:\/\/kabinam.lt\/?post_type=product&#038;p=2794"},"modified":"2026-01-03T18:50:42","modified_gmt":"2026-01-03T16:50:42","slug":"key-pendant-the-key-to-my-heart","status":"publish","type":"product","link":"https:\/\/kabinam.lt\/eng\/product\/raktu-pakabukas-the-key-to-my-heart\/","title":{"rendered":"The key to my heart"},"content":{"rendered":"<div class=\"kk-star-ratings kksr-auto kksr-align-left kksr-valign-top\"\n    data-payload='{&quot;align&quot;:&quot;left&quot;,&quot;id&quot;:&quot;2794&quot;,&quot;slug&quot;:&quot;default&quot;,&quot;valign&quot;:&quot;top&quot;,&quot;ignore&quot;:&quot;&quot;,&quot;reference&quot;:&quot;auto&quot;,&quot;class&quot;:&quot;&quot;,&quot;count&quot;:&quot;0&quot;,&quot;legendonly&quot;:&quot;&quot;,&quot;readonly&quot;:&quot;&quot;,&quot;score&quot;:&quot;0&quot;,&quot;starsonly&quot;:&quot;&quot;,&quot;best&quot;:&quot;5&quot;,&quot;gap&quot;:&quot;5&quot;,&quot;greet&quot;:&quot;Mums svarbus j\u016bs\u0173 \u012fvertinimas&quot;,&quot;legend&quot;:&quot;0\\\/5 - (0 votes)&quot;,&quot;size&quot;:&quot;24&quot;,&quot;title&quot;:&quot;The key to my heart&quot;,&quot;width&quot;:&quot;0&quot;,&quot;_legend&quot;:&quot;{score}\\\/{best} - ({count} {votes})&quot;,&quot;font_factor&quot;:&quot;1.25&quot;}'>\n            \n<div class=\"kksr-stars\">\n    \n<div class=\"kksr-stars-inactive\">\n            <div class=\"kksr-star\" data-star=\"1\" style=\"padding-right: 5px\">\n            \n\n<div class=\"kksr-icon\" style=\"width: 24px; height: 24px;\"><\/div>\n        <\/div>\n            <div class=\"kksr-star\" data-star=\"2\" style=\"padding-right: 5px\">\n            \n\n<div class=\"kksr-icon\" style=\"width: 24px; height: 24px;\"><\/div>\n        <\/div>\n            <div class=\"kksr-star\" data-star=\"3\" style=\"padding-right: 5px\">\n            \n\n<div class=\"kksr-icon\" style=\"width: 24px; height: 24px;\"><\/div>\n        <\/div>\n            <div class=\"kksr-star\" data-star=\"4\" style=\"padding-right: 5px\">\n            \n\n<div class=\"kksr-icon\" style=\"width: 24px; height: 24px;\"><\/div>\n        <\/div>\n            <div class=\"kksr-star\" data-star=\"5\" style=\"padding-right: 5px\">\n            \n\n<div class=\"kksr-icon\" style=\"width: 24px; height: 24px;\"><\/div>\n        <\/div>\n    <\/div>\n    \n<div class=\"kksr-stars-active\" style=\"width: 0px;\">\n            <div class=\"kksr-star\" style=\"padding-right: 5px\">\n            \n\n<div class=\"kksr-icon\" style=\"width: 24px; height: 24px;\"><\/div>\n        <\/div>\n            <div class=\"kksr-star\" style=\"padding-right: 5px\">\n            \n\n<div class=\"kksr-icon\" style=\"width: 24px; height: 24px;\"><\/div>\n        <\/div>\n            <div class=\"kksr-star\" style=\"padding-right: 5px\">\n            \n\n<div class=\"kksr-icon\" style=\"width: 24px; height: 24px;\"><\/div>\n        <\/div>\n            <div class=\"kksr-star\" style=\"padding-right: 5px\">\n            \n\n<div class=\"kksr-icon\" style=\"width: 24px; height: 24px;\"><\/div>\n        <\/div>\n            <div class=\"kksr-star\" style=\"padding-right: 5px\">\n            \n\n<div class=\"kksr-icon\" style=\"width: 24px; height: 24px;\"><\/div>\n        <\/div>\n    <\/div>\n<\/div>\n                \n\n<div class=\"kksr-legend\" style=\"font-size: 19.2px;\">\n            <span class=\"kksr-muted\">Your evaluation is important to us<\/span>\n    <\/div>\n    <\/div>\n<h4 data-start=\"58\" data-end=\"82\"><strong data-start=\"63\" data-end=\"80\">About the Product<\/strong><\/h4>\n<p data-start=\"83\" data-end=\"716\">Pakabukas The Key To My \u2764\ufe0f yra originalus med\u017eiaginis aksesuaras, sukurtas perteikti gil\u0173 jausm\u0105 ir meil\u0117s \u017einut\u0119. Jis pagamintas i\u0161 auk\u0161tos kokyb\u0117s juodos med\u017eiagos, kuri u\u017etikrina tvirtum\u0105 ir ilgaam\u017ei\u0161kum\u0105. Ant pakabuko i\u0161siuv\u0117tas u\u017era\u0161as \u201eThe Key To My \u2764\ufe0f\u201d yra atliekamas baltais ir raudonais si\u016blais, sudarant ry\u0161k\u0173 kontrast\u0105 ir modern\u0173 \u012fsp\u016bd\u012f. \u0160is pakabukas yra sukurtas ypa\u010d motociklo raktams, ta\u010diau puikiai tinka ir automobili\u0173 bei nam\u0173 raktams. Unikalus dizainas pabr\u0117\u017eia asmenin\u012f stili\u0173 ir perteikia sentimental\u0173 po\u017ei\u016br\u012f \u012f gyvenim\u0105. Jis yra puikus pasirinkimas kaip dovana tiems, kurie vertina originalum\u0105 ir autenti\u0161kum\u0105.<\/p>\n<p data-start=\"718\" data-end=\"1308\">Pakabuko dizainas yra minimalistinis, ta\u010diau \u012fsimintinas. Juoda med\u017eiaga suteikia elegancijos, o baltais ir raudonais si\u016blais i\u0161siuv\u0117tas tekstas pabr\u0117\u017eia emocin\u0119 vert\u0119. Kiekviena detal\u0117 yra kruop\u0161\u010diai apdorota, kad produktas i\u0161likt\u0173 naujas net po ilgo intensyvaus naudojimo. Tvirtas metalinis \u017eiedelis ir integruotas karabinas leid\u017eia lengvai pritvirtinti pakabuk\u0105 prie rakt\u0173 rinkinio, kuprin\u0117s ar dir\u017eo, u\u017etikrinant, kad raktai bus saugiai laikomi. Jei norite su\u017einoti daugiau apie auk\u0161tos kokyb\u0117s aksesuarus, apsilankykite <a target=\"_new\" rel=\"noopener\" data-start=\"1243\" data-end=\"1307\">External Resource<\/a>.<\/p>\n<h4 data-start=\"1310\" data-end=\"1349\"><strong data-start=\"1315\" data-end=\"1347\">Functionality and Usage<\/strong><\/h4>\n<p data-start=\"1350\" data-end=\"2007\">Pakabukas The Key To My \u2764\ufe0f ne tik puo\u0161ia j\u016bs\u0173 raktus, bet ir efektyviai juos saugo. Jo patvari konstrukcija leid\u017eia lengvai pritvirtinti ir greitai atlaisvinti aksesuar\u0105, tod\u0117l jis yra idealus kasdieniam naudojimui. Universalus dizainas rei\u0161kia, kad pakabukas tinka tiek ma\u017eiems, tiek didesniems rakt\u0173 rinkiniams. Naudojimo paprastumas u\u017etikrina, kad kiekvienas vartotojas gal\u0117s be vargo i\u0161laikyti tvark\u0105 ir saugum\u0105 savo rakt\u0173 rinkinime. \u0160is produktas taip pat puikiai dera kaip dovana, nes perteikia sentimentali\u0105 \u017einut\u0119 ir skatina i\u0161siskirti. I\u0161sami informacija apie m\u016bs\u0173 produktus yra prieinama <a href=\"https:\/\/www.example.com\/products\" target=\"_new\" rel=\"noopener\" data-start=\"1948\" data-end=\"2006\">In our product catalogue<\/a>.<\/p>\n<h4 data-start=\"2009\" data-end=\"2038\"><strong data-start=\"2014\" data-end=\"2036\">Design and Quality<\/strong><\/h4>\n<p data-start=\"2039\" data-end=\"2529\">Dizainas yra modernus ir eleganti\u0161kas. Juoda med\u017eiaga su i\u0161siuv\u0117tu tekstu sukuria ai\u0161k\u0173 vizualin\u012f efekt\u0105, o detalus apdorojimas u\u017etikrina, kad pakabukas i\u0161liks patvarus net po intensyvaus naudojimo. Baltais ir raudonais si\u016blais i\u0161siuv\u0117tas u\u017era\u0161as suteikia produkcijai ypating\u0105 emocin\u0119 vert\u0119, o tvirtas tvirtinimo mechanizmas garantuoja patikim\u0105 prisijungim\u0105 prie rakt\u0173. Produktas atitinka \u0161iuolaikini\u0173 aksesuar\u0173 standartus ir yra skirtas tiems, kurie vertina i\u0161skirtinum\u0105 ir sentimentalum\u0105.<\/p>\n<h4 data-start=\"2531\" data-end=\"2562\"><strong data-start=\"2536\" data-end=\"2560\">Why Choose?<\/strong><\/h4>\n<p data-start=\"2563\" data-end=\"3120\">Investavimas \u012f pakabuk\u0105 The Key To My \u2764\ufe0f yra puikus pasirinkimas tiems, kurie nori, kad j\u0173 raktai atspind\u0117t\u0173 asmenin\u012f, emocin\u012f po\u017ei\u016br\u012f. \u0160is aksesuaras saugo raktus patikimai ir suteikia jiems stiling\u0105, modern\u0173 akcent\u0105. Unikalus dizainas perteikia gil\u0173 jausm\u0105 ir autenti\u0161kum\u0105, tod\u0117l jis yra idealus kaip dovana. Pasirinkdami \u0161\u012f produkt\u0105, j\u016bs investuojate \u012f kokyb\u0119, funkcionalum\u0105 ir i\u0161skirtinum\u0105, kurie papildys j\u016bs\u0173 kasdienyb\u0119 ir i\u0161ry\u0161kins j\u016bs\u0173 asmenin\u012f stili\u0173. I\u0161samiau apie m\u016bs\u0173 aksesuarus rasite <a href=\"https:\/\/www.example.com\/products\" target=\"_new\" rel=\"noopener\" data-start=\"3061\" data-end=\"3119\">In our product catalogue<\/a>.<\/p>","protected":false},"excerpt":{"rendered":"<p>Pakabukas The Key To My HEART \u2013 originalus med\u017eiaginis aksesuaras su i\u0161siuv\u0117tu u\u017era\u0161u, sukurtas perteikti sentimental\u0173 po\u017ei\u016br\u012f ir meil\u0117s \u017einut\u0119 motociklo raktams.<\/p>","protected":false},"featured_media":2795,"comment_status":"closed","ping_status":"closed","template":"","meta":{"_uag_custom_page_level_css":"","site-sidebar-layout":"default","site-content-layout":"","ast-site-content-layout":"default","site-content-style":"default","site-sidebar-style":"default","ast-global-header-display":"","ast-banner-title-visibility":"","ast-main-header-display":"","ast-hfb-above-header-display":"","ast-hfb-below-header-display":"","ast-hfb-mobile-header-display":"","site-post-title":"","ast-breadcrumbs-content":"","ast-featured-img":"","footer-sml-layout":"","ast-disable-related-posts":"","theme-transparent-header-meta":"default","adv-header-id-meta":"","stick-header-meta":"","header-above-stick-meta":"","header-main-stick-meta":"","header-below-stick-meta":"","astra-migrate-meta-layouts":"set","ast-page-background-enabled":"default","ast-page-background-meta":{"desktop":{"background-color":"var(--ast-global-color-4)","background-image":"","background-repeat":"repeat","background-position":"center center","background-size":"auto","background-attachment":"scroll","background-type":"","background-media":"","overlay-type":"","overlay-color":"","overlay-opacity":"","overlay-gradient":""},"tablet":{"background-color":"","background-image":"","background-repeat":"repeat","background-position":"center center","background-size":"auto","background-attachment":"scroll","background-type":"","background-media":"","overlay-type":"","overlay-color":"","overlay-opacity":"","overlay-gradient":""},"mobile":{"background-color":"","background-image":"","background-repeat":"repeat","background-position":"center center","background-size":"auto","background-attachment":"scroll","background-type":"","background-media":"","overlay-type":"","overlay-color":"","overlay-opacity":"","overlay-gradient":""}},"ast-content-background-meta":{"desktop":{"background-color":"var(--ast-global-color-5)","background-image":"","background-repeat":"repeat","background-position":"center center","background-size":"auto","background-attachment":"scroll","background-type":"","background-media":"","overlay-type":"","overlay-color":"","overlay-opacity":"","overlay-gradient":""},"tablet":{"background-color":"var(--ast-global-color-5)","background-image":"","background-repeat":"repeat","background-position":"center center","background-size":"auto","background-attachment":"scroll","background-type":"","background-media":"","overlay-type":"","overlay-color":"","overlay-opacity":"","overlay-gradient":""},"mobile":{"background-color":"var(--ast-global-color-5)","background-image":"","background-repeat":"repeat","background-position":"center center","background-size":"auto","background-attachment":"scroll","background-type":"","background-media":"","overlay-type":"","overlay-color":"","overlay-opacity":"","overlay-gradient":""}}},"product_brand":[],"product_cat":[126,91,118],"product_tag":[],"class_list":{"0":"post-2794","1":"product","2":"type-product","3":"status-publish","4":"has-post-thumbnail","6":"product_cat-visi","7":"product_cat-motociklo-raktu-pakabukai","8":"product_cat-dovana-teciui","9":"desktop-align-center","10":"tablet-align-left","11":"mobile-align-left","13":"first","14":"instock","15":"shipping-taxable","16":"purchasable","17":"product-type-simple"},"yoast_head":"<!-- This site is optimized with the Yoast SEO plugin v27.1.1 - https:\/\/yoast.com\/product\/yoast-seo-wordpress\/ -->\n<title>The key to my heart - kabinam.lt<\/title>\n<meta name=\"description\" content=\"raktu-pakabukas-the-key-to-my-heartPakabukas The Key To My HEART \u2013 med\u017eiaginis aksesuaras su i\u0161siuv\u0117tu u\u017era\u0161u, perteikiantis meil\u0117s \u017einut\u0119. Tvirtas ir stilingas pasirinkimas j\u016bs\u0173 raktams!\" \/>\n<meta name=\"robots\" content=\"index, follow, max-snippet:-1, max-image-preview:large, max-video-preview:-1\" \/>\n<link rel=\"canonical\" href=\"https:\/\/kabinam.lt\/eng\/product\/key-pendant-the-key-to-my-heart\/\" \/>\n<meta property=\"og:locale\" content=\"en_US\" \/>\n<meta property=\"og:type\" content=\"article\" \/>\n<meta property=\"og:title\" content=\"The key to my heart - kabinam.lt\" \/>\n<meta property=\"og:description\" content=\"raktu-pakabukas-the-key-to-my-heartPakabukas The Key To My HEART \u2013 med\u017eiaginis aksesuaras su i\u0161siuv\u0117tu u\u017era\u0161u, perteikiantis meil\u0117s \u017einut\u0119. Tvirtas ir stilingas pasirinkimas j\u016bs\u0173 raktams!\" \/>\n<meta property=\"og:url\" content=\"https:\/\/kabinam.lt\/eng\/product\/key-pendant-the-key-to-my-heart\/\" \/>\n<meta property=\"og:site_name\" content=\"kabinam.lt\" \/>\n<meta property=\"article:modified_time\" content=\"2026-01-03T16:50:42+00:00\" \/>\n<meta property=\"og:image\" content=\"https:\/\/kabinam.lt\/wp-content\/uploads\/2024\/08\/d12cbfe2778ba9159e0280012a655a2a.jpg\" \/>\n\t<meta property=\"og:image:width\" content=\"800\" \/>\n\t<meta property=\"og:image:height\" content=\"800\" \/>\n\t<meta property=\"og:image:type\" content=\"image\/jpeg\" \/>\n<meta name=\"twitter:card\" content=\"summary_large_image\" \/>\n<meta name=\"twitter:label1\" content=\"Est. reading time\" \/>\n\t<meta name=\"twitter:data1\" content=\"3 minutes\" \/>\n<script type=\"application\/ld+json\" class=\"yoast-schema-graph\">{\"@context\":\"https:\/\/schema.org\",\"@graph\":[{\"@type\":[\"WebPage\",\"ItemPage\"],\"@id\":\"https:\/\/kabinam.lt\/eng\/product\/key-pendant-the-key-to-my-heart\/\",\"url\":\"https:\/\/kabinam.lt\/eng\/product\/key-pendant-the-key-to-my-heart\/\",\"name\":\"The key to my heart - kabinam.lt\",\"isPartOf\":{\"@id\":\"https:\/\/kabinam.lt\/#website\"},\"primaryImageOfPage\":{\"@id\":\"https:\/\/kabinam.lt\/eng\/product\/key-pendant-the-key-to-my-heart\/#primaryimage\"},\"image\":{\"@id\":\"https:\/\/kabinam.lt\/eng\/product\/key-pendant-the-key-to-my-heart\/#primaryimage\"},\"thumbnailUrl\":\"https:\/\/kabinam.lt\/wp-content\/uploads\/2024\/08\/d12cbfe2778ba9159e0280012a655a2a.jpg\",\"datePublished\":\"2024-08-17T10:09:49+00:00\",\"dateModified\":\"2026-01-03T16:50:42+00:00\",\"description\":\"raktu-pakabukas-the-key-to-my-heartPakabukas The Key To My HEART \u2013 med\u017eiaginis aksesuaras su i\u0161siuv\u0117tu u\u017era\u0161u, perteikiantis meil\u0117s \u017einut\u0119. Tvirtas ir stilingas pasirinkimas j\u016bs\u0173 raktams!\",\"breadcrumb\":{\"@id\":\"https:\/\/kabinam.lt\/eng\/product\/key-pendant-the-key-to-my-heart\/#breadcrumb\"},\"inLanguage\":\"en-US\",\"potentialAction\":[{\"@type\":\"ReadAction\",\"target\":[\"https:\/\/kabinam.lt\/eng\/product\/key-pendant-the-key-to-my-heart\/\"]}]},{\"@type\":\"ImageObject\",\"inLanguage\":\"en-US\",\"@id\":\"https:\/\/kabinam.lt\/eng\/product\/key-pendant-the-key-to-my-heart\/#primaryimage\",\"url\":\"https:\/\/kabinam.lt\/wp-content\/uploads\/2024\/08\/d12cbfe2778ba9159e0280012a655a2a.jpg\",\"contentUrl\":\"https:\/\/kabinam.lt\/wp-content\/uploads\/2024\/08\/d12cbfe2778ba9159e0280012a655a2a.jpg\",\"width\":800,\"height\":800,\"caption\":\"Rakt\u0173 pakabukas The Key To My HEART \u2013 Emocinis Aksesuaras\"},{\"@type\":\"BreadcrumbList\",\"@id\":\"https:\/\/kabinam.lt\/eng\/product\/key-pendant-the-key-to-my-heart\/#breadcrumb\",\"itemListElement\":[{\"@type\":\"ListItem\",\"position\":1,\"name\":\"Home\",\"item\":\"https:\/\/kabinam.lt\/\"},{\"@type\":\"ListItem\",\"position\":2,\"name\":\"Visi Produktai\",\"item\":\"https:\/\/kabinam.lt\/visi-produktai\/\"},{\"@type\":\"ListItem\",\"position\":3,\"name\":\"The key to my heart\"}]},{\"@type\":\"WebSite\",\"@id\":\"https:\/\/kabinam.lt\/#website\",\"url\":\"https:\/\/kabinam.lt\/\",\"name\":\"kabinam.lt\",\"description\":\"Kabinam.lt \u2013 raktu pakabukai ir aksesuarai\",\"publisher\":{\"@id\":\"https:\/\/kabinam.lt\/#organization\"},\"alternateName\":\"pakabukai lt\",\"potentialAction\":[{\"@type\":\"SearchAction\",\"target\":{\"@type\":\"EntryPoint\",\"urlTemplate\":\"https:\/\/kabinam.lt\/?s={search_term_string}\"},\"query-input\":{\"@type\":\"PropertyValueSpecification\",\"valueRequired\":true,\"valueName\":\"search_term_string\"}}],\"inLanguage\":\"en-US\"},{\"@type\":\"Organization\",\"@id\":\"https:\/\/kabinam.lt\/#organization\",\"name\":\"kabinam.lt\",\"alternateName\":\"kabinam\",\"url\":\"https:\/\/kabinam.lt\/\",\"logo\":{\"@type\":\"ImageObject\",\"inLanguage\":\"en-US\",\"@id\":\"https:\/\/kabinam.lt\/#\/schema\/logo\/image\/\",\"url\":\"https:\/\/kabinam.lt\/wp-content\/uploads\/2025\/05\/KABINAM_outer_glow.png\",\"contentUrl\":\"https:\/\/kabinam.lt\/wp-content\/uploads\/2025\/05\/KABINAM_outer_glow.png\",\"width\":474,\"height\":141,\"caption\":\"kabinam.lt\"},\"image\":{\"@id\":\"https:\/\/kabinam.lt\/#\/schema\/logo\/image\/\"}}]}<\/script>\n<!-- \/ Yoast SEO plugin. -->","yoast_head_json":{"title":"The key to my heart - kabinam.lt","description":"raktu-pakabukas-the-key-to-my-heartPakabukas The Key To My HEART \u2013 material accessory with embroidered message, expressing a love message. Strong and stylish choice for your keys!","robots":{"index":"index","follow":"follow","max-snippet":"max-snippet:-1","max-image-preview":"max-image-preview:large","max-video-preview":"max-video-preview:-1"},"canonical":"https:\/\/kabinam.lt\/eng\/product\/key-pendant-the-key-to-my-heart\/","og_locale":"en_US","og_type":"article","og_title":"The key to my heart - kabinam.lt","og_description":"raktu-pakabukas-the-key-to-my-heartPakabukas The Key To My HEART \u2013 med\u017eiaginis aksesuaras su i\u0161siuv\u0117tu u\u017era\u0161u, perteikiantis meil\u0117s \u017einut\u0119. Tvirtas ir stilingas pasirinkimas j\u016bs\u0173 raktams!","og_url":"https:\/\/kabinam.lt\/eng\/product\/key-pendant-the-key-to-my-heart\/","og_site_name":"kabinam.lt","article_modified_time":"2026-01-03T16:50:42+00:00","og_image":[{"width":800,"height":800,"url":"https:\/\/kabinam.lt\/wp-content\/uploads\/2024\/08\/d12cbfe2778ba9159e0280012a655a2a.jpg","type":"image\/jpeg"}],"twitter_card":"summary_large_image","twitter_misc":{"Est. reading time":"3 minutes"},"schema":{"@context":"https:\/\/schema.org","@graph":[{"@type":["WebPage","ItemPage"],"@id":"https:\/\/kabinam.lt\/eng\/product\/key-pendant-the-key-to-my-heart\/","url":"https:\/\/kabinam.lt\/eng\/product\/key-pendant-the-key-to-my-heart\/","name":"The key to my heart - kabinam.lt","isPartOf":{"@id":"https:\/\/kabinam.lt\/#website"},"primaryImageOfPage":{"@id":"https:\/\/kabinam.lt\/eng\/product\/key-pendant-the-key-to-my-heart\/#primaryimage"},"image":{"@id":"https:\/\/kabinam.lt\/eng\/product\/key-pendant-the-key-to-my-heart\/#primaryimage"},"thumbnailUrl":"https:\/\/kabinam.lt\/wp-content\/uploads\/2024\/08\/d12cbfe2778ba9159e0280012a655a2a.jpg","datePublished":"2024-08-17T10:09:49+00:00","dateModified":"2026-01-03T16:50:42+00:00","description":"raktu-pakabukas-the-key-to-my-heartPakabukas The Key To My HEART \u2013 material accessory with embroidered message, expressing a love message. Strong and stylish choice for your keys!","breadcrumb":{"@id":"https:\/\/kabinam.lt\/eng\/product\/key-pendant-the-key-to-my-heart\/#breadcrumb"},"inLanguage":"en-US","potentialAction":[{"@type":"ReadAction","target":["https:\/\/kabinam.lt\/eng\/product\/key-pendant-the-key-to-my-heart\/"]}]},{"@type":"ImageObject","inLanguage":"en-US","@id":"https:\/\/kabinam.lt\/eng\/product\/key-pendant-the-key-to-my-heart\/#primaryimage","url":"https:\/\/kabinam.lt\/wp-content\/uploads\/2024\/08\/d12cbfe2778ba9159e0280012a655a2a.jpg","contentUrl":"https:\/\/kabinam.lt\/wp-content\/uploads\/2024\/08\/d12cbfe2778ba9159e0280012a655a2a.jpg","width":800,"height":800,"caption":"Rakt\u0173 pakabukas The Key To My HEART \u2013 Emocinis Aksesuaras"},{"@type":"BreadcrumbList","@id":"https:\/\/kabinam.lt\/eng\/product\/key-pendant-the-key-to-my-heart\/#breadcrumb","itemListElement":[{"@type":"ListItem","position":1,"name":"Home","item":"https:\/\/kabinam.lt\/"},{"@type":"ListItem","position":2,"name":"Visi Produktai","item":"https:\/\/kabinam.lt\/visi-produktai\/"},{"@type":"ListItem","position":3,"name":"The key to my heart"}]},{"@type":"WebSite","@id":"https:\/\/kabinam.lt\/#website","url":"https:\/\/kabinam.lt\/","name":"kabinam.lt","description":"Kabinam.lt - key chains and accessories","publisher":{"@id":"https:\/\/kabinam.lt\/#organization"},"alternateName":"pakabukai lt","potentialAction":[{"@type":"SearchAction","target":{"@type":"EntryPoint","urlTemplate":"https:\/\/kabinam.lt\/?s={search_term_string}"},"query-input":{"@type":"PropertyValueSpecification","valueRequired":true,"valueName":"search_term_string"}}],"inLanguage":"en-US"},{"@type":"Organization","@id":"https:\/\/kabinam.lt\/#organization","name":"kabinam.lt","alternateName":"kabinam","url":"https:\/\/kabinam.lt\/","logo":{"@type":"ImageObject","inLanguage":"en-US","@id":"https:\/\/kabinam.lt\/#\/schema\/logo\/image\/","url":"https:\/\/kabinam.lt\/wp-content\/uploads\/2025\/05\/KABINAM_outer_glow.png","contentUrl":"https:\/\/kabinam.lt\/wp-content\/uploads\/2025\/05\/KABINAM_outer_glow.png","width":474,"height":141,"caption":"kabinam.lt"},"image":{"@id":"https:\/\/kabinam.lt\/#\/schema\/logo\/image\/"}}]}},"uagb_featured_image_src":{"full":["https:\/\/kabinam.lt\/wp-content\/uploads\/2024\/08\/d12cbfe2778ba9159e0280012a655a2a.jpg",800,800,false],"thumbnail":["https:\/\/kabinam.lt\/wp-content\/uploads\/2024\/08\/d12cbfe2778ba9159e0280012a655a2a-150x150.jpg",150,150,true],"medium":["https:\/\/kabinam.lt\/wp-content\/uploads\/2024\/08\/d12cbfe2778ba9159e0280012a655a2a-300x300.jpg",300,300,true],"medium_large":["https:\/\/kabinam.lt\/wp-content\/uploads\/2024\/08\/d12cbfe2778ba9159e0280012a655a2a-768x768.jpg",768,768,true],"large":["https:\/\/kabinam.lt\/wp-content\/uploads\/2024\/08\/d12cbfe2778ba9159e0280012a655a2a.jpg",800,800,false],"1536x1536":["https:\/\/kabinam.lt\/wp-content\/uploads\/2024\/08\/d12cbfe2778ba9159e0280012a655a2a.jpg",800,800,false],"2048x2048":["https:\/\/kabinam.lt\/wp-content\/uploads\/2024\/08\/d12cbfe2778ba9159e0280012a655a2a.jpg",800,800,false],"trp-custom-language-flag":["https:\/\/kabinam.lt\/wp-content\/uploads\/2024\/08\/d12cbfe2778ba9159e0280012a655a2a.jpg",12,12,false],"woocommerce_thumbnail":["https:\/\/kabinam.lt\/wp-content\/uploads\/2024\/08\/d12cbfe2778ba9159e0280012a655a2a-300x300.jpg",300,300,true],"woocommerce_single":["https:\/\/kabinam.lt\/wp-content\/uploads\/2024\/08\/d12cbfe2778ba9159e0280012a655a2a-600x600.jpg",600,600,true],"woocommerce_gallery_thumbnail":["https:\/\/kabinam.lt\/wp-content\/uploads\/2024\/08\/d12cbfe2778ba9159e0280012a655a2a-100x100.jpg",100,100,true]},"uagb_author_info":{"display_name":"kabinam.lt","author_link":"https:\/\/kabinam.lt\/eng\/author\/"},"uagb_comment_info":0,"uagb_excerpt":"Pakabukas The Key To My HEART \u2013 originalus med\u017eiaginis aksesuaras su i\u0161siuv\u0117tu u\u017era\u0161u, sukurtas perteikti sentimental\u0173 po\u017ei\u016br\u012f ir meil\u0117s \u017einut\u0119 motociklo raktams.","_links":{"self":[{"href":"https:\/\/kabinam.lt\/eng\/wp-json\/wp\/v2\/product\/2794","targetHints":{"allow":["GET"]}}],"collection":[{"href":"https:\/\/kabinam.lt\/eng\/wp-json\/wp\/v2\/product"}],"about":[{"href":"https:\/\/kabinam.lt\/eng\/wp-json\/wp\/v2\/types\/product"}],"replies":[{"embeddable":true,"href":"https:\/\/kabinam.lt\/eng\/wp-json\/wp\/v2\/comments?post=2794"}],"wp:featuredmedia":[{"embeddable":true,"href":"https:\/\/kabinam.lt\/eng\/wp-json\/wp\/v2\/media\/2795"}],"wp:attachment":[{"href":"https:\/\/kabinam.lt\/eng\/wp-json\/wp\/v2\/media?parent=2794"}],"wp:term":[{"taxonomy":"product_brand","embeddable":true,"href":"https:\/\/kabinam.lt\/eng\/wp-json\/wp\/v2\/product_brand?post=2794"},{"taxonomy":"product_cat","embeddable":true,"href":"https:\/\/kabinam.lt\/eng\/wp-json\/wp\/v2\/product_cat?post=2794"},{"taxonomy":"product_tag","embeddable":true,"href":"https:\/\/kabinam.lt\/eng\/wp-json\/wp\/v2\/product_tag?post=2794"}],"curies":[{"name":"wp","href":"https:\/\/api.w.org\/{rel}","templated":true}]}}