{"id":2594,"date":"2024-08-17T09:14:46","date_gmt":"2024-08-17T06:14:46","guid":{"rendered":"https:\/\/kabinam.lt\/?post_type=product&#038;p=2594"},"modified":"2026-01-18T15:49:43","modified_gmt":"2026-01-18T13:49:43","slug":"raktu-pakabukas-freddy-personazas","status":"publish","type":"product","link":"https:\/\/kabinam.lt\/eng\/product\/raktu-pakabukas-freddy-personazas\/","title":{"rendered":"Freddy the character keyring - for game fans"},"content":{"rendered":"<div class=\"kk-star-ratings kksr-auto kksr-align-left kksr-valign-top\"\n    data-payload='{&quot;align&quot;:&quot;left&quot;,&quot;id&quot;:&quot;2594&quot;,&quot;slug&quot;:&quot;default&quot;,&quot;valign&quot;:&quot;top&quot;,&quot;ignore&quot;:&quot;&quot;,&quot;reference&quot;:&quot;auto&quot;,&quot;class&quot;:&quot;&quot;,&quot;count&quot;:&quot;0&quot;,&quot;legendonly&quot;:&quot;&quot;,&quot;readonly&quot;:&quot;&quot;,&quot;score&quot;:&quot;0&quot;,&quot;starsonly&quot;:&quot;&quot;,&quot;best&quot;:&quot;5&quot;,&quot;gap&quot;:&quot;5&quot;,&quot;greet&quot;:&quot;Mums svarbus j\u016bs\u0173 \u012fvertinimas&quot;,&quot;legend&quot;:&quot;0\\\/5 - (0 votes)&quot;,&quot;size&quot;:&quot;24&quot;,&quot;title&quot;:&quot;Rakt\u0173 pakabukas Freddy persona\u017eas \u2013  \u017eaidim\u0173 gerb\u0117jams&quot;,&quot;width&quot;:&quot;0&quot;,&quot;_legend&quot;:&quot;{score}\\\/{best} - ({count} {votes})&quot;,&quot;font_factor&quot;:&quot;1.25&quot;}'>\n            \n<div class=\"kksr-stars\">\n    \n<div class=\"kksr-stars-inactive\">\n            <div class=\"kksr-star\" data-star=\"1\" style=\"padding-right: 5px\">\n            \n\n<div class=\"kksr-icon\" style=\"width: 24px; height: 24px;\"><\/div>\n        <\/div>\n            <div class=\"kksr-star\" data-star=\"2\" style=\"padding-right: 5px\">\n            \n\n<div class=\"kksr-icon\" style=\"width: 24px; height: 24px;\"><\/div>\n        <\/div>\n            <div class=\"kksr-star\" data-star=\"3\" style=\"padding-right: 5px\">\n            \n\n<div class=\"kksr-icon\" style=\"width: 24px; height: 24px;\"><\/div>\n        <\/div>\n            <div class=\"kksr-star\" data-star=\"4\" style=\"padding-right: 5px\">\n            \n\n<div class=\"kksr-icon\" style=\"width: 24px; height: 24px;\"><\/div>\n        <\/div>\n            <div class=\"kksr-star\" data-star=\"5\" style=\"padding-right: 5px\">\n            \n\n<div class=\"kksr-icon\" style=\"width: 24px; height: 24px;\"><\/div>\n        <\/div>\n    <\/div>\n    \n<div class=\"kksr-stars-active\" style=\"width: 0px;\">\n            <div class=\"kksr-star\" style=\"padding-right: 5px\">\n            \n\n<div class=\"kksr-icon\" style=\"width: 24px; height: 24px;\"><\/div>\n        <\/div>\n            <div class=\"kksr-star\" style=\"padding-right: 5px\">\n            \n\n<div class=\"kksr-icon\" style=\"width: 24px; height: 24px;\"><\/div>\n        <\/div>\n            <div class=\"kksr-star\" style=\"padding-right: 5px\">\n            \n\n<div class=\"kksr-icon\" style=\"width: 24px; height: 24px;\"><\/div>\n        <\/div>\n            <div class=\"kksr-star\" style=\"padding-right: 5px\">\n            \n\n<div class=\"kksr-icon\" style=\"width: 24px; height: 24px;\"><\/div>\n        <\/div>\n            <div class=\"kksr-star\" style=\"padding-right: 5px\">\n            \n\n<div class=\"kksr-icon\" style=\"width: 24px; height: 24px;\"><\/div>\n        <\/div>\n    <\/div>\n<\/div>\n                \n\n<div class=\"kksr-legend\" style=\"font-size: 19.2px;\">\n            <span class=\"kksr-muted\">Your evaluation is important to us<\/span>\n    <\/div>\n    <\/div>\n<h1>Rakt\u0173 pakabukas Freddy persona\u017eas \u2013 stilingas pasirinkimas \u017eaidim\u0173 gerb\u0117jams<\/h1>\n<h2>Rakt\u0173 pakabukas Freddy persona\u017eas \u2013 \u017eaidim\u0173 kult\u016bros detal\u0117 kasdienyb\u0117je<\/h2>\n<p>Rakt\u0173 pakabukas Freddy persona\u017eas \u2013 tai aksesuaras, atspindintis vien\u0105 garsiausi\u0173 \u0161iuolaikini\u0173 siaubo \u017eaidim\u0173 simboli\u0173. \u017daidimas \u201eFive Nights At Freddy\u2019s\u201c \u017einomas d\u0117l savo unikalios atmosferos, \u012ftampos ir i\u0161skirtini\u0173 animatronini\u0173 veik\u0117j\u0173, o Freddy \u2013 jo centrin\u0117 fig\u016bra.<\/p>\n<p>Pakabukas tiksliai atkartoja \u0161io persona\u017eo form\u0105 \u2013 me\u0161kiukas Freddy pavaizduotas su skryb\u0117le, rudu kailiu, juodomis akut\u0117mis. Jis atrodo \u017eaismingai, bet kartu i\u0161laiko tamsesn\u0119 estetik\u0105, kuri b\u016bdinga pa\u010diam \u017eaidimui. D\u0117l to \u0161is pakabukas patiks tiek paaugliams, tiek suaugusiems fanams, vertinantiems original\u0173 stili\u0173.<\/p>\n<h2>Kokyb\u0117 ir detal\u0117s \u2013 svarbiausia<\/h2>\n<p>Pakabukas pagamintas i\u0161 tvirto PVC plastiko su metaliniu \u017eiedu, tod\u0117l patvarus ir tinkamas kasdieniam naudojimui. D\u0117l ma\u017eo svorio jis tinka kabinti ne tik prie rakt\u0173, bet ir prie kuprin\u0117s ar automobilio raktelio.<\/p>\n<p>Dizainas kruop\u0161\u010diai i\u0161dirbtas \u2013 nuo skryb\u0117l\u0117s formos iki persona\u017eo i\u0161rai\u0161kos, tad tai n\u0117ra tiesiog \u017eaislas, o kruop\u0161\u010diai sukurtas kolekcinis aksesuaras.<\/p>\n<h3>Kod\u0117l verta rinktis rakt\u0173 pakabuk\u0105 Freddy persona\u017eas?<\/h3>\n<p>\u0160is pakabukas \u2013 daugiau nei paprastas aksesuaras. Jis i\u0161rei\u0161kia pom\u0117g\u012f ir priklausym\u0105 populiariai \u017eaidim\u0173 bendruomenei. \u201eFive Nights At Freddy\u2019s\u201c fran\u0161iz\u0117 i\u0161gars\u0117jo visame pasaulyje, o jos simbolika tapo dalimi \u0161iuolaikin\u0117s geek ir pop kult\u016bros. Tod\u0117l Freddy atvaizdas puikiai tinka ne tik vaikams ar paaugliams, bet ir suaugusiems \u017eaid\u0117jams.<\/p>\n<p>\u0160is pakabukas yra puikus pasirinkimas kolekcionieriams, \u017eaidim\u0173 gerb\u0117jams ar tiesiog ie\u0161kantiems i\u0161skirtin\u0117s detal\u0117s savo aksesuar\u0173 kolekcijoje.<\/p>\n<h2>Daugiau \u012fkv\u0117pimo i\u0161 \u017eaidim\u0173 pasaulio<\/h2>\n<p>For those looking to find more themed accessories \u2013 we invite you to visit kabinam.lt, where you will find unique keychains related to gaming or movie culture.<\/p>\n<p>It's also worth checking out the IGN article about the Five Nights At Freddy's phenomenon, which will help better understand the reasons for this game's popularity.<\/p>","protected":false},"excerpt":{"rendered":"<p>Pakabukas Freddy \u2013 stilingas aksesuaras \u201eFive Nights At Freddy\u2019s\u201c fanui.<\/p>","protected":false},"featured_media":2601,"comment_status":"open","ping_status":"closed","template":"","meta":{"_uag_custom_page_level_css":"","site-sidebar-layout":"default","site-content-layout":"","ast-site-content-layout":"default","site-content-style":"default","site-sidebar-style":"default","ast-global-header-display":"","ast-banner-title-visibility":"","ast-main-header-display":"","ast-hfb-above-header-display":"","ast-hfb-below-header-display":"","ast-hfb-mobile-header-display":"","site-post-title":"","ast-breadcrumbs-content":"","ast-featured-img":"","footer-sml-layout":"","ast-disable-related-posts":"","theme-transparent-header-meta":"default","adv-header-id-meta":"","stick-header-meta":"","header-above-stick-meta":"","header-main-stick-meta":"","header-below-stick-meta":"","astra-migrate-meta-layouts":"set","ast-page-background-enabled":"default","ast-page-background-meta":{"desktop":{"background-color":"var(--ast-global-color-4)","background-image":"","background-repeat":"repeat","background-position":"center center","background-size":"auto","background-attachment":"scroll","background-type":"","background-media":"","overlay-type":"","overlay-color":"","overlay-opacity":"","overlay-gradient":""},"tablet":{"background-color":"","background-image":"","background-repeat":"repeat","background-position":"center center","background-size":"auto","background-attachment":"scroll","background-type":"","background-media":"","overlay-type":"","overlay-color":"","overlay-opacity":"","overlay-gradient":""},"mobile":{"background-color":"","background-image":"","background-repeat":"repeat","background-position":"center center","background-size":"auto","background-attachment":"scroll","background-type":"","background-media":"","overlay-type":"","overlay-color":"","overlay-opacity":"","overlay-gradient":""}},"ast-content-background-meta":{"desktop":{"background-color":"var(--ast-global-color-5)","background-image":"","background-repeat":"repeat","background-position":"center center","background-size":"auto","background-attachment":"scroll","background-type":"","background-media":"","overlay-type":"","overlay-color":"","overlay-opacity":"","overlay-gradient":""},"tablet":{"background-color":"var(--ast-global-color-5)","background-image":"","background-repeat":"repeat","background-position":"center center","background-size":"auto","background-attachment":"scroll","background-type":"","background-media":"","overlay-type":"","overlay-color":"","overlay-opacity":"","overlay-gradient":""},"mobile":{"background-color":"var(--ast-global-color-5)","background-image":"","background-repeat":"repeat","background-position":"center center","background-size":"auto","background-attachment":"scroll","background-type":"","background-media":"","overlay-type":"","overlay-color":"","overlay-opacity":"","overlay-gradient":""}}},"product_brand":[],"product_cat":[125,126,95,92],"product_tag":[],"class_list":{"0":"post-2594","1":"product","2":"type-product","3":"status-publish","4":"has-post-thumbnail","6":"product_cat-halloween","7":"product_cat-visi","8":"product_cat-unikalus-raktu-pakabukai","9":"product_cat-populiariausiu-produktu-kategorija","10":"desktop-align-center","11":"tablet-align-left","12":"mobile-align-left","14":"first","15":"instock","16":"shipping-taxable","17":"purchasable","18":"product-type-variable"},"yoast_head":"<!-- This site is optimized with the Yoast SEO plugin v27.1.1 - https:\/\/yoast.com\/product\/yoast-seo-wordpress\/ -->\n<title>Rakt\u0173 pakabukas Freddy persona\u017eas \u2013 \u017eaidim\u0173 gerb\u0117jams - kabinam.lt<\/title>\n<meta name=\"description\" content=\"Rakt\u0173 pakabukas Freddy persona\u017eas \u2013 i\u0161skirtinis \u017eaidim\u0173 gerb\u0117j\u0173 aksesuaras i\u0161 Five Nights At Freddy\u2019s.\" \/>\n<meta name=\"robots\" content=\"index, follow, max-snippet:-1, max-image-preview:large, max-video-preview:-1\" \/>\n<link rel=\"canonical\" href=\"https:\/\/kabinam.lt\/eng\/product\/raktu-pakabukas-freddy-personazas\/\" \/>\n<meta property=\"og:locale\" content=\"en_US\" \/>\n<meta property=\"og:type\" content=\"article\" \/>\n<meta property=\"og:title\" content=\"Rakt\u0173 pakabukas Freddy persona\u017eas \u2013 \u017eaidim\u0173 gerb\u0117jams - kabinam.lt\" \/>\n<meta property=\"og:description\" content=\"Rakt\u0173 pakabukas Freddy persona\u017eas \u2013 i\u0161skirtinis \u017eaidim\u0173 gerb\u0117j\u0173 aksesuaras i\u0161 Five Nights At Freddy\u2019s.\" \/>\n<meta property=\"og:url\" content=\"https:\/\/kabinam.lt\/eng\/product\/raktu-pakabukas-freddy-personazas\/\" \/>\n<meta property=\"og:site_name\" content=\"kabinam.lt\" \/>\n<meta property=\"article:modified_time\" content=\"2026-01-18T13:49:43+00:00\" \/>\n<meta property=\"og:image\" content=\"https:\/\/kabinam.lt\/wp-content\/uploads\/2024\/06\/1243ecc030b6aa38b22d50f8e5502672-edited.jpg\" \/>\n\t<meta property=\"og:image:width\" content=\"736\" \/>\n\t<meta property=\"og:image:height\" content=\"552\" \/>\n\t<meta property=\"og:image:type\" content=\"image\/jpeg\" \/>\n<meta name=\"twitter:card\" content=\"summary_large_image\" \/>\n<meta name=\"twitter:label1\" content=\"Est. reading time\" \/>\n\t<meta name=\"twitter:data1\" content=\"2 minutes\" \/>\n<script type=\"application\/ld+json\" class=\"yoast-schema-graph\">{\"@context\":\"https:\/\/schema.org\",\"@graph\":[{\"@type\":[\"WebPage\",\"ItemPage\"],\"@id\":\"https:\/\/kabinam.lt\/eng\/product\/raktu-pakabukas-freddy-personazas\/\",\"url\":\"https:\/\/kabinam.lt\/eng\/product\/raktu-pakabukas-freddy-personazas\/\",\"name\":\"Rakt\u0173 pakabukas Freddy persona\u017eas \u2013 \u017eaidim\u0173 gerb\u0117jams - kabinam.lt\",\"isPartOf\":{\"@id\":\"https:\/\/kabinam.lt\/#website\"},\"primaryImageOfPage\":{\"@id\":\"https:\/\/kabinam.lt\/eng\/product\/raktu-pakabukas-freddy-personazas\/#primaryimage\"},\"image\":{\"@id\":\"https:\/\/kabinam.lt\/eng\/product\/raktu-pakabukas-freddy-personazas\/#primaryimage\"},\"thumbnailUrl\":\"https:\/\/kabinam.lt\/wp-content\/uploads\/2024\/08\/Action-Figure-Chica-Freddy-Keychains-Movie-Five-Night-at-Freddy-Keychain-Metal-Pendant-Llavero-Chaveiro-Gift.avif\",\"datePublished\":\"2024-08-17T06:14:46+00:00\",\"dateModified\":\"2026-01-18T13:49:43+00:00\",\"description\":\"Rakt\u0173 pakabukas Freddy persona\u017eas \u2013 i\u0161skirtinis \u017eaidim\u0173 gerb\u0117j\u0173 aksesuaras i\u0161 Five Nights At Freddy\u2019s.\",\"breadcrumb\":{\"@id\":\"https:\/\/kabinam.lt\/eng\/product\/raktu-pakabukas-freddy-personazas\/#breadcrumb\"},\"inLanguage\":\"en-US\",\"potentialAction\":[{\"@type\":\"ReadAction\",\"target\":[\"https:\/\/kabinam.lt\/eng\/product\/raktu-pakabukas-freddy-personazas\/\"]}]},{\"@type\":\"ImageObject\",\"inLanguage\":\"en-US\",\"@id\":\"https:\/\/kabinam.lt\/eng\/product\/raktu-pakabukas-freddy-personazas\/#primaryimage\",\"url\":\"https:\/\/kabinam.lt\/wp-content\/uploads\/2024\/08\/Action-Figure-Chica-Freddy-Keychains-Movie-Five-Night-at-Freddy-Keychain-Metal-Pendant-Llavero-Chaveiro-Gift.avif\",\"contentUrl\":\"https:\/\/kabinam.lt\/wp-content\/uploads\/2024\/08\/Action-Figure-Chica-Freddy-Keychains-Movie-Five-Night-at-Freddy-Keychain-Metal-Pendant-Llavero-Chaveiro-Gift.avif\",\"width\":2160,\"height\":2160,\"caption\":\"Rakt\u0173 pakabukas Freddy \u2013 \u017eaidimo Five Nights At Freddy\u2019s herojus\"},{\"@type\":\"BreadcrumbList\",\"@id\":\"https:\/\/kabinam.lt\/eng\/product\/raktu-pakabukas-freddy-personazas\/#breadcrumb\",\"itemListElement\":[{\"@type\":\"ListItem\",\"position\":1,\"name\":\"Home\",\"item\":\"https:\/\/kabinam.lt\/\"},{\"@type\":\"ListItem\",\"position\":2,\"name\":\"Visi Produktai\",\"item\":\"https:\/\/kabinam.lt\/visi-produktai\/\"},{\"@type\":\"ListItem\",\"position\":3,\"name\":\"Rakt\u0173 pakabukas Freddy persona\u017eas \u2013 \u017eaidim\u0173 gerb\u0117jams\"}]},{\"@type\":\"WebSite\",\"@id\":\"https:\/\/kabinam.lt\/#website\",\"url\":\"https:\/\/kabinam.lt\/\",\"name\":\"kabinam.lt\",\"description\":\"Kabinam.lt \u2013 raktu pakabukai ir aksesuarai\",\"publisher\":{\"@id\":\"https:\/\/kabinam.lt\/#organization\"},\"alternateName\":\"pakabukai lt\",\"potentialAction\":[{\"@type\":\"SearchAction\",\"target\":{\"@type\":\"EntryPoint\",\"urlTemplate\":\"https:\/\/kabinam.lt\/?s={search_term_string}\"},\"query-input\":{\"@type\":\"PropertyValueSpecification\",\"valueRequired\":true,\"valueName\":\"search_term_string\"}}],\"inLanguage\":\"en-US\"},{\"@type\":\"Organization\",\"@id\":\"https:\/\/kabinam.lt\/#organization\",\"name\":\"kabinam.lt\",\"alternateName\":\"kabinam\",\"url\":\"https:\/\/kabinam.lt\/\",\"logo\":{\"@type\":\"ImageObject\",\"inLanguage\":\"en-US\",\"@id\":\"https:\/\/kabinam.lt\/#\/schema\/logo\/image\/\",\"url\":\"https:\/\/kabinam.lt\/wp-content\/uploads\/2025\/05\/KABINAM_outer_glow.png\",\"contentUrl\":\"https:\/\/kabinam.lt\/wp-content\/uploads\/2025\/05\/KABINAM_outer_glow.png\",\"width\":474,\"height\":141,\"caption\":\"kabinam.lt\"},\"image\":{\"@id\":\"https:\/\/kabinam.lt\/#\/schema\/logo\/image\/\"}}]}<\/script>\n<!-- \/ Yoast SEO plugin. -->","yoast_head_json":{"title":"Rakt\u0173 pakabukas Freddy persona\u017eas \u2013 \u017eaidim\u0173 gerb\u0117jams - kabinam.lt","description":"Rakt\u0173 pakabukas Freddy persona\u017eas \u2013 i\u0161skirtinis \u017eaidim\u0173 gerb\u0117j\u0173 aksesuaras i\u0161 Five Nights At Freddy\u2019s.","robots":{"index":"index","follow":"follow","max-snippet":"max-snippet:-1","max-image-preview":"max-image-preview:large","max-video-preview":"max-video-preview:-1"},"canonical":"https:\/\/kabinam.lt\/eng\/product\/raktu-pakabukas-freddy-personazas\/","og_locale":"en_US","og_type":"article","og_title":"Rakt\u0173 pakabukas Freddy persona\u017eas \u2013 \u017eaidim\u0173 gerb\u0117jams - kabinam.lt","og_description":"Rakt\u0173 pakabukas Freddy persona\u017eas \u2013 i\u0161skirtinis \u017eaidim\u0173 gerb\u0117j\u0173 aksesuaras i\u0161 Five Nights At Freddy\u2019s.","og_url":"https:\/\/kabinam.lt\/eng\/product\/raktu-pakabukas-freddy-personazas\/","og_site_name":"kabinam.lt","article_modified_time":"2026-01-18T13:49:43+00:00","og_image":[{"width":736,"height":552,"url":"https:\/\/kabinam.lt\/wp-content\/uploads\/2024\/06\/1243ecc030b6aa38b22d50f8e5502672-edited.jpg","type":"image\/jpeg"}],"twitter_card":"summary_large_image","twitter_misc":{"Est. reading time":"2 minutes"},"schema":{"@context":"https:\/\/schema.org","@graph":[{"@type":["WebPage","ItemPage"],"@id":"https:\/\/kabinam.lt\/eng\/product\/raktu-pakabukas-freddy-personazas\/","url":"https:\/\/kabinam.lt\/eng\/product\/raktu-pakabukas-freddy-personazas\/","name":"Rakt\u0173 pakabukas Freddy persona\u017eas \u2013 \u017eaidim\u0173 gerb\u0117jams - kabinam.lt","isPartOf":{"@id":"https:\/\/kabinam.lt\/#website"},"primaryImageOfPage":{"@id":"https:\/\/kabinam.lt\/eng\/product\/raktu-pakabukas-freddy-personazas\/#primaryimage"},"image":{"@id":"https:\/\/kabinam.lt\/eng\/product\/raktu-pakabukas-freddy-personazas\/#primaryimage"},"thumbnailUrl":"https:\/\/kabinam.lt\/wp-content\/uploads\/2024\/08\/Action-Figure-Chica-Freddy-Keychains-Movie-Five-Night-at-Freddy-Keychain-Metal-Pendant-Llavero-Chaveiro-Gift.avif","datePublished":"2024-08-17T06:14:46+00:00","dateModified":"2026-01-18T13:49:43+00:00","description":"Rakt\u0173 pakabukas Freddy persona\u017eas \u2013 i\u0161skirtinis \u017eaidim\u0173 gerb\u0117j\u0173 aksesuaras i\u0161 Five Nights At Freddy\u2019s.","breadcrumb":{"@id":"https:\/\/kabinam.lt\/eng\/product\/raktu-pakabukas-freddy-personazas\/#breadcrumb"},"inLanguage":"en-US","potentialAction":[{"@type":"ReadAction","target":["https:\/\/kabinam.lt\/eng\/product\/raktu-pakabukas-freddy-personazas\/"]}]},{"@type":"ImageObject","inLanguage":"en-US","@id":"https:\/\/kabinam.lt\/eng\/product\/raktu-pakabukas-freddy-personazas\/#primaryimage","url":"https:\/\/kabinam.lt\/wp-content\/uploads\/2024\/08\/Action-Figure-Chica-Freddy-Keychains-Movie-Five-Night-at-Freddy-Keychain-Metal-Pendant-Llavero-Chaveiro-Gift.avif","contentUrl":"https:\/\/kabinam.lt\/wp-content\/uploads\/2024\/08\/Action-Figure-Chica-Freddy-Keychains-Movie-Five-Night-at-Freddy-Keychain-Metal-Pendant-Llavero-Chaveiro-Gift.avif","width":2160,"height":2160,"caption":"Rakt\u0173 pakabukas Freddy \u2013 \u017eaidimo Five Nights At Freddy\u2019s herojus"},{"@type":"BreadcrumbList","@id":"https:\/\/kabinam.lt\/eng\/product\/raktu-pakabukas-freddy-personazas\/#breadcrumb","itemListElement":[{"@type":"ListItem","position":1,"name":"Home","item":"https:\/\/kabinam.lt\/"},{"@type":"ListItem","position":2,"name":"Visi Produktai","item":"https:\/\/kabinam.lt\/visi-produktai\/"},{"@type":"ListItem","position":3,"name":"Rakt\u0173 pakabukas Freddy persona\u017eas \u2013 \u017eaidim\u0173 gerb\u0117jams"}]},{"@type":"WebSite","@id":"https:\/\/kabinam.lt\/#website","url":"https:\/\/kabinam.lt\/","name":"kabinam.lt","description":"Kabinam.lt - key chains and accessories","publisher":{"@id":"https:\/\/kabinam.lt\/#organization"},"alternateName":"pakabukai lt","potentialAction":[{"@type":"SearchAction","target":{"@type":"EntryPoint","urlTemplate":"https:\/\/kabinam.lt\/?s={search_term_string}"},"query-input":{"@type":"PropertyValueSpecification","valueRequired":true,"valueName":"search_term_string"}}],"inLanguage":"en-US"},{"@type":"Organization","@id":"https:\/\/kabinam.lt\/#organization","name":"kabinam.lt","alternateName":"kabinam","url":"https:\/\/kabinam.lt\/","logo":{"@type":"ImageObject","inLanguage":"en-US","@id":"https:\/\/kabinam.lt\/#\/schema\/logo\/image\/","url":"https:\/\/kabinam.lt\/wp-content\/uploads\/2025\/05\/KABINAM_outer_glow.png","contentUrl":"https:\/\/kabinam.lt\/wp-content\/uploads\/2025\/05\/KABINAM_outer_glow.png","width":474,"height":141,"caption":"kabinam.lt"},"image":{"@id":"https:\/\/kabinam.lt\/#\/schema\/logo\/image\/"}}]}},"uagb_featured_image_src":{"full":["https:\/\/kabinam.lt\/wp-content\/uploads\/2024\/08\/Action-Figure-Chica-Freddy-Keychains-Movie-Five-Night-at-Freddy-Keychain-Metal-Pendant-Llavero-Chaveiro-Gift.avif",2160,2160,false],"thumbnail":["https:\/\/kabinam.lt\/wp-content\/uploads\/2024\/08\/Action-Figure-Chica-Freddy-Keychains-Movie-Five-Night-at-Freddy-Keychain-Metal-Pendant-Llavero-Chaveiro-Gift-150x150.avif",150,150,true],"medium":["https:\/\/kabinam.lt\/wp-content\/uploads\/2024\/08\/Action-Figure-Chica-Freddy-Keychains-Movie-Five-Night-at-Freddy-Keychain-Metal-Pendant-Llavero-Chaveiro-Gift-300x300.avif",300,300,true],"medium_large":["https:\/\/kabinam.lt\/wp-content\/uploads\/2024\/08\/Action-Figure-Chica-Freddy-Keychains-Movie-Five-Night-at-Freddy-Keychain-Metal-Pendant-Llavero-Chaveiro-Gift-768x768.avif",768,768,true],"large":["https:\/\/kabinam.lt\/wp-content\/uploads\/2024\/08\/Action-Figure-Chica-Freddy-Keychains-Movie-Five-Night-at-Freddy-Keychain-Metal-Pendant-Llavero-Chaveiro-Gift-1024x1024.avif",1024,1024,true],"1536x1536":["https:\/\/kabinam.lt\/wp-content\/uploads\/2024\/08\/Action-Figure-Chica-Freddy-Keychains-Movie-Five-Night-at-Freddy-Keychain-Metal-Pendant-Llavero-Chaveiro-Gift-1536x1536.avif",1536,1536,true],"2048x2048":["https:\/\/kabinam.lt\/wp-content\/uploads\/2024\/08\/Action-Figure-Chica-Freddy-Keychains-Movie-Five-Night-at-Freddy-Keychain-Metal-Pendant-Llavero-Chaveiro-Gift-2048x2048.avif",2048,2048,true],"trp-custom-language-flag":["https:\/\/kabinam.lt\/wp-content\/uploads\/2024\/08\/Action-Figure-Chica-Freddy-Keychains-Movie-Five-Night-at-Freddy-Keychain-Metal-Pendant-Llavero-Chaveiro-Gift.avif",12,12,false],"woocommerce_thumbnail":["https:\/\/kabinam.lt\/wp-content\/uploads\/2024\/08\/Action-Figure-Chica-Freddy-Keychains-Movie-Five-Night-at-Freddy-Keychain-Metal-Pendant-Llavero-Chaveiro-Gift-300x300.avif",300,300,true],"woocommerce_single":["https:\/\/kabinam.lt\/wp-content\/uploads\/2024\/08\/Action-Figure-Chica-Freddy-Keychains-Movie-Five-Night-at-Freddy-Keychain-Metal-Pendant-Llavero-Chaveiro-Gift-600x600.avif",600,600,true],"woocommerce_gallery_thumbnail":["https:\/\/kabinam.lt\/wp-content\/uploads\/2024\/08\/Action-Figure-Chica-Freddy-Keychains-Movie-Five-Night-at-Freddy-Keychain-Metal-Pendant-Llavero-Chaveiro-Gift-100x100.avif",100,100,true]},"uagb_author_info":{"display_name":"kabinam.lt","author_link":"https:\/\/kabinam.lt\/eng\/author\/"},"uagb_comment_info":0,"uagb_excerpt":"Pakabukas Freddy \u2013 stilingas aksesuaras \u201eFive Nights At Freddy\u2019s\u201c fanui.","_links":{"self":[{"href":"https:\/\/kabinam.lt\/eng\/wp-json\/wp\/v2\/product\/2594","targetHints":{"allow":["GET"]}}],"collection":[{"href":"https:\/\/kabinam.lt\/eng\/wp-json\/wp\/v2\/product"}],"about":[{"href":"https:\/\/kabinam.lt\/eng\/wp-json\/wp\/v2\/types\/product"}],"replies":[{"embeddable":true,"href":"https:\/\/kabinam.lt\/eng\/wp-json\/wp\/v2\/comments?post=2594"}],"wp:featuredmedia":[{"embeddable":true,"href":"https:\/\/kabinam.lt\/eng\/wp-json\/wp\/v2\/media\/2601"}],"wp:attachment":[{"href":"https:\/\/kabinam.lt\/eng\/wp-json\/wp\/v2\/media?parent=2594"}],"wp:term":[{"taxonomy":"product_brand","embeddable":true,"href":"https:\/\/kabinam.lt\/eng\/wp-json\/wp\/v2\/product_brand?post=2594"},{"taxonomy":"product_cat","embeddable":true,"href":"https:\/\/kabinam.lt\/eng\/wp-json\/wp\/v2\/product_cat?post=2594"},{"taxonomy":"product_tag","embeddable":true,"href":"https:\/\/kabinam.lt\/eng\/wp-json\/wp\/v2\/product_tag?post=2594"}],"curies":[{"name":"wp","href":"https:\/\/api.w.org\/{rel}","templated":true}]}}