{"id":2427,"date":"2024-08-15T10:30:09","date_gmt":"2024-08-15T07:30:09","guid":{"rendered":"https:\/\/kabinam.lt\/?post_type=product&#038;p=2427"},"modified":"2026-01-03T18:54:42","modified_gmt":"2026-01-03T16:54:42","slug":"pitbull-mama-key-pendants-with-modern-engraving","status":"publish","type":"product","link":"https:\/\/kabinam.lt\/eng\/product\/pitbull-mama-raktu-pakabukai-su-modernia-gravura\/","title":{"rendered":"Keyrings with modern engraving - \u201ePitbull Mama\u201c"},"content":{"rendered":"<div class=\"kk-star-ratings kksr-auto kksr-align-left kksr-valign-top\"\n    data-payload='{&quot;align&quot;:&quot;left&quot;,&quot;id&quot;:&quot;2427&quot;,&quot;slug&quot;:&quot;default&quot;,&quot;valign&quot;:&quot;top&quot;,&quot;ignore&quot;:&quot;&quot;,&quot;reference&quot;:&quot;auto&quot;,&quot;class&quot;:&quot;&quot;,&quot;count&quot;:&quot;0&quot;,&quot;legendonly&quot;:&quot;&quot;,&quot;readonly&quot;:&quot;&quot;,&quot;score&quot;:&quot;0&quot;,&quot;starsonly&quot;:&quot;&quot;,&quot;best&quot;:&quot;5&quot;,&quot;gap&quot;:&quot;5&quot;,&quot;greet&quot;:&quot;Mums svarbus j\u016bs\u0173 \u012fvertinimas&quot;,&quot;legend&quot;:&quot;0\\\/5 - (0 votes)&quot;,&quot;size&quot;:&quot;24&quot;,&quot;title&quot;:&quot;Rakt\u0173 pakabukai su modernia grav\u016bra \u2013 \u201ePitbull Mama\u201c&quot;,&quot;width&quot;:&quot;0&quot;,&quot;_legend&quot;:&quot;{score}\\\/{best} - ({count} {votes})&quot;,&quot;font_factor&quot;:&quot;1.25&quot;}'>\n            \n<div class=\"kksr-stars\">\n    \n<div class=\"kksr-stars-inactive\">\n            <div class=\"kksr-star\" data-star=\"1\" style=\"padding-right: 5px\">\n            \n\n<div class=\"kksr-icon\" style=\"width: 24px; height: 24px;\"><\/div>\n        <\/div>\n            <div class=\"kksr-star\" data-star=\"2\" style=\"padding-right: 5px\">\n            \n\n<div class=\"kksr-icon\" style=\"width: 24px; height: 24px;\"><\/div>\n        <\/div>\n            <div class=\"kksr-star\" data-star=\"3\" style=\"padding-right: 5px\">\n            \n\n<div class=\"kksr-icon\" style=\"width: 24px; height: 24px;\"><\/div>\n        <\/div>\n            <div class=\"kksr-star\" data-star=\"4\" style=\"padding-right: 5px\">\n            \n\n<div class=\"kksr-icon\" style=\"width: 24px; height: 24px;\"><\/div>\n        <\/div>\n            <div class=\"kksr-star\" data-star=\"5\" style=\"padding-right: 5px\">\n            \n\n<div class=\"kksr-icon\" style=\"width: 24px; height: 24px;\"><\/div>\n        <\/div>\n    <\/div>\n    \n<div class=\"kksr-stars-active\" style=\"width: 0px;\">\n            <div class=\"kksr-star\" style=\"padding-right: 5px\">\n            \n\n<div class=\"kksr-icon\" style=\"width: 24px; height: 24px;\"><\/div>\n        <\/div>\n            <div class=\"kksr-star\" style=\"padding-right: 5px\">\n            \n\n<div class=\"kksr-icon\" style=\"width: 24px; height: 24px;\"><\/div>\n        <\/div>\n            <div class=\"kksr-star\" style=\"padding-right: 5px\">\n            \n\n<div class=\"kksr-icon\" style=\"width: 24px; height: 24px;\"><\/div>\n        <\/div>\n            <div class=\"kksr-star\" style=\"padding-right: 5px\">\n            \n\n<div class=\"kksr-icon\" style=\"width: 24px; height: 24px;\"><\/div>\n        <\/div>\n            <div class=\"kksr-star\" style=\"padding-right: 5px\">\n            \n\n<div class=\"kksr-icon\" style=\"width: 24px; height: 24px;\"><\/div>\n        <\/div>\n    <\/div>\n<\/div>\n                \n\n<div class=\"kksr-legend\" style=\"font-size: 19.2px;\">\n            <span class=\"kksr-muted\">Your evaluation is important to us<\/span>\n    <\/div>\n    <\/div>\n<h3 class=\"\" data-start=\"236\" data-end=\"310\">Rakt\u0173 pakabukai su modernia grav\u016bra \u2013 \u201ePitbull Mama\u201c stiliaus simbolis<\/h3>\n<p class=\"\" data-start=\"312\" data-end=\"599\">Ie\u0161kai neeilinio ir i\u0161rai\u0161kingo aksesuaro? \u0160is metalinis pakabukas \u2013 idealus pasirinkimas tiems, kuriems artimas pitbulio charakteris ir ry\u0161ys su augintiniu. <strong data-start=\"470\" data-end=\"509\">Rakt\u0173 pakabukai su modernia grav\u016bra<\/strong> tampa vis da\u017enesniu pasirinkimu ie\u0161kantiems ne tik kokybi\u0161ko, bet ir asmeni\u0161ko sprendimo.<\/p>\n<p class=\"\" data-start=\"601\" data-end=\"874\">Pakabuke i\u0161graviruotas u\u017era\u0161as \u201ePitbull Mama\u201c puikiai atspindi tvirt\u0105, r\u016bpesting\u0105 ir mylin\u010di\u0105 asmenyb\u0119. Greta esantis pitbulio atvaizdas su akiniais nuo saul\u0117s \u012fk\u016bnija \u0161iuolaiki\u0161k\u0105, laisv\u0105 ir charizmati\u0161k\u0105 stili\u0173. \u0160is dizainas \u2013 ne tik aksesuaras, bet ir po\u017ei\u016brio i\u0161rai\u0161ka.<\/p>\n<hr class=\"\" data-start=\"876\" data-end=\"879\" \/>\n<h3 class=\"\" data-start=\"881\" data-end=\"925\">Stilingas pasirinkimas kiekvienai dienai<\/h3>\n<p class=\"\" data-start=\"927\" data-end=\"1216\">\u0160is pakabukas \u2013 tai daugiau nei \u012fprastas aksesuaras. Tai moderni, i\u0161skirtin\u0117 dovana sau ar artimam \u017emogui. <strong data-start=\"1034\" data-end=\"1073\">Rakt\u0173 pakabukai su modernia grav\u016bra<\/strong> itin tinka tiems, kurie nori tur\u0117ti ka\u017ek\u0105 unikalaus ir pasakan\u010dio apie j\u0173 asmenyb\u0119. Puikiai dera prie automobilio, buto ar net rankin\u0117s rakt\u0173.<\/p>\n<p class=\"\" data-start=\"1218\" data-end=\"1512\">Pakabukas pagamintas i\u0161 ner\u016bdijan\u010dio plieno, tod\u0117l pasi\u017eymi ilgaam\u017ei\u0161kumu, atsparumu \u012fbr\u0117\u017eimams ir korozijai. Graviruotas lazeriu, tod\u0117l u\u017era\u0161as bei vaizdas i\u0161lieka ai\u0161k\u016bs net ir po ilgo naudojimo. Jis ne tik vizualiai patrauklus, bet ir funkcionalus \u2013 puikiai tinka tiek moterims, tiek vyrams.<\/p>\n<p class=\"\" data-start=\"1514\" data-end=\"1753\">Jeigu tau patinka i\u0161skirtiniai aksesuarai, b\u016btinai per\u017ei\u016br\u0117k ir <a class=\"\" href=\"https:\/\/kabinam.lt\/eng\/product-category\/unikaliu-pakabuku-kategorija\/\" target=\"_new\" rel=\"noopener\" data-start=\"1578\" data-end=\"1665\">Unique pendants<\/a> and <a class=\"cursor-pointer\" target=\"_new\" rel=\"noopener\" data-start=\"1670\" data-end=\"1741\">Engraved pendants<\/a> kolekcijas.<\/p>\n<hr class=\"\" data-start=\"1755\" data-end=\"1758\" \/>\n<h3 class=\"\" data-start=\"1760\" data-end=\"1799\">I\u0161skirtin\u0117 dovana gyv\u016bn\u0173 myl\u0117tojams<\/h3>\n<p class=\"\" data-start=\"1801\" data-end=\"2073\">\u201ePitbull Mama\u201c pakabukas da\u017enai pasirenkamas kaip dovana gimtadienio ar kitos progos metu. Tai puikus pasirinkimas \u0161un\u0173 augintojai, gyv\u016bn\u0173 myl\u0117tojai ar net \u0161un\u0173 dresuotojai. Toks aksesuaras ne tik d\u017eiugina ak\u012f, bet ir tampa prasmingu simboliu \u2013 ry\u0161io su augintiniu \u017eenklu.<\/p>\n<p class=\"\" data-start=\"2075\" data-end=\"2296\">Ie\u0161kai daugiau \u012fkvepian\u010di\u0173 dovan\u0173 id\u0117j\u0173 su gyv\u016bn\u0173 tematika? Rekomenduojame aplankyti \u0161i\u0105 i\u0161orin\u0119 dovan\u0173 platform\u0105: <a class=\"cursor-pointer\" target=\"_new\" rel=\"noopener\" data-start=\"2190\" data-end=\"2252\">Dog Mom Gift Guide<\/a> \u2013 great place to find stylish accessories.<\/p>","protected":false},"excerpt":{"rendered":"<p>Graviruotas pakabukas su pitbuliu \u2013 stilingas aksesuaras gyv\u016bn\u0173 myl\u0117tojai ir i\u0161skirtini\u0173 detali\u0173 m\u0117g\u0117jai.<\/p>","protected":false},"featured_media":2428,"comment_status":"closed","ping_status":"closed","template":"","meta":{"_uag_custom_page_level_css":"","site-sidebar-layout":"default","site-content-layout":"","ast-site-content-layout":"default","site-content-style":"default","site-sidebar-style":"default","ast-global-header-display":"","ast-banner-title-visibility":"","ast-main-header-display":"","ast-hfb-above-header-display":"","ast-hfb-below-header-display":"","ast-hfb-mobile-header-display":"","site-post-title":"","ast-breadcrumbs-content":"","ast-featured-img":"","footer-sml-layout":"","ast-disable-related-posts":"","theme-transparent-header-meta":"default","adv-header-id-meta":"","stick-header-meta":"","header-above-stick-meta":"","header-main-stick-meta":"","header-below-stick-meta":"","astra-migrate-meta-layouts":"set","ast-page-background-enabled":"default","ast-page-background-meta":{"desktop":{"background-color":"var(--ast-global-color-4)","background-image":"","background-repeat":"repeat","background-position":"center center","background-size":"auto","background-attachment":"scroll","background-type":"","background-media":"","overlay-type":"","overlay-color":"","overlay-opacity":"","overlay-gradient":""},"tablet":{"background-color":"","background-image":"","background-repeat":"repeat","background-position":"center center","background-size":"auto","background-attachment":"scroll","background-type":"","background-media":"","overlay-type":"","overlay-color":"","overlay-opacity":"","overlay-gradient":""},"mobile":{"background-color":"","background-image":"","background-repeat":"repeat","background-position":"center center","background-size":"auto","background-attachment":"scroll","background-type":"","background-media":"","overlay-type":"","overlay-color":"","overlay-opacity":"","overlay-gradient":""}},"ast-content-background-meta":{"desktop":{"background-color":"var(--ast-global-color-5)","background-image":"","background-repeat":"repeat","background-position":"center center","background-size":"auto","background-attachment":"scroll","background-type":"","background-media":"","overlay-type":"","overlay-color":"","overlay-opacity":"","overlay-gradient":""},"tablet":{"background-color":"var(--ast-global-color-5)","background-image":"","background-repeat":"repeat","background-position":"center center","background-size":"auto","background-attachment":"scroll","background-type":"","background-media":"","overlay-type":"","overlay-color":"","overlay-opacity":"","overlay-gradient":""},"mobile":{"background-color":"var(--ast-global-color-5)","background-image":"","background-repeat":"repeat","background-position":"center center","background-size":"auto","background-attachment":"scroll","background-type":"","background-media":"","overlay-type":"","overlay-color":"","overlay-opacity":"","overlay-gradient":""}}},"product_brand":[],"product_cat":[126,117,116,95],"product_tag":[],"class_list":{"0":"post-2427","1":"product","2":"type-product","3":"status-publish","4":"has-post-thumbnail","6":"product_cat-visi","7":"product_cat-graviruoti-raktu-pakabukai","8":"product_cat-metaliniai-raktu-pakabukai","9":"product_cat-unikalus-raktu-pakabukai","10":"desktop-align-center","11":"tablet-align-left","12":"mobile-align-left","14":"first","15":"outofstock","16":"shipping-taxable","17":"purchasable","18":"product-type-simple"},"yoast_head":"<!-- This site is optimized with the Yoast SEO plugin v27.1.1 - https:\/\/yoast.com\/product\/yoast-seo-wordpress\/ -->\n<title>Rakt\u0173 pakabukai su modernia grav\u016bra \u2013 \u201ePitbull Mama\u201c - kabinam.lt<\/title>\n<meta name=\"description\" content=\"Rakt\u0173 pakabukai su modernia grav\u016bra \u2013 stilingas pitbulio motyvas ir u\u017era\u0161as \u201ePitbull Mama\u201c. I\u0161skirtinis aksesuaras kiekvienai dienai.\" \/>\n<meta name=\"robots\" content=\"index, follow, max-snippet:-1, max-image-preview:large, max-video-preview:-1\" \/>\n<link rel=\"canonical\" href=\"https:\/\/kabinam.lt\/eng\/product\/pitbull-mama-key-pendants-with-modern-engraving\/\" \/>\n<meta property=\"og:locale\" content=\"en_US\" \/>\n<meta property=\"og:type\" content=\"article\" \/>\n<meta property=\"og:title\" content=\"Rakt\u0173 pakabukai su modernia grav\u016bra \u2013 \u201ePitbull Mama\u201c - kabinam.lt\" \/>\n<meta property=\"og:description\" content=\"Rakt\u0173 pakabukai su modernia grav\u016bra \u2013 stilingas pitbulio motyvas ir u\u017era\u0161as \u201ePitbull Mama\u201c. I\u0161skirtinis aksesuaras kiekvienai dienai.\" \/>\n<meta property=\"og:url\" content=\"https:\/\/kabinam.lt\/eng\/product\/pitbull-mama-key-pendants-with-modern-engraving\/\" \/>\n<meta property=\"og:site_name\" content=\"kabinam.lt\" \/>\n<meta property=\"article:modified_time\" content=\"2026-01-03T16:54:42+00:00\" \/>\n<meta property=\"og:image\" content=\"https:\/\/kabinam.lt\/wp-content\/uploads\/2024\/08\/73732941-b4cb-47b8-914b-69e8538fc469.jpg\" \/>\n\t<meta property=\"og:image:width\" content=\"800\" \/>\n\t<meta property=\"og:image:height\" content=\"800\" \/>\n\t<meta property=\"og:image:type\" content=\"image\/jpeg\" \/>\n<meta name=\"twitter:card\" content=\"summary_large_image\" \/>\n<meta name=\"twitter:label1\" content=\"Est. reading time\" \/>\n\t<meta name=\"twitter:data1\" content=\"2 minutes\" \/>\n<script type=\"application\/ld+json\" class=\"yoast-schema-graph\">{\"@context\":\"https:\/\/schema.org\",\"@graph\":[{\"@type\":[\"WebPage\",\"ItemPage\"],\"@id\":\"https:\/\/kabinam.lt\/eng\/product\/pitbull-mama-key-pendants-with-modern-engraving\/\",\"url\":\"https:\/\/kabinam.lt\/eng\/product\/pitbull-mama-key-pendants-with-modern-engraving\/\",\"name\":\"Rakt\u0173 pakabukai su modernia grav\u016bra \u2013 \u201ePitbull Mama\u201c - kabinam.lt\",\"isPartOf\":{\"@id\":\"https:\/\/kabinam.lt\/#website\"},\"primaryImageOfPage\":{\"@id\":\"https:\/\/kabinam.lt\/eng\/product\/pitbull-mama-key-pendants-with-modern-engraving\/#primaryimage\"},\"image\":{\"@id\":\"https:\/\/kabinam.lt\/eng\/product\/pitbull-mama-key-pendants-with-modern-engraving\/#primaryimage\"},\"thumbnailUrl\":\"https:\/\/kabinam.lt\/wp-content\/uploads\/2024\/08\/73732941-b4cb-47b8-914b-69e8538fc469.jpg\",\"datePublished\":\"2024-08-15T07:30:09+00:00\",\"dateModified\":\"2026-01-03T16:54:42+00:00\",\"description\":\"Rakt\u0173 pakabukai su modernia grav\u016bra \u2013 stilingas pitbulio motyvas ir u\u017era\u0161as \u201ePitbull Mama\u201c. I\u0161skirtinis aksesuaras kiekvienai dienai.\",\"breadcrumb\":{\"@id\":\"https:\/\/kabinam.lt\/eng\/product\/pitbull-mama-key-pendants-with-modern-engraving\/#breadcrumb\"},\"inLanguage\":\"en-US\",\"potentialAction\":[{\"@type\":\"ReadAction\",\"target\":[\"https:\/\/kabinam.lt\/eng\/product\/pitbull-mama-key-pendants-with-modern-engraving\/\"]}]},{\"@type\":\"ImageObject\",\"inLanguage\":\"en-US\",\"@id\":\"https:\/\/kabinam.lt\/eng\/product\/pitbull-mama-key-pendants-with-modern-engraving\/#primaryimage\",\"url\":\"https:\/\/kabinam.lt\/wp-content\/uploads\/2024\/08\/73732941-b4cb-47b8-914b-69e8538fc469.jpg\",\"contentUrl\":\"https:\/\/kabinam.lt\/wp-content\/uploads\/2024\/08\/73732941-b4cb-47b8-914b-69e8538fc469.jpg\",\"width\":800,\"height\":800,\"caption\":\"Metalinis pakabukas \u201ePitbull Mama\u201c su graviruotu pitbuliu\"},{\"@type\":\"BreadcrumbList\",\"@id\":\"https:\/\/kabinam.lt\/eng\/product\/pitbull-mama-key-pendants-with-modern-engraving\/#breadcrumb\",\"itemListElement\":[{\"@type\":\"ListItem\",\"position\":1,\"name\":\"Home\",\"item\":\"https:\/\/kabinam.lt\/\"},{\"@type\":\"ListItem\",\"position\":2,\"name\":\"Visi Produktai\",\"item\":\"https:\/\/kabinam.lt\/visi-produktai\/\"},{\"@type\":\"ListItem\",\"position\":3,\"name\":\"Rakt\u0173 pakabukai su modernia grav\u016bra \u2013 \u201ePitbull Mama\u201c\"}]},{\"@type\":\"WebSite\",\"@id\":\"https:\/\/kabinam.lt\/#website\",\"url\":\"https:\/\/kabinam.lt\/\",\"name\":\"kabinam.lt\",\"description\":\"Kabinam.lt \u2013 raktu pakabukai ir aksesuarai\",\"publisher\":{\"@id\":\"https:\/\/kabinam.lt\/#organization\"},\"alternateName\":\"pakabukai lt\",\"potentialAction\":[{\"@type\":\"SearchAction\",\"target\":{\"@type\":\"EntryPoint\",\"urlTemplate\":\"https:\/\/kabinam.lt\/?s={search_term_string}\"},\"query-input\":{\"@type\":\"PropertyValueSpecification\",\"valueRequired\":true,\"valueName\":\"search_term_string\"}}],\"inLanguage\":\"en-US\"},{\"@type\":\"Organization\",\"@id\":\"https:\/\/kabinam.lt\/#organization\",\"name\":\"kabinam.lt\",\"alternateName\":\"kabinam\",\"url\":\"https:\/\/kabinam.lt\/\",\"logo\":{\"@type\":\"ImageObject\",\"inLanguage\":\"en-US\",\"@id\":\"https:\/\/kabinam.lt\/#\/schema\/logo\/image\/\",\"url\":\"https:\/\/kabinam.lt\/wp-content\/uploads\/2025\/05\/KABINAM_outer_glow.png\",\"contentUrl\":\"https:\/\/kabinam.lt\/wp-content\/uploads\/2025\/05\/KABINAM_outer_glow.png\",\"width\":474,\"height\":141,\"caption\":\"kabinam.lt\"},\"image\":{\"@id\":\"https:\/\/kabinam.lt\/#\/schema\/logo\/image\/\"}}]}<\/script>\n<!-- \/ Yoast SEO plugin. -->","yoast_head_json":{"title":"Key pendants with modern engraving - \u201ePitbull Mama\u201c - kabinam.lt","description":"Key pendants with modern engraving - stylish pitbull motif and inscription \u201ePitbull Mama\u201c. An exclusive accessory for every day.","robots":{"index":"index","follow":"follow","max-snippet":"max-snippet:-1","max-image-preview":"max-image-preview:large","max-video-preview":"max-video-preview:-1"},"canonical":"https:\/\/kabinam.lt\/eng\/product\/pitbull-mama-key-pendants-with-modern-engraving\/","og_locale":"en_US","og_type":"article","og_title":"Rakt\u0173 pakabukai su modernia grav\u016bra \u2013 \u201ePitbull Mama\u201c - kabinam.lt","og_description":"Rakt\u0173 pakabukai su modernia grav\u016bra \u2013 stilingas pitbulio motyvas ir u\u017era\u0161as \u201ePitbull Mama\u201c. I\u0161skirtinis aksesuaras kiekvienai dienai.","og_url":"https:\/\/kabinam.lt\/eng\/product\/pitbull-mama-key-pendants-with-modern-engraving\/","og_site_name":"kabinam.lt","article_modified_time":"2026-01-03T16:54:42+00:00","og_image":[{"width":800,"height":800,"url":"https:\/\/kabinam.lt\/wp-content\/uploads\/2024\/08\/73732941-b4cb-47b8-914b-69e8538fc469.jpg","type":"image\/jpeg"}],"twitter_card":"summary_large_image","twitter_misc":{"Est. reading time":"2 minutes"},"schema":{"@context":"https:\/\/schema.org","@graph":[{"@type":["WebPage","ItemPage"],"@id":"https:\/\/kabinam.lt\/eng\/product\/pitbull-mama-key-pendants-with-modern-engraving\/","url":"https:\/\/kabinam.lt\/eng\/product\/pitbull-mama-key-pendants-with-modern-engraving\/","name":"Key pendants with modern engraving - \u201ePitbull Mama\u201c - kabinam.lt","isPartOf":{"@id":"https:\/\/kabinam.lt\/#website"},"primaryImageOfPage":{"@id":"https:\/\/kabinam.lt\/eng\/product\/pitbull-mama-key-pendants-with-modern-engraving\/#primaryimage"},"image":{"@id":"https:\/\/kabinam.lt\/eng\/product\/pitbull-mama-key-pendants-with-modern-engraving\/#primaryimage"},"thumbnailUrl":"https:\/\/kabinam.lt\/wp-content\/uploads\/2024\/08\/73732941-b4cb-47b8-914b-69e8538fc469.jpg","datePublished":"2024-08-15T07:30:09+00:00","dateModified":"2026-01-03T16:54:42+00:00","description":"Key pendants with modern engraving - stylish pitbull motif and inscription \u201ePitbull Mama\u201c. An exclusive accessory for every day.","breadcrumb":{"@id":"https:\/\/kabinam.lt\/eng\/product\/pitbull-mama-key-pendants-with-modern-engraving\/#breadcrumb"},"inLanguage":"en-US","potentialAction":[{"@type":"ReadAction","target":["https:\/\/kabinam.lt\/eng\/product\/pitbull-mama-key-pendants-with-modern-engraving\/"]}]},{"@type":"ImageObject","inLanguage":"en-US","@id":"https:\/\/kabinam.lt\/eng\/product\/pitbull-mama-key-pendants-with-modern-engraving\/#primaryimage","url":"https:\/\/kabinam.lt\/wp-content\/uploads\/2024\/08\/73732941-b4cb-47b8-914b-69e8538fc469.jpg","contentUrl":"https:\/\/kabinam.lt\/wp-content\/uploads\/2024\/08\/73732941-b4cb-47b8-914b-69e8538fc469.jpg","width":800,"height":800,"caption":"Metalinis pakabukas \u201ePitbull Mama\u201c su graviruotu pitbuliu"},{"@type":"BreadcrumbList","@id":"https:\/\/kabinam.lt\/eng\/product\/pitbull-mama-key-pendants-with-modern-engraving\/#breadcrumb","itemListElement":[{"@type":"ListItem","position":1,"name":"Home","item":"https:\/\/kabinam.lt\/"},{"@type":"ListItem","position":2,"name":"Visi Produktai","item":"https:\/\/kabinam.lt\/visi-produktai\/"},{"@type":"ListItem","position":3,"name":"Rakt\u0173 pakabukai su modernia grav\u016bra \u2013 \u201ePitbull Mama\u201c"}]},{"@type":"WebSite","@id":"https:\/\/kabinam.lt\/#website","url":"https:\/\/kabinam.lt\/","name":"kabinam.lt","description":"Kabinam.lt - key chains and accessories","publisher":{"@id":"https:\/\/kabinam.lt\/#organization"},"alternateName":"pakabukai lt","potentialAction":[{"@type":"SearchAction","target":{"@type":"EntryPoint","urlTemplate":"https:\/\/kabinam.lt\/?s={search_term_string}"},"query-input":{"@type":"PropertyValueSpecification","valueRequired":true,"valueName":"search_term_string"}}],"inLanguage":"en-US"},{"@type":"Organization","@id":"https:\/\/kabinam.lt\/#organization","name":"kabinam.lt","alternateName":"kabinam","url":"https:\/\/kabinam.lt\/","logo":{"@type":"ImageObject","inLanguage":"en-US","@id":"https:\/\/kabinam.lt\/#\/schema\/logo\/image\/","url":"https:\/\/kabinam.lt\/wp-content\/uploads\/2025\/05\/KABINAM_outer_glow.png","contentUrl":"https:\/\/kabinam.lt\/wp-content\/uploads\/2025\/05\/KABINAM_outer_glow.png","width":474,"height":141,"caption":"kabinam.lt"},"image":{"@id":"https:\/\/kabinam.lt\/#\/schema\/logo\/image\/"}}]}},"uagb_featured_image_src":{"full":["https:\/\/kabinam.lt\/wp-content\/uploads\/2024\/08\/73732941-b4cb-47b8-914b-69e8538fc469.jpg",800,800,false],"thumbnail":["https:\/\/kabinam.lt\/wp-content\/uploads\/2024\/08\/73732941-b4cb-47b8-914b-69e8538fc469-150x150.jpg",150,150,true],"medium":["https:\/\/kabinam.lt\/wp-content\/uploads\/2024\/08\/73732941-b4cb-47b8-914b-69e8538fc469-300x300.jpg",300,300,true],"medium_large":["https:\/\/kabinam.lt\/wp-content\/uploads\/2024\/08\/73732941-b4cb-47b8-914b-69e8538fc469-768x768.jpg",768,768,true],"large":["https:\/\/kabinam.lt\/wp-content\/uploads\/2024\/08\/73732941-b4cb-47b8-914b-69e8538fc469.jpg",800,800,false],"1536x1536":["https:\/\/kabinam.lt\/wp-content\/uploads\/2024\/08\/73732941-b4cb-47b8-914b-69e8538fc469.jpg",800,800,false],"2048x2048":["https:\/\/kabinam.lt\/wp-content\/uploads\/2024\/08\/73732941-b4cb-47b8-914b-69e8538fc469.jpg",800,800,false],"trp-custom-language-flag":["https:\/\/kabinam.lt\/wp-content\/uploads\/2024\/08\/73732941-b4cb-47b8-914b-69e8538fc469.jpg",12,12,false],"woocommerce_thumbnail":["https:\/\/kabinam.lt\/wp-content\/uploads\/2024\/08\/73732941-b4cb-47b8-914b-69e8538fc469-300x300.jpg",300,300,true],"woocommerce_single":["https:\/\/kabinam.lt\/wp-content\/uploads\/2024\/08\/73732941-b4cb-47b8-914b-69e8538fc469-600x600.jpg",600,600,true],"woocommerce_gallery_thumbnail":["https:\/\/kabinam.lt\/wp-content\/uploads\/2024\/08\/73732941-b4cb-47b8-914b-69e8538fc469-100x100.jpg",100,100,true]},"uagb_author_info":{"display_name":"kabinam.lt","author_link":"https:\/\/kabinam.lt\/eng\/author\/"},"uagb_comment_info":0,"uagb_excerpt":"Graviruotas pakabukas su pitbuliu \u2013 stilingas aksesuaras gyv\u016bn\u0173 myl\u0117tojai ir i\u0161skirtini\u0173 detali\u0173 m\u0117g\u0117jai.","_links":{"self":[{"href":"https:\/\/kabinam.lt\/eng\/wp-json\/wp\/v2\/product\/2427","targetHints":{"allow":["GET"]}}],"collection":[{"href":"https:\/\/kabinam.lt\/eng\/wp-json\/wp\/v2\/product"}],"about":[{"href":"https:\/\/kabinam.lt\/eng\/wp-json\/wp\/v2\/types\/product"}],"replies":[{"embeddable":true,"href":"https:\/\/kabinam.lt\/eng\/wp-json\/wp\/v2\/comments?post=2427"}],"wp:featuredmedia":[{"embeddable":true,"href":"https:\/\/kabinam.lt\/eng\/wp-json\/wp\/v2\/media\/2428"}],"wp:attachment":[{"href":"https:\/\/kabinam.lt\/eng\/wp-json\/wp\/v2\/media?parent=2427"}],"wp:term":[{"taxonomy":"product_brand","embeddable":true,"href":"https:\/\/kabinam.lt\/eng\/wp-json\/wp\/v2\/product_brand?post=2427"},{"taxonomy":"product_cat","embeddable":true,"href":"https:\/\/kabinam.lt\/eng\/wp-json\/wp\/v2\/product_cat?post=2427"},{"taxonomy":"product_tag","embeddable":true,"href":"https:\/\/kabinam.lt\/eng\/wp-json\/wp\/v2\/product_tag?post=2427"}],"curies":[{"name":"wp","href":"https:\/\/api.w.org\/{rel}","templated":true}]}}