{"id":2416,"date":"2024-08-15T09:38:52","date_gmt":"2024-08-15T06:38:52","guid":{"rendered":"https:\/\/kabinam.lt\/?post_type=product&#038;p=2416"},"modified":"2026-01-03T18:54:42","modified_gmt":"2026-01-03T16:54:42","slug":"unique-gift-keychains-ace-of-hearts","status":"publish","type":"product","link":"https:\/\/kabinam.lt\/eng\/product\/unikalus-dovanu-raktu-pakabukai-ace-of-hearts\/","title":{"rendered":"Unique gift keyrings - Ace of Hearts\u201e"},"content":{"rendered":"<div class=\"kk-star-ratings kksr-auto kksr-align-left kksr-valign-top\"\n    data-payload='{&quot;align&quot;:&quot;left&quot;,&quot;id&quot;:&quot;2416&quot;,&quot;slug&quot;:&quot;default&quot;,&quot;valign&quot;:&quot;top&quot;,&quot;ignore&quot;:&quot;&quot;,&quot;reference&quot;:&quot;auto&quot;,&quot;class&quot;:&quot;&quot;,&quot;count&quot;:&quot;0&quot;,&quot;legendonly&quot;:&quot;&quot;,&quot;readonly&quot;:&quot;&quot;,&quot;score&quot;:&quot;0&quot;,&quot;starsonly&quot;:&quot;&quot;,&quot;best&quot;:&quot;5&quot;,&quot;gap&quot;:&quot;5&quot;,&quot;greet&quot;:&quot;Mums svarbus j\u016bs\u0173 \u012fvertinimas&quot;,&quot;legend&quot;:&quot;0\\\/5 - (0 votes)&quot;,&quot;size&quot;:&quot;24&quot;,&quot;title&quot;:&quot;Unikal\u016bs dovan\u0173 rakt\u0173 pakabukai \u2013 \u201eAce of Hearts\u201c&quot;,&quot;width&quot;:&quot;0&quot;,&quot;_legend&quot;:&quot;{score}\\\/{best} - ({count} {votes})&quot;,&quot;font_factor&quot;:&quot;1.25&quot;}'>\n            \n<div class=\"kksr-stars\">\n    \n<div class=\"kksr-stars-inactive\">\n            <div class=\"kksr-star\" data-star=\"1\" style=\"padding-right: 5px\">\n            \n\n<div class=\"kksr-icon\" style=\"width: 24px; height: 24px;\"><\/div>\n        <\/div>\n            <div class=\"kksr-star\" data-star=\"2\" style=\"padding-right: 5px\">\n            \n\n<div class=\"kksr-icon\" style=\"width: 24px; height: 24px;\"><\/div>\n        <\/div>\n            <div class=\"kksr-star\" data-star=\"3\" style=\"padding-right: 5px\">\n            \n\n<div class=\"kksr-icon\" style=\"width: 24px; height: 24px;\"><\/div>\n        <\/div>\n            <div class=\"kksr-star\" data-star=\"4\" style=\"padding-right: 5px\">\n            \n\n<div class=\"kksr-icon\" style=\"width: 24px; height: 24px;\"><\/div>\n        <\/div>\n            <div class=\"kksr-star\" data-star=\"5\" style=\"padding-right: 5px\">\n            \n\n<div class=\"kksr-icon\" style=\"width: 24px; height: 24px;\"><\/div>\n        <\/div>\n    <\/div>\n    \n<div class=\"kksr-stars-active\" style=\"width: 0px;\">\n            <div class=\"kksr-star\" style=\"padding-right: 5px\">\n            \n\n<div class=\"kksr-icon\" style=\"width: 24px; height: 24px;\"><\/div>\n        <\/div>\n            <div class=\"kksr-star\" style=\"padding-right: 5px\">\n            \n\n<div class=\"kksr-icon\" style=\"width: 24px; height: 24px;\"><\/div>\n        <\/div>\n            <div class=\"kksr-star\" style=\"padding-right: 5px\">\n            \n\n<div class=\"kksr-icon\" style=\"width: 24px; height: 24px;\"><\/div>\n        <\/div>\n            <div class=\"kksr-star\" style=\"padding-right: 5px\">\n            \n\n<div class=\"kksr-icon\" style=\"width: 24px; height: 24px;\"><\/div>\n        <\/div>\n            <div class=\"kksr-star\" style=\"padding-right: 5px\">\n            \n\n<div class=\"kksr-icon\" style=\"width: 24px; height: 24px;\"><\/div>\n        <\/div>\n    <\/div>\n<\/div>\n                \n\n<div class=\"kksr-legend\" style=\"font-size: 19.2px;\">\n            <span class=\"kksr-muted\">Your evaluation is important to us<\/span>\n    <\/div>\n    <\/div>\n<h3 class=\"\" data-start=\"173\" data-end=\"251\">\u201eAce of Hearts card-shaped accessory<\/h3>\n<p class=\"\" data-start=\"253\" data-end=\"540\">Unique gift keychains are increasingly becoming a choice for an exceptional gift. If you are looking for something original, symbolic, and not banal \u2013 this Ace of Hearts card-shaped metal keychain is exactly that. It is not only a practical accessory but also a stylish detail with depth of meaning.<\/p>\n<p class=\"\" data-start=\"542\" data-end=\"902\">The card shape is particularly symbolic. The Ace of Hearts, also known as the Ace of Hearts, is a symbol of love, determination, and luck. Therefore, this keychain is ideal for gifting to a loved one, a close friend, or even yourself \u2013 as a source of inspiration. Unique gift keychains are not only functional but also convey emotion, and this model does it subtly and stylishly.<\/p>\n<p class=\"\" data-start=\"904\" data-end=\"1235\">Made of a durable steel alloy, the keychain boasts longevity and a solid design. It will fit any set of keys, backpack, or even a car mirror. Its surface is smooth, engraved, with clearly etched card symbols \u2013 a heart and the letter \u201eA\u201c. Such an accessory instantly stands out with its shape and idea.<\/p>\n<hr class=\"\" data-start=\"1237\" data-end=\"1240\" \/>\n<h3 class=\"\" data-start=\"1242\" data-end=\"1266\">A gift that lasts<\/h3>\n<p class=\"\" data-start=\"1268\" data-end=\"1620\">Keychains have long become more than just a practical tool for holding keys. They become a sentimental reminder, a symbol, or a style detail. The card-shaped keychain with a heart reminds of the spirit of the game, chances, courage, and, of course, love. Unique gift keychains reach an emotional level in this case \u2013 given with intention, with meaning.<\/p>\n<p class=\"\" data-start=\"1622\" data-end=\"1944\">If you want even more unique gift ideas, browse our <a class=\"\" href=\"https:\/\/kabinam.lt\/eng\/product-category\/unikaliu-pakabuku-kategorija\/\" target=\"_new\" rel=\"noopener\" data-start=\"1683\" data-end=\"1770\">Unique pendants<\/a> collection. And if you are looking for accessories with engravings or symbolism, we recommend visiting the <a class=\"cursor-pointer\" target=\"_new\" rel=\"noopener\" data-start=\"1864\" data-end=\"1935\">Engraved pendants<\/a> page as well.<\/p>\n<hr class=\"\" data-start=\"1946\" data-end=\"1949\" \/>\n<h3 class=\"\" data-start=\"1951\" data-end=\"1988\">Style and symbolism in everyday life<\/h3>\n<p class=\"\" data-start=\"1990\" data-end=\"2225\">Unique gift keychains like this help a person express themselves, their hobbies, or emotions. The card shape speaks of play, passion, and spontaneity. Due to its size and design, it is perfect for both men and women.<\/p>\n<p class=\"\" data-start=\"2227\" data-end=\"2489\">For those looking for unconventional gift ideas, we recommend checking out this <a class=\"cursor-pointer\" target=\"_new\" rel=\"noopener\" data-start=\"2295\" data-end=\"2405\">article about symbolic gift ideas for couples<\/a>, which also reviews card-inspired accessories. This is an external link for inspiration.<\/p>","protected":false},"excerpt":{"rendered":"<p>Ace of Hearts card-shaped keychain \u2013 a stylish, durable, and original accessory with symbolic meaning.<\/p>","protected":false},"featured_media":2417,"comment_status":"closed","ping_status":"closed","template":"","meta":{"_uag_custom_page_level_css":"","site-sidebar-layout":"default","site-content-layout":"","ast-site-content-layout":"default","site-content-style":"default","site-sidebar-style":"default","ast-global-header-display":"","ast-banner-title-visibility":"","ast-main-header-display":"","ast-hfb-above-header-display":"","ast-hfb-below-header-display":"","ast-hfb-mobile-header-display":"","site-post-title":"","ast-breadcrumbs-content":"","ast-featured-img":"","footer-sml-layout":"","ast-disable-related-posts":"","theme-transparent-header-meta":"default","adv-header-id-meta":"","stick-header-meta":"","header-above-stick-meta":"","header-main-stick-meta":"","header-below-stick-meta":"","astra-migrate-meta-layouts":"set","ast-page-background-enabled":"default","ast-page-background-meta":{"desktop":{"background-color":"var(--ast-global-color-4)","background-image":"","background-repeat":"repeat","background-position":"center center","background-size":"auto","background-attachment":"scroll","background-type":"","background-media":"","overlay-type":"","overlay-color":"","overlay-opacity":"","overlay-gradient":""},"tablet":{"background-color":"","background-image":"","background-repeat":"repeat","background-position":"center center","background-size":"auto","background-attachment":"scroll","background-type":"","background-media":"","overlay-type":"","overlay-color":"","overlay-opacity":"","overlay-gradient":""},"mobile":{"background-color":"","background-image":"","background-repeat":"repeat","background-position":"center center","background-size":"auto","background-attachment":"scroll","background-type":"","background-media":"","overlay-type":"","overlay-color":"","overlay-opacity":"","overlay-gradient":""}},"ast-content-background-meta":{"desktop":{"background-color":"var(--ast-global-color-5)","background-image":"","background-repeat":"repeat","background-position":"center center","background-size":"auto","background-attachment":"scroll","background-type":"","background-media":"","overlay-type":"","overlay-color":"","overlay-opacity":"","overlay-gradient":""},"tablet":{"background-color":"var(--ast-global-color-5)","background-image":"","background-repeat":"repeat","background-position":"center center","background-size":"auto","background-attachment":"scroll","background-type":"","background-media":"","overlay-type":"","overlay-color":"","overlay-opacity":"","overlay-gradient":""},"mobile":{"background-color":"var(--ast-global-color-5)","background-image":"","background-repeat":"repeat","background-position":"center center","background-size":"auto","background-attachment":"scroll","background-type":"","background-media":"","overlay-type":"","overlay-color":"","overlay-opacity":"","overlay-gradient":""}}},"product_brand":[],"product_cat":[118,125,116,92,95,126],"product_tag":[],"class_list":{"0":"post-2416","1":"product","2":"type-product","3":"status-publish","4":"has-post-thumbnail","6":"product_cat-dovana-teciui","7":"product_cat-halloween","8":"product_cat-metaliniai-raktu-pakabukai","9":"product_cat-populiariausiu-produktu-kategorija","10":"product_cat-unikalus-raktu-pakabukai","11":"product_cat-visi","12":"desktop-align-center","13":"tablet-align-left","14":"mobile-align-left","16":"first","17":"instock","18":"shipping-taxable","19":"purchasable","20":"product-type-simple"},"yoast_head":"<!-- This site is optimized with the Yoast SEO plugin v27.4 - https:\/\/yoast.com\/product\/yoast-seo-wordpress\/ -->\n<title>Unikal\u016bs dovan\u0173 rakt\u0173 pakabukai \u2013 \u201eAce of Hearts\u201c - kabinam.lt<\/title>\n<meta name=\"description\" content=\"Unikal\u016bs dovan\u0173 rakt\u0173 pakabukai \u2013 \u201eAce of Hearts\u201c simbolis, tvirtas, stilingas aksesuaras su prasme.\" \/>\n<meta name=\"robots\" content=\"index, follow, max-snippet:-1, max-image-preview:large, max-video-preview:-1\" \/>\n<link rel=\"canonical\" href=\"https:\/\/kabinam.lt\/eng\/product\/unique-gift-keychains-ace-of-hearts\/\" \/>\n<meta property=\"og:locale\" content=\"en_US\" \/>\n<meta property=\"og:type\" content=\"article\" \/>\n<meta property=\"og:title\" content=\"Unikal\u016bs dovan\u0173 rakt\u0173 pakabukai \u2013 \u201eAce of Hearts\u201c - kabinam.lt\" \/>\n<meta property=\"og:description\" content=\"Unikal\u016bs dovan\u0173 rakt\u0173 pakabukai \u2013 \u201eAce of Hearts\u201c simbolis, tvirtas, stilingas aksesuaras su prasme.\" \/>\n<meta property=\"og:url\" content=\"https:\/\/kabinam.lt\/eng\/product\/unique-gift-keychains-ace-of-hearts\/\" \/>\n<meta property=\"og:site_name\" content=\"kabinam.lt\" \/>\n<meta property=\"article:modified_time\" content=\"2026-01-03T16:54:42+00:00\" \/>\n<meta property=\"og:image\" content=\"https:\/\/kabinam.lt\/wp-content\/uploads\/2024\/08\/0b6c61c3-40e6-4f67-84b4-ac520e9c8e52.jpg\" \/>\n\t<meta property=\"og:image:width\" content=\"800\" \/>\n\t<meta property=\"og:image:height\" content=\"800\" \/>\n\t<meta property=\"og:image:type\" content=\"image\/jpeg\" \/>\n<meta name=\"twitter:card\" content=\"summary_large_image\" \/>\n<meta name=\"twitter:label1\" content=\"Est. reading time\" \/>\n\t<meta name=\"twitter:data1\" content=\"2 minutes\" \/>\n<script type=\"application\/ld+json\" class=\"yoast-schema-graph\">{\"@context\":\"https:\\\/\\\/schema.org\",\"@graph\":[{\"@type\":[\"WebPage\",\"ItemPage\"],\"@id\":\"https:\\\/\\\/kabinam.lt\\\/product\\\/unikalus-dovanu-raktu-pakabukai-ace-of-hearts\\\/\",\"url\":\"https:\\\/\\\/kabinam.lt\\\/product\\\/unikalus-dovanu-raktu-pakabukai-ace-of-hearts\\\/\",\"name\":\"Unikal\u016bs dovan\u0173 rakt\u0173 pakabukai \u2013 \u201eAce of Hearts\u201c - kabinam.lt\",\"isPartOf\":{\"@id\":\"https:\\\/\\\/kabinam.lt\\\/#website\"},\"primaryImageOfPage\":{\"@id\":\"https:\\\/\\\/kabinam.lt\\\/product\\\/unikalus-dovanu-raktu-pakabukai-ace-of-hearts\\\/#primaryimage\"},\"image\":{\"@id\":\"https:\\\/\\\/kabinam.lt\\\/product\\\/unikalus-dovanu-raktu-pakabukai-ace-of-hearts\\\/#primaryimage\"},\"thumbnailUrl\":\"https:\\\/\\\/kabinam.lt\\\/wp-content\\\/uploads\\\/2024\\\/08\\\/0b6c61c3-40e6-4f67-84b4-ac520e9c8e52.jpg\",\"datePublished\":\"2024-08-15T06:38:52+00:00\",\"dateModified\":\"2026-01-03T16:54:42+00:00\",\"description\":\"Unikal\u016bs dovan\u0173 rakt\u0173 pakabukai \u2013 \u201eAce of Hearts\u201c simbolis, tvirtas, stilingas aksesuaras su prasme.\",\"breadcrumb\":{\"@id\":\"https:\\\/\\\/kabinam.lt\\\/product\\\/unikalus-dovanu-raktu-pakabukai-ace-of-hearts\\\/#breadcrumb\"},\"inLanguage\":\"en-US\",\"potentialAction\":[{\"@type\":\"ReadAction\",\"target\":[\"https:\\\/\\\/kabinam.lt\\\/product\\\/unikalus-dovanu-raktu-pakabukai-ace-of-hearts\\\/\"]}]},{\"@type\":\"ImageObject\",\"inLanguage\":\"en-US\",\"@id\":\"https:\\\/\\\/kabinam.lt\\\/product\\\/unikalus-dovanu-raktu-pakabukai-ace-of-hearts\\\/#primaryimage\",\"url\":\"https:\\\/\\\/kabinam.lt\\\/wp-content\\\/uploads\\\/2024\\\/08\\\/0b6c61c3-40e6-4f67-84b4-ac520e9c8e52.jpg\",\"contentUrl\":\"https:\\\/\\\/kabinam.lt\\\/wp-content\\\/uploads\\\/2024\\\/08\\\/0b6c61c3-40e6-4f67-84b4-ac520e9c8e52.jpg\",\"width\":800,\"height\":800,\"caption\":\"\u201eAce of Hearts\u201c formos pakabukas i\u0161 metalo\"},{\"@type\":\"BreadcrumbList\",\"@id\":\"https:\\\/\\\/kabinam.lt\\\/product\\\/unikalus-dovanu-raktu-pakabukai-ace-of-hearts\\\/#breadcrumb\",\"itemListElement\":[{\"@type\":\"ListItem\",\"position\":1,\"name\":\"Home\",\"item\":\"https:\\\/\\\/kabinam.lt\\\/\"},{\"@type\":\"ListItem\",\"position\":2,\"name\":\"Visi Produktai\",\"item\":\"https:\\\/\\\/kabinam.lt\\\/visi-produktai\\\/\"},{\"@type\":\"ListItem\",\"position\":3,\"name\":\"Unikal\u016bs dovan\u0173 rakt\u0173 pakabukai \u2013 \u201eAce of Hearts\u201c\"}]},{\"@type\":\"WebSite\",\"@id\":\"https:\\\/\\\/kabinam.lt\\\/#website\",\"url\":\"https:\\\/\\\/kabinam.lt\\\/\",\"name\":\"kabinam.lt\",\"description\":\"Kabinam.lt \u2013 raktu pakabukai ir aksesuarai\",\"publisher\":{\"@id\":\"https:\\\/\\\/kabinam.lt\\\/#organization\"},\"alternateName\":\"pakabukai lt\",\"potentialAction\":[{\"@type\":\"SearchAction\",\"target\":{\"@type\":\"EntryPoint\",\"urlTemplate\":\"https:\\\/\\\/kabinam.lt\\\/?s={search_term_string}\"},\"query-input\":{\"@type\":\"PropertyValueSpecification\",\"valueRequired\":true,\"valueName\":\"search_term_string\"}}],\"inLanguage\":\"en-US\"},{\"@type\":\"Organization\",\"@id\":\"https:\\\/\\\/kabinam.lt\\\/#organization\",\"name\":\"kabinam.lt\",\"alternateName\":\"kabinam\",\"url\":\"https:\\\/\\\/kabinam.lt\\\/\",\"logo\":{\"@type\":\"ImageObject\",\"inLanguage\":\"en-US\",\"@id\":\"https:\\\/\\\/kabinam.lt\\\/#\\\/schema\\\/logo\\\/image\\\/\",\"url\":\"https:\\\/\\\/kabinam.lt\\\/wp-content\\\/uploads\\\/2025\\\/05\\\/KABINAM_outer_glow.png\",\"contentUrl\":\"https:\\\/\\\/kabinam.lt\\\/wp-content\\\/uploads\\\/2025\\\/05\\\/KABINAM_outer_glow.png\",\"width\":474,\"height\":141,\"caption\":\"kabinam.lt\"},\"image\":{\"@id\":\"https:\\\/\\\/kabinam.lt\\\/#\\\/schema\\\/logo\\\/image\\\/\"}}]}<\/script>\n<!-- \/ Yoast SEO plugin. -->","yoast_head_json":{"title":"Unique gift keychains - \u201eAce of Hearts\u201c - kabinam.lt","description":"Unique gift keychains \u2013 \u201eAce of Hearts\u201c symbol, a sturdy, stylish accessory with meaning.","robots":{"index":"index","follow":"follow","max-snippet":"max-snippet:-1","max-image-preview":"max-image-preview:large","max-video-preview":"max-video-preview:-1"},"canonical":"https:\/\/kabinam.lt\/eng\/product\/unique-gift-keychains-ace-of-hearts\/","og_locale":"en_US","og_type":"article","og_title":"Unikal\u016bs dovan\u0173 rakt\u0173 pakabukai \u2013 \u201eAce of Hearts\u201c - kabinam.lt","og_description":"Unikal\u016bs dovan\u0173 rakt\u0173 pakabukai \u2013 \u201eAce of Hearts\u201c simbolis, tvirtas, stilingas aksesuaras su prasme.","og_url":"https:\/\/kabinam.lt\/eng\/product\/unique-gift-keychains-ace-of-hearts\/","og_site_name":"kabinam.lt","article_modified_time":"2026-01-03T16:54:42+00:00","og_image":[{"width":800,"height":800,"url":"https:\/\/kabinam.lt\/wp-content\/uploads\/2024\/08\/0b6c61c3-40e6-4f67-84b4-ac520e9c8e52.jpg","type":"image\/jpeg"}],"twitter_card":"summary_large_image","twitter_misc":{"Est. reading time":"2 minutes"},"schema":{"@context":"https:\/\/schema.org","@graph":[{"@type":["WebPage","ItemPage"],"@id":"https:\/\/kabinam.lt\/product\/unikalus-dovanu-raktu-pakabukai-ace-of-hearts\/","url":"https:\/\/kabinam.lt\/product\/unikalus-dovanu-raktu-pakabukai-ace-of-hearts\/","name":"Unique gift keychains - \u201eAce of Hearts\u201c - kabinam.lt","isPartOf":{"@id":"https:\/\/kabinam.lt\/#website"},"primaryImageOfPage":{"@id":"https:\/\/kabinam.lt\/product\/unikalus-dovanu-raktu-pakabukai-ace-of-hearts\/#primaryimage"},"image":{"@id":"https:\/\/kabinam.lt\/product\/unikalus-dovanu-raktu-pakabukai-ace-of-hearts\/#primaryimage"},"thumbnailUrl":"https:\/\/kabinam.lt\/wp-content\/uploads\/2024\/08\/0b6c61c3-40e6-4f67-84b4-ac520e9c8e52.jpg","datePublished":"2024-08-15T06:38:52+00:00","dateModified":"2026-01-03T16:54:42+00:00","description":"Unique gift keychains \u2013 \u201eAce of Hearts\u201c symbol, a sturdy, stylish accessory with meaning.","breadcrumb":{"@id":"https:\/\/kabinam.lt\/product\/unikalus-dovanu-raktu-pakabukai-ace-of-hearts\/#breadcrumb"},"inLanguage":"en-US","potentialAction":[{"@type":"ReadAction","target":["https:\/\/kabinam.lt\/product\/unikalus-dovanu-raktu-pakabukai-ace-of-hearts\/"]}]},{"@type":"ImageObject","inLanguage":"en-US","@id":"https:\/\/kabinam.lt\/product\/unikalus-dovanu-raktu-pakabukai-ace-of-hearts\/#primaryimage","url":"https:\/\/kabinam.lt\/wp-content\/uploads\/2024\/08\/0b6c61c3-40e6-4f67-84b4-ac520e9c8e52.jpg","contentUrl":"https:\/\/kabinam.lt\/wp-content\/uploads\/2024\/08\/0b6c61c3-40e6-4f67-84b4-ac520e9c8e52.jpg","width":800,"height":800,"caption":"\u201eAce of Hearts\u201c formos pakabukas i\u0161 metalo"},{"@type":"BreadcrumbList","@id":"https:\/\/kabinam.lt\/product\/unikalus-dovanu-raktu-pakabukai-ace-of-hearts\/#breadcrumb","itemListElement":[{"@type":"ListItem","position":1,"name":"Home","item":"https:\/\/kabinam.lt\/"},{"@type":"ListItem","position":2,"name":"Visi Produktai","item":"https:\/\/kabinam.lt\/visi-produktai\/"},{"@type":"ListItem","position":3,"name":"Unikal\u016bs dovan\u0173 rakt\u0173 pakabukai \u2013 \u201eAce of Hearts\u201c"}]},{"@type":"WebSite","@id":"https:\/\/kabinam.lt\/#website","url":"https:\/\/kabinam.lt\/","name":"kabinam.lt","description":"Kabinam.lt - key chains and accessories","publisher":{"@id":"https:\/\/kabinam.lt\/#organization"},"alternateName":"pakabukai lt","potentialAction":[{"@type":"SearchAction","target":{"@type":"EntryPoint","urlTemplate":"https:\/\/kabinam.lt\/?s={search_term_string}"},"query-input":{"@type":"PropertyValueSpecification","valueRequired":true,"valueName":"search_term_string"}}],"inLanguage":"en-US"},{"@type":"Organization","@id":"https:\/\/kabinam.lt\/#organization","name":"kabinam.lt","alternateName":"kabinam","url":"https:\/\/kabinam.lt\/","logo":{"@type":"ImageObject","inLanguage":"en-US","@id":"https:\/\/kabinam.lt\/#\/schema\/logo\/image\/","url":"https:\/\/kabinam.lt\/wp-content\/uploads\/2025\/05\/KABINAM_outer_glow.png","contentUrl":"https:\/\/kabinam.lt\/wp-content\/uploads\/2025\/05\/KABINAM_outer_glow.png","width":474,"height":141,"caption":"kabinam.lt"},"image":{"@id":"https:\/\/kabinam.lt\/#\/schema\/logo\/image\/"}}]}},"uagb_featured_image_src":{"full":["https:\/\/kabinam.lt\/wp-content\/uploads\/2024\/08\/0b6c61c3-40e6-4f67-84b4-ac520e9c8e52.jpg",800,800,false],"thumbnail":["https:\/\/kabinam.lt\/wp-content\/uploads\/2024\/08\/0b6c61c3-40e6-4f67-84b4-ac520e9c8e52-150x150.jpg",150,150,true],"medium":["https:\/\/kabinam.lt\/wp-content\/uploads\/2024\/08\/0b6c61c3-40e6-4f67-84b4-ac520e9c8e52-300x300.jpg",300,300,true],"medium_large":["https:\/\/kabinam.lt\/wp-content\/uploads\/2024\/08\/0b6c61c3-40e6-4f67-84b4-ac520e9c8e52-768x768.jpg",768,768,true],"large":["https:\/\/kabinam.lt\/wp-content\/uploads\/2024\/08\/0b6c61c3-40e6-4f67-84b4-ac520e9c8e52.jpg",800,800,false],"1536x1536":["https:\/\/kabinam.lt\/wp-content\/uploads\/2024\/08\/0b6c61c3-40e6-4f67-84b4-ac520e9c8e52.jpg",800,800,false],"2048x2048":["https:\/\/kabinam.lt\/wp-content\/uploads\/2024\/08\/0b6c61c3-40e6-4f67-84b4-ac520e9c8e52.jpg",800,800,false],"trp-custom-language-flag":["https:\/\/kabinam.lt\/wp-content\/uploads\/2024\/08\/0b6c61c3-40e6-4f67-84b4-ac520e9c8e52.jpg",12,12,false],"woocommerce_thumbnail":["https:\/\/kabinam.lt\/wp-content\/uploads\/2024\/08\/0b6c61c3-40e6-4f67-84b4-ac520e9c8e52-300x300.jpg",300,300,true],"woocommerce_single":["https:\/\/kabinam.lt\/wp-content\/uploads\/2024\/08\/0b6c61c3-40e6-4f67-84b4-ac520e9c8e52-600x600.jpg",600,600,true],"woocommerce_gallery_thumbnail":["https:\/\/kabinam.lt\/wp-content\/uploads\/2024\/08\/0b6c61c3-40e6-4f67-84b4-ac520e9c8e52-100x100.jpg",100,100,true]},"uagb_author_info":{"display_name":"kabinam.lt","author_link":"https:\/\/kabinam.lt\/eng\/author\/"},"uagb_comment_info":0,"uagb_excerpt":"Kortos formos pakabukas \u201eAce of Hearts\u201c \u2013 stilingas, tvirtas ir originalus aksesuaras su simboline prasme.","_links":{"self":[{"href":"https:\/\/kabinam.lt\/eng\/wp-json\/wp\/v2\/product\/2416","targetHints":{"allow":["GET"]}}],"collection":[{"href":"https:\/\/kabinam.lt\/eng\/wp-json\/wp\/v2\/product"}],"about":[{"href":"https:\/\/kabinam.lt\/eng\/wp-json\/wp\/v2\/types\/product"}],"replies":[{"embeddable":true,"href":"https:\/\/kabinam.lt\/eng\/wp-json\/wp\/v2\/comments?post=2416"}],"wp:featuredmedia":[{"embeddable":true,"href":"https:\/\/kabinam.lt\/eng\/wp-json\/wp\/v2\/media\/2417"}],"wp:attachment":[{"href":"https:\/\/kabinam.lt\/eng\/wp-json\/wp\/v2\/media?parent=2416"}],"wp:term":[{"taxonomy":"product_brand","embeddable":true,"href":"https:\/\/kabinam.lt\/eng\/wp-json\/wp\/v2\/product_brand?post=2416"},{"taxonomy":"product_cat","embeddable":true,"href":"https:\/\/kabinam.lt\/eng\/wp-json\/wp\/v2\/product_cat?post=2416"},{"taxonomy":"product_tag","embeddable":true,"href":"https:\/\/kabinam.lt\/eng\/wp-json\/wp\/v2\/product_tag?post=2416"}],"curies":[{"name":"wp","href":"https:\/\/api.w.org\/{rel}","templated":true}]}}