{"id":2298,"date":"2024-07-30T16:55:48","date_gmt":"2024-07-30T13:55:48","guid":{"rendered":"https:\/\/kabinam.lt\/?post_type=product&#038;p=2298"},"modified":"2026-01-03T18:55:12","modified_gmt":"2026-01-03T16:55:12","slug":"key-hooks-with-a-modern-style","status":"publish","type":"product","link":"https:\/\/kabinam.lt\/eng\/product\/raktu-pakabukai-su-moderniu-stiliumi-meskiukas\/","title":{"rendered":"Keyrings with modern style - Brown Bear"},"content":{"rendered":"<div class=\"kk-star-ratings kksr-auto kksr-align-left kksr-valign-top\"\n    data-payload='{&quot;align&quot;:&quot;left&quot;,&quot;id&quot;:&quot;2298&quot;,&quot;slug&quot;:&quot;default&quot;,&quot;valign&quot;:&quot;top&quot;,&quot;ignore&quot;:&quot;&quot;,&quot;reference&quot;:&quot;auto&quot;,&quot;class&quot;:&quot;&quot;,&quot;count&quot;:&quot;0&quot;,&quot;legendonly&quot;:&quot;&quot;,&quot;readonly&quot;:&quot;&quot;,&quot;score&quot;:&quot;0&quot;,&quot;starsonly&quot;:&quot;&quot;,&quot;best&quot;:&quot;5&quot;,&quot;gap&quot;:&quot;5&quot;,&quot;greet&quot;:&quot;Mums svarbus j\u016bs\u0173 \u012fvertinimas&quot;,&quot;legend&quot;:&quot;0\\\/5 - (0 votes)&quot;,&quot;size&quot;:&quot;24&quot;,&quot;title&quot;:&quot;Rakt\u0173 pakabukai su moderniu stiliumi \u2013 Rudas Me\u0161kiukas&quot;,&quot;width&quot;:&quot;0&quot;,&quot;_legend&quot;:&quot;{score}\\\/{best} - ({count} {votes})&quot;,&quot;font_factor&quot;:&quot;1.25&quot;}'>\n            \n<div class=\"kksr-stars\">\n    \n<div class=\"kksr-stars-inactive\">\n            <div class=\"kksr-star\" data-star=\"1\" style=\"padding-right: 5px\">\n            \n\n<div class=\"kksr-icon\" style=\"width: 24px; height: 24px;\"><\/div>\n        <\/div>\n            <div class=\"kksr-star\" data-star=\"2\" style=\"padding-right: 5px\">\n            \n\n<div class=\"kksr-icon\" style=\"width: 24px; height: 24px;\"><\/div>\n        <\/div>\n            <div class=\"kksr-star\" data-star=\"3\" style=\"padding-right: 5px\">\n            \n\n<div class=\"kksr-icon\" style=\"width: 24px; height: 24px;\"><\/div>\n        <\/div>\n            <div class=\"kksr-star\" data-star=\"4\" style=\"padding-right: 5px\">\n            \n\n<div class=\"kksr-icon\" style=\"width: 24px; height: 24px;\"><\/div>\n        <\/div>\n            <div class=\"kksr-star\" data-star=\"5\" style=\"padding-right: 5px\">\n            \n\n<div class=\"kksr-icon\" style=\"width: 24px; height: 24px;\"><\/div>\n        <\/div>\n    <\/div>\n    \n<div class=\"kksr-stars-active\" style=\"width: 0px;\">\n            <div class=\"kksr-star\" style=\"padding-right: 5px\">\n            \n\n<div class=\"kksr-icon\" style=\"width: 24px; height: 24px;\"><\/div>\n        <\/div>\n            <div class=\"kksr-star\" style=\"padding-right: 5px\">\n            \n\n<div class=\"kksr-icon\" style=\"width: 24px; height: 24px;\"><\/div>\n        <\/div>\n            <div class=\"kksr-star\" style=\"padding-right: 5px\">\n            \n\n<div class=\"kksr-icon\" style=\"width: 24px; height: 24px;\"><\/div>\n        <\/div>\n            <div class=\"kksr-star\" style=\"padding-right: 5px\">\n            \n\n<div class=\"kksr-icon\" style=\"width: 24px; height: 24px;\"><\/div>\n        <\/div>\n            <div class=\"kksr-star\" style=\"padding-right: 5px\">\n            \n\n<div class=\"kksr-icon\" style=\"width: 24px; height: 24px;\"><\/div>\n        <\/div>\n    <\/div>\n<\/div>\n                \n\n<div class=\"kksr-legend\" style=\"font-size: 19.2px;\">\n            <span class=\"kksr-muted\">Your evaluation is important to us<\/span>\n    <\/div>\n    <\/div>\n<h3 data-start=\"419\" data-end=\"504\"><strong data-start=\"423\" data-end=\"504\">Key rings with a modern style \u2013 a stylish accessory for every day<\/strong><\/h3>\n<p data-start=\"506\" data-end=\"824\">Contemporary <strong data-start=\"520\" data-end=\"560\">key rings with a modern style<\/strong> has become an integral part of style, especially among young people and fashion followers. Our brown rubber bear with the inscription <em data-start=\"670\" data-end=\"678\">coolso<\/em> \u2013 a perfect example of how a simple object can become a stylish accent. It immediately attracts attention due to its appearance, quality, and versatility.<\/p>\n<hr data-start=\"826\" data-end=\"829\" \/>\n<h3 data-start=\"831\" data-end=\"875\"><strong data-start=\"835\" data-end=\"875\">High-quality materials and details<\/strong><\/h3>\n<p data-start=\"877\" data-end=\"1202\">The pendant is made of elastic yet extremely durable rubber. This means that it not only looks great, but also lasts a long time. The surface of the bear is pleasant to the touch, and the details are bright and expressive. Glasses and white lettering <em data-start=\"1108\" data-end=\"1116\">coolso<\/em> creates the impression that this accessory is fashionable, stylish, and somewhat provocative.<\/p>\n<hr data-start=\"840\" data-end=\"843\" \/>\n<h3 data-start=\"845\" data-end=\"885\"><strong data-start=\"849\" data-end=\"885\">Style meets practicality<\/strong><\/h3>\n<p data-start=\"887\" data-end=\"1209\">The bear is made of high-quality rubber, which is durable and pleasant to the touch. The minimalist design combined with a modern look creates an accessory that is suitable for both young people and adults. Inscription <em data-start=\"1093\" data-end=\"1101\">coolso<\/em> gives the pendant a unique and slightly playful look. It is not only decorative, but also functional.<\/p>\n<hr data-start=\"1204\" data-end=\"1207\" \/>\n<h3 data-start=\"1209\" data-end=\"1252\"><strong data-start=\"1213\" data-end=\"1252\">The perfect choice for a gift or for yourself<\/strong><\/h3>\n<p data-start=\"1254\" data-end=\"1555\">If you are looking for a gift for a loved one or want to add to your accessory collection, this pendant is the perfect choice. Its size makes it convenient to carry with a set of keys, attach to a backpack, or even wear on your clothes. It is a unique gift for those who love fashion, design, and modern solutions.<\/p>\n<hr data-start=\"1557\" data-end=\"1560\" \/>\n<h3 data-start=\"1562\" data-end=\"1600\"><strong data-start=\"1566\" data-end=\"1600\">Combine style with functionality<\/strong><\/h3>\n<p data-start=\"1602\" data-end=\"1848\"><strong data-start=\"1602\" data-end=\"1642\">Key rings with a modern style<\/strong> Not only beautiful, but also practical. The rubber is resistant to environmental influences, so the pendant retains its shape perfectly even with daily use. It is suitable for a variety of styles, from street fashion to minimalism.<\/p>\n<hr data-start=\"1850\" data-end=\"1853\" \/>\n<h3 data-start=\"1855\" data-end=\"1899\"><strong data-start=\"1859\" data-end=\"1899\">Looking for more stylish options?<\/strong><\/h3>\n<p data-start=\"1901\" data-end=\"2369\">Visit our <a class=\"\" href=\"https:\/\/kabinam.lt\/eng\/product-category\/unikaliu-pakabuku-kategorija\/\" target=\"_new\" rel=\"noopener\" data-start=\"1917\" data-end=\"2004\">Unique pendants<\/a> and <a class=\"\" href=\"https:\/\/kabinam.lt\/eng\/product-category\/most-popular-product-category\/\" target=\"_new\" rel=\"noopener\" data-start=\"2008\" data-end=\"2106\">Most popular products<\/a> categories, where you will find even more expressive and stylish accessories. And if you want to follow global fashion trends, we recommend visiting <a class=\"\" href=\"https:\/\/www.highsnobiety.com\" target=\"_new\" rel=\"noopener\" data-start=\"2253\" data-end=\"2313\">https:\/\/www.highsnobiety.com<\/a> \u2013 one of the most popular fashion culture platforms.<\/p>","protected":false},"excerpt":{"rendered":"<p>A stylish brown rubber bear with the inscription \"coolso\" \u2013 a modern key ring for urban fashion lovers.<\/p>","protected":false},"featured_media":2299,"comment_status":"closed","ping_status":"closed","template":"","meta":{"_uag_custom_page_level_css":"","site-sidebar-layout":"default","site-content-layout":"","ast-site-content-layout":"default","site-content-style":"default","site-sidebar-style":"default","ast-global-header-display":"","ast-banner-title-visibility":"","ast-main-header-display":"","ast-hfb-above-header-display":"","ast-hfb-below-header-display":"","ast-hfb-mobile-header-display":"","site-post-title":"","ast-breadcrumbs-content":"","ast-featured-img":"","footer-sml-layout":"","ast-disable-related-posts":"","theme-transparent-header-meta":"default","adv-header-id-meta":"","stick-header-meta":"","header-above-stick-meta":"","header-main-stick-meta":"","header-below-stick-meta":"","astra-migrate-meta-layouts":"set","ast-page-background-enabled":"default","ast-page-background-meta":{"desktop":{"background-color":"var(--ast-global-color-4)","background-image":"","background-repeat":"repeat","background-position":"center center","background-size":"auto","background-attachment":"scroll","background-type":"","background-media":"","overlay-type":"","overlay-color":"","overlay-opacity":"","overlay-gradient":""},"tablet":{"background-color":"","background-image":"","background-repeat":"repeat","background-position":"center center","background-size":"auto","background-attachment":"scroll","background-type":"","background-media":"","overlay-type":"","overlay-color":"","overlay-opacity":"","overlay-gradient":""},"mobile":{"background-color":"","background-image":"","background-repeat":"repeat","background-position":"center center","background-size":"auto","background-attachment":"scroll","background-type":"","background-media":"","overlay-type":"","overlay-color":"","overlay-opacity":"","overlay-gradient":""}},"ast-content-background-meta":{"desktop":{"background-color":"var(--ast-global-color-5)","background-image":"","background-repeat":"repeat","background-position":"center center","background-size":"auto","background-attachment":"scroll","background-type":"","background-media":"","overlay-type":"","overlay-color":"","overlay-opacity":"","overlay-gradient":""},"tablet":{"background-color":"var(--ast-global-color-5)","background-image":"","background-repeat":"repeat","background-position":"center center","background-size":"auto","background-attachment":"scroll","background-type":"","background-media":"","overlay-type":"","overlay-color":"","overlay-opacity":"","overlay-gradient":""},"mobile":{"background-color":"var(--ast-global-color-5)","background-image":"","background-repeat":"repeat","background-position":"center center","background-size":"auto","background-attachment":"scroll","background-type":"","background-media":"","overlay-type":"","overlay-color":"","overlay-opacity":"","overlay-gradient":""}}},"product_brand":[],"product_cat":[125,126,95,118,92],"product_tag":[],"class_list":{"0":"post-2298","1":"product","2":"type-product","3":"status-publish","4":"has-post-thumbnail","6":"product_cat-halloween","7":"product_cat-visi","8":"product_cat-unikalus-raktu-pakabukai","9":"product_cat-dovana-teciui","10":"product_cat-populiariausiu-produktu-kategorija","11":"desktop-align-center","12":"tablet-align-left","13":"mobile-align-left","15":"first","16":"instock","17":"shipping-taxable","18":"purchasable","19":"product-type-simple"},"yoast_head":"<!-- This site is optimized with the Yoast SEO plugin v27.1.1 - https:\/\/yoast.com\/product\/yoast-seo-wordpress\/ -->\n<title>Rakt\u0173 pakabukai su moderniu stiliumi \u2013 Rudas Me\u0161kiukas - kabinam.lt<\/title>\n<meta name=\"description\" content=\"Rakt\u0173 pakabukai su moderniu stiliumi \u2013 guminis rudas me\u0161kiukas su u\u017era\u0161u coolso. Puikus pasirinkimas \u0161iuolaiki\u0161kam \u012fvaizd\u017eiui.\" \/>\n<meta name=\"robots\" content=\"index, follow, max-snippet:-1, max-image-preview:large, max-video-preview:-1\" \/>\n<link rel=\"canonical\" href=\"https:\/\/kabinam.lt\/eng\/product\/key-hooks-with-a-modern-style\/\" \/>\n<meta property=\"og:locale\" content=\"en_US\" \/>\n<meta property=\"og:type\" content=\"article\" \/>\n<meta property=\"og:title\" content=\"Rakt\u0173 pakabukai su moderniu stiliumi \u2013 Rudas Me\u0161kiukas - kabinam.lt\" \/>\n<meta property=\"og:description\" content=\"Rakt\u0173 pakabukai su moderniu stiliumi \u2013 guminis rudas me\u0161kiukas su u\u017era\u0161u coolso. Puikus pasirinkimas \u0161iuolaiki\u0161kam \u012fvaizd\u017eiui.\" \/>\n<meta property=\"og:url\" content=\"https:\/\/kabinam.lt\/eng\/product\/key-hooks-with-a-modern-style\/\" \/>\n<meta property=\"og:site_name\" content=\"kabinam.lt\" \/>\n<meta property=\"article:modified_time\" content=\"2026-01-03T16:55:12+00:00\" \/>\n<meta property=\"og:image\" content=\"https:\/\/kabinam.lt\/wp-content\/uploads\/2024\/07\/4de2923d-d4d4-49b4-87a6-4c287b87b570-1.jpg\" \/>\n\t<meta property=\"og:image:width\" content=\"800\" \/>\n\t<meta property=\"og:image:height\" content=\"800\" \/>\n\t<meta property=\"og:image:type\" content=\"image\/jpeg\" \/>\n<meta name=\"twitter:card\" content=\"summary_large_image\" \/>\n<meta name=\"twitter:label1\" content=\"Est. reading time\" \/>\n\t<meta name=\"twitter:data1\" content=\"2 minutes\" \/>\n<script type=\"application\/ld+json\" class=\"yoast-schema-graph\">{\"@context\":\"https:\/\/schema.org\",\"@graph\":[{\"@type\":[\"WebPage\",\"ItemPage\"],\"@id\":\"https:\/\/kabinam.lt\/eng\/product\/key-hooks-with-a-modern-style\/\",\"url\":\"https:\/\/kabinam.lt\/eng\/product\/key-hooks-with-a-modern-style\/\",\"name\":\"Rakt\u0173 pakabukai su moderniu stiliumi \u2013 Rudas Me\u0161kiukas - kabinam.lt\",\"isPartOf\":{\"@id\":\"https:\/\/kabinam.lt\/#website\"},\"primaryImageOfPage\":{\"@id\":\"https:\/\/kabinam.lt\/eng\/product\/key-hooks-with-a-modern-style\/#primaryimage\"},\"image\":{\"@id\":\"https:\/\/kabinam.lt\/eng\/product\/key-hooks-with-a-modern-style\/#primaryimage\"},\"thumbnailUrl\":\"https:\/\/kabinam.lt\/wp-content\/uploads\/2024\/07\/4de2923d-d4d4-49b4-87a6-4c287b87b570-1.jpg\",\"datePublished\":\"2024-07-30T13:55:48+00:00\",\"dateModified\":\"2026-01-03T16:55:12+00:00\",\"description\":\"Rakt\u0173 pakabukai su moderniu stiliumi \u2013 guminis rudas me\u0161kiukas su u\u017era\u0161u coolso. Puikus pasirinkimas \u0161iuolaiki\u0161kam \u012fvaizd\u017eiui.\",\"breadcrumb\":{\"@id\":\"https:\/\/kabinam.lt\/eng\/product\/key-hooks-with-a-modern-style\/#breadcrumb\"},\"inLanguage\":\"en-US\",\"potentialAction\":[{\"@type\":\"ReadAction\",\"target\":[\"https:\/\/kabinam.lt\/eng\/product\/key-hooks-with-a-modern-style\/\"]}]},{\"@type\":\"ImageObject\",\"inLanguage\":\"en-US\",\"@id\":\"https:\/\/kabinam.lt\/eng\/product\/key-hooks-with-a-modern-style\/#primaryimage\",\"url\":\"https:\/\/kabinam.lt\/wp-content\/uploads\/2024\/07\/4de2923d-d4d4-49b4-87a6-4c287b87b570-1.jpg\",\"contentUrl\":\"https:\/\/kabinam.lt\/wp-content\/uploads\/2024\/07\/4de2923d-d4d4-49b4-87a6-4c287b87b570-1.jpg\",\"width\":800,\"height\":800,\"caption\":\"Modernus guminis me\u0161kiukas su coolso u\u017era\u0161u\"},{\"@type\":\"BreadcrumbList\",\"@id\":\"https:\/\/kabinam.lt\/eng\/product\/key-hooks-with-a-modern-style\/#breadcrumb\",\"itemListElement\":[{\"@type\":\"ListItem\",\"position\":1,\"name\":\"Home\",\"item\":\"https:\/\/kabinam.lt\/\"},{\"@type\":\"ListItem\",\"position\":2,\"name\":\"Visi Produktai\",\"item\":\"https:\/\/kabinam.lt\/visi-produktai\/\"},{\"@type\":\"ListItem\",\"position\":3,\"name\":\"Rakt\u0173 pakabukai su moderniu stiliumi \u2013 Rudas Me\u0161kiukas\"}]},{\"@type\":\"WebSite\",\"@id\":\"https:\/\/kabinam.lt\/#website\",\"url\":\"https:\/\/kabinam.lt\/\",\"name\":\"kabinam.lt\",\"description\":\"Kabinam.lt \u2013 raktu pakabukai ir aksesuarai\",\"publisher\":{\"@id\":\"https:\/\/kabinam.lt\/#organization\"},\"alternateName\":\"pakabukai lt\",\"potentialAction\":[{\"@type\":\"SearchAction\",\"target\":{\"@type\":\"EntryPoint\",\"urlTemplate\":\"https:\/\/kabinam.lt\/?s={search_term_string}\"},\"query-input\":{\"@type\":\"PropertyValueSpecification\",\"valueRequired\":true,\"valueName\":\"search_term_string\"}}],\"inLanguage\":\"en-US\"},{\"@type\":\"Organization\",\"@id\":\"https:\/\/kabinam.lt\/#organization\",\"name\":\"kabinam.lt\",\"alternateName\":\"kabinam\",\"url\":\"https:\/\/kabinam.lt\/\",\"logo\":{\"@type\":\"ImageObject\",\"inLanguage\":\"en-US\",\"@id\":\"https:\/\/kabinam.lt\/#\/schema\/logo\/image\/\",\"url\":\"https:\/\/kabinam.lt\/wp-content\/uploads\/2025\/05\/KABINAM_outer_glow.png\",\"contentUrl\":\"https:\/\/kabinam.lt\/wp-content\/uploads\/2025\/05\/KABINAM_outer_glow.png\",\"width\":474,\"height\":141,\"caption\":\"kabinam.lt\"},\"image\":{\"@id\":\"https:\/\/kabinam.lt\/#\/schema\/logo\/image\/\"}}]}<\/script>\n<!-- \/ Yoast SEO plugin. -->","yoast_head_json":{"title":"Key rings with a modern style \u2013 Brown Bear - kabinam.lt","description":"Key rings with a modern style \u2013 a brown rubber bear with the inscription \"coolso.\" An excellent choice for a contemporary look.","robots":{"index":"index","follow":"follow","max-snippet":"max-snippet:-1","max-image-preview":"max-image-preview:large","max-video-preview":"max-video-preview:-1"},"canonical":"https:\/\/kabinam.lt\/eng\/product\/key-hooks-with-a-modern-style\/","og_locale":"en_US","og_type":"article","og_title":"Rakt\u0173 pakabukai su moderniu stiliumi \u2013 Rudas Me\u0161kiukas - kabinam.lt","og_description":"Rakt\u0173 pakabukai su moderniu stiliumi \u2013 guminis rudas me\u0161kiukas su u\u017era\u0161u coolso. Puikus pasirinkimas \u0161iuolaiki\u0161kam \u012fvaizd\u017eiui.","og_url":"https:\/\/kabinam.lt\/eng\/product\/key-hooks-with-a-modern-style\/","og_site_name":"kabinam.lt","article_modified_time":"2026-01-03T16:55:12+00:00","og_image":[{"width":800,"height":800,"url":"https:\/\/kabinam.lt\/wp-content\/uploads\/2024\/07\/4de2923d-d4d4-49b4-87a6-4c287b87b570-1.jpg","type":"image\/jpeg"}],"twitter_card":"summary_large_image","twitter_misc":{"Est. reading time":"2 minutes"},"schema":{"@context":"https:\/\/schema.org","@graph":[{"@type":["WebPage","ItemPage"],"@id":"https:\/\/kabinam.lt\/eng\/product\/key-hooks-with-a-modern-style\/","url":"https:\/\/kabinam.lt\/eng\/product\/key-hooks-with-a-modern-style\/","name":"Key rings with a modern style \u2013 Brown Bear - kabinam.lt","isPartOf":{"@id":"https:\/\/kabinam.lt\/#website"},"primaryImageOfPage":{"@id":"https:\/\/kabinam.lt\/eng\/product\/key-hooks-with-a-modern-style\/#primaryimage"},"image":{"@id":"https:\/\/kabinam.lt\/eng\/product\/key-hooks-with-a-modern-style\/#primaryimage"},"thumbnailUrl":"https:\/\/kabinam.lt\/wp-content\/uploads\/2024\/07\/4de2923d-d4d4-49b4-87a6-4c287b87b570-1.jpg","datePublished":"2024-07-30T13:55:48+00:00","dateModified":"2026-01-03T16:55:12+00:00","description":"Key rings with a modern style \u2013 a brown rubber bear with the inscription \"coolso.\" An excellent choice for a contemporary look.","breadcrumb":{"@id":"https:\/\/kabinam.lt\/eng\/product\/key-hooks-with-a-modern-style\/#breadcrumb"},"inLanguage":"en-US","potentialAction":[{"@type":"ReadAction","target":["https:\/\/kabinam.lt\/eng\/product\/key-hooks-with-a-modern-style\/"]}]},{"@type":"ImageObject","inLanguage":"en-US","@id":"https:\/\/kabinam.lt\/eng\/product\/key-hooks-with-a-modern-style\/#primaryimage","url":"https:\/\/kabinam.lt\/wp-content\/uploads\/2024\/07\/4de2923d-d4d4-49b4-87a6-4c287b87b570-1.jpg","contentUrl":"https:\/\/kabinam.lt\/wp-content\/uploads\/2024\/07\/4de2923d-d4d4-49b4-87a6-4c287b87b570-1.jpg","width":800,"height":800,"caption":"Modernus guminis me\u0161kiukas su coolso u\u017era\u0161u"},{"@type":"BreadcrumbList","@id":"https:\/\/kabinam.lt\/eng\/product\/key-hooks-with-a-modern-style\/#breadcrumb","itemListElement":[{"@type":"ListItem","position":1,"name":"Home","item":"https:\/\/kabinam.lt\/"},{"@type":"ListItem","position":2,"name":"Visi Produktai","item":"https:\/\/kabinam.lt\/visi-produktai\/"},{"@type":"ListItem","position":3,"name":"Rakt\u0173 pakabukai su moderniu stiliumi \u2013 Rudas Me\u0161kiukas"}]},{"@type":"WebSite","@id":"https:\/\/kabinam.lt\/#website","url":"https:\/\/kabinam.lt\/","name":"kabinam.lt","description":"Kabinam.lt - key chains and accessories","publisher":{"@id":"https:\/\/kabinam.lt\/#organization"},"alternateName":"pakabukai lt","potentialAction":[{"@type":"SearchAction","target":{"@type":"EntryPoint","urlTemplate":"https:\/\/kabinam.lt\/?s={search_term_string}"},"query-input":{"@type":"PropertyValueSpecification","valueRequired":true,"valueName":"search_term_string"}}],"inLanguage":"en-US"},{"@type":"Organization","@id":"https:\/\/kabinam.lt\/#organization","name":"kabinam.lt","alternateName":"kabinam","url":"https:\/\/kabinam.lt\/","logo":{"@type":"ImageObject","inLanguage":"en-US","@id":"https:\/\/kabinam.lt\/#\/schema\/logo\/image\/","url":"https:\/\/kabinam.lt\/wp-content\/uploads\/2025\/05\/KABINAM_outer_glow.png","contentUrl":"https:\/\/kabinam.lt\/wp-content\/uploads\/2025\/05\/KABINAM_outer_glow.png","width":474,"height":141,"caption":"kabinam.lt"},"image":{"@id":"https:\/\/kabinam.lt\/#\/schema\/logo\/image\/"}}]}},"uagb_featured_image_src":{"full":["https:\/\/kabinam.lt\/wp-content\/uploads\/2024\/07\/4de2923d-d4d4-49b4-87a6-4c287b87b570-1.jpg",800,800,false],"thumbnail":["https:\/\/kabinam.lt\/wp-content\/uploads\/2024\/07\/4de2923d-d4d4-49b4-87a6-4c287b87b570-1-150x150.jpg",150,150,true],"medium":["https:\/\/kabinam.lt\/wp-content\/uploads\/2024\/07\/4de2923d-d4d4-49b4-87a6-4c287b87b570-1-300x300.jpg",300,300,true],"medium_large":["https:\/\/kabinam.lt\/wp-content\/uploads\/2024\/07\/4de2923d-d4d4-49b4-87a6-4c287b87b570-1-768x768.jpg",768,768,true],"large":["https:\/\/kabinam.lt\/wp-content\/uploads\/2024\/07\/4de2923d-d4d4-49b4-87a6-4c287b87b570-1.jpg",800,800,false],"1536x1536":["https:\/\/kabinam.lt\/wp-content\/uploads\/2024\/07\/4de2923d-d4d4-49b4-87a6-4c287b87b570-1.jpg",800,800,false],"2048x2048":["https:\/\/kabinam.lt\/wp-content\/uploads\/2024\/07\/4de2923d-d4d4-49b4-87a6-4c287b87b570-1.jpg",800,800,false],"trp-custom-language-flag":["https:\/\/kabinam.lt\/wp-content\/uploads\/2024\/07\/4de2923d-d4d4-49b4-87a6-4c287b87b570-1.jpg",12,12,false],"woocommerce_thumbnail":["https:\/\/kabinam.lt\/wp-content\/uploads\/2024\/07\/4de2923d-d4d4-49b4-87a6-4c287b87b570-1-300x300.jpg",300,300,true],"woocommerce_single":["https:\/\/kabinam.lt\/wp-content\/uploads\/2024\/07\/4de2923d-d4d4-49b4-87a6-4c287b87b570-1-600x600.jpg",600,600,true],"woocommerce_gallery_thumbnail":["https:\/\/kabinam.lt\/wp-content\/uploads\/2024\/07\/4de2923d-d4d4-49b4-87a6-4c287b87b570-1-100x100.jpg",100,100,true]},"uagb_author_info":{"display_name":"kabinam.lt","author_link":"https:\/\/kabinam.lt\/eng\/author\/"},"uagb_comment_info":0,"uagb_excerpt":"Stilingas rudas guminis me\u0161kiukas su u\u017era\u0161u coolso \u2013 \u0161iuolaiki\u0161kas rakt\u0173 pakabukas miesto mados gerb\u0117jams.","_links":{"self":[{"href":"https:\/\/kabinam.lt\/eng\/wp-json\/wp\/v2\/product\/2298","targetHints":{"allow":["GET"]}}],"collection":[{"href":"https:\/\/kabinam.lt\/eng\/wp-json\/wp\/v2\/product"}],"about":[{"href":"https:\/\/kabinam.lt\/eng\/wp-json\/wp\/v2\/types\/product"}],"replies":[{"embeddable":true,"href":"https:\/\/kabinam.lt\/eng\/wp-json\/wp\/v2\/comments?post=2298"}],"wp:featuredmedia":[{"embeddable":true,"href":"https:\/\/kabinam.lt\/eng\/wp-json\/wp\/v2\/media\/2299"}],"wp:attachment":[{"href":"https:\/\/kabinam.lt\/eng\/wp-json\/wp\/v2\/media?parent=2298"}],"wp:term":[{"taxonomy":"product_brand","embeddable":true,"href":"https:\/\/kabinam.lt\/eng\/wp-json\/wp\/v2\/product_brand?post=2298"},{"taxonomy":"product_cat","embeddable":true,"href":"https:\/\/kabinam.lt\/eng\/wp-json\/wp\/v2\/product_cat?post=2298"},{"taxonomy":"product_tag","embeddable":true,"href":"https:\/\/kabinam.lt\/eng\/wp-json\/wp\/v2\/product_tag?post=2298"}],"curies":[{"name":"wp","href":"https:\/\/api.w.org\/{rel}","templated":true}]}}