{"id":2286,"date":"2024-07-30T16:20:03","date_gmt":"2024-07-30T13:20:03","guid":{"rendered":"https:\/\/kabinam.lt\/?post_type=product&#038;p=2286"},"modified":"2026-01-18T16:03:05","modified_gmt":"2026-01-18T14:03:05","slug":"key-fob-mechanas","status":"publish","type":"product","link":"https:\/\/kabinam.lt\/eng\/product\/raktu-pakabukas-mechanas\/","title":{"rendered":"Mechanic \u2013 Gearbox Style Accessory"},"content":{"rendered":"<div class=\"kk-star-ratings kksr-auto kksr-align-left kksr-valign-top\"\n    data-payload='{&quot;align&quot;:&quot;left&quot;,&quot;id&quot;:&quot;2286&quot;,&quot;slug&quot;:&quot;default&quot;,&quot;valign&quot;:&quot;top&quot;,&quot;ignore&quot;:&quot;&quot;,&quot;reference&quot;:&quot;auto&quot;,&quot;class&quot;:&quot;&quot;,&quot;count&quot;:&quot;0&quot;,&quot;legendonly&quot;:&quot;&quot;,&quot;readonly&quot;:&quot;&quot;,&quot;score&quot;:&quot;0&quot;,&quot;starsonly&quot;:&quot;&quot;,&quot;best&quot;:&quot;5&quot;,&quot;gap&quot;:&quot;5&quot;,&quot;greet&quot;:&quot;Mums svarbus j\u016bs\u0173 \u012fvertinimas&quot;,&quot;legend&quot;:&quot;0\\\/5 - (0 votes)&quot;,&quot;size&quot;:&quot;24&quot;,&quot;title&quot;:&quot;Mechanas \u2013 Pavar\u0173 D\u0117\u017e\u0117s Stiliaus Aksesuaras&quot;,&quot;width&quot;:&quot;0&quot;,&quot;_legend&quot;:&quot;{score}\\\/{best} - ({count} {votes})&quot;,&quot;font_factor&quot;:&quot;1.25&quot;}'>\n            \n<div class=\"kksr-stars\">\n    \n<div class=\"kksr-stars-inactive\">\n            <div class=\"kksr-star\" data-star=\"1\" style=\"padding-right: 5px\">\n            \n\n<div class=\"kksr-icon\" style=\"width: 24px; height: 24px;\"><\/div>\n        <\/div>\n            <div class=\"kksr-star\" data-star=\"2\" style=\"padding-right: 5px\">\n            \n\n<div class=\"kksr-icon\" style=\"width: 24px; height: 24px;\"><\/div>\n        <\/div>\n            <div class=\"kksr-star\" data-star=\"3\" style=\"padding-right: 5px\">\n            \n\n<div class=\"kksr-icon\" style=\"width: 24px; height: 24px;\"><\/div>\n        <\/div>\n            <div class=\"kksr-star\" data-star=\"4\" style=\"padding-right: 5px\">\n            \n\n<div class=\"kksr-icon\" style=\"width: 24px; height: 24px;\"><\/div>\n        <\/div>\n            <div class=\"kksr-star\" data-star=\"5\" style=\"padding-right: 5px\">\n            \n\n<div class=\"kksr-icon\" style=\"width: 24px; height: 24px;\"><\/div>\n        <\/div>\n    <\/div>\n    \n<div class=\"kksr-stars-active\" style=\"width: 0px;\">\n            <div class=\"kksr-star\" style=\"padding-right: 5px\">\n            \n\n<div class=\"kksr-icon\" style=\"width: 24px; height: 24px;\"><\/div>\n        <\/div>\n            <div class=\"kksr-star\" style=\"padding-right: 5px\">\n            \n\n<div class=\"kksr-icon\" style=\"width: 24px; height: 24px;\"><\/div>\n        <\/div>\n            <div class=\"kksr-star\" style=\"padding-right: 5px\">\n            \n\n<div class=\"kksr-icon\" style=\"width: 24px; height: 24px;\"><\/div>\n        <\/div>\n            <div class=\"kksr-star\" style=\"padding-right: 5px\">\n            \n\n<div class=\"kksr-icon\" style=\"width: 24px; height: 24px;\"><\/div>\n        <\/div>\n            <div class=\"kksr-star\" style=\"padding-right: 5px\">\n            \n\n<div class=\"kksr-icon\" style=\"width: 24px; height: 24px;\"><\/div>\n        <\/div>\n    <\/div>\n<\/div>\n                \n\n<div class=\"kksr-legend\" style=\"font-size: 19.2px;\">\n            <span class=\"kksr-muted\">Your evaluation is important to us<\/span>\n    <\/div>\n    <\/div>\n<h4 data-start=\"69\" data-end=\"93\"><strong data-start=\"74\" data-end=\"91\">About the Product<\/strong><\/h4>\n<p data-start=\"94\" data-end=\"1258\">The Mechanas keyring is a unique accessory that resembles a car gearbox. It is designed to emphasise a distinctive style and to relax in a pleasant way. The keyring is made of high quality metal and other durable materials. The product looks like a miniature gearbox. The main accent is the small ball of the gear lever. This ball moves easily and smoothly. It creates a relaxing sensation, as if you were playing with a small mechanism. The accessory is ergonomic and lightweight. It is perfect for everyday wear. This pendant also gives your keys a modern touch.<br data-start=\"699\" data-end=\"702\" \/>The product is suitable for both car and motorcycle keys. It can also be used for house keys if you want a distinctive look. The design of the pendant is characterised by simple but bright colours. You can choose from several colour options. Each model has a subtle shine. This emphasises the attention to detail given to the accessory. Each position of the gear lever is clearly engraved. The product is eye-catching and stimulates conversations about cars and engineering. It is the perfect way to express a love of mechanics and a dynamic lifestyle.<\/p>\n<h4 data-start=\"1260\" data-end=\"1299\"><strong data-start=\"1265\" data-end=\"1297\">Functionality and Usage<\/strong><\/h4>\n<p data-start=\"1300\" data-end=\"1948\">The Mechanas pendant keeps your keys safe and secure. The sturdy metal ring makes it easy to attach the accessory to your set of keys. It can be quickly attached and detached. It helps to keep things tidy every day. The pendant is compact and does not take up much space in your pocket or handbag. Each model is designed to allow the gear lever to move smoothly. This movement is relaxing and provides a short break from routine. To find out more about other similar accessories, please visit <a target=\"_new\" rel=\"noopener\" data-start=\"1808\" data-end=\"1868\">External Resource<\/a> or check out our <a href=\"https:\/\/www.example.com\/products\" target=\"_new\" rel=\"noopener\" data-start=\"1892\" data-end=\"1945\">product catalogue<\/a>.<\/p>\n<h4 data-start=\"1950\" data-end=\"1979\"><strong data-start=\"1955\" data-end=\"1977\">Design and Quality<\/strong><\/h4>\n<p data-start=\"1980\" data-end=\"2492\">The design is modern and functional. Each element of the pendant is carefully crafted. This accessory is designed to look like a miniature gearbox. The colours are bright and pleasing to the eye. The ball of the gear lever moves freely, which creates a relaxing effect. The materials are high quality. This ensures that the pendant will remain new even after long use. The sturdy carabiner helps to securely fasten the keys. This product fits into a wide range of styles and gives them a distinctive touch.<\/p>\n<h4 data-start=\"2494\" data-end=\"2525\"><strong data-start=\"2499\" data-end=\"2523\">Why Choose?<\/strong><\/h4>\n<p data-start=\"2526\" data-end=\"3312\">When you choose a Mechanas keyring, you invest in a stylish and relaxing solution. This accessory highlights your uniqueness. It is suitable for car, motorcycle or house keys. The product not only protects your keys, but also gives you a playful mechanical feel. It helps you to relax for a moment when you change gears. The accessory is lightweight and does not take up much space. If you appreciate innovative, high-quality and functional solutions, this pendant will meet your expectations. It is also a great gift for people who are interested in cars, engineering or who like exclusive accessories. To find out more about our products, please visit <a href=\"https:\/\/www.example.com\/products\" target=\"_new\" rel=\"noopener\" data-start=\"3174\" data-end=\"3227\">product catalog<\/a> or see <a target=\"_new\" rel=\"noopener\" data-start=\"3246\" data-end=\"3311\">external sources<\/a>.<\/p>\n<div class=\"ast-oembed-container\" style=\"height: 100%;\"><iframe title=\"Gear stick key chain \ud83d\udd17\" width=\"422\" height=\"750\" src=\"https:\/\/www.youtube.com\/embed\/Iavs5CVaSgQ?feature=oembed\" frameborder=\"0\" allow=\"accelerometer; autoplay; clipboard-write; encrypted-media; gyroscope; picture-in-picture; web-share\" referrerpolicy=\"strict-origin-when-cross-origin\" allowfullscreen><\/iframe><\/div>","protected":false},"excerpt":{"rendered":"<p>Metal keyring Mechanas - a mini accessory in the shape of a gearbox to help you relax and add a stylish accent to your keys.<\/p>","protected":false},"featured_media":2651,"comment_status":"closed","ping_status":"closed","template":"","meta":{"_uag_custom_page_level_css":"","site-sidebar-layout":"default","site-content-layout":"","ast-site-content-layout":"default","site-content-style":"default","site-sidebar-style":"default","ast-global-header-display":"","ast-banner-title-visibility":"","ast-main-header-display":"","ast-hfb-above-header-display":"","ast-hfb-below-header-display":"","ast-hfb-mobile-header-display":"","site-post-title":"","ast-breadcrumbs-content":"","ast-featured-img":"","footer-sml-layout":"","ast-disable-related-posts":"","theme-transparent-header-meta":"default","adv-header-id-meta":"","stick-header-meta":"","header-above-stick-meta":"","header-main-stick-meta":"","header-below-stick-meta":"","astra-migrate-meta-layouts":"set","ast-page-background-enabled":"default","ast-page-background-meta":{"desktop":{"background-color":"var(--ast-global-color-4)","background-image":"","background-repeat":"repeat","background-position":"center center","background-size":"auto","background-attachment":"scroll","background-type":"","background-media":"","overlay-type":"","overlay-color":"","overlay-opacity":"","overlay-gradient":""},"tablet":{"background-color":"","background-image":"","background-repeat":"repeat","background-position":"center center","background-size":"auto","background-attachment":"scroll","background-type":"","background-media":"","overlay-type":"","overlay-color":"","overlay-opacity":"","overlay-gradient":""},"mobile":{"background-color":"","background-image":"","background-repeat":"repeat","background-position":"center center","background-size":"auto","background-attachment":"scroll","background-type":"","background-media":"","overlay-type":"","overlay-color":"","overlay-opacity":"","overlay-gradient":""}},"ast-content-background-meta":{"desktop":{"background-color":"var(--ast-global-color-5)","background-image":"","background-repeat":"repeat","background-position":"center center","background-size":"auto","background-attachment":"scroll","background-type":"","background-media":"","overlay-type":"","overlay-color":"","overlay-opacity":"","overlay-gradient":""},"tablet":{"background-color":"var(--ast-global-color-5)","background-image":"","background-repeat":"repeat","background-position":"center center","background-size":"auto","background-attachment":"scroll","background-type":"","background-media":"","overlay-type":"","overlay-color":"","overlay-opacity":"","overlay-gradient":""},"mobile":{"background-color":"var(--ast-global-color-5)","background-image":"","background-repeat":"repeat","background-position":"center center","background-size":"auto","background-attachment":"scroll","background-type":"","background-media":"","overlay-type":"","overlay-color":"","overlay-opacity":"","overlay-gradient":""}}},"product_brand":[],"product_cat":[126,22,118,92],"product_tag":[],"class_list":{"0":"post-2286","1":"product","2":"type-product","3":"status-publish","4":"has-post-thumbnail","6":"product_cat-visi","7":"product_cat-automobiliu-raktu-pakabukai","8":"product_cat-dovana-teciui","9":"product_cat-populiariausiu-produktu-kategorija","10":"desktop-align-center","11":"tablet-align-left","12":"mobile-align-left","14":"first","15":"instock","16":"shipping-taxable","17":"purchasable","18":"product-type-variable"},"yoast_head":"<!-- This site is optimized with the Yoast SEO plugin v27.1.1 - https:\/\/yoast.com\/product\/yoast-seo-wordpress\/ -->\n<title>Mechanas \u2013 Pavar\u0173 D\u0117\u017e\u0117s Stiliaus Aksesuaras - kabinam.lt<\/title>\n<meta name=\"description\" content=\"Rakt\u0173 pakabukas Mechanas \u2013 metalinis pavar\u0173 d\u0117\u017e\u0117s formos aksesuaras, suteikiantis atpalaiduojant\u012f poj\u016bt\u012f ir i\u0161skirtin\u012f stili\u0173 j\u016bs\u0173 raktams\" \/>\n<meta name=\"robots\" content=\"index, follow, max-snippet:-1, max-image-preview:large, max-video-preview:-1\" \/>\n<link rel=\"canonical\" href=\"https:\/\/kabinam.lt\/eng\/product\/key-fob-mechanas\/\" \/>\n<meta property=\"og:locale\" content=\"en_US\" \/>\n<meta property=\"og:type\" content=\"article\" \/>\n<meta property=\"og:title\" content=\"Mechanas \u2013 Pavar\u0173 D\u0117\u017e\u0117s Stiliaus Aksesuaras - kabinam.lt\" \/>\n<meta property=\"og:description\" content=\"Rakt\u0173 pakabukas Mechanas \u2013 metalinis pavar\u0173 d\u0117\u017e\u0117s formos aksesuaras, suteikiantis atpalaiduojant\u012f poj\u016bt\u012f ir i\u0161skirtin\u012f stili\u0173 j\u016bs\u0173 raktams\" \/>\n<meta property=\"og:url\" content=\"https:\/\/kabinam.lt\/eng\/product\/key-fob-mechanas\/\" \/>\n<meta property=\"og:site_name\" content=\"kabinam.lt\" \/>\n<meta property=\"article:modified_time\" content=\"2026-01-18T14:03:05+00:00\" \/>\n<meta property=\"og:image\" content=\"https:\/\/kabinam.lt\/wp-content\/uploads\/2024\/07\/300603a3-87d4-4653-9dd3-c3cf83bb074d.jpg\" \/>\n\t<meta property=\"og:image:width\" content=\"800\" \/>\n\t<meta property=\"og:image:height\" content=\"800\" \/>\n\t<meta property=\"og:image:type\" content=\"image\/jpeg\" \/>\n<meta name=\"twitter:card\" content=\"summary_large_image\" \/>\n<meta name=\"twitter:label1\" content=\"Est. reading time\" \/>\n\t<meta name=\"twitter:data1\" content=\"3 minutes\" \/>\n<script type=\"application\/ld+json\" class=\"yoast-schema-graph\">{\"@context\":\"https:\/\/schema.org\",\"@graph\":[{\"@type\":[\"WebPage\",\"ItemPage\"],\"@id\":\"https:\/\/kabinam.lt\/eng\/product\/key-fob-mechanas\/\",\"url\":\"https:\/\/kabinam.lt\/eng\/product\/key-fob-mechanas\/\",\"name\":\"Mechanas \u2013 Pavar\u0173 D\u0117\u017e\u0117s Stiliaus Aksesuaras - kabinam.lt\",\"isPartOf\":{\"@id\":\"https:\/\/kabinam.lt\/#website\"},\"primaryImageOfPage\":{\"@id\":\"https:\/\/kabinam.lt\/eng\/product\/key-fob-mechanas\/#primaryimage\"},\"image\":{\"@id\":\"https:\/\/kabinam.lt\/eng\/product\/key-fob-mechanas\/#primaryimage\"},\"thumbnailUrl\":\"https:\/\/kabinam.lt\/wp-content\/uploads\/2024\/07\/300603a3-87d4-4653-9dd3-c3cf83bb074d.jpg\",\"datePublished\":\"2024-07-30T13:20:03+00:00\",\"dateModified\":\"2026-01-18T14:03:05+00:00\",\"description\":\"Rakt\u0173 pakabukas Mechanas \u2013 metalinis pavar\u0173 d\u0117\u017e\u0117s formos aksesuaras, suteikiantis atpalaiduojant\u012f poj\u016bt\u012f ir i\u0161skirtin\u012f stili\u0173 j\u016bs\u0173 raktams\",\"breadcrumb\":{\"@id\":\"https:\/\/kabinam.lt\/eng\/product\/key-fob-mechanas\/#breadcrumb\"},\"inLanguage\":\"en-US\",\"potentialAction\":[{\"@type\":\"ReadAction\",\"target\":[\"https:\/\/kabinam.lt\/eng\/product\/key-fob-mechanas\/\"]}]},{\"@type\":\"ImageObject\",\"inLanguage\":\"en-US\",\"@id\":\"https:\/\/kabinam.lt\/eng\/product\/key-fob-mechanas\/#primaryimage\",\"url\":\"https:\/\/kabinam.lt\/wp-content\/uploads\/2024\/07\/300603a3-87d4-4653-9dd3-c3cf83bb074d.jpg\",\"contentUrl\":\"https:\/\/kabinam.lt\/wp-content\/uploads\/2024\/07\/300603a3-87d4-4653-9dd3-c3cf83bb074d.jpg\",\"width\":800,\"height\":800,\"caption\":\"Rakt\u0173 pakabukas Mechanas \u2013 Pavar\u0173 D\u0117\u017e\u0117s Stiliaus Aksesuaras\"},{\"@type\":\"BreadcrumbList\",\"@id\":\"https:\/\/kabinam.lt\/eng\/product\/key-fob-mechanas\/#breadcrumb\",\"itemListElement\":[{\"@type\":\"ListItem\",\"position\":1,\"name\":\"Home\",\"item\":\"https:\/\/kabinam.lt\/\"},{\"@type\":\"ListItem\",\"position\":2,\"name\":\"Visi Produktai\",\"item\":\"https:\/\/kabinam.lt\/visi-produktai\/\"},{\"@type\":\"ListItem\",\"position\":3,\"name\":\"Mechanas \u2013 Pavar\u0173 D\u0117\u017e\u0117s Stiliaus Aksesuaras\"}]},{\"@type\":\"WebSite\",\"@id\":\"https:\/\/kabinam.lt\/#website\",\"url\":\"https:\/\/kabinam.lt\/\",\"name\":\"kabinam.lt\",\"description\":\"Kabinam.lt \u2013 raktu pakabukai ir aksesuarai\",\"publisher\":{\"@id\":\"https:\/\/kabinam.lt\/#organization\"},\"alternateName\":\"pakabukai lt\",\"potentialAction\":[{\"@type\":\"SearchAction\",\"target\":{\"@type\":\"EntryPoint\",\"urlTemplate\":\"https:\/\/kabinam.lt\/?s={search_term_string}\"},\"query-input\":{\"@type\":\"PropertyValueSpecification\",\"valueRequired\":true,\"valueName\":\"search_term_string\"}}],\"inLanguage\":\"en-US\"},{\"@type\":\"Organization\",\"@id\":\"https:\/\/kabinam.lt\/#organization\",\"name\":\"kabinam.lt\",\"alternateName\":\"kabinam\",\"url\":\"https:\/\/kabinam.lt\/\",\"logo\":{\"@type\":\"ImageObject\",\"inLanguage\":\"en-US\",\"@id\":\"https:\/\/kabinam.lt\/#\/schema\/logo\/image\/\",\"url\":\"https:\/\/kabinam.lt\/wp-content\/uploads\/2025\/05\/KABINAM_outer_glow.png\",\"contentUrl\":\"https:\/\/kabinam.lt\/wp-content\/uploads\/2025\/05\/KABINAM_outer_glow.png\",\"width\":474,\"height\":141,\"caption\":\"kabinam.lt\"},\"image\":{\"@id\":\"https:\/\/kabinam.lt\/#\/schema\/logo\/image\/\"}}]}<\/script>\n<!-- \/ Yoast SEO plugin. -->","yoast_head_json":{"title":"Mechanas - Gearbox Style Accessory - kabinam.lt","description":"Mechanas keyring - a metal gearbox-shaped accessory with a relaxing feel and a distinctive style for your keys","robots":{"index":"index","follow":"follow","max-snippet":"max-snippet:-1","max-image-preview":"max-image-preview:large","max-video-preview":"max-video-preview:-1"},"canonical":"https:\/\/kabinam.lt\/eng\/product\/key-fob-mechanas\/","og_locale":"en_US","og_type":"article","og_title":"Mechanas \u2013 Pavar\u0173 D\u0117\u017e\u0117s Stiliaus Aksesuaras - kabinam.lt","og_description":"Rakt\u0173 pakabukas Mechanas \u2013 metalinis pavar\u0173 d\u0117\u017e\u0117s formos aksesuaras, suteikiantis atpalaiduojant\u012f poj\u016bt\u012f ir i\u0161skirtin\u012f stili\u0173 j\u016bs\u0173 raktams","og_url":"https:\/\/kabinam.lt\/eng\/product\/key-fob-mechanas\/","og_site_name":"kabinam.lt","article_modified_time":"2026-01-18T14:03:05+00:00","og_image":[{"width":800,"height":800,"url":"https:\/\/kabinam.lt\/wp-content\/uploads\/2024\/07\/300603a3-87d4-4653-9dd3-c3cf83bb074d.jpg","type":"image\/jpeg"}],"twitter_card":"summary_large_image","twitter_misc":{"Est. reading time":"3 minutes"},"schema":{"@context":"https:\/\/schema.org","@graph":[{"@type":["WebPage","ItemPage"],"@id":"https:\/\/kabinam.lt\/eng\/product\/key-fob-mechanas\/","url":"https:\/\/kabinam.lt\/eng\/product\/key-fob-mechanas\/","name":"Mechanas - Gearbox Style Accessory - kabinam.lt","isPartOf":{"@id":"https:\/\/kabinam.lt\/#website"},"primaryImageOfPage":{"@id":"https:\/\/kabinam.lt\/eng\/product\/key-fob-mechanas\/#primaryimage"},"image":{"@id":"https:\/\/kabinam.lt\/eng\/product\/key-fob-mechanas\/#primaryimage"},"thumbnailUrl":"https:\/\/kabinam.lt\/wp-content\/uploads\/2024\/07\/300603a3-87d4-4653-9dd3-c3cf83bb074d.jpg","datePublished":"2024-07-30T13:20:03+00:00","dateModified":"2026-01-18T14:03:05+00:00","description":"Mechanas keyring - a metal gearbox-shaped accessory with a relaxing feel and a distinctive style for your keys","breadcrumb":{"@id":"https:\/\/kabinam.lt\/eng\/product\/key-fob-mechanas\/#breadcrumb"},"inLanguage":"en-US","potentialAction":[{"@type":"ReadAction","target":["https:\/\/kabinam.lt\/eng\/product\/key-fob-mechanas\/"]}]},{"@type":"ImageObject","inLanguage":"en-US","@id":"https:\/\/kabinam.lt\/eng\/product\/key-fob-mechanas\/#primaryimage","url":"https:\/\/kabinam.lt\/wp-content\/uploads\/2024\/07\/300603a3-87d4-4653-9dd3-c3cf83bb074d.jpg","contentUrl":"https:\/\/kabinam.lt\/wp-content\/uploads\/2024\/07\/300603a3-87d4-4653-9dd3-c3cf83bb074d.jpg","width":800,"height":800,"caption":"Rakt\u0173 pakabukas Mechanas \u2013 Pavar\u0173 D\u0117\u017e\u0117s Stiliaus Aksesuaras"},{"@type":"BreadcrumbList","@id":"https:\/\/kabinam.lt\/eng\/product\/key-fob-mechanas\/#breadcrumb","itemListElement":[{"@type":"ListItem","position":1,"name":"Home","item":"https:\/\/kabinam.lt\/"},{"@type":"ListItem","position":2,"name":"Visi Produktai","item":"https:\/\/kabinam.lt\/visi-produktai\/"},{"@type":"ListItem","position":3,"name":"Mechanas \u2013 Pavar\u0173 D\u0117\u017e\u0117s Stiliaus Aksesuaras"}]},{"@type":"WebSite","@id":"https:\/\/kabinam.lt\/#website","url":"https:\/\/kabinam.lt\/","name":"kabinam.lt","description":"Kabinam.lt - key chains and accessories","publisher":{"@id":"https:\/\/kabinam.lt\/#organization"},"alternateName":"pakabukai lt","potentialAction":[{"@type":"SearchAction","target":{"@type":"EntryPoint","urlTemplate":"https:\/\/kabinam.lt\/?s={search_term_string}"},"query-input":{"@type":"PropertyValueSpecification","valueRequired":true,"valueName":"search_term_string"}}],"inLanguage":"en-US"},{"@type":"Organization","@id":"https:\/\/kabinam.lt\/#organization","name":"kabinam.lt","alternateName":"kabinam","url":"https:\/\/kabinam.lt\/","logo":{"@type":"ImageObject","inLanguage":"en-US","@id":"https:\/\/kabinam.lt\/#\/schema\/logo\/image\/","url":"https:\/\/kabinam.lt\/wp-content\/uploads\/2025\/05\/KABINAM_outer_glow.png","contentUrl":"https:\/\/kabinam.lt\/wp-content\/uploads\/2025\/05\/KABINAM_outer_glow.png","width":474,"height":141,"caption":"kabinam.lt"},"image":{"@id":"https:\/\/kabinam.lt\/#\/schema\/logo\/image\/"}}]}},"uagb_featured_image_src":{"full":["https:\/\/kabinam.lt\/wp-content\/uploads\/2024\/07\/300603a3-87d4-4653-9dd3-c3cf83bb074d.jpg",800,800,false],"thumbnail":["https:\/\/kabinam.lt\/wp-content\/uploads\/2024\/07\/300603a3-87d4-4653-9dd3-c3cf83bb074d-150x150.jpg",150,150,true],"medium":["https:\/\/kabinam.lt\/wp-content\/uploads\/2024\/07\/300603a3-87d4-4653-9dd3-c3cf83bb074d-300x300.jpg",300,300,true],"medium_large":["https:\/\/kabinam.lt\/wp-content\/uploads\/2024\/07\/300603a3-87d4-4653-9dd3-c3cf83bb074d-768x768.jpg",768,768,true],"large":["https:\/\/kabinam.lt\/wp-content\/uploads\/2024\/07\/300603a3-87d4-4653-9dd3-c3cf83bb074d.jpg",800,800,false],"1536x1536":["https:\/\/kabinam.lt\/wp-content\/uploads\/2024\/07\/300603a3-87d4-4653-9dd3-c3cf83bb074d.jpg",800,800,false],"2048x2048":["https:\/\/kabinam.lt\/wp-content\/uploads\/2024\/07\/300603a3-87d4-4653-9dd3-c3cf83bb074d.jpg",800,800,false],"trp-custom-language-flag":["https:\/\/kabinam.lt\/wp-content\/uploads\/2024\/07\/300603a3-87d4-4653-9dd3-c3cf83bb074d.jpg",12,12,false],"woocommerce_thumbnail":["https:\/\/kabinam.lt\/wp-content\/uploads\/2024\/07\/300603a3-87d4-4653-9dd3-c3cf83bb074d-300x300.jpg",300,300,true],"woocommerce_single":["https:\/\/kabinam.lt\/wp-content\/uploads\/2024\/07\/300603a3-87d4-4653-9dd3-c3cf83bb074d-600x600.jpg",600,600,true],"woocommerce_gallery_thumbnail":["https:\/\/kabinam.lt\/wp-content\/uploads\/2024\/07\/300603a3-87d4-4653-9dd3-c3cf83bb074d-100x100.jpg",100,100,true]},"uagb_author_info":{"display_name":"kabinam.lt","author_link":"https:\/\/kabinam.lt\/eng\/author\/"},"uagb_comment_info":0,"uagb_excerpt":"Metalinis rakt\u0173 pakabukas Mechanas \u2013 mini pavar\u0173 d\u0117\u017e\u0117s formos aksesuaras, padedantis atsipalaiduoti ir suteikiantis stiling\u0105 akcent\u0105 raktams.","_links":{"self":[{"href":"https:\/\/kabinam.lt\/eng\/wp-json\/wp\/v2\/product\/2286","targetHints":{"allow":["GET"]}}],"collection":[{"href":"https:\/\/kabinam.lt\/eng\/wp-json\/wp\/v2\/product"}],"about":[{"href":"https:\/\/kabinam.lt\/eng\/wp-json\/wp\/v2\/types\/product"}],"replies":[{"embeddable":true,"href":"https:\/\/kabinam.lt\/eng\/wp-json\/wp\/v2\/comments?post=2286"}],"wp:featuredmedia":[{"embeddable":true,"href":"https:\/\/kabinam.lt\/eng\/wp-json\/wp\/v2\/media\/2651"}],"wp:attachment":[{"href":"https:\/\/kabinam.lt\/eng\/wp-json\/wp\/v2\/media?parent=2286"}],"wp:term":[{"taxonomy":"product_brand","embeddable":true,"href":"https:\/\/kabinam.lt\/eng\/wp-json\/wp\/v2\/product_brand?post=2286"},{"taxonomy":"product_cat","embeddable":true,"href":"https:\/\/kabinam.lt\/eng\/wp-json\/wp\/v2\/product_cat?post=2286"},{"taxonomy":"product_tag","embeddable":true,"href":"https:\/\/kabinam.lt\/eng\/wp-json\/wp\/v2\/product_tag?post=2286"}],"curies":[{"name":"wp","href":"https:\/\/api.w.org\/{rel}","templated":true}]}}