{"id":2211,"date":"2024-07-29T19:01:10","date_gmt":"2024-07-29T16:01:10","guid":{"rendered":"https:\/\/kabinam.lt\/?post_type=product&#038;p=2211"},"modified":"2026-01-03T18:55:13","modified_gmt":"2026-01-03T16:55:13","slug":"personalised-keyrings-in-the-shape-of-a-heart","status":"publish","type":"product","link":"https:\/\/kabinam.lt\/eng\/product\/personalizuoti-raktu-pakabukai-sirdeles-formos\/","title":{"rendered":"Personalised keyrings - a heart-shaped gift for dad"},"content":{"rendered":"<div class=\"kk-star-ratings kksr-auto kksr-align-left kksr-valign-top\"\n    data-payload='{&quot;align&quot;:&quot;left&quot;,&quot;id&quot;:&quot;2211&quot;,&quot;slug&quot;:&quot;default&quot;,&quot;valign&quot;:&quot;top&quot;,&quot;ignore&quot;:&quot;&quot;,&quot;reference&quot;:&quot;auto&quot;,&quot;class&quot;:&quot;&quot;,&quot;count&quot;:&quot;0&quot;,&quot;legendonly&quot;:&quot;&quot;,&quot;readonly&quot;:&quot;&quot;,&quot;score&quot;:&quot;0&quot;,&quot;starsonly&quot;:&quot;&quot;,&quot;best&quot;:&quot;5&quot;,&quot;gap&quot;:&quot;5&quot;,&quot;greet&quot;:&quot;Mums svarbus j\u016bs\u0173 \u012fvertinimas&quot;,&quot;legend&quot;:&quot;0\\\/5 - (0 votes)&quot;,&quot;size&quot;:&quot;24&quot;,&quot;title&quot;:&quot;Personalizuoti rakt\u0173 pakabukai \u2013 \u0161irdel\u0117s formos dovana t\u0117\u010diui&quot;,&quot;width&quot;:&quot;0&quot;,&quot;_legend&quot;:&quot;{score}\\\/{best} - ({count} {votes})&quot;,&quot;font_factor&quot;:&quot;1.25&quot;}'>\n            \n<div class=\"kksr-stars\">\n    \n<div class=\"kksr-stars-inactive\">\n            <div class=\"kksr-star\" data-star=\"1\" style=\"padding-right: 5px\">\n            \n\n<div class=\"kksr-icon\" style=\"width: 24px; height: 24px;\"><\/div>\n        <\/div>\n            <div class=\"kksr-star\" data-star=\"2\" style=\"padding-right: 5px\">\n            \n\n<div class=\"kksr-icon\" style=\"width: 24px; height: 24px;\"><\/div>\n        <\/div>\n            <div class=\"kksr-star\" data-star=\"3\" style=\"padding-right: 5px\">\n            \n\n<div class=\"kksr-icon\" style=\"width: 24px; height: 24px;\"><\/div>\n        <\/div>\n            <div class=\"kksr-star\" data-star=\"4\" style=\"padding-right: 5px\">\n            \n\n<div class=\"kksr-icon\" style=\"width: 24px; height: 24px;\"><\/div>\n        <\/div>\n            <div class=\"kksr-star\" data-star=\"5\" style=\"padding-right: 5px\">\n            \n\n<div class=\"kksr-icon\" style=\"width: 24px; height: 24px;\"><\/div>\n        <\/div>\n    <\/div>\n    \n<div class=\"kksr-stars-active\" style=\"width: 0px;\">\n            <div class=\"kksr-star\" style=\"padding-right: 5px\">\n            \n\n<div class=\"kksr-icon\" style=\"width: 24px; height: 24px;\"><\/div>\n        <\/div>\n            <div class=\"kksr-star\" style=\"padding-right: 5px\">\n            \n\n<div class=\"kksr-icon\" style=\"width: 24px; height: 24px;\"><\/div>\n        <\/div>\n            <div class=\"kksr-star\" style=\"padding-right: 5px\">\n            \n\n<div class=\"kksr-icon\" style=\"width: 24px; height: 24px;\"><\/div>\n        <\/div>\n            <div class=\"kksr-star\" style=\"padding-right: 5px\">\n            \n\n<div class=\"kksr-icon\" style=\"width: 24px; height: 24px;\"><\/div>\n        <\/div>\n            <div class=\"kksr-star\" style=\"padding-right: 5px\">\n            \n\n<div class=\"kksr-icon\" style=\"width: 24px; height: 24px;\"><\/div>\n        <\/div>\n    <\/div>\n<\/div>\n                \n\n<div class=\"kksr-legend\" style=\"font-size: 19.2px;\">\n            <span class=\"kksr-muted\">Your evaluation is important to us<\/span>\n    <\/div>\n    <\/div>\n<h3 class=\"\" data-start=\"223\" data-end=\"293\"><strong data-start=\"227\" data-end=\"293\">Personalised keyrings - a heart-shaped gift for dad<\/strong><\/h3>\n<p class=\"\" data-start=\"295\" data-end=\"587\">Looking for a heartfelt gift that touches the heart? <strong data-start=\"344\" data-end=\"378\">Personalised keyrings<\/strong> is one of the most sensitive ways to show love and appreciation. This engraved heart-shaped pendant says \u201eDad, I'll always be your little girl. You'll always be my hero\u201c is dedicated to a special person - Dad.<\/p>\n<hr class=\"\" data-start=\"589\" data-end=\"592\" \/>\n<h4 class=\"\" data-start=\"594\" data-end=\"628\"><strong data-start=\"599\" data-end=\"628\">Emotional connection through an object<\/strong><\/h4>\n<p class=\"\" data-start=\"630\" data-end=\"921\">A pendant that can be carried with you every day becomes a sensual memory. The engraved text is a reminder of the father-daughter bond that is stronger than any words. Such <strong data-start=\"808\" data-end=\"842\">personalised keyrings<\/strong> Ideal as a gift for birthdays, Father's Day or just for the occasion.<\/p>\n<hr class=\"\" data-start=\"923\" data-end=\"926\" \/>\n<h4 class=\"\" data-start=\"928\" data-end=\"972\"><strong data-start=\"933\" data-end=\"972\">High quality engraved metal<\/strong><\/h4>\n<p class=\"\" data-start=\"974\" data-end=\"1196\">This pendant is made of high-quality metal, which is resistant to scratches and rust. The engraved inscription will not fade and will remain visible for many years. The heart shape is soft yet sturdy - the perfect symbol of family bonding.<\/p>\n<hr class=\"\" data-start=\"1198\" data-end=\"1201\" \/>\n<h4 class=\"\" data-start=\"1203\" data-end=\"1245\"><strong data-start=\"1208\" data-end=\"1245\">Suitable for any set of keys<\/strong><\/h4>\n<p class=\"\" data-start=\"1247\" data-end=\"1485\">The pendant fits a wide range of key sizes - both house and car. It is also perfect as an accessory for a backpack, key ring or even a car mirror. Its distinctive design attracts attention and makes it stand out.<\/p>\n<hr class=\"\" data-start=\"1487\" data-end=\"1490\" \/>\n<h4 class=\"\" data-start=\"1492\" data-end=\"1527\"><strong data-start=\"1497\" data-end=\"1527\">An unforgettable gift for Dad<\/strong><\/h4>\n<p class=\"\" data-start=\"1529\" data-end=\"1751\">A gift from a daughter to her dad, with a personalised note, is always appreciated the most. Such an accessory is not only practical but also emotionally important. If you are looking for a gift that will leave an impression, this keyring is the perfect choice.<\/p>\n<p class=\"\" data-start=\"1753\" data-end=\"1888\">See others <a class=\"cursor-pointer\" target=\"_new\" rel=\"noopener\" data-start=\"1772\" data-end=\"1844\">engraved pendants<\/a> - you'll find more ideas for people close to you.<\/p>\n<hr class=\"\" data-start=\"1890\" data-end=\"1893\" \/>\n<h4 class=\"\" data-start=\"1895\" data-end=\"1936\"><strong data-start=\"1900\" data-end=\"1936\">Why choose this pendant?<\/strong><\/h4>\n<ul data-start=\"1938\" data-end=\"2117\">\n<li class=\"\" data-start=\"1938\" data-end=\"1970\">\n<p class=\"\" data-start=\"1940\" data-end=\"1970\">Emotionally meaningful text<\/p>\n<\/li>\n<li class=\"\" data-start=\"1971\" data-end=\"2005\">\n<p class=\"\" data-start=\"1973\" data-end=\"2005\">Made of high quality metal<\/p>\n<\/li>\n<li class=\"\" data-start=\"2006\" data-end=\"2038\">\n<p class=\"\" data-start=\"2008\" data-end=\"2038\">Perfect for a gift for dad<\/p>\n<\/li>\n<li class=\"\" data-start=\"2039\" data-end=\"2078\">\n<p class=\"\" data-start=\"2041\" data-end=\"2078\">Durable and wear-resistant<\/p>\n<\/li>\n<li class=\"\" data-start=\"2079\" data-end=\"2117\">\n<p class=\"\" data-start=\"2081\" data-end=\"2117\">Fits a variety of keys or accessories<\/p>\n<\/li>\n<\/ul>\n<hr class=\"\" data-start=\"2119\" data-end=\"2122\" \/>\n<p class=\"\" data-start=\"2124\" data-end=\"2296\"><strong data-start=\"2124\" data-end=\"2143\">External link<\/strong><br data-start=\"2143\" data-end=\"2146\" \/>Looking for more gift ideas for Dad? Visit <a class=\"\" href=\"https:\/\/www.notonthehighstreet.com\" target=\"_new\" rel=\"noopener\" data-start=\"2191\" data-end=\"2251\">notonthehighstreet.com<\/a> - find even more personalised solutions.<\/p>\n<p class=\"\" data-start=\"2298\" data-end=\"2444\">You are also welcome to view <a class=\"\" href=\"https:\/\/kabinam.lt\/eng\/all-products\/\" target=\"_new\" rel=\"noopener\" data-start=\"2328\" data-end=\"2386\">all our products<\/a> - Each one is made with love and proximity in mind.<\/p>","protected":false},"excerpt":{"rendered":"<p>Engraved heart-shaped keyring with an inscription for dad - a sensitive gift on behalf of a daughter.<\/p>","protected":false},"featured_media":2215,"comment_status":"closed","ping_status":"closed","template":"","meta":{"_uag_custom_page_level_css":"","site-sidebar-layout":"default","site-content-layout":"","ast-site-content-layout":"default","site-content-style":"default","site-sidebar-style":"default","ast-global-header-display":"","ast-banner-title-visibility":"","ast-main-header-display":"","ast-hfb-above-header-display":"","ast-hfb-below-header-display":"","ast-hfb-mobile-header-display":"","site-post-title":"","ast-breadcrumbs-content":"","ast-featured-img":"","footer-sml-layout":"","ast-disable-related-posts":"","theme-transparent-header-meta":"default","adv-header-id-meta":"","stick-header-meta":"","header-above-stick-meta":"","header-main-stick-meta":"","header-below-stick-meta":"","astra-migrate-meta-layouts":"set","ast-page-background-enabled":"default","ast-page-background-meta":{"desktop":{"background-color":"var(--ast-global-color-4)","background-image":"","background-repeat":"repeat","background-position":"center center","background-size":"auto","background-attachment":"scroll","background-type":"","background-media":"","overlay-type":"","overlay-color":"","overlay-opacity":"","overlay-gradient":""},"tablet":{"background-color":"","background-image":"","background-repeat":"repeat","background-position":"center center","background-size":"auto","background-attachment":"scroll","background-type":"","background-media":"","overlay-type":"","overlay-color":"","overlay-opacity":"","overlay-gradient":""},"mobile":{"background-color":"","background-image":"","background-repeat":"repeat","background-position":"center center","background-size":"auto","background-attachment":"scroll","background-type":"","background-media":"","overlay-type":"","overlay-color":"","overlay-opacity":"","overlay-gradient":""}},"ast-content-background-meta":{"desktop":{"background-color":"var(--ast-global-color-5)","background-image":"","background-repeat":"repeat","background-position":"center center","background-size":"auto","background-attachment":"scroll","background-type":"","background-media":"","overlay-type":"","overlay-color":"","overlay-opacity":"","overlay-gradient":""},"tablet":{"background-color":"var(--ast-global-color-5)","background-image":"","background-repeat":"repeat","background-position":"center center","background-size":"auto","background-attachment":"scroll","background-type":"","background-media":"","overlay-type":"","overlay-color":"","overlay-opacity":"","overlay-gradient":""},"mobile":{"background-color":"var(--ast-global-color-5)","background-image":"","background-repeat":"repeat","background-position":"center center","background-size":"auto","background-attachment":"scroll","background-type":"","background-media":"","overlay-type":"","overlay-color":"","overlay-opacity":"","overlay-gradient":""}}},"product_brand":[],"product_cat":[126,117,116,95,118],"product_tag":[],"class_list":{"0":"post-2211","1":"product","2":"type-product","3":"status-publish","4":"has-post-thumbnail","6":"product_cat-visi","7":"product_cat-graviruoti-raktu-pakabukai","8":"product_cat-metaliniai-raktu-pakabukai","9":"product_cat-unikalus-raktu-pakabukai","10":"product_cat-dovana-teciui","11":"desktop-align-center","12":"tablet-align-left","13":"mobile-align-left","15":"first","16":"instock","17":"shipping-taxable","18":"purchasable","19":"product-type-simple"},"yoast_head":"<!-- This site is optimized with the Yoast SEO plugin v27.1.1 - https:\/\/yoast.com\/product\/yoast-seo-wordpress\/ -->\n<title>Personalizuoti rakt\u0173 pakabukai \u2013 \u0161irdel\u0117s formos dovana t\u0117\u010diui - kabinam.lt<\/title>\n<meta name=\"description\" content=\"Personalizuoti rakt\u0173 pakabukai t\u0117\u010diui \u2013 graviruotas \u0161irdel\u0117s formos aksesuaras su nuo\u0161ird\u017eiu u\u017era\u0161u - jautri dovana dukros vardu.\" \/>\n<meta name=\"robots\" content=\"index, follow, max-snippet:-1, max-image-preview:large, max-video-preview:-1\" \/>\n<link rel=\"canonical\" href=\"https:\/\/kabinam.lt\/eng\/product\/personalised-keyrings-in-the-shape-of-a-heart\/\" \/>\n<meta property=\"og:locale\" content=\"en_US\" \/>\n<meta property=\"og:type\" content=\"article\" \/>\n<meta property=\"og:title\" content=\"Personalizuoti rakt\u0173 pakabukai \u2013 \u0161irdel\u0117s formos dovana t\u0117\u010diui - kabinam.lt\" \/>\n<meta property=\"og:description\" content=\"Personalizuoti rakt\u0173 pakabukai t\u0117\u010diui \u2013 graviruotas \u0161irdel\u0117s formos aksesuaras su nuo\u0161ird\u017eiu u\u017era\u0161u - jautri dovana dukros vardu.\" \/>\n<meta property=\"og:url\" content=\"https:\/\/kabinam.lt\/eng\/product\/personalised-keyrings-in-the-shape-of-a-heart\/\" \/>\n<meta property=\"og:site_name\" content=\"kabinam.lt\" \/>\n<meta property=\"article:modified_time\" content=\"2026-01-03T16:55:13+00:00\" \/>\n<meta property=\"og:image\" content=\"https:\/\/kabinam.lt\/wp-content\/uploads\/2024\/07\/1710473901494-78d00f24ace64135bdffa3314fbd54c1-goods.jpeg\" \/>\n\t<meta property=\"og:image:width\" content=\"800\" \/>\n\t<meta property=\"og:image:height\" content=\"800\" \/>\n\t<meta property=\"og:image:type\" content=\"image\/jpeg\" \/>\n<meta name=\"twitter:card\" content=\"summary_large_image\" \/>\n<meta name=\"twitter:label1\" content=\"Est. reading time\" \/>\n\t<meta name=\"twitter:data1\" content=\"2 minutes\" \/>\n<script type=\"application\/ld+json\" class=\"yoast-schema-graph\">{\"@context\":\"https:\/\/schema.org\",\"@graph\":[{\"@type\":[\"WebPage\",\"ItemPage\"],\"@id\":\"https:\/\/kabinam.lt\/eng\/product\/personalised-keyrings-in-the-shape-of-a-heart\/\",\"url\":\"https:\/\/kabinam.lt\/eng\/product\/personalised-keyrings-in-the-shape-of-a-heart\/\",\"name\":\"Personalizuoti rakt\u0173 pakabukai \u2013 \u0161irdel\u0117s formos dovana t\u0117\u010diui - kabinam.lt\",\"isPartOf\":{\"@id\":\"https:\/\/kabinam.lt\/#website\"},\"primaryImageOfPage\":{\"@id\":\"https:\/\/kabinam.lt\/eng\/product\/personalised-keyrings-in-the-shape-of-a-heart\/#primaryimage\"},\"image\":{\"@id\":\"https:\/\/kabinam.lt\/eng\/product\/personalised-keyrings-in-the-shape-of-a-heart\/#primaryimage\"},\"thumbnailUrl\":\"https:\/\/kabinam.lt\/wp-content\/uploads\/2024\/07\/1710473901494-78d00f24ace64135bdffa3314fbd54c1-goods.jpeg\",\"datePublished\":\"2024-07-29T16:01:10+00:00\",\"dateModified\":\"2026-01-03T16:55:13+00:00\",\"description\":\"Personalizuoti rakt\u0173 pakabukai t\u0117\u010diui \u2013 graviruotas \u0161irdel\u0117s formos aksesuaras su nuo\u0161ird\u017eiu u\u017era\u0161u - jautri dovana dukros vardu.\",\"breadcrumb\":{\"@id\":\"https:\/\/kabinam.lt\/eng\/product\/personalised-keyrings-in-the-shape-of-a-heart\/#breadcrumb\"},\"inLanguage\":\"en-US\",\"potentialAction\":[{\"@type\":\"ReadAction\",\"target\":[\"https:\/\/kabinam.lt\/eng\/product\/personalised-keyrings-in-the-shape-of-a-heart\/\"]}]},{\"@type\":\"ImageObject\",\"inLanguage\":\"en-US\",\"@id\":\"https:\/\/kabinam.lt\/eng\/product\/personalised-keyrings-in-the-shape-of-a-heart\/#primaryimage\",\"url\":\"https:\/\/kabinam.lt\/wp-content\/uploads\/2024\/07\/1710473901494-78d00f24ace64135bdffa3314fbd54c1-goods.jpeg\",\"contentUrl\":\"https:\/\/kabinam.lt\/wp-content\/uploads\/2024\/07\/1710473901494-78d00f24ace64135bdffa3314fbd54c1-goods.jpeg\",\"width\":800,\"height\":800,\"caption\":\"Graviruotas \u0161irdel\u0117s formos pakabukas t\u0117\u010diui\"},{\"@type\":\"BreadcrumbList\",\"@id\":\"https:\/\/kabinam.lt\/eng\/product\/personalised-keyrings-in-the-shape-of-a-heart\/#breadcrumb\",\"itemListElement\":[{\"@type\":\"ListItem\",\"position\":1,\"name\":\"Home\",\"item\":\"https:\/\/kabinam.lt\/\"},{\"@type\":\"ListItem\",\"position\":2,\"name\":\"Visi Produktai\",\"item\":\"https:\/\/kabinam.lt\/visi-produktai\/\"},{\"@type\":\"ListItem\",\"position\":3,\"name\":\"Personalizuoti rakt\u0173 pakabukai \u2013 \u0161irdel\u0117s formos dovana t\u0117\u010diui\"}]},{\"@type\":\"WebSite\",\"@id\":\"https:\/\/kabinam.lt\/#website\",\"url\":\"https:\/\/kabinam.lt\/\",\"name\":\"kabinam.lt\",\"description\":\"Kabinam.lt \u2013 raktu pakabukai ir aksesuarai\",\"publisher\":{\"@id\":\"https:\/\/kabinam.lt\/#organization\"},\"alternateName\":\"pakabukai lt\",\"potentialAction\":[{\"@type\":\"SearchAction\",\"target\":{\"@type\":\"EntryPoint\",\"urlTemplate\":\"https:\/\/kabinam.lt\/?s={search_term_string}\"},\"query-input\":{\"@type\":\"PropertyValueSpecification\",\"valueRequired\":true,\"valueName\":\"search_term_string\"}}],\"inLanguage\":\"en-US\"},{\"@type\":\"Organization\",\"@id\":\"https:\/\/kabinam.lt\/#organization\",\"name\":\"kabinam.lt\",\"alternateName\":\"kabinam\",\"url\":\"https:\/\/kabinam.lt\/\",\"logo\":{\"@type\":\"ImageObject\",\"inLanguage\":\"en-US\",\"@id\":\"https:\/\/kabinam.lt\/#\/schema\/logo\/image\/\",\"url\":\"https:\/\/kabinam.lt\/wp-content\/uploads\/2025\/05\/KABINAM_outer_glow.png\",\"contentUrl\":\"https:\/\/kabinam.lt\/wp-content\/uploads\/2025\/05\/KABINAM_outer_glow.png\",\"width\":474,\"height\":141,\"caption\":\"kabinam.lt\"},\"image\":{\"@id\":\"https:\/\/kabinam.lt\/#\/schema\/logo\/image\/\"}}]}<\/script>\n<!-- \/ Yoast SEO plugin. -->","yoast_head_json":{"title":"Personalised keyrings - heart-shaped gifts for dad - kabinam.lt","description":"Personalised keyrings for dad - an engraved heart-shaped accessory with a heartfelt inscription - a sentimental gift on behalf of a daughter.","robots":{"index":"index","follow":"follow","max-snippet":"max-snippet:-1","max-image-preview":"max-image-preview:large","max-video-preview":"max-video-preview:-1"},"canonical":"https:\/\/kabinam.lt\/eng\/product\/personalised-keyrings-in-the-shape-of-a-heart\/","og_locale":"en_US","og_type":"article","og_title":"Personalizuoti rakt\u0173 pakabukai \u2013 \u0161irdel\u0117s formos dovana t\u0117\u010diui - kabinam.lt","og_description":"Personalizuoti rakt\u0173 pakabukai t\u0117\u010diui \u2013 graviruotas \u0161irdel\u0117s formos aksesuaras su nuo\u0161ird\u017eiu u\u017era\u0161u - jautri dovana dukros vardu.","og_url":"https:\/\/kabinam.lt\/eng\/product\/personalised-keyrings-in-the-shape-of-a-heart\/","og_site_name":"kabinam.lt","article_modified_time":"2026-01-03T16:55:13+00:00","og_image":[{"width":800,"height":800,"url":"https:\/\/kabinam.lt\/wp-content\/uploads\/2024\/07\/1710473901494-78d00f24ace64135bdffa3314fbd54c1-goods.jpeg","type":"image\/jpeg"}],"twitter_card":"summary_large_image","twitter_misc":{"Est. reading time":"2 minutes"},"schema":{"@context":"https:\/\/schema.org","@graph":[{"@type":["WebPage","ItemPage"],"@id":"https:\/\/kabinam.lt\/eng\/product\/personalised-keyrings-in-the-shape-of-a-heart\/","url":"https:\/\/kabinam.lt\/eng\/product\/personalised-keyrings-in-the-shape-of-a-heart\/","name":"Personalised keyrings - heart-shaped gifts for dad - kabinam.lt","isPartOf":{"@id":"https:\/\/kabinam.lt\/#website"},"primaryImageOfPage":{"@id":"https:\/\/kabinam.lt\/eng\/product\/personalised-keyrings-in-the-shape-of-a-heart\/#primaryimage"},"image":{"@id":"https:\/\/kabinam.lt\/eng\/product\/personalised-keyrings-in-the-shape-of-a-heart\/#primaryimage"},"thumbnailUrl":"https:\/\/kabinam.lt\/wp-content\/uploads\/2024\/07\/1710473901494-78d00f24ace64135bdffa3314fbd54c1-goods.jpeg","datePublished":"2024-07-29T16:01:10+00:00","dateModified":"2026-01-03T16:55:13+00:00","description":"Personalised keyrings for dad - an engraved heart-shaped accessory with a heartfelt inscription - a sentimental gift on behalf of a daughter.","breadcrumb":{"@id":"https:\/\/kabinam.lt\/eng\/product\/personalised-keyrings-in-the-shape-of-a-heart\/#breadcrumb"},"inLanguage":"en-US","potentialAction":[{"@type":"ReadAction","target":["https:\/\/kabinam.lt\/eng\/product\/personalised-keyrings-in-the-shape-of-a-heart\/"]}]},{"@type":"ImageObject","inLanguage":"en-US","@id":"https:\/\/kabinam.lt\/eng\/product\/personalised-keyrings-in-the-shape-of-a-heart\/#primaryimage","url":"https:\/\/kabinam.lt\/wp-content\/uploads\/2024\/07\/1710473901494-78d00f24ace64135bdffa3314fbd54c1-goods.jpeg","contentUrl":"https:\/\/kabinam.lt\/wp-content\/uploads\/2024\/07\/1710473901494-78d00f24ace64135bdffa3314fbd54c1-goods.jpeg","width":800,"height":800,"caption":"Graviruotas \u0161irdel\u0117s formos pakabukas t\u0117\u010diui"},{"@type":"BreadcrumbList","@id":"https:\/\/kabinam.lt\/eng\/product\/personalised-keyrings-in-the-shape-of-a-heart\/#breadcrumb","itemListElement":[{"@type":"ListItem","position":1,"name":"Home","item":"https:\/\/kabinam.lt\/"},{"@type":"ListItem","position":2,"name":"Visi Produktai","item":"https:\/\/kabinam.lt\/visi-produktai\/"},{"@type":"ListItem","position":3,"name":"Personalizuoti rakt\u0173 pakabukai \u2013 \u0161irdel\u0117s formos dovana t\u0117\u010diui"}]},{"@type":"WebSite","@id":"https:\/\/kabinam.lt\/#website","url":"https:\/\/kabinam.lt\/","name":"kabinam.lt","description":"Kabinam.lt - key chains and accessories","publisher":{"@id":"https:\/\/kabinam.lt\/#organization"},"alternateName":"pakabukai lt","potentialAction":[{"@type":"SearchAction","target":{"@type":"EntryPoint","urlTemplate":"https:\/\/kabinam.lt\/?s={search_term_string}"},"query-input":{"@type":"PropertyValueSpecification","valueRequired":true,"valueName":"search_term_string"}}],"inLanguage":"en-US"},{"@type":"Organization","@id":"https:\/\/kabinam.lt\/#organization","name":"kabinam.lt","alternateName":"kabinam","url":"https:\/\/kabinam.lt\/","logo":{"@type":"ImageObject","inLanguage":"en-US","@id":"https:\/\/kabinam.lt\/#\/schema\/logo\/image\/","url":"https:\/\/kabinam.lt\/wp-content\/uploads\/2025\/05\/KABINAM_outer_glow.png","contentUrl":"https:\/\/kabinam.lt\/wp-content\/uploads\/2025\/05\/KABINAM_outer_glow.png","width":474,"height":141,"caption":"kabinam.lt"},"image":{"@id":"https:\/\/kabinam.lt\/#\/schema\/logo\/image\/"}}]}},"uagb_featured_image_src":{"full":["https:\/\/kabinam.lt\/wp-content\/uploads\/2024\/07\/1710473901494-78d00f24ace64135bdffa3314fbd54c1-goods.jpeg",800,800,false],"thumbnail":["https:\/\/kabinam.lt\/wp-content\/uploads\/2024\/07\/1710473901494-78d00f24ace64135bdffa3314fbd54c1-goods-150x150.jpeg",150,150,true],"medium":["https:\/\/kabinam.lt\/wp-content\/uploads\/2024\/07\/1710473901494-78d00f24ace64135bdffa3314fbd54c1-goods-300x300.jpeg",300,300,true],"medium_large":["https:\/\/kabinam.lt\/wp-content\/uploads\/2024\/07\/1710473901494-78d00f24ace64135bdffa3314fbd54c1-goods-768x768.jpeg",768,768,true],"large":["https:\/\/kabinam.lt\/wp-content\/uploads\/2024\/07\/1710473901494-78d00f24ace64135bdffa3314fbd54c1-goods.jpeg",800,800,false],"1536x1536":["https:\/\/kabinam.lt\/wp-content\/uploads\/2024\/07\/1710473901494-78d00f24ace64135bdffa3314fbd54c1-goods.jpeg",800,800,false],"2048x2048":["https:\/\/kabinam.lt\/wp-content\/uploads\/2024\/07\/1710473901494-78d00f24ace64135bdffa3314fbd54c1-goods.jpeg",800,800,false],"trp-custom-language-flag":["https:\/\/kabinam.lt\/wp-content\/uploads\/2024\/07\/1710473901494-78d00f24ace64135bdffa3314fbd54c1-goods.jpeg",12,12,false],"woocommerce_thumbnail":["https:\/\/kabinam.lt\/wp-content\/uploads\/2024\/07\/1710473901494-78d00f24ace64135bdffa3314fbd54c1-goods-300x300.jpeg",300,300,true],"woocommerce_single":["https:\/\/kabinam.lt\/wp-content\/uploads\/2024\/07\/1710473901494-78d00f24ace64135bdffa3314fbd54c1-goods-600x600.jpeg",600,600,true],"woocommerce_gallery_thumbnail":["https:\/\/kabinam.lt\/wp-content\/uploads\/2024\/07\/1710473901494-78d00f24ace64135bdffa3314fbd54c1-goods-100x100.jpeg",100,100,true]},"uagb_author_info":{"display_name":"kabinam.lt","author_link":"https:\/\/kabinam.lt\/eng\/author\/"},"uagb_comment_info":0,"uagb_excerpt":"Graviruotas \u0161irdel\u0117s formos rakt\u0173 pakabukas su u\u017era\u0161u t\u0117\u010diui \u2013 jautri dovana dukros vardu.","_links":{"self":[{"href":"https:\/\/kabinam.lt\/eng\/wp-json\/wp\/v2\/product\/2211","targetHints":{"allow":["GET"]}}],"collection":[{"href":"https:\/\/kabinam.lt\/eng\/wp-json\/wp\/v2\/product"}],"about":[{"href":"https:\/\/kabinam.lt\/eng\/wp-json\/wp\/v2\/types\/product"}],"replies":[{"embeddable":true,"href":"https:\/\/kabinam.lt\/eng\/wp-json\/wp\/v2\/comments?post=2211"}],"wp:featuredmedia":[{"embeddable":true,"href":"https:\/\/kabinam.lt\/eng\/wp-json\/wp\/v2\/media\/2215"}],"wp:attachment":[{"href":"https:\/\/kabinam.lt\/eng\/wp-json\/wp\/v2\/media?parent=2211"}],"wp:term":[{"taxonomy":"product_brand","embeddable":true,"href":"https:\/\/kabinam.lt\/eng\/wp-json\/wp\/v2\/product_brand?post=2211"},{"taxonomy":"product_cat","embeddable":true,"href":"https:\/\/kabinam.lt\/eng\/wp-json\/wp\/v2\/product_cat?post=2211"},{"taxonomy":"product_tag","embeddable":true,"href":"https:\/\/kabinam.lt\/eng\/wp-json\/wp\/v2\/product_tag?post=2211"}],"curies":[{"name":"wp","href":"https:\/\/api.w.org\/{rel}","templated":true}]}}