{"id":2184,"date":"2024-07-29T17:46:48","date_gmt":"2024-07-29T14:46:48","guid":{"rendered":"https:\/\/kabinam.lt\/?post_type=product&#038;p=2184"},"modified":"2026-01-03T18:55:46","modified_gmt":"2026-01-03T16:55:46","slug":"key-rings-for-elegant-style-mesquite-4","status":"publish","type":"product","link":"https:\/\/kabinam.lt\/eng\/product\/raktu-pakabukai-elegantiskam-stiliui-meskiukas-4\/","title":{"rendered":"Key chains for elegant style - Brown Bear \u201eLove is Eternal\u201d"},"content":{"rendered":"<div class=\"kk-star-ratings kksr-auto kksr-align-left kksr-valign-top\"\n    data-payload='{&quot;align&quot;:&quot;left&quot;,&quot;id&quot;:&quot;2184&quot;,&quot;slug&quot;:&quot;default&quot;,&quot;valign&quot;:&quot;top&quot;,&quot;ignore&quot;:&quot;&quot;,&quot;reference&quot;:&quot;auto&quot;,&quot;class&quot;:&quot;&quot;,&quot;count&quot;:&quot;0&quot;,&quot;legendonly&quot;:&quot;&quot;,&quot;readonly&quot;:&quot;&quot;,&quot;score&quot;:&quot;0&quot;,&quot;starsonly&quot;:&quot;&quot;,&quot;best&quot;:&quot;5&quot;,&quot;gap&quot;:&quot;5&quot;,&quot;greet&quot;:&quot;Mums svarbus j\u016bs\u0173 \u012fvertinimas&quot;,&quot;legend&quot;:&quot;0\\\/5 - (0 votes)&quot;,&quot;size&quot;:&quot;24&quot;,&quot;title&quot;:&quot;Rakt\u0173 pakabukai eleganti\u0161kam stiliui \u2013 Rudas Me\u0161kiukas \\u0026quot;Love is Eternal\\u0026quot;&quot;,&quot;width&quot;:&quot;0&quot;,&quot;_legend&quot;:&quot;{score}\\\/{best} - ({count} {votes})&quot;,&quot;font_factor&quot;:&quot;1.25&quot;}'>\n            \n<div class=\"kksr-stars\">\n    \n<div class=\"kksr-stars-inactive\">\n            <div class=\"kksr-star\" data-star=\"1\" style=\"padding-right: 5px\">\n            \n\n<div class=\"kksr-icon\" style=\"width: 24px; height: 24px;\"><\/div>\n        <\/div>\n            <div class=\"kksr-star\" data-star=\"2\" style=\"padding-right: 5px\">\n            \n\n<div class=\"kksr-icon\" style=\"width: 24px; height: 24px;\"><\/div>\n        <\/div>\n            <div class=\"kksr-star\" data-star=\"3\" style=\"padding-right: 5px\">\n            \n\n<div class=\"kksr-icon\" style=\"width: 24px; height: 24px;\"><\/div>\n        <\/div>\n            <div class=\"kksr-star\" data-star=\"4\" style=\"padding-right: 5px\">\n            \n\n<div class=\"kksr-icon\" style=\"width: 24px; height: 24px;\"><\/div>\n        <\/div>\n            <div class=\"kksr-star\" data-star=\"5\" style=\"padding-right: 5px\">\n            \n\n<div class=\"kksr-icon\" style=\"width: 24px; height: 24px;\"><\/div>\n        <\/div>\n    <\/div>\n    \n<div class=\"kksr-stars-active\" style=\"width: 0px;\">\n            <div class=\"kksr-star\" style=\"padding-right: 5px\">\n            \n\n<div class=\"kksr-icon\" style=\"width: 24px; height: 24px;\"><\/div>\n        <\/div>\n            <div class=\"kksr-star\" style=\"padding-right: 5px\">\n            \n\n<div class=\"kksr-icon\" style=\"width: 24px; height: 24px;\"><\/div>\n        <\/div>\n            <div class=\"kksr-star\" style=\"padding-right: 5px\">\n            \n\n<div class=\"kksr-icon\" style=\"width: 24px; height: 24px;\"><\/div>\n        <\/div>\n            <div class=\"kksr-star\" style=\"padding-right: 5px\">\n            \n\n<div class=\"kksr-icon\" style=\"width: 24px; height: 24px;\"><\/div>\n        <\/div>\n            <div class=\"kksr-star\" style=\"padding-right: 5px\">\n            \n\n<div class=\"kksr-icon\" style=\"width: 24px; height: 24px;\"><\/div>\n        <\/div>\n    <\/div>\n<\/div>\n                \n\n<div class=\"kksr-legend\" style=\"font-size: 19.2px;\">\n            <span class=\"kksr-muted\">Your evaluation is important to us<\/span>\n    <\/div>\n    <\/div>\n<h2 data-start=\"343\" data-end=\"432\"><strong data-start=\"346\" data-end=\"432\">Key chains for elegant style - Brown Bear with \u201eLove is Eternal\u201c<\/strong><\/h2>\n<p data-start=\"434\" data-end=\"781\">Looking for a subtle but expressive gift or style detail? This elegant <strong data-start=\"516\" data-end=\"553\">Rubber keyring Teddy Bear<\/strong> Brown is not only a cute accessory, but also a stylish touch to your everyday life. The ribbon with the inscription \u201eLove is Eternal\u201c adds emotional value and makes this pendant a perfect gift for a loved one or yourself.<\/p>\n<hr data-start=\"783\" data-end=\"786\" \/>\n<h3 data-start=\"788\" data-end=\"824\"><strong data-start=\"792\" data-end=\"824\">A stylish accent with meaning<\/strong><\/h3>\n<p data-start=\"826\" data-end=\"1230\"><strong data-start=\"826\" data-end=\"866\">Keyrings for elegant style<\/strong> are often sought after for their versatility - they fit perfectly on car keys, house keys, or even backpacks and handbags. This Brown Bear is distinguished not only by its shape, but also by its soft shade and affectionate appearance. Brown symbolises warmth, stability and cosiness, so it evokes pleasant emotions every time you pick it up.<\/p>\n<p data-start=\"1232\" data-end=\"1426\">The inscription on the ribbon \u201eLove is Eternal\u201c subtly conveys the idea of everlasting love. This makes it possible to give this accessory on special occasions such as Valentine's Day, a birthday or a friendship celebration.<\/p>\n<hr data-start=\"1428\" data-end=\"1431\" \/>\n<h3 data-start=\"1433\" data-end=\"1475\"><strong data-start=\"1437\" data-end=\"1475\">A quality and durable accessory<\/strong><\/h3>\n<p data-start=\"1477\" data-end=\"1789\">The pendant is made of high-quality soft rubber, making it lightweight yet durable. The material is resistant to moisture and everyday use - when worn on your keys, it will not fade, does not fray and keeps its shape. The sturdy metal ring ensures a secure grip, so your keys are always safe.<\/p>\n<p data-start=\"1791\" data-end=\"2015\">The soft-touch surface, the distinctive shape and the engraved inscription make this pendant not only practical, but also very aesthetic. Such <strong data-start=\"1932\" data-end=\"1972\">keyrings for elegant style<\/strong> is increasingly becoming a means of self-expression.<\/p>\n<hr data-start=\"2017\" data-end=\"2020\" \/>\n<h3 data-start=\"2022\" data-end=\"2083\"><strong data-start=\"2026\" data-end=\"2083\">A great choice for gifts and personal use<\/strong><\/h3>\n<p data-start=\"2085\" data-end=\"2392\">If you're looking for a gift that's both cute and practical, this Teddy Bear is the ideal choice. It is perfect for both women and men who appreciate elegant but not overloaded accessories. Thanks to its versatile aesthetic, the pendant is suitable for any age, from teenager to adult.<\/p>\n<p data-start=\"2394\" data-end=\"2572\">It can also be a great way to express your appreciation to a friend, family member or partner. It is a gift that will serve as a constant reminder of the closeness of the relationship, not just a practical function.<\/p>\n<hr data-start=\"2574\" data-end=\"2577\" \/>\n<h3 data-start=\"2579\" data-end=\"2617\"><strong data-start=\"2583\" data-end=\"2617\">Even more stylish solutions<\/strong><\/h3>\n<p data-start=\"2619\" data-end=\"3009\">Want even more inspiration? Visit our <a class=\"\" href=\"https:\/\/kabinam.lt\/eng\/product-category\/unikaliu-pakabuku-kategorija\/\" target=\"_new\" rel=\"noopener\" data-start=\"2667\" data-end=\"2754\">Unique pendants<\/a> section, where you'll find exclusive designs suitable for both gifts and everyday use. See also <a class=\"\" href=\"https:\/\/kabinam.lt\/eng\/product-category\/most-popular-product-category\/\" target=\"_new\" rel=\"noopener\" data-start=\"2858\" data-end=\"2956\">Most popular products<\/a>, to see what other style connoisseurs are choosing.<\/p>\n<p data-start=\"3011\" data-end=\"3250\">You can also find an interesting source of inspiration in this <a class=\"cursor-pointer\" target=\"_new\" rel=\"noopener\" data-start=\"3056\" data-end=\"3180\">external article on stylish gifts<\/a>, which discusses various gift ideas for people who appreciate style.<\/p>\n<h2 data-start=\"3257\" data-end=\"3271\"><\/h2>","protected":false},"excerpt":{"rendered":"<p>Elegant Brown Teddy Bear with \u201eLove is Eternal\u201c - a soft, gentle, cute and stylish keyring for your keys.<\/p>","protected":false},"featured_media":2175,"comment_status":"closed","ping_status":"closed","template":"","meta":{"_uag_custom_page_level_css":"","site-sidebar-layout":"default","site-content-layout":"","ast-site-content-layout":"default","site-content-style":"default","site-sidebar-style":"default","ast-global-header-display":"","ast-banner-title-visibility":"","ast-main-header-display":"","ast-hfb-above-header-display":"","ast-hfb-below-header-display":"","ast-hfb-mobile-header-display":"","site-post-title":"","ast-breadcrumbs-content":"","ast-featured-img":"","footer-sml-layout":"","ast-disable-related-posts":"","theme-transparent-header-meta":"default","adv-header-id-meta":"","stick-header-meta":"","header-above-stick-meta":"","header-main-stick-meta":"","header-below-stick-meta":"","astra-migrate-meta-layouts":"set","ast-page-background-enabled":"default","ast-page-background-meta":{"desktop":{"background-color":"var(--ast-global-color-4)","background-image":"","background-repeat":"repeat","background-position":"center center","background-size":"auto","background-attachment":"scroll","background-type":"","background-media":"","overlay-type":"","overlay-color":"","overlay-opacity":"","overlay-gradient":""},"tablet":{"background-color":"","background-image":"","background-repeat":"repeat","background-position":"center center","background-size":"auto","background-attachment":"scroll","background-type":"","background-media":"","overlay-type":"","overlay-color":"","overlay-opacity":"","overlay-gradient":""},"mobile":{"background-color":"","background-image":"","background-repeat":"repeat","background-position":"center center","background-size":"auto","background-attachment":"scroll","background-type":"","background-media":"","overlay-type":"","overlay-color":"","overlay-opacity":"","overlay-gradient":""}},"ast-content-background-meta":{"desktop":{"background-color":"var(--ast-global-color-5)","background-image":"","background-repeat":"repeat","background-position":"center center","background-size":"auto","background-attachment":"scroll","background-type":"","background-media":"","overlay-type":"","overlay-color":"","overlay-opacity":"","overlay-gradient":""},"tablet":{"background-color":"var(--ast-global-color-5)","background-image":"","background-repeat":"repeat","background-position":"center center","background-size":"auto","background-attachment":"scroll","background-type":"","background-media":"","overlay-type":"","overlay-color":"","overlay-opacity":"","overlay-gradient":""},"mobile":{"background-color":"var(--ast-global-color-5)","background-image":"","background-repeat":"repeat","background-position":"center center","background-size":"auto","background-attachment":"scroll","background-type":"","background-media":"","overlay-type":"","overlay-color":"","overlay-opacity":"","overlay-gradient":""}}},"product_brand":[],"product_cat":[125,126,95],"product_tag":[],"class_list":{"0":"post-2184","1":"product","2":"type-product","3":"status-publish","4":"has-post-thumbnail","6":"product_cat-halloween","7":"product_cat-visi","8":"product_cat-unikalus-raktu-pakabukai","9":"desktop-align-center","10":"tablet-align-left","11":"mobile-align-left","13":"first","14":"outofstock","15":"shipping-taxable","16":"purchasable","17":"product-type-simple"},"yoast_head":"<!-- This site is optimized with the Yoast SEO plugin v27.1.1 - https:\/\/yoast.com\/product\/yoast-seo-wordpress\/ -->\n<title>Rakt\u0173 pakabukai eleganti\u0161kam stiliui \u2013 Rudas Me\u0161kiukas &quot;Love is Eternal&quot;<\/title>\n<meta name=\"description\" content=\"Rakt\u0173 pakabukai eleganti\u0161kam stiliui \u2013 Rudas Me\u0161kiukas su u\u017era\u0161u \u201eLove is Eternal\u201c. Prakti\u0161ka ir stilinga dovana visiems, vertinantiems estetik\u0105.\" \/>\n<meta name=\"robots\" content=\"index, follow, max-snippet:-1, max-image-preview:large, max-video-preview:-1\" \/>\n<link rel=\"canonical\" href=\"https:\/\/kabinam.lt\/eng\/product\/key-rings-for-elegant-style-mesquite-4\/\" \/>\n<meta property=\"og:locale\" content=\"en_US\" \/>\n<meta property=\"og:type\" content=\"article\" \/>\n<meta property=\"og:title\" content=\"Rakt\u0173 pakabukai eleganti\u0161kam stiliui \u2013 Rudas Me\u0161kiukas &quot;Love is Eternal&quot;\" \/>\n<meta property=\"og:description\" content=\"Rakt\u0173 pakabukai eleganti\u0161kam stiliui \u2013 Rudas Me\u0161kiukas su u\u017era\u0161u \u201eLove is Eternal\u201c. Prakti\u0161ka ir stilinga dovana visiems, vertinantiems estetik\u0105.\" \/>\n<meta property=\"og:url\" content=\"https:\/\/kabinam.lt\/eng\/product\/key-rings-for-elegant-style-mesquite-4\/\" \/>\n<meta property=\"og:site_name\" content=\"kabinam.lt\" \/>\n<meta property=\"article:modified_time\" content=\"2026-01-03T16:55:46+00:00\" \/>\n<meta property=\"og:image\" content=\"https:\/\/kabinam.lt\/wp-content\/uploads\/2024\/07\/080da494-872a-4c85-a504-bde2bc8121fa_800x800.jpeg\" \/>\n\t<meta property=\"og:image:width\" content=\"800\" \/>\n\t<meta property=\"og:image:height\" content=\"800\" \/>\n\t<meta property=\"og:image:type\" content=\"image\/jpeg\" \/>\n<meta name=\"twitter:card\" content=\"summary_large_image\" \/>\n<meta name=\"twitter:label1\" content=\"Est. reading time\" \/>\n\t<meta name=\"twitter:data1\" content=\"3 minutes\" \/>\n<script type=\"application\/ld+json\" class=\"yoast-schema-graph\">{\"@context\":\"https:\/\/schema.org\",\"@graph\":[{\"@type\":[\"WebPage\",\"ItemPage\"],\"@id\":\"https:\/\/kabinam.lt\/eng\/product\/key-rings-for-elegant-style-mesquite-4\/\",\"url\":\"https:\/\/kabinam.lt\/eng\/product\/key-rings-for-elegant-style-mesquite-4\/\",\"name\":\"Rakt\u0173 pakabukai eleganti\u0161kam stiliui \u2013 Rudas Me\u0161kiukas \\\"Love is Eternal\\\"\",\"isPartOf\":{\"@id\":\"https:\/\/kabinam.lt\/#website\"},\"primaryImageOfPage\":{\"@id\":\"https:\/\/kabinam.lt\/eng\/product\/key-rings-for-elegant-style-mesquite-4\/#primaryimage\"},\"image\":{\"@id\":\"https:\/\/kabinam.lt\/eng\/product\/key-rings-for-elegant-style-mesquite-4\/#primaryimage\"},\"thumbnailUrl\":\"https:\/\/kabinam.lt\/wp-content\/uploads\/2024\/07\/080da494-872a-4c85-a504-bde2bc8121fa_800x800.jpeg\",\"datePublished\":\"2024-07-29T14:46:48+00:00\",\"dateModified\":\"2026-01-03T16:55:46+00:00\",\"description\":\"Rakt\u0173 pakabukai eleganti\u0161kam stiliui \u2013 Rudas Me\u0161kiukas su u\u017era\u0161u \u201eLove is Eternal\u201c. Prakti\u0161ka ir stilinga dovana visiems, vertinantiems estetik\u0105.\",\"breadcrumb\":{\"@id\":\"https:\/\/kabinam.lt\/eng\/product\/key-rings-for-elegant-style-mesquite-4\/#breadcrumb\"},\"inLanguage\":\"en-US\",\"potentialAction\":[{\"@type\":\"ReadAction\",\"target\":[\"https:\/\/kabinam.lt\/eng\/product\/key-rings-for-elegant-style-mesquite-4\/\"]}]},{\"@type\":\"ImageObject\",\"inLanguage\":\"en-US\",\"@id\":\"https:\/\/kabinam.lt\/eng\/product\/key-rings-for-elegant-style-mesquite-4\/#primaryimage\",\"url\":\"https:\/\/kabinam.lt\/wp-content\/uploads\/2024\/07\/080da494-872a-4c85-a504-bde2bc8121fa_800x800.jpeg\",\"contentUrl\":\"https:\/\/kabinam.lt\/wp-content\/uploads\/2024\/07\/080da494-872a-4c85-a504-bde2bc8121fa_800x800.jpeg\",\"width\":800,\"height\":800,\"caption\":\"Rudas me\u0161kiukas su u\u017era\u0161u \u201eLove is Eternal\u201c ant kaspino\"},{\"@type\":\"BreadcrumbList\",\"@id\":\"https:\/\/kabinam.lt\/eng\/product\/key-rings-for-elegant-style-mesquite-4\/#breadcrumb\",\"itemListElement\":[{\"@type\":\"ListItem\",\"position\":1,\"name\":\"Home\",\"item\":\"https:\/\/kabinam.lt\/\"},{\"@type\":\"ListItem\",\"position\":2,\"name\":\"Visi Produktai\",\"item\":\"https:\/\/kabinam.lt\/visi-produktai\/\"},{\"@type\":\"ListItem\",\"position\":3,\"name\":\"Rakt\u0173 pakabukai eleganti\u0161kam stiliui \u2013 Rudas Me\u0161kiukas &#8222;Love is Eternal&#8221;\"}]},{\"@type\":\"WebSite\",\"@id\":\"https:\/\/kabinam.lt\/#website\",\"url\":\"https:\/\/kabinam.lt\/\",\"name\":\"kabinam.lt\",\"description\":\"Kabinam.lt \u2013 raktu pakabukai ir aksesuarai\",\"publisher\":{\"@id\":\"https:\/\/kabinam.lt\/#organization\"},\"alternateName\":\"pakabukai lt\",\"potentialAction\":[{\"@type\":\"SearchAction\",\"target\":{\"@type\":\"EntryPoint\",\"urlTemplate\":\"https:\/\/kabinam.lt\/?s={search_term_string}\"},\"query-input\":{\"@type\":\"PropertyValueSpecification\",\"valueRequired\":true,\"valueName\":\"search_term_string\"}}],\"inLanguage\":\"en-US\"},{\"@type\":\"Organization\",\"@id\":\"https:\/\/kabinam.lt\/#organization\",\"name\":\"kabinam.lt\",\"alternateName\":\"kabinam\",\"url\":\"https:\/\/kabinam.lt\/\",\"logo\":{\"@type\":\"ImageObject\",\"inLanguage\":\"en-US\",\"@id\":\"https:\/\/kabinam.lt\/#\/schema\/logo\/image\/\",\"url\":\"https:\/\/kabinam.lt\/wp-content\/uploads\/2025\/05\/KABINAM_outer_glow.png\",\"contentUrl\":\"https:\/\/kabinam.lt\/wp-content\/uploads\/2025\/05\/KABINAM_outer_glow.png\",\"width\":474,\"height\":141,\"caption\":\"kabinam.lt\"},\"image\":{\"@id\":\"https:\/\/kabinam.lt\/#\/schema\/logo\/image\/\"}}]}<\/script>\n<!-- \/ Yoast SEO plugin. -->","yoast_head_json":{"title":"Key chains for elegant style - Brown Bear \"Love is Eternal\"","description":"Key chains for elegant style - Brown Bear with \u201eLove is Eternal\u201c. A practical and stylish gift for anyone who appreciates aesthetics.","robots":{"index":"index","follow":"follow","max-snippet":"max-snippet:-1","max-image-preview":"max-image-preview:large","max-video-preview":"max-video-preview:-1"},"canonical":"https:\/\/kabinam.lt\/eng\/product\/key-rings-for-elegant-style-mesquite-4\/","og_locale":"en_US","og_type":"article","og_title":"Rakt\u0173 pakabukai eleganti\u0161kam stiliui \u2013 Rudas Me\u0161kiukas \"Love is Eternal\"","og_description":"Rakt\u0173 pakabukai eleganti\u0161kam stiliui \u2013 Rudas Me\u0161kiukas su u\u017era\u0161u \u201eLove is Eternal\u201c. Prakti\u0161ka ir stilinga dovana visiems, vertinantiems estetik\u0105.","og_url":"https:\/\/kabinam.lt\/eng\/product\/key-rings-for-elegant-style-mesquite-4\/","og_site_name":"kabinam.lt","article_modified_time":"2026-01-03T16:55:46+00:00","og_image":[{"width":800,"height":800,"url":"https:\/\/kabinam.lt\/wp-content\/uploads\/2024\/07\/080da494-872a-4c85-a504-bde2bc8121fa_800x800.jpeg","type":"image\/jpeg"}],"twitter_card":"summary_large_image","twitter_misc":{"Est. reading time":"3 minutes"},"schema":{"@context":"https:\/\/schema.org","@graph":[{"@type":["WebPage","ItemPage"],"@id":"https:\/\/kabinam.lt\/eng\/product\/key-rings-for-elegant-style-mesquite-4\/","url":"https:\/\/kabinam.lt\/eng\/product\/key-rings-for-elegant-style-mesquite-4\/","name":"Key chains for elegant style - Brown Bear \"Love is Eternal\"","isPartOf":{"@id":"https:\/\/kabinam.lt\/#website"},"primaryImageOfPage":{"@id":"https:\/\/kabinam.lt\/eng\/product\/key-rings-for-elegant-style-mesquite-4\/#primaryimage"},"image":{"@id":"https:\/\/kabinam.lt\/eng\/product\/key-rings-for-elegant-style-mesquite-4\/#primaryimage"},"thumbnailUrl":"https:\/\/kabinam.lt\/wp-content\/uploads\/2024\/07\/080da494-872a-4c85-a504-bde2bc8121fa_800x800.jpeg","datePublished":"2024-07-29T14:46:48+00:00","dateModified":"2026-01-03T16:55:46+00:00","description":"Key chains for elegant style - Brown Bear with \u201eLove is Eternal\u201c. A practical and stylish gift for anyone who appreciates aesthetics.","breadcrumb":{"@id":"https:\/\/kabinam.lt\/eng\/product\/key-rings-for-elegant-style-mesquite-4\/#breadcrumb"},"inLanguage":"en-US","potentialAction":[{"@type":"ReadAction","target":["https:\/\/kabinam.lt\/eng\/product\/key-rings-for-elegant-style-mesquite-4\/"]}]},{"@type":"ImageObject","inLanguage":"en-US","@id":"https:\/\/kabinam.lt\/eng\/product\/key-rings-for-elegant-style-mesquite-4\/#primaryimage","url":"https:\/\/kabinam.lt\/wp-content\/uploads\/2024\/07\/080da494-872a-4c85-a504-bde2bc8121fa_800x800.jpeg","contentUrl":"https:\/\/kabinam.lt\/wp-content\/uploads\/2024\/07\/080da494-872a-4c85-a504-bde2bc8121fa_800x800.jpeg","width":800,"height":800,"caption":"Rudas me\u0161kiukas su u\u017era\u0161u \u201eLove is Eternal\u201c ant kaspino"},{"@type":"BreadcrumbList","@id":"https:\/\/kabinam.lt\/eng\/product\/key-rings-for-elegant-style-mesquite-4\/#breadcrumb","itemListElement":[{"@type":"ListItem","position":1,"name":"Home","item":"https:\/\/kabinam.lt\/"},{"@type":"ListItem","position":2,"name":"Visi Produktai","item":"https:\/\/kabinam.lt\/visi-produktai\/"},{"@type":"ListItem","position":3,"name":"Rakt\u0173 pakabukai eleganti\u0161kam stiliui \u2013 Rudas Me\u0161kiukas &#8222;Love is Eternal&#8221;"}]},{"@type":"WebSite","@id":"https:\/\/kabinam.lt\/#website","url":"https:\/\/kabinam.lt\/","name":"kabinam.lt","description":"Kabinam.lt - key chains and accessories","publisher":{"@id":"https:\/\/kabinam.lt\/#organization"},"alternateName":"pakabukai lt","potentialAction":[{"@type":"SearchAction","target":{"@type":"EntryPoint","urlTemplate":"https:\/\/kabinam.lt\/?s={search_term_string}"},"query-input":{"@type":"PropertyValueSpecification","valueRequired":true,"valueName":"search_term_string"}}],"inLanguage":"en-US"},{"@type":"Organization","@id":"https:\/\/kabinam.lt\/#organization","name":"kabinam.lt","alternateName":"kabinam","url":"https:\/\/kabinam.lt\/","logo":{"@type":"ImageObject","inLanguage":"en-US","@id":"https:\/\/kabinam.lt\/#\/schema\/logo\/image\/","url":"https:\/\/kabinam.lt\/wp-content\/uploads\/2025\/05\/KABINAM_outer_glow.png","contentUrl":"https:\/\/kabinam.lt\/wp-content\/uploads\/2025\/05\/KABINAM_outer_glow.png","width":474,"height":141,"caption":"kabinam.lt"},"image":{"@id":"https:\/\/kabinam.lt\/#\/schema\/logo\/image\/"}}]}},"uagb_featured_image_src":{"full":["https:\/\/kabinam.lt\/wp-content\/uploads\/2024\/07\/080da494-872a-4c85-a504-bde2bc8121fa_800x800.jpeg",800,800,false],"thumbnail":["https:\/\/kabinam.lt\/wp-content\/uploads\/2024\/07\/080da494-872a-4c85-a504-bde2bc8121fa_800x800-150x150.jpeg",150,150,true],"medium":["https:\/\/kabinam.lt\/wp-content\/uploads\/2024\/07\/080da494-872a-4c85-a504-bde2bc8121fa_800x800-300x300.jpeg",300,300,true],"medium_large":["https:\/\/kabinam.lt\/wp-content\/uploads\/2024\/07\/080da494-872a-4c85-a504-bde2bc8121fa_800x800-768x768.jpeg",768,768,true],"large":["https:\/\/kabinam.lt\/wp-content\/uploads\/2024\/07\/080da494-872a-4c85-a504-bde2bc8121fa_800x800.jpeg",800,800,false],"1536x1536":["https:\/\/kabinam.lt\/wp-content\/uploads\/2024\/07\/080da494-872a-4c85-a504-bde2bc8121fa_800x800.jpeg",800,800,false],"2048x2048":["https:\/\/kabinam.lt\/wp-content\/uploads\/2024\/07\/080da494-872a-4c85-a504-bde2bc8121fa_800x800.jpeg",800,800,false],"trp-custom-language-flag":["https:\/\/kabinam.lt\/wp-content\/uploads\/2024\/07\/080da494-872a-4c85-a504-bde2bc8121fa_800x800.jpeg",12,12,false],"woocommerce_thumbnail":["https:\/\/kabinam.lt\/wp-content\/uploads\/2024\/07\/080da494-872a-4c85-a504-bde2bc8121fa_800x800-300x300.jpeg",300,300,true],"woocommerce_single":["https:\/\/kabinam.lt\/wp-content\/uploads\/2024\/07\/080da494-872a-4c85-a504-bde2bc8121fa_800x800-600x600.jpeg",600,600,true],"woocommerce_gallery_thumbnail":["https:\/\/kabinam.lt\/wp-content\/uploads\/2024\/07\/080da494-872a-4c85-a504-bde2bc8121fa_800x800-100x100.jpeg",100,100,true]},"uagb_author_info":{"display_name":"kabinam.lt","author_link":"https:\/\/kabinam.lt\/eng\/author\/"},"uagb_comment_info":0,"uagb_excerpt":"Eleganti\u0161kas Rudas Me\u0161kiukas su u\u017era\u0161u \u201eLove is Eternal\u201c \u2013 mink\u0161tas, \u0161velnus, mielas ir stilingas pakabukas J\u016bs\u0173 raktams.","_links":{"self":[{"href":"https:\/\/kabinam.lt\/eng\/wp-json\/wp\/v2\/product\/2184","targetHints":{"allow":["GET"]}}],"collection":[{"href":"https:\/\/kabinam.lt\/eng\/wp-json\/wp\/v2\/product"}],"about":[{"href":"https:\/\/kabinam.lt\/eng\/wp-json\/wp\/v2\/types\/product"}],"replies":[{"embeddable":true,"href":"https:\/\/kabinam.lt\/eng\/wp-json\/wp\/v2\/comments?post=2184"}],"wp:featuredmedia":[{"embeddable":true,"href":"https:\/\/kabinam.lt\/eng\/wp-json\/wp\/v2\/media\/2175"}],"wp:attachment":[{"href":"https:\/\/kabinam.lt\/eng\/wp-json\/wp\/v2\/media?parent=2184"}],"wp:term":[{"taxonomy":"product_brand","embeddable":true,"href":"https:\/\/kabinam.lt\/eng\/wp-json\/wp\/v2\/product_brand?post=2184"},{"taxonomy":"product_cat","embeddable":true,"href":"https:\/\/kabinam.lt\/eng\/wp-json\/wp\/v2\/product_cat?post=2184"},{"taxonomy":"product_tag","embeddable":true,"href":"https:\/\/kabinam.lt\/eng\/wp-json\/wp\/v2\/product_tag?post=2184"}],"curies":[{"name":"wp","href":"https:\/\/api.w.org\/{rel}","templated":true}]}}