{"id":2183,"date":"2024-07-29T17:44:58","date_gmt":"2024-07-29T14:44:58","guid":{"rendered":"https:\/\/kabinam.lt\/?post_type=product&#038;p=2183"},"modified":"2026-01-03T18:55:46","modified_gmt":"2026-01-03T16:55:46","slug":"colored-key-charms-green-bear","status":"publish","type":"product","link":"https:\/\/kabinam.lt\/eng\/product\/spalvoti-raktu-pakabukai-zalias-meskiukas\/","title":{"rendered":"Colourful keyrings - green teddy bear \u201eLove is Eternal\u201c"},"content":{"rendered":"<div class=\"kk-star-ratings kksr-auto kksr-align-left kksr-valign-top\"\n    data-payload='{&quot;align&quot;:&quot;left&quot;,&quot;id&quot;:&quot;2183&quot;,&quot;slug&quot;:&quot;default&quot;,&quot;valign&quot;:&quot;top&quot;,&quot;ignore&quot;:&quot;&quot;,&quot;reference&quot;:&quot;auto&quot;,&quot;class&quot;:&quot;&quot;,&quot;count&quot;:&quot;3&quot;,&quot;legendonly&quot;:&quot;&quot;,&quot;readonly&quot;:&quot;&quot;,&quot;score&quot;:&quot;4.3&quot;,&quot;starsonly&quot;:&quot;&quot;,&quot;best&quot;:&quot;5&quot;,&quot;gap&quot;:&quot;5&quot;,&quot;greet&quot;:&quot;Mums svarbus j\u016bs\u0173 \u012fvertinimas&quot;,&quot;legend&quot;:&quot;4.3\\\/5 - (3 votes)&quot;,&quot;size&quot;:&quot;24&quot;,&quot;title&quot;:&quot;Spalvoti rakt\u0173 pakabukai \u2013 \u017ealias me\u0161kiukas \u201eLove is Eternal\u201c&quot;,&quot;width&quot;:&quot;122.2&quot;,&quot;_legend&quot;:&quot;{score}\\\/{best} - ({count} {votes})&quot;,&quot;font_factor&quot;:&quot;1.25&quot;}'>\n            \n<div class=\"kksr-stars\">\n    \n<div class=\"kksr-stars-inactive\">\n            <div class=\"kksr-star\" data-star=\"1\" style=\"padding-right: 5px\">\n            \n\n<div class=\"kksr-icon\" style=\"width: 24px; height: 24px;\"><\/div>\n        <\/div>\n            <div class=\"kksr-star\" data-star=\"2\" style=\"padding-right: 5px\">\n            \n\n<div class=\"kksr-icon\" style=\"width: 24px; height: 24px;\"><\/div>\n        <\/div>\n            <div class=\"kksr-star\" data-star=\"3\" style=\"padding-right: 5px\">\n            \n\n<div class=\"kksr-icon\" style=\"width: 24px; height: 24px;\"><\/div>\n        <\/div>\n            <div class=\"kksr-star\" data-star=\"4\" style=\"padding-right: 5px\">\n            \n\n<div class=\"kksr-icon\" style=\"width: 24px; height: 24px;\"><\/div>\n        <\/div>\n            <div class=\"kksr-star\" data-star=\"5\" style=\"padding-right: 5px\">\n            \n\n<div class=\"kksr-icon\" style=\"width: 24px; height: 24px;\"><\/div>\n        <\/div>\n    <\/div>\n    \n<div class=\"kksr-stars-active\" style=\"width: 122.2px;\">\n            <div class=\"kksr-star\" style=\"padding-right: 5px\">\n            \n\n<div class=\"kksr-icon\" style=\"width: 24px; height: 24px;\"><\/div>\n        <\/div>\n            <div class=\"kksr-star\" style=\"padding-right: 5px\">\n            \n\n<div class=\"kksr-icon\" style=\"width: 24px; height: 24px;\"><\/div>\n        <\/div>\n            <div class=\"kksr-star\" style=\"padding-right: 5px\">\n            \n\n<div class=\"kksr-icon\" style=\"width: 24px; height: 24px;\"><\/div>\n        <\/div>\n            <div class=\"kksr-star\" style=\"padding-right: 5px\">\n            \n\n<div class=\"kksr-icon\" style=\"width: 24px; height: 24px;\"><\/div>\n        <\/div>\n            <div class=\"kksr-star\" style=\"padding-right: 5px\">\n            \n\n<div class=\"kksr-icon\" style=\"width: 24px; height: 24px;\"><\/div>\n        <\/div>\n    <\/div>\n<\/div>\n                \n\n<div class=\"kksr-legend\" style=\"font-size: 19.2px;\">\n            4.3\/5 - (3 votes)    <\/div>\n    <\/div>\n<h3 class=\"\" data-start=\"425\" data-end=\"494\"><strong data-start=\"429\" data-end=\"494\">Colourful keyrings - green teddy bear \u201eLove is Eternal\u201c<\/strong><\/h3>\n<p class=\"\" data-start=\"496\" data-end=\"835\"><strong data-start=\"496\" data-end=\"525\">Ry\u0161kus akcentas kasdienai<\/strong><br data-start=\"525\" data-end=\"528\" \/>Ie\u0161kai mielos, bet i\u0161skirtin\u0117s smulkmenos? Spalvoti rakt\u0173 pakabukai vis da\u017eniau pasirenkami kaip ne tik prakti\u0161kas, bet ir stilingas aksesuaras. \u017dalias me\u0161kiukas su u\u017era\u0161u \u201eLove is Eternal\u201c \u2013 tai aksesuaras, kuris i\u0161siskiria forma, spalva ir emocine \u017einute. Jis puikiai tinka tiek vaikams, tiek suaugusiems.<\/p>\n<p class=\"\" data-start=\"837\" data-end=\"1125\"><strong data-start=\"837\" data-end=\"860\">Dizainas su emocija<\/strong><br data-start=\"860\" data-end=\"863\" \/>Pakabukas pagamintas i\u0161 dervos tipo gumos, kuri pasi\u017eymi patvarumu ir elastingumu. \u017dalia spalva i\u0161 karto patraukia d\u0117mes\u012f, o me\u0161kiuko forma su u\u017era\u0161u perteikia \u0161ilt\u0105 \u017einut\u0119 apie am\u017ein\u0105 meil\u0119. Tai \u2013 ne tik aksesuaras, bet ir simbolis, kuris puikiai tinka dovanai.<\/p>\n<p class=\"\" data-start=\"1127\" data-end=\"1426\"><strong data-start=\"1127\" data-end=\"1155\">Who is this pendant for?<\/strong><br data-start=\"1155\" data-end=\"1158\" \/>\u0160is \u017ealias me\u0161kiukas idealiai tinka dovanoti mylimam \u017emogui, artimam draugui ar \u0161eimos nariui. Tai subtilus b\u016bdas i\u0161reik\u0161ti jausmus, ypa\u010d tiems, kurie vertina ma\u017eas, bet prasmingas detales. Tokie spalvoti rakt\u0173 pakabukai leid\u017eia kasdien priminti apie ry\u0161\u012f tarp \u017emoni\u0173.<\/p>\n<p class=\"\" data-start=\"1428\" data-end=\"1722\"><strong data-start=\"1428\" data-end=\"1459\">Prakti\u0161ka ir patvari dovana<\/strong><br data-start=\"1459\" data-end=\"1462\" \/>Pakabuko med\u017eiaga u\u017etikrina ilgaam\u017ei\u0161kum\u0105 \u2013 jis nesibrai\u017eo, nesideformuoja ir nesusitepa. Tai puikus pasirinkimas tiems, kurie vertina kokyb\u0119. Me\u0161kiukas tvirtai laikosi prie rakt\u0173, kuprin\u0117s ar net automobilio veidrod\u0117lio \u2013 universalus ir prakti\u0161kas sprendimas.<\/p>\n<p class=\"\" data-start=\"1724\" data-end=\"2151\"><strong data-start=\"1724\" data-end=\"1766\">Derink su kitais stilingais pakabukais<\/strong><br data-start=\"1766\" data-end=\"1769\" \/>Ie\u0161kai daugiau i\u0161skirtini\u0173 variant\u0173? Per\u017ei\u016br\u0117k m\u016bs\u0173 <a class=\"\" href=\"https:\/\/kabinam.lt\/eng\/product-category\/unikaliu-pakabuku-kategorija\/\" target=\"_new\" rel=\"noopener\" data-start=\"1821\" data-end=\"1918\">a category of unique pendants<\/a>. Taip pat gali rasti \u012fvairi\u0173 dovan\u0173 id\u0117j\u0173 tarp <a class=\"\" href=\"https:\/\/kabinam.lt\/eng\/product-category\/most-popular-product-category\/\" target=\"_new\" rel=\"noopener\" data-start=\"1966\" data-end=\"2064\">most popular products<\/a> arba tiesiog ap\u017ei\u016br\u0117ti <a class=\"\" href=\"https:\/\/kabinam.lt\/eng\/all-products\/\" target=\"_new\" rel=\"noopener\" data-start=\"2088\" data-end=\"2150\">visus si\u016blomus pakabukus<\/a>.<\/p>\n<p class=\"\" data-start=\"2153\" data-end=\"2524\"><strong data-start=\"2153\" data-end=\"2177\">Dar daugiau \u012fkv\u0117pimo<\/strong><br data-start=\"2177\" data-end=\"2180\" \/>Ie\u0161kai nebrangi\u0173, bet prasming\u0173 dovan\u0173 id\u0117j\u0173? Si\u016blome u\u017esukti \u012f <a class=\"cursor-pointer\" target=\"_new\" rel=\"noopener\" data-start=\"2244\" data-end=\"2361\">Good Housekeeping rekomendacijas<\/a>, kur rasi dar daugiau \u012fkvepian\u010di\u0173 min\u010di\u0173 apie ma\u017eas, bet reik\u0161mingas dovanas. \u0160is me\u0161kiukas \u2013 puikus pavyzdys, kaip viena detal\u0117 gali tur\u0117ti didel\u0119 emocin\u0119 vert\u0119.<\/p>","protected":false},"excerpt":{"rendered":"<p>\u017dalias me\u0161kiukas su u\u017era\u0161u \u201eLove is Eternal\u201c \u2013 mielas ir ry\u0161kus aksesuaras i\u0161 spalvot\u0173 rakt\u0173 pakabuk\u0173 kolekcijos.<\/p>","protected":false},"featured_media":2178,"comment_status":"closed","ping_status":"closed","template":"","meta":{"_uag_custom_page_level_css":"","site-sidebar-layout":"default","site-content-layout":"","ast-site-content-layout":"default","site-content-style":"default","site-sidebar-style":"default","ast-global-header-display":"","ast-banner-title-visibility":"","ast-main-header-display":"","ast-hfb-above-header-display":"","ast-hfb-below-header-display":"","ast-hfb-mobile-header-display":"","site-post-title":"","ast-breadcrumbs-content":"","ast-featured-img":"","footer-sml-layout":"","ast-disable-related-posts":"","theme-transparent-header-meta":"default","adv-header-id-meta":"","stick-header-meta":"","header-above-stick-meta":"","header-main-stick-meta":"","header-below-stick-meta":"","astra-migrate-meta-layouts":"set","ast-page-background-enabled":"default","ast-page-background-meta":{"desktop":{"background-color":"var(--ast-global-color-4)","background-image":"","background-repeat":"repeat","background-position":"center center","background-size":"auto","background-attachment":"scroll","background-type":"","background-media":"","overlay-type":"","overlay-color":"","overlay-opacity":"","overlay-gradient":""},"tablet":{"background-color":"","background-image":"","background-repeat":"repeat","background-position":"center center","background-size":"auto","background-attachment":"scroll","background-type":"","background-media":"","overlay-type":"","overlay-color":"","overlay-opacity":"","overlay-gradient":""},"mobile":{"background-color":"","background-image":"","background-repeat":"repeat","background-position":"center center","background-size":"auto","background-attachment":"scroll","background-type":"","background-media":"","overlay-type":"","overlay-color":"","overlay-opacity":"","overlay-gradient":""}},"ast-content-background-meta":{"desktop":{"background-color":"var(--ast-global-color-5)","background-image":"","background-repeat":"repeat","background-position":"center center","background-size":"auto","background-attachment":"scroll","background-type":"","background-media":"","overlay-type":"","overlay-color":"","overlay-opacity":"","overlay-gradient":""},"tablet":{"background-color":"var(--ast-global-color-5)","background-image":"","background-repeat":"repeat","background-position":"center center","background-size":"auto","background-attachment":"scroll","background-type":"","background-media":"","overlay-type":"","overlay-color":"","overlay-opacity":"","overlay-gradient":""},"mobile":{"background-color":"var(--ast-global-color-5)","background-image":"","background-repeat":"repeat","background-position":"center center","background-size":"auto","background-attachment":"scroll","background-type":"","background-media":"","overlay-type":"","overlay-color":"","overlay-opacity":"","overlay-gradient":""}}},"product_brand":[],"product_cat":[125,126,95,92],"product_tag":[],"class_list":{"0":"post-2183","1":"product","2":"type-product","3":"status-publish","4":"has-post-thumbnail","6":"product_cat-halloween","7":"product_cat-visi","8":"product_cat-unikalus-raktu-pakabukai","9":"product_cat-populiariausiu-produktu-kategorija","10":"desktop-align-center","11":"tablet-align-left","12":"mobile-align-left","14":"first","15":"instock","16":"shipping-taxable","17":"purchasable","18":"product-type-simple"},"yoast_head":"<!-- This site is optimized with the Yoast SEO plugin v27.1.1 - https:\/\/yoast.com\/product\/yoast-seo-wordpress\/ -->\n<title>Spalvoti rakt\u0173 pakabukai \u2013 \u017ealias me\u0161kiukas \u201eLove is Eternal\u201c - kabinam.lt<\/title>\n<meta name=\"description\" content=\"Spalvoti rakt\u0173 pakabukai \u2013 \u017ealias me\u0161kiukas \u201eLove is Eternal\u201c. Ry\u0161ki, prasminga ir ilgaam\u017e\u0117 dovana artimam \u017emogui.\" \/>\n<meta name=\"robots\" content=\"index, follow, max-snippet:-1, max-image-preview:large, max-video-preview:-1\" \/>\n<link rel=\"canonical\" href=\"https:\/\/kabinam.lt\/eng\/product\/colored-key-charms-green-bear\/\" \/>\n<meta property=\"og:locale\" content=\"en_US\" \/>\n<meta property=\"og:type\" content=\"article\" \/>\n<meta property=\"og:title\" content=\"Spalvoti rakt\u0173 pakabukai \u2013 \u017ealias me\u0161kiukas \u201eLove is Eternal\u201c - kabinam.lt\" \/>\n<meta property=\"og:description\" content=\"Spalvoti rakt\u0173 pakabukai \u2013 \u017ealias me\u0161kiukas \u201eLove is Eternal\u201c. Ry\u0161ki, prasminga ir ilgaam\u017e\u0117 dovana artimam \u017emogui.\" \/>\n<meta property=\"og:url\" content=\"https:\/\/kabinam.lt\/eng\/product\/colored-key-charms-green-bear\/\" \/>\n<meta property=\"og:site_name\" content=\"kabinam.lt\" \/>\n<meta property=\"article:modified_time\" content=\"2026-01-03T16:55:46+00:00\" \/>\n<meta property=\"og:image\" content=\"https:\/\/kabinam.lt\/wp-content\/uploads\/2024\/07\/c8427472-0671-4dc9-b940-d67808f0234c_800x800.jpeg\" \/>\n\t<meta property=\"og:image:width\" content=\"800\" \/>\n\t<meta property=\"og:image:height\" content=\"800\" \/>\n\t<meta property=\"og:image:type\" content=\"image\/jpeg\" \/>\n<meta name=\"twitter:card\" content=\"summary_large_image\" \/>\n<meta name=\"twitter:label1\" content=\"Est. reading time\" \/>\n\t<meta name=\"twitter:data1\" content=\"2 minutes\" \/>\n<script type=\"application\/ld+json\" class=\"yoast-schema-graph\">{\"@context\":\"https:\/\/schema.org\",\"@graph\":[{\"@type\":[\"WebPage\",\"ItemPage\"],\"@id\":\"https:\/\/kabinam.lt\/product\/spalvoti-raktu-pakabukai-zalias-meskiukas\/\",\"url\":\"https:\/\/kabinam.lt\/product\/spalvoti-raktu-pakabukai-zalias-meskiukas\/\",\"name\":\"Spalvoti rakt\u0173 pakabukai \u2013 \u017ealias me\u0161kiukas \u201eLove is Eternal\u201c - kabinam.lt\",\"isPartOf\":{\"@id\":\"https:\/\/kabinam.lt\/#website\"},\"primaryImageOfPage\":{\"@id\":\"https:\/\/kabinam.lt\/product\/spalvoti-raktu-pakabukai-zalias-meskiukas\/#primaryimage\"},\"image\":{\"@id\":\"https:\/\/kabinam.lt\/product\/spalvoti-raktu-pakabukai-zalias-meskiukas\/#primaryimage\"},\"thumbnailUrl\":\"https:\/\/kabinam.lt\/wp-content\/uploads\/2024\/07\/c8427472-0671-4dc9-b940-d67808f0234c_800x800.jpeg\",\"datePublished\":\"2024-07-29T14:44:58+00:00\",\"dateModified\":\"2026-01-03T16:55:46+00:00\",\"description\":\"Spalvoti rakt\u0173 pakabukai \u2013 \u017ealias me\u0161kiukas \u201eLove is Eternal\u201c. Ry\u0161ki, prasminga ir ilgaam\u017e\u0117 dovana artimam \u017emogui.\",\"breadcrumb\":{\"@id\":\"https:\/\/kabinam.lt\/product\/spalvoti-raktu-pakabukai-zalias-meskiukas\/#breadcrumb\"},\"inLanguage\":\"en-US\",\"potentialAction\":[{\"@type\":\"ReadAction\",\"target\":[\"https:\/\/kabinam.lt\/product\/spalvoti-raktu-pakabukai-zalias-meskiukas\/\"]}]},{\"@type\":\"ImageObject\",\"inLanguage\":\"en-US\",\"@id\":\"https:\/\/kabinam.lt\/product\/spalvoti-raktu-pakabukai-zalias-meskiukas\/#primaryimage\",\"url\":\"https:\/\/kabinam.lt\/wp-content\/uploads\/2024\/07\/c8427472-0671-4dc9-b940-d67808f0234c_800x800.jpeg\",\"contentUrl\":\"https:\/\/kabinam.lt\/wp-content\/uploads\/2024\/07\/c8427472-0671-4dc9-b940-d67808f0234c_800x800.jpeg\",\"width\":800,\"height\":800,\"caption\":\"Spalvotas rakt\u0173 pakabukas \u017ealias me\u0161kiukas\"},{\"@type\":\"BreadcrumbList\",\"@id\":\"https:\/\/kabinam.lt\/product\/spalvoti-raktu-pakabukai-zalias-meskiukas\/#breadcrumb\",\"itemListElement\":[{\"@type\":\"ListItem\",\"position\":1,\"name\":\"Home\",\"item\":\"https:\/\/kabinam.lt\/\"},{\"@type\":\"ListItem\",\"position\":2,\"name\":\"Visi Produktai\",\"item\":\"https:\/\/kabinam.lt\/visi-produktai\/\"},{\"@type\":\"ListItem\",\"position\":3,\"name\":\"Spalvoti rakt\u0173 pakabukai \u2013 \u017ealias me\u0161kiukas \u201eLove is Eternal\u201c\"}]},{\"@type\":\"WebSite\",\"@id\":\"https:\/\/kabinam.lt\/#website\",\"url\":\"https:\/\/kabinam.lt\/\",\"name\":\"kabinam.lt\",\"description\":\"Kabinam.lt \u2013 raktu pakabukai ir aksesuarai\",\"publisher\":{\"@id\":\"https:\/\/kabinam.lt\/#organization\"},\"alternateName\":\"pakabukai lt\",\"potentialAction\":[{\"@type\":\"SearchAction\",\"target\":{\"@type\":\"EntryPoint\",\"urlTemplate\":\"https:\/\/kabinam.lt\/?s={search_term_string}\"},\"query-input\":{\"@type\":\"PropertyValueSpecification\",\"valueRequired\":true,\"valueName\":\"search_term_string\"}}],\"inLanguage\":\"en-US\"},{\"@type\":\"Organization\",\"@id\":\"https:\/\/kabinam.lt\/#organization\",\"name\":\"kabinam.lt\",\"alternateName\":\"kabinam\",\"url\":\"https:\/\/kabinam.lt\/\",\"logo\":{\"@type\":\"ImageObject\",\"inLanguage\":\"en-US\",\"@id\":\"https:\/\/kabinam.lt\/#\/schema\/logo\/image\/\",\"url\":\"https:\/\/kabinam.lt\/wp-content\/uploads\/2025\/05\/KABINAM_outer_glow.png\",\"contentUrl\":\"https:\/\/kabinam.lt\/wp-content\/uploads\/2025\/05\/KABINAM_outer_glow.png\",\"width\":474,\"height\":141,\"caption\":\"kabinam.lt\"},\"image\":{\"@id\":\"https:\/\/kabinam.lt\/#\/schema\/logo\/image\/\"}}]}<\/script>\n<!-- \/ Yoast SEO plugin. -->","yoast_head_json":{"title":"Colored key charms - green bear \u201eLove is Eternal\u201c - kabinam.lt","description":"Colored keychains - a green bear \u201eLove is Eternal\u201c. Bright, meaningful and long-lasting gift for a close person.","robots":{"index":"index","follow":"follow","max-snippet":"max-snippet:-1","max-image-preview":"max-image-preview:large","max-video-preview":"max-video-preview:-1"},"canonical":"https:\/\/kabinam.lt\/eng\/product\/colored-key-charms-green-bear\/","og_locale":"en_US","og_type":"article","og_title":"Spalvoti rakt\u0173 pakabukai \u2013 \u017ealias me\u0161kiukas \u201eLove is Eternal\u201c - kabinam.lt","og_description":"Spalvoti rakt\u0173 pakabukai \u2013 \u017ealias me\u0161kiukas \u201eLove is Eternal\u201c. Ry\u0161ki, prasminga ir ilgaam\u017e\u0117 dovana artimam \u017emogui.","og_url":"https:\/\/kabinam.lt\/eng\/product\/colored-key-charms-green-bear\/","og_site_name":"kabinam.lt","article_modified_time":"2026-01-03T16:55:46+00:00","og_image":[{"width":800,"height":800,"url":"https:\/\/kabinam.lt\/wp-content\/uploads\/2024\/07\/c8427472-0671-4dc9-b940-d67808f0234c_800x800.jpeg","type":"image\/jpeg"}],"twitter_card":"summary_large_image","twitter_misc":{"Est. reading time":"2 minutes"},"schema":{"@context":"https:\/\/schema.org","@graph":[{"@type":["WebPage","ItemPage"],"@id":"https:\/\/kabinam.lt\/product\/spalvoti-raktu-pakabukai-zalias-meskiukas\/","url":"https:\/\/kabinam.lt\/product\/spalvoti-raktu-pakabukai-zalias-meskiukas\/","name":"Colored key charms - green bear \u201eLove is Eternal\u201c - kabinam.lt","isPartOf":{"@id":"https:\/\/kabinam.lt\/#website"},"primaryImageOfPage":{"@id":"https:\/\/kabinam.lt\/product\/spalvoti-raktu-pakabukai-zalias-meskiukas\/#primaryimage"},"image":{"@id":"https:\/\/kabinam.lt\/product\/spalvoti-raktu-pakabukai-zalias-meskiukas\/#primaryimage"},"thumbnailUrl":"https:\/\/kabinam.lt\/wp-content\/uploads\/2024\/07\/c8427472-0671-4dc9-b940-d67808f0234c_800x800.jpeg","datePublished":"2024-07-29T14:44:58+00:00","dateModified":"2026-01-03T16:55:46+00:00","description":"Colored keychains - a green bear \u201eLove is Eternal\u201c. Bright, meaningful and long-lasting gift for a close person.","breadcrumb":{"@id":"https:\/\/kabinam.lt\/product\/spalvoti-raktu-pakabukai-zalias-meskiukas\/#breadcrumb"},"inLanguage":"en-US","potentialAction":[{"@type":"ReadAction","target":["https:\/\/kabinam.lt\/product\/spalvoti-raktu-pakabukai-zalias-meskiukas\/"]}]},{"@type":"ImageObject","inLanguage":"en-US","@id":"https:\/\/kabinam.lt\/product\/spalvoti-raktu-pakabukai-zalias-meskiukas\/#primaryimage","url":"https:\/\/kabinam.lt\/wp-content\/uploads\/2024\/07\/c8427472-0671-4dc9-b940-d67808f0234c_800x800.jpeg","contentUrl":"https:\/\/kabinam.lt\/wp-content\/uploads\/2024\/07\/c8427472-0671-4dc9-b940-d67808f0234c_800x800.jpeg","width":800,"height":800,"caption":"Spalvotas rakt\u0173 pakabukas \u017ealias me\u0161kiukas"},{"@type":"BreadcrumbList","@id":"https:\/\/kabinam.lt\/product\/spalvoti-raktu-pakabukai-zalias-meskiukas\/#breadcrumb","itemListElement":[{"@type":"ListItem","position":1,"name":"Home","item":"https:\/\/kabinam.lt\/"},{"@type":"ListItem","position":2,"name":"Visi Produktai","item":"https:\/\/kabinam.lt\/visi-produktai\/"},{"@type":"ListItem","position":3,"name":"Spalvoti rakt\u0173 pakabukai \u2013 \u017ealias me\u0161kiukas \u201eLove is Eternal\u201c"}]},{"@type":"WebSite","@id":"https:\/\/kabinam.lt\/#website","url":"https:\/\/kabinam.lt\/","name":"kabinam.lt","description":"Kabinam.lt - key chains and accessories","publisher":{"@id":"https:\/\/kabinam.lt\/#organization"},"alternateName":"pakabukai lt","potentialAction":[{"@type":"SearchAction","target":{"@type":"EntryPoint","urlTemplate":"https:\/\/kabinam.lt\/?s={search_term_string}"},"query-input":{"@type":"PropertyValueSpecification","valueRequired":true,"valueName":"search_term_string"}}],"inLanguage":"en-US"},{"@type":"Organization","@id":"https:\/\/kabinam.lt\/#organization","name":"kabinam.lt","alternateName":"kabinam","url":"https:\/\/kabinam.lt\/","logo":{"@type":"ImageObject","inLanguage":"en-US","@id":"https:\/\/kabinam.lt\/#\/schema\/logo\/image\/","url":"https:\/\/kabinam.lt\/wp-content\/uploads\/2025\/05\/KABINAM_outer_glow.png","contentUrl":"https:\/\/kabinam.lt\/wp-content\/uploads\/2025\/05\/KABINAM_outer_glow.png","width":474,"height":141,"caption":"kabinam.lt"},"image":{"@id":"https:\/\/kabinam.lt\/#\/schema\/logo\/image\/"}}]}},"uagb_featured_image_src":{"full":["https:\/\/kabinam.lt\/wp-content\/uploads\/2024\/07\/c8427472-0671-4dc9-b940-d67808f0234c_800x800.jpeg",800,800,false],"thumbnail":["https:\/\/kabinam.lt\/wp-content\/uploads\/2024\/07\/c8427472-0671-4dc9-b940-d67808f0234c_800x800-150x150.jpeg",150,150,true],"medium":["https:\/\/kabinam.lt\/wp-content\/uploads\/2024\/07\/c8427472-0671-4dc9-b940-d67808f0234c_800x800-300x300.jpeg",300,300,true],"medium_large":["https:\/\/kabinam.lt\/wp-content\/uploads\/2024\/07\/c8427472-0671-4dc9-b940-d67808f0234c_800x800-768x768.jpeg",768,768,true],"large":["https:\/\/kabinam.lt\/wp-content\/uploads\/2024\/07\/c8427472-0671-4dc9-b940-d67808f0234c_800x800.jpeg",800,800,false],"1536x1536":["https:\/\/kabinam.lt\/wp-content\/uploads\/2024\/07\/c8427472-0671-4dc9-b940-d67808f0234c_800x800.jpeg",800,800,false],"2048x2048":["https:\/\/kabinam.lt\/wp-content\/uploads\/2024\/07\/c8427472-0671-4dc9-b940-d67808f0234c_800x800.jpeg",800,800,false],"trp-custom-language-flag":["https:\/\/kabinam.lt\/wp-content\/uploads\/2024\/07\/c8427472-0671-4dc9-b940-d67808f0234c_800x800.jpeg",12,12,false],"woocommerce_thumbnail":["https:\/\/kabinam.lt\/wp-content\/uploads\/2024\/07\/c8427472-0671-4dc9-b940-d67808f0234c_800x800-300x300.jpeg",300,300,true],"woocommerce_single":["https:\/\/kabinam.lt\/wp-content\/uploads\/2024\/07\/c8427472-0671-4dc9-b940-d67808f0234c_800x800-600x600.jpeg",600,600,true],"woocommerce_gallery_thumbnail":["https:\/\/kabinam.lt\/wp-content\/uploads\/2024\/07\/c8427472-0671-4dc9-b940-d67808f0234c_800x800-100x100.jpeg",100,100,true]},"uagb_author_info":{"display_name":"kabinam.lt","author_link":"https:\/\/kabinam.lt\/eng\/author\/"},"uagb_comment_info":0,"uagb_excerpt":"\u017dalias me\u0161kiukas su u\u017era\u0161u \u201eLove is Eternal\u201c \u2013 mielas ir ry\u0161kus aksesuaras i\u0161 spalvot\u0173 rakt\u0173 pakabuk\u0173 kolekcijos.","_links":{"self":[{"href":"https:\/\/kabinam.lt\/eng\/wp-json\/wp\/v2\/product\/2183","targetHints":{"allow":["GET"]}}],"collection":[{"href":"https:\/\/kabinam.lt\/eng\/wp-json\/wp\/v2\/product"}],"about":[{"href":"https:\/\/kabinam.lt\/eng\/wp-json\/wp\/v2\/types\/product"}],"replies":[{"embeddable":true,"href":"https:\/\/kabinam.lt\/eng\/wp-json\/wp\/v2\/comments?post=2183"}],"wp:featuredmedia":[{"embeddable":true,"href":"https:\/\/kabinam.lt\/eng\/wp-json\/wp\/v2\/media\/2178"}],"wp:attachment":[{"href":"https:\/\/kabinam.lt\/eng\/wp-json\/wp\/v2\/media?parent=2183"}],"wp:term":[{"taxonomy":"product_brand","embeddable":true,"href":"https:\/\/kabinam.lt\/eng\/wp-json\/wp\/v2\/product_brand?post=2183"},{"taxonomy":"product_cat","embeddable":true,"href":"https:\/\/kabinam.lt\/eng\/wp-json\/wp\/v2\/product_cat?post=2183"},{"taxonomy":"product_tag","embeddable":true,"href":"https:\/\/kabinam.lt\/eng\/wp-json\/wp\/v2\/product_tag?post=2183"}],"curies":[{"name":"wp","href":"https:\/\/api.w.org\/{rel}","templated":true}]}}