{"id":2125,"date":"2024-07-29T14:57:17","date_gmt":"2024-07-29T11:57:17","guid":{"rendered":"https:\/\/kabinam.lt\/?post_type=product&#038;p=2125"},"modified":"2026-03-05T14:45:40","modified_gmt":"2026-03-05T12:45:40","slug":"metal-key-pendants-viking-axe-pendant","status":"publish","type":"product","link":"https:\/\/kabinam.lt\/eng\/product\/metaliniai-raktu-pakabukai-vikingu-kirvio-pakabukas\/","title":{"rendered":"Metal keyrings - Viking axe pendant with Nordic symbol"},"content":{"rendered":"<div class=\"kk-star-ratings kksr-auto kksr-align-left kksr-valign-top\"\n    data-payload='{&quot;align&quot;:&quot;left&quot;,&quot;id&quot;:&quot;2125&quot;,&quot;slug&quot;:&quot;default&quot;,&quot;valign&quot;:&quot;top&quot;,&quot;ignore&quot;:&quot;&quot;,&quot;reference&quot;:&quot;auto&quot;,&quot;class&quot;:&quot;&quot;,&quot;count&quot;:&quot;0&quot;,&quot;legendonly&quot;:&quot;&quot;,&quot;readonly&quot;:&quot;&quot;,&quot;score&quot;:&quot;0&quot;,&quot;starsonly&quot;:&quot;&quot;,&quot;best&quot;:&quot;5&quot;,&quot;gap&quot;:&quot;5&quot;,&quot;greet&quot;:&quot;Mums svarbus j\u016bs\u0173 \u012fvertinimas&quot;,&quot;legend&quot;:&quot;0\\\/5 - (0 votes)&quot;,&quot;size&quot;:&quot;24&quot;,&quot;title&quot;:&quot;Metaliniai rakt\u0173 pakabukai \u2013 Viking\u0173 kirvio pakabukas su nordi\u0161ku simboliu&quot;,&quot;width&quot;:&quot;0&quot;,&quot;_legend&quot;:&quot;{score}\\\/{best} - ({count} {votes})&quot;,&quot;font_factor&quot;:&quot;1.25&quot;}'>\n            \n<div class=\"kksr-stars\">\n    \n<div class=\"kksr-stars-inactive\">\n            <div class=\"kksr-star\" data-star=\"1\" style=\"padding-right: 5px\">\n            \n\n<div class=\"kksr-icon\" style=\"width: 24px; height: 24px;\"><\/div>\n        <\/div>\n            <div class=\"kksr-star\" data-star=\"2\" style=\"padding-right: 5px\">\n            \n\n<div class=\"kksr-icon\" style=\"width: 24px; height: 24px;\"><\/div>\n        <\/div>\n            <div class=\"kksr-star\" data-star=\"3\" style=\"padding-right: 5px\">\n            \n\n<div class=\"kksr-icon\" style=\"width: 24px; height: 24px;\"><\/div>\n        <\/div>\n            <div class=\"kksr-star\" data-star=\"4\" style=\"padding-right: 5px\">\n            \n\n<div class=\"kksr-icon\" style=\"width: 24px; height: 24px;\"><\/div>\n        <\/div>\n            <div class=\"kksr-star\" data-star=\"5\" style=\"padding-right: 5px\">\n            \n\n<div class=\"kksr-icon\" style=\"width: 24px; height: 24px;\"><\/div>\n        <\/div>\n    <\/div>\n    \n<div class=\"kksr-stars-active\" style=\"width: 0px;\">\n            <div class=\"kksr-star\" style=\"padding-right: 5px\">\n            \n\n<div class=\"kksr-icon\" style=\"width: 24px; height: 24px;\"><\/div>\n        <\/div>\n            <div class=\"kksr-star\" style=\"padding-right: 5px\">\n            \n\n<div class=\"kksr-icon\" style=\"width: 24px; height: 24px;\"><\/div>\n        <\/div>\n            <div class=\"kksr-star\" style=\"padding-right: 5px\">\n            \n\n<div class=\"kksr-icon\" style=\"width: 24px; height: 24px;\"><\/div>\n        <\/div>\n            <div class=\"kksr-star\" style=\"padding-right: 5px\">\n            \n\n<div class=\"kksr-icon\" style=\"width: 24px; height: 24px;\"><\/div>\n        <\/div>\n            <div class=\"kksr-star\" style=\"padding-right: 5px\">\n            \n\n<div class=\"kksr-icon\" style=\"width: 24px; height: 24px;\"><\/div>\n        <\/div>\n    <\/div>\n<\/div>\n                \n\n<div class=\"kksr-legend\" style=\"font-size: 19.2px;\">\n            <span class=\"kksr-muted\">Your evaluation is important to us<\/span>\n    <\/div>\n    <\/div>\n<h3 class=\"\" data-start=\"268\" data-end=\"345\">Metal keyrings - Viking axe pendant with Nordic symbol<\/h3>\n<p class=\"\" data-start=\"347\" data-end=\"770\"><strong data-start=\"347\" data-end=\"376\">Metal key rings<\/strong> yra puikus pasirinkimas tiems, kurie m\u0117gsta i\u0161skirtinius ir simbolinius aksesuarus. <strong data-start=\"461\" data-end=\"510\">Viking\u0173 kirvio pakabukas su nordi\u0161ku simboliu<\/strong> \u2013 tai ne tik esteti\u0161kai patrauklus, bet ir labai tvirtas pakabukas, kurio dizainas \u012fkvepia stipryb\u0117s ir kovos dvasi\u0105. Pagamintas i\u0161 auk\u0161tos kokyb\u0117s metalo, \u0161is pakabukas yra tinkamas kasdieniam naudojimui ir taps ne tik prakti\u0161ku, bet ir simboliniu papuo\u0161alu.<\/p>\n<p class=\"\" data-start=\"772\" data-end=\"1091\">This <strong data-start=\"776\" data-end=\"804\">Viking\u0173 kirvio pakabukas<\/strong> su rune simboliu yra talismanas, ne\u0161antis apsaug\u0105 ir j\u0117g\u0105. Jis puikiai tinka tiek Viking\u0173 kult\u016bros gerb\u0117jams, tiek tiems, kurie vertina unikalius ir \u012fkvepian\u010dius aksesuarus. Pakabukas puikiai atspindi senovinius Viking\u0173 kovos simbolius, o jo i\u0161vaizda suteikia stipryb\u0117s ir kovos dvasi\u0105.<\/p>\n<h3 class=\"\" data-start=\"1093\" data-end=\"1144\">Kod\u0117l verta rinktis metalinius rakt\u0173 pakabukus?<\/h3>\n<p class=\"\" data-start=\"1146\" data-end=\"1473\"><strong data-start=\"1146\" data-end=\"1175\">Metalini\u0173 rakt\u0173 pakabukai<\/strong> ne tik papuo\u0161, bet ir suteiks j\u016bs\u0173 raktams unikalumo. <strong data-start=\"1230\" data-end=\"1279\">Viking\u0173 kirvio pakabukas su nordi\u0161ku simboliu<\/strong> yra pasirinkimas, kuris tiks tiek kaip kasdienis aksesuaras, tiek kaip dovan\u0105 Viking\u0173 kult\u016bros m\u0117g\u0117jui. Jo i\u0161skirtinis dizainas ir simbolika ne tik papuo\u0161, bet ir atne\u0161 stipryb\u0117s bei apsaugos.<\/p>\n<p class=\"\" data-start=\"1475\" data-end=\"1712\">Tai puiki dovana tiek sau, tiek artimam \u017emogui, m\u0117gstan\u010diam senovines legendas ir stiprius simbolius. Tokie <strong data-start=\"1583\" data-end=\"1612\">metalini\u0173 rakt\u0173 pakabukai<\/strong> kaip \u0161is yra ideali dovana \u012fvairioms progoms, kurios praturtins \u017emogaus kasdienyb\u0119 ir suteiks j\u0117g\u0173.<\/p>\n<p class=\"\" data-start=\"1714\" data-end=\"1903\"><strong data-start=\"1714\" data-end=\"1733\">External link<\/strong>: Jei norite su\u017einoti daugiau apie viking\u0173 simbolik\u0105 ir j\u0173 reik\u0161mes, galite aplankyti <a class=\"cursor-pointer\" target=\"_new\" rel=\"noopener\" data-start=\"1819\" data-end=\"1902\">Viking\u0173 simboli\u0173 istorij\u0105<\/a>.<\/p>\n<p class=\"\" data-start=\"1905\" data-end=\"2085\"><strong data-start=\"1905\" data-end=\"1923\">Internal link<\/strong>: Nepraleiskite progos pa\u017evelgti \u012f m\u016bs\u0173 <a class=\"cursor-pointer\" target=\"_new\" rel=\"noopener\" data-start=\"1963\" data-end=\"2050\">most popular metal pendants<\/a>, which will perfectly decorate your keys.<\/p>","protected":false},"excerpt":{"rendered":"<p>Metaliniai rakt\u0173 pakabukai: Viking\u0173 kirvio pakabukas su nordi\u0161ku simboliu Metaliniai rakt\u0173 pakabukai yra puikus pasirinkimas tiems, kurie m\u0117gsta i\u0161skirtinius ir simbolinius aksesuarus. Viking\u0173 kirvio pakabukas su nordi\u0161ku simboliu &#8211; tai ne tik esteti\u0161kai patrauklus, bet ir labai tvirtas pakabukas, kurio dizainas \u012fkvepia stipryb\u0117s ir kovos dvasi\u0105. Pagamintas i\u0161 auk\u0161tos kokyb\u0117s metalo, \u0161is pakabukas yra tinkamas [&hellip;]<\/p>\n","protected":false},"featured_media":2129,"comment_status":"closed","ping_status":"closed","template":"","meta":{"_uag_custom_page_level_css":"","site-sidebar-layout":"default","site-content-layout":"","ast-site-content-layout":"default","site-content-style":"default","site-sidebar-style":"default","ast-global-header-display":"","ast-banner-title-visibility":"","ast-main-header-display":"","ast-hfb-above-header-display":"","ast-hfb-below-header-display":"","ast-hfb-mobile-header-display":"","site-post-title":"","ast-breadcrumbs-content":"","ast-featured-img":"","footer-sml-layout":"","ast-disable-related-posts":"","theme-transparent-header-meta":"default","adv-header-id-meta":"","stick-header-meta":"","header-above-stick-meta":"","header-main-stick-meta":"","header-below-stick-meta":"","astra-migrate-meta-layouts":"set","ast-page-background-enabled":"default","ast-page-background-meta":{"desktop":{"background-color":"var(--ast-global-color-4)","background-image":"","background-repeat":"repeat","background-position":"center center","background-size":"auto","background-attachment":"scroll","background-type":"","background-media":"","overlay-type":"","overlay-color":"","overlay-opacity":"","overlay-gradient":""},"tablet":{"background-color":"","background-image":"","background-repeat":"repeat","background-position":"center center","background-size":"auto","background-attachment":"scroll","background-type":"","background-media":"","overlay-type":"","overlay-color":"","overlay-opacity":"","overlay-gradient":""},"mobile":{"background-color":"","background-image":"","background-repeat":"repeat","background-position":"center center","background-size":"auto","background-attachment":"scroll","background-type":"","background-media":"","overlay-type":"","overlay-color":"","overlay-opacity":"","overlay-gradient":""}},"ast-content-background-meta":{"desktop":{"background-color":"var(--ast-global-color-5)","background-image":"","background-repeat":"repeat","background-position":"center center","background-size":"auto","background-attachment":"scroll","background-type":"","background-media":"","overlay-type":"","overlay-color":"","overlay-opacity":"","overlay-gradient":""},"tablet":{"background-color":"var(--ast-global-color-5)","background-image":"","background-repeat":"repeat","background-position":"center center","background-size":"auto","background-attachment":"scroll","background-type":"","background-media":"","overlay-type":"","overlay-color":"","overlay-opacity":"","overlay-gradient":""},"mobile":{"background-color":"var(--ast-global-color-5)","background-image":"","background-repeat":"repeat","background-position":"center center","background-size":"auto","background-attachment":"scroll","background-type":"","background-media":"","overlay-type":"","overlay-color":"","overlay-opacity":"","overlay-gradient":""}}},"product_brand":[],"product_cat":[125,126,116,95,118],"product_tag":[],"class_list":{"0":"post-2125","1":"product","2":"type-product","3":"status-publish","4":"has-post-thumbnail","6":"product_cat-halloween","7":"product_cat-visi","8":"product_cat-metaliniai-raktu-pakabukai","9":"product_cat-unikalus-raktu-pakabukai","10":"product_cat-dovana-teciui","11":"desktop-align-center","12":"tablet-align-left","13":"mobile-align-left","15":"first","16":"instock","17":"shipping-taxable","18":"purchasable","19":"product-type-simple"},"yoast_head":"<!-- This site is optimized with the Yoast SEO plugin v27.1.1 - https:\/\/yoast.com\/product\/yoast-seo-wordpress\/ -->\n<title>Metaliniai rakt\u0173 pakabukai \u2013 Viking\u0173 kirvio pakabukas su nordi\u0161ku simboliu<\/title>\n<meta name=\"description\" content=\"Metaliniai rakt\u0173 pakabukai \u2013 Viking\u0173 kirvio pakabukas su nordi\u0161ku simboliu. Stilingas ir patvarus pakabukas, puikiai tinka dovanai ir kasdieniam naudojimui.\" \/>\n<meta name=\"robots\" content=\"index, follow, max-snippet:-1, max-image-preview:large, max-video-preview:-1\" \/>\n<link rel=\"canonical\" href=\"https:\/\/kabinam.lt\/eng\/product\/metal-key-pendants-viking-axe-pendant\/\" \/>\n<meta property=\"og:locale\" content=\"en_US\" \/>\n<meta property=\"og:type\" content=\"article\" \/>\n<meta property=\"og:title\" content=\"Metaliniai rakt\u0173 pakabukai \u2013 Viking\u0173 kirvio pakabukas su nordi\u0161ku simboliu\" \/>\n<meta property=\"og:description\" content=\"Metaliniai rakt\u0173 pakabukai \u2013 Viking\u0173 kirvio pakabukas su nordi\u0161ku simboliu. Stilingas ir patvarus pakabukas, puikiai tinka dovanai ir kasdieniam naudojimui.\" \/>\n<meta property=\"og:url\" content=\"https:\/\/kabinam.lt\/eng\/product\/metal-key-pendants-viking-axe-pendant\/\" \/>\n<meta property=\"og:site_name\" content=\"kabinam.lt\" \/>\n<meta property=\"article:modified_time\" content=\"2026-03-05T12:45:40+00:00\" \/>\n<meta property=\"og:image\" content=\"https:\/\/kabinam.lt\/wp-content\/uploads\/2024\/07\/1663906b-e170-47c8-8956-b38621081985.jpg\" \/>\n\t<meta property=\"og:image:width\" content=\"800\" \/>\n\t<meta property=\"og:image:height\" content=\"800\" \/>\n\t<meta property=\"og:image:type\" content=\"image\/jpeg\" \/>\n<meta name=\"twitter:card\" content=\"summary_large_image\" \/>\n<meta name=\"twitter:label1\" content=\"Est. reading time\" \/>\n\t<meta name=\"twitter:data1\" content=\"2 minutes\" \/>\n<script type=\"application\/ld+json\" class=\"yoast-schema-graph\">{\"@context\":\"https:\/\/schema.org\",\"@graph\":[{\"@type\":[\"WebPage\",\"ItemPage\"],\"@id\":\"https:\/\/kabinam.lt\/eng\/product\/metal-key-pendants-viking-axe-pendant\/\",\"url\":\"https:\/\/kabinam.lt\/eng\/product\/metal-key-pendants-viking-axe-pendant\/\",\"name\":\"Metaliniai rakt\u0173 pakabukai \u2013 Viking\u0173 kirvio pakabukas su nordi\u0161ku simboliu\",\"isPartOf\":{\"@id\":\"https:\/\/kabinam.lt\/#website\"},\"primaryImageOfPage\":{\"@id\":\"https:\/\/kabinam.lt\/eng\/product\/metal-key-pendants-viking-axe-pendant\/#primaryimage\"},\"image\":{\"@id\":\"https:\/\/kabinam.lt\/eng\/product\/metal-key-pendants-viking-axe-pendant\/#primaryimage\"},\"thumbnailUrl\":\"https:\/\/kabinam.lt\/wp-content\/uploads\/2024\/07\/1663906b-e170-47c8-8956-b38621081985.jpg\",\"datePublished\":\"2024-07-29T11:57:17+00:00\",\"dateModified\":\"2026-03-05T12:45:40+00:00\",\"description\":\"Metaliniai rakt\u0173 pakabukai \u2013 Viking\u0173 kirvio pakabukas su nordi\u0161ku simboliu. Stilingas ir patvarus pakabukas, puikiai tinka dovanai ir kasdieniam naudojimui.\",\"breadcrumb\":{\"@id\":\"https:\/\/kabinam.lt\/eng\/product\/metal-key-pendants-viking-axe-pendant\/#breadcrumb\"},\"inLanguage\":\"en-US\",\"potentialAction\":[{\"@type\":\"ReadAction\",\"target\":[\"https:\/\/kabinam.lt\/eng\/product\/metal-key-pendants-viking-axe-pendant\/\"]}]},{\"@type\":\"ImageObject\",\"inLanguage\":\"en-US\",\"@id\":\"https:\/\/kabinam.lt\/eng\/product\/metal-key-pendants-viking-axe-pendant\/#primaryimage\",\"url\":\"https:\/\/kabinam.lt\/wp-content\/uploads\/2024\/07\/1663906b-e170-47c8-8956-b38621081985.jpg\",\"contentUrl\":\"https:\/\/kabinam.lt\/wp-content\/uploads\/2024\/07\/1663906b-e170-47c8-8956-b38621081985.jpg\",\"width\":800,\"height\":800,\"caption\":\"Viking\u0173 kirvio pakabukas\"},{\"@type\":\"BreadcrumbList\",\"@id\":\"https:\/\/kabinam.lt\/eng\/product\/metal-key-pendants-viking-axe-pendant\/#breadcrumb\",\"itemListElement\":[{\"@type\":\"ListItem\",\"position\":1,\"name\":\"Home\",\"item\":\"https:\/\/kabinam.lt\/\"},{\"@type\":\"ListItem\",\"position\":2,\"name\":\"Visi Produktai\",\"item\":\"https:\/\/kabinam.lt\/visi-produktai\/\"},{\"@type\":\"ListItem\",\"position\":3,\"name\":\"Metaliniai rakt\u0173 pakabukai \u2013 Viking\u0173 kirvio pakabukas su nordi\u0161ku simboliu\"}]},{\"@type\":\"WebSite\",\"@id\":\"https:\/\/kabinam.lt\/#website\",\"url\":\"https:\/\/kabinam.lt\/\",\"name\":\"kabinam.lt\",\"description\":\"Kabinam.lt \u2013 raktu pakabukai ir aksesuarai\",\"publisher\":{\"@id\":\"https:\/\/kabinam.lt\/#organization\"},\"alternateName\":\"pakabukai lt\",\"potentialAction\":[{\"@type\":\"SearchAction\",\"target\":{\"@type\":\"EntryPoint\",\"urlTemplate\":\"https:\/\/kabinam.lt\/?s={search_term_string}\"},\"query-input\":{\"@type\":\"PropertyValueSpecification\",\"valueRequired\":true,\"valueName\":\"search_term_string\"}}],\"inLanguage\":\"en-US\"},{\"@type\":\"Organization\",\"@id\":\"https:\/\/kabinam.lt\/#organization\",\"name\":\"kabinam.lt\",\"alternateName\":\"kabinam\",\"url\":\"https:\/\/kabinam.lt\/\",\"logo\":{\"@type\":\"ImageObject\",\"inLanguage\":\"en-US\",\"@id\":\"https:\/\/kabinam.lt\/#\/schema\/logo\/image\/\",\"url\":\"https:\/\/kabinam.lt\/wp-content\/uploads\/2025\/05\/KABINAM_outer_glow.png\",\"contentUrl\":\"https:\/\/kabinam.lt\/wp-content\/uploads\/2025\/05\/KABINAM_outer_glow.png\",\"width\":474,\"height\":141,\"caption\":\"kabinam.lt\"},\"image\":{\"@id\":\"https:\/\/kabinam.lt\/#\/schema\/logo\/image\/\"}}]}<\/script>\n<!-- \/ Yoast SEO plugin. -->","yoast_head_json":{"title":"Metal keyrings - Viking axe pendant with Nordic symbol","description":"Metal keychains \u2013 Viking axe pendant with a Nordic symbol. Stylish and durable pendant, perfect for a gift and daily use.","robots":{"index":"index","follow":"follow","max-snippet":"max-snippet:-1","max-image-preview":"max-image-preview:large","max-video-preview":"max-video-preview:-1"},"canonical":"https:\/\/kabinam.lt\/eng\/product\/metal-key-pendants-viking-axe-pendant\/","og_locale":"en_US","og_type":"article","og_title":"Metaliniai rakt\u0173 pakabukai \u2013 Viking\u0173 kirvio pakabukas su nordi\u0161ku simboliu","og_description":"Metaliniai rakt\u0173 pakabukai \u2013 Viking\u0173 kirvio pakabukas su nordi\u0161ku simboliu. Stilingas ir patvarus pakabukas, puikiai tinka dovanai ir kasdieniam naudojimui.","og_url":"https:\/\/kabinam.lt\/eng\/product\/metal-key-pendants-viking-axe-pendant\/","og_site_name":"kabinam.lt","article_modified_time":"2026-03-05T12:45:40+00:00","og_image":[{"width":800,"height":800,"url":"https:\/\/kabinam.lt\/wp-content\/uploads\/2024\/07\/1663906b-e170-47c8-8956-b38621081985.jpg","type":"image\/jpeg"}],"twitter_card":"summary_large_image","twitter_misc":{"Est. reading time":"2 minutes"},"schema":{"@context":"https:\/\/schema.org","@graph":[{"@type":["WebPage","ItemPage"],"@id":"https:\/\/kabinam.lt\/eng\/product\/metal-key-pendants-viking-axe-pendant\/","url":"https:\/\/kabinam.lt\/eng\/product\/metal-key-pendants-viking-axe-pendant\/","name":"Metal keyrings - Viking axe pendant with Nordic symbol","isPartOf":{"@id":"https:\/\/kabinam.lt\/#website"},"primaryImageOfPage":{"@id":"https:\/\/kabinam.lt\/eng\/product\/metal-key-pendants-viking-axe-pendant\/#primaryimage"},"image":{"@id":"https:\/\/kabinam.lt\/eng\/product\/metal-key-pendants-viking-axe-pendant\/#primaryimage"},"thumbnailUrl":"https:\/\/kabinam.lt\/wp-content\/uploads\/2024\/07\/1663906b-e170-47c8-8956-b38621081985.jpg","datePublished":"2024-07-29T11:57:17+00:00","dateModified":"2026-03-05T12:45:40+00:00","description":"Metal keychains \u2013 Viking axe pendant with a Nordic symbol. Stylish and durable pendant, perfect for a gift and daily use.","breadcrumb":{"@id":"https:\/\/kabinam.lt\/eng\/product\/metal-key-pendants-viking-axe-pendant\/#breadcrumb"},"inLanguage":"en-US","potentialAction":[{"@type":"ReadAction","target":["https:\/\/kabinam.lt\/eng\/product\/metal-key-pendants-viking-axe-pendant\/"]}]},{"@type":"ImageObject","inLanguage":"en-US","@id":"https:\/\/kabinam.lt\/eng\/product\/metal-key-pendants-viking-axe-pendant\/#primaryimage","url":"https:\/\/kabinam.lt\/wp-content\/uploads\/2024\/07\/1663906b-e170-47c8-8956-b38621081985.jpg","contentUrl":"https:\/\/kabinam.lt\/wp-content\/uploads\/2024\/07\/1663906b-e170-47c8-8956-b38621081985.jpg","width":800,"height":800,"caption":"Viking\u0173 kirvio pakabukas"},{"@type":"BreadcrumbList","@id":"https:\/\/kabinam.lt\/eng\/product\/metal-key-pendants-viking-axe-pendant\/#breadcrumb","itemListElement":[{"@type":"ListItem","position":1,"name":"Home","item":"https:\/\/kabinam.lt\/"},{"@type":"ListItem","position":2,"name":"Visi Produktai","item":"https:\/\/kabinam.lt\/visi-produktai\/"},{"@type":"ListItem","position":3,"name":"Metaliniai rakt\u0173 pakabukai \u2013 Viking\u0173 kirvio pakabukas su nordi\u0161ku simboliu"}]},{"@type":"WebSite","@id":"https:\/\/kabinam.lt\/#website","url":"https:\/\/kabinam.lt\/","name":"kabinam.lt","description":"Kabinam.lt - key chains and accessories","publisher":{"@id":"https:\/\/kabinam.lt\/#organization"},"alternateName":"pakabukai lt","potentialAction":[{"@type":"SearchAction","target":{"@type":"EntryPoint","urlTemplate":"https:\/\/kabinam.lt\/?s={search_term_string}"},"query-input":{"@type":"PropertyValueSpecification","valueRequired":true,"valueName":"search_term_string"}}],"inLanguage":"en-US"},{"@type":"Organization","@id":"https:\/\/kabinam.lt\/#organization","name":"kabinam.lt","alternateName":"kabinam","url":"https:\/\/kabinam.lt\/","logo":{"@type":"ImageObject","inLanguage":"en-US","@id":"https:\/\/kabinam.lt\/#\/schema\/logo\/image\/","url":"https:\/\/kabinam.lt\/wp-content\/uploads\/2025\/05\/KABINAM_outer_glow.png","contentUrl":"https:\/\/kabinam.lt\/wp-content\/uploads\/2025\/05\/KABINAM_outer_glow.png","width":474,"height":141,"caption":"kabinam.lt"},"image":{"@id":"https:\/\/kabinam.lt\/#\/schema\/logo\/image\/"}}]}},"uagb_featured_image_src":{"full":["https:\/\/kabinam.lt\/wp-content\/uploads\/2024\/07\/1663906b-e170-47c8-8956-b38621081985.jpg",800,800,false],"thumbnail":["https:\/\/kabinam.lt\/wp-content\/uploads\/2024\/07\/1663906b-e170-47c8-8956-b38621081985-150x150.jpg",150,150,true],"medium":["https:\/\/kabinam.lt\/wp-content\/uploads\/2024\/07\/1663906b-e170-47c8-8956-b38621081985-300x300.jpg",300,300,true],"medium_large":["https:\/\/kabinam.lt\/wp-content\/uploads\/2024\/07\/1663906b-e170-47c8-8956-b38621081985-768x768.jpg",768,768,true],"large":["https:\/\/kabinam.lt\/wp-content\/uploads\/2024\/07\/1663906b-e170-47c8-8956-b38621081985.jpg",800,800,false],"1536x1536":["https:\/\/kabinam.lt\/wp-content\/uploads\/2024\/07\/1663906b-e170-47c8-8956-b38621081985.jpg",800,800,false],"2048x2048":["https:\/\/kabinam.lt\/wp-content\/uploads\/2024\/07\/1663906b-e170-47c8-8956-b38621081985.jpg",800,800,false],"trp-custom-language-flag":["https:\/\/kabinam.lt\/wp-content\/uploads\/2024\/07\/1663906b-e170-47c8-8956-b38621081985.jpg",12,12,false],"woocommerce_thumbnail":["https:\/\/kabinam.lt\/wp-content\/uploads\/2024\/07\/1663906b-e170-47c8-8956-b38621081985-300x300.jpg",300,300,true],"woocommerce_single":["https:\/\/kabinam.lt\/wp-content\/uploads\/2024\/07\/1663906b-e170-47c8-8956-b38621081985-600x600.jpg",600,600,true],"woocommerce_gallery_thumbnail":["https:\/\/kabinam.lt\/wp-content\/uploads\/2024\/07\/1663906b-e170-47c8-8956-b38621081985-100x100.jpg",100,100,true]},"uagb_author_info":{"display_name":"kabinam.lt","author_link":"https:\/\/kabinam.lt\/eng\/author\/"},"uagb_comment_info":0,"uagb_excerpt":"Metaliniai rakt\u0173 pakabukai: Viking\u0173 kirvio pakabukas su nordi\u0161ku simboliu Metaliniai rakt\u0173 pakabukai yra puikus pasirinkimas tiems, kurie m\u0117gsta i\u0161skirtinius ir simbolinius aksesuarus. Viking\u0173 kirvio pakabukas su nordi\u0161ku simboliu &#8211; tai ne tik esteti\u0161kai patrauklus, bet ir labai tvirtas pakabukas, kurio dizainas \u012fkvepia stipryb\u0117s ir kovos dvasi\u0105. Pagamintas i\u0161 auk\u0161tos kokyb\u0117s metalo, \u0161is pakabukas yra tinkamas&hellip;","_links":{"self":[{"href":"https:\/\/kabinam.lt\/eng\/wp-json\/wp\/v2\/product\/2125","targetHints":{"allow":["GET"]}}],"collection":[{"href":"https:\/\/kabinam.lt\/eng\/wp-json\/wp\/v2\/product"}],"about":[{"href":"https:\/\/kabinam.lt\/eng\/wp-json\/wp\/v2\/types\/product"}],"replies":[{"embeddable":true,"href":"https:\/\/kabinam.lt\/eng\/wp-json\/wp\/v2\/comments?post=2125"}],"wp:featuredmedia":[{"embeddable":true,"href":"https:\/\/kabinam.lt\/eng\/wp-json\/wp\/v2\/media\/2129"}],"wp:attachment":[{"href":"https:\/\/kabinam.lt\/eng\/wp-json\/wp\/v2\/media?parent=2125"}],"wp:term":[{"taxonomy":"product_brand","embeddable":true,"href":"https:\/\/kabinam.lt\/eng\/wp-json\/wp\/v2\/product_brand?post=2125"},{"taxonomy":"product_cat","embeddable":true,"href":"https:\/\/kabinam.lt\/eng\/wp-json\/wp\/v2\/product_cat?post=2125"},{"taxonomy":"product_tag","embeddable":true,"href":"https:\/\/kabinam.lt\/eng\/wp-json\/wp\/v2\/product_tag?post=2125"}],"curies":[{"name":"wp","href":"https:\/\/api.w.org\/{rel}","templated":true}]}}