{"id":2119,"date":"2024-07-29T14:46:01","date_gmt":"2024-07-29T11:46:01","guid":{"rendered":"https:\/\/kabinam.lt\/?post_type=product&#038;p=2119"},"modified":"2026-01-03T18:55:46","modified_gmt":"2026-01-03T16:55:46","slug":"a-key-pendant-for-brother","status":"publish","type":"product","link":"https:\/\/kabinam.lt\/eng\/product\/raktu-pakabukas-broliui\/","title":{"rendered":"Keyring for brother with engraved message"},"content":{"rendered":"<div class=\"kk-star-ratings kksr-auto kksr-align-left kksr-valign-top\"\n    data-payload='{&quot;align&quot;:&quot;left&quot;,&quot;id&quot;:&quot;2119&quot;,&quot;slug&quot;:&quot;default&quot;,&quot;valign&quot;:&quot;top&quot;,&quot;ignore&quot;:&quot;&quot;,&quot;reference&quot;:&quot;auto&quot;,&quot;class&quot;:&quot;&quot;,&quot;count&quot;:&quot;0&quot;,&quot;legendonly&quot;:&quot;&quot;,&quot;readonly&quot;:&quot;&quot;,&quot;score&quot;:&quot;0&quot;,&quot;starsonly&quot;:&quot;&quot;,&quot;best&quot;:&quot;5&quot;,&quot;gap&quot;:&quot;5&quot;,&quot;greet&quot;:&quot;Mums svarbus j\u016bs\u0173 \u012fvertinimas&quot;,&quot;legend&quot;:&quot;0\\\/5 - (0 votes)&quot;,&quot;size&quot;:&quot;24&quot;,&quot;title&quot;:&quot;Rakt\u0173 pakabukas broliui su graviruota \u017einute&quot;,&quot;width&quot;:&quot;0&quot;,&quot;_legend&quot;:&quot;{score}\\\/{best} - ({count} {votes})&quot;,&quot;font_factor&quot;:&quot;1.25&quot;}'>\n            \n<div class=\"kksr-stars\">\n    \n<div class=\"kksr-stars-inactive\">\n            <div class=\"kksr-star\" data-star=\"1\" style=\"padding-right: 5px\">\n            \n\n<div class=\"kksr-icon\" style=\"width: 24px; height: 24px;\"><\/div>\n        <\/div>\n            <div class=\"kksr-star\" data-star=\"2\" style=\"padding-right: 5px\">\n            \n\n<div class=\"kksr-icon\" style=\"width: 24px; height: 24px;\"><\/div>\n        <\/div>\n            <div class=\"kksr-star\" data-star=\"3\" style=\"padding-right: 5px\">\n            \n\n<div class=\"kksr-icon\" style=\"width: 24px; height: 24px;\"><\/div>\n        <\/div>\n            <div class=\"kksr-star\" data-star=\"4\" style=\"padding-right: 5px\">\n            \n\n<div class=\"kksr-icon\" style=\"width: 24px; height: 24px;\"><\/div>\n        <\/div>\n            <div class=\"kksr-star\" data-star=\"5\" style=\"padding-right: 5px\">\n            \n\n<div class=\"kksr-icon\" style=\"width: 24px; height: 24px;\"><\/div>\n        <\/div>\n    <\/div>\n    \n<div class=\"kksr-stars-active\" style=\"width: 0px;\">\n            <div class=\"kksr-star\" style=\"padding-right: 5px\">\n            \n\n<div class=\"kksr-icon\" style=\"width: 24px; height: 24px;\"><\/div>\n        <\/div>\n            <div class=\"kksr-star\" style=\"padding-right: 5px\">\n            \n\n<div class=\"kksr-icon\" style=\"width: 24px; height: 24px;\"><\/div>\n        <\/div>\n            <div class=\"kksr-star\" style=\"padding-right: 5px\">\n            \n\n<div class=\"kksr-icon\" style=\"width: 24px; height: 24px;\"><\/div>\n        <\/div>\n            <div class=\"kksr-star\" style=\"padding-right: 5px\">\n            \n\n<div class=\"kksr-icon\" style=\"width: 24px; height: 24px;\"><\/div>\n        <\/div>\n            <div class=\"kksr-star\" style=\"padding-right: 5px\">\n            \n\n<div class=\"kksr-icon\" style=\"width: 24px; height: 24px;\"><\/div>\n        <\/div>\n    <\/div>\n<\/div>\n                \n\n<div class=\"kksr-legend\" style=\"font-size: 19.2px;\">\n            <span class=\"kksr-muted\">Your evaluation is important to us<\/span>\n    <\/div>\n    <\/div>\n<h2 class=\"\" data-start=\"524\" data-end=\"583\">Rakt\u0173 pakabukas broliui \u2013 ypatinga dovana artimam \u017emogui<\/h2>\n<p class=\"\" data-start=\"585\" data-end=\"990\">Jei ie\u0161kote ypatingos dovanos, <strong data-start=\"616\" data-end=\"643\">rakt\u0173 pakabukas broliui<\/strong> su u\u017era\u0161u \u201eA\u010di\u016b, kad esi mano brolis\u201c taps idealiu pasirinkimu. Tai eleganti\u0161kas, tvirtas ir prasmingas aksesuaras, kuris primins apie stipr\u0173 ry\u0161\u012f. Graviruota \u017einut\u0117 suteikia \u0161iam pakabukui i\u0161skirtinumo. Daugiau dovan\u0173 id\u0117j\u0173 rasite m\u016bs\u0173 kategorijoje <a class=\"cursor-pointer\" target=\"_new\" rel=\"noopener\" data-start=\"894\" data-end=\"989\">Car key rings<\/a>.<\/p>\n<h2 class=\"\" data-start=\"992\" data-end=\"1036\">Auk\u0161tos kokyb\u0117s ir ilgaam\u017eis pasirinkimas<\/h2>\n<p class=\"\" data-start=\"1038\" data-end=\"1423\">\u0160is rakt\u0173 pakabukas broliui pagamintas i\u0161 ner\u016bdijan\u010dio plieno, tod\u0117l i\u0161siskiria patvarumu. Metalas atsparus \u012fbr\u0117\u017eimams ir aplinkos poveikiui, tod\u0117l pakabukas tarnaus ilgus metus. Graviruota \u017einut\u0117 nei\u0161blunka net intensyviai naudojant. Rekomenduojame taip pat pasi\u017evalgyti \u012f <a class=\"cursor-pointer\" target=\"_new\" rel=\"noopener\" data-start=\"1312\" data-end=\"1383\">Engraved pendants<\/a>, kurie puikiai tinka pana\u0161ioms progoms.<\/p>\n<h2 class=\"\" data-start=\"1425\" data-end=\"1471\">Kada verta dovanoti rakt\u0173 pakabuk\u0105 broliui?<\/h2>\n<ul data-start=\"1473\" data-end=\"1610\">\n<li class=\"\" data-start=\"1473\" data-end=\"1494\">\n<p class=\"\" data-start=\"1475\" data-end=\"1494\">Gimtadienio proga<\/p>\n<\/li>\n<li class=\"\" data-start=\"1495\" data-end=\"1537\">\n<p class=\"\" data-start=\"1497\" data-end=\"1537\">Mokyklos ar universiteto baigimo proga<\/p>\n<\/li>\n<li class=\"\" data-start=\"1538\" data-end=\"1569\">\n<p class=\"\" data-start=\"1540\" data-end=\"1569\">Kal\u0117d\u0173 ar kit\u0173 \u0161ven\u010di\u0173 metu<\/p>\n<\/li>\n<li class=\"\" data-start=\"1570\" data-end=\"1610\">\n<p class=\"\" data-start=\"1572\" data-end=\"1610\">Norint paprastai pad\u0117koti u\u017e palaikym\u0105<\/p>\n<\/li>\n<\/ul>\n<p class=\"\" data-start=\"1612\" data-end=\"1791\">Tokia dovana rodo nuo\u0161ird\u0173 d\u0117kingum\u0105. Jei ie\u0161kote daugiau \u012fkv\u0117pimo, apsilankykite \u0161iame straipsnyje apie <a class=\"cursor-pointer\" target=\"_new\" rel=\"noopener\" data-start=\"1717\" data-end=\"1790\">geriausias dovanas broliui<\/a>.<\/p>\n<h2 class=\"\" data-start=\"1793\" data-end=\"1835\">Kod\u0117l verta rinktis b\u016btent \u0161\u012f pakabuk\u0105?<\/h2>\n<p class=\"\" data-start=\"1837\" data-end=\"2099\">This <strong data-start=\"1841\" data-end=\"1868\">rakt\u0173 pakabukas broliui<\/strong> yra ne tik prakti\u0161kas, bet ir emocionalus aksesuaras. Paprasta, bet kartu ir labai nuo\u0161irdi dovana i\u0161siskiria savo prasme. Be to, minimalisti\u0161kas dizainas puikiai dera tiek su kasdieniais, tiek su oficialesniais rakt\u0173 komplektais.<\/p>\n<p class=\"\" data-start=\"2101\" data-end=\"2243\">Nor\u0117dami daugiau pasirinkim\u0173, per\u017ei\u016br\u0117kite <a class=\"\" href=\"https:\/\/kabinam.lt\/eng\/product-category\/most-popular-product-category\/\" target=\"_new\" rel=\"noopener\" data-start=\"2144\" data-end=\"2242\">Most popular products<\/a>.<\/p>\n<h2 class=\"\" data-start=\"2245\" data-end=\"2265\">Technical specifications<\/h2>\n<ul data-start=\"2267\" data-end=\"2467\">\n<li class=\"\" data-start=\"2267\" data-end=\"2301\">\n<p class=\"\" data-start=\"2269\" data-end=\"2301\">Med\u017eiaga: Ner\u016bdijantis plienas<\/p>\n<\/li>\n<li class=\"\" data-start=\"2302\" data-end=\"2323\">\n<p class=\"\" data-start=\"2304\" data-end=\"2323\">Spalva: Sidabrin\u0117<\/p>\n<\/li>\n<li class=\"\" data-start=\"2324\" data-end=\"2374\">\n<p class=\"\" data-start=\"2326\" data-end=\"2374\">Graviruota \u017einut\u0117: \u201eA\u010di\u016b, kad esi mano brolis\u201c<\/p>\n<\/li>\n<li class=\"\" data-start=\"2375\" data-end=\"2399\">\n<p class=\"\" data-start=\"2377\" data-end=\"2399\">Matmenys: 5 x 1,2 cm<\/p>\n<\/li>\n<li class=\"\" data-start=\"2400\" data-end=\"2438\">\n<p class=\"\" data-start=\"2402\" data-end=\"2438\">Atsparumas \u012fbr\u0117\u017eimams ir korozijai<\/p>\n<\/li>\n<li class=\"\" data-start=\"2439\" data-end=\"2467\">\n<p class=\"\" data-start=\"2441\" data-end=\"2467\">Komplekte \u017eiedelis raktams<\/p>\n<\/li>\n<\/ul>\n<p class=\"\" data-start=\"2469\" data-end=\"2561\">Tokios savyb\u0117s u\u017etikrina, kad pakabukas ilgai i\u0161liks nepriekai\u0161tingas net kasdien naudojant.<\/p>\n<h2 class=\"\" data-start=\"2563\" data-end=\"2580\">Apibendrinimas<\/h2>\n<p class=\"\" data-start=\"2582\" data-end=\"2909\">Ie\u0161kodami asmeni\u0161kos dovanos broliui, pasirinkite rakt\u0173 pakabuk\u0105 su prasminga \u017einute. Tai subtilus ir tvirtas pasirinkimas, tinkantis kiekvienam, kuris vertina tikr\u0105 ry\u0161\u012f ir nuo\u0161ird\u017eias emocijas. Nor\u0117dami rasti dar daugiau unikali\u0173 variant\u0173, apsilankykite m\u016bs\u0173 kategorijoje <a class=\"\" href=\"https:\/\/kabinam.lt\/eng\/all-products\/\" target=\"_new\" rel=\"noopener\" data-start=\"2856\" data-end=\"2908\">All products<\/a>.<\/p>","protected":false},"excerpt":{"rendered":"<p>Kokybi\u0161kas ner\u016bdijan\u010dio plieno rakt\u0173 pakabukas broliui su i\u0161graviruota pad\u0117kos \u017einute.<\/p>","protected":false},"featured_media":2123,"comment_status":"closed","ping_status":"closed","template":"","meta":{"_uag_custom_page_level_css":"","site-sidebar-layout":"default","site-content-layout":"","ast-site-content-layout":"default","site-content-style":"default","site-sidebar-style":"default","ast-global-header-display":"","ast-banner-title-visibility":"","ast-main-header-display":"","ast-hfb-above-header-display":"","ast-hfb-below-header-display":"","ast-hfb-mobile-header-display":"","site-post-title":"","ast-breadcrumbs-content":"","ast-featured-img":"","footer-sml-layout":"","ast-disable-related-posts":"","theme-transparent-header-meta":"default","adv-header-id-meta":"","stick-header-meta":"","header-above-stick-meta":"","header-main-stick-meta":"","header-below-stick-meta":"","astra-migrate-meta-layouts":"set","ast-page-background-enabled":"default","ast-page-background-meta":{"desktop":{"background-color":"var(--ast-global-color-4)","background-image":"","background-repeat":"repeat","background-position":"center center","background-size":"auto","background-attachment":"scroll","background-type":"","background-media":"","overlay-type":"","overlay-color":"","overlay-opacity":"","overlay-gradient":""},"tablet":{"background-color":"","background-image":"","background-repeat":"repeat","background-position":"center center","background-size":"auto","background-attachment":"scroll","background-type":"","background-media":"","overlay-type":"","overlay-color":"","overlay-opacity":"","overlay-gradient":""},"mobile":{"background-color":"","background-image":"","background-repeat":"repeat","background-position":"center center","background-size":"auto","background-attachment":"scroll","background-type":"","background-media":"","overlay-type":"","overlay-color":"","overlay-opacity":"","overlay-gradient":""}},"ast-content-background-meta":{"desktop":{"background-color":"var(--ast-global-color-5)","background-image":"","background-repeat":"repeat","background-position":"center center","background-size":"auto","background-attachment":"scroll","background-type":"","background-media":"","overlay-type":"","overlay-color":"","overlay-opacity":"","overlay-gradient":""},"tablet":{"background-color":"var(--ast-global-color-5)","background-image":"","background-repeat":"repeat","background-position":"center center","background-size":"auto","background-attachment":"scroll","background-type":"","background-media":"","overlay-type":"","overlay-color":"","overlay-opacity":"","overlay-gradient":""},"mobile":{"background-color":"var(--ast-global-color-5)","background-image":"","background-repeat":"repeat","background-position":"center center","background-size":"auto","background-attachment":"scroll","background-type":"","background-media":"","overlay-type":"","overlay-color":"","overlay-opacity":"","overlay-gradient":""}}},"product_brand":[],"product_cat":[126,117,116,95],"product_tag":[],"class_list":{"0":"post-2119","1":"product","2":"type-product","3":"status-publish","4":"has-post-thumbnail","6":"product_cat-visi","7":"product_cat-graviruoti-raktu-pakabukai","8":"product_cat-metaliniai-raktu-pakabukai","9":"product_cat-unikalus-raktu-pakabukai","10":"desktop-align-center","11":"tablet-align-left","12":"mobile-align-left","14":"first","15":"instock","16":"shipping-taxable","17":"purchasable","18":"product-type-simple"},"yoast_head":"<!-- This site is optimized with the Yoast SEO plugin v27.1.1 - https:\/\/yoast.com\/product\/yoast-seo-wordpress\/ -->\n<title>Rakt\u0173 pakabukas broliui su graviruota \u017einute<\/title>\n<meta name=\"description\" content=\"Atraskite - rakt\u0173 pakabukas broliui su prasminga \u017einute \u201eA\u010di\u016b, kad esi mano brolis\u201c. Puiki dovanos id\u0117ja draugui ar broliui!\" \/>\n<meta name=\"robots\" content=\"index, follow, max-snippet:-1, max-image-preview:large, max-video-preview:-1\" \/>\n<link rel=\"canonical\" href=\"https:\/\/kabinam.lt\/eng\/product\/a-key-pendant-for-brother\/\" \/>\n<meta property=\"og:locale\" content=\"en_US\" \/>\n<meta property=\"og:type\" content=\"article\" \/>\n<meta property=\"og:title\" content=\"Rakt\u0173 pakabukas broliui su graviruota \u017einute\" \/>\n<meta property=\"og:description\" content=\"Atraskite - rakt\u0173 pakabukas broliui su prasminga \u017einute \u201eA\u010di\u016b, kad esi mano brolis\u201c. Puiki dovanos id\u0117ja draugui ar broliui!\" \/>\n<meta property=\"og:url\" content=\"https:\/\/kabinam.lt\/eng\/product\/a-key-pendant-for-brother\/\" \/>\n<meta property=\"og:site_name\" content=\"kabinam.lt\" \/>\n<meta property=\"article:modified_time\" content=\"2026-01-03T16:55:46+00:00\" \/>\n<meta property=\"og:image\" content=\"https:\/\/kabinam.lt\/wp-content\/uploads\/2024\/07\/61946ead-6e1a-4116-9cbb-97f36a9acdbc.jpg\" \/>\n\t<meta property=\"og:image:width\" content=\"800\" \/>\n\t<meta property=\"og:image:height\" content=\"800\" \/>\n\t<meta property=\"og:image:type\" content=\"image\/jpeg\" \/>\n<meta name=\"twitter:card\" content=\"summary_large_image\" \/>\n<meta name=\"twitter:label1\" content=\"Est. reading time\" \/>\n\t<meta name=\"twitter:data1\" content=\"2 minutes\" \/>\n<script type=\"application\/ld+json\" class=\"yoast-schema-graph\">{\"@context\":\"https:\/\/schema.org\",\"@graph\":[{\"@type\":[\"WebPage\",\"ItemPage\"],\"@id\":\"https:\/\/kabinam.lt\/eng\/product\/a-key-pendant-for-brother\/\",\"url\":\"https:\/\/kabinam.lt\/eng\/product\/a-key-pendant-for-brother\/\",\"name\":\"Rakt\u0173 pakabukas broliui su graviruota \u017einute\",\"isPartOf\":{\"@id\":\"https:\/\/kabinam.lt\/#website\"},\"primaryImageOfPage\":{\"@id\":\"https:\/\/kabinam.lt\/eng\/product\/a-key-pendant-for-brother\/#primaryimage\"},\"image\":{\"@id\":\"https:\/\/kabinam.lt\/eng\/product\/a-key-pendant-for-brother\/#primaryimage\"},\"thumbnailUrl\":\"https:\/\/kabinam.lt\/wp-content\/uploads\/2024\/07\/61946ead-6e1a-4116-9cbb-97f36a9acdbc.jpg\",\"datePublished\":\"2024-07-29T11:46:01+00:00\",\"dateModified\":\"2026-01-03T16:55:46+00:00\",\"description\":\"Atraskite - rakt\u0173 pakabukas broliui su prasminga \u017einute \u201eA\u010di\u016b, kad esi mano brolis\u201c. Puiki dovanos id\u0117ja draugui ar broliui!\",\"breadcrumb\":{\"@id\":\"https:\/\/kabinam.lt\/eng\/product\/a-key-pendant-for-brother\/#breadcrumb\"},\"inLanguage\":\"en-US\",\"potentialAction\":[{\"@type\":\"ReadAction\",\"target\":[\"https:\/\/kabinam.lt\/eng\/product\/a-key-pendant-for-brother\/\"]}]},{\"@type\":\"ImageObject\",\"inLanguage\":\"en-US\",\"@id\":\"https:\/\/kabinam.lt\/eng\/product\/a-key-pendant-for-brother\/#primaryimage\",\"url\":\"https:\/\/kabinam.lt\/wp-content\/uploads\/2024\/07\/61946ead-6e1a-4116-9cbb-97f36a9acdbc.jpg\",\"contentUrl\":\"https:\/\/kabinam.lt\/wp-content\/uploads\/2024\/07\/61946ead-6e1a-4116-9cbb-97f36a9acdbc.jpg\",\"width\":800,\"height\":800,\"caption\":\"Rakt\u0173 pakabukas broliui i\u0161 ner\u016bdijan\u010dio plieno\"},{\"@type\":\"BreadcrumbList\",\"@id\":\"https:\/\/kabinam.lt\/eng\/product\/a-key-pendant-for-brother\/#breadcrumb\",\"itemListElement\":[{\"@type\":\"ListItem\",\"position\":1,\"name\":\"Home\",\"item\":\"https:\/\/kabinam.lt\/\"},{\"@type\":\"ListItem\",\"position\":2,\"name\":\"Visi Produktai\",\"item\":\"https:\/\/kabinam.lt\/visi-produktai\/\"},{\"@type\":\"ListItem\",\"position\":3,\"name\":\"Rakt\u0173 pakabukas broliui su graviruota \u017einute\"}]},{\"@type\":\"WebSite\",\"@id\":\"https:\/\/kabinam.lt\/#website\",\"url\":\"https:\/\/kabinam.lt\/\",\"name\":\"kabinam.lt\",\"description\":\"Kabinam.lt \u2013 raktu pakabukai ir aksesuarai\",\"publisher\":{\"@id\":\"https:\/\/kabinam.lt\/#organization\"},\"alternateName\":\"pakabukai lt\",\"potentialAction\":[{\"@type\":\"SearchAction\",\"target\":{\"@type\":\"EntryPoint\",\"urlTemplate\":\"https:\/\/kabinam.lt\/?s={search_term_string}\"},\"query-input\":{\"@type\":\"PropertyValueSpecification\",\"valueRequired\":true,\"valueName\":\"search_term_string\"}}],\"inLanguage\":\"en-US\"},{\"@type\":\"Organization\",\"@id\":\"https:\/\/kabinam.lt\/#organization\",\"name\":\"kabinam.lt\",\"alternateName\":\"kabinam\",\"url\":\"https:\/\/kabinam.lt\/\",\"logo\":{\"@type\":\"ImageObject\",\"inLanguage\":\"en-US\",\"@id\":\"https:\/\/kabinam.lt\/#\/schema\/logo\/image\/\",\"url\":\"https:\/\/kabinam.lt\/wp-content\/uploads\/2025\/05\/KABINAM_outer_glow.png\",\"contentUrl\":\"https:\/\/kabinam.lt\/wp-content\/uploads\/2025\/05\/KABINAM_outer_glow.png\",\"width\":474,\"height\":141,\"caption\":\"kabinam.lt\"},\"image\":{\"@id\":\"https:\/\/kabinam.lt\/#\/schema\/logo\/image\/\"}}]}<\/script>\n<!-- \/ Yoast SEO plugin. -->","yoast_head_json":{"title":"Keyring for brother with engraved message","description":"Discover - a keychain for your brother with the meaningful message \u201eThank you for being my brother\u201c. A great gift idea for a friend or brother!","robots":{"index":"index","follow":"follow","max-snippet":"max-snippet:-1","max-image-preview":"max-image-preview:large","max-video-preview":"max-video-preview:-1"},"canonical":"https:\/\/kabinam.lt\/eng\/product\/a-key-pendant-for-brother\/","og_locale":"en_US","og_type":"article","og_title":"Rakt\u0173 pakabukas broliui su graviruota \u017einute","og_description":"Atraskite - rakt\u0173 pakabukas broliui su prasminga \u017einute \u201eA\u010di\u016b, kad esi mano brolis\u201c. Puiki dovanos id\u0117ja draugui ar broliui!","og_url":"https:\/\/kabinam.lt\/eng\/product\/a-key-pendant-for-brother\/","og_site_name":"kabinam.lt","article_modified_time":"2026-01-03T16:55:46+00:00","og_image":[{"width":800,"height":800,"url":"https:\/\/kabinam.lt\/wp-content\/uploads\/2024\/07\/61946ead-6e1a-4116-9cbb-97f36a9acdbc.jpg","type":"image\/jpeg"}],"twitter_card":"summary_large_image","twitter_misc":{"Est. reading time":"2 minutes"},"schema":{"@context":"https:\/\/schema.org","@graph":[{"@type":["WebPage","ItemPage"],"@id":"https:\/\/kabinam.lt\/eng\/product\/a-key-pendant-for-brother\/","url":"https:\/\/kabinam.lt\/eng\/product\/a-key-pendant-for-brother\/","name":"Keyring for brother with engraved message","isPartOf":{"@id":"https:\/\/kabinam.lt\/#website"},"primaryImageOfPage":{"@id":"https:\/\/kabinam.lt\/eng\/product\/a-key-pendant-for-brother\/#primaryimage"},"image":{"@id":"https:\/\/kabinam.lt\/eng\/product\/a-key-pendant-for-brother\/#primaryimage"},"thumbnailUrl":"https:\/\/kabinam.lt\/wp-content\/uploads\/2024\/07\/61946ead-6e1a-4116-9cbb-97f36a9acdbc.jpg","datePublished":"2024-07-29T11:46:01+00:00","dateModified":"2026-01-03T16:55:46+00:00","description":"Discover - a keychain for your brother with the meaningful message \u201eThank you for being my brother\u201c. A great gift idea for a friend or brother!","breadcrumb":{"@id":"https:\/\/kabinam.lt\/eng\/product\/a-key-pendant-for-brother\/#breadcrumb"},"inLanguage":"en-US","potentialAction":[{"@type":"ReadAction","target":["https:\/\/kabinam.lt\/eng\/product\/a-key-pendant-for-brother\/"]}]},{"@type":"ImageObject","inLanguage":"en-US","@id":"https:\/\/kabinam.lt\/eng\/product\/a-key-pendant-for-brother\/#primaryimage","url":"https:\/\/kabinam.lt\/wp-content\/uploads\/2024\/07\/61946ead-6e1a-4116-9cbb-97f36a9acdbc.jpg","contentUrl":"https:\/\/kabinam.lt\/wp-content\/uploads\/2024\/07\/61946ead-6e1a-4116-9cbb-97f36a9acdbc.jpg","width":800,"height":800,"caption":"Rakt\u0173 pakabukas broliui i\u0161 ner\u016bdijan\u010dio plieno"},{"@type":"BreadcrumbList","@id":"https:\/\/kabinam.lt\/eng\/product\/a-key-pendant-for-brother\/#breadcrumb","itemListElement":[{"@type":"ListItem","position":1,"name":"Home","item":"https:\/\/kabinam.lt\/"},{"@type":"ListItem","position":2,"name":"Visi Produktai","item":"https:\/\/kabinam.lt\/visi-produktai\/"},{"@type":"ListItem","position":3,"name":"Rakt\u0173 pakabukas broliui su graviruota \u017einute"}]},{"@type":"WebSite","@id":"https:\/\/kabinam.lt\/#website","url":"https:\/\/kabinam.lt\/","name":"kabinam.lt","description":"Kabinam.lt - key chains and accessories","publisher":{"@id":"https:\/\/kabinam.lt\/#organization"},"alternateName":"pakabukai lt","potentialAction":[{"@type":"SearchAction","target":{"@type":"EntryPoint","urlTemplate":"https:\/\/kabinam.lt\/?s={search_term_string}"},"query-input":{"@type":"PropertyValueSpecification","valueRequired":true,"valueName":"search_term_string"}}],"inLanguage":"en-US"},{"@type":"Organization","@id":"https:\/\/kabinam.lt\/#organization","name":"kabinam.lt","alternateName":"kabinam","url":"https:\/\/kabinam.lt\/","logo":{"@type":"ImageObject","inLanguage":"en-US","@id":"https:\/\/kabinam.lt\/#\/schema\/logo\/image\/","url":"https:\/\/kabinam.lt\/wp-content\/uploads\/2025\/05\/KABINAM_outer_glow.png","contentUrl":"https:\/\/kabinam.lt\/wp-content\/uploads\/2025\/05\/KABINAM_outer_glow.png","width":474,"height":141,"caption":"kabinam.lt"},"image":{"@id":"https:\/\/kabinam.lt\/#\/schema\/logo\/image\/"}}]}},"uagb_featured_image_src":{"full":["https:\/\/kabinam.lt\/wp-content\/uploads\/2024\/07\/61946ead-6e1a-4116-9cbb-97f36a9acdbc.jpg",800,800,false],"thumbnail":["https:\/\/kabinam.lt\/wp-content\/uploads\/2024\/07\/61946ead-6e1a-4116-9cbb-97f36a9acdbc-150x150.jpg",150,150,true],"medium":["https:\/\/kabinam.lt\/wp-content\/uploads\/2024\/07\/61946ead-6e1a-4116-9cbb-97f36a9acdbc-300x300.jpg",300,300,true],"medium_large":["https:\/\/kabinam.lt\/wp-content\/uploads\/2024\/07\/61946ead-6e1a-4116-9cbb-97f36a9acdbc-768x768.jpg",768,768,true],"large":["https:\/\/kabinam.lt\/wp-content\/uploads\/2024\/07\/61946ead-6e1a-4116-9cbb-97f36a9acdbc.jpg",800,800,false],"1536x1536":["https:\/\/kabinam.lt\/wp-content\/uploads\/2024\/07\/61946ead-6e1a-4116-9cbb-97f36a9acdbc.jpg",800,800,false],"2048x2048":["https:\/\/kabinam.lt\/wp-content\/uploads\/2024\/07\/61946ead-6e1a-4116-9cbb-97f36a9acdbc.jpg",800,800,false],"trp-custom-language-flag":["https:\/\/kabinam.lt\/wp-content\/uploads\/2024\/07\/61946ead-6e1a-4116-9cbb-97f36a9acdbc.jpg",12,12,false],"woocommerce_thumbnail":["https:\/\/kabinam.lt\/wp-content\/uploads\/2024\/07\/61946ead-6e1a-4116-9cbb-97f36a9acdbc-300x300.jpg",300,300,true],"woocommerce_single":["https:\/\/kabinam.lt\/wp-content\/uploads\/2024\/07\/61946ead-6e1a-4116-9cbb-97f36a9acdbc-600x600.jpg",600,600,true],"woocommerce_gallery_thumbnail":["https:\/\/kabinam.lt\/wp-content\/uploads\/2024\/07\/61946ead-6e1a-4116-9cbb-97f36a9acdbc-100x100.jpg",100,100,true]},"uagb_author_info":{"display_name":"kabinam.lt","author_link":"https:\/\/kabinam.lt\/eng\/author\/"},"uagb_comment_info":0,"uagb_excerpt":"Kokybi\u0161kas ner\u016bdijan\u010dio plieno rakt\u0173 pakabukas broliui su i\u0161graviruota pad\u0117kos \u017einute.","_links":{"self":[{"href":"https:\/\/kabinam.lt\/eng\/wp-json\/wp\/v2\/product\/2119","targetHints":{"allow":["GET"]}}],"collection":[{"href":"https:\/\/kabinam.lt\/eng\/wp-json\/wp\/v2\/product"}],"about":[{"href":"https:\/\/kabinam.lt\/eng\/wp-json\/wp\/v2\/types\/product"}],"replies":[{"embeddable":true,"href":"https:\/\/kabinam.lt\/eng\/wp-json\/wp\/v2\/comments?post=2119"}],"wp:featuredmedia":[{"embeddable":true,"href":"https:\/\/kabinam.lt\/eng\/wp-json\/wp\/v2\/media\/2123"}],"wp:attachment":[{"href":"https:\/\/kabinam.lt\/eng\/wp-json\/wp\/v2\/media?parent=2119"}],"wp:term":[{"taxonomy":"product_brand","embeddable":true,"href":"https:\/\/kabinam.lt\/eng\/wp-json\/wp\/v2\/product_brand?post=2119"},{"taxonomy":"product_cat","embeddable":true,"href":"https:\/\/kabinam.lt\/eng\/wp-json\/wp\/v2\/product_cat?post=2119"},{"taxonomy":"product_tag","embeddable":true,"href":"https:\/\/kabinam.lt\/eng\/wp-json\/wp\/v2\/product_tag?post=2119"}],"curies":[{"name":"wp","href":"https:\/\/api.w.org\/{rel}","templated":true}]}}