{"id":2026,"date":"2024-07-18T11:43:50","date_gmt":"2024-07-18T08:43:50","guid":{"rendered":"https:\/\/kabinam.lt\/?post_type=product&#038;p=2026"},"modified":"2026-01-18T16:09:43","modified_gmt":"2026-01-18T14:09:43","slug":"playstation-5-controller-shaped-keychain","status":"publish","type":"product","link":"https:\/\/kabinam.lt\/eng\/product\/playstation-5-pultelio-formos-raktu-pakabukas\/","title":{"rendered":"PlayStation 5 console-shaped keyrings"},"content":{"rendered":"<div class=\"kk-star-ratings kksr-auto kksr-align-left kksr-valign-top\"\n    data-payload='{&quot;align&quot;:&quot;left&quot;,&quot;id&quot;:&quot;2026&quot;,&quot;slug&quot;:&quot;default&quot;,&quot;valign&quot;:&quot;top&quot;,&quot;ignore&quot;:&quot;&quot;,&quot;reference&quot;:&quot;auto&quot;,&quot;class&quot;:&quot;&quot;,&quot;count&quot;:&quot;0&quot;,&quot;legendonly&quot;:&quot;&quot;,&quot;readonly&quot;:&quot;&quot;,&quot;score&quot;:&quot;0&quot;,&quot;starsonly&quot;:&quot;&quot;,&quot;best&quot;:&quot;5&quot;,&quot;gap&quot;:&quot;5&quot;,&quot;greet&quot;:&quot;Mums svarbus j\u016bs\u0173 \u012fvertinimas&quot;,&quot;legend&quot;:&quot;0\\\/5 - (0 votes)&quot;,&quot;size&quot;:&quot;24&quot;,&quot;title&quot;:&quot;PlayStation 5 pultelio formos rakt\u0173 pakabukai&quot;,&quot;width&quot;:&quot;0&quot;,&quot;_legend&quot;:&quot;{score}\\\/{best} - ({count} {votes})&quot;,&quot;font_factor&quot;:&quot;1.25&quot;}'>\n            \n<div class=\"kksr-stars\">\n    \n<div class=\"kksr-stars-inactive\">\n            <div class=\"kksr-star\" data-star=\"1\" style=\"padding-right: 5px\">\n            \n\n<div class=\"kksr-icon\" style=\"width: 24px; height: 24px;\"><\/div>\n        <\/div>\n            <div class=\"kksr-star\" data-star=\"2\" style=\"padding-right: 5px\">\n            \n\n<div class=\"kksr-icon\" style=\"width: 24px; height: 24px;\"><\/div>\n        <\/div>\n            <div class=\"kksr-star\" data-star=\"3\" style=\"padding-right: 5px\">\n            \n\n<div class=\"kksr-icon\" style=\"width: 24px; height: 24px;\"><\/div>\n        <\/div>\n            <div class=\"kksr-star\" data-star=\"4\" style=\"padding-right: 5px\">\n            \n\n<div class=\"kksr-icon\" style=\"width: 24px; height: 24px;\"><\/div>\n        <\/div>\n            <div class=\"kksr-star\" data-star=\"5\" style=\"padding-right: 5px\">\n            \n\n<div class=\"kksr-icon\" style=\"width: 24px; height: 24px;\"><\/div>\n        <\/div>\n    <\/div>\n    \n<div class=\"kksr-stars-active\" style=\"width: 0px;\">\n            <div class=\"kksr-star\" style=\"padding-right: 5px\">\n            \n\n<div class=\"kksr-icon\" style=\"width: 24px; height: 24px;\"><\/div>\n        <\/div>\n            <div class=\"kksr-star\" style=\"padding-right: 5px\">\n            \n\n<div class=\"kksr-icon\" style=\"width: 24px; height: 24px;\"><\/div>\n        <\/div>\n            <div class=\"kksr-star\" style=\"padding-right: 5px\">\n            \n\n<div class=\"kksr-icon\" style=\"width: 24px; height: 24px;\"><\/div>\n        <\/div>\n            <div class=\"kksr-star\" style=\"padding-right: 5px\">\n            \n\n<div class=\"kksr-icon\" style=\"width: 24px; height: 24px;\"><\/div>\n        <\/div>\n            <div class=\"kksr-star\" style=\"padding-right: 5px\">\n            \n\n<div class=\"kksr-icon\" style=\"width: 24px; height: 24px;\"><\/div>\n        <\/div>\n    <\/div>\n<\/div>\n                \n\n<div class=\"kksr-legend\" style=\"font-size: 19.2px;\">\n            <span class=\"kksr-muted\">Your evaluation is important to us<\/span>\n    <\/div>\n    <\/div>\n<h2 class=\"\" data-start=\"191\" data-end=\"233\">PlayStation 5 console-shaped keyrings<\/h2>\n<p class=\"\" data-start=\"235\" data-end=\"509\">Looking for an original game-themed accessory? <strong data-start=\"284\" data-end=\"327\">PlayStation 5 console-shaped keyrings<\/strong>\u00a0\u2013 is a fun, compact solution for both children and adults. This small, palm-sized game controller keychain is perfect for decorating keys, backpacks, or car interiors.<\/p>\n<p class=\"\" data-start=\"511\" data-end=\"829\">Made from high-quality materials, this keychain looks like a miniature PlayStation 5 controller. It's an attractive accent for true gaming fans. For those who want more stylish accessories like this, we invite you to check out <a class=\"\" href=\"https:\/\/kabinam.lt\/eng\/product-category\/unikaliu-pakabuku-kategorija\/\" target=\"_new\" rel=\"noopener\" data-start=\"731\" data-end=\"828\">a category of unique pendants<\/a>.<\/p>\n<h2 class=\"\" data-start=\"831\" data-end=\"863\">Masterful attention to detail<\/h2>\n<p class=\"\" data-start=\"865\" data-end=\"1043\"><strong data-start=\"865\" data-end=\"908\">PlayStation 5 controller shaped keychain<\/strong> stands out with its excellent detail quality. Every button and the controller's shape are accurately reproduced, giving the keychain a realistic appearance.<\/p>\n<p class=\"\" data-start=\"1045\" data-end=\"1292\">The choice of materials ensures not only aesthetics but also durability \u2013 the keychain is resistant to daily wear and tear. Whether you hang it on your keys, backpack, or use it as a car interior accessory, it will remain like new for a long time.<\/p>\n<p class=\"\" data-start=\"1294\" data-end=\"1451\">For those looking for more quality accessories like this, we recommend <a class=\"cursor-pointer\" target=\"_new\" rel=\"noopener\" data-start=\"1355\" data-end=\"1450\">car key fobs<\/a>.<\/p>\n<h2 class=\"\" data-start=\"1453\" data-end=\"1490\">A gift for children and gaming enthusiasts<\/h2>\n<p class=\"\" data-start=\"1492\" data-end=\"1732\">Looking for a gift that will truly delight a gaming enthusiast? <strong data-start=\"1554\" data-end=\"1597\">PlayStation 5 controller shaped keychain<\/strong> is an excellent choice. It's small, cute, and practical \u2013 a real surprise for a birthday, holiday, or just an unexpected gift moment.<\/p>\n<p class=\"\" data-start=\"1734\" data-end=\"2009\">This keychain will appeal to both young PlayStation fans and adults who appreciate stylish and themed accessories. For more gift ideas, it's worth checking out our <a class=\"\" href=\"https:\/\/kabinam.lt\/eng\/product-category\/most-popular-product-category\/\" target=\"_new\" rel=\"noopener\" data-start=\"1908\" data-end=\"2008\">the most popular products<\/a>.<\/p>\n<p class=\"\" data-start=\"2011\" data-end=\"2155\">Want to learn more about the history of PlayStation games? We recommend <a class=\"cursor-pointer\" target=\"_new\" rel=\"noopener\" data-start=\"2085\" data-end=\"2154\">read here<\/a>.<\/p>\n<h2 class=\"\" data-start=\"2157\" data-end=\"2192\">Why choose this pendant?<\/h2>\n<ul data-start=\"2194\" data-end=\"2462\">\n<li class=\"\" data-start=\"2194\" data-end=\"2242\">\n<p class=\"\" data-start=\"2196\" data-end=\"2242\">Authentic PlayStation 5 controller design.<\/p>\n<\/li>\n<li class=\"\" data-start=\"2243\" data-end=\"2286\">\n<p class=\"\" data-start=\"2245\" data-end=\"2286\">Made of high quality materials.<\/p>\n<\/li>\n<li class=\"\" data-start=\"2287\" data-end=\"2325\">\n<p class=\"\" data-start=\"2289\" data-end=\"2325\">Resistant to daily wear and tear.<\/p>\n<\/li>\n<li class=\"\" data-start=\"2326\" data-end=\"2367\">\n<p class=\"\" data-start=\"2328\" data-end=\"2367\">Suitable for both children and adults.<\/p>\n<\/li>\n<li class=\"\" data-start=\"2368\" data-end=\"2406\">\n<p class=\"\" data-start=\"2370\" data-end=\"2406\">Great gift for gaming enthusiasts.<\/p>\n<\/li>\n<li class=\"\" data-start=\"2407\" data-end=\"2462\">\n<p class=\"\" data-start=\"2409\" data-end=\"2462\">Perfectly suitable for keys, bags and cars.<\/p>\n<\/li>\n<\/ul>\n<p class=\"\" data-start=\"2464\" data-end=\"2575\">For those seeking more inspiration for unique accessories - <a class=\"\" href=\"https:\/\/kabinam.lt\/eng\/all-products\/\" target=\"_new\" rel=\"noopener\" data-start=\"2517\" data-end=\"2574\">all our products<\/a>.<\/p>","protected":false},"excerpt":{"rendered":"<p>PlayStation 5 controller shaped keychains \u2013 a fun, high-quality accessory for keys, backpacks, or cars.<\/p>","protected":false},"featured_media":2027,"comment_status":"closed","ping_status":"closed","template":"","meta":{"_uag_custom_page_level_css":"","site-sidebar-layout":"default","site-content-layout":"","ast-site-content-layout":"default","site-content-style":"default","site-sidebar-style":"default","ast-global-header-display":"","ast-banner-title-visibility":"","ast-main-header-display":"","ast-hfb-above-header-display":"","ast-hfb-below-header-display":"","ast-hfb-mobile-header-display":"","site-post-title":"","ast-breadcrumbs-content":"","ast-featured-img":"","footer-sml-layout":"","ast-disable-related-posts":"","theme-transparent-header-meta":"default","adv-header-id-meta":"","stick-header-meta":"","header-above-stick-meta":"","header-main-stick-meta":"","header-below-stick-meta":"","astra-migrate-meta-layouts":"set","ast-page-background-enabled":"default","ast-page-background-meta":{"desktop":{"background-color":"var(--ast-global-color-4)","background-image":"","background-repeat":"repeat","background-position":"center center","background-size":"auto","background-attachment":"scroll","background-type":"","background-media":"","overlay-type":"","overlay-color":"","overlay-opacity":"","overlay-gradient":""},"tablet":{"background-color":"","background-image":"","background-repeat":"repeat","background-position":"center center","background-size":"auto","background-attachment":"scroll","background-type":"","background-media":"","overlay-type":"","overlay-color":"","overlay-opacity":"","overlay-gradient":""},"mobile":{"background-color":"","background-image":"","background-repeat":"repeat","background-position":"center center","background-size":"auto","background-attachment":"scroll","background-type":"","background-media":"","overlay-type":"","overlay-color":"","overlay-opacity":"","overlay-gradient":""}},"ast-content-background-meta":{"desktop":{"background-color":"var(--ast-global-color-5)","background-image":"","background-repeat":"repeat","background-position":"center center","background-size":"auto","background-attachment":"scroll","background-type":"","background-media":"","overlay-type":"","overlay-color":"","overlay-opacity":"","overlay-gradient":""},"tablet":{"background-color":"var(--ast-global-color-5)","background-image":"","background-repeat":"repeat","background-position":"center center","background-size":"auto","background-attachment":"scroll","background-type":"","background-media":"","overlay-type":"","overlay-color":"","overlay-opacity":"","overlay-gradient":""},"mobile":{"background-color":"var(--ast-global-color-5)","background-image":"","background-repeat":"repeat","background-position":"center center","background-size":"auto","background-attachment":"scroll","background-type":"","background-media":"","overlay-type":"","overlay-color":"","overlay-opacity":"","overlay-gradient":""}}},"product_brand":[],"product_cat":[126,95,118,92],"product_tag":[],"class_list":{"0":"post-2026","1":"product","2":"type-product","3":"status-publish","4":"has-post-thumbnail","6":"product_cat-visi","7":"product_cat-unikalus-raktu-pakabukai","8":"product_cat-dovana-teciui","9":"product_cat-populiariausiu-produktu-kategorija","10":"desktop-align-center","11":"tablet-align-left","12":"mobile-align-left","14":"first","15":"instock","16":"shipping-taxable","17":"purchasable","18":"product-type-variable"},"yoast_head":"<!-- This site is optimized with the Yoast SEO plugin v27.1.1 - https:\/\/yoast.com\/product\/yoast-seo-wordpress\/ -->\n<title>PlayStation 5 pultelio formos rakt\u0173 pakabukai - kabinam.lt<\/title>\n<meta name=\"description\" content=\"PlayStation 5 pultelio formos pakabukas \u2013 puikus pasirinkimas \u017eaidim\u0173 m\u0117g\u0117jams ir vaikams, ilgaam\u017eis ir kokybi\u0161kas aksesuaras.\" \/>\n<meta name=\"robots\" content=\"index, follow, max-snippet:-1, max-image-preview:large, max-video-preview:-1\" \/>\n<link rel=\"canonical\" href=\"https:\/\/kabinam.lt\/eng\/product\/playstation-5-controller-shaped-keychain\/\" \/>\n<meta property=\"og:locale\" content=\"en_US\" \/>\n<meta property=\"og:type\" content=\"article\" \/>\n<meta property=\"og:title\" content=\"PlayStation 5 pultelio formos rakt\u0173 pakabukai - kabinam.lt\" \/>\n<meta property=\"og:description\" content=\"PlayStation 5 pultelio formos pakabukas \u2013 puikus pasirinkimas \u017eaidim\u0173 m\u0117g\u0117jams ir vaikams, ilgaam\u017eis ir kokybi\u0161kas aksesuaras.\" \/>\n<meta property=\"og:url\" content=\"https:\/\/kabinam.lt\/eng\/product\/playstation-5-controller-shaped-keychain\/\" \/>\n<meta property=\"og:site_name\" content=\"kabinam.lt\" \/>\n<meta property=\"article:modified_time\" content=\"2026-01-18T14:09:43+00:00\" \/>\n<meta property=\"og:image\" content=\"https:\/\/kabinam.lt\/wp-content\/uploads\/2024\/07\/PS5-MIX.jpg\" \/>\n\t<meta property=\"og:image:width\" content=\"800\" \/>\n\t<meta property=\"og:image:height\" content=\"800\" \/>\n\t<meta property=\"og:image:type\" content=\"image\/jpeg\" \/>\n<meta name=\"twitter:card\" content=\"summary_large_image\" \/>\n<meta name=\"twitter:label1\" content=\"Est. reading time\" \/>\n\t<meta name=\"twitter:data1\" content=\"2 minutes\" \/>\n<script type=\"application\/ld+json\" class=\"yoast-schema-graph\">{\"@context\":\"https:\/\/schema.org\",\"@graph\":[{\"@type\":[\"WebPage\",\"ItemPage\"],\"@id\":\"https:\/\/kabinam.lt\/product\/playstation-5-pultelio-formos-raktu-pakabukas\/\",\"url\":\"https:\/\/kabinam.lt\/product\/playstation-5-pultelio-formos-raktu-pakabukas\/\",\"name\":\"PlayStation 5 pultelio formos rakt\u0173 pakabukai - kabinam.lt\",\"isPartOf\":{\"@id\":\"https:\/\/kabinam.lt\/#website\"},\"primaryImageOfPage\":{\"@id\":\"https:\/\/kabinam.lt\/product\/playstation-5-pultelio-formos-raktu-pakabukas\/#primaryimage\"},\"image\":{\"@id\":\"https:\/\/kabinam.lt\/product\/playstation-5-pultelio-formos-raktu-pakabukas\/#primaryimage\"},\"thumbnailUrl\":\"https:\/\/kabinam.lt\/wp-content\/uploads\/2024\/07\/PS5-MIX.jpg\",\"datePublished\":\"2024-07-18T08:43:50+00:00\",\"dateModified\":\"2026-01-18T14:09:43+00:00\",\"description\":\"PlayStation 5 pultelio formos pakabukas \u2013 puikus pasirinkimas \u017eaidim\u0173 m\u0117g\u0117jams ir vaikams, ilgaam\u017eis ir kokybi\u0161kas aksesuaras.\",\"breadcrumb\":{\"@id\":\"https:\/\/kabinam.lt\/product\/playstation-5-pultelio-formos-raktu-pakabukas\/#breadcrumb\"},\"inLanguage\":\"en-US\",\"potentialAction\":[{\"@type\":\"ReadAction\",\"target\":[\"https:\/\/kabinam.lt\/product\/playstation-5-pultelio-formos-raktu-pakabukas\/\"]}]},{\"@type\":\"ImageObject\",\"inLanguage\":\"en-US\",\"@id\":\"https:\/\/kabinam.lt\/product\/playstation-5-pultelio-formos-raktu-pakabukas\/#primaryimage\",\"url\":\"https:\/\/kabinam.lt\/wp-content\/uploads\/2024\/07\/PS5-MIX.jpg\",\"contentUrl\":\"https:\/\/kabinam.lt\/wp-content\/uploads\/2024\/07\/PS5-MIX.jpg\",\"width\":800,\"height\":800,\"caption\":\"PlayStation 5 mini \u017eaidim\u0173 pultelio pakabukas\"},{\"@type\":\"BreadcrumbList\",\"@id\":\"https:\/\/kabinam.lt\/product\/playstation-5-pultelio-formos-raktu-pakabukas\/#breadcrumb\",\"itemListElement\":[{\"@type\":\"ListItem\",\"position\":1,\"name\":\"Home\",\"item\":\"https:\/\/kabinam.lt\/\"},{\"@type\":\"ListItem\",\"position\":2,\"name\":\"Visi Produktai\",\"item\":\"https:\/\/kabinam.lt\/visi-produktai\/\"},{\"@type\":\"ListItem\",\"position\":3,\"name\":\"PlayStation 5 pultelio formos rakt\u0173 pakabukai\"}]},{\"@type\":\"WebSite\",\"@id\":\"https:\/\/kabinam.lt\/#website\",\"url\":\"https:\/\/kabinam.lt\/\",\"name\":\"kabinam.lt\",\"description\":\"Kabinam.lt \u2013 raktu pakabukai ir aksesuarai\",\"publisher\":{\"@id\":\"https:\/\/kabinam.lt\/#organization\"},\"alternateName\":\"pakabukai lt\",\"potentialAction\":[{\"@type\":\"SearchAction\",\"target\":{\"@type\":\"EntryPoint\",\"urlTemplate\":\"https:\/\/kabinam.lt\/?s={search_term_string}\"},\"query-input\":{\"@type\":\"PropertyValueSpecification\",\"valueRequired\":true,\"valueName\":\"search_term_string\"}}],\"inLanguage\":\"en-US\"},{\"@type\":\"Organization\",\"@id\":\"https:\/\/kabinam.lt\/#organization\",\"name\":\"kabinam.lt\",\"alternateName\":\"kabinam\",\"url\":\"https:\/\/kabinam.lt\/\",\"logo\":{\"@type\":\"ImageObject\",\"inLanguage\":\"en-US\",\"@id\":\"https:\/\/kabinam.lt\/#\/schema\/logo\/image\/\",\"url\":\"https:\/\/kabinam.lt\/wp-content\/uploads\/2025\/05\/KABINAM_outer_glow.png\",\"contentUrl\":\"https:\/\/kabinam.lt\/wp-content\/uploads\/2025\/05\/KABINAM_outer_glow.png\",\"width\":474,\"height\":141,\"caption\":\"kabinam.lt\"},\"image\":{\"@id\":\"https:\/\/kabinam.lt\/#\/schema\/logo\/image\/\"}}]}<\/script>\n<!-- \/ Yoast SEO plugin. -->","yoast_head_json":{"title":"PlayStation 5 controller shaped keychains - kabinam.lt","description":"PlayStation 5 controller shaped keychain \u2013 a great choice for gaming enthusiasts and children, a durable and high-quality accessory.","robots":{"index":"index","follow":"follow","max-snippet":"max-snippet:-1","max-image-preview":"max-image-preview:large","max-video-preview":"max-video-preview:-1"},"canonical":"https:\/\/kabinam.lt\/eng\/product\/playstation-5-controller-shaped-keychain\/","og_locale":"en_US","og_type":"article","og_title":"PlayStation 5 pultelio formos rakt\u0173 pakabukai - kabinam.lt","og_description":"PlayStation 5 pultelio formos pakabukas \u2013 puikus pasirinkimas \u017eaidim\u0173 m\u0117g\u0117jams ir vaikams, ilgaam\u017eis ir kokybi\u0161kas aksesuaras.","og_url":"https:\/\/kabinam.lt\/eng\/product\/playstation-5-controller-shaped-keychain\/","og_site_name":"kabinam.lt","article_modified_time":"2026-01-18T14:09:43+00:00","og_image":[{"width":800,"height":800,"url":"https:\/\/kabinam.lt\/wp-content\/uploads\/2024\/07\/PS5-MIX.jpg","type":"image\/jpeg"}],"twitter_card":"summary_large_image","twitter_misc":{"Est. reading time":"2 minutes"},"schema":{"@context":"https:\/\/schema.org","@graph":[{"@type":["WebPage","ItemPage"],"@id":"https:\/\/kabinam.lt\/product\/playstation-5-pultelio-formos-raktu-pakabukas\/","url":"https:\/\/kabinam.lt\/product\/playstation-5-pultelio-formos-raktu-pakabukas\/","name":"PlayStation 5 controller shaped keychains - kabinam.lt","isPartOf":{"@id":"https:\/\/kabinam.lt\/#website"},"primaryImageOfPage":{"@id":"https:\/\/kabinam.lt\/product\/playstation-5-pultelio-formos-raktu-pakabukas\/#primaryimage"},"image":{"@id":"https:\/\/kabinam.lt\/product\/playstation-5-pultelio-formos-raktu-pakabukas\/#primaryimage"},"thumbnailUrl":"https:\/\/kabinam.lt\/wp-content\/uploads\/2024\/07\/PS5-MIX.jpg","datePublished":"2024-07-18T08:43:50+00:00","dateModified":"2026-01-18T14:09:43+00:00","description":"PlayStation 5 controller shaped keychain \u2013 a great choice for gaming enthusiasts and children, a durable and high-quality accessory.","breadcrumb":{"@id":"https:\/\/kabinam.lt\/product\/playstation-5-pultelio-formos-raktu-pakabukas\/#breadcrumb"},"inLanguage":"en-US","potentialAction":[{"@type":"ReadAction","target":["https:\/\/kabinam.lt\/product\/playstation-5-pultelio-formos-raktu-pakabukas\/"]}]},{"@type":"ImageObject","inLanguage":"en-US","@id":"https:\/\/kabinam.lt\/product\/playstation-5-pultelio-formos-raktu-pakabukas\/#primaryimage","url":"https:\/\/kabinam.lt\/wp-content\/uploads\/2024\/07\/PS5-MIX.jpg","contentUrl":"https:\/\/kabinam.lt\/wp-content\/uploads\/2024\/07\/PS5-MIX.jpg","width":800,"height":800,"caption":"PlayStation 5 mini \u017eaidim\u0173 pultelio pakabukas"},{"@type":"BreadcrumbList","@id":"https:\/\/kabinam.lt\/product\/playstation-5-pultelio-formos-raktu-pakabukas\/#breadcrumb","itemListElement":[{"@type":"ListItem","position":1,"name":"Home","item":"https:\/\/kabinam.lt\/"},{"@type":"ListItem","position":2,"name":"Visi Produktai","item":"https:\/\/kabinam.lt\/visi-produktai\/"},{"@type":"ListItem","position":3,"name":"PlayStation 5 pultelio formos rakt\u0173 pakabukai"}]},{"@type":"WebSite","@id":"https:\/\/kabinam.lt\/#website","url":"https:\/\/kabinam.lt\/","name":"kabinam.lt","description":"Kabinam.lt - key chains and accessories","publisher":{"@id":"https:\/\/kabinam.lt\/#organization"},"alternateName":"pakabukai lt","potentialAction":[{"@type":"SearchAction","target":{"@type":"EntryPoint","urlTemplate":"https:\/\/kabinam.lt\/?s={search_term_string}"},"query-input":{"@type":"PropertyValueSpecification","valueRequired":true,"valueName":"search_term_string"}}],"inLanguage":"en-US"},{"@type":"Organization","@id":"https:\/\/kabinam.lt\/#organization","name":"kabinam.lt","alternateName":"kabinam","url":"https:\/\/kabinam.lt\/","logo":{"@type":"ImageObject","inLanguage":"en-US","@id":"https:\/\/kabinam.lt\/#\/schema\/logo\/image\/","url":"https:\/\/kabinam.lt\/wp-content\/uploads\/2025\/05\/KABINAM_outer_glow.png","contentUrl":"https:\/\/kabinam.lt\/wp-content\/uploads\/2025\/05\/KABINAM_outer_glow.png","width":474,"height":141,"caption":"kabinam.lt"},"image":{"@id":"https:\/\/kabinam.lt\/#\/schema\/logo\/image\/"}}]}},"uagb_featured_image_src":{"full":["https:\/\/kabinam.lt\/wp-content\/uploads\/2024\/07\/PS5-MIX.jpg",800,800,false],"thumbnail":["https:\/\/kabinam.lt\/wp-content\/uploads\/2024\/07\/PS5-MIX-150x150.jpg",150,150,true],"medium":["https:\/\/kabinam.lt\/wp-content\/uploads\/2024\/07\/PS5-MIX-300x300.jpg",300,300,true],"medium_large":["https:\/\/kabinam.lt\/wp-content\/uploads\/2024\/07\/PS5-MIX-768x768.jpg",768,768,true],"large":["https:\/\/kabinam.lt\/wp-content\/uploads\/2024\/07\/PS5-MIX.jpg",800,800,false],"1536x1536":["https:\/\/kabinam.lt\/wp-content\/uploads\/2024\/07\/PS5-MIX.jpg",800,800,false],"2048x2048":["https:\/\/kabinam.lt\/wp-content\/uploads\/2024\/07\/PS5-MIX.jpg",800,800,false],"trp-custom-language-flag":["https:\/\/kabinam.lt\/wp-content\/uploads\/2024\/07\/PS5-MIX.jpg",12,12,false],"woocommerce_thumbnail":["https:\/\/kabinam.lt\/wp-content\/uploads\/2024\/07\/PS5-MIX-300x300.jpg",300,300,true],"woocommerce_single":["https:\/\/kabinam.lt\/wp-content\/uploads\/2024\/07\/PS5-MIX-600x600.jpg",600,600,true],"woocommerce_gallery_thumbnail":["https:\/\/kabinam.lt\/wp-content\/uploads\/2024\/07\/PS5-MIX-100x100.jpg",100,100,true]},"uagb_author_info":{"display_name":"kabinam.lt","author_link":"https:\/\/kabinam.lt\/eng\/author\/"},"uagb_comment_info":0,"uagb_excerpt":"PlayStation 5 pultelio formos rakt\u0173 pakabukai \u2013 smagus, kokybi\u0161kas aksesuaras raktams, kuprin\u0117ms ar automobiliui.","_links":{"self":[{"href":"https:\/\/kabinam.lt\/eng\/wp-json\/wp\/v2\/product\/2026","targetHints":{"allow":["GET"]}}],"collection":[{"href":"https:\/\/kabinam.lt\/eng\/wp-json\/wp\/v2\/product"}],"about":[{"href":"https:\/\/kabinam.lt\/eng\/wp-json\/wp\/v2\/types\/product"}],"replies":[{"embeddable":true,"href":"https:\/\/kabinam.lt\/eng\/wp-json\/wp\/v2\/comments?post=2026"}],"wp:featuredmedia":[{"embeddable":true,"href":"https:\/\/kabinam.lt\/eng\/wp-json\/wp\/v2\/media\/2027"}],"wp:attachment":[{"href":"https:\/\/kabinam.lt\/eng\/wp-json\/wp\/v2\/media?parent=2026"}],"wp:term":[{"taxonomy":"product_brand","embeddable":true,"href":"https:\/\/kabinam.lt\/eng\/wp-json\/wp\/v2\/product_brand?post=2026"},{"taxonomy":"product_cat","embeddable":true,"href":"https:\/\/kabinam.lt\/eng\/wp-json\/wp\/v2\/product_cat?post=2026"},{"taxonomy":"product_tag","embeddable":true,"href":"https:\/\/kabinam.lt\/eng\/wp-json\/wp\/v2\/product_tag?post=2026"}],"curies":[{"name":"wp","href":"https:\/\/api.w.org\/{rel}","templated":true}]}}