{"id":2022,"date":"2024-07-18T11:19:01","date_gmt":"2024-07-18T08:19:01","guid":{"rendered":"https:\/\/kabinam.lt\/?post_type=product&#038;p=2022"},"modified":"2026-01-18T16:10:52","modified_gmt":"2026-01-18T14:10:52","slug":"key-pendants-from-steel-destroyer","status":"publish","type":"product","link":"https:\/\/kabinam.lt\/eng\/product\/raktu-pakabukai-is-plieno-naikintuvas\/","title":{"rendered":"Steel key rings - fighter"},"content":{"rendered":"<div class=\"kk-star-ratings kksr-auto kksr-align-left kksr-valign-top\"\n    data-payload='{&quot;align&quot;:&quot;left&quot;,&quot;id&quot;:&quot;2022&quot;,&quot;slug&quot;:&quot;default&quot;,&quot;valign&quot;:&quot;top&quot;,&quot;ignore&quot;:&quot;&quot;,&quot;reference&quot;:&quot;auto&quot;,&quot;class&quot;:&quot;&quot;,&quot;count&quot;:&quot;0&quot;,&quot;legendonly&quot;:&quot;&quot;,&quot;readonly&quot;:&quot;&quot;,&quot;score&quot;:&quot;0&quot;,&quot;starsonly&quot;:&quot;&quot;,&quot;best&quot;:&quot;5&quot;,&quot;gap&quot;:&quot;5&quot;,&quot;greet&quot;:&quot;Mums svarbus j\u016bs\u0173 \u012fvertinimas&quot;,&quot;legend&quot;:&quot;0\\\/5 - (0 votes)&quot;,&quot;size&quot;:&quot;24&quot;,&quot;title&quot;:&quot;Rakt\u0173 pakabukai i\u0161 plieno \u2013 naikintuvas&quot;,&quot;width&quot;:&quot;0&quot;,&quot;_legend&quot;:&quot;{score}\\\/{best} - ({count} {votes})&quot;,&quot;font_factor&quot;:&quot;1.25&quot;}'>\n            \n<div class=\"kksr-stars\">\n    \n<div class=\"kksr-stars-inactive\">\n            <div class=\"kksr-star\" data-star=\"1\" style=\"padding-right: 5px\">\n            \n\n<div class=\"kksr-icon\" style=\"width: 24px; height: 24px;\"><\/div>\n        <\/div>\n            <div class=\"kksr-star\" data-star=\"2\" style=\"padding-right: 5px\">\n            \n\n<div class=\"kksr-icon\" style=\"width: 24px; height: 24px;\"><\/div>\n        <\/div>\n            <div class=\"kksr-star\" data-star=\"3\" style=\"padding-right: 5px\">\n            \n\n<div class=\"kksr-icon\" style=\"width: 24px; height: 24px;\"><\/div>\n        <\/div>\n            <div class=\"kksr-star\" data-star=\"4\" style=\"padding-right: 5px\">\n            \n\n<div class=\"kksr-icon\" style=\"width: 24px; height: 24px;\"><\/div>\n        <\/div>\n            <div class=\"kksr-star\" data-star=\"5\" style=\"padding-right: 5px\">\n            \n\n<div class=\"kksr-icon\" style=\"width: 24px; height: 24px;\"><\/div>\n        <\/div>\n    <\/div>\n    \n<div class=\"kksr-stars-active\" style=\"width: 0px;\">\n            <div class=\"kksr-star\" style=\"padding-right: 5px\">\n            \n\n<div class=\"kksr-icon\" style=\"width: 24px; height: 24px;\"><\/div>\n        <\/div>\n            <div class=\"kksr-star\" style=\"padding-right: 5px\">\n            \n\n<div class=\"kksr-icon\" style=\"width: 24px; height: 24px;\"><\/div>\n        <\/div>\n            <div class=\"kksr-star\" style=\"padding-right: 5px\">\n            \n\n<div class=\"kksr-icon\" style=\"width: 24px; height: 24px;\"><\/div>\n        <\/div>\n            <div class=\"kksr-star\" style=\"padding-right: 5px\">\n            \n\n<div class=\"kksr-icon\" style=\"width: 24px; height: 24px;\"><\/div>\n        <\/div>\n            <div class=\"kksr-star\" style=\"padding-right: 5px\">\n            \n\n<div class=\"kksr-icon\" style=\"width: 24px; height: 24px;\"><\/div>\n        <\/div>\n    <\/div>\n<\/div>\n                \n\n<div class=\"kksr-legend\" style=\"font-size: 19.2px;\">\n            <span class=\"kksr-muted\">Your evaluation is important to us<\/span>\n    <\/div>\n    <\/div>\n<h3 class=\"\" data-start=\"263\" data-end=\"327\"><strong data-start=\"267\" data-end=\"327\">Rakt\u0173 pakabukai i\u0161 plieno \u2013 naikintuvo formos aksesuaras<\/strong><\/h3>\n<p class=\"\" data-start=\"329\" data-end=\"632\">Tvirti, stilingi ir i\u0161skirtiniai \u2013 b\u016btent tokie yra <strong data-start=\"381\" data-end=\"410\">rakt\u0173 pakabukai i\u0161 plieno<\/strong>, skirti m\u0117gstantiems aviacij\u0105, technik\u0105 ar tiesiog norintiems tur\u0117ti original\u0173 aksesuar\u0105. \u0160is naikintuvo formos metalinis pakabukas ne tik traukia ak\u012f, bet ir tinka tiek raktams, tiek kuprinei ar automobilio veidrod\u0117liui.<\/p>\n<hr class=\"\" data-start=\"634\" data-end=\"637\" \/>\n<h4 class=\"\" data-start=\"639\" data-end=\"672\"><strong data-start=\"644\" data-end=\"672\">Tvirtas kaip naikintuvas<\/strong><\/h4>\n<p class=\"\" data-start=\"674\" data-end=\"999\">Pagamintas i\u0161 kokybi\u0161ko ner\u016bdijan\u010dio plieno, pakabukas i\u0161siskiria ilgaam\u017ei\u0161kumu. Jis atsparus \u012fbr\u0117\u017eimams, r\u016bdims bei kasdieniam nusid\u0117v\u0117jimui. Tai rei\u0161kia, kad aksesuaras ilgai i\u0161liks toks pat blizgus ir patikimas kaip pirm\u0105j\u0105 dien\u0105. <strong data-start=\"908\" data-end=\"937\">Rakt\u0173 pakabukai i\u0161 plieno<\/strong> ypa\u010d vertinami d\u0117l savo ilgaam\u017ei\u0161kumo ir solid\u017eios i\u0161vaizdos.<\/p>\n<hr class=\"\" data-start=\"1001\" data-end=\"1004\" \/>\n<h4 class=\"\" data-start=\"1006\" data-end=\"1043\"><strong data-start=\"1011\" data-end=\"1043\">Dizainas, \u012fkv\u0117ptas aviacijos<\/strong><\/h4>\n<p class=\"\" data-start=\"1045\" data-end=\"1288\">Pakabuko forma atkartoja naikintuv\u0105 \u2013 dinami\u0161k\u0105, kampuot\u0105 ir grie\u017et\u0105. Jis puikiai tinka tiems, kurie \u017eavisi karo aviacija, l\u0117ktuvais ar technin\u0117mis detal\u0117mis. Tai daugiau nei tiesiog rakt\u0173 laikiklis \u2013 tai parei\u0161kimas apie pom\u0117gius ir asmenyb\u0119.<\/p>\n<hr class=\"\" data-start=\"1290\" data-end=\"1293\" \/>\n<h4 class=\"\" data-start=\"1295\" data-end=\"1326\"><strong data-start=\"1300\" data-end=\"1326\">Universalus naudojimas<\/strong><\/h4>\n<p class=\"\" data-start=\"1328\" data-end=\"1613\">\u0160\u012f aksesuar\u0105 lengva pritaikyti \u012fvairioms situacijoms. Jis gali b\u016bti rakt\u0173 pakabukas, kuprin\u0117s ar sportinio krep\u0161io papuo\u0161imas, netgi simbolin\u0117 dovana draugui, besidomin\u010diam l\u0117ktuvais. Minimalistinis dizainas puikiai dera tiek prie laisvalaikio stiliaus, tiek prie formalesn\u0117s aplinkos.<\/p>\n<hr class=\"\" data-start=\"1615\" data-end=\"1618\" \/>\n<h4 class=\"\" data-start=\"1620\" data-end=\"1653\"><strong data-start=\"1625\" data-end=\"1653\">Dovana technikos m\u0117g\u0117jui<\/strong><\/h4>\n<p class=\"\" data-start=\"1655\" data-end=\"1877\">Jeigu ie\u0161kai dovanos aviacijos gerb\u0117jui \u2013 \u0161is pakabukas puikus pasirinkimas. Jo forma kalba pati u\u017e save, o tvirtumas simbolizuoja patikimum\u0105 ir i\u0161tverm\u0119. Taip pat \u0161is aksesuaras puikiai tinka kaip smulki dovana be progos.<\/p>\n<p class=\"\" data-start=\"1879\" data-end=\"2037\">See more <a class=\"cursor-pointer\" target=\"_new\" rel=\"noopener\" data-start=\"1900\" data-end=\"1978\">in the metal pendant collection<\/a>, where you'll find both strict shapes and softer designs.<\/p>\n<hr class=\"\" data-start=\"2039\" data-end=\"2042\" \/>\n<h4 class=\"\" data-start=\"2044\" data-end=\"2085\"><strong data-start=\"2049\" data-end=\"2085\">Why choose this pendant?<\/strong><\/h4>\n<ul data-start=\"2087\" data-end=\"2263\">\n<li class=\"\" data-start=\"2087\" data-end=\"2119\">\n<p class=\"\" data-start=\"2089\" data-end=\"2119\">Stainless steel body<\/p>\n<\/li>\n<li class=\"\" data-start=\"2120\" data-end=\"2148\">\n<p class=\"\" data-start=\"2122\" data-end=\"2148\">Unique fighter jet shape<\/p>\n<\/li>\n<li class=\"\" data-start=\"2149\" data-end=\"2185\">\n<p class=\"\" data-start=\"2151\" data-end=\"2185\">Suitable for both men and women<\/p>\n<\/li>\n<li class=\"\" data-start=\"2186\" data-end=\"2226\">\n<p class=\"\" data-start=\"2188\" data-end=\"2226\">Durable and resistant to damage<\/p>\n<\/li>\n<li class=\"\" data-start=\"2227\" data-end=\"2263\">\n<p class=\"\" data-start=\"2229\" data-end=\"2263\">Great accessory or gift idea<\/p>\n<\/li>\n<\/ul>\n<hr class=\"\" data-start=\"2265\" data-end=\"2268\" \/>\n<p class=\"\" data-start=\"2270\" data-end=\"2448\"><strong data-start=\"2270\" data-end=\"2289\">External link<\/strong><br data-start=\"2289\" data-end=\"2292\" \/>Looking for more gifts for aviation enthusiasts? Visit <a class=\"\" href=\"https:\/\/www.flightstore.co.uk\/\" target=\"_new\" rel=\"noopener\" data-start=\"2353\" data-end=\"2404\">flightstore.co.uk<\/a> \u2013 here you'll find themed products for aircraft fans.<\/p>\n<p class=\"\" data-start=\"2450\" data-end=\"2597\">We also invite you to review our <a class=\"\" href=\"https:\/\/kabinam.lt\/eng\/all-products\/\" target=\"_new\" rel=\"noopener\" data-start=\"2485\" data-end=\"2538\">all products<\/a>, that we carefully selected for their uniqueness and quality.<\/p>","protected":false},"excerpt":{"rendered":"<p>Metalinis naikintuvo formos pakabukas \u2013 i\u0161skirtinis aksesuaras aviacijos m\u0117g\u0117jams.<\/p>","protected":false},"featured_media":2023,"comment_status":"closed","ping_status":"closed","template":"","meta":{"_uag_custom_page_level_css":"","site-sidebar-layout":"default","site-content-layout":"","ast-site-content-layout":"default","site-content-style":"default","site-sidebar-style":"default","ast-global-header-display":"","ast-banner-title-visibility":"","ast-main-header-display":"","ast-hfb-above-header-display":"","ast-hfb-below-header-display":"","ast-hfb-mobile-header-display":"","site-post-title":"","ast-breadcrumbs-content":"","ast-featured-img":"","footer-sml-layout":"","ast-disable-related-posts":"","theme-transparent-header-meta":"default","adv-header-id-meta":"","stick-header-meta":"","header-above-stick-meta":"","header-main-stick-meta":"","header-below-stick-meta":"","astra-migrate-meta-layouts":"set","ast-page-background-enabled":"default","ast-page-background-meta":{"desktop":{"background-color":"var(--ast-global-color-4)","background-image":"","background-repeat":"repeat","background-position":"center center","background-size":"auto","background-attachment":"scroll","background-type":"","background-media":"","overlay-type":"","overlay-color":"","overlay-opacity":"","overlay-gradient":""},"tablet":{"background-color":"","background-image":"","background-repeat":"repeat","background-position":"center center","background-size":"auto","background-attachment":"scroll","background-type":"","background-media":"","overlay-type":"","overlay-color":"","overlay-opacity":"","overlay-gradient":""},"mobile":{"background-color":"","background-image":"","background-repeat":"repeat","background-position":"center center","background-size":"auto","background-attachment":"scroll","background-type":"","background-media":"","overlay-type":"","overlay-color":"","overlay-opacity":"","overlay-gradient":""}},"ast-content-background-meta":{"desktop":{"background-color":"var(--ast-global-color-5)","background-image":"","background-repeat":"repeat","background-position":"center center","background-size":"auto","background-attachment":"scroll","background-type":"","background-media":"","overlay-type":"","overlay-color":"","overlay-opacity":"","overlay-gradient":""},"tablet":{"background-color":"var(--ast-global-color-5)","background-image":"","background-repeat":"repeat","background-position":"center center","background-size":"auto","background-attachment":"scroll","background-type":"","background-media":"","overlay-type":"","overlay-color":"","overlay-opacity":"","overlay-gradient":""},"mobile":{"background-color":"var(--ast-global-color-5)","background-image":"","background-repeat":"repeat","background-position":"center center","background-size":"auto","background-attachment":"scroll","background-type":"","background-media":"","overlay-type":"","overlay-color":"","overlay-opacity":"","overlay-gradient":""}}},"product_brand":[],"product_cat":[126,116,95,118],"product_tag":[],"class_list":{"0":"post-2022","1":"product","2":"type-product","3":"status-publish","4":"has-post-thumbnail","6":"product_cat-visi","7":"product_cat-metaliniai-raktu-pakabukai","8":"product_cat-unikalus-raktu-pakabukai","9":"product_cat-dovana-teciui","10":"desktop-align-center","11":"tablet-align-left","12":"mobile-align-left","14":"first","15":"instock","16":"shipping-taxable","17":"purchasable","18":"product-type-simple"},"yoast_head":"<!-- This site is optimized with the Yoast SEO plugin v27.1.1 - https:\/\/yoast.com\/product\/yoast-seo-wordpress\/ -->\n<title>Rakt\u0173 pakabukai i\u0161 plieno \u2013 naikintuvas - kabinam.lt<\/title>\n<meta name=\"description\" content=\"I\u0161skirtiniai rakt\u0173 pakabukai i\u0161 plieno naikintuvo formos \u2013 tvirti, stilingi ir puikiai tinkantys aviacijos fanams ir ne tik.\" \/>\n<meta name=\"robots\" content=\"index, follow, max-snippet:-1, max-image-preview:large, max-video-preview:-1\" \/>\n<link rel=\"canonical\" href=\"https:\/\/kabinam.lt\/eng\/product\/key-pendants-from-steel-destroyer\/\" \/>\n<meta property=\"og:locale\" content=\"en_US\" \/>\n<meta property=\"og:type\" content=\"article\" \/>\n<meta property=\"og:title\" content=\"Rakt\u0173 pakabukai i\u0161 plieno \u2013 naikintuvas - kabinam.lt\" \/>\n<meta property=\"og:description\" content=\"I\u0161skirtiniai rakt\u0173 pakabukai i\u0161 plieno naikintuvo formos \u2013 tvirti, stilingi ir puikiai tinkantys aviacijos fanams ir ne tik.\" \/>\n<meta property=\"og:url\" content=\"https:\/\/kabinam.lt\/eng\/product\/key-pendants-from-steel-destroyer\/\" \/>\n<meta property=\"og:site_name\" content=\"kabinam.lt\" \/>\n<meta property=\"article:modified_time\" content=\"2026-01-18T14:10:52+00:00\" \/>\n<meta property=\"og:image\" content=\"https:\/\/kabinam.lt\/wp-content\/uploads\/2024\/07\/Oro-Pajegu-Naikintuvas.jpg\" \/>\n\t<meta property=\"og:image:width\" content=\"800\" \/>\n\t<meta property=\"og:image:height\" content=\"800\" \/>\n\t<meta property=\"og:image:type\" content=\"image\/jpeg\" \/>\n<meta name=\"twitter:card\" content=\"summary_large_image\" \/>\n<meta name=\"twitter:label1\" content=\"Est. reading time\" \/>\n\t<meta name=\"twitter:data1\" content=\"2 minutes\" \/>\n<script type=\"application\/ld+json\" class=\"yoast-schema-graph\">{\"@context\":\"https:\/\/schema.org\",\"@graph\":[{\"@type\":[\"WebPage\",\"ItemPage\"],\"@id\":\"https:\/\/kabinam.lt\/lv\/produkts\/atslegu-gredzeni-terauda-cinitajs\/\",\"url\":\"https:\/\/kabinam.lt\/lv\/produkts\/atslegu-gredzeni-terauda-cinitajs\/\",\"name\":\"Rakt\u0173 pakabukai i\u0161 plieno \u2013 naikintuvas - kabinam.lt\",\"isPartOf\":{\"@id\":\"https:\/\/kabinam.lt\/#website\"},\"primaryImageOfPage\":{\"@id\":\"https:\/\/kabinam.lt\/lv\/produkts\/atslegu-gredzeni-terauda-cinitajs\/#primaryimage\"},\"image\":{\"@id\":\"https:\/\/kabinam.lt\/lv\/produkts\/atslegu-gredzeni-terauda-cinitajs\/#primaryimage\"},\"thumbnailUrl\":\"https:\/\/kabinam.lt\/wp-content\/uploads\/2024\/07\/Oro-Pajegu-Naikintuvas.jpg\",\"datePublished\":\"2024-07-18T08:19:01+00:00\",\"dateModified\":\"2026-01-18T14:10:52+00:00\",\"description\":\"I\u0161skirtiniai rakt\u0173 pakabukai i\u0161 plieno naikintuvo formos \u2013 tvirti, stilingi ir puikiai tinkantys aviacijos fanams ir ne tik.\",\"breadcrumb\":{\"@id\":\"https:\/\/kabinam.lt\/lv\/produkts\/atslegu-gredzeni-terauda-cinitajs\/#breadcrumb\"},\"inLanguage\":\"en-US\",\"potentialAction\":[{\"@type\":\"ReadAction\",\"target\":[\"https:\/\/kabinam.lt\/lv\/produkts\/atslegu-gredzeni-terauda-cinitajs\/\"]}]},{\"@type\":\"ImageObject\",\"inLanguage\":\"en-US\",\"@id\":\"https:\/\/kabinam.lt\/lv\/produkts\/atslegu-gredzeni-terauda-cinitajs\/#primaryimage\",\"url\":\"https:\/\/kabinam.lt\/wp-content\/uploads\/2024\/07\/Oro-Pajegu-Naikintuvas.jpg\",\"contentUrl\":\"https:\/\/kabinam.lt\/wp-content\/uploads\/2024\/07\/Oro-Pajegu-Naikintuvas.jpg\",\"width\":800,\"height\":800,\"caption\":\"Metalinis naikintuvo formos rakt\u0173 pakabukas\"},{\"@type\":\"BreadcrumbList\",\"@id\":\"https:\/\/kabinam.lt\/lv\/produkts\/atslegu-gredzeni-terauda-cinitajs\/#breadcrumb\",\"itemListElement\":[{\"@type\":\"ListItem\",\"position\":1,\"name\":\"Home\",\"item\":\"https:\/\/kabinam.lt\/\"},{\"@type\":\"ListItem\",\"position\":2,\"name\":\"Visi Produktai\",\"item\":\"https:\/\/kabinam.lt\/visi-produktai\/\"},{\"@type\":\"ListItem\",\"position\":3,\"name\":\"Rakt\u0173 pakabukai i\u0161 plieno \u2013 naikintuvas\"}]},{\"@type\":\"WebSite\",\"@id\":\"https:\/\/kabinam.lt\/#website\",\"url\":\"https:\/\/kabinam.lt\/\",\"name\":\"kabinam.lt\",\"description\":\"Kabinam.lt \u2013 raktu pakabukai ir aksesuarai\",\"publisher\":{\"@id\":\"https:\/\/kabinam.lt\/#organization\"},\"alternateName\":\"pakabukai lt\",\"potentialAction\":[{\"@type\":\"SearchAction\",\"target\":{\"@type\":\"EntryPoint\",\"urlTemplate\":\"https:\/\/kabinam.lt\/?s={search_term_string}\"},\"query-input\":{\"@type\":\"PropertyValueSpecification\",\"valueRequired\":true,\"valueName\":\"search_term_string\"}}],\"inLanguage\":\"en-US\"},{\"@type\":\"Organization\",\"@id\":\"https:\/\/kabinam.lt\/#organization\",\"name\":\"kabinam.lt\",\"alternateName\":\"kabinam\",\"url\":\"https:\/\/kabinam.lt\/\",\"logo\":{\"@type\":\"ImageObject\",\"inLanguage\":\"en-US\",\"@id\":\"https:\/\/kabinam.lt\/#\/schema\/logo\/image\/\",\"url\":\"https:\/\/kabinam.lt\/wp-content\/uploads\/2025\/05\/KABINAM_outer_glow.png\",\"contentUrl\":\"https:\/\/kabinam.lt\/wp-content\/uploads\/2025\/05\/KABINAM_outer_glow.png\",\"width\":474,\"height\":141,\"caption\":\"kabinam.lt\"},\"image\":{\"@id\":\"https:\/\/kabinam.lt\/#\/schema\/logo\/image\/\"}}]}<\/script>\n<!-- \/ Yoast SEO plugin. -->","yoast_head_json":{"title":"Key pendants from steel - destroyer - kabinam.lt","description":"Unique steel keychains in the shape of a fighter jet \u2013 durable, stylish and perfectly suitable for aviation fans and not only.","robots":{"index":"index","follow":"follow","max-snippet":"max-snippet:-1","max-image-preview":"max-image-preview:large","max-video-preview":"max-video-preview:-1"},"canonical":"https:\/\/kabinam.lt\/eng\/product\/key-pendants-from-steel-destroyer\/","og_locale":"en_US","og_type":"article","og_title":"Rakt\u0173 pakabukai i\u0161 plieno \u2013 naikintuvas - kabinam.lt","og_description":"I\u0161skirtiniai rakt\u0173 pakabukai i\u0161 plieno naikintuvo formos \u2013 tvirti, stilingi ir puikiai tinkantys aviacijos fanams ir ne tik.","og_url":"https:\/\/kabinam.lt\/eng\/product\/key-pendants-from-steel-destroyer\/","og_site_name":"kabinam.lt","article_modified_time":"2026-01-18T14:10:52+00:00","og_image":[{"width":800,"height":800,"url":"https:\/\/kabinam.lt\/wp-content\/uploads\/2024\/07\/Oro-Pajegu-Naikintuvas.jpg","type":"image\/jpeg"}],"twitter_card":"summary_large_image","twitter_misc":{"Est. reading time":"2 minutes"},"schema":{"@context":"https:\/\/schema.org","@graph":[{"@type":["WebPage","ItemPage"],"@id":"https:\/\/kabinam.lt\/lv\/produkts\/atslegu-gredzeni-terauda-cinitajs\/","url":"https:\/\/kabinam.lt\/lv\/produkts\/atslegu-gredzeni-terauda-cinitajs\/","name":"Key pendants from steel - destroyer - kabinam.lt","isPartOf":{"@id":"https:\/\/kabinam.lt\/#website"},"primaryImageOfPage":{"@id":"https:\/\/kabinam.lt\/lv\/produkts\/atslegu-gredzeni-terauda-cinitajs\/#primaryimage"},"image":{"@id":"https:\/\/kabinam.lt\/lv\/produkts\/atslegu-gredzeni-terauda-cinitajs\/#primaryimage"},"thumbnailUrl":"https:\/\/kabinam.lt\/wp-content\/uploads\/2024\/07\/Oro-Pajegu-Naikintuvas.jpg","datePublished":"2024-07-18T08:19:01+00:00","dateModified":"2026-01-18T14:10:52+00:00","description":"Unique steel keychains in the shape of a fighter jet \u2013 durable, stylish and perfectly suitable for aviation fans and not only.","breadcrumb":{"@id":"https:\/\/kabinam.lt\/lv\/produkts\/atslegu-gredzeni-terauda-cinitajs\/#breadcrumb"},"inLanguage":"en-US","potentialAction":[{"@type":"ReadAction","target":["https:\/\/kabinam.lt\/lv\/produkts\/atslegu-gredzeni-terauda-cinitajs\/"]}]},{"@type":"ImageObject","inLanguage":"en-US","@id":"https:\/\/kabinam.lt\/lv\/produkts\/atslegu-gredzeni-terauda-cinitajs\/#primaryimage","url":"https:\/\/kabinam.lt\/wp-content\/uploads\/2024\/07\/Oro-Pajegu-Naikintuvas.jpg","contentUrl":"https:\/\/kabinam.lt\/wp-content\/uploads\/2024\/07\/Oro-Pajegu-Naikintuvas.jpg","width":800,"height":800,"caption":"Metalinis naikintuvo formos rakt\u0173 pakabukas"},{"@type":"BreadcrumbList","@id":"https:\/\/kabinam.lt\/lv\/produkts\/atslegu-gredzeni-terauda-cinitajs\/#breadcrumb","itemListElement":[{"@type":"ListItem","position":1,"name":"Home","item":"https:\/\/kabinam.lt\/"},{"@type":"ListItem","position":2,"name":"Visi Produktai","item":"https:\/\/kabinam.lt\/visi-produktai\/"},{"@type":"ListItem","position":3,"name":"Rakt\u0173 pakabukai i\u0161 plieno \u2013 naikintuvas"}]},{"@type":"WebSite","@id":"https:\/\/kabinam.lt\/#website","url":"https:\/\/kabinam.lt\/","name":"kabinam.lt","description":"Kabinam.lt - key chains and accessories","publisher":{"@id":"https:\/\/kabinam.lt\/#organization"},"alternateName":"pakabukai lt","potentialAction":[{"@type":"SearchAction","target":{"@type":"EntryPoint","urlTemplate":"https:\/\/kabinam.lt\/?s={search_term_string}"},"query-input":{"@type":"PropertyValueSpecification","valueRequired":true,"valueName":"search_term_string"}}],"inLanguage":"en-US"},{"@type":"Organization","@id":"https:\/\/kabinam.lt\/#organization","name":"kabinam.lt","alternateName":"kabinam","url":"https:\/\/kabinam.lt\/","logo":{"@type":"ImageObject","inLanguage":"en-US","@id":"https:\/\/kabinam.lt\/#\/schema\/logo\/image\/","url":"https:\/\/kabinam.lt\/wp-content\/uploads\/2025\/05\/KABINAM_outer_glow.png","contentUrl":"https:\/\/kabinam.lt\/wp-content\/uploads\/2025\/05\/KABINAM_outer_glow.png","width":474,"height":141,"caption":"kabinam.lt"},"image":{"@id":"https:\/\/kabinam.lt\/#\/schema\/logo\/image\/"}}]}},"uagb_featured_image_src":{"full":["https:\/\/kabinam.lt\/wp-content\/uploads\/2024\/07\/Oro-Pajegu-Naikintuvas.jpg",800,800,false],"thumbnail":["https:\/\/kabinam.lt\/wp-content\/uploads\/2024\/07\/Oro-Pajegu-Naikintuvas-150x150.jpg",150,150,true],"medium":["https:\/\/kabinam.lt\/wp-content\/uploads\/2024\/07\/Oro-Pajegu-Naikintuvas-300x300.jpg",300,300,true],"medium_large":["https:\/\/kabinam.lt\/wp-content\/uploads\/2024\/07\/Oro-Pajegu-Naikintuvas-768x768.jpg",768,768,true],"large":["https:\/\/kabinam.lt\/wp-content\/uploads\/2024\/07\/Oro-Pajegu-Naikintuvas.jpg",800,800,false],"1536x1536":["https:\/\/kabinam.lt\/wp-content\/uploads\/2024\/07\/Oro-Pajegu-Naikintuvas.jpg",800,800,false],"2048x2048":["https:\/\/kabinam.lt\/wp-content\/uploads\/2024\/07\/Oro-Pajegu-Naikintuvas.jpg",800,800,false],"trp-custom-language-flag":["https:\/\/kabinam.lt\/wp-content\/uploads\/2024\/07\/Oro-Pajegu-Naikintuvas.jpg",12,12,false],"woocommerce_thumbnail":["https:\/\/kabinam.lt\/wp-content\/uploads\/2024\/07\/Oro-Pajegu-Naikintuvas-300x300.jpg",300,300,true],"woocommerce_single":["https:\/\/kabinam.lt\/wp-content\/uploads\/2024\/07\/Oro-Pajegu-Naikintuvas-600x600.jpg",600,600,true],"woocommerce_gallery_thumbnail":["https:\/\/kabinam.lt\/wp-content\/uploads\/2024\/07\/Oro-Pajegu-Naikintuvas-100x100.jpg",100,100,true]},"uagb_author_info":{"display_name":"kabinam.lt","author_link":"https:\/\/kabinam.lt\/eng\/author\/"},"uagb_comment_info":0,"uagb_excerpt":"Metalinis naikintuvo formos pakabukas \u2013 i\u0161skirtinis aksesuaras aviacijos m\u0117g\u0117jams.","_links":{"self":[{"href":"https:\/\/kabinam.lt\/eng\/wp-json\/wp\/v2\/product\/2022","targetHints":{"allow":["GET"]}}],"collection":[{"href":"https:\/\/kabinam.lt\/eng\/wp-json\/wp\/v2\/product"}],"about":[{"href":"https:\/\/kabinam.lt\/eng\/wp-json\/wp\/v2\/types\/product"}],"replies":[{"embeddable":true,"href":"https:\/\/kabinam.lt\/eng\/wp-json\/wp\/v2\/comments?post=2022"}],"wp:featuredmedia":[{"embeddable":true,"href":"https:\/\/kabinam.lt\/eng\/wp-json\/wp\/v2\/media\/2023"}],"wp:attachment":[{"href":"https:\/\/kabinam.lt\/eng\/wp-json\/wp\/v2\/media?parent=2022"}],"wp:term":[{"taxonomy":"product_brand","embeddable":true,"href":"https:\/\/kabinam.lt\/eng\/wp-json\/wp\/v2\/product_brand?post=2022"},{"taxonomy":"product_cat","embeddable":true,"href":"https:\/\/kabinam.lt\/eng\/wp-json\/wp\/v2\/product_cat?post=2022"},{"taxonomy":"product_tag","embeddable":true,"href":"https:\/\/kabinam.lt\/eng\/wp-json\/wp\/v2\/product_tag?post=2022"}],"curies":[{"name":"wp","href":"https:\/\/api.w.org\/{rel}","templated":true}]}}